{"id":7595,"date":"2023-07-05T07:26:06","date_gmt":"2023-07-05T11:26:06","guid":{"rendered":"https:\/\/www.smpengineeredsolutions.com\/?page_id=7595"},"modified":"2024-12-05T11:25:37","modified_gmt":"2024-12-05T16:25:37","slug":"sensores-de-particulas","status":"publish","type":"page","link":"https:\/\/www.smpengineeredsolutions.com\/es\/sensores-de-particulas\/","title":{"rendered":"Sensores de part\u00edculas"},"content":{"rendered":"<p>Las part\u00edculas (PM) son uno de los contaminantes m\u00e1s peligrosos para el cuerpo humano. Estas part\u00edculas diminutas, normalmente de menos de 10 micras, pueden ser inhaladas por los pulmones y causar graves problemas respiratorios. Por ello, detectar y controlar estas part\u00edculas en los sistemas de emisi\u00f3n es muy importante.<\/p>\n<p>Un sensor de part\u00edculas de alta calidad puede ayudar a controlar la concentraci\u00f3n de holl\u00edn en los sistemas de escape, informando de la necesidad de tomar medidas y garantizando el cumplimiento de la normativa. En SMP Engineered Solutions dise\u00f1amos sensores de part\u00edculas de alto rendimiento para una amplia gama de aplicaciones.<\/p>\n<h2>Explicaci\u00f3n de los sensores de part\u00edculas<\/h2>\n<p>Cuando los hidrocarburos no se queman completamente, liberan holl\u00edn y part\u00edculas de carbono impuro, que pueden ser un peligro para la salud. Estas part\u00edculas pueden inhalarse f\u00e1cilmente y penetrar en los pulmones, causando problemas respiratorios. Los sensores de part\u00edculas son dispositivos utilizados para detectar y medir la cantidad de estas part\u00edculas.<\/p>\n<p>Los motores di\u00e9sel utilizan filtros de part\u00edculas di\u00e9sel (DPF) para capturar las part\u00edculas de carbono impuro, evitando su liberaci\u00f3n al medio ambiente. Los sensores de part\u00edculas ayudan a estimar la cantidad de holl\u00edn acumulado en un DPF para dise\u00f1ar las estrategias adecuadas de regeneraci\u00f3n del filtro, como la frecuencia y el momento de la regeneraci\u00f3n. La sobreestimaci\u00f3n de la masa de holl\u00edn puede conducir a una regeneraci\u00f3n excesiva, lo que provoca un desperdicio de combustible y acelera el desgaste del sistema, mientras que la subestimaci\u00f3n de la acumulaci\u00f3n de holl\u00edn puede provocar un calentamiento excesivo, envejecimiento prematuro, deterioro del DPF o un fallo total.<\/p>\n<p>Los sensores de part\u00edculas tambi\u00e9n detectan el fallo del DPF, que puede deberse a un exceso de emisiones de part\u00edculas y activar una se\u00f1al de fallo del OBD. La normativa OBD exige m\u00e1s medidas de diagn\u00f3stico del sistema de emisiones, por ejemplo, la comprobaci\u00f3n de las emisiones de PM del port\u00f3n trasero y la eficiencia de filtraci\u00f3n del DPF.<\/p>\n<h3>Tipos de sensores de holl\u00edn<\/h3>\n<p>A medida que aumente la preocupaci\u00f3n por la calidad del aire, los sensores de part\u00edculas se convertir\u00e1n en una herramienta a\u00fan m\u00e1s importante para reducir la contaminaci\u00f3n atmosf\u00e9rica. Los sensores de holl\u00edn se dividen en cuatro categor\u00edas seg\u00fan la tecnolog\u00eda de detecci\u00f3n que utilicen. \u00c9stas son:<\/p>\n<ul>\n<li><strong>Presi\u00f3n diferencial (delta P)<\/strong>: Estos sensores estiman la carga de holl\u00edn del DPF en funci\u00f3n del aumento de la ca\u00edda de presi\u00f3n en el filtro.<\/li>\n<li><strong>Radiofrecuencia (RF)<\/strong>: Estos sensores calculan la carga del DPF en funci\u00f3n de c\u00f3mo el holl\u00edn acumulado absorbe una se\u00f1al de microondas.<\/li>\n<li><strong>Electrodo de acumulaci\u00f3n<\/strong>: Estos tipos de sensores miden el cambio de resistencia el\u00e9ctrica de un electrodo en funci\u00f3n de la deposici\u00f3n de holl\u00edn sensible al tiempo.<\/li>\n<li><strong>Carga el\u00e9ctrica<\/strong>: Los sensores de carga el\u00e9ctrica utilizan t\u00e9cnicas de carga de part\u00edculas para determinar las concentraciones de part\u00edculas en los gases de escape en tiempo real.<\/li>\n<\/ul>\n<h3>Ventajas de los sensores de part\u00edculas<\/h3>\n<p>Los sensores de part\u00edculas ofrecen muchas ventajas, entre ellas:<\/p>\n<ul>\n<li><strong>Portabilidad<\/strong>: Gracias a su tama\u00f1o compacto y a su portabilidad, los sensores de part\u00edculas pueden utilizarse en muchos entornos.<\/li>\n<li><strong>Precisi\u00f3n<\/strong>: Los usuarios pueden confiar en los datos coherentes y precisos que ofrecen los sensores de part\u00edculas, lo que les ayuda a tomar decisiones informadas en relaci\u00f3n con el medio ambiente y la salud p\u00fablica.<\/li>\n<li><strong>Vigilancia en tiempo real<\/strong>: El seguimiento en tiempo real de la calidad del aire que realizan los sensores ofrece informaci\u00f3n crucial y oportuna a investigadores, responsables pol\u00edticos y ciudadanos. Se pueden instalar y utilizar varios sensores a la vez, lo que permite a los usuarios elegir cu\u00e1ndo, d\u00f3nde y c\u00f3mo controlar la contaminaci\u00f3n atmosf\u00e9rica.<\/li>\n<li><strong>Rentables<\/strong>: Los sensores de part\u00edculas son inversiones relativamente baratas, lo que los hace accesibles a m\u00e1s personas y organizaciones.<\/li>\n<li><strong>F\u00e1cil de usar<\/strong>: Los sensores de part\u00edculas no requieren conocimientos especializados ni una formaci\u00f3n exhaustiva para su manejo.<\/li>\n<li><strong>Intervenci\u00f3n<\/strong>: Las autoridades pueden utilizar sensores de holl\u00edn para determinar las fuentes de contaminaci\u00f3n y adoptar r\u00e1pidamente medidas correctoras para mejorar la calidad del aire.<\/li>\n<li><strong>Beneficios para la salud<\/strong>: Las personas pueden utilizar los datos de los sensores de holl\u00edn para saber cu\u00e1ndo deben evitar determinados entornos al aire libre o tomar precauciones como llevar una mascarilla.<\/li>\n<\/ul>\n<h3>Aplicaciones de los sensores de part\u00edculas<\/h3>\n<p>SMP Engineered Solutions est\u00e1 especializada en soluciones personalizadas para veh\u00edculos de carretera y todoterreno. Nuestros principales sectores de veh\u00edculos de carretera incluyen los veh\u00edculos comerciales y de pasajeros, y los principales sectores de veh\u00edculos todoterreno incluyen los deportes de motor, los equipos de potencia para exteriores, la agricultura y la construcci\u00f3n, y la hidr\u00e1ulica y la industria.<\/p>\n<p>Para estos sectores, SMP Engineered Solutions suministra sensores de part\u00edculas para diversas aplicaciones:<\/p>\n<ul>\n<li><strong>Supervisar y controlar las emisiones<\/strong>: Los sensores de holl\u00edn pueden proporcionar datos sobre las emisiones de los veh\u00edculos fuera de carretera, como los equipos agr\u00edcolas y de construcci\u00f3n. Estos datos pueden ayudar a seguir y controlar las emisiones, garantizando el cumplimiento de la normativa medioambiental.<\/li>\n<li><strong>Mejorar el rendimiento del motor<\/strong>: Los sensores de holl\u00edn pueden determinar la cantidad de carbono impuro en los gases de escape de los veh\u00edculos de carretera y todoterreno. La informaci\u00f3n puede ayudar a reducir el consumo de combustible y optimizar el rendimiento del motor.<\/li>\n<li><strong>Mantenimiento y diagn\u00f3stico<\/strong>: Los sensores de part\u00edculas pueden ayudar a detectar un mal funcionamiento del motor o un filtro de aire obstruido, lo que permite a los t\u00e9cnicos de mantenimiento y diagn\u00f3stico realizar reparaciones a tiempo y evitar aver\u00edas completas.<\/li>\n<li><strong>Seguridad<\/strong>: Los sensores de holl\u00edn pueden ayudar a detectar la presencia de part\u00edculas de carbono impuro y notificar al operador para que tome las medidas necesarias, mejorando la seguridad de los veh\u00edculos dentro y fuera de carretera.<\/li>\n<\/ul>\n<h3>Elija SMP Engineered Solutions para sus necesidades de sensores de materia particulada<\/h3>\n<p>Los sensores de part\u00edculas son cruciales para mejorar la calidad del aire y, teniendo en cuenta la creciente preocupaci\u00f3n por la calidad del aire, su uso no har\u00e1 m\u00e1s que aumentar. La supervisi\u00f3n del nivel de holl\u00edn en los sistemas de emisiones permite saber c\u00f3mo planificar la regeneraci\u00f3n de los filtros y, al mismo tiempo, garantizar el cumplimiento de las normas sobre emisiones.<\/p>\n<p>SMP Engineered Solutions es uno de los principales fabricantes de sensores de part\u00edculas duraderos y de alta calidad. P\u00f3ngase en<a href=\"https:\/\/www.smpengineeredsolutions.com\/es\/contactenos\/\"> contacto<\/a> con nosotros hoy mismo para hablar de sus necesidades de sensores de part\u00edculas.<\/p>\n","protected":false},"excerpt":{"rendered":"<p>Las part\u00edculas (PM) son uno de los contaminantes m\u00e1s peligrosos para el cuerpo humano. Estas part\u00edculas diminutas, normalmente de menos de 10 micras, pueden ser inhaladas por los pulmones y causar graves problemas respiratorios. Por ello, detectar y controlar estas part\u00edculas en los sistemas de emisi\u00f3n es muy importante. Un sensor de part\u00edculas de alta&#8230; [&#8230;]<\/p>\n<p><a class=\"btn btn-secondary understrap-read-more-link\" href=\"https:\/\/www.smpengineeredsolutions.com\/es\/sensores-de-particulas\/\">Leer m\u00e1s&#8230;<\/a><\/p>\n","protected":false},"author":32,"featured_media":0,"parent":0,"menu_order":0,"comment_status":"closed","ping_status":"closed","template":"","meta":{"_acf_changed":false,"inline_featured_image":false,"footnotes":""},"class_list":["post-7595","page","type-page","status-publish","hentry"],"featured_image_src":null,"acf":[],"yoast_head":"<!-- This site is optimized with the Yoast SEO Premium plugin v27.2 (Yoast SEO v27.2) - https:\/\/yoast.com\/product\/yoast-seo-premium-wordpress\/ -->\n<title>Sensores de part\u00edculas | Standard Motor Products, Inc.<\/title>\n<meta name=\"description\" content=\"Descubra la importancia de los sensores de part\u00edculas, incluidas sus ventajas y aplicaciones para diversos sectores de veh\u00edculos de carretera y todoterreno.\" \/>\n<meta name=\"robots\" content=\"index, follow, max-snippet:-1, max-image-preview:large, max-video-preview:-1\" \/>\n<link rel=\"canonical\" href=\"https:\/\/www.smpengineeredsolutions.com\/es\/sensores-de-particulas\/\" \/>\n<meta property=\"og:locale\" content=\"es_ES\" \/>\n<meta property=\"og:type\" content=\"article\" \/>\n<meta property=\"og:title\" content=\"Sensores de part\u00edculas\" \/>\n<meta property=\"og:description\" content=\"Descubra la importancia de los sensores de part\u00edculas, incluidas sus ventajas y aplicaciones para diversos sectores de veh\u00edculos de carretera y todoterreno.\" \/>\n<meta property=\"og:url\" content=\"https:\/\/www.smpengineeredsolutions.com\/es\/sensores-de-particulas\/\" \/>\n<meta property=\"og:site_name\" content=\"Standard Motor Products, Inc.\" \/>\n<meta property=\"article:modified_time\" content=\"2024-12-05T16:25:37+00:00\" \/>\n<meta name=\"twitter:label1\" content=\"Tiempo de lectura\" \/>\n\t<meta name=\"twitter:data1\" content=\"5 minutos\" \/>\n<script type=\"application\/ld+json\" class=\"yoast-schema-graph\">{\"@context\":\"https:\/\/schema.org\",\"@graph\":[{\"@type\":\"WebPage\",\"@id\":\"https:\/\/www.smpengineeredsolutions.com\/es\/sensores-de-particulas\/\",\"url\":\"https:\/\/www.smpengineeredsolutions.com\/es\/sensores-de-particulas\/\",\"name\":\"Sensores de part\u00edculas | Standard Motor Products, Inc.\",\"isPartOf\":{\"@id\":\"https:\/\/www.smpengineeredsolutions.com\/es\/#website\"},\"datePublished\":\"2023-07-05T11:26:06+00:00\",\"dateModified\":\"2024-12-05T16:25:37+00:00\",\"description\":\"Descubra la importancia de los sensores de part\u00edculas, incluidas sus ventajas y aplicaciones para diversos sectores de veh\u00edculos de carretera y todoterreno.\",\"breadcrumb\":{\"@id\":\"https:\/\/www.smpengineeredsolutions.com\/es\/sensores-de-particulas\/#breadcrumb\"},\"inLanguage\":\"es\",\"potentialAction\":[{\"@type\":\"ReadAction\",\"target\":[\"https:\/\/www.smpengineeredsolutions.com\/es\/sensores-de-particulas\/\"]}]},{\"@type\":\"BreadcrumbList\",\"@id\":\"https:\/\/www.smpengineeredsolutions.com\/es\/sensores-de-particulas\/#breadcrumb\",\"itemListElement\":[{\"@type\":\"ListItem\",\"position\":1,\"name\":\"Home\",\"item\":\"https:\/\/www.smpengineeredsolutions.com\/es\/\"},{\"@type\":\"ListItem\",\"position\":2,\"name\":\"Sensores de part\u00edculas\"}]},{\"@type\":\"WebSite\",\"@id\":\"https:\/\/www.smpengineeredsolutions.com\/es\/#website\",\"url\":\"https:\/\/www.smpengineeredsolutions.com\/es\/\",\"name\":\"Standard Motor Products, Inc.\",\"description\":\"\",\"publisher\":{\"@id\":\"https:\/\/www.smpengineeredsolutions.com\/es\/#organization\"},\"potentialAction\":[{\"@type\":\"SearchAction\",\"target\":{\"@type\":\"EntryPoint\",\"urlTemplate\":\"https:\/\/www.smpengineeredsolutions.com\/es\/?s={search_term_string}\"},\"query-input\":{\"@type\":\"PropertyValueSpecification\",\"valueRequired\":true,\"valueName\":\"search_term_string\"}}],\"inLanguage\":\"es\"},{\"@type\":\"Organization\",\"@id\":\"https:\/\/www.smpengineeredsolutions.com\/es\/#organization\",\"name\":\"SMP\u00ae Engineered Solutions\",\"url\":\"https:\/\/www.smpengineeredsolutions.com\/es\/\",\"logo\":{\"@type\":\"ImageObject\",\"inLanguage\":\"es\",\"@id\":\"https:\/\/www.smpengineeredsolutions.com\/es\/#\/schema\/logo\/image\/\",\"url\":\"https:\/\/www.a.smpengineeredsolutions.com\/wp-content\/uploads\/smp-logo.png\",\"contentUrl\":\"https:\/\/www.a.smpengineeredsolutions.com\/wp-content\/uploads\/smp-logo.png\",\"width\":264,\"height\":117,\"caption\":\"SMP\u00ae Engineered Solutions\"},\"image\":{\"@id\":\"https:\/\/www.smpengineeredsolutions.com\/es\/#\/schema\/logo\/image\/\"},\"sameAs\":[\"https:\/\/www.youtube.com\/@StandardMotorProductsInc\",\"https:\/\/www.linkedin.com\/company\/standard-motor-products\"]}]}<\/script>\n<!-- \/ Yoast SEO Premium plugin. -->","yoast_head_json":{"title":"Sensores de part\u00edculas | Standard Motor Products, Inc.","description":"Descubra la importancia de los sensores de part\u00edculas, incluidas sus ventajas y aplicaciones para diversos sectores de veh\u00edculos de carretera y todoterreno.","robots":{"index":"index","follow":"follow","max-snippet":"max-snippet:-1","max-image-preview":"max-image-preview:large","max-video-preview":"max-video-preview:-1"},"canonical":"https:\/\/www.smpengineeredsolutions.com\/es\/sensores-de-particulas\/","og_locale":"es_ES","og_type":"article","og_title":"Sensores de part\u00edculas","og_description":"Descubra la importancia de los sensores de part\u00edculas, incluidas sus ventajas y aplicaciones para diversos sectores de veh\u00edculos de carretera y todoterreno.","og_url":"https:\/\/www.smpengineeredsolutions.com\/es\/sensores-de-particulas\/","og_site_name":"Standard Motor Products, Inc.","article_modified_time":"2024-12-05T16:25:37+00:00","twitter_misc":{"Tiempo de lectura":"5 minutos"},"schema":{"@context":"https:\/\/schema.org","@graph":[{"@type":"WebPage","@id":"https:\/\/www.smpengineeredsolutions.com\/es\/sensores-de-particulas\/","url":"https:\/\/www.smpengineeredsolutions.com\/es\/sensores-de-particulas\/","name":"Sensores de part\u00edculas | Standard Motor Products, Inc.","isPartOf":{"@id":"https:\/\/www.smpengineeredsolutions.com\/es\/#website"},"datePublished":"2023-07-05T11:26:06+00:00","dateModified":"2024-12-05T16:25:37+00:00","description":"Descubra la importancia de los sensores de part\u00edculas, incluidas sus ventajas y aplicaciones para diversos sectores de veh\u00edculos de carretera y todoterreno.","breadcrumb":{"@id":"https:\/\/www.smpengineeredsolutions.com\/es\/sensores-de-particulas\/#breadcrumb"},"inLanguage":"es","potentialAction":[{"@type":"ReadAction","target":["https:\/\/www.smpengineeredsolutions.com\/es\/sensores-de-particulas\/"]}]},{"@type":"BreadcrumbList","@id":"https:\/\/www.smpengineeredsolutions.com\/es\/sensores-de-particulas\/#breadcrumb","itemListElement":[{"@type":"ListItem","position":1,"name":"Home","item":"https:\/\/www.smpengineeredsolutions.com\/es\/"},{"@type":"ListItem","position":2,"name":"Sensores de part\u00edculas"}]},{"@type":"WebSite","@id":"https:\/\/www.smpengineeredsolutions.com\/es\/#website","url":"https:\/\/www.smpengineeredsolutions.com\/es\/","name":"Standard Motor Products, Inc.","description":"","publisher":{"@id":"https:\/\/www.smpengineeredsolutions.com\/es\/#organization"},"potentialAction":[{"@type":"SearchAction","target":{"@type":"EntryPoint","urlTemplate":"https:\/\/www.smpengineeredsolutions.com\/es\/?s={search_term_string}"},"query-input":{"@type":"PropertyValueSpecification","valueRequired":true,"valueName":"search_term_string"}}],"inLanguage":"es"},{"@type":"Organization","@id":"https:\/\/www.smpengineeredsolutions.com\/es\/#organization","name":"SMP\u00ae Engineered Solutions","url":"https:\/\/www.smpengineeredsolutions.com\/es\/","logo":{"@type":"ImageObject","inLanguage":"es","@id":"https:\/\/www.smpengineeredsolutions.com\/es\/#\/schema\/logo\/image\/","url":"https:\/\/www.a.smpengineeredsolutions.com\/wp-content\/uploads\/smp-logo.png","contentUrl":"https:\/\/www.a.smpengineeredsolutions.com\/wp-content\/uploads\/smp-logo.png","width":264,"height":117,"caption":"SMP\u00ae Engineered Solutions"},"image":{"@id":"https:\/\/www.smpengineeredsolutions.com\/es\/#\/schema\/logo\/image\/"},"sameAs":["https:\/\/www.youtube.com\/@StandardMotorProductsInc","https:\/\/www.linkedin.com\/company\/standard-motor-products"]}]}},"_links":{"self":[{"href":"https:\/\/www.smpengineeredsolutions.com\/es\/wp-json\/wp\/v2\/pages\/7595","targetHints":{"allow":["GET"]}}],"collection":[{"href":"https:\/\/www.smpengineeredsolutions.com\/es\/wp-json\/wp\/v2\/pages"}],"about":[{"href":"https:\/\/www.smpengineeredsolutions.com\/es\/wp-json\/wp\/v2\/types\/page"}],"author":[{"embeddable":true,"href":"https:\/\/www.smpengineeredsolutions.com\/es\/wp-json\/wp\/v2\/users\/32"}],"replies":[{"embeddable":true,"href":"https:\/\/www.smpengineeredsolutions.com\/es\/wp-json\/wp\/v2\/comments?post=7595"}],"version-history":[{"count":1,"href":"https:\/\/www.smpengineeredsolutions.com\/es\/wp-json\/wp\/v2\/pages\/7595\/revisions"}],"predecessor-version":[{"id":7596,"href":"https:\/\/www.smpengineeredsolutions.com\/es\/wp-json\/wp\/v2\/pages\/7595\/revisions\/7596"}],"wp:attachment":[{"href":"https:\/\/www.smpengineeredsolutions.com\/es\/wp-json\/wp\/v2\/media?parent=7595"}],"curies":[{"name":"wp","href":"https:\/\/api.w.org\/{rel}","templated":true}]}}