{"id":7580,"date":"2024-03-13T16:07:03","date_gmt":"2024-03-13T20:07:03","guid":{"rendered":"https:\/\/www.smpengineeredsolutions.com\/?page_id=7580"},"modified":"2024-12-04T11:25:31","modified_gmt":"2024-12-04T16:25:31","slug":"modulo-de-2-entradas-y-4-salidas","status":"publish","type":"page","link":"https:\/\/www.smpengineeredsolutions.com\/es\/productos\/electrificacion-y-electronica\/dispositivos-can\/modulo-de-2-entradas-y-4-salidas\/","title":{"rendered":"M\u00f3dulo de 2 entradas y 4 salidas"},"content":{"rendered":"<p><img loading=\"lazy\" decoding=\"async\" class=\"wp-image-6571 alignright\" src=\"https:\/\/www.smpengineeredsolutions.com\/wp-content\/uploads\/2-input-4-output-module-500x619.png\" alt=\"Configurable 2 input 4 output module for sourcing digital output or a PWM Output and uses a J1939 Proprietary Peer-to-Peer Messaging.\" width=\"306\" height=\"378\" srcset=\"https:\/\/www.smpengineeredsolutions.com\/wp-content\/uploads\/2-input-4-output-module-500x619.png 500w, https:\/\/www.smpengineeredsolutions.com\/wp-content\/uploads\/2-input-4-output-module-827x1024.png 827w, https:\/\/www.smpengineeredsolutions.com\/wp-content\/uploads\/2-input-4-output-module-768x950.png 768w, https:\/\/www.smpengineeredsolutions.com\/wp-content\/uploads\/2-input-4-output-module.png 1010w\" sizes=\"auto, (max-width: 306px) 100vw, 306px\" \/><\/p>\n<p><img loading=\"lazy\" decoding=\"async\" class=\"alignnone  wp-image-3074\" src=\"https:\/\/www.smpengineeredsolutions.com\/wp-content\/uploads\/SMP-Trombetta-4C-500x75.png\" alt=\"SMP Trombetta Logo\" width=\"387\" height=\"58\" srcset=\"https:\/\/www.smpengineeredsolutions.com\/wp-content\/uploads\/SMP-Trombetta-4C-500x75.png 500w, https:\/\/www.smpengineeredsolutions.com\/wp-content\/uploads\/SMP-Trombetta-4C-1024x154.png 1024w, https:\/\/www.smpengineeredsolutions.com\/wp-content\/uploads\/SMP-Trombetta-4C-768x116.png 768w, https:\/\/www.smpengineeredsolutions.com\/wp-content\/uploads\/SMP-Trombetta-4C-1536x231.png 1536w, https:\/\/www.smpengineeredsolutions.com\/wp-content\/uploads\/SMP-Trombetta-4C-2048x309.png 2048w\" sizes=\"auto, (max-width: 387px) 100vw, 387px\" \/><\/p>\n<p>El M\u00f3dulo de 2 Salidas y 4 Entradas es un sistema de alimentaci\u00f3n digital que puede configurarse y personalizarse para garantizar una comunicaci\u00f3n fluida entre la l\u00ednea de red y la transferencia de datos, manteniendo al mismo tiempo las cargas de potencia y el control general de un sistema. El m\u00f3dulo de comunicaci\u00f3n CAN utiliza un conector Deutsch sellado de 12 patillas (equivalente a DT04-12PA). Todas las salidas de este m\u00f3dulo pueden configurarse como una salida digital de alimentaci\u00f3n o una salida PWM. Todas las entradas de este m\u00f3dulo pueden configurarse como una entrada digital de alimentaci\u00f3n, una entrada anal\u00f3gica de 32 V, una entrada anal\u00f3gica de lectura de corriente de 4-20 mA o una entrada m\u00e9trica de relaci\u00f3n de 0-5 V. Este m\u00f3dulo utiliza la mensajer\u00eda propietaria J1939 Peer-to-Peer.<\/p>\n<h3>M\u00f3dulo de 2 entradas y 4 salidas Caracter\u00edsticas<\/h3>\n<ul>\n<li>Protocolo de comunicaci\u00f3n SAE J1939<\/li>\n<li>Hasta 3A por salida<\/li>\n<li>PWM o digital<\/li>\n<li>Indicadores LED de estado<\/li>\n<li>Detecci\u00f3n y protecci\u00f3n de cortocircuito de salida, sobrecarga y carga abierta<\/li>\n<li>Entradas, salidas digitales, anal\u00f3gicas, de frecuencia o m\u00e9tricas de relaci\u00f3n<\/li>\n<\/ul>\n<h3>Aplicaci\u00f3n com\u00fan<\/h3>\n<ul>\n<li>Agricultura<\/li>\n<li>Construcci\u00f3n<\/li>\n<li>Maquinaria pesada<\/li>\n<\/ul>\n<h4>Preguntas frecuentes<\/h4>\n<p><strong>\u00bfPara qu\u00e9 se utiliza el m\u00f3dulo de bus CAN?<\/strong><\/p>\n<p>El m\u00f3dulo industrial se utiliza para comunicar una l\u00ednea de red y transferir datos, manteniendo al mismo tiempo las cargas de potencia y el control general de un sistema. Puede utilizarse en aplicaciones como la agricultura, la construcci\u00f3n y los equipos pesados.<\/p>\n<p><strong>\u00bfCu\u00e1les son las condiciones ambientales y de funcionamiento que puede soportar el m\u00f3dulo industrial de entradas y salidas?<\/strong><\/p>\n<p>La temperatura ambiental m\u00ednima de funcionamiento es de -40 \u00b0C con un m\u00e1ximo de 105 \u00b0C.<\/p>\n<p><strong>\u00bfSe puede personalizar el m\u00f3dulo de 6 salidas para aplicaciones espec\u00edficas?<\/strong><\/p>\n<p>S\u00ed, en funci\u00f3n de las necesidades de su aplicaci\u00f3n, el m\u00f3dulo de entrada-salida de bus CAN puede personalizarse.<\/p>\n","protected":false},"excerpt":{"rendered":"<p>El M\u00f3dulo de 2 Salidas y 4 Entradas es un sistema de alimentaci\u00f3n digital que puede configurarse y personalizarse para garantizar una comunicaci\u00f3n fluida entre la l\u00ednea de red y la transferencia de datos, manteniendo al mismo tiempo las cargas de potencia y el control general de un sistema. El m\u00f3dulo de comunicaci\u00f3n CAN utiliza&#8230; [&#8230;]<\/p>\n<p><a class=\"btn btn-secondary understrap-read-more-link\" href=\"https:\/\/www.smpengineeredsolutions.com\/es\/productos\/electrificacion-y-electronica\/dispositivos-can\/modulo-de-2-entradas-y-4-salidas\/\">Leer m\u00e1s&#8230;<\/a><\/p>\n","protected":false},"author":32,"featured_media":0,"parent":5303,"menu_order":0,"comment_status":"closed","ping_status":"closed","template":"page-templates\/destination-content.php","meta":{"_acf_changed":false,"inline_featured_image":false,"footnotes":""},"class_list":["post-7580","page","type-page","status-publish","hentry"],"featured_image_src":null,"acf":[],"yoast_head":"<!-- This site is optimized with the Yoast SEO Premium plugin v27.5 (Yoast SEO v27.5) - https:\/\/yoast.com\/product\/yoast-seo-premium-wordpress\/ -->\n<title>M\u00f3dulo de 2 entradas y 4 salidas para sistemas de bus CAN<\/title>\n<meta name=\"description\" content=\"Mejore los sistemas CAN Bus con el m\u00f3dulo de 2 entradas y 4 salidas de Standard Motor Products, ideal para la agricultura, la construcci\u00f3n y el control de equipos pesados.\" \/>\n<meta name=\"robots\" content=\"index, follow, max-snippet:-1, max-image-preview:large, max-video-preview:-1\" \/>\n<link rel=\"canonical\" href=\"https:\/\/www.smpengineeredsolutions.com\/es\/productos\/electrificacion-y-electronica\/dispositivos-can\/modulo-de-2-entradas-y-4-salidas\/\" \/>\n<meta property=\"og:locale\" content=\"es_ES\" \/>\n<meta property=\"og:type\" content=\"article\" \/>\n<meta property=\"og:title\" content=\"M\u00f3dulo de 2 entradas y 4 salidas\" \/>\n<meta property=\"og:description\" content=\"Mejore los sistemas CAN Bus con el m\u00f3dulo de 2 entradas y 4 salidas de Standard Motor Products, ideal para la agricultura, la construcci\u00f3n y el control de equipos pesados.\" \/>\n<meta property=\"og:url\" content=\"https:\/\/www.smpengineeredsolutions.com\/es\/productos\/electrificacion-y-electronica\/dispositivos-can\/modulo-de-2-entradas-y-4-salidas\/\" \/>\n<meta property=\"og:site_name\" content=\"Standard Motor Products, Inc.\" \/>\n<meta property=\"article:modified_time\" content=\"2024-12-04T16:25:31+00:00\" \/>\n<meta property=\"og:image\" content=\"https:\/\/www.smpengineeredsolutions.com\/wp-content\/uploads\/2-input-4-output-module-500x619.png\" \/>\n<meta name=\"twitter:label1\" content=\"Tiempo de lectura\" \/>\n\t<meta name=\"twitter:data1\" content=\"2 minutos\" \/>\n<script type=\"application\/ld+json\" class=\"yoast-schema-graph\">{\"@context\":\"https:\\\/\\\/schema.org\",\"@graph\":[{\"@type\":\"WebPage\",\"@id\":\"https:\\\/\\\/www.smpengineeredsolutions.com\\\/es\\\/productos\\\/electrificacion-y-electronica\\\/dispositivos-can\\\/modulo-de-2-entradas-y-4-salidas\\\/\",\"url\":\"https:\\\/\\\/www.smpengineeredsolutions.com\\\/es\\\/productos\\\/electrificacion-y-electronica\\\/dispositivos-can\\\/modulo-de-2-entradas-y-4-salidas\\\/\",\"name\":\"M\u00f3dulo de 2 entradas y 4 salidas para sistemas de bus CAN\",\"isPartOf\":{\"@id\":\"https:\\\/\\\/www.smpengineeredsolutions.com\\\/es\\\/#website\"},\"primaryImageOfPage\":{\"@id\":\"https:\\\/\\\/www.smpengineeredsolutions.com\\\/es\\\/productos\\\/electrificacion-y-electronica\\\/dispositivos-can\\\/modulo-de-2-entradas-y-4-salidas\\\/#primaryimage\"},\"image\":{\"@id\":\"https:\\\/\\\/www.smpengineeredsolutions.com\\\/es\\\/productos\\\/electrificacion-y-electronica\\\/dispositivos-can\\\/modulo-de-2-entradas-y-4-salidas\\\/#primaryimage\"},\"thumbnailUrl\":\"https:\\\/\\\/www.smpengineeredsolutions.com\\\/wp-content\\\/uploads\\\/2-input-4-output-module-500x619.png\",\"datePublished\":\"2024-03-13T20:07:03+00:00\",\"dateModified\":\"2024-12-04T16:25:31+00:00\",\"description\":\"Mejore los sistemas CAN Bus con el m\u00f3dulo de 2 entradas y 4 salidas de Standard Motor Products, ideal para la agricultura, la construcci\u00f3n y el control de equipos pesados.\",\"breadcrumb\":{\"@id\":\"https:\\\/\\\/www.smpengineeredsolutions.com\\\/es\\\/productos\\\/electrificacion-y-electronica\\\/dispositivos-can\\\/modulo-de-2-entradas-y-4-salidas\\\/#breadcrumb\"},\"inLanguage\":\"es\",\"potentialAction\":[{\"@type\":\"ReadAction\",\"target\":[\"https:\\\/\\\/www.smpengineeredsolutions.com\\\/es\\\/productos\\\/electrificacion-y-electronica\\\/dispositivos-can\\\/modulo-de-2-entradas-y-4-salidas\\\/\"]}]},{\"@type\":\"ImageObject\",\"inLanguage\":\"es\",\"@id\":\"https:\\\/\\\/www.smpengineeredsolutions.com\\\/es\\\/productos\\\/electrificacion-y-electronica\\\/dispositivos-can\\\/modulo-de-2-entradas-y-4-salidas\\\/#primaryimage\",\"url\":\"https:\\\/\\\/www.smpengineeredsolutions.com\\\/wp-content\\\/uploads\\\/2-input-4-output-module-500x619.png\",\"contentUrl\":\"https:\\\/\\\/www.smpengineeredsolutions.com\\\/wp-content\\\/uploads\\\/2-input-4-output-module-500x619.png\"},{\"@type\":\"BreadcrumbList\",\"@id\":\"https:\\\/\\\/www.smpengineeredsolutions.com\\\/es\\\/productos\\\/electrificacion-y-electronica\\\/dispositivos-can\\\/modulo-de-2-entradas-y-4-salidas\\\/#breadcrumb\",\"itemListElement\":[{\"@type\":\"ListItem\",\"position\":1,\"name\":\"Home\",\"item\":\"https:\\\/\\\/www.tcp.smpengineeredsolutions.com\\\/es\\\/\"},{\"@type\":\"ListItem\",\"position\":2,\"name\":\"Productos\",\"item\":\"https:\\\/\\\/www.tcp.smpengineeredsolutions.com\\\/es\\\/productos\\\/\"},{\"@type\":\"ListItem\",\"position\":3,\"name\":\"Electrificaci\u00f3n y electr\u00f3nica\",\"item\":\"https:\\\/\\\/www.af63878a-61a4-44d4-a3f9-8118d911569f.smpengineeredsolutions.com\\\/es\\\/productos\\\/electrificacion-y-electronica\\\/\"},{\"@type\":\"ListItem\",\"position\":4,\"name\":\"Dispositivos CAN\",\"item\":\"https:\\\/\\\/www.af63878a-61a4-44d4-a3f9-8118d911569f.smpengineeredsolutions.com\\\/es\\\/productos\\\/electrificacion-y-electronica\\\/dispositivos-can\\\/\"},{\"@type\":\"ListItem\",\"position\":5,\"name\":\"M\u00f3dulo de 2 entradas y 4 salidas\"}]},{\"@type\":\"WebSite\",\"@id\":\"https:\\\/\\\/www.smpengineeredsolutions.com\\\/es\\\/#website\",\"url\":\"https:\\\/\\\/www.smpengineeredsolutions.com\\\/es\\\/\",\"name\":\"Standard Motor Products, Inc.\",\"description\":\"\",\"publisher\":{\"@id\":\"https:\\\/\\\/www.smpengineeredsolutions.com\\\/es\\\/#organization\"},\"potentialAction\":[{\"@type\":\"SearchAction\",\"target\":{\"@type\":\"EntryPoint\",\"urlTemplate\":\"https:\\\/\\\/www.smpengineeredsolutions.com\\\/es\\\/?s={search_term_string}\"},\"query-input\":{\"@type\":\"PropertyValueSpecification\",\"valueRequired\":true,\"valueName\":\"search_term_string\"}}],\"inLanguage\":\"es\"},{\"@type\":\"Organization\",\"@id\":\"https:\\\/\\\/www.smpengineeredsolutions.com\\\/es\\\/#organization\",\"name\":\"SMP\u00ae Engineered Solutions\",\"url\":\"https:\\\/\\\/www.smpengineeredsolutions.com\\\/es\\\/\",\"logo\":{\"@type\":\"ImageObject\",\"inLanguage\":\"es\",\"@id\":\"https:\\\/\\\/www.smpengineeredsolutions.com\\\/es\\\/#\\\/schema\\\/logo\\\/image\\\/\",\"url\":\"https:\\\/\\\/www.a.smpengineeredsolutions.com\\\/wp-content\\\/uploads\\\/smp-logo.png\",\"contentUrl\":\"https:\\\/\\\/www.a.smpengineeredsolutions.com\\\/wp-content\\\/uploads\\\/smp-logo.png\",\"width\":264,\"height\":117,\"caption\":\"SMP\u00ae Engineered Solutions\"},\"image\":{\"@id\":\"https:\\\/\\\/www.smpengineeredsolutions.com\\\/es\\\/#\\\/schema\\\/logo\\\/image\\\/\"},\"sameAs\":[\"https:\\\/\\\/www.youtube.com\\\/@StandardMotorProductsInc\",\"https:\\\/\\\/www.linkedin.com\\\/company\\\/standard-motor-products\"]}]}<\/script>\n<!-- \/ Yoast SEO Premium plugin. -->","yoast_head_json":{"title":"M\u00f3dulo de 2 entradas y 4 salidas para sistemas de bus CAN","description":"Mejore los sistemas CAN Bus con el m\u00f3dulo de 2 entradas y 4 salidas de Standard Motor Products, ideal para la agricultura, la construcci\u00f3n y el control de equipos pesados.","robots":{"index":"index","follow":"follow","max-snippet":"max-snippet:-1","max-image-preview":"max-image-preview:large","max-video-preview":"max-video-preview:-1"},"canonical":"https:\/\/www.smpengineeredsolutions.com\/es\/productos\/electrificacion-y-electronica\/dispositivos-can\/modulo-de-2-entradas-y-4-salidas\/","og_locale":"es_ES","og_type":"article","og_title":"M\u00f3dulo de 2 entradas y 4 salidas","og_description":"Mejore los sistemas CAN Bus con el m\u00f3dulo de 2 entradas y 4 salidas de Standard Motor Products, ideal para la agricultura, la construcci\u00f3n y el control de equipos pesados.","og_url":"https:\/\/www.smpengineeredsolutions.com\/es\/productos\/electrificacion-y-electronica\/dispositivos-can\/modulo-de-2-entradas-y-4-salidas\/","og_site_name":"Standard Motor Products, Inc.","article_modified_time":"2024-12-04T16:25:31+00:00","og_image":[{"url":"https:\/\/www.smpengineeredsolutions.com\/wp-content\/uploads\/2-input-4-output-module-500x619.png","type":"","width":"","height":""}],"twitter_misc":{"Tiempo de lectura":"2 minutos"},"schema":{"@context":"https:\/\/schema.org","@graph":[{"@type":"WebPage","@id":"https:\/\/www.smpengineeredsolutions.com\/es\/productos\/electrificacion-y-electronica\/dispositivos-can\/modulo-de-2-entradas-y-4-salidas\/","url":"https:\/\/www.smpengineeredsolutions.com\/es\/productos\/electrificacion-y-electronica\/dispositivos-can\/modulo-de-2-entradas-y-4-salidas\/","name":"M\u00f3dulo de 2 entradas y 4 salidas para sistemas de bus CAN","isPartOf":{"@id":"https:\/\/www.smpengineeredsolutions.com\/es\/#website"},"primaryImageOfPage":{"@id":"https:\/\/www.smpengineeredsolutions.com\/es\/productos\/electrificacion-y-electronica\/dispositivos-can\/modulo-de-2-entradas-y-4-salidas\/#primaryimage"},"image":{"@id":"https:\/\/www.smpengineeredsolutions.com\/es\/productos\/electrificacion-y-electronica\/dispositivos-can\/modulo-de-2-entradas-y-4-salidas\/#primaryimage"},"thumbnailUrl":"https:\/\/www.smpengineeredsolutions.com\/wp-content\/uploads\/2-input-4-output-module-500x619.png","datePublished":"2024-03-13T20:07:03+00:00","dateModified":"2024-12-04T16:25:31+00:00","description":"Mejore los sistemas CAN Bus con el m\u00f3dulo de 2 entradas y 4 salidas de Standard Motor Products, ideal para la agricultura, la construcci\u00f3n y el control de equipos pesados.","breadcrumb":{"@id":"https:\/\/www.smpengineeredsolutions.com\/es\/productos\/electrificacion-y-electronica\/dispositivos-can\/modulo-de-2-entradas-y-4-salidas\/#breadcrumb"},"inLanguage":"es","potentialAction":[{"@type":"ReadAction","target":["https:\/\/www.smpengineeredsolutions.com\/es\/productos\/electrificacion-y-electronica\/dispositivos-can\/modulo-de-2-entradas-y-4-salidas\/"]}]},{"@type":"ImageObject","inLanguage":"es","@id":"https:\/\/www.smpengineeredsolutions.com\/es\/productos\/electrificacion-y-electronica\/dispositivos-can\/modulo-de-2-entradas-y-4-salidas\/#primaryimage","url":"https:\/\/www.smpengineeredsolutions.com\/wp-content\/uploads\/2-input-4-output-module-500x619.png","contentUrl":"https:\/\/www.smpengineeredsolutions.com\/wp-content\/uploads\/2-input-4-output-module-500x619.png"},{"@type":"BreadcrumbList","@id":"https:\/\/www.smpengineeredsolutions.com\/es\/productos\/electrificacion-y-electronica\/dispositivos-can\/modulo-de-2-entradas-y-4-salidas\/#breadcrumb","itemListElement":[{"@type":"ListItem","position":1,"name":"Home","item":"https:\/\/www.tcp.smpengineeredsolutions.com\/es\/"},{"@type":"ListItem","position":2,"name":"Productos","item":"https:\/\/www.tcp.smpengineeredsolutions.com\/es\/productos\/"},{"@type":"ListItem","position":3,"name":"Electrificaci\u00f3n y electr\u00f3nica","item":"https:\/\/www.af63878a-61a4-44d4-a3f9-8118d911569f.smpengineeredsolutions.com\/es\/productos\/electrificacion-y-electronica\/"},{"@type":"ListItem","position":4,"name":"Dispositivos CAN","item":"https:\/\/www.af63878a-61a4-44d4-a3f9-8118d911569f.smpengineeredsolutions.com\/es\/productos\/electrificacion-y-electronica\/dispositivos-can\/"},{"@type":"ListItem","position":5,"name":"M\u00f3dulo de 2 entradas y 4 salidas"}]},{"@type":"WebSite","@id":"https:\/\/www.smpengineeredsolutions.com\/es\/#website","url":"https:\/\/www.smpengineeredsolutions.com\/es\/","name":"Standard Motor Products, Inc.","description":"","publisher":{"@id":"https:\/\/www.smpengineeredsolutions.com\/es\/#organization"},"potentialAction":[{"@type":"SearchAction","target":{"@type":"EntryPoint","urlTemplate":"https:\/\/www.smpengineeredsolutions.com\/es\/?s={search_term_string}"},"query-input":{"@type":"PropertyValueSpecification","valueRequired":true,"valueName":"search_term_string"}}],"inLanguage":"es"},{"@type":"Organization","@id":"https:\/\/www.smpengineeredsolutions.com\/es\/#organization","name":"SMP\u00ae Engineered Solutions","url":"https:\/\/www.smpengineeredsolutions.com\/es\/","logo":{"@type":"ImageObject","inLanguage":"es","@id":"https:\/\/www.smpengineeredsolutions.com\/es\/#\/schema\/logo\/image\/","url":"https:\/\/www.a.smpengineeredsolutions.com\/wp-content\/uploads\/smp-logo.png","contentUrl":"https:\/\/www.a.smpengineeredsolutions.com\/wp-content\/uploads\/smp-logo.png","width":264,"height":117,"caption":"SMP\u00ae Engineered Solutions"},"image":{"@id":"https:\/\/www.smpengineeredsolutions.com\/es\/#\/schema\/logo\/image\/"},"sameAs":["https:\/\/www.youtube.com\/@StandardMotorProductsInc","https:\/\/www.linkedin.com\/company\/standard-motor-products"]}]}},"_links":{"self":[{"href":"https:\/\/www.smpengineeredsolutions.com\/es\/wp-json\/wp\/v2\/pages\/7580","targetHints":{"allow":["GET"]}}],"collection":[{"href":"https:\/\/www.smpengineeredsolutions.com\/es\/wp-json\/wp\/v2\/pages"}],"about":[{"href":"https:\/\/www.smpengineeredsolutions.com\/es\/wp-json\/wp\/v2\/types\/page"}],"author":[{"embeddable":true,"href":"https:\/\/www.smpengineeredsolutions.com\/es\/wp-json\/wp\/v2\/users\/32"}],"replies":[{"embeddable":true,"href":"https:\/\/www.smpengineeredsolutions.com\/es\/wp-json\/wp\/v2\/comments?post=7580"}],"version-history":[{"count":3,"href":"https:\/\/www.smpengineeredsolutions.com\/es\/wp-json\/wp\/v2\/pages\/7580\/revisions"}],"predecessor-version":[{"id":7583,"href":"https:\/\/www.smpengineeredsolutions.com\/es\/wp-json\/wp\/v2\/pages\/7580\/revisions\/7583"}],"up":[{"embeddable":true,"href":"https:\/\/www.smpengineeredsolutions.com\/es\/wp-json\/wp\/v2\/pages\/5303"}],"wp:attachment":[{"href":"https:\/\/www.smpengineeredsolutions.com\/es\/wp-json\/wp\/v2\/media?parent=7580"}],"curies":[{"name":"wp","href":"https:\/\/api.w.org\/{rel}","templated":true}]}}