{"id":5405,"date":"2023-01-09T14:44:53","date_gmt":"2023-01-09T19:44:53","guid":{"rendered":"https:\/\/smpengineeredsolutions.com\/?page_id=5405"},"modified":"2025-04-28T16:42:08","modified_gmt":"2025-04-28T20:42:08","slug":"reguladores-de-tension","status":"publish","type":"page","link":"https:\/\/www.smpengineeredsolutions.com\/es\/productos\/reguladores-de-tension\/","title":{"rendered":"Reguladores de tensi\u00f3n"},"content":{"rendered":"<div class=\"feature-img-right\"><a class=\"lightbox\" href=\"\/wp-content\/uploads\/halfwavevrcat5.png\"><img decoding=\"async\" title=\"Reguladores de tensi\u00f3n\" src=\"\/wp-content\/uploads\/halfwavevrcat5.png\" alt=\"Reguladores de tensi\u00f3n\" width=\"400\" \/><\/a><\/div>\n<h3>\u00bfC\u00f3mo funciona un regulador de tensi\u00f3n?<\/h3>\n<p>Un regulador de tensi\u00f3n es un componente que mantiene la tensi\u00f3n de una fuente de alimentaci\u00f3n. Los reguladores de tensi\u00f3n se utilizan en plataformas peque\u00f1as que utilizan una bater\u00eda en el sistema. Las bater\u00edas se utilizan normalmente para alimentar el motor de arranque y otros accesorios como luces, radios y calefactores, etc. Existen varios tipos y m\u00e9todos diferentes para seleccionar el regulador de tensi\u00f3n m\u00e1s adecuado para cualquier aplicaci\u00f3n.<\/p>\n<h3>Tipos de reguladores de tensi\u00f3n<\/h3>\n<p>Ofrecemos una gran variedad de m\u00f3dulos reguladores de tensi\u00f3n dise\u00f1ados y fabricados a bajo coste para cumplir sus est\u00e1ndares.<\/p>\n<p><strong>Regulador de tensi\u00f3n<\/strong><\/p>\n<p>El regulador de tensi\u00f3n en derivaci\u00f3n lineal mantiene una tensi\u00f3n constante. El regulador de tensi\u00f3n en derivaci\u00f3n es adecuado para aplicaciones de potencia media a alta, como motocicletas, todoterrenos y veh\u00edculos utilitarios.<\/p>\n<p><strong>Regulador de tensi\u00f3n trif\u00e1sico de onda completa<\/strong><\/p>\n<p>El regulador de tensi\u00f3n trif\u00e1sico de onda completa es una soluci\u00f3n utilizada para aplicaciones de alta potencia y alta frecuencia, como motocicletas, todoterrenos y veh\u00edculos utilitarios.<\/p>\n<p><strong>Regulador de tensi\u00f3n monof\u00e1sico de onda completa<\/strong><\/p>\n<p>El regulador de tensi\u00f3n monof\u00e1sico de onda completa es una soluci\u00f3n econ\u00f3mica de potencia media que se utiliza normalmente en motores de c\u00e9sped y jard\u00edn u otras aplicaciones de c\u00e9sped.<\/p>\n<h3>Caracter\u00edsticas principales de los reguladores de tensi\u00f3n<\/h3>\n<table style=\"height: 164px;\" width=\"1332\">\n<thead>\n<tr>\n<th>\n<p style=\"text-align: left;\"><b>Gesti\u00f3n eficiente de la energ\u00eda: <\/b><span style=\"font-weight: 400;\">Los reguladores de tensi\u00f3n de SMP garantizan una salida de tensi\u00f3n constante, protegiendo las bater\u00edas y los sistemas el\u00e9ctricos en plataformas de motores peque\u00f1os. <\/span><\/p>\n<p style=\"text-align: left;\"><b>Tecnolog\u00eda avanzada: <\/b><span style=\"font-weight: 400;\">Incorpora los \u00faltimos avances para ofrecer un rendimiento y una eficacia superiores. <\/span><\/p>\n<p style=\"text-align: left;\"><b>Soluciones a medida: <\/b><span style=\"font-weight: 400;\">Soluciones de regulaci\u00f3n de tensi\u00f3n a medida para satisfacer necesidades y requisitos espec\u00edficos.<\/span><\/p>\n<\/th>\n<th>\n<p style=\"text-align: left;\"><b>Dise\u00f1o robusto: <\/b><span style=\"font-weight: 400;\">Fabricados para soportar entornos dif\u00edciles, los reguladores de tensi\u00f3n de SMP ofrecen durabilidad y fiabilidad.<\/span><\/p>\n<p style=\"text-align: left;\"><b>Versatilidad: <\/b><span style=\"font-weight: 400;\">Adecuado para diversas aplicaciones en m\u00faltiples industrias, garantizando la compatibilidad con diferentes plataformas de motores. <\/span><\/p>\n<\/th>\n<\/tr>\n<\/thead>\n<\/table>\n<p>El regulador de tensi\u00f3n de SMP puede personalizarse para cada aplicaci\u00f3n. P\u00f3ngase en <a href=\"https:\/\/www.smpengineeredsolutions.com\/es\/contactenos\/\">contacto<\/a> con nosotros hoy mismo.<\/p>\n<p><img loading=\"lazy\" decoding=\"async\" class=\"alignleft wp-image-3074\" title=\"SMP Trombetta Logo\" src=\"https:\/\/www.smpengineeredsolutions.com\/wp-content\/uploads\/SMP-Trombetta-4C-500x75.png\" alt=\"SMP Trombetta Logo\" width=\"453\" height=\"68\" srcset=\"https:\/\/www.smpengineeredsolutions.com\/wp-content\/uploads\/SMP-Trombetta-4C-500x75.png 500w, https:\/\/www.smpengineeredsolutions.com\/wp-content\/uploads\/SMP-Trombetta-4C-1024x154.png 1024w, https:\/\/www.smpengineeredsolutions.com\/wp-content\/uploads\/SMP-Trombetta-4C-768x116.png 768w, https:\/\/www.smpengineeredsolutions.com\/wp-content\/uploads\/SMP-Trombetta-4C-1536x231.png 1536w, https:\/\/www.smpengineeredsolutions.com\/wp-content\/uploads\/SMP-Trombetta-4C-2048x309.png 2048w\" sizes=\"auto, (max-width: 453px) 100vw, 453px\" \/><\/p>\n","protected":false},"excerpt":{"rendered":"<p>\u00bfC\u00f3mo funciona un regulador de tensi\u00f3n? Un regulador de tensi\u00f3n es un componente que mantiene la tensi\u00f3n de una fuente de alimentaci\u00f3n. Los reguladores de tensi\u00f3n se utilizan en plataformas peque\u00f1as que utilizan una bater\u00eda en el sistema. Las bater\u00edas se utilizan normalmente para alimentar el motor de arranque y otros accesorios como luces, radios&#8230; [&#8230;]<\/p>\n<p><a class=\"btn btn-secondary understrap-read-more-link\" href=\"https:\/\/www.smpengineeredsolutions.com\/es\/productos\/reguladores-de-tension\/\">Leer m\u00e1s&#8230;<\/a><\/p>\n","protected":false},"author":27,"featured_media":0,"parent":5264,"menu_order":0,"comment_status":"closed","ping_status":"closed","template":"page-templates\/destination-content.php","meta":{"_acf_changed":false,"inline_featured_image":false,"footnotes":""},"class_list":["post-5405","page","type-page","status-publish","hentry"],"featured_image_src":null,"acf":[],"yoast_head":"<!-- This site is optimized with the Yoast SEO Premium plugin v27.4 (Yoast SEO v27.4) - https:\/\/yoast.com\/product\/yoast-seo-premium-wordpress\/ -->\n<title>Reguladores de tensi\u00f3n - Standard Motor Products, Inc.<\/title>\n<meta name=\"description\" content=\"Descubra los fiables reguladores de tensi\u00f3n de SMP para plataformas de motores peque\u00f1os. Nuestras soluciones garantizan una gesti\u00f3n eficiente de la energ\u00eda para bater\u00edas, motores de arranque y accesorios.\" \/>\n<meta name=\"robots\" content=\"index, follow, max-snippet:-1, max-image-preview:large, max-video-preview:-1\" \/>\n<link rel=\"canonical\" href=\"https:\/\/www.smpengineeredsolutions.com\/es\/productos\/reguladores-de-tension\/\" \/>\n<meta property=\"og:locale\" content=\"es_ES\" \/>\n<meta property=\"og:type\" content=\"article\" \/>\n<meta property=\"og:title\" content=\"Reguladores de tensi\u00f3n\" \/>\n<meta property=\"og:description\" content=\"Descubra los fiables reguladores de tensi\u00f3n de SMP para plataformas de motores peque\u00f1os. Nuestras soluciones garantizan una gesti\u00f3n eficiente de la energ\u00eda para bater\u00edas, motores de arranque y accesorios.\" \/>\n<meta property=\"og:url\" content=\"https:\/\/www.smpengineeredsolutions.com\/es\/productos\/reguladores-de-tension\/\" \/>\n<meta property=\"og:site_name\" content=\"Standard Motor Products, Inc.\" \/>\n<meta property=\"article:modified_time\" content=\"2025-04-28T20:42:08+00:00\" \/>\n<meta property=\"og:image\" content=\"https:\/\/www.smpengineeredsolutions.com\/wp-content\/uploads\/SMP-Trombetta-4C-500x75.png\" \/>\n<meta name=\"twitter:label1\" content=\"Tiempo de lectura\" \/>\n\t<meta name=\"twitter:data1\" content=\"2 minutos\" \/>\n<script type=\"application\/ld+json\" class=\"yoast-schema-graph\">{\"@context\":\"https:\\\/\\\/schema.org\",\"@graph\":[{\"@type\":\"WebPage\",\"@id\":\"https:\\\/\\\/www.smpengineeredsolutions.com\\\/es\\\/productos\\\/reguladores-de-tension\\\/\",\"url\":\"https:\\\/\\\/www.smpengineeredsolutions.com\\\/es\\\/productos\\\/reguladores-de-tension\\\/\",\"name\":\"Reguladores de tensi\u00f3n - Standard Motor Products, Inc.\",\"isPartOf\":{\"@id\":\"https:\\\/\\\/www._tcp.smpengineeredsolutions.com\\\/#website\"},\"primaryImageOfPage\":{\"@id\":\"https:\\\/\\\/www.smpengineeredsolutions.com\\\/es\\\/productos\\\/reguladores-de-tension\\\/#primaryimage\"},\"image\":{\"@id\":\"https:\\\/\\\/www.smpengineeredsolutions.com\\\/es\\\/productos\\\/reguladores-de-tension\\\/#primaryimage\"},\"thumbnailUrl\":\"https:\\\/\\\/www.smpengineeredsolutions.com\\\/wp-content\\\/uploads\\\/SMP-Trombetta-4C-500x75.png\",\"datePublished\":\"2023-01-09T19:44:53+00:00\",\"dateModified\":\"2025-04-28T20:42:08+00:00\",\"description\":\"Descubra los fiables reguladores de tensi\u00f3n de SMP para plataformas de motores peque\u00f1os. Nuestras soluciones garantizan una gesti\u00f3n eficiente de la energ\u00eda para bater\u00edas, motores de arranque y accesorios.\",\"breadcrumb\":{\"@id\":\"https:\\\/\\\/www.smpengineeredsolutions.com\\\/es\\\/productos\\\/reguladores-de-tension\\\/#breadcrumb\"},\"inLanguage\":\"es\",\"potentialAction\":[{\"@type\":\"ReadAction\",\"target\":[\"https:\\\/\\\/www.smpengineeredsolutions.com\\\/es\\\/productos\\\/reguladores-de-tension\\\/\"]}]},{\"@type\":\"ImageObject\",\"inLanguage\":\"es\",\"@id\":\"https:\\\/\\\/www.smpengineeredsolutions.com\\\/es\\\/productos\\\/reguladores-de-tension\\\/#primaryimage\",\"url\":\"https:\\\/\\\/www.smpengineeredsolutions.com\\\/wp-content\\\/uploads\\\/SMP-Trombetta-4C-500x75.png\",\"contentUrl\":\"https:\\\/\\\/www.smpengineeredsolutions.com\\\/wp-content\\\/uploads\\\/SMP-Trombetta-4C-500x75.png\"},{\"@type\":\"BreadcrumbList\",\"@id\":\"https:\\\/\\\/www.smpengineeredsolutions.com\\\/es\\\/productos\\\/reguladores-de-tension\\\/#breadcrumb\",\"itemListElement\":[{\"@type\":\"ListItem\",\"position\":1,\"name\":\"Home\",\"item\":\"https:\\\/\\\/www.smpengineeredsolutions.com\\\/es\\\/\"},{\"@type\":\"ListItem\",\"position\":2,\"name\":\"Productos\",\"item\":\"https:\\\/\\\/www.smpengineeredsolutions.com\\\/es\\\/productos\\\/\"},{\"@type\":\"ListItem\",\"position\":3,\"name\":\"Reguladores de tensi\u00f3n\"}]},{\"@type\":\"WebSite\",\"@id\":\"https:\\\/\\\/www._tcp.smpengineeredsolutions.com\\\/#website\",\"url\":\"https:\\\/\\\/www._tcp.smpengineeredsolutions.com\\\/\",\"name\":\"Standard Motor Products, Inc.\",\"description\":\"\",\"publisher\":{\"@id\":\"https:\\\/\\\/www._tcp.smpengineeredsolutions.com\\\/#organization\"},\"potentialAction\":[{\"@type\":\"SearchAction\",\"target\":{\"@type\":\"EntryPoint\",\"urlTemplate\":\"https:\\\/\\\/www._tcp.smpengineeredsolutions.com\\\/?s={search_term_string}\"},\"query-input\":{\"@type\":\"PropertyValueSpecification\",\"valueRequired\":true,\"valueName\":\"search_term_string\"}}],\"inLanguage\":\"es\"},{\"@type\":\"Organization\",\"@id\":\"https:\\\/\\\/www._tcp.smpengineeredsolutions.com\\\/#organization\",\"name\":\"SMP\u00ae Engineered Solutions\",\"url\":\"https:\\\/\\\/www._tcp.smpengineeredsolutions.com\\\/\",\"logo\":{\"@type\":\"ImageObject\",\"inLanguage\":\"es\",\"@id\":\"https:\\\/\\\/www._tcp.smpengineeredsolutions.com\\\/#\\\/schema\\\/logo\\\/image\\\/\",\"url\":\"https:\\\/\\\/www.a.smpengineeredsolutions.com\\\/wp-content\\\/uploads\\\/smp-logo.png\",\"contentUrl\":\"https:\\\/\\\/www.a.smpengineeredsolutions.com\\\/wp-content\\\/uploads\\\/smp-logo.png\",\"width\":264,\"height\":117,\"caption\":\"SMP\u00ae Engineered Solutions\"},\"image\":{\"@id\":\"https:\\\/\\\/www._tcp.smpengineeredsolutions.com\\\/#\\\/schema\\\/logo\\\/image\\\/\"},\"sameAs\":[\"https:\\\/\\\/www.youtube.com\\\/@StandardMotorProductsInc\",\"https:\\\/\\\/www.linkedin.com\\\/company\\\/standard-motor-products\"]}]}<\/script>\n<!-- \/ Yoast SEO Premium plugin. -->","yoast_head_json":{"title":"Reguladores de tensi\u00f3n - Standard Motor Products, Inc.","description":"Descubra los fiables reguladores de tensi\u00f3n de SMP para plataformas de motores peque\u00f1os. Nuestras soluciones garantizan una gesti\u00f3n eficiente de la energ\u00eda para bater\u00edas, motores de arranque y accesorios.","robots":{"index":"index","follow":"follow","max-snippet":"max-snippet:-1","max-image-preview":"max-image-preview:large","max-video-preview":"max-video-preview:-1"},"canonical":"https:\/\/www.smpengineeredsolutions.com\/es\/productos\/reguladores-de-tension\/","og_locale":"es_ES","og_type":"article","og_title":"Reguladores de tensi\u00f3n","og_description":"Descubra los fiables reguladores de tensi\u00f3n de SMP para plataformas de motores peque\u00f1os. Nuestras soluciones garantizan una gesti\u00f3n eficiente de la energ\u00eda para bater\u00edas, motores de arranque y accesorios.","og_url":"https:\/\/www.smpengineeredsolutions.com\/es\/productos\/reguladores-de-tension\/","og_site_name":"Standard Motor Products, Inc.","article_modified_time":"2025-04-28T20:42:08+00:00","og_image":[{"url":"https:\/\/www.smpengineeredsolutions.com\/wp-content\/uploads\/SMP-Trombetta-4C-500x75.png","type":"","width":"","height":""}],"twitter_misc":{"Tiempo de lectura":"2 minutos"},"schema":{"@context":"https:\/\/schema.org","@graph":[{"@type":"WebPage","@id":"https:\/\/www.smpengineeredsolutions.com\/es\/productos\/reguladores-de-tension\/","url":"https:\/\/www.smpengineeredsolutions.com\/es\/productos\/reguladores-de-tension\/","name":"Reguladores de tensi\u00f3n - Standard Motor Products, Inc.","isPartOf":{"@id":"https:\/\/www._tcp.smpengineeredsolutions.com\/#website"},"primaryImageOfPage":{"@id":"https:\/\/www.smpengineeredsolutions.com\/es\/productos\/reguladores-de-tension\/#primaryimage"},"image":{"@id":"https:\/\/www.smpengineeredsolutions.com\/es\/productos\/reguladores-de-tension\/#primaryimage"},"thumbnailUrl":"https:\/\/www.smpengineeredsolutions.com\/wp-content\/uploads\/SMP-Trombetta-4C-500x75.png","datePublished":"2023-01-09T19:44:53+00:00","dateModified":"2025-04-28T20:42:08+00:00","description":"Descubra los fiables reguladores de tensi\u00f3n de SMP para plataformas de motores peque\u00f1os. Nuestras soluciones garantizan una gesti\u00f3n eficiente de la energ\u00eda para bater\u00edas, motores de arranque y accesorios.","breadcrumb":{"@id":"https:\/\/www.smpengineeredsolutions.com\/es\/productos\/reguladores-de-tension\/#breadcrumb"},"inLanguage":"es","potentialAction":[{"@type":"ReadAction","target":["https:\/\/www.smpengineeredsolutions.com\/es\/productos\/reguladores-de-tension\/"]}]},{"@type":"ImageObject","inLanguage":"es","@id":"https:\/\/www.smpengineeredsolutions.com\/es\/productos\/reguladores-de-tension\/#primaryimage","url":"https:\/\/www.smpengineeredsolutions.com\/wp-content\/uploads\/SMP-Trombetta-4C-500x75.png","contentUrl":"https:\/\/www.smpengineeredsolutions.com\/wp-content\/uploads\/SMP-Trombetta-4C-500x75.png"},{"@type":"BreadcrumbList","@id":"https:\/\/www.smpengineeredsolutions.com\/es\/productos\/reguladores-de-tension\/#breadcrumb","itemListElement":[{"@type":"ListItem","position":1,"name":"Home","item":"https:\/\/www.smpengineeredsolutions.com\/es\/"},{"@type":"ListItem","position":2,"name":"Productos","item":"https:\/\/www.smpengineeredsolutions.com\/es\/productos\/"},{"@type":"ListItem","position":3,"name":"Reguladores de tensi\u00f3n"}]},{"@type":"WebSite","@id":"https:\/\/www._tcp.smpengineeredsolutions.com\/#website","url":"https:\/\/www._tcp.smpengineeredsolutions.com\/","name":"Standard Motor Products, Inc.","description":"","publisher":{"@id":"https:\/\/www._tcp.smpengineeredsolutions.com\/#organization"},"potentialAction":[{"@type":"SearchAction","target":{"@type":"EntryPoint","urlTemplate":"https:\/\/www._tcp.smpengineeredsolutions.com\/?s={search_term_string}"},"query-input":{"@type":"PropertyValueSpecification","valueRequired":true,"valueName":"search_term_string"}}],"inLanguage":"es"},{"@type":"Organization","@id":"https:\/\/www._tcp.smpengineeredsolutions.com\/#organization","name":"SMP\u00ae Engineered Solutions","url":"https:\/\/www._tcp.smpengineeredsolutions.com\/","logo":{"@type":"ImageObject","inLanguage":"es","@id":"https:\/\/www._tcp.smpengineeredsolutions.com\/#\/schema\/logo\/image\/","url":"https:\/\/www.a.smpengineeredsolutions.com\/wp-content\/uploads\/smp-logo.png","contentUrl":"https:\/\/www.a.smpengineeredsolutions.com\/wp-content\/uploads\/smp-logo.png","width":264,"height":117,"caption":"SMP\u00ae Engineered Solutions"},"image":{"@id":"https:\/\/www._tcp.smpengineeredsolutions.com\/#\/schema\/logo\/image\/"},"sameAs":["https:\/\/www.youtube.com\/@StandardMotorProductsInc","https:\/\/www.linkedin.com\/company\/standard-motor-products"]}]}},"_links":{"self":[{"href":"https:\/\/www.smpengineeredsolutions.com\/es\/wp-json\/wp\/v2\/pages\/5405","targetHints":{"allow":["GET"]}}],"collection":[{"href":"https:\/\/www.smpengineeredsolutions.com\/es\/wp-json\/wp\/v2\/pages"}],"about":[{"href":"https:\/\/www.smpengineeredsolutions.com\/es\/wp-json\/wp\/v2\/types\/page"}],"author":[{"embeddable":true,"href":"https:\/\/www.smpengineeredsolutions.com\/es\/wp-json\/wp\/v2\/users\/27"}],"replies":[{"embeddable":true,"href":"https:\/\/www.smpengineeredsolutions.com\/es\/wp-json\/wp\/v2\/comments?post=5405"}],"version-history":[{"count":2,"href":"https:\/\/www.smpengineeredsolutions.com\/es\/wp-json\/wp\/v2\/pages\/5405\/revisions"}],"predecessor-version":[{"id":6994,"href":"https:\/\/www.smpengineeredsolutions.com\/es\/wp-json\/wp\/v2\/pages\/5405\/revisions\/6994"}],"up":[{"embeddable":true,"href":"https:\/\/www.smpengineeredsolutions.com\/es\/wp-json\/wp\/v2\/pages\/5264"}],"wp:attachment":[{"href":"https:\/\/www.smpengineeredsolutions.com\/es\/wp-json\/wp\/v2\/media?parent=5405"}],"curies":[{"name":"wp","href":"https:\/\/api.w.org\/{rel}","templated":true}]}}