{"id":5403,"date":"2023-01-10T07:19:29","date_gmt":"2023-01-10T12:19:29","guid":{"rendered":"https:\/\/smpengineeredsolutions.com\/?page_id=5403"},"modified":"2023-09-08T06:02:14","modified_gmt":"2023-09-08T06:02:14","slug":"valvulas-de-ventilacion-positiva-del-carter","status":"publish","type":"page","link":"https:\/\/www.smpengineeredsolutions.com\/es\/productos\/control-termico\/valvulas\/valvulas-de-ventilacion-positiva-del-carter\/","title":{"rendered":"V\u00e1lvulas de ventilaci\u00f3n positiva del c\u00e1rter"},"content":{"rendered":"<h2>Fundamentos<\/h2>\n<p>Cuando un motor funciona, la presi\u00f3n de combusti\u00f3n provoca fugas de gases en el c\u00e1rter del motor. Estos gases suelen contener combustible no quemado, agua y componentes qu\u00edmicos que pueden contaminar el aceite o los componentes del motor. Por lo tanto, se hace necesario un sistema para eliminar estos gases.<\/p>\n<p>La v\u00e1lvula de ventilaci\u00f3n positiva del c\u00e1rter (PCV) es un sistema sencillo que introduce aire fresco filtrado en el c\u00e1rter. La v\u00e1lvula PCV utiliza el vac\u00edo del motor para extraer aire a trav\u00e9s del c\u00e1rter y reintroducirlo en el sistema del colector de admisi\u00f3n.<\/p>\n<p>SMP Engineered Solutions dise\u00f1a y fabrica v\u00e1lvulas PCV utilizadas en m\u00faltiples marcas y modelos de motores. Las v\u00e1lvulas PCV est\u00e1n disponibles en una variedad de ajustes y formas para satisfacer las necesidades de nuestros clientes.<\/p>\n","protected":false},"excerpt":{"rendered":"<p>Fundamentos Cuando un motor funciona, la presi\u00f3n de combusti\u00f3n provoca fugas de gases en el c\u00e1rter del motor. Estos gases suelen contener combustible no quemado, agua y componentes qu\u00edmicos que pueden contaminar el aceite o los componentes del motor. Por lo tanto, se hace necesario un sistema para eliminar estos gases. La v\u00e1lvula de ventilaci\u00f3n&#8230; [&#8230;]<\/p>\n<p><a class=\"btn btn-secondary understrap-read-more-link\" href=\"https:\/\/www.smpengineeredsolutions.com\/es\/productos\/control-termico\/valvulas\/valvulas-de-ventilacion-positiva-del-carter\/\">Leer m\u00e1s&#8230;<\/a><\/p>\n","protected":false},"author":27,"featured_media":0,"parent":5402,"menu_order":0,"comment_status":"closed","ping_status":"closed","template":"page-templates\/destination-content.php","meta":{"_acf_changed":false,"inline_featured_image":false,"footnotes":""},"class_list":["post-5403","page","type-page","status-publish","hentry"],"featured_image_src":null,"acf":[],"yoast_head":"<!-- This site is optimized with the Yoast SEO Premium plugin v27.4 (Yoast SEO v27.4) - https:\/\/yoast.com\/product\/yoast-seo-premium-wordpress\/ -->\n<title>V\u00e1lvulas de ventilaci\u00f3n positiva del c\u00e1rter - Standard Motor Products, Inc.<\/title>\n<meta name=\"robots\" content=\"index, follow, max-snippet:-1, max-image-preview:large, max-video-preview:-1\" \/>\n<link rel=\"canonical\" href=\"https:\/\/www.smpengineeredsolutions.com\/es\/productos\/control-termico\/valvulas\/valvulas-de-ventilacion-positiva-del-carter\/\" \/>\n<meta property=\"og:locale\" content=\"es_ES\" \/>\n<meta property=\"og:type\" content=\"article\" \/>\n<meta property=\"og:title\" content=\"V\u00e1lvulas de ventilaci\u00f3n positiva del c\u00e1rter\" \/>\n<meta property=\"og:description\" content=\"Fundamentos Cuando un motor funciona, la presi\u00f3n de combusti\u00f3n provoca fugas de gases en el c\u00e1rter del motor. Estos gases suelen contener combustible no quemado, agua y componentes qu\u00edmicos que pueden contaminar el aceite o los componentes del motor. Por lo tanto, se hace necesario un sistema para eliminar estos gases. La v\u00e1lvula de ventilaci\u00f3n... [...]Leer m\u00e1s...\" \/>\n<meta property=\"og:url\" content=\"https:\/\/www.smpengineeredsolutions.com\/es\/productos\/control-termico\/valvulas\/valvulas-de-ventilacion-positiva-del-carter\/\" \/>\n<meta property=\"og:site_name\" content=\"Standard Motor Products, Inc.\" \/>\n<meta property=\"article:modified_time\" content=\"2023-09-08T06:02:14+00:00\" \/>\n<meta name=\"twitter:label1\" content=\"Tiempo de lectura\" \/>\n\t<meta name=\"twitter:data1\" content=\"1 minuto\" \/>\n<script type=\"application\/ld+json\" class=\"yoast-schema-graph\">{\"@context\":\"https:\\\/\\\/schema.org\",\"@graph\":[{\"@type\":\"WebPage\",\"@id\":\"https:\\\/\\\/www.smpengineeredsolutions.com\\\/es\\\/productos\\\/control-termico\\\/valvulas\\\/valvulas-de-ventilacion-positiva-del-carter\\\/\",\"url\":\"https:\\\/\\\/www.smpengineeredsolutions.com\\\/es\\\/productos\\\/control-termico\\\/valvulas\\\/valvulas-de-ventilacion-positiva-del-carter\\\/\",\"name\":\"V\u00e1lvulas de ventilaci\u00f3n positiva del c\u00e1rter - Standard Motor Products, Inc.\",\"isPartOf\":{\"@id\":\"https:\\\/\\\/www._tcp.smpengineeredsolutions.com\\\/#website\"},\"datePublished\":\"2023-01-10T12:19:29+00:00\",\"dateModified\":\"2023-09-08T06:02:14+00:00\",\"breadcrumb\":{\"@id\":\"https:\\\/\\\/www.smpengineeredsolutions.com\\\/es\\\/productos\\\/control-termico\\\/valvulas\\\/valvulas-de-ventilacion-positiva-del-carter\\\/#breadcrumb\"},\"inLanguage\":\"es\",\"potentialAction\":[{\"@type\":\"ReadAction\",\"target\":[\"https:\\\/\\\/www.smpengineeredsolutions.com\\\/es\\\/productos\\\/control-termico\\\/valvulas\\\/valvulas-de-ventilacion-positiva-del-carter\\\/\"]}]},{\"@type\":\"BreadcrumbList\",\"@id\":\"https:\\\/\\\/www.smpengineeredsolutions.com\\\/es\\\/productos\\\/control-termico\\\/valvulas\\\/valvulas-de-ventilacion-positiva-del-carter\\\/#breadcrumb\",\"itemListElement\":[{\"@type\":\"ListItem\",\"position\":1,\"name\":\"Home\",\"item\":\"https:\\\/\\\/www.smpengineeredsolutions.com\\\/es\\\/\"},{\"@type\":\"ListItem\",\"position\":2,\"name\":\"Productos\",\"item\":\"https:\\\/\\\/www.smpengineeredsolutions.com\\\/es\\\/productos\\\/\"},{\"@type\":\"ListItem\",\"position\":3,\"name\":\"Control t\u00e9rmico\",\"item\":\"https:\\\/\\\/www.sitemaps.smpengineeredsolutions.com\\\/es\\\/productos\\\/control-termico\\\/\"},{\"@type\":\"ListItem\",\"position\":4,\"name\":\"V\u00e1lvulas\",\"item\":\"https:\\\/\\\/www.sitemaps.smpengineeredsolutions.com\\\/es\\\/productos\\\/control-termico\\\/valvulas\\\/\"},{\"@type\":\"ListItem\",\"position\":5,\"name\":\"V\u00e1lvulas de ventilaci\u00f3n positiva del c\u00e1rter\"}]},{\"@type\":\"WebSite\",\"@id\":\"https:\\\/\\\/www._tcp.smpengineeredsolutions.com\\\/#website\",\"url\":\"https:\\\/\\\/www._tcp.smpengineeredsolutions.com\\\/\",\"name\":\"Standard Motor Products, Inc.\",\"description\":\"\",\"publisher\":{\"@id\":\"https:\\\/\\\/www._tcp.smpengineeredsolutions.com\\\/#organization\"},\"potentialAction\":[{\"@type\":\"SearchAction\",\"target\":{\"@type\":\"EntryPoint\",\"urlTemplate\":\"https:\\\/\\\/www._tcp.smpengineeredsolutions.com\\\/?s={search_term_string}\"},\"query-input\":{\"@type\":\"PropertyValueSpecification\",\"valueRequired\":true,\"valueName\":\"search_term_string\"}}],\"inLanguage\":\"es\"},{\"@type\":\"Organization\",\"@id\":\"https:\\\/\\\/www._tcp.smpengineeredsolutions.com\\\/#organization\",\"name\":\"SMP\u00ae Engineered Solutions\",\"url\":\"https:\\\/\\\/www._tcp.smpengineeredsolutions.com\\\/\",\"logo\":{\"@type\":\"ImageObject\",\"inLanguage\":\"es\",\"@id\":\"https:\\\/\\\/www._tcp.smpengineeredsolutions.com\\\/#\\\/schema\\\/logo\\\/image\\\/\",\"url\":\"https:\\\/\\\/www.a.smpengineeredsolutions.com\\\/wp-content\\\/uploads\\\/smp-logo.png\",\"contentUrl\":\"https:\\\/\\\/www.a.smpengineeredsolutions.com\\\/wp-content\\\/uploads\\\/smp-logo.png\",\"width\":264,\"height\":117,\"caption\":\"SMP\u00ae Engineered Solutions\"},\"image\":{\"@id\":\"https:\\\/\\\/www._tcp.smpengineeredsolutions.com\\\/#\\\/schema\\\/logo\\\/image\\\/\"},\"sameAs\":[\"https:\\\/\\\/www.youtube.com\\\/@StandardMotorProductsInc\",\"https:\\\/\\\/www.linkedin.com\\\/company\\\/standard-motor-products\"]}]}<\/script>\n<!-- \/ Yoast SEO Premium plugin. -->","yoast_head_json":{"title":"V\u00e1lvulas de ventilaci\u00f3n positiva del c\u00e1rter - Standard Motor Products, Inc.","robots":{"index":"index","follow":"follow","max-snippet":"max-snippet:-1","max-image-preview":"max-image-preview:large","max-video-preview":"max-video-preview:-1"},"canonical":"https:\/\/www.smpengineeredsolutions.com\/es\/productos\/control-termico\/valvulas\/valvulas-de-ventilacion-positiva-del-carter\/","og_locale":"es_ES","og_type":"article","og_title":"V\u00e1lvulas de ventilaci\u00f3n positiva del c\u00e1rter","og_description":"Fundamentos Cuando un motor funciona, la presi\u00f3n de combusti\u00f3n provoca fugas de gases en el c\u00e1rter del motor. Estos gases suelen contener combustible no quemado, agua y componentes qu\u00edmicos que pueden contaminar el aceite o los componentes del motor. Por lo tanto, se hace necesario un sistema para eliminar estos gases. La v\u00e1lvula de ventilaci\u00f3n... [...]Leer m\u00e1s...","og_url":"https:\/\/www.smpengineeredsolutions.com\/es\/productos\/control-termico\/valvulas\/valvulas-de-ventilacion-positiva-del-carter\/","og_site_name":"Standard Motor Products, Inc.","article_modified_time":"2023-09-08T06:02:14+00:00","twitter_misc":{"Tiempo de lectura":"1 minuto"},"schema":{"@context":"https:\/\/schema.org","@graph":[{"@type":"WebPage","@id":"https:\/\/www.smpengineeredsolutions.com\/es\/productos\/control-termico\/valvulas\/valvulas-de-ventilacion-positiva-del-carter\/","url":"https:\/\/www.smpengineeredsolutions.com\/es\/productos\/control-termico\/valvulas\/valvulas-de-ventilacion-positiva-del-carter\/","name":"V\u00e1lvulas de ventilaci\u00f3n positiva del c\u00e1rter - Standard Motor Products, Inc.","isPartOf":{"@id":"https:\/\/www._tcp.smpengineeredsolutions.com\/#website"},"datePublished":"2023-01-10T12:19:29+00:00","dateModified":"2023-09-08T06:02:14+00:00","breadcrumb":{"@id":"https:\/\/www.smpengineeredsolutions.com\/es\/productos\/control-termico\/valvulas\/valvulas-de-ventilacion-positiva-del-carter\/#breadcrumb"},"inLanguage":"es","potentialAction":[{"@type":"ReadAction","target":["https:\/\/www.smpengineeredsolutions.com\/es\/productos\/control-termico\/valvulas\/valvulas-de-ventilacion-positiva-del-carter\/"]}]},{"@type":"BreadcrumbList","@id":"https:\/\/www.smpengineeredsolutions.com\/es\/productos\/control-termico\/valvulas\/valvulas-de-ventilacion-positiva-del-carter\/#breadcrumb","itemListElement":[{"@type":"ListItem","position":1,"name":"Home","item":"https:\/\/www.smpengineeredsolutions.com\/es\/"},{"@type":"ListItem","position":2,"name":"Productos","item":"https:\/\/www.smpengineeredsolutions.com\/es\/productos\/"},{"@type":"ListItem","position":3,"name":"Control t\u00e9rmico","item":"https:\/\/www.sitemaps.smpengineeredsolutions.com\/es\/productos\/control-termico\/"},{"@type":"ListItem","position":4,"name":"V\u00e1lvulas","item":"https:\/\/www.sitemaps.smpengineeredsolutions.com\/es\/productos\/control-termico\/valvulas\/"},{"@type":"ListItem","position":5,"name":"V\u00e1lvulas de ventilaci\u00f3n positiva del c\u00e1rter"}]},{"@type":"WebSite","@id":"https:\/\/www._tcp.smpengineeredsolutions.com\/#website","url":"https:\/\/www._tcp.smpengineeredsolutions.com\/","name":"Standard Motor Products, Inc.","description":"","publisher":{"@id":"https:\/\/www._tcp.smpengineeredsolutions.com\/#organization"},"potentialAction":[{"@type":"SearchAction","target":{"@type":"EntryPoint","urlTemplate":"https:\/\/www._tcp.smpengineeredsolutions.com\/?s={search_term_string}"},"query-input":{"@type":"PropertyValueSpecification","valueRequired":true,"valueName":"search_term_string"}}],"inLanguage":"es"},{"@type":"Organization","@id":"https:\/\/www._tcp.smpengineeredsolutions.com\/#organization","name":"SMP\u00ae Engineered Solutions","url":"https:\/\/www._tcp.smpengineeredsolutions.com\/","logo":{"@type":"ImageObject","inLanguage":"es","@id":"https:\/\/www._tcp.smpengineeredsolutions.com\/#\/schema\/logo\/image\/","url":"https:\/\/www.a.smpengineeredsolutions.com\/wp-content\/uploads\/smp-logo.png","contentUrl":"https:\/\/www.a.smpengineeredsolutions.com\/wp-content\/uploads\/smp-logo.png","width":264,"height":117,"caption":"SMP\u00ae Engineered Solutions"},"image":{"@id":"https:\/\/www._tcp.smpengineeredsolutions.com\/#\/schema\/logo\/image\/"},"sameAs":["https:\/\/www.youtube.com\/@StandardMotorProductsInc","https:\/\/www.linkedin.com\/company\/standard-motor-products"]}]}},"_links":{"self":[{"href":"https:\/\/www.smpengineeredsolutions.com\/es\/wp-json\/wp\/v2\/pages\/5403","targetHints":{"allow":["GET"]}}],"collection":[{"href":"https:\/\/www.smpengineeredsolutions.com\/es\/wp-json\/wp\/v2\/pages"}],"about":[{"href":"https:\/\/www.smpengineeredsolutions.com\/es\/wp-json\/wp\/v2\/types\/page"}],"author":[{"embeddable":true,"href":"https:\/\/www.smpengineeredsolutions.com\/es\/wp-json\/wp\/v2\/users\/27"}],"replies":[{"embeddable":true,"href":"https:\/\/www.smpengineeredsolutions.com\/es\/wp-json\/wp\/v2\/comments?post=5403"}],"version-history":[{"count":0,"href":"https:\/\/www.smpengineeredsolutions.com\/es\/wp-json\/wp\/v2\/pages\/5403\/revisions"}],"up":[{"embeddable":true,"href":"https:\/\/www.smpengineeredsolutions.com\/es\/wp-json\/wp\/v2\/pages\/5402"}],"wp:attachment":[{"href":"https:\/\/www.smpengineeredsolutions.com\/es\/wp-json\/wp\/v2\/media?parent=5403"}],"curies":[{"name":"wp","href":"https:\/\/api.w.org\/{rel}","templated":true}]}}