{"id":5402,"date":"2023-01-09T13:22:12","date_gmt":"2023-01-09T18:22:12","guid":{"rendered":"https:\/\/smpengineeredsolutions.com\/?page_id=5402"},"modified":"2025-04-28T16:13:45","modified_gmt":"2025-04-28T20:13:45","slug":"valvulas","status":"publish","type":"page","link":"https:\/\/www.smpengineeredsolutions.com\/es\/productos\/control-termico\/valvulas\/","title":{"rendered":"V\u00e1lvulas"},"content":{"rendered":"<p>Las v\u00e1lvulas de expansi\u00f3n de SMP Engineered Solutions ofrecen el rendimiento y la durabilidad acordes con su linaje, que se remonta a los inicios de la propia industria de la climatizaci\u00f3n de autom\u00f3viles. Utilizamos las herramientas y la informaci\u00f3n de dise\u00f1o originales (incluidas las caracter\u00edsticas patentadas) para ofrecer a nuestros clientes los controles de refrigerante que esperan de un proveedor de primera clase.<\/p>\n","protected":false},"excerpt":{"rendered":"<p>Las v\u00e1lvulas de expansi\u00f3n de SMP Engineered Solutions ofrecen el rendimiento y la durabilidad acordes con su linaje, que se remonta a los inicios de la propia industria de la climatizaci\u00f3n de autom\u00f3viles. Utilizamos las herramientas y la informaci\u00f3n de dise\u00f1o originales (incluidas las caracter\u00edsticas patentadas) para ofrecer a nuestros clientes los controles de refrigerante&#8230; [&#8230;]<\/p>\n<p><a class=\"btn btn-secondary understrap-read-more-link\" href=\"https:\/\/www.smpengineeredsolutions.com\/es\/productos\/control-termico\/valvulas\/\">Leer m\u00e1s&#8230;<\/a><\/p>\n","protected":false},"author":27,"featured_media":0,"parent":6463,"menu_order":0,"comment_status":"closed","ping_status":"closed","template":"page-templates\/destination-bucket.php","meta":{"_acf_changed":false,"inline_featured_image":false,"footnotes":""},"class_list":["post-5402","page","type-page","status-publish","hentry"],"featured_image_src":null,"acf":[],"yoast_head":"<!-- This site is optimized with the Yoast SEO Premium plugin v27.4 (Yoast SEO v27.4) - https:\/\/yoast.com\/product\/yoast-seo-premium-wordpress\/ -->\n<title>V\u00e1lvulas - Standard Motor Products, Inc.<\/title>\n<meta name=\"description\" content=\"Explore las v\u00e1lvulas de Standard Motors Product, Inc. - V\u00e1lvulas de alta calidad y coste competitivo para sus aplicaciones e industria.\" \/>\n<meta name=\"robots\" content=\"index, follow, max-snippet:-1, max-image-preview:large, max-video-preview:-1\" \/>\n<link rel=\"canonical\" href=\"https:\/\/www.smpengineeredsolutions.com\/es\/productos\/control-termico\/valvulas\/\" \/>\n<meta property=\"og:locale\" content=\"es_ES\" \/>\n<meta property=\"og:type\" content=\"article\" \/>\n<meta property=\"og:title\" content=\"V\u00e1lvulas\" \/>\n<meta property=\"og:description\" content=\"Explore las v\u00e1lvulas de Standard Motors Product, Inc. - V\u00e1lvulas de alta calidad y coste competitivo para sus aplicaciones e industria.\" \/>\n<meta property=\"og:url\" content=\"https:\/\/www.smpengineeredsolutions.com\/es\/productos\/control-termico\/valvulas\/\" \/>\n<meta property=\"og:site_name\" content=\"Standard Motor Products, Inc.\" \/>\n<meta property=\"article:modified_time\" content=\"2025-04-28T20:13:45+00:00\" \/>\n<meta name=\"twitter:label1\" content=\"Tiempo de lectura\" \/>\n\t<meta name=\"twitter:data1\" content=\"1 minuto\" \/>\n<script type=\"application\/ld+json\" class=\"yoast-schema-graph\">{\"@context\":\"https:\\\/\\\/schema.org\",\"@graph\":[{\"@type\":\"WebPage\",\"@id\":\"https:\\\/\\\/www.smpengineeredsolutions.com\\\/es\\\/productos\\\/control-termico\\\/valvulas\\\/\",\"url\":\"https:\\\/\\\/www.smpengineeredsolutions.com\\\/es\\\/productos\\\/control-termico\\\/valvulas\\\/\",\"name\":\"V\u00e1lvulas - Standard Motor Products, Inc.\",\"isPartOf\":{\"@id\":\"https:\\\/\\\/www._tcp.smpengineeredsolutions.com\\\/#website\"},\"datePublished\":\"2023-01-09T18:22:12+00:00\",\"dateModified\":\"2025-04-28T20:13:45+00:00\",\"description\":\"Explore las v\u00e1lvulas de Standard Motors Product, Inc. - V\u00e1lvulas de alta calidad y coste competitivo para sus aplicaciones e industria.\",\"breadcrumb\":{\"@id\":\"https:\\\/\\\/www.smpengineeredsolutions.com\\\/es\\\/productos\\\/control-termico\\\/valvulas\\\/#breadcrumb\"},\"inLanguage\":\"es\",\"potentialAction\":[{\"@type\":\"ReadAction\",\"target\":[\"https:\\\/\\\/www.smpengineeredsolutions.com\\\/es\\\/productos\\\/control-termico\\\/valvulas\\\/\"]}]},{\"@type\":\"BreadcrumbList\",\"@id\":\"https:\\\/\\\/www.smpengineeredsolutions.com\\\/es\\\/productos\\\/control-termico\\\/valvulas\\\/#breadcrumb\",\"itemListElement\":[{\"@type\":\"ListItem\",\"position\":1,\"name\":\"Home\",\"item\":\"https:\\\/\\\/www.smpengineeredsolutions.com\\\/es\\\/\"},{\"@type\":\"ListItem\",\"position\":2,\"name\":\"Productos\",\"item\":\"https:\\\/\\\/www.smpengineeredsolutions.com\\\/es\\\/productos\\\/\"},{\"@type\":\"ListItem\",\"position\":3,\"name\":\"Control t\u00e9rmico\",\"item\":\"https:\\\/\\\/www.sitemaps.smpengineeredsolutions.com\\\/es\\\/productos\\\/control-termico\\\/\"},{\"@type\":\"ListItem\",\"position\":4,\"name\":\"V\u00e1lvulas\"}]},{\"@type\":\"WebSite\",\"@id\":\"https:\\\/\\\/www._tcp.smpengineeredsolutions.com\\\/#website\",\"url\":\"https:\\\/\\\/www._tcp.smpengineeredsolutions.com\\\/\",\"name\":\"Standard Motor Products, Inc.\",\"description\":\"\",\"publisher\":{\"@id\":\"https:\\\/\\\/www._tcp.smpengineeredsolutions.com\\\/#organization\"},\"potentialAction\":[{\"@type\":\"SearchAction\",\"target\":{\"@type\":\"EntryPoint\",\"urlTemplate\":\"https:\\\/\\\/www._tcp.smpengineeredsolutions.com\\\/?s={search_term_string}\"},\"query-input\":{\"@type\":\"PropertyValueSpecification\",\"valueRequired\":true,\"valueName\":\"search_term_string\"}}],\"inLanguage\":\"es\"},{\"@type\":\"Organization\",\"@id\":\"https:\\\/\\\/www._tcp.smpengineeredsolutions.com\\\/#organization\",\"name\":\"SMP\u00ae Engineered Solutions\",\"url\":\"https:\\\/\\\/www._tcp.smpengineeredsolutions.com\\\/\",\"logo\":{\"@type\":\"ImageObject\",\"inLanguage\":\"es\",\"@id\":\"https:\\\/\\\/www._tcp.smpengineeredsolutions.com\\\/#\\\/schema\\\/logo\\\/image\\\/\",\"url\":\"https:\\\/\\\/www.a.smpengineeredsolutions.com\\\/wp-content\\\/uploads\\\/smp-logo.png\",\"contentUrl\":\"https:\\\/\\\/www.a.smpengineeredsolutions.com\\\/wp-content\\\/uploads\\\/smp-logo.png\",\"width\":264,\"height\":117,\"caption\":\"SMP\u00ae Engineered Solutions\"},\"image\":{\"@id\":\"https:\\\/\\\/www._tcp.smpengineeredsolutions.com\\\/#\\\/schema\\\/logo\\\/image\\\/\"},\"sameAs\":[\"https:\\\/\\\/www.youtube.com\\\/@StandardMotorProductsInc\",\"https:\\\/\\\/www.linkedin.com\\\/company\\\/standard-motor-products\"]}]}<\/script>\n<!-- \/ Yoast SEO Premium plugin. -->","yoast_head_json":{"title":"V\u00e1lvulas - Standard Motor Products, Inc.","description":"Explore las v\u00e1lvulas de Standard Motors Product, Inc. - V\u00e1lvulas de alta calidad y coste competitivo para sus aplicaciones e industria.","robots":{"index":"index","follow":"follow","max-snippet":"max-snippet:-1","max-image-preview":"max-image-preview:large","max-video-preview":"max-video-preview:-1"},"canonical":"https:\/\/www.smpengineeredsolutions.com\/es\/productos\/control-termico\/valvulas\/","og_locale":"es_ES","og_type":"article","og_title":"V\u00e1lvulas","og_description":"Explore las v\u00e1lvulas de Standard Motors Product, Inc. - V\u00e1lvulas de alta calidad y coste competitivo para sus aplicaciones e industria.","og_url":"https:\/\/www.smpengineeredsolutions.com\/es\/productos\/control-termico\/valvulas\/","og_site_name":"Standard Motor Products, Inc.","article_modified_time":"2025-04-28T20:13:45+00:00","twitter_misc":{"Tiempo de lectura":"1 minuto"},"schema":{"@context":"https:\/\/schema.org","@graph":[{"@type":"WebPage","@id":"https:\/\/www.smpengineeredsolutions.com\/es\/productos\/control-termico\/valvulas\/","url":"https:\/\/www.smpengineeredsolutions.com\/es\/productos\/control-termico\/valvulas\/","name":"V\u00e1lvulas - Standard Motor Products, Inc.","isPartOf":{"@id":"https:\/\/www._tcp.smpengineeredsolutions.com\/#website"},"datePublished":"2023-01-09T18:22:12+00:00","dateModified":"2025-04-28T20:13:45+00:00","description":"Explore las v\u00e1lvulas de Standard Motors Product, Inc. - V\u00e1lvulas de alta calidad y coste competitivo para sus aplicaciones e industria.","breadcrumb":{"@id":"https:\/\/www.smpengineeredsolutions.com\/es\/productos\/control-termico\/valvulas\/#breadcrumb"},"inLanguage":"es","potentialAction":[{"@type":"ReadAction","target":["https:\/\/www.smpengineeredsolutions.com\/es\/productos\/control-termico\/valvulas\/"]}]},{"@type":"BreadcrumbList","@id":"https:\/\/www.smpengineeredsolutions.com\/es\/productos\/control-termico\/valvulas\/#breadcrumb","itemListElement":[{"@type":"ListItem","position":1,"name":"Home","item":"https:\/\/www.smpengineeredsolutions.com\/es\/"},{"@type":"ListItem","position":2,"name":"Productos","item":"https:\/\/www.smpengineeredsolutions.com\/es\/productos\/"},{"@type":"ListItem","position":3,"name":"Control t\u00e9rmico","item":"https:\/\/www.sitemaps.smpengineeredsolutions.com\/es\/productos\/control-termico\/"},{"@type":"ListItem","position":4,"name":"V\u00e1lvulas"}]},{"@type":"WebSite","@id":"https:\/\/www._tcp.smpengineeredsolutions.com\/#website","url":"https:\/\/www._tcp.smpengineeredsolutions.com\/","name":"Standard Motor Products, Inc.","description":"","publisher":{"@id":"https:\/\/www._tcp.smpengineeredsolutions.com\/#organization"},"potentialAction":[{"@type":"SearchAction","target":{"@type":"EntryPoint","urlTemplate":"https:\/\/www._tcp.smpengineeredsolutions.com\/?s={search_term_string}"},"query-input":{"@type":"PropertyValueSpecification","valueRequired":true,"valueName":"search_term_string"}}],"inLanguage":"es"},{"@type":"Organization","@id":"https:\/\/www._tcp.smpengineeredsolutions.com\/#organization","name":"SMP\u00ae Engineered Solutions","url":"https:\/\/www._tcp.smpengineeredsolutions.com\/","logo":{"@type":"ImageObject","inLanguage":"es","@id":"https:\/\/www._tcp.smpengineeredsolutions.com\/#\/schema\/logo\/image\/","url":"https:\/\/www.a.smpengineeredsolutions.com\/wp-content\/uploads\/smp-logo.png","contentUrl":"https:\/\/www.a.smpengineeredsolutions.com\/wp-content\/uploads\/smp-logo.png","width":264,"height":117,"caption":"SMP\u00ae Engineered Solutions"},"image":{"@id":"https:\/\/www._tcp.smpengineeredsolutions.com\/#\/schema\/logo\/image\/"},"sameAs":["https:\/\/www.youtube.com\/@StandardMotorProductsInc","https:\/\/www.linkedin.com\/company\/standard-motor-products"]}]}},"_links":{"self":[{"href":"https:\/\/www.smpengineeredsolutions.com\/es\/wp-json\/wp\/v2\/pages\/5402","targetHints":{"allow":["GET"]}}],"collection":[{"href":"https:\/\/www.smpengineeredsolutions.com\/es\/wp-json\/wp\/v2\/pages"}],"about":[{"href":"https:\/\/www.smpengineeredsolutions.com\/es\/wp-json\/wp\/v2\/types\/page"}],"author":[{"embeddable":true,"href":"https:\/\/www.smpengineeredsolutions.com\/es\/wp-json\/wp\/v2\/users\/27"}],"replies":[{"embeddable":true,"href":"https:\/\/www.smpengineeredsolutions.com\/es\/wp-json\/wp\/v2\/comments?post=5402"}],"version-history":[{"count":2,"href":"https:\/\/www.smpengineeredsolutions.com\/es\/wp-json\/wp\/v2\/pages\/5402\/revisions"}],"predecessor-version":[{"id":7159,"href":"https:\/\/www.smpengineeredsolutions.com\/es\/wp-json\/wp\/v2\/pages\/5402\/revisions\/7159"}],"up":[{"embeddable":true,"href":"https:\/\/www.smpengineeredsolutions.com\/es\/wp-json\/wp\/v2\/pages\/6463"}],"wp:attachment":[{"href":"https:\/\/www.smpengineeredsolutions.com\/es\/wp-json\/wp\/v2\/media?parent=5402"}],"curies":[{"name":"wp","href":"https:\/\/api.w.org\/{rel}","templated":true}]}}