{"id":5399,"date":"2023-01-09T12:37:25","date_gmt":"2023-01-09T17:37:25","guid":{"rendered":"https:\/\/smpengineeredsolutions.com\/?page_id=5399"},"modified":"2023-09-05T11:33:45","modified_gmt":"2023-09-05T11:33:45","slug":"enfriadores-del-aceite-de-la-transmision","status":"publish","type":"page","link":"https:\/\/www.smpengineeredsolutions.com\/es\/productos\/control-termico\/intercambiadores-de-calor\/enfriadores-del-aceite-de-la-transmision\/","title":{"rendered":"Enfriadores del aceite de la transmisi\u00f3n"},"content":{"rendered":"<p><strong>Configuraciones y dise\u00f1os personalizados<\/strong><br \/>\nSMP Engineered Solutions se enorgullece de ser pionera en la refrigeraci\u00f3n del aceite de transmisi\u00f3n desde 1960. A lo largo de los a\u00f1os, hemos obtenido las patentes de dise\u00f1os innovadores y nuevos gracias a nuestros expertos ingenieros internos. Nos especializamos en el uso de la \u00faltima tecnolog\u00eda para dise\u00f1ar y entregar una pieza adecuada y satisfacer las necesidades de nuestros clientes.<\/p>\n<p><strong>Conducto redondo y aletas para direcci\u00f3n asistida<\/strong><br \/>\n<a class=\"lightbox d-table\" href=\"https:\/\/www.smpengineeredsolutions.com\/wp-content\/uploads\/1009FRO.jpg\"><img decoding=\"async\" title=\"Conducto redondo y aletas para direcci\u00f3n asistida\" src=\"https:\/\/www.smpengineeredsolutions.com\/wp-content\/uploads\/1009FRO-500x149.jpg\" alt=\"Conducto redondo y aletas para direcci\u00f3n asistida\" width=\"400\" \/><\/a><\/p>\n<p><strong>Enfriadores del aceite de la transmisi\u00f3n de 19 mm<\/strong><br \/>\n<a class=\"lightbox d-table\" href=\"\/wp-content\/uploads\/679-1.jpg\"><img decoding=\"async\" title=\"Enfriadores del aceite de la transmisi\u00f3n de 19 mm\" src=\"\/wp-content\/uploads\/679-1.jpg\" alt=\"Enfriadores del aceite de la transmisi\u00f3n de 19 mm\" width=\"400\" \/><\/a><\/p>\n<p><strong>Enfriadores del aceite del motor de 37 mm<\/strong><br \/>\n<a class=\"lightbox d-table\" href=\"\/wp-content\/uploads\/778-1.jpg\"><img decoding=\"async\" title=\"Enfriadores del aceite del motor de 37 mm\" src=\"\/wp-content\/uploads\/778-1.jpg\" alt=\"Enfriadores del aceite del motor de 37 mm\" width=\"400\" \/><\/a><\/p>\n<p><strong>Desempe\u00f1o<\/strong><\/p>\n<ul>\n<li>L\u00edder en el desempe\u00f1o de la transferencia de calor por tipo de producto en la industria<\/li>\n<li>Todas las unidades (100%) se someten a pruebas de presi\u00f3n para comprobar su estanqueidad e integridad estructural<br \/>\n&#8211; Presi\u00f3n establecida para 200 PSIG (aprox. 13,79 bar) @ 250\u00b0F<br \/>\n&#8211; Se puede embalar con un ventilador para aplicaciones de montaje remoto (12 V CC)<\/li>\n<\/ul>\n","protected":false},"excerpt":{"rendered":"<p>Configuraciones y dise\u00f1os personalizados SMP Engineered Solutions se enorgullece de ser pionera en la refrigeraci\u00f3n del aceite de transmisi\u00f3n desde 1960. A lo largo de los a\u00f1os, hemos obtenido las patentes de dise\u00f1os innovadores y nuevos gracias a nuestros expertos ingenieros internos. Nos especializamos en el uso de la \u00faltima tecnolog\u00eda para dise\u00f1ar y entregar&#8230; [&#8230;]<\/p>\n<p><a class=\"btn btn-secondary understrap-read-more-link\" href=\"https:\/\/www.smpengineeredsolutions.com\/es\/productos\/control-termico\/intercambiadores-de-calor\/enfriadores-del-aceite-de-la-transmision\/\">Leer m\u00e1s&#8230;<\/a><\/p>\n","protected":false},"author":27,"featured_media":0,"parent":5394,"menu_order":0,"comment_status":"closed","ping_status":"closed","template":"page-templates\/destination-content.php","meta":{"_acf_changed":false,"inline_featured_image":false,"footnotes":""},"class_list":["post-5399","page","type-page","status-publish","hentry"],"featured_image_src":null,"acf":[],"yoast_head":"<!-- This site is optimized with the Yoast SEO Premium plugin v27.4 (Yoast SEO v27.4) - https:\/\/yoast.com\/product\/yoast-seo-premium-wordpress\/ -->\n<title>Enfriadores del aceite de la transmisi\u00f3n - Standard Motor Products, Inc.<\/title>\n<meta name=\"robots\" content=\"index, follow, max-snippet:-1, max-image-preview:large, max-video-preview:-1\" \/>\n<link rel=\"canonical\" href=\"https:\/\/www.smpengineeredsolutions.com\/es\/productos\/control-termico\/intercambiadores-de-calor\/enfriadores-del-aceite-de-la-transmision\/\" \/>\n<meta property=\"og:locale\" content=\"es_ES\" \/>\n<meta property=\"og:type\" content=\"article\" \/>\n<meta property=\"og:title\" content=\"Enfriadores del aceite de la transmisi\u00f3n\" \/>\n<meta property=\"og:description\" content=\"Configuraciones y dise\u00f1os personalizados SMP Engineered Solutions se enorgullece de ser pionera en la refrigeraci\u00f3n del aceite de transmisi\u00f3n desde 1960. A lo largo de los a\u00f1os, hemos obtenido las patentes de dise\u00f1os innovadores y nuevos gracias a nuestros expertos ingenieros internos. Nos especializamos en el uso de la \u00faltima tecnolog\u00eda para dise\u00f1ar y entregar... [...]Leer m\u00e1s...\" \/>\n<meta property=\"og:url\" content=\"https:\/\/www.smpengineeredsolutions.com\/es\/productos\/control-termico\/intercambiadores-de-calor\/enfriadores-del-aceite-de-la-transmision\/\" \/>\n<meta property=\"og:site_name\" content=\"Standard Motor Products, Inc.\" \/>\n<meta property=\"article:modified_time\" content=\"2023-09-05T11:33:45+00:00\" \/>\n<meta property=\"og:image\" content=\"https:\/\/www.smpengineeredsolutions.com\/wp-content\/uploads\/1009FRO-500x149.jpg\" \/>\n<meta name=\"twitter:label1\" content=\"Tiempo de lectura\" \/>\n\t<meta name=\"twitter:data1\" content=\"2 minutos\" \/>\n<script type=\"application\/ld+json\" class=\"yoast-schema-graph\">{\"@context\":\"https:\\\/\\\/schema.org\",\"@graph\":[{\"@type\":\"WebPage\",\"@id\":\"https:\\\/\\\/www.smpengineeredsolutions.com\\\/es\\\/productos\\\/control-termico\\\/intercambiadores-de-calor\\\/enfriadores-del-aceite-de-la-transmision\\\/\",\"url\":\"https:\\\/\\\/www.smpengineeredsolutions.com\\\/es\\\/productos\\\/control-termico\\\/intercambiadores-de-calor\\\/enfriadores-del-aceite-de-la-transmision\\\/\",\"name\":\"Enfriadores del aceite de la transmisi\u00f3n - Standard Motor Products, Inc.\",\"isPartOf\":{\"@id\":\"https:\\\/\\\/www._tcp.smpengineeredsolutions.com\\\/#website\"},\"primaryImageOfPage\":{\"@id\":\"https:\\\/\\\/www.smpengineeredsolutions.com\\\/es\\\/productos\\\/control-termico\\\/intercambiadores-de-calor\\\/enfriadores-del-aceite-de-la-transmision\\\/#primaryimage\"},\"image\":{\"@id\":\"https:\\\/\\\/www.smpengineeredsolutions.com\\\/es\\\/productos\\\/control-termico\\\/intercambiadores-de-calor\\\/enfriadores-del-aceite-de-la-transmision\\\/#primaryimage\"},\"thumbnailUrl\":\"https:\\\/\\\/www.smpengineeredsolutions.com\\\/wp-content\\\/uploads\\\/1009FRO-500x149.jpg\",\"datePublished\":\"2023-01-09T17:37:25+00:00\",\"dateModified\":\"2023-09-05T11:33:45+00:00\",\"breadcrumb\":{\"@id\":\"https:\\\/\\\/www.smpengineeredsolutions.com\\\/es\\\/productos\\\/control-termico\\\/intercambiadores-de-calor\\\/enfriadores-del-aceite-de-la-transmision\\\/#breadcrumb\"},\"inLanguage\":\"es\",\"potentialAction\":[{\"@type\":\"ReadAction\",\"target\":[\"https:\\\/\\\/www.smpengineeredsolutions.com\\\/es\\\/productos\\\/control-termico\\\/intercambiadores-de-calor\\\/enfriadores-del-aceite-de-la-transmision\\\/\"]}]},{\"@type\":\"ImageObject\",\"inLanguage\":\"es\",\"@id\":\"https:\\\/\\\/www.smpengineeredsolutions.com\\\/es\\\/productos\\\/control-termico\\\/intercambiadores-de-calor\\\/enfriadores-del-aceite-de-la-transmision\\\/#primaryimage\",\"url\":\"https:\\\/\\\/www.smpengineeredsolutions.com\\\/wp-content\\\/uploads\\\/1009FRO-500x149.jpg\",\"contentUrl\":\"https:\\\/\\\/www.smpengineeredsolutions.com\\\/wp-content\\\/uploads\\\/1009FRO-500x149.jpg\"},{\"@type\":\"BreadcrumbList\",\"@id\":\"https:\\\/\\\/www.smpengineeredsolutions.com\\\/es\\\/productos\\\/control-termico\\\/intercambiadores-de-calor\\\/enfriadores-del-aceite-de-la-transmision\\\/#breadcrumb\",\"itemListElement\":[{\"@type\":\"ListItem\",\"position\":1,\"name\":\"Home\",\"item\":\"https:\\\/\\\/www.smpengineeredsolutions.com\\\/es\\\/\"},{\"@type\":\"ListItem\",\"position\":2,\"name\":\"Productos\",\"item\":\"https:\\\/\\\/www.smpengineeredsolutions.com\\\/es\\\/productos\\\/\"},{\"@type\":\"ListItem\",\"position\":3,\"name\":\"Control t\u00e9rmico\",\"item\":\"https:\\\/\\\/www.sitemaps.smpengineeredsolutions.com\\\/es\\\/productos\\\/control-termico\\\/\"},{\"@type\":\"ListItem\",\"position\":4,\"name\":\"Intercambio de calor\",\"item\":\"https:\\\/\\\/www.3ec3a7a1-1e28-4a7f-941d-947624eef59a.smpengineeredsolutions.com\\\/es\\\/productos\\\/control-termico\\\/intercambiadores-de-calor\\\/\"},{\"@type\":\"ListItem\",\"position\":5,\"name\":\"Enfriadores del aceite de la transmisi\u00f3n\"}]},{\"@type\":\"WebSite\",\"@id\":\"https:\\\/\\\/www._tcp.smpengineeredsolutions.com\\\/#website\",\"url\":\"https:\\\/\\\/www._tcp.smpengineeredsolutions.com\\\/\",\"name\":\"Standard Motor Products, Inc.\",\"description\":\"\",\"publisher\":{\"@id\":\"https:\\\/\\\/www._tcp.smpengineeredsolutions.com\\\/#organization\"},\"potentialAction\":[{\"@type\":\"SearchAction\",\"target\":{\"@type\":\"EntryPoint\",\"urlTemplate\":\"https:\\\/\\\/www._tcp.smpengineeredsolutions.com\\\/?s={search_term_string}\"},\"query-input\":{\"@type\":\"PropertyValueSpecification\",\"valueRequired\":true,\"valueName\":\"search_term_string\"}}],\"inLanguage\":\"es\"},{\"@type\":\"Organization\",\"@id\":\"https:\\\/\\\/www._tcp.smpengineeredsolutions.com\\\/#organization\",\"name\":\"SMP\u00ae Engineered Solutions\",\"url\":\"https:\\\/\\\/www._tcp.smpengineeredsolutions.com\\\/\",\"logo\":{\"@type\":\"ImageObject\",\"inLanguage\":\"es\",\"@id\":\"https:\\\/\\\/www._tcp.smpengineeredsolutions.com\\\/#\\\/schema\\\/logo\\\/image\\\/\",\"url\":\"https:\\\/\\\/www.a.smpengineeredsolutions.com\\\/wp-content\\\/uploads\\\/smp-logo.png\",\"contentUrl\":\"https:\\\/\\\/www.a.smpengineeredsolutions.com\\\/wp-content\\\/uploads\\\/smp-logo.png\",\"width\":264,\"height\":117,\"caption\":\"SMP\u00ae Engineered Solutions\"},\"image\":{\"@id\":\"https:\\\/\\\/www._tcp.smpengineeredsolutions.com\\\/#\\\/schema\\\/logo\\\/image\\\/\"},\"sameAs\":[\"https:\\\/\\\/www.youtube.com\\\/@StandardMotorProductsInc\",\"https:\\\/\\\/www.linkedin.com\\\/company\\\/standard-motor-products\"]}]}<\/script>\n<!-- \/ Yoast SEO Premium plugin. -->","yoast_head_json":{"title":"Enfriadores del aceite de la transmisi\u00f3n - Standard Motor Products, Inc.","robots":{"index":"index","follow":"follow","max-snippet":"max-snippet:-1","max-image-preview":"max-image-preview:large","max-video-preview":"max-video-preview:-1"},"canonical":"https:\/\/www.smpengineeredsolutions.com\/es\/productos\/control-termico\/intercambiadores-de-calor\/enfriadores-del-aceite-de-la-transmision\/","og_locale":"es_ES","og_type":"article","og_title":"Enfriadores del aceite de la transmisi\u00f3n","og_description":"Configuraciones y dise\u00f1os personalizados SMP Engineered Solutions se enorgullece de ser pionera en la refrigeraci\u00f3n del aceite de transmisi\u00f3n desde 1960. A lo largo de los a\u00f1os, hemos obtenido las patentes de dise\u00f1os innovadores y nuevos gracias a nuestros expertos ingenieros internos. Nos especializamos en el uso de la \u00faltima tecnolog\u00eda para dise\u00f1ar y entregar... [...]Leer m\u00e1s...","og_url":"https:\/\/www.smpengineeredsolutions.com\/es\/productos\/control-termico\/intercambiadores-de-calor\/enfriadores-del-aceite-de-la-transmision\/","og_site_name":"Standard Motor Products, Inc.","article_modified_time":"2023-09-05T11:33:45+00:00","og_image":[{"url":"https:\/\/www.smpengineeredsolutions.com\/wp-content\/uploads\/1009FRO-500x149.jpg","type":"","width":"","height":""}],"twitter_misc":{"Tiempo de lectura":"2 minutos"},"schema":{"@context":"https:\/\/schema.org","@graph":[{"@type":"WebPage","@id":"https:\/\/www.smpengineeredsolutions.com\/es\/productos\/control-termico\/intercambiadores-de-calor\/enfriadores-del-aceite-de-la-transmision\/","url":"https:\/\/www.smpengineeredsolutions.com\/es\/productos\/control-termico\/intercambiadores-de-calor\/enfriadores-del-aceite-de-la-transmision\/","name":"Enfriadores del aceite de la transmisi\u00f3n - Standard Motor Products, Inc.","isPartOf":{"@id":"https:\/\/www._tcp.smpengineeredsolutions.com\/#website"},"primaryImageOfPage":{"@id":"https:\/\/www.smpengineeredsolutions.com\/es\/productos\/control-termico\/intercambiadores-de-calor\/enfriadores-del-aceite-de-la-transmision\/#primaryimage"},"image":{"@id":"https:\/\/www.smpengineeredsolutions.com\/es\/productos\/control-termico\/intercambiadores-de-calor\/enfriadores-del-aceite-de-la-transmision\/#primaryimage"},"thumbnailUrl":"https:\/\/www.smpengineeredsolutions.com\/wp-content\/uploads\/1009FRO-500x149.jpg","datePublished":"2023-01-09T17:37:25+00:00","dateModified":"2023-09-05T11:33:45+00:00","breadcrumb":{"@id":"https:\/\/www.smpengineeredsolutions.com\/es\/productos\/control-termico\/intercambiadores-de-calor\/enfriadores-del-aceite-de-la-transmision\/#breadcrumb"},"inLanguage":"es","potentialAction":[{"@type":"ReadAction","target":["https:\/\/www.smpengineeredsolutions.com\/es\/productos\/control-termico\/intercambiadores-de-calor\/enfriadores-del-aceite-de-la-transmision\/"]}]},{"@type":"ImageObject","inLanguage":"es","@id":"https:\/\/www.smpengineeredsolutions.com\/es\/productos\/control-termico\/intercambiadores-de-calor\/enfriadores-del-aceite-de-la-transmision\/#primaryimage","url":"https:\/\/www.smpengineeredsolutions.com\/wp-content\/uploads\/1009FRO-500x149.jpg","contentUrl":"https:\/\/www.smpengineeredsolutions.com\/wp-content\/uploads\/1009FRO-500x149.jpg"},{"@type":"BreadcrumbList","@id":"https:\/\/www.smpengineeredsolutions.com\/es\/productos\/control-termico\/intercambiadores-de-calor\/enfriadores-del-aceite-de-la-transmision\/#breadcrumb","itemListElement":[{"@type":"ListItem","position":1,"name":"Home","item":"https:\/\/www.smpengineeredsolutions.com\/es\/"},{"@type":"ListItem","position":2,"name":"Productos","item":"https:\/\/www.smpengineeredsolutions.com\/es\/productos\/"},{"@type":"ListItem","position":3,"name":"Control t\u00e9rmico","item":"https:\/\/www.sitemaps.smpengineeredsolutions.com\/es\/productos\/control-termico\/"},{"@type":"ListItem","position":4,"name":"Intercambio de calor","item":"https:\/\/www.3ec3a7a1-1e28-4a7f-941d-947624eef59a.smpengineeredsolutions.com\/es\/productos\/control-termico\/intercambiadores-de-calor\/"},{"@type":"ListItem","position":5,"name":"Enfriadores del aceite de la transmisi\u00f3n"}]},{"@type":"WebSite","@id":"https:\/\/www._tcp.smpengineeredsolutions.com\/#website","url":"https:\/\/www._tcp.smpengineeredsolutions.com\/","name":"Standard Motor Products, Inc.","description":"","publisher":{"@id":"https:\/\/www._tcp.smpengineeredsolutions.com\/#organization"},"potentialAction":[{"@type":"SearchAction","target":{"@type":"EntryPoint","urlTemplate":"https:\/\/www._tcp.smpengineeredsolutions.com\/?s={search_term_string}"},"query-input":{"@type":"PropertyValueSpecification","valueRequired":true,"valueName":"search_term_string"}}],"inLanguage":"es"},{"@type":"Organization","@id":"https:\/\/www._tcp.smpengineeredsolutions.com\/#organization","name":"SMP\u00ae Engineered Solutions","url":"https:\/\/www._tcp.smpengineeredsolutions.com\/","logo":{"@type":"ImageObject","inLanguage":"es","@id":"https:\/\/www._tcp.smpengineeredsolutions.com\/#\/schema\/logo\/image\/","url":"https:\/\/www.a.smpengineeredsolutions.com\/wp-content\/uploads\/smp-logo.png","contentUrl":"https:\/\/www.a.smpengineeredsolutions.com\/wp-content\/uploads\/smp-logo.png","width":264,"height":117,"caption":"SMP\u00ae Engineered Solutions"},"image":{"@id":"https:\/\/www._tcp.smpengineeredsolutions.com\/#\/schema\/logo\/image\/"},"sameAs":["https:\/\/www.youtube.com\/@StandardMotorProductsInc","https:\/\/www.linkedin.com\/company\/standard-motor-products"]}]}},"_links":{"self":[{"href":"https:\/\/www.smpengineeredsolutions.com\/es\/wp-json\/wp\/v2\/pages\/5399","targetHints":{"allow":["GET"]}}],"collection":[{"href":"https:\/\/www.smpengineeredsolutions.com\/es\/wp-json\/wp\/v2\/pages"}],"about":[{"href":"https:\/\/www.smpengineeredsolutions.com\/es\/wp-json\/wp\/v2\/types\/page"}],"author":[{"embeddable":true,"href":"https:\/\/www.smpengineeredsolutions.com\/es\/wp-json\/wp\/v2\/users\/27"}],"replies":[{"embeddable":true,"href":"https:\/\/www.smpengineeredsolutions.com\/es\/wp-json\/wp\/v2\/comments?post=5399"}],"version-history":[{"count":0,"href":"https:\/\/www.smpengineeredsolutions.com\/es\/wp-json\/wp\/v2\/pages\/5399\/revisions"}],"up":[{"embeddable":true,"href":"https:\/\/www.smpengineeredsolutions.com\/es\/wp-json\/wp\/v2\/pages\/5394"}],"wp:attachment":[{"href":"https:\/\/www.smpengineeredsolutions.com\/es\/wp-json\/wp\/v2\/media?parent=5399"}],"curies":[{"name":"wp","href":"https:\/\/api.w.org\/{rel}","templated":true}]}}