{"id":5393,"date":"2023-01-09T13:18:05","date_gmt":"2023-01-09T18:18:05","guid":{"rendered":"https:\/\/smpengineeredsolutions.com\/?page_id=5393"},"modified":"2024-08-30T11:41:33","modified_gmt":"2024-08-30T15:41:33","slug":"embragues-de-ventilador","status":"publish","type":"page","link":"https:\/\/www.smpengineeredsolutions.com\/es\/productos\/control-termico\/embragues-de-ventilador\/","title":{"rendered":"Embragues de ventilador"},"content":{"rendered":"<div class=\"feature-img-right\"><a class=\"lightbox\" href=\"\/wp-content\/uploads\/Import-Type-Fan-Clutch_2673.jpg\"><img decoding=\"async\" title=\"Import Type Fan Clutch\" src=\"\/wp-content\/uploads\/Import-Type-Fan-Clutch_2673.jpg\" alt=\"Import Type Fan Clutch\" width=\"200\" \/><\/a><\/div>\n<p><strong>Configuraciones y dise\u00f1os personalizados<\/strong><br \/>\nSMP Engineered Solutions es titular de varias patentes de m\u00faltiples dise\u00f1os para embragues de ventiladores. Gracias a nuestras capacidades internas, nuestros clientes pueden dise\u00f1ar embragues de ventilador con ejes y pilotos de ventilador personalizados seg\u00fan sus especificaciones. Como proveedor de servicio de equipos originales para GMNACC, Chrysler, Ford, Wheeler Brother, Clark MHS, ninguna solicitud es demasiado grande o demasiado peque\u00f1a para aceptarla.<\/p>\n<div class=\"clearfix\"><\/div>\n<div class=\"feature-img-right\"><a class=\"lightbox\" href=\"\/wp-content\/uploads\/Domestic-SUV-Type-Fan-Clutch_2783.jpg\"><img decoding=\"async\" title=\"Domestic SUV Type Fan Clutch\" src=\"\/wp-content\/uploads\/Domestic-SUV-Type-Fan-Clutch_2783.jpg\" alt=\"Domestic SUV Type Fan Clutch\" width=\"200\" \/><\/a><\/div>\n<p><strong>Opciones de dise\u00f1o<\/strong><\/p>\n<ul>\n<li>Fabricante para veh\u00edculos norteamericanos e importados que abarca 12 familias de productos y m\u00e1s de 210 modelos<\/li>\n<li>Los dise\u00f1os cubren intercambios con fabricantes de equipos originales (OEM), a saber, Borg Warner, Behr, Delphi, USUI y AISIN<\/li>\n<li>Proveedor de servicio para equipos originales para GMNACC, Chrysler, Ford, Wheeler Brother, Clark MHS con m\u00e1s de 50 n\u00fameros de partes.<\/li>\n<\/ul>\n<p>&nbsp;<\/p>\n<div class=\"clearfix\"><\/div>\n<div class=\"feature-img-right\"><a class=\"lightbox\" href=\"\/wp-content\/uploads\/Electronic_Fan_Clutch.jpg\"><img decoding=\"async\" title=\"Electronic Fan Clutch\" src=\"\/wp-content\/uploads\/Electronic_Fan_Clutch.jpg\" alt=\"Electronic Fan Clutch\" width=\"200\" \/><\/a><\/div>\n<p><strong>Desempe\u00f1o<\/strong><\/p>\n<ul>\n<li>Embragues de ventilador y accionamientos probados con ventilador en un sistema entubado para simular condiciones reales.<\/li>\n<li>Velocidades de hasta 4500 RPM bajo carga (no aire libre).<\/li>\n<li>Ajuste de par de hasta 25 pies-libra (33,90 Nm) a una velocidad del ventilador de 2700 RPM..<\/li>\n<li>Conjuntos balanceados en el dise\u00f1o a 1 oz \/ pulgada (o sea 11,16 g \/ 10 mm)<\/li>\n<\/ul>\n","protected":false},"excerpt":{"rendered":"<p>Configuraciones y dise\u00f1os personalizados SMP Engineered Solutions es titular de varias patentes de m\u00faltiples dise\u00f1os para embragues de ventiladores. Gracias a nuestras capacidades internas, nuestros clientes pueden dise\u00f1ar embragues de ventilador con ejes y pilotos de ventilador personalizados seg\u00fan sus especificaciones. Como proveedor de servicio de equipos originales para GMNACC, Chrysler, Ford, Wheeler Brother, Clark&#8230; [&#8230;]<\/p>\n<p><a class=\"btn btn-secondary understrap-read-more-link\" href=\"https:\/\/www.smpengineeredsolutions.com\/es\/productos\/control-termico\/embragues-de-ventilador\/\">Leer m\u00e1s&#8230;<\/a><\/p>\n","protected":false},"author":27,"featured_media":0,"parent":6463,"menu_order":0,"comment_status":"closed","ping_status":"closed","template":"page-templates\/destination-content.php","meta":{"_acf_changed":false,"inline_featured_image":false,"footnotes":""},"class_list":["post-5393","page","type-page","status-publish","hentry"],"featured_image_src":null,"acf":[],"yoast_head":"<!-- This site is optimized with the Yoast SEO Premium plugin v27.4 (Yoast SEO v27.4) - https:\/\/yoast.com\/product\/yoast-seo-premium-wordpress\/ -->\n<title>Embragues de ventilador | Gesti\u00f3n t\u00e9rmica | Standard Motor Products<\/title>\n<meta name=\"description\" content=\"Explore los embragues de ventilador de Standard Motors Product, Inc. - Embragues de ventilador de alta calidad y coste competitivo para sus aplicaciones e industria.\" \/>\n<meta name=\"robots\" content=\"index, follow, max-snippet:-1, max-image-preview:large, max-video-preview:-1\" \/>\n<link rel=\"canonical\" href=\"https:\/\/www.smpengineeredsolutions.com\/es\/productos\/control-termico\/embragues-de-ventilador\/\" \/>\n<meta property=\"og:locale\" content=\"es_ES\" \/>\n<meta property=\"og:type\" content=\"article\" \/>\n<meta property=\"og:title\" content=\"Embragues de ventilador\" \/>\n<meta property=\"og:description\" content=\"Explore los embragues de ventilador de Standard Motors Product, Inc. - Embragues de ventilador de alta calidad y coste competitivo para sus aplicaciones e industria.\" \/>\n<meta property=\"og:url\" content=\"https:\/\/www.smpengineeredsolutions.com\/es\/productos\/control-termico\/embragues-de-ventilador\/\" \/>\n<meta property=\"og:site_name\" content=\"Standard Motor Products, Inc.\" \/>\n<meta property=\"article:modified_time\" content=\"2024-08-30T15:41:33+00:00\" \/>\n<meta name=\"twitter:label1\" content=\"Tiempo de lectura\" \/>\n\t<meta name=\"twitter:data1\" content=\"2 minutos\" \/>\n<script type=\"application\/ld+json\" class=\"yoast-schema-graph\">{\"@context\":\"https:\\\/\\\/schema.org\",\"@graph\":[{\"@type\":\"WebPage\",\"@id\":\"https:\\\/\\\/www.smpengineeredsolutions.com\\\/es\\\/productos\\\/control-termico\\\/embragues-de-ventilador\\\/\",\"url\":\"https:\\\/\\\/www.smpengineeredsolutions.com\\\/es\\\/productos\\\/control-termico\\\/embragues-de-ventilador\\\/\",\"name\":\"Embragues de ventilador | Gesti\u00f3n t\u00e9rmica | Standard Motor Products\",\"isPartOf\":{\"@id\":\"https:\\\/\\\/www._tcp.smpengineeredsolutions.com\\\/#website\"},\"datePublished\":\"2023-01-09T18:18:05+00:00\",\"dateModified\":\"2024-08-30T15:41:33+00:00\",\"description\":\"Explore los embragues de ventilador de Standard Motors Product, Inc. - Embragues de ventilador de alta calidad y coste competitivo para sus aplicaciones e industria.\",\"breadcrumb\":{\"@id\":\"https:\\\/\\\/www.smpengineeredsolutions.com\\\/es\\\/productos\\\/control-termico\\\/embragues-de-ventilador\\\/#breadcrumb\"},\"inLanguage\":\"es\",\"potentialAction\":[{\"@type\":\"ReadAction\",\"target\":[\"https:\\\/\\\/www.smpengineeredsolutions.com\\\/es\\\/productos\\\/control-termico\\\/embragues-de-ventilador\\\/\"]}]},{\"@type\":\"BreadcrumbList\",\"@id\":\"https:\\\/\\\/www.smpengineeredsolutions.com\\\/es\\\/productos\\\/control-termico\\\/embragues-de-ventilador\\\/#breadcrumb\",\"itemListElement\":[{\"@type\":\"ListItem\",\"position\":1,\"name\":\"Home\",\"item\":\"https:\\\/\\\/www.smpengineeredsolutions.com\\\/es\\\/\"},{\"@type\":\"ListItem\",\"position\":2,\"name\":\"Productos\",\"item\":\"https:\\\/\\\/www.smpengineeredsolutions.com\\\/es\\\/productos\\\/\"},{\"@type\":\"ListItem\",\"position\":3,\"name\":\"Control t\u00e9rmico\",\"item\":\"https:\\\/\\\/www.sitemaps.smpengineeredsolutions.com\\\/es\\\/productos\\\/control-termico\\\/\"},{\"@type\":\"ListItem\",\"position\":4,\"name\":\"Embragues de ventilador\"}]},{\"@type\":\"WebSite\",\"@id\":\"https:\\\/\\\/www._tcp.smpengineeredsolutions.com\\\/#website\",\"url\":\"https:\\\/\\\/www._tcp.smpengineeredsolutions.com\\\/\",\"name\":\"Standard Motor Products, Inc.\",\"description\":\"\",\"publisher\":{\"@id\":\"https:\\\/\\\/www._tcp.smpengineeredsolutions.com\\\/#organization\"},\"potentialAction\":[{\"@type\":\"SearchAction\",\"target\":{\"@type\":\"EntryPoint\",\"urlTemplate\":\"https:\\\/\\\/www._tcp.smpengineeredsolutions.com\\\/?s={search_term_string}\"},\"query-input\":{\"@type\":\"PropertyValueSpecification\",\"valueRequired\":true,\"valueName\":\"search_term_string\"}}],\"inLanguage\":\"es\"},{\"@type\":\"Organization\",\"@id\":\"https:\\\/\\\/www._tcp.smpengineeredsolutions.com\\\/#organization\",\"name\":\"SMP\u00ae Engineered Solutions\",\"url\":\"https:\\\/\\\/www._tcp.smpengineeredsolutions.com\\\/\",\"logo\":{\"@type\":\"ImageObject\",\"inLanguage\":\"es\",\"@id\":\"https:\\\/\\\/www._tcp.smpengineeredsolutions.com\\\/#\\\/schema\\\/logo\\\/image\\\/\",\"url\":\"https:\\\/\\\/www.a.smpengineeredsolutions.com\\\/wp-content\\\/uploads\\\/smp-logo.png\",\"contentUrl\":\"https:\\\/\\\/www.a.smpengineeredsolutions.com\\\/wp-content\\\/uploads\\\/smp-logo.png\",\"width\":264,\"height\":117,\"caption\":\"SMP\u00ae Engineered Solutions\"},\"image\":{\"@id\":\"https:\\\/\\\/www._tcp.smpengineeredsolutions.com\\\/#\\\/schema\\\/logo\\\/image\\\/\"},\"sameAs\":[\"https:\\\/\\\/www.youtube.com\\\/@StandardMotorProductsInc\",\"https:\\\/\\\/www.linkedin.com\\\/company\\\/standard-motor-products\"]}]}<\/script>\n<!-- \/ Yoast SEO Premium plugin. -->","yoast_head_json":{"title":"Embragues de ventilador | Gesti\u00f3n t\u00e9rmica | Standard Motor Products","description":"Explore los embragues de ventilador de Standard Motors Product, Inc. - Embragues de ventilador de alta calidad y coste competitivo para sus aplicaciones e industria.","robots":{"index":"index","follow":"follow","max-snippet":"max-snippet:-1","max-image-preview":"max-image-preview:large","max-video-preview":"max-video-preview:-1"},"canonical":"https:\/\/www.smpengineeredsolutions.com\/es\/productos\/control-termico\/embragues-de-ventilador\/","og_locale":"es_ES","og_type":"article","og_title":"Embragues de ventilador","og_description":"Explore los embragues de ventilador de Standard Motors Product, Inc. - Embragues de ventilador de alta calidad y coste competitivo para sus aplicaciones e industria.","og_url":"https:\/\/www.smpengineeredsolutions.com\/es\/productos\/control-termico\/embragues-de-ventilador\/","og_site_name":"Standard Motor Products, Inc.","article_modified_time":"2024-08-30T15:41:33+00:00","twitter_misc":{"Tiempo de lectura":"2 minutos"},"schema":{"@context":"https:\/\/schema.org","@graph":[{"@type":"WebPage","@id":"https:\/\/www.smpengineeredsolutions.com\/es\/productos\/control-termico\/embragues-de-ventilador\/","url":"https:\/\/www.smpengineeredsolutions.com\/es\/productos\/control-termico\/embragues-de-ventilador\/","name":"Embragues de ventilador | Gesti\u00f3n t\u00e9rmica | Standard Motor Products","isPartOf":{"@id":"https:\/\/www._tcp.smpengineeredsolutions.com\/#website"},"datePublished":"2023-01-09T18:18:05+00:00","dateModified":"2024-08-30T15:41:33+00:00","description":"Explore los embragues de ventilador de Standard Motors Product, Inc. - Embragues de ventilador de alta calidad y coste competitivo para sus aplicaciones e industria.","breadcrumb":{"@id":"https:\/\/www.smpengineeredsolutions.com\/es\/productos\/control-termico\/embragues-de-ventilador\/#breadcrumb"},"inLanguage":"es","potentialAction":[{"@type":"ReadAction","target":["https:\/\/www.smpengineeredsolutions.com\/es\/productos\/control-termico\/embragues-de-ventilador\/"]}]},{"@type":"BreadcrumbList","@id":"https:\/\/www.smpengineeredsolutions.com\/es\/productos\/control-termico\/embragues-de-ventilador\/#breadcrumb","itemListElement":[{"@type":"ListItem","position":1,"name":"Home","item":"https:\/\/www.smpengineeredsolutions.com\/es\/"},{"@type":"ListItem","position":2,"name":"Productos","item":"https:\/\/www.smpengineeredsolutions.com\/es\/productos\/"},{"@type":"ListItem","position":3,"name":"Control t\u00e9rmico","item":"https:\/\/www.sitemaps.smpengineeredsolutions.com\/es\/productos\/control-termico\/"},{"@type":"ListItem","position":4,"name":"Embragues de ventilador"}]},{"@type":"WebSite","@id":"https:\/\/www._tcp.smpengineeredsolutions.com\/#website","url":"https:\/\/www._tcp.smpengineeredsolutions.com\/","name":"Standard Motor Products, Inc.","description":"","publisher":{"@id":"https:\/\/www._tcp.smpengineeredsolutions.com\/#organization"},"potentialAction":[{"@type":"SearchAction","target":{"@type":"EntryPoint","urlTemplate":"https:\/\/www._tcp.smpengineeredsolutions.com\/?s={search_term_string}"},"query-input":{"@type":"PropertyValueSpecification","valueRequired":true,"valueName":"search_term_string"}}],"inLanguage":"es"},{"@type":"Organization","@id":"https:\/\/www._tcp.smpengineeredsolutions.com\/#organization","name":"SMP\u00ae Engineered Solutions","url":"https:\/\/www._tcp.smpengineeredsolutions.com\/","logo":{"@type":"ImageObject","inLanguage":"es","@id":"https:\/\/www._tcp.smpengineeredsolutions.com\/#\/schema\/logo\/image\/","url":"https:\/\/www.a.smpengineeredsolutions.com\/wp-content\/uploads\/smp-logo.png","contentUrl":"https:\/\/www.a.smpengineeredsolutions.com\/wp-content\/uploads\/smp-logo.png","width":264,"height":117,"caption":"SMP\u00ae Engineered Solutions"},"image":{"@id":"https:\/\/www._tcp.smpengineeredsolutions.com\/#\/schema\/logo\/image\/"},"sameAs":["https:\/\/www.youtube.com\/@StandardMotorProductsInc","https:\/\/www.linkedin.com\/company\/standard-motor-products"]}]}},"_links":{"self":[{"href":"https:\/\/www.smpengineeredsolutions.com\/es\/wp-json\/wp\/v2\/pages\/5393","targetHints":{"allow":["GET"]}}],"collection":[{"href":"https:\/\/www.smpengineeredsolutions.com\/es\/wp-json\/wp\/v2\/pages"}],"about":[{"href":"https:\/\/www.smpengineeredsolutions.com\/es\/wp-json\/wp\/v2\/types\/page"}],"author":[{"embeddable":true,"href":"https:\/\/www.smpengineeredsolutions.com\/es\/wp-json\/wp\/v2\/users\/27"}],"replies":[{"embeddable":true,"href":"https:\/\/www.smpengineeredsolutions.com\/es\/wp-json\/wp\/v2\/comments?post=5393"}],"version-history":[{"count":1,"href":"https:\/\/www.smpengineeredsolutions.com\/es\/wp-json\/wp\/v2\/pages\/5393\/revisions"}],"predecessor-version":[{"id":7286,"href":"https:\/\/www.smpengineeredsolutions.com\/es\/wp-json\/wp\/v2\/pages\/5393\/revisions\/7286"}],"up":[{"embeddable":true,"href":"https:\/\/www.smpengineeredsolutions.com\/es\/wp-json\/wp\/v2\/pages\/6463"}],"wp:attachment":[{"href":"https:\/\/www.smpengineeredsolutions.com\/es\/wp-json\/wp\/v2\/media?parent=5393"}],"curies":[{"name":"wp","href":"https:\/\/api.w.org\/{rel}","templated":true}]}}