{"id":5392,"date":"2023-01-09T11:15:29","date_gmt":"2023-01-09T16:15:29","guid":{"rendered":"https:\/\/smpengineeredsolutions.com\/?page_id=5392"},"modified":"2024-08-30T11:49:15","modified_gmt":"2024-08-30T15:49:15","slug":"compresores-electricos","status":"publish","type":"page","link":"https:\/\/www.smpengineeredsolutions.com\/es\/productos\/control-termico\/compresores\/compresores-electricos\/","title":{"rendered":"Compresores Electricos"},"content":{"rendered":"<p>El compresor del aire acondicionado es el coraz\u00f3n del sistema de refrigeraci\u00f3n y funciona como una bomba de succi\u00f3n, compresi\u00f3n y circulaci\u00f3n. El compresor se puede considerar como la interfaz entre el extremo de baja presi\u00f3n y el extremo de alta presi\u00f3n del circuito refrigerante, y el refrigerante se aspira y se comprime desde el lado de baja presi\u00f3n para elevar la temperatura y la presi\u00f3n, y luego se bombea hacia el lado de alta presi\u00f3n para circular rec\u00edprocamente.<\/p>\n<p>SMP fabrica compresores el\u00e9ctricos:<\/p>\n<ul>\n<li>Inversor axial<\/li>\n<li>Inversor superior<\/li>\n<\/ul>\n<p><a class=\"lightbox\" href=\"\/wp-content\/uploads\/electric-compressor-chart-r2-1536x848-SP.jpg\"><img loading=\"lazy\" decoding=\"async\" class=\"aligncenter wp-image-3065\" title=\"Compresores Electricos Gr\u00e1fico\" src=\"\/wp-content\/uploads\/electric-compressor-chart-r2-1536x848-SP.jpg\" alt=\"Compresores Electricos Gr\u00e1fico\" width=\"1165\" height=\"643\" \/><\/a><\/p>\n<div class=\"text-center\" style=\"text-align: left;\"><\/div>\n<p><a class=\"lightbox alignleft\" href=\"https:\/\/www.smpengineeredsolutions.com\/wp-content\/uploads\/Scroll-2-e1676401513782.png\"><img loading=\"lazy\" decoding=\"async\" class=\"wp-image-3059 alignnone\" title=\"Standard Motor Products Product\" src=\"https:\/\/www.smpengineeredsolutions.com\/wp-content\/uploads\/Scroll-2-e1676401513782.png\" alt=\"Standard Motor Products Product\" width=\"178\" height=\"169\" \/><\/a><br \/>\nEl compresor est\u00e1 formado por una espiral fija y otra giratoria en una configuraci\u00f3n de espiral desplazada. La rotaci\u00f3n del eje crea espacios de volumen variable entre las 2 espirales, lo que provoca la aspiraci\u00f3n y compresi\u00f3n del refrigerante.<\/p>\n","protected":false},"excerpt":{"rendered":"<p>El compresor del aire acondicionado es el coraz\u00f3n del sistema de refrigeraci\u00f3n y funciona como una bomba de succi\u00f3n, compresi\u00f3n y circulaci\u00f3n. El compresor se puede considerar como la interfaz entre el extremo de baja presi\u00f3n y el extremo de alta presi\u00f3n del circuito refrigerante, y el refrigerante se aspira y se comprime desde el&#8230; [&#8230;]<\/p>\n<p><a class=\"btn btn-secondary understrap-read-more-link\" href=\"https:\/\/www.smpengineeredsolutions.com\/es\/productos\/control-termico\/compresores\/compresores-electricos\/\">Leer m\u00e1s&#8230;<\/a><\/p>\n","protected":false},"author":27,"featured_media":0,"parent":5390,"menu_order":0,"comment_status":"closed","ping_status":"closed","template":"page-templates\/destination-content.php","meta":{"_acf_changed":false,"inline_featured_image":false,"footnotes":""},"class_list":["post-5392","page","type-page","status-publish","hentry"],"featured_image_src":null,"acf":[],"yoast_head":"<!-- This site is optimized with the Yoast SEO Premium plugin v27.4 (Yoast SEO v27.4) - https:\/\/yoast.com\/product\/yoast-seo-premium-wordpress\/ -->\n<title>Compresores el\u00e9ctricos | Compresores | Standard Motor Products<\/title>\n<meta name=\"description\" content=\"Explore nuestros compresores el\u00e9ctricos para sus necesidades de aplicaci\u00f3n. Fabricamos compresores el\u00e9ctricos axiales inverter y top inverter.\" \/>\n<meta name=\"robots\" content=\"index, follow, max-snippet:-1, max-image-preview:large, max-video-preview:-1\" \/>\n<link rel=\"canonical\" href=\"https:\/\/www.smpengineeredsolutions.com\/es\/productos\/control-termico\/compresores\/compresores-electricos\/\" \/>\n<meta property=\"og:locale\" content=\"es_ES\" \/>\n<meta property=\"og:type\" content=\"article\" \/>\n<meta property=\"og:title\" content=\"Compresores Electricos\" \/>\n<meta property=\"og:description\" content=\"Explore nuestros compresores el\u00e9ctricos para sus necesidades de aplicaci\u00f3n. Fabricamos compresores el\u00e9ctricos axiales inverter y top inverter.\" \/>\n<meta property=\"og:url\" content=\"https:\/\/www.smpengineeredsolutions.com\/es\/productos\/control-termico\/compresores\/compresores-electricos\/\" \/>\n<meta property=\"og:site_name\" content=\"Standard Motor Products, Inc.\" \/>\n<meta property=\"article:modified_time\" content=\"2024-08-30T15:49:15+00:00\" \/>\n<meta property=\"og:image\" content=\"https:\/\/www.smpengineeredsolutions.com\/wp-content\/uploads\/Scroll-2-e1676401513782.png\" \/>\n<meta name=\"twitter:label1\" content=\"Tiempo de lectura\" \/>\n\t<meta name=\"twitter:data1\" content=\"1 minuto\" \/>\n<script type=\"application\/ld+json\" class=\"yoast-schema-graph\">{\"@context\":\"https:\\\/\\\/schema.org\",\"@graph\":[{\"@type\":\"WebPage\",\"@id\":\"https:\\\/\\\/www.smpengineeredsolutions.com\\\/es\\\/productos\\\/control-termico\\\/compresores\\\/compresores-electricos\\\/\",\"url\":\"https:\\\/\\\/www.smpengineeredsolutions.com\\\/es\\\/productos\\\/control-termico\\\/compresores\\\/compresores-electricos\\\/\",\"name\":\"Compresores el\u00e9ctricos | Compresores | Standard Motor Products\",\"isPartOf\":{\"@id\":\"https:\\\/\\\/www._tcp.smpengineeredsolutions.com\\\/#website\"},\"primaryImageOfPage\":{\"@id\":\"https:\\\/\\\/www.smpengineeredsolutions.com\\\/es\\\/productos\\\/control-termico\\\/compresores\\\/compresores-electricos\\\/#primaryimage\"},\"image\":{\"@id\":\"https:\\\/\\\/www.smpengineeredsolutions.com\\\/es\\\/productos\\\/control-termico\\\/compresores\\\/compresores-electricos\\\/#primaryimage\"},\"thumbnailUrl\":\"https:\\\/\\\/www.smpengineeredsolutions.com\\\/wp-content\\\/uploads\\\/Scroll-2-e1676401513782.png\",\"datePublished\":\"2023-01-09T16:15:29+00:00\",\"dateModified\":\"2024-08-30T15:49:15+00:00\",\"description\":\"Explore nuestros compresores el\u00e9ctricos para sus necesidades de aplicaci\u00f3n. Fabricamos compresores el\u00e9ctricos axiales inverter y top inverter.\",\"breadcrumb\":{\"@id\":\"https:\\\/\\\/www.smpengineeredsolutions.com\\\/es\\\/productos\\\/control-termico\\\/compresores\\\/compresores-electricos\\\/#breadcrumb\"},\"inLanguage\":\"es\",\"potentialAction\":[{\"@type\":\"ReadAction\",\"target\":[\"https:\\\/\\\/www.smpengineeredsolutions.com\\\/es\\\/productos\\\/control-termico\\\/compresores\\\/compresores-electricos\\\/\"]}]},{\"@type\":\"ImageObject\",\"inLanguage\":\"es\",\"@id\":\"https:\\\/\\\/www.smpengineeredsolutions.com\\\/es\\\/productos\\\/control-termico\\\/compresores\\\/compresores-electricos\\\/#primaryimage\",\"url\":\"https:\\\/\\\/www.smpengineeredsolutions.com\\\/wp-content\\\/uploads\\\/Scroll-2-e1676401513782.png\",\"contentUrl\":\"https:\\\/\\\/www.smpengineeredsolutions.com\\\/wp-content\\\/uploads\\\/Scroll-2-e1676401513782.png\"},{\"@type\":\"BreadcrumbList\",\"@id\":\"https:\\\/\\\/www.smpengineeredsolutions.com\\\/es\\\/productos\\\/control-termico\\\/compresores\\\/compresores-electricos\\\/#breadcrumb\",\"itemListElement\":[{\"@type\":\"ListItem\",\"position\":1,\"name\":\"Home\",\"item\":\"https:\\\/\\\/www.smpengineeredsolutions.com\\\/es\\\/\"},{\"@type\":\"ListItem\",\"position\":2,\"name\":\"Productos\",\"item\":\"https:\\\/\\\/www.smpengineeredsolutions.com\\\/es\\\/productos\\\/\"},{\"@type\":\"ListItem\",\"position\":3,\"name\":\"Control t\u00e9rmico\",\"item\":\"https:\\\/\\\/www.sitemaps.smpengineeredsolutions.com\\\/es\\\/productos\\\/control-termico\\\/\"},{\"@type\":\"ListItem\",\"position\":4,\"name\":\"Compresores\",\"item\":\"https:\\\/\\\/www._whoispp._tcp.smpengineeredsolutions.com\\\/es\\\/productos\\\/control-termico\\\/compresores\\\/\"},{\"@type\":\"ListItem\",\"position\":5,\"name\":\"Compresores Electricos\"}]},{\"@type\":\"WebSite\",\"@id\":\"https:\\\/\\\/www._tcp.smpengineeredsolutions.com\\\/#website\",\"url\":\"https:\\\/\\\/www._tcp.smpengineeredsolutions.com\\\/\",\"name\":\"Standard Motor Products, Inc.\",\"description\":\"\",\"publisher\":{\"@id\":\"https:\\\/\\\/www._tcp.smpengineeredsolutions.com\\\/#organization\"},\"potentialAction\":[{\"@type\":\"SearchAction\",\"target\":{\"@type\":\"EntryPoint\",\"urlTemplate\":\"https:\\\/\\\/www._tcp.smpengineeredsolutions.com\\\/?s={search_term_string}\"},\"query-input\":{\"@type\":\"PropertyValueSpecification\",\"valueRequired\":true,\"valueName\":\"search_term_string\"}}],\"inLanguage\":\"es\"},{\"@type\":\"Organization\",\"@id\":\"https:\\\/\\\/www._tcp.smpengineeredsolutions.com\\\/#organization\",\"name\":\"SMP\u00ae Engineered Solutions\",\"url\":\"https:\\\/\\\/www._tcp.smpengineeredsolutions.com\\\/\",\"logo\":{\"@type\":\"ImageObject\",\"inLanguage\":\"es\",\"@id\":\"https:\\\/\\\/www._tcp.smpengineeredsolutions.com\\\/#\\\/schema\\\/logo\\\/image\\\/\",\"url\":\"https:\\\/\\\/www.a.smpengineeredsolutions.com\\\/wp-content\\\/uploads\\\/smp-logo.png\",\"contentUrl\":\"https:\\\/\\\/www.a.smpengineeredsolutions.com\\\/wp-content\\\/uploads\\\/smp-logo.png\",\"width\":264,\"height\":117,\"caption\":\"SMP\u00ae Engineered Solutions\"},\"image\":{\"@id\":\"https:\\\/\\\/www._tcp.smpengineeredsolutions.com\\\/#\\\/schema\\\/logo\\\/image\\\/\"},\"sameAs\":[\"https:\\\/\\\/www.youtube.com\\\/@StandardMotorProductsInc\",\"https:\\\/\\\/www.linkedin.com\\\/company\\\/standard-motor-products\"]}]}<\/script>\n<!-- \/ Yoast SEO Premium plugin. -->","yoast_head_json":{"title":"Compresores el\u00e9ctricos | Compresores | Standard Motor Products","description":"Explore nuestros compresores el\u00e9ctricos para sus necesidades de aplicaci\u00f3n. Fabricamos compresores el\u00e9ctricos axiales inverter y top inverter.","robots":{"index":"index","follow":"follow","max-snippet":"max-snippet:-1","max-image-preview":"max-image-preview:large","max-video-preview":"max-video-preview:-1"},"canonical":"https:\/\/www.smpengineeredsolutions.com\/es\/productos\/control-termico\/compresores\/compresores-electricos\/","og_locale":"es_ES","og_type":"article","og_title":"Compresores Electricos","og_description":"Explore nuestros compresores el\u00e9ctricos para sus necesidades de aplicaci\u00f3n. Fabricamos compresores el\u00e9ctricos axiales inverter y top inverter.","og_url":"https:\/\/www.smpengineeredsolutions.com\/es\/productos\/control-termico\/compresores\/compresores-electricos\/","og_site_name":"Standard Motor Products, Inc.","article_modified_time":"2024-08-30T15:49:15+00:00","og_image":[{"url":"https:\/\/www.smpengineeredsolutions.com\/wp-content\/uploads\/Scroll-2-e1676401513782.png","type":"","width":"","height":""}],"twitter_misc":{"Tiempo de lectura":"1 minuto"},"schema":{"@context":"https:\/\/schema.org","@graph":[{"@type":"WebPage","@id":"https:\/\/www.smpengineeredsolutions.com\/es\/productos\/control-termico\/compresores\/compresores-electricos\/","url":"https:\/\/www.smpengineeredsolutions.com\/es\/productos\/control-termico\/compresores\/compresores-electricos\/","name":"Compresores el\u00e9ctricos | Compresores | Standard Motor Products","isPartOf":{"@id":"https:\/\/www._tcp.smpengineeredsolutions.com\/#website"},"primaryImageOfPage":{"@id":"https:\/\/www.smpengineeredsolutions.com\/es\/productos\/control-termico\/compresores\/compresores-electricos\/#primaryimage"},"image":{"@id":"https:\/\/www.smpengineeredsolutions.com\/es\/productos\/control-termico\/compresores\/compresores-electricos\/#primaryimage"},"thumbnailUrl":"https:\/\/www.smpengineeredsolutions.com\/wp-content\/uploads\/Scroll-2-e1676401513782.png","datePublished":"2023-01-09T16:15:29+00:00","dateModified":"2024-08-30T15:49:15+00:00","description":"Explore nuestros compresores el\u00e9ctricos para sus necesidades de aplicaci\u00f3n. Fabricamos compresores el\u00e9ctricos axiales inverter y top inverter.","breadcrumb":{"@id":"https:\/\/www.smpengineeredsolutions.com\/es\/productos\/control-termico\/compresores\/compresores-electricos\/#breadcrumb"},"inLanguage":"es","potentialAction":[{"@type":"ReadAction","target":["https:\/\/www.smpengineeredsolutions.com\/es\/productos\/control-termico\/compresores\/compresores-electricos\/"]}]},{"@type":"ImageObject","inLanguage":"es","@id":"https:\/\/www.smpengineeredsolutions.com\/es\/productos\/control-termico\/compresores\/compresores-electricos\/#primaryimage","url":"https:\/\/www.smpengineeredsolutions.com\/wp-content\/uploads\/Scroll-2-e1676401513782.png","contentUrl":"https:\/\/www.smpengineeredsolutions.com\/wp-content\/uploads\/Scroll-2-e1676401513782.png"},{"@type":"BreadcrumbList","@id":"https:\/\/www.smpengineeredsolutions.com\/es\/productos\/control-termico\/compresores\/compresores-electricos\/#breadcrumb","itemListElement":[{"@type":"ListItem","position":1,"name":"Home","item":"https:\/\/www.smpengineeredsolutions.com\/es\/"},{"@type":"ListItem","position":2,"name":"Productos","item":"https:\/\/www.smpengineeredsolutions.com\/es\/productos\/"},{"@type":"ListItem","position":3,"name":"Control t\u00e9rmico","item":"https:\/\/www.sitemaps.smpengineeredsolutions.com\/es\/productos\/control-termico\/"},{"@type":"ListItem","position":4,"name":"Compresores","item":"https:\/\/www._whoispp._tcp.smpengineeredsolutions.com\/es\/productos\/control-termico\/compresores\/"},{"@type":"ListItem","position":5,"name":"Compresores Electricos"}]},{"@type":"WebSite","@id":"https:\/\/www._tcp.smpengineeredsolutions.com\/#website","url":"https:\/\/www._tcp.smpengineeredsolutions.com\/","name":"Standard Motor Products, Inc.","description":"","publisher":{"@id":"https:\/\/www._tcp.smpengineeredsolutions.com\/#organization"},"potentialAction":[{"@type":"SearchAction","target":{"@type":"EntryPoint","urlTemplate":"https:\/\/www._tcp.smpengineeredsolutions.com\/?s={search_term_string}"},"query-input":{"@type":"PropertyValueSpecification","valueRequired":true,"valueName":"search_term_string"}}],"inLanguage":"es"},{"@type":"Organization","@id":"https:\/\/www._tcp.smpengineeredsolutions.com\/#organization","name":"SMP\u00ae Engineered Solutions","url":"https:\/\/www._tcp.smpengineeredsolutions.com\/","logo":{"@type":"ImageObject","inLanguage":"es","@id":"https:\/\/www._tcp.smpengineeredsolutions.com\/#\/schema\/logo\/image\/","url":"https:\/\/www.a.smpengineeredsolutions.com\/wp-content\/uploads\/smp-logo.png","contentUrl":"https:\/\/www.a.smpengineeredsolutions.com\/wp-content\/uploads\/smp-logo.png","width":264,"height":117,"caption":"SMP\u00ae Engineered Solutions"},"image":{"@id":"https:\/\/www._tcp.smpengineeredsolutions.com\/#\/schema\/logo\/image\/"},"sameAs":["https:\/\/www.youtube.com\/@StandardMotorProductsInc","https:\/\/www.linkedin.com\/company\/standard-motor-products"]}]}},"_links":{"self":[{"href":"https:\/\/www.smpengineeredsolutions.com\/es\/wp-json\/wp\/v2\/pages\/5392","targetHints":{"allow":["GET"]}}],"collection":[{"href":"https:\/\/www.smpengineeredsolutions.com\/es\/wp-json\/wp\/v2\/pages"}],"about":[{"href":"https:\/\/www.smpengineeredsolutions.com\/es\/wp-json\/wp\/v2\/types\/page"}],"author":[{"embeddable":true,"href":"https:\/\/www.smpengineeredsolutions.com\/es\/wp-json\/wp\/v2\/users\/27"}],"replies":[{"embeddable":true,"href":"https:\/\/www.smpengineeredsolutions.com\/es\/wp-json\/wp\/v2\/comments?post=5392"}],"version-history":[{"count":1,"href":"https:\/\/www.smpengineeredsolutions.com\/es\/wp-json\/wp\/v2\/pages\/5392\/revisions"}],"predecessor-version":[{"id":7287,"href":"https:\/\/www.smpengineeredsolutions.com\/es\/wp-json\/wp\/v2\/pages\/5392\/revisions\/7287"}],"up":[{"embeddable":true,"href":"https:\/\/www.smpengineeredsolutions.com\/es\/wp-json\/wp\/v2\/pages\/5390"}],"wp:attachment":[{"href":"https:\/\/www.smpengineeredsolutions.com\/es\/wp-json\/wp\/v2\/media?parent=5392"}],"curies":[{"name":"wp","href":"https:\/\/api.w.org\/{rel}","templated":true}]}}