{"id":5390,"date":"2023-01-09T11:11:29","date_gmt":"2023-01-09T16:11:29","guid":{"rendered":"https:\/\/smpengineeredsolutions.com\/?page_id=5390"},"modified":"2024-08-14T12:43:00","modified_gmt":"2024-08-14T16:43:00","slug":"compresores","status":"publish","type":"page","link":"https:\/\/www.smpengineeredsolutions.com\/es\/productos\/control-termico\/compresores\/","title":{"rendered":"Compresores"},"content":{"rendered":"<div class=\"feature-img-right\"><a class=\"lightbox\" href=\"\/wp-content\/uploads\/Line-7-compressor-bucket-page-SP.jpg\"><img decoding=\"async\" title=\"Compresores\" src=\"\/wp-content\/uploads\/Line-7-compressor-bucket-page-SP.jpg\" alt=\"Compresores\" width=\"400\" \/><\/a><\/div>\n<p><strong>Configuraciones y dise\u00f1os personalizados<\/strong><\/p>\n<p>Nuestros compresores est\u00e1n disponibles en configuraciones de montaje y conductos dise\u00f1adas a medida. Ofrecemos a nuestros clientes la opci\u00f3n de adaptar un compresor a su transmisi\u00f3n accesoria espec\u00edfica dise\u00f1ando el di\u00e1metro de la polea y la interfaz de la correa para lograr un desempe\u00f1o superior del compresor en toda la gama de revoluciones del motor. Cuando sea necesario, se puede instalar un amortiguador de embrague elastom\u00e9rico para reducir el ruido de acoplamiento del embrague y amortiguar la din\u00e1mica de la transmisi\u00f3n accesoria.<\/p>\n<p><strong>Tecnolog\u00eda<\/strong><\/p>\n<ul>\n<li>COMPRESORES DE PLACA BASCULANTE CON DESPLAZAMIENTO FIJO Y VARIABLE<\/li>\n<li>4 cilindros radiales de desplazamiento fijo con aros de pist\u00f3n de tefl\u00f3n.<\/li>\n<li>6 cilindros de axiales de desplazamiento fijo con placa basculante y aros de pist\u00f3n de tefl\u00f3n.<\/li>\n<li>10 cilindros axiales de desplazamiento fijo con placa basculante de aluminio y aros de pist\u00f3n de tefl\u00f3n.<\/li>\n<li>10 cilindros axiales de desplazamiento fijo con placa basculante de aluminio y pistones revestidos en tefl\u00f3n.<\/li>\n<li>6 y 7 cilindros, con desplazamiento variable de la placa basculante de bronce y pistones revestidos en tefl\u00f3n.<\/li>\n<\/ul>\n","protected":false},"excerpt":{"rendered":"<p>Configuraciones y dise\u00f1os personalizados Nuestros compresores est\u00e1n disponibles en configuraciones de montaje y conductos dise\u00f1adas a medida. Ofrecemos a nuestros clientes la opci\u00f3n de adaptar un compresor a su transmisi\u00f3n accesoria espec\u00edfica dise\u00f1ando el di\u00e1metro de la polea y la interfaz de la correa para lograr un desempe\u00f1o superior del compresor en toda la gama&#8230; [&#8230;]<\/p>\n<p><a class=\"btn btn-secondary understrap-read-more-link\" href=\"https:\/\/www.smpengineeredsolutions.com\/es\/productos\/control-termico\/compresores\/\">Leer m\u00e1s&#8230;<\/a><\/p>\n","protected":false},"author":27,"featured_media":0,"parent":6463,"menu_order":0,"comment_status":"closed","ping_status":"closed","template":"page-templates\/destination-bucket.php","meta":{"_acf_changed":false,"inline_featured_image":false,"footnotes":""},"class_list":["post-5390","page","type-page","status-publish","hentry"],"featured_image_src":null,"acf":[],"yoast_head":"<!-- This site is optimized with the Yoast SEO Premium plugin v27.4 (Yoast SEO v27.4) - https:\/\/yoast.com\/product\/yoast-seo-premium-wordpress\/ -->\n<title>Compresores - Standard Motor Products, Inc.<\/title>\n<meta name=\"description\" content=\"Explore los compresores de Standard Motors Product, Inc. - Compresores de alta calidad y coste competitivo para sus aplicaciones e industria.\" \/>\n<meta name=\"robots\" content=\"index, follow, max-snippet:-1, max-image-preview:large, max-video-preview:-1\" \/>\n<link rel=\"canonical\" href=\"https:\/\/www.smpengineeredsolutions.com\/es\/productos\/control-termico\/compresores\/\" \/>\n<meta property=\"og:locale\" content=\"es_ES\" \/>\n<meta property=\"og:type\" content=\"article\" \/>\n<meta property=\"og:title\" content=\"Compresores\" \/>\n<meta property=\"og:description\" content=\"Explore los compresores de Standard Motors Product, Inc. - Compresores de alta calidad y coste competitivo para sus aplicaciones e industria.\" \/>\n<meta property=\"og:url\" content=\"https:\/\/www.smpengineeredsolutions.com\/es\/productos\/control-termico\/compresores\/\" \/>\n<meta property=\"og:site_name\" content=\"Standard Motor Products, Inc.\" \/>\n<meta property=\"article:modified_time\" content=\"2024-08-14T16:43:00+00:00\" \/>\n<meta name=\"twitter:label1\" content=\"Tiempo de lectura\" \/>\n\t<meta name=\"twitter:data1\" content=\"1 minuto\" \/>\n<script type=\"application\/ld+json\" class=\"yoast-schema-graph\">{\"@context\":\"https:\\\/\\\/schema.org\",\"@graph\":[{\"@type\":\"WebPage\",\"@id\":\"https:\\\/\\\/www.smpengineeredsolutions.com\\\/es\\\/productos\\\/control-termico\\\/compresores\\\/\",\"url\":\"https:\\\/\\\/www.smpengineeredsolutions.com\\\/es\\\/productos\\\/control-termico\\\/compresores\\\/\",\"name\":\"Compresores - Standard Motor Products, Inc.\",\"isPartOf\":{\"@id\":\"https:\\\/\\\/www._tcp.smpengineeredsolutions.com\\\/#website\"},\"datePublished\":\"2023-01-09T16:11:29+00:00\",\"dateModified\":\"2024-08-14T16:43:00+00:00\",\"description\":\"Explore los compresores de Standard Motors Product, Inc. - Compresores de alta calidad y coste competitivo para sus aplicaciones e industria.\",\"breadcrumb\":{\"@id\":\"https:\\\/\\\/www.smpengineeredsolutions.com\\\/es\\\/productos\\\/control-termico\\\/compresores\\\/#breadcrumb\"},\"inLanguage\":\"es\",\"potentialAction\":[{\"@type\":\"ReadAction\",\"target\":[\"https:\\\/\\\/www.smpengineeredsolutions.com\\\/es\\\/productos\\\/control-termico\\\/compresores\\\/\"]}]},{\"@type\":\"BreadcrumbList\",\"@id\":\"https:\\\/\\\/www.smpengineeredsolutions.com\\\/es\\\/productos\\\/control-termico\\\/compresores\\\/#breadcrumb\",\"itemListElement\":[{\"@type\":\"ListItem\",\"position\":1,\"name\":\"Home\",\"item\":\"https:\\\/\\\/www.smpengineeredsolutions.com\\\/es\\\/\"},{\"@type\":\"ListItem\",\"position\":2,\"name\":\"Productos\",\"item\":\"https:\\\/\\\/www.smpengineeredsolutions.com\\\/es\\\/productos\\\/\"},{\"@type\":\"ListItem\",\"position\":3,\"name\":\"Control t\u00e9rmico\",\"item\":\"https:\\\/\\\/www.sitemaps.smpengineeredsolutions.com\\\/es\\\/productos\\\/control-termico\\\/\"},{\"@type\":\"ListItem\",\"position\":4,\"name\":\"Compresores\"}]},{\"@type\":\"WebSite\",\"@id\":\"https:\\\/\\\/www._tcp.smpengineeredsolutions.com\\\/#website\",\"url\":\"https:\\\/\\\/www._tcp.smpengineeredsolutions.com\\\/\",\"name\":\"Standard Motor Products, Inc.\",\"description\":\"\",\"publisher\":{\"@id\":\"https:\\\/\\\/www._tcp.smpengineeredsolutions.com\\\/#organization\"},\"potentialAction\":[{\"@type\":\"SearchAction\",\"target\":{\"@type\":\"EntryPoint\",\"urlTemplate\":\"https:\\\/\\\/www._tcp.smpengineeredsolutions.com\\\/?s={search_term_string}\"},\"query-input\":{\"@type\":\"PropertyValueSpecification\",\"valueRequired\":true,\"valueName\":\"search_term_string\"}}],\"inLanguage\":\"es\"},{\"@type\":\"Organization\",\"@id\":\"https:\\\/\\\/www._tcp.smpengineeredsolutions.com\\\/#organization\",\"name\":\"SMP\u00ae Engineered Solutions\",\"url\":\"https:\\\/\\\/www._tcp.smpengineeredsolutions.com\\\/\",\"logo\":{\"@type\":\"ImageObject\",\"inLanguage\":\"es\",\"@id\":\"https:\\\/\\\/www._tcp.smpengineeredsolutions.com\\\/#\\\/schema\\\/logo\\\/image\\\/\",\"url\":\"https:\\\/\\\/www.a.smpengineeredsolutions.com\\\/wp-content\\\/uploads\\\/smp-logo.png\",\"contentUrl\":\"https:\\\/\\\/www.a.smpengineeredsolutions.com\\\/wp-content\\\/uploads\\\/smp-logo.png\",\"width\":264,\"height\":117,\"caption\":\"SMP\u00ae Engineered Solutions\"},\"image\":{\"@id\":\"https:\\\/\\\/www._tcp.smpengineeredsolutions.com\\\/#\\\/schema\\\/logo\\\/image\\\/\"},\"sameAs\":[\"https:\\\/\\\/www.youtube.com\\\/@StandardMotorProductsInc\",\"https:\\\/\\\/www.linkedin.com\\\/company\\\/standard-motor-products\"]}]}<\/script>\n<!-- \/ Yoast SEO Premium plugin. -->","yoast_head_json":{"title":"Compresores - Standard Motor Products, Inc.","description":"Explore los compresores de Standard Motors Product, Inc. - Compresores de alta calidad y coste competitivo para sus aplicaciones e industria.","robots":{"index":"index","follow":"follow","max-snippet":"max-snippet:-1","max-image-preview":"max-image-preview:large","max-video-preview":"max-video-preview:-1"},"canonical":"https:\/\/www.smpengineeredsolutions.com\/es\/productos\/control-termico\/compresores\/","og_locale":"es_ES","og_type":"article","og_title":"Compresores","og_description":"Explore los compresores de Standard Motors Product, Inc. - Compresores de alta calidad y coste competitivo para sus aplicaciones e industria.","og_url":"https:\/\/www.smpengineeredsolutions.com\/es\/productos\/control-termico\/compresores\/","og_site_name":"Standard Motor Products, Inc.","article_modified_time":"2024-08-14T16:43:00+00:00","twitter_misc":{"Tiempo de lectura":"1 minuto"},"schema":{"@context":"https:\/\/schema.org","@graph":[{"@type":"WebPage","@id":"https:\/\/www.smpengineeredsolutions.com\/es\/productos\/control-termico\/compresores\/","url":"https:\/\/www.smpengineeredsolutions.com\/es\/productos\/control-termico\/compresores\/","name":"Compresores - Standard Motor Products, Inc.","isPartOf":{"@id":"https:\/\/www._tcp.smpengineeredsolutions.com\/#website"},"datePublished":"2023-01-09T16:11:29+00:00","dateModified":"2024-08-14T16:43:00+00:00","description":"Explore los compresores de Standard Motors Product, Inc. - Compresores de alta calidad y coste competitivo para sus aplicaciones e industria.","breadcrumb":{"@id":"https:\/\/www.smpengineeredsolutions.com\/es\/productos\/control-termico\/compresores\/#breadcrumb"},"inLanguage":"es","potentialAction":[{"@type":"ReadAction","target":["https:\/\/www.smpengineeredsolutions.com\/es\/productos\/control-termico\/compresores\/"]}]},{"@type":"BreadcrumbList","@id":"https:\/\/www.smpengineeredsolutions.com\/es\/productos\/control-termico\/compresores\/#breadcrumb","itemListElement":[{"@type":"ListItem","position":1,"name":"Home","item":"https:\/\/www.smpengineeredsolutions.com\/es\/"},{"@type":"ListItem","position":2,"name":"Productos","item":"https:\/\/www.smpengineeredsolutions.com\/es\/productos\/"},{"@type":"ListItem","position":3,"name":"Control t\u00e9rmico","item":"https:\/\/www.sitemaps.smpengineeredsolutions.com\/es\/productos\/control-termico\/"},{"@type":"ListItem","position":4,"name":"Compresores"}]},{"@type":"WebSite","@id":"https:\/\/www._tcp.smpengineeredsolutions.com\/#website","url":"https:\/\/www._tcp.smpengineeredsolutions.com\/","name":"Standard Motor Products, Inc.","description":"","publisher":{"@id":"https:\/\/www._tcp.smpengineeredsolutions.com\/#organization"},"potentialAction":[{"@type":"SearchAction","target":{"@type":"EntryPoint","urlTemplate":"https:\/\/www._tcp.smpengineeredsolutions.com\/?s={search_term_string}"},"query-input":{"@type":"PropertyValueSpecification","valueRequired":true,"valueName":"search_term_string"}}],"inLanguage":"es"},{"@type":"Organization","@id":"https:\/\/www._tcp.smpengineeredsolutions.com\/#organization","name":"SMP\u00ae Engineered Solutions","url":"https:\/\/www._tcp.smpengineeredsolutions.com\/","logo":{"@type":"ImageObject","inLanguage":"es","@id":"https:\/\/www._tcp.smpengineeredsolutions.com\/#\/schema\/logo\/image\/","url":"https:\/\/www.a.smpengineeredsolutions.com\/wp-content\/uploads\/smp-logo.png","contentUrl":"https:\/\/www.a.smpengineeredsolutions.com\/wp-content\/uploads\/smp-logo.png","width":264,"height":117,"caption":"SMP\u00ae Engineered Solutions"},"image":{"@id":"https:\/\/www._tcp.smpengineeredsolutions.com\/#\/schema\/logo\/image\/"},"sameAs":["https:\/\/www.youtube.com\/@StandardMotorProductsInc","https:\/\/www.linkedin.com\/company\/standard-motor-products"]}]}},"_links":{"self":[{"href":"https:\/\/www.smpengineeredsolutions.com\/es\/wp-json\/wp\/v2\/pages\/5390","targetHints":{"allow":["GET"]}}],"collection":[{"href":"https:\/\/www.smpengineeredsolutions.com\/es\/wp-json\/wp\/v2\/pages"}],"about":[{"href":"https:\/\/www.smpengineeredsolutions.com\/es\/wp-json\/wp\/v2\/types\/page"}],"author":[{"embeddable":true,"href":"https:\/\/www.smpengineeredsolutions.com\/es\/wp-json\/wp\/v2\/users\/27"}],"replies":[{"embeddable":true,"href":"https:\/\/www.smpengineeredsolutions.com\/es\/wp-json\/wp\/v2\/comments?post=5390"}],"version-history":[{"count":1,"href":"https:\/\/www.smpengineeredsolutions.com\/es\/wp-json\/wp\/v2\/pages\/5390\/revisions"}],"predecessor-version":[{"id":7120,"href":"https:\/\/www.smpengineeredsolutions.com\/es\/wp-json\/wp\/v2\/pages\/5390\/revisions\/7120"}],"up":[{"embeddable":true,"href":"https:\/\/www.smpengineeredsolutions.com\/es\/wp-json\/wp\/v2\/pages\/6463"}],"wp:attachment":[{"href":"https:\/\/www.smpengineeredsolutions.com\/es\/wp-json\/wp\/v2\/media?parent=5390"}],"curies":[{"name":"wp","href":"https:\/\/api.w.org\/{rel}","templated":true}]}}