{"id":5389,"date":"2023-01-09T13:21:12","date_gmt":"2023-01-09T18:21:12","guid":{"rendered":"https:\/\/smpengineeredsolutions.com\/?page_id=5389"},"modified":"2025-04-03T10:38:26","modified_gmt":"2025-04-03T14:38:26","slug":"motores-de-cc","status":"publish","type":"page","link":"https:\/\/www.smpengineeredsolutions.com\/es\/productos\/control-termico\/motores-sopladores\/motores-de-cc\/","title":{"rendered":"Motores de CC"},"content":{"rendered":"<p><strong>Configuraciones y dise\u00f1os personalizados<\/strong><br \/>\nSMP Engineered Solutions se especializa en el dise\u00f1o y la fabricaci\u00f3n de soluciones basadas en motores de 12 y 24 VCC de bajo a alto volumen. Abastecemos numerosos sectores de la industria, desde la automotriz, comerciar, industrial y ej\u00e9rcito hasta el ocio y el deporte, y ofrecemos productos de buen desempe\u00f1o personalizados, adaptados para resolver los requisitos de aplicaci\u00f3n exclusivos de nuestros clientes.<\/p>\n","protected":false},"excerpt":{"rendered":"<p>Configuraciones y dise\u00f1os personalizados SMP Engineered Solutions se especializa en el dise\u00f1o y la fabricaci\u00f3n de soluciones basadas en motores de 12 y 24 VCC de bajo a alto volumen. Abastecemos numerosos sectores de la industria, desde la automotriz, comerciar, industrial y ej\u00e9rcito hasta el ocio y el deporte, y ofrecemos productos de buen desempe\u00f1o&#8230; [&#8230;]<\/p>\n<p><a class=\"btn btn-secondary understrap-read-more-link\" href=\"https:\/\/www.smpengineeredsolutions.com\/es\/productos\/control-termico\/motores-sopladores\/motores-de-cc\/\">Leer m\u00e1s&#8230;<\/a><\/p>\n","protected":false},"author":27,"featured_media":0,"parent":5387,"menu_order":0,"comment_status":"closed","ping_status":"closed","template":"page-templates\/destination-content.php","meta":{"_acf_changed":false,"inline_featured_image":false,"footnotes":""},"class_list":["post-5389","page","type-page","status-publish","hentry"],"featured_image_src":null,"acf":[],"yoast_head":"<!-- This site is optimized with the Yoast SEO Premium plugin v27.4 (Yoast SEO v27.4) - https:\/\/yoast.com\/product\/yoast-seo-premium-wordpress\/ -->\n<title>Motores de corriente continua (CC) | Standard Motor Products, Inc.<\/title>\n<meta name=\"description\" content=\"Explore los motores de CC de Standard Motors Product, Inc. - Sopladores de CC de alta calidad y coste competitivo para sus aplicaciones e industria.\" \/>\n<meta name=\"robots\" content=\"index, follow, max-snippet:-1, max-image-preview:large, max-video-preview:-1\" \/>\n<link rel=\"canonical\" href=\"https:\/\/www.smpengineeredsolutions.com\/es\/productos\/control-termico\/motores-sopladores\/motores-de-cc\/\" \/>\n<meta property=\"og:locale\" content=\"es_ES\" \/>\n<meta property=\"og:type\" content=\"article\" \/>\n<meta property=\"og:title\" content=\"Motores de CC\" \/>\n<meta property=\"og:description\" content=\"Explore los motores de CC de Standard Motors Product, Inc. - Sopladores de CC de alta calidad y coste competitivo para sus aplicaciones e industria.\" \/>\n<meta property=\"og:url\" content=\"https:\/\/www.smpengineeredsolutions.com\/es\/productos\/control-termico\/motores-sopladores\/motores-de-cc\/\" \/>\n<meta property=\"og:site_name\" content=\"Standard Motor Products, Inc.\" \/>\n<meta property=\"article:modified_time\" content=\"2025-04-03T14:38:26+00:00\" \/>\n<meta name=\"twitter:label1\" content=\"Tiempo de lectura\" \/>\n\t<meta name=\"twitter:data1\" content=\"1 minuto\" \/>\n<script type=\"application\/ld+json\" class=\"yoast-schema-graph\">{\"@context\":\"https:\\\/\\\/schema.org\",\"@graph\":[{\"@type\":\"WebPage\",\"@id\":\"https:\\\/\\\/www.smpengineeredsolutions.com\\\/es\\\/productos\\\/control-termico\\\/motores-sopladores\\\/motores-de-cc\\\/\",\"url\":\"https:\\\/\\\/www.smpengineeredsolutions.com\\\/es\\\/productos\\\/control-termico\\\/motores-sopladores\\\/motores-de-cc\\\/\",\"name\":\"Motores de corriente continua (CC) | Standard Motor Products, Inc.\",\"isPartOf\":{\"@id\":\"https:\\\/\\\/www._tcp.smpengineeredsolutions.com\\\/#website\"},\"datePublished\":\"2023-01-09T18:21:12+00:00\",\"dateModified\":\"2025-04-03T14:38:26+00:00\",\"description\":\"Explore los motores de CC de Standard Motors Product, Inc. - Sopladores de CC de alta calidad y coste competitivo para sus aplicaciones e industria.\",\"breadcrumb\":{\"@id\":\"https:\\\/\\\/www.smpengineeredsolutions.com\\\/es\\\/productos\\\/control-termico\\\/motores-sopladores\\\/motores-de-cc\\\/#breadcrumb\"},\"inLanguage\":\"es\",\"potentialAction\":[{\"@type\":\"ReadAction\",\"target\":[\"https:\\\/\\\/www.smpengineeredsolutions.com\\\/es\\\/productos\\\/control-termico\\\/motores-sopladores\\\/motores-de-cc\\\/\"]}]},{\"@type\":\"BreadcrumbList\",\"@id\":\"https:\\\/\\\/www.smpengineeredsolutions.com\\\/es\\\/productos\\\/control-termico\\\/motores-sopladores\\\/motores-de-cc\\\/#breadcrumb\",\"itemListElement\":[{\"@type\":\"ListItem\",\"position\":1,\"name\":\"Home\",\"item\":\"https:\\\/\\\/www.smpengineeredsolutions.com\\\/es\\\/\"},{\"@type\":\"ListItem\",\"position\":2,\"name\":\"Productos\",\"item\":\"https:\\\/\\\/www.smpengineeredsolutions.com\\\/es\\\/productos\\\/\"},{\"@type\":\"ListItem\",\"position\":3,\"name\":\"Control t\u00e9rmico\",\"item\":\"https:\\\/\\\/www.sitemaps.smpengineeredsolutions.com\\\/es\\\/productos\\\/control-termico\\\/\"},{\"@type\":\"ListItem\",\"position\":4,\"name\":\"Motores sopladores\",\"item\":\"https:\\\/\\\/www._whoispp._tcp.smpengineeredsolutions.com\\\/es\\\/productos\\\/control-termico\\\/motores-sopladores\\\/\"},{\"@type\":\"ListItem\",\"position\":5,\"name\":\"Motores de CC\"}]},{\"@type\":\"WebSite\",\"@id\":\"https:\\\/\\\/www._tcp.smpengineeredsolutions.com\\\/#website\",\"url\":\"https:\\\/\\\/www._tcp.smpengineeredsolutions.com\\\/\",\"name\":\"Standard Motor Products, Inc.\",\"description\":\"\",\"publisher\":{\"@id\":\"https:\\\/\\\/www._tcp.smpengineeredsolutions.com\\\/#organization\"},\"potentialAction\":[{\"@type\":\"SearchAction\",\"target\":{\"@type\":\"EntryPoint\",\"urlTemplate\":\"https:\\\/\\\/www._tcp.smpengineeredsolutions.com\\\/?s={search_term_string}\"},\"query-input\":{\"@type\":\"PropertyValueSpecification\",\"valueRequired\":true,\"valueName\":\"search_term_string\"}}],\"inLanguage\":\"es\"},{\"@type\":\"Organization\",\"@id\":\"https:\\\/\\\/www._tcp.smpengineeredsolutions.com\\\/#organization\",\"name\":\"SMP\u00ae Engineered Solutions\",\"url\":\"https:\\\/\\\/www._tcp.smpengineeredsolutions.com\\\/\",\"logo\":{\"@type\":\"ImageObject\",\"inLanguage\":\"es\",\"@id\":\"https:\\\/\\\/www._tcp.smpengineeredsolutions.com\\\/#\\\/schema\\\/logo\\\/image\\\/\",\"url\":\"https:\\\/\\\/www.a.smpengineeredsolutions.com\\\/wp-content\\\/uploads\\\/smp-logo.png\",\"contentUrl\":\"https:\\\/\\\/www.a.smpengineeredsolutions.com\\\/wp-content\\\/uploads\\\/smp-logo.png\",\"width\":264,\"height\":117,\"caption\":\"SMP\u00ae Engineered Solutions\"},\"image\":{\"@id\":\"https:\\\/\\\/www._tcp.smpengineeredsolutions.com\\\/#\\\/schema\\\/logo\\\/image\\\/\"},\"sameAs\":[\"https:\\\/\\\/www.youtube.com\\\/@StandardMotorProductsInc\",\"https:\\\/\\\/www.linkedin.com\\\/company\\\/standard-motor-products\"]}]}<\/script>\n<!-- \/ Yoast SEO Premium plugin. -->","yoast_head_json":{"title":"Motores de corriente continua (CC) | Standard Motor Products, Inc.","description":"Explore los motores de CC de Standard Motors Product, Inc. - Sopladores de CC de alta calidad y coste competitivo para sus aplicaciones e industria.","robots":{"index":"index","follow":"follow","max-snippet":"max-snippet:-1","max-image-preview":"max-image-preview:large","max-video-preview":"max-video-preview:-1"},"canonical":"https:\/\/www.smpengineeredsolutions.com\/es\/productos\/control-termico\/motores-sopladores\/motores-de-cc\/","og_locale":"es_ES","og_type":"article","og_title":"Motores de CC","og_description":"Explore los motores de CC de Standard Motors Product, Inc. - Sopladores de CC de alta calidad y coste competitivo para sus aplicaciones e industria.","og_url":"https:\/\/www.smpengineeredsolutions.com\/es\/productos\/control-termico\/motores-sopladores\/motores-de-cc\/","og_site_name":"Standard Motor Products, Inc.","article_modified_time":"2025-04-03T14:38:26+00:00","twitter_misc":{"Tiempo de lectura":"1 minuto"},"schema":{"@context":"https:\/\/schema.org","@graph":[{"@type":"WebPage","@id":"https:\/\/www.smpengineeredsolutions.com\/es\/productos\/control-termico\/motores-sopladores\/motores-de-cc\/","url":"https:\/\/www.smpengineeredsolutions.com\/es\/productos\/control-termico\/motores-sopladores\/motores-de-cc\/","name":"Motores de corriente continua (CC) | Standard Motor Products, Inc.","isPartOf":{"@id":"https:\/\/www._tcp.smpengineeredsolutions.com\/#website"},"datePublished":"2023-01-09T18:21:12+00:00","dateModified":"2025-04-03T14:38:26+00:00","description":"Explore los motores de CC de Standard Motors Product, Inc. - Sopladores de CC de alta calidad y coste competitivo para sus aplicaciones e industria.","breadcrumb":{"@id":"https:\/\/www.smpengineeredsolutions.com\/es\/productos\/control-termico\/motores-sopladores\/motores-de-cc\/#breadcrumb"},"inLanguage":"es","potentialAction":[{"@type":"ReadAction","target":["https:\/\/www.smpengineeredsolutions.com\/es\/productos\/control-termico\/motores-sopladores\/motores-de-cc\/"]}]},{"@type":"BreadcrumbList","@id":"https:\/\/www.smpengineeredsolutions.com\/es\/productos\/control-termico\/motores-sopladores\/motores-de-cc\/#breadcrumb","itemListElement":[{"@type":"ListItem","position":1,"name":"Home","item":"https:\/\/www.smpengineeredsolutions.com\/es\/"},{"@type":"ListItem","position":2,"name":"Productos","item":"https:\/\/www.smpengineeredsolutions.com\/es\/productos\/"},{"@type":"ListItem","position":3,"name":"Control t\u00e9rmico","item":"https:\/\/www.sitemaps.smpengineeredsolutions.com\/es\/productos\/control-termico\/"},{"@type":"ListItem","position":4,"name":"Motores sopladores","item":"https:\/\/www._whoispp._tcp.smpengineeredsolutions.com\/es\/productos\/control-termico\/motores-sopladores\/"},{"@type":"ListItem","position":5,"name":"Motores de CC"}]},{"@type":"WebSite","@id":"https:\/\/www._tcp.smpengineeredsolutions.com\/#website","url":"https:\/\/www._tcp.smpengineeredsolutions.com\/","name":"Standard Motor Products, Inc.","description":"","publisher":{"@id":"https:\/\/www._tcp.smpengineeredsolutions.com\/#organization"},"potentialAction":[{"@type":"SearchAction","target":{"@type":"EntryPoint","urlTemplate":"https:\/\/www._tcp.smpengineeredsolutions.com\/?s={search_term_string}"},"query-input":{"@type":"PropertyValueSpecification","valueRequired":true,"valueName":"search_term_string"}}],"inLanguage":"es"},{"@type":"Organization","@id":"https:\/\/www._tcp.smpengineeredsolutions.com\/#organization","name":"SMP\u00ae Engineered Solutions","url":"https:\/\/www._tcp.smpengineeredsolutions.com\/","logo":{"@type":"ImageObject","inLanguage":"es","@id":"https:\/\/www._tcp.smpengineeredsolutions.com\/#\/schema\/logo\/image\/","url":"https:\/\/www.a.smpengineeredsolutions.com\/wp-content\/uploads\/smp-logo.png","contentUrl":"https:\/\/www.a.smpengineeredsolutions.com\/wp-content\/uploads\/smp-logo.png","width":264,"height":117,"caption":"SMP\u00ae Engineered Solutions"},"image":{"@id":"https:\/\/www._tcp.smpengineeredsolutions.com\/#\/schema\/logo\/image\/"},"sameAs":["https:\/\/www.youtube.com\/@StandardMotorProductsInc","https:\/\/www.linkedin.com\/company\/standard-motor-products"]}]}},"_links":{"self":[{"href":"https:\/\/www.smpengineeredsolutions.com\/es\/wp-json\/wp\/v2\/pages\/5389","targetHints":{"allow":["GET"]}}],"collection":[{"href":"https:\/\/www.smpengineeredsolutions.com\/es\/wp-json\/wp\/v2\/pages"}],"about":[{"href":"https:\/\/www.smpengineeredsolutions.com\/es\/wp-json\/wp\/v2\/types\/page"}],"author":[{"embeddable":true,"href":"https:\/\/www.smpengineeredsolutions.com\/es\/wp-json\/wp\/v2\/users\/27"}],"replies":[{"embeddable":true,"href":"https:\/\/www.smpengineeredsolutions.com\/es\/wp-json\/wp\/v2\/comments?post=5389"}],"version-history":[{"count":1,"href":"https:\/\/www.smpengineeredsolutions.com\/es\/wp-json\/wp\/v2\/pages\/5389\/revisions"}],"predecessor-version":[{"id":7283,"href":"https:\/\/www.smpengineeredsolutions.com\/es\/wp-json\/wp\/v2\/pages\/5389\/revisions\/7283"}],"up":[{"embeddable":true,"href":"https:\/\/www.smpengineeredsolutions.com\/es\/wp-json\/wp\/v2\/pages\/5387"}],"wp:attachment":[{"href":"https:\/\/www.smpengineeredsolutions.com\/es\/wp-json\/wp\/v2\/media?parent=5389"}],"curies":[{"name":"wp","href":"https:\/\/api.w.org\/{rel}","templated":true}]}}