{"id":5382,"date":"2023-01-09T13:56:53","date_gmt":"2023-01-09T18:56:53","guid":{"rendered":"https:\/\/smpengineeredsolutions.com\/?page_id=5382"},"modified":"2024-08-30T12:02:48","modified_gmt":"2024-08-30T16:02:48","slug":"combinaciones-de-interruptor-y-sensor-de-temperatura","status":"publish","type":"page","link":"https:\/\/www.smpengineeredsolutions.com\/es\/productos\/interruptores\/combinaciones-de-interruptor-y-sensor-de-temperatura\/","title":{"rendered":"Combinaciones de interruptor y sensor de temperatura"},"content":{"rendered":"<h2>Interruptores de temperatura<\/h2>\n<p>Los interruptores de temperatura son dispositivos que controlan la temperatura de los l\u00edquidos para:<\/p>\n<ul>\n<li>Proteger los distintos sistemas del sobrecalentamiento para garantizar una larga vida \u00fatil<\/li>\n<li>Controlar la activaci\u00f3n y desactivaci\u00f3n de dispositivos para evitar da\u00f1os debidos a temperaturas muy altas o muy bajas<\/li>\n<li>Activar el soplador el\u00e9ctrico (ventilador), las luces de advertencia o las alarmas.<\/li>\n<\/ul>\n<p>&nbsp;<\/p>\n<div class=\"text-center\"><a class=\"lightbox\" href=\"\/wp-content\/uploads\/tempswitch1.png\"><img decoding=\"async\" title=\"Temperature Switches\" src=\"\/wp-content\/uploads\/tempswitch1.png\" alt=\"Temperature Switches\" \/><\/a><\/div>\n<p>Los interruptores de temperatura est\u00e1n disponibles con las siguientes configuraciones de contactos:<\/p>\n<ul>\n<li>Normalmente cerrado (NC)<\/li>\n<li>Normalmente abierto (NA)<\/li>\n<li>Conmutador unipolar bidireccional (SPDT)<\/li>\n<\/ul>\n","protected":false},"excerpt":{"rendered":"<p>Interruptores de temperatura Los interruptores de temperatura son dispositivos que controlan la temperatura de los l\u00edquidos para: Proteger los distintos sistemas del sobrecalentamiento para garantizar una larga vida \u00fatil Controlar la activaci\u00f3n y desactivaci\u00f3n de dispositivos para evitar da\u00f1os debidos a temperaturas muy altas o muy bajas Activar el soplador el\u00e9ctrico (ventilador), las luces de&#8230; [&#8230;]<\/p>\n<p><a class=\"btn btn-secondary understrap-read-more-link\" href=\"https:\/\/www.smpengineeredsolutions.com\/es\/productos\/interruptores\/combinaciones-de-interruptor-y-sensor-de-temperatura\/\">Leer m\u00e1s&#8230;<\/a><\/p>\n","protected":false},"author":27,"featured_media":0,"parent":5370,"menu_order":0,"comment_status":"closed","ping_status":"closed","template":"page-templates\/destination-content.php","meta":{"_acf_changed":false,"inline_featured_image":false,"footnotes":""},"class_list":["post-5382","page","type-page","status-publish","hentry"],"featured_image_src":null,"acf":[],"yoast_head":"<!-- This site is optimized with the Yoast SEO Premium plugin v27.2 (Yoast SEO v27.2) - https:\/\/yoast.com\/product\/yoast-seo-premium-wordpress\/ -->\n<title>Combinaciones de interruptor y sensor de temperatura | Standard Motor Products, Inc<\/title>\n<meta name=\"description\" content=\"Consulte nuestras combinaciones de interruptor y sensor de temperatura. Los interruptores de temperatura son dispositivos que controlan la temperatura de los fluidos. M\u00e1s informaci\u00f3n\" \/>\n<meta name=\"robots\" content=\"index, follow, max-snippet:-1, max-image-preview:large, max-video-preview:-1\" \/>\n<link rel=\"canonical\" href=\"https:\/\/www.smpengineeredsolutions.com\/es\/productos\/interruptores\/combinaciones-de-interruptor-y-sensor-de-temperatura\/\" \/>\n<meta property=\"og:locale\" content=\"es_ES\" \/>\n<meta property=\"og:type\" content=\"article\" \/>\n<meta property=\"og:title\" content=\"Combinaciones de interruptor y sensor de temperatura\" \/>\n<meta property=\"og:description\" content=\"Consulte nuestras combinaciones de interruptor y sensor de temperatura. Los interruptores de temperatura son dispositivos que controlan la temperatura de los fluidos. M\u00e1s informaci\u00f3n\" \/>\n<meta property=\"og:url\" content=\"https:\/\/www.smpengineeredsolutions.com\/es\/productos\/interruptores\/combinaciones-de-interruptor-y-sensor-de-temperatura\/\" \/>\n<meta property=\"og:site_name\" content=\"Standard Motor Products, Inc.\" \/>\n<meta property=\"article:modified_time\" content=\"2024-08-30T16:02:48+00:00\" \/>\n<meta name=\"twitter:label1\" content=\"Tiempo de lectura\" \/>\n\t<meta name=\"twitter:data1\" content=\"1 minuto\" \/>\n<script type=\"application\/ld+json\" class=\"yoast-schema-graph\">{\"@context\":\"https:\/\/schema.org\",\"@graph\":[{\"@type\":\"WebPage\",\"@id\":\"https:\/\/www.smpengineeredsolutions.com\/es\/productos\/interruptores\/combinaciones-de-interruptor-y-sensor-de-temperatura\/\",\"url\":\"https:\/\/www.smpengineeredsolutions.com\/es\/productos\/interruptores\/combinaciones-de-interruptor-y-sensor-de-temperatura\/\",\"name\":\"Combinaciones de interruptor y sensor de temperatura | Standard Motor Products, Inc\",\"isPartOf\":{\"@id\":\"https:\/\/www.a.smpengineeredsolutions.com\/es\/#website\"},\"datePublished\":\"2023-01-09T18:56:53+00:00\",\"dateModified\":\"2024-08-30T16:02:48+00:00\",\"description\":\"Consulte nuestras combinaciones de interruptor y sensor de temperatura. Los interruptores de temperatura son dispositivos que controlan la temperatura de los fluidos. M\u00e1s informaci\u00f3n\",\"breadcrumb\":{\"@id\":\"https:\/\/www.smpengineeredsolutions.com\/es\/productos\/interruptores\/combinaciones-de-interruptor-y-sensor-de-temperatura\/#breadcrumb\"},\"inLanguage\":\"es\",\"potentialAction\":[{\"@type\":\"ReadAction\",\"target\":[\"https:\/\/www.smpengineeredsolutions.com\/es\/productos\/interruptores\/combinaciones-de-interruptor-y-sensor-de-temperatura\/\"]}]},{\"@type\":\"BreadcrumbList\",\"@id\":\"https:\/\/www.smpengineeredsolutions.com\/es\/productos\/interruptores\/combinaciones-de-interruptor-y-sensor-de-temperatura\/#breadcrumb\",\"itemListElement\":[{\"@type\":\"ListItem\",\"position\":1,\"name\":\"Home\",\"item\":\"https:\/\/www.a.smpengineeredsolutions.com\/es\/\"},{\"@type\":\"ListItem\",\"position\":2,\"name\":\"Productos\",\"item\":\"https:\/\/www.a.smpengineeredsolutions.com\/es\/productos\/\"},{\"@type\":\"ListItem\",\"position\":3,\"name\":\"Interruptores\",\"item\":\"https:\/\/www.3ec3a7a1-1e28-4a7f-941d-947624eef59a.smpengineeredsolutions.com\/es\/productos\/interruptores\/\"},{\"@type\":\"ListItem\",\"position\":4,\"name\":\"Combinaciones de interruptor y sensor de temperatura\"}]},{\"@type\":\"WebSite\",\"@id\":\"https:\/\/www.a.smpengineeredsolutions.com\/es\/#website\",\"url\":\"https:\/\/www.a.smpengineeredsolutions.com\/es\/\",\"name\":\"Standard Motor Products, Inc.\",\"description\":\"\",\"publisher\":{\"@id\":\"https:\/\/www.a.smpengineeredsolutions.com\/es\/#organization\"},\"potentialAction\":[{\"@type\":\"SearchAction\",\"target\":{\"@type\":\"EntryPoint\",\"urlTemplate\":\"https:\/\/www.a.smpengineeredsolutions.com\/es\/?s={search_term_string}\"},\"query-input\":{\"@type\":\"PropertyValueSpecification\",\"valueRequired\":true,\"valueName\":\"search_term_string\"}}],\"inLanguage\":\"es\"},{\"@type\":\"Organization\",\"@id\":\"https:\/\/www.a.smpengineeredsolutions.com\/es\/#organization\",\"name\":\"SMP\u00ae Engineered Solutions\",\"url\":\"https:\/\/www.a.smpengineeredsolutions.com\/es\/\",\"logo\":{\"@type\":\"ImageObject\",\"inLanguage\":\"es\",\"@id\":\"https:\/\/www.a.smpengineeredsolutions.com\/es\/#\/schema\/logo\/image\/\",\"url\":\"https:\/\/www.a.smpengineeredsolutions.com\/wp-content\/uploads\/smp-logo.png\",\"contentUrl\":\"https:\/\/www.a.smpengineeredsolutions.com\/wp-content\/uploads\/smp-logo.png\",\"width\":264,\"height\":117,\"caption\":\"SMP\u00ae Engineered Solutions\"},\"image\":{\"@id\":\"https:\/\/www.a.smpengineeredsolutions.com\/es\/#\/schema\/logo\/image\/\"},\"sameAs\":[\"https:\/\/www.youtube.com\/@StandardMotorProductsInc\",\"https:\/\/www.linkedin.com\/company\/standard-motor-products\"]}]}<\/script>\n<!-- \/ Yoast SEO Premium plugin. -->","yoast_head_json":{"title":"Combinaciones de interruptor y sensor de temperatura | Standard Motor Products, Inc","description":"Consulte nuestras combinaciones de interruptor y sensor de temperatura. Los interruptores de temperatura son dispositivos que controlan la temperatura de los fluidos. M\u00e1s informaci\u00f3n","robots":{"index":"index","follow":"follow","max-snippet":"max-snippet:-1","max-image-preview":"max-image-preview:large","max-video-preview":"max-video-preview:-1"},"canonical":"https:\/\/www.smpengineeredsolutions.com\/es\/productos\/interruptores\/combinaciones-de-interruptor-y-sensor-de-temperatura\/","og_locale":"es_ES","og_type":"article","og_title":"Combinaciones de interruptor y sensor de temperatura","og_description":"Consulte nuestras combinaciones de interruptor y sensor de temperatura. Los interruptores de temperatura son dispositivos que controlan la temperatura de los fluidos. M\u00e1s informaci\u00f3n","og_url":"https:\/\/www.smpengineeredsolutions.com\/es\/productos\/interruptores\/combinaciones-de-interruptor-y-sensor-de-temperatura\/","og_site_name":"Standard Motor Products, Inc.","article_modified_time":"2024-08-30T16:02:48+00:00","twitter_misc":{"Tiempo de lectura":"1 minuto"},"schema":{"@context":"https:\/\/schema.org","@graph":[{"@type":"WebPage","@id":"https:\/\/www.smpengineeredsolutions.com\/es\/productos\/interruptores\/combinaciones-de-interruptor-y-sensor-de-temperatura\/","url":"https:\/\/www.smpengineeredsolutions.com\/es\/productos\/interruptores\/combinaciones-de-interruptor-y-sensor-de-temperatura\/","name":"Combinaciones de interruptor y sensor de temperatura | Standard Motor Products, Inc","isPartOf":{"@id":"https:\/\/www.a.smpengineeredsolutions.com\/es\/#website"},"datePublished":"2023-01-09T18:56:53+00:00","dateModified":"2024-08-30T16:02:48+00:00","description":"Consulte nuestras combinaciones de interruptor y sensor de temperatura. Los interruptores de temperatura son dispositivos que controlan la temperatura de los fluidos. M\u00e1s informaci\u00f3n","breadcrumb":{"@id":"https:\/\/www.smpengineeredsolutions.com\/es\/productos\/interruptores\/combinaciones-de-interruptor-y-sensor-de-temperatura\/#breadcrumb"},"inLanguage":"es","potentialAction":[{"@type":"ReadAction","target":["https:\/\/www.smpengineeredsolutions.com\/es\/productos\/interruptores\/combinaciones-de-interruptor-y-sensor-de-temperatura\/"]}]},{"@type":"BreadcrumbList","@id":"https:\/\/www.smpengineeredsolutions.com\/es\/productos\/interruptores\/combinaciones-de-interruptor-y-sensor-de-temperatura\/#breadcrumb","itemListElement":[{"@type":"ListItem","position":1,"name":"Home","item":"https:\/\/www.a.smpengineeredsolutions.com\/es\/"},{"@type":"ListItem","position":2,"name":"Productos","item":"https:\/\/www.a.smpengineeredsolutions.com\/es\/productos\/"},{"@type":"ListItem","position":3,"name":"Interruptores","item":"https:\/\/www.3ec3a7a1-1e28-4a7f-941d-947624eef59a.smpengineeredsolutions.com\/es\/productos\/interruptores\/"},{"@type":"ListItem","position":4,"name":"Combinaciones de interruptor y sensor de temperatura"}]},{"@type":"WebSite","@id":"https:\/\/www.a.smpengineeredsolutions.com\/es\/#website","url":"https:\/\/www.a.smpengineeredsolutions.com\/es\/","name":"Standard Motor Products, Inc.","description":"","publisher":{"@id":"https:\/\/www.a.smpengineeredsolutions.com\/es\/#organization"},"potentialAction":[{"@type":"SearchAction","target":{"@type":"EntryPoint","urlTemplate":"https:\/\/www.a.smpengineeredsolutions.com\/es\/?s={search_term_string}"},"query-input":{"@type":"PropertyValueSpecification","valueRequired":true,"valueName":"search_term_string"}}],"inLanguage":"es"},{"@type":"Organization","@id":"https:\/\/www.a.smpengineeredsolutions.com\/es\/#organization","name":"SMP\u00ae Engineered Solutions","url":"https:\/\/www.a.smpengineeredsolutions.com\/es\/","logo":{"@type":"ImageObject","inLanguage":"es","@id":"https:\/\/www.a.smpengineeredsolutions.com\/es\/#\/schema\/logo\/image\/","url":"https:\/\/www.a.smpengineeredsolutions.com\/wp-content\/uploads\/smp-logo.png","contentUrl":"https:\/\/www.a.smpengineeredsolutions.com\/wp-content\/uploads\/smp-logo.png","width":264,"height":117,"caption":"SMP\u00ae Engineered Solutions"},"image":{"@id":"https:\/\/www.a.smpengineeredsolutions.com\/es\/#\/schema\/logo\/image\/"},"sameAs":["https:\/\/www.youtube.com\/@StandardMotorProductsInc","https:\/\/www.linkedin.com\/company\/standard-motor-products"]}]}},"_links":{"self":[{"href":"https:\/\/www.smpengineeredsolutions.com\/es\/wp-json\/wp\/v2\/pages\/5382","targetHints":{"allow":["GET"]}}],"collection":[{"href":"https:\/\/www.smpengineeredsolutions.com\/es\/wp-json\/wp\/v2\/pages"}],"about":[{"href":"https:\/\/www.smpengineeredsolutions.com\/es\/wp-json\/wp\/v2\/types\/page"}],"author":[{"embeddable":true,"href":"https:\/\/www.smpengineeredsolutions.com\/es\/wp-json\/wp\/v2\/users\/27"}],"replies":[{"embeddable":true,"href":"https:\/\/www.smpengineeredsolutions.com\/es\/wp-json\/wp\/v2\/comments?post=5382"}],"version-history":[{"count":1,"href":"https:\/\/www.smpengineeredsolutions.com\/es\/wp-json\/wp\/v2\/pages\/5382\/revisions"}],"predecessor-version":[{"id":7290,"href":"https:\/\/www.smpengineeredsolutions.com\/es\/wp-json\/wp\/v2\/pages\/5382\/revisions\/7290"}],"up":[{"embeddable":true,"href":"https:\/\/www.smpengineeredsolutions.com\/es\/wp-json\/wp\/v2\/pages\/5370"}],"wp:attachment":[{"href":"https:\/\/www.smpengineeredsolutions.com\/es\/wp-json\/wp\/v2\/media?parent=5382"}],"curies":[{"name":"wp","href":"https:\/\/api.w.org\/{rel}","templated":true}]}}