{"id":5380,"date":"2023-01-27T11:44:48","date_gmt":"2023-01-27T16:44:48","guid":{"rendered":"https:\/\/smpengineeredsolutions.com\/?page_id=5380"},"modified":"2023-10-19T09:05:04","modified_gmt":"2023-10-19T09:05:04","slug":"interruptores-de-encendido-especiales-alta-potencia","status":"publish","type":"page","link":"https:\/\/www.smpengineeredsolutions.com\/es\/productos\/interruptores\/interruptores-de-encendido\/interruptores-de-encendido-especiales-alta-potencia\/","title":{"rendered":"Interruptores de encendido especiales (Alta-Potencia)"},"content":{"rendered":"<div class=\"text-center\"><a class=\"lightbox\" href=\"\/wp-content\/uploads\/hi-power-ignition-switch.jpg\"><img decoding=\"async\" title=\"Interruptores de encendido especiales (Alta-Potencia)\" src=\"\/wp-content\/uploads\/hi-power-ignition-switch.jpg\" alt=\"Interruptores de encendido especiales (Alta-Potencia)\" \/><\/a><\/div>\n<ul>\n<li>Contactos revestidos en plata<\/li>\n<li>Conexiones de contacto disipadoras de calor con escobilla revestida en plata<\/li>\n<li>Funciones mejoradas disponibles en la presentaci\u00f3n est\u00e1ndar<\/li>\n<\/ul>\n<h2>Caracter\u00edsticas comunes de los interruptores disponibles<\/h2>\n<div class=\"text-center\"><a class=\"lightbox\" href=\"\/wp-content\/uploads\/heavy-duty-die-cast-starter-switches-characteristics-4-SP.jpg\"><img decoding=\"async\" title=\"Caracter\u00edsticas comunes de los interruptores disponibles\" src=\"\/wp-content\/uploads\/heavy-duty-die-cast-starter-switches-characteristics-4-SP.jpg\" alt=\"Caracter\u00edsticas comunes de los interruptores disponibles\" \/><\/a><\/div>\n\n<table id=\"tablepress-28\" class=\"tablepress tablepress-id-28 tbody-has-connected-cells\">\n<thead>\n<tr class=\"row-1\">\n\t<th colspan=\"3\" class=\"column-1\"><div class=\"text-center\">VALORES T\u00cdPICOS @ 14 VOLTIOS CC (50.000 CICLOS)<\/div><\/th>\n<\/tr>\n<\/thead>\n<tbody class=\"row-striping row-hover\">\n<tr class=\"row-2\">\n\t<td class=\"column-1\"><strong>Terminal de encendido<\/strong><\/td><td class=\"column-2\"><strong>Terminal accesorio<\/strong><\/td><td class=\"column-3\"><strong>Terminal de arranque<\/srtong><\/td>\n<\/tr>\n<tr class=\"row-3\">\n\t<td class=\"column-1\">8 amperios<\/td><td class=\"column-2\">30 amperios (Inductivo)<\/td><td class=\"column-3\">75 amperios, marca<br \/>\n20 amperios, interrupci\u00f3n<\/td>\n<\/tr>\n<tr class=\"row-4\">\n\t<td colspan=\"3\" class=\"column-1\"><div class=\"text-center\">Capacidad de transporte de corriente continua - 30 amperios a 14 V<br \/>\nTerminal de accesorios con cable del calibre 10<\/div><br \/>\n<\/td>\n<\/tr>\n<\/tbody>\n<\/table>\n<!-- #tablepress-28 from cache -->\n<h2>Tipos de bases y conexiones<\/h2>\n<div class=\"text-center\"><a class=\"lightbox\" href=\"\/wp-content\/uploads\/basic-types-and-connections-4-SP.jpg\"><img decoding=\"async\" title=\"Tipos de bases y conexiones\" src=\"\/wp-content\/uploads\/basic-types-and-connections-4-SP.jpg\" alt=\"Tipos de bases y conexiones\" \/><\/a><\/div>\n<h2>Patrones de orificios de montaje<\/h2>\n<div class=\"text-center\"><a class=\"lightbox\" href=\"\/wp-content\/uploads\/mounting-hole-patterns-4-SP.jpg\"><img loading=\"lazy\" decoding=\"async\" class=\"aligncenter size-full wp-image-2791\" src=\"\/wp-content\/uploads\/mounting-hole-patterns-4-SP.jpg\" alt=\"Patrones de orificios de montaje\" width=\"400\" height=\"388\" \/><\/a><\/div>\n","protected":false},"excerpt":{"rendered":"<p>Contactos revestidos en plata Conexiones de contacto disipadoras de calor con escobilla revestida en plata Funciones mejoradas disponibles en la presentaci\u00f3n est\u00e1ndar Caracter\u00edsticas comunes de los interruptores disponibles Tipos de bases y conexiones Patrones de orificios de montaje [&#8230;]<\/p>\n<p><a class=\"btn btn-secondary understrap-read-more-link\" href=\"https:\/\/www.smpengineeredsolutions.com\/es\/productos\/interruptores\/interruptores-de-encendido\/interruptores-de-encendido-especiales-alta-potencia\/\">Leer m\u00e1s&#8230;<\/a><\/p>\n","protected":false},"author":27,"featured_media":0,"parent":5374,"menu_order":0,"comment_status":"closed","ping_status":"closed","template":"","meta":{"_acf_changed":false,"inline_featured_image":false,"footnotes":""},"class_list":["post-5380","page","type-page","status-publish","hentry"],"featured_image_src":null,"acf":[],"yoast_head":"<!-- This site is optimized with the Yoast SEO Premium plugin v27.5 (Yoast SEO v27.5) - https:\/\/yoast.com\/product\/yoast-seo-premium-wordpress\/ -->\n<title>Interruptores de encendido especiales (Alta-Potencia) - Standard Motor Products, Inc.<\/title>\n<meta name=\"robots\" content=\"index, follow, max-snippet:-1, max-image-preview:large, max-video-preview:-1\" \/>\n<link rel=\"canonical\" href=\"https:\/\/www.smpengineeredsolutions.com\/es\/productos\/interruptores\/interruptores-de-encendido\/interruptores-de-encendido-especiales-alta-potencia\/\" \/>\n<meta property=\"og:locale\" content=\"es_ES\" \/>\n<meta property=\"og:type\" content=\"article\" \/>\n<meta property=\"og:title\" content=\"Interruptores de encendido especiales (Alta-Potencia)\" \/>\n<meta property=\"og:description\" content=\"Contactos revestidos en plata Conexiones de contacto disipadoras de calor con escobilla revestida en plata Funciones mejoradas disponibles en la presentaci\u00f3n est\u00e1ndar Caracter\u00edsticas comunes de los interruptores disponibles Tipos de bases y conexiones Patrones de orificios de montaje [...]Leer m\u00e1s...\" \/>\n<meta property=\"og:url\" content=\"https:\/\/www.smpengineeredsolutions.com\/es\/productos\/interruptores\/interruptores-de-encendido\/interruptores-de-encendido-especiales-alta-potencia\/\" \/>\n<meta property=\"og:site_name\" content=\"Standard Motor Products, Inc.\" \/>\n<meta property=\"article:modified_time\" content=\"2023-10-19T09:05:04+00:00\" \/>\n<meta name=\"twitter:label1\" content=\"Tiempo de lectura\" \/>\n\t<meta name=\"twitter:data1\" content=\"1 minuto\" \/>\n<script type=\"application\/ld+json\" class=\"yoast-schema-graph\">{\"@context\":\"https:\\\/\\\/schema.org\",\"@graph\":[{\"@type\":\"WebPage\",\"@id\":\"https:\\\/\\\/www.smpengineeredsolutions.com\\\/es\\\/productos\\\/interruptores\\\/interruptores-de-encendido\\\/interruptores-de-encendido-especiales-alta-potencia\\\/\",\"url\":\"https:\\\/\\\/www.smpengineeredsolutions.com\\\/es\\\/productos\\\/interruptores\\\/interruptores-de-encendido\\\/interruptores-de-encendido-especiales-alta-potencia\\\/\",\"name\":\"Interruptores de encendido especiales (Alta-Potencia) - Standard Motor Products, Inc.\",\"isPartOf\":{\"@id\":\"https:\\\/\\\/www.smpengineeredsolutions.com\\\/es\\\/#website\"},\"datePublished\":\"2023-01-27T16:44:48+00:00\",\"dateModified\":\"2023-10-19T09:05:04+00:00\",\"breadcrumb\":{\"@id\":\"https:\\\/\\\/www.smpengineeredsolutions.com\\\/es\\\/productos\\\/interruptores\\\/interruptores-de-encendido\\\/interruptores-de-encendido-especiales-alta-potencia\\\/#breadcrumb\"},\"inLanguage\":\"es\",\"potentialAction\":[{\"@type\":\"ReadAction\",\"target\":[\"https:\\\/\\\/www.smpengineeredsolutions.com\\\/es\\\/productos\\\/interruptores\\\/interruptores-de-encendido\\\/interruptores-de-encendido-especiales-alta-potencia\\\/\"]}]},{\"@type\":\"BreadcrumbList\",\"@id\":\"https:\\\/\\\/www.smpengineeredsolutions.com\\\/es\\\/productos\\\/interruptores\\\/interruptores-de-encendido\\\/interruptores-de-encendido-especiales-alta-potencia\\\/#breadcrumb\",\"itemListElement\":[{\"@type\":\"ListItem\",\"position\":1,\"name\":\"Home\",\"item\":\"https:\\\/\\\/www.tcp.smpengineeredsolutions.com\\\/es\\\/\"},{\"@type\":\"ListItem\",\"position\":2,\"name\":\"Productos\",\"item\":\"https:\\\/\\\/www.tcp.smpengineeredsolutions.com\\\/es\\\/productos\\\/\"},{\"@type\":\"ListItem\",\"position\":3,\"name\":\"Interruptores\",\"item\":\"https:\\\/\\\/www._msft-gc-ssl._tcp.smpengineeredsolutions.com\\\/es\\\/productos\\\/interruptores\\\/\"},{\"@type\":\"ListItem\",\"position\":4,\"name\":\"Interruptores de encendido\",\"item\":\"https:\\\/\\\/www.sitemaps.smpengineeredsolutions.com\\\/es\\\/productos\\\/interruptores\\\/interruptores-de-encendido\\\/\"},{\"@type\":\"ListItem\",\"position\":5,\"name\":\"Interruptores de encendido especiales (Alta-Potencia)\"}]},{\"@type\":\"WebSite\",\"@id\":\"https:\\\/\\\/www.smpengineeredsolutions.com\\\/es\\\/#website\",\"url\":\"https:\\\/\\\/www.smpengineeredsolutions.com\\\/es\\\/\",\"name\":\"Standard Motor Products, Inc.\",\"description\":\"\",\"publisher\":{\"@id\":\"https:\\\/\\\/www.smpengineeredsolutions.com\\\/es\\\/#organization\"},\"potentialAction\":[{\"@type\":\"SearchAction\",\"target\":{\"@type\":\"EntryPoint\",\"urlTemplate\":\"https:\\\/\\\/www.smpengineeredsolutions.com\\\/es\\\/?s={search_term_string}\"},\"query-input\":{\"@type\":\"PropertyValueSpecification\",\"valueRequired\":true,\"valueName\":\"search_term_string\"}}],\"inLanguage\":\"es\"},{\"@type\":\"Organization\",\"@id\":\"https:\\\/\\\/www.smpengineeredsolutions.com\\\/es\\\/#organization\",\"name\":\"SMP\u00ae Engineered Solutions\",\"url\":\"https:\\\/\\\/www.smpengineeredsolutions.com\\\/es\\\/\",\"logo\":{\"@type\":\"ImageObject\",\"inLanguage\":\"es\",\"@id\":\"https:\\\/\\\/www.smpengineeredsolutions.com\\\/es\\\/#\\\/schema\\\/logo\\\/image\\\/\",\"url\":\"https:\\\/\\\/www.a.smpengineeredsolutions.com\\\/wp-content\\\/uploads\\\/smp-logo.png\",\"contentUrl\":\"https:\\\/\\\/www.a.smpengineeredsolutions.com\\\/wp-content\\\/uploads\\\/smp-logo.png\",\"width\":264,\"height\":117,\"caption\":\"SMP\u00ae Engineered Solutions\"},\"image\":{\"@id\":\"https:\\\/\\\/www.smpengineeredsolutions.com\\\/es\\\/#\\\/schema\\\/logo\\\/image\\\/\"},\"sameAs\":[\"https:\\\/\\\/www.youtube.com\\\/@StandardMotorProductsInc\",\"https:\\\/\\\/www.linkedin.com\\\/company\\\/standard-motor-products\"]}]}<\/script>\n<!-- \/ Yoast SEO Premium plugin. -->","yoast_head_json":{"title":"Interruptores de encendido especiales (Alta-Potencia) - Standard Motor Products, Inc.","robots":{"index":"index","follow":"follow","max-snippet":"max-snippet:-1","max-image-preview":"max-image-preview:large","max-video-preview":"max-video-preview:-1"},"canonical":"https:\/\/www.smpengineeredsolutions.com\/es\/productos\/interruptores\/interruptores-de-encendido\/interruptores-de-encendido-especiales-alta-potencia\/","og_locale":"es_ES","og_type":"article","og_title":"Interruptores de encendido especiales (Alta-Potencia)","og_description":"Contactos revestidos en plata Conexiones de contacto disipadoras de calor con escobilla revestida en plata Funciones mejoradas disponibles en la presentaci\u00f3n est\u00e1ndar Caracter\u00edsticas comunes de los interruptores disponibles Tipos de bases y conexiones Patrones de orificios de montaje [...]Leer m\u00e1s...","og_url":"https:\/\/www.smpengineeredsolutions.com\/es\/productos\/interruptores\/interruptores-de-encendido\/interruptores-de-encendido-especiales-alta-potencia\/","og_site_name":"Standard Motor Products, Inc.","article_modified_time":"2023-10-19T09:05:04+00:00","twitter_misc":{"Tiempo de lectura":"1 minuto"},"schema":{"@context":"https:\/\/schema.org","@graph":[{"@type":"WebPage","@id":"https:\/\/www.smpengineeredsolutions.com\/es\/productos\/interruptores\/interruptores-de-encendido\/interruptores-de-encendido-especiales-alta-potencia\/","url":"https:\/\/www.smpengineeredsolutions.com\/es\/productos\/interruptores\/interruptores-de-encendido\/interruptores-de-encendido-especiales-alta-potencia\/","name":"Interruptores de encendido especiales (Alta-Potencia) - Standard Motor Products, Inc.","isPartOf":{"@id":"https:\/\/www.smpengineeredsolutions.com\/es\/#website"},"datePublished":"2023-01-27T16:44:48+00:00","dateModified":"2023-10-19T09:05:04+00:00","breadcrumb":{"@id":"https:\/\/www.smpengineeredsolutions.com\/es\/productos\/interruptores\/interruptores-de-encendido\/interruptores-de-encendido-especiales-alta-potencia\/#breadcrumb"},"inLanguage":"es","potentialAction":[{"@type":"ReadAction","target":["https:\/\/www.smpengineeredsolutions.com\/es\/productos\/interruptores\/interruptores-de-encendido\/interruptores-de-encendido-especiales-alta-potencia\/"]}]},{"@type":"BreadcrumbList","@id":"https:\/\/www.smpengineeredsolutions.com\/es\/productos\/interruptores\/interruptores-de-encendido\/interruptores-de-encendido-especiales-alta-potencia\/#breadcrumb","itemListElement":[{"@type":"ListItem","position":1,"name":"Home","item":"https:\/\/www.tcp.smpengineeredsolutions.com\/es\/"},{"@type":"ListItem","position":2,"name":"Productos","item":"https:\/\/www.tcp.smpengineeredsolutions.com\/es\/productos\/"},{"@type":"ListItem","position":3,"name":"Interruptores","item":"https:\/\/www._msft-gc-ssl._tcp.smpengineeredsolutions.com\/es\/productos\/interruptores\/"},{"@type":"ListItem","position":4,"name":"Interruptores de encendido","item":"https:\/\/www.sitemaps.smpengineeredsolutions.com\/es\/productos\/interruptores\/interruptores-de-encendido\/"},{"@type":"ListItem","position":5,"name":"Interruptores de encendido especiales (Alta-Potencia)"}]},{"@type":"WebSite","@id":"https:\/\/www.smpengineeredsolutions.com\/es\/#website","url":"https:\/\/www.smpengineeredsolutions.com\/es\/","name":"Standard Motor Products, Inc.","description":"","publisher":{"@id":"https:\/\/www.smpengineeredsolutions.com\/es\/#organization"},"potentialAction":[{"@type":"SearchAction","target":{"@type":"EntryPoint","urlTemplate":"https:\/\/www.smpengineeredsolutions.com\/es\/?s={search_term_string}"},"query-input":{"@type":"PropertyValueSpecification","valueRequired":true,"valueName":"search_term_string"}}],"inLanguage":"es"},{"@type":"Organization","@id":"https:\/\/www.smpengineeredsolutions.com\/es\/#organization","name":"SMP\u00ae Engineered Solutions","url":"https:\/\/www.smpengineeredsolutions.com\/es\/","logo":{"@type":"ImageObject","inLanguage":"es","@id":"https:\/\/www.smpengineeredsolutions.com\/es\/#\/schema\/logo\/image\/","url":"https:\/\/www.a.smpengineeredsolutions.com\/wp-content\/uploads\/smp-logo.png","contentUrl":"https:\/\/www.a.smpengineeredsolutions.com\/wp-content\/uploads\/smp-logo.png","width":264,"height":117,"caption":"SMP\u00ae Engineered Solutions"},"image":{"@id":"https:\/\/www.smpengineeredsolutions.com\/es\/#\/schema\/logo\/image\/"},"sameAs":["https:\/\/www.youtube.com\/@StandardMotorProductsInc","https:\/\/www.linkedin.com\/company\/standard-motor-products"]}]}},"_links":{"self":[{"href":"https:\/\/www.smpengineeredsolutions.com\/es\/wp-json\/wp\/v2\/pages\/5380","targetHints":{"allow":["GET"]}}],"collection":[{"href":"https:\/\/www.smpengineeredsolutions.com\/es\/wp-json\/wp\/v2\/pages"}],"about":[{"href":"https:\/\/www.smpengineeredsolutions.com\/es\/wp-json\/wp\/v2\/types\/page"}],"author":[{"embeddable":true,"href":"https:\/\/www.smpengineeredsolutions.com\/es\/wp-json\/wp\/v2\/users\/27"}],"replies":[{"embeddable":true,"href":"https:\/\/www.smpengineeredsolutions.com\/es\/wp-json\/wp\/v2\/comments?post=5380"}],"version-history":[{"count":0,"href":"https:\/\/www.smpengineeredsolutions.com\/es\/wp-json\/wp\/v2\/pages\/5380\/revisions"}],"up":[{"embeddable":true,"href":"https:\/\/www.smpengineeredsolutions.com\/es\/wp-json\/wp\/v2\/pages\/5374"}],"wp:attachment":[{"href":"https:\/\/www.smpengineeredsolutions.com\/es\/wp-json\/wp\/v2\/media?parent=5380"}],"curies":[{"name":"wp","href":"https:\/\/api.w.org\/{rel}","templated":true}]}}