{"id":5377,"date":"2023-01-27T09:00:16","date_gmt":"2023-01-27T14:00:16","guid":{"rendered":"https:\/\/smpengineeredsolutions.com\/?page_id=5377"},"modified":"2023-10-19T09:01:03","modified_gmt":"2023-10-19T09:01:03","slug":"interruptor-de-encendido-de-4-posiciones","status":"publish","type":"page","link":"https:\/\/www.smpengineeredsolutions.com\/es\/productos\/interruptores\/interruptores-de-encendido\/interruptor-de-encendido-de-4-posiciones\/","title":{"rendered":"Interruptor de encendido de 4 posiciones"},"content":{"rendered":"<div class=\"text-center\"><a class=\"lightbox\" href=\"\/wp-content\/uploads\/4-Position-Ignition-Switches-1.png\"><img decoding=\"async\" title=\"Interruptor de encendido de 4 posiciones\" src=\"\/wp-content\/uploads\/4-Position-Ignition-Switches-1.png\" alt=\"Interruptor de encendido de 4 posiciones\" width=\"400\" \/><\/a><\/div>\n<ul>\n<li>Posici\u00f3n de accesorio separada para el calentamiento de la buj\u00eda de incandescencia<\/li>\n<li>Opciones populares de interruptor con llave y de palanca<\/li>\n<li>Carcasa de fundici\u00f3n duradera<\/li>\n<li>Terminales de cobre de larga duraci\u00f3n<\/li>\n<li>12 o 24 voltios<\/li>\n<\/ul>\n","protected":false},"excerpt":{"rendered":"<p>Posici\u00f3n de accesorio separada para el calentamiento de la buj\u00eda de incandescencia Opciones populares de interruptor con llave y de palanca Carcasa de fundici\u00f3n duradera Terminales de cobre de larga duraci\u00f3n 12 o 24 voltios [&#8230;]<\/p>\n<p><a class=\"btn btn-secondary understrap-read-more-link\" href=\"https:\/\/www.smpengineeredsolutions.com\/es\/productos\/interruptores\/interruptores-de-encendido\/interruptor-de-encendido-de-4-posiciones\/\">Leer m\u00e1s&#8230;<\/a><\/p>\n","protected":false},"author":27,"featured_media":0,"parent":5374,"menu_order":0,"comment_status":"closed","ping_status":"closed","template":"page-templates\/destination-content.php","meta":{"_acf_changed":false,"inline_featured_image":false,"footnotes":""},"class_list":["post-5377","page","type-page","status-publish","hentry"],"featured_image_src":null,"acf":[],"yoast_head":"<!-- This site is optimized with the Yoast SEO Premium plugin v27.5 (Yoast SEO v27.5) - https:\/\/yoast.com\/product\/yoast-seo-premium-wordpress\/ -->\n<title>Interruptor de encendido de 4 posiciones - Standard Motor Products, Inc.<\/title>\n<meta name=\"robots\" content=\"index, follow, max-snippet:-1, max-image-preview:large, max-video-preview:-1\" \/>\n<link rel=\"canonical\" href=\"https:\/\/www.smpengineeredsolutions.com\/es\/productos\/interruptores\/interruptores-de-encendido\/interruptor-de-encendido-de-4-posiciones\/\" \/>\n<meta property=\"og:locale\" content=\"es_ES\" \/>\n<meta property=\"og:type\" content=\"article\" \/>\n<meta property=\"og:title\" content=\"Interruptor de encendido de 4 posiciones\" \/>\n<meta property=\"og:description\" content=\"Posici\u00f3n de accesorio separada para el calentamiento de la buj\u00eda de incandescencia Opciones populares de interruptor con llave y de palanca Carcasa de fundici\u00f3n duradera Terminales de cobre de larga duraci\u00f3n 12 o 24 voltios [...]Leer m\u00e1s...\" \/>\n<meta property=\"og:url\" content=\"https:\/\/www.smpengineeredsolutions.com\/es\/productos\/interruptores\/interruptores-de-encendido\/interruptor-de-encendido-de-4-posiciones\/\" \/>\n<meta property=\"og:site_name\" content=\"Standard Motor Products, Inc.\" \/>\n<meta property=\"article:modified_time\" content=\"2023-10-19T09:01:03+00:00\" \/>\n<meta name=\"twitter:label1\" content=\"Tiempo de lectura\" \/>\n\t<meta name=\"twitter:data1\" content=\"1 minuto\" \/>\n<script type=\"application\/ld+json\" class=\"yoast-schema-graph\">{\"@context\":\"https:\\\/\\\/schema.org\",\"@graph\":[{\"@type\":\"WebPage\",\"@id\":\"https:\\\/\\\/www.smpengineeredsolutions.com\\\/es\\\/productos\\\/interruptores\\\/interruptores-de-encendido\\\/interruptor-de-encendido-de-4-posiciones\\\/\",\"url\":\"https:\\\/\\\/www.smpengineeredsolutions.com\\\/es\\\/productos\\\/interruptores\\\/interruptores-de-encendido\\\/interruptor-de-encendido-de-4-posiciones\\\/\",\"name\":\"Interruptor de encendido de 4 posiciones - Standard Motor Products, Inc.\",\"isPartOf\":{\"@id\":\"https:\\\/\\\/www.smpengineeredsolutions.com\\\/es\\\/#website\"},\"datePublished\":\"2023-01-27T14:00:16+00:00\",\"dateModified\":\"2023-10-19T09:01:03+00:00\",\"breadcrumb\":{\"@id\":\"https:\\\/\\\/www.smpengineeredsolutions.com\\\/es\\\/productos\\\/interruptores\\\/interruptores-de-encendido\\\/interruptor-de-encendido-de-4-posiciones\\\/#breadcrumb\"},\"inLanguage\":\"es\",\"potentialAction\":[{\"@type\":\"ReadAction\",\"target\":[\"https:\\\/\\\/www.smpengineeredsolutions.com\\\/es\\\/productos\\\/interruptores\\\/interruptores-de-encendido\\\/interruptor-de-encendido-de-4-posiciones\\\/\"]}]},{\"@type\":\"BreadcrumbList\",\"@id\":\"https:\\\/\\\/www.smpengineeredsolutions.com\\\/es\\\/productos\\\/interruptores\\\/interruptores-de-encendido\\\/interruptor-de-encendido-de-4-posiciones\\\/#breadcrumb\",\"itemListElement\":[{\"@type\":\"ListItem\",\"position\":1,\"name\":\"Home\",\"item\":\"https:\\\/\\\/www.smpengineeredsolutions.com\\\/es\\\/\"},{\"@type\":\"ListItem\",\"position\":2,\"name\":\"Productos\",\"item\":\"https:\\\/\\\/www.smpengineeredsolutions.com\\\/es\\\/productos\\\/\"},{\"@type\":\"ListItem\",\"position\":3,\"name\":\"Interruptores\",\"item\":\"https:\\\/\\\/www.smpengineeredsolutions.com\\\/es\\\/productos\\\/interruptores\\\/\"},{\"@type\":\"ListItem\",\"position\":4,\"name\":\"Interruptores de encendido\",\"item\":\"https:\\\/\\\/www.smpengineeredsolutions.com\\\/es\\\/productos\\\/interruptores\\\/interruptores-de-encendido\\\/\"},{\"@type\":\"ListItem\",\"position\":5,\"name\":\"Interruptor de encendido de 4 posiciones\"}]},{\"@type\":\"WebSite\",\"@id\":\"https:\\\/\\\/www.smpengineeredsolutions.com\\\/es\\\/#website\",\"url\":\"https:\\\/\\\/www.smpengineeredsolutions.com\\\/es\\\/\",\"name\":\"Standard Motor Products, Inc.\",\"description\":\"\",\"publisher\":{\"@id\":\"https:\\\/\\\/www.smpengineeredsolutions.com\\\/es\\\/#organization\"},\"potentialAction\":[{\"@type\":\"SearchAction\",\"target\":{\"@type\":\"EntryPoint\",\"urlTemplate\":\"https:\\\/\\\/www.smpengineeredsolutions.com\\\/es\\\/?s={search_term_string}\"},\"query-input\":{\"@type\":\"PropertyValueSpecification\",\"valueRequired\":true,\"valueName\":\"search_term_string\"}}],\"inLanguage\":\"es\"},{\"@type\":\"Organization\",\"@id\":\"https:\\\/\\\/www.smpengineeredsolutions.com\\\/es\\\/#organization\",\"name\":\"SMP\u00ae Engineered Solutions\",\"url\":\"https:\\\/\\\/www.smpengineeredsolutions.com\\\/es\\\/\",\"logo\":{\"@type\":\"ImageObject\",\"inLanguage\":\"es\",\"@id\":\"https:\\\/\\\/www.smpengineeredsolutions.com\\\/es\\\/#\\\/schema\\\/logo\\\/image\\\/\",\"url\":\"https:\\\/\\\/www.a.smpengineeredsolutions.com\\\/wp-content\\\/uploads\\\/smp-logo.png\",\"contentUrl\":\"https:\\\/\\\/www.a.smpengineeredsolutions.com\\\/wp-content\\\/uploads\\\/smp-logo.png\",\"width\":264,\"height\":117,\"caption\":\"SMP\u00ae Engineered Solutions\"},\"image\":{\"@id\":\"https:\\\/\\\/www.smpengineeredsolutions.com\\\/es\\\/#\\\/schema\\\/logo\\\/image\\\/\"},\"sameAs\":[\"https:\\\/\\\/www.youtube.com\\\/@StandardMotorProductsInc\",\"https:\\\/\\\/www.linkedin.com\\\/company\\\/standard-motor-products\"]}]}<\/script>\n<!-- \/ Yoast SEO Premium plugin. -->","yoast_head_json":{"title":"Interruptor de encendido de 4 posiciones - Standard Motor Products, Inc.","robots":{"index":"index","follow":"follow","max-snippet":"max-snippet:-1","max-image-preview":"max-image-preview:large","max-video-preview":"max-video-preview:-1"},"canonical":"https:\/\/www.smpengineeredsolutions.com\/es\/productos\/interruptores\/interruptores-de-encendido\/interruptor-de-encendido-de-4-posiciones\/","og_locale":"es_ES","og_type":"article","og_title":"Interruptor de encendido de 4 posiciones","og_description":"Posici\u00f3n de accesorio separada para el calentamiento de la buj\u00eda de incandescencia Opciones populares de interruptor con llave y de palanca Carcasa de fundici\u00f3n duradera Terminales de cobre de larga duraci\u00f3n 12 o 24 voltios [...]Leer m\u00e1s...","og_url":"https:\/\/www.smpengineeredsolutions.com\/es\/productos\/interruptores\/interruptores-de-encendido\/interruptor-de-encendido-de-4-posiciones\/","og_site_name":"Standard Motor Products, Inc.","article_modified_time":"2023-10-19T09:01:03+00:00","twitter_misc":{"Tiempo de lectura":"1 minuto"},"schema":{"@context":"https:\/\/schema.org","@graph":[{"@type":"WebPage","@id":"https:\/\/www.smpengineeredsolutions.com\/es\/productos\/interruptores\/interruptores-de-encendido\/interruptor-de-encendido-de-4-posiciones\/","url":"https:\/\/www.smpengineeredsolutions.com\/es\/productos\/interruptores\/interruptores-de-encendido\/interruptor-de-encendido-de-4-posiciones\/","name":"Interruptor de encendido de 4 posiciones - Standard Motor Products, Inc.","isPartOf":{"@id":"https:\/\/www.smpengineeredsolutions.com\/es\/#website"},"datePublished":"2023-01-27T14:00:16+00:00","dateModified":"2023-10-19T09:01:03+00:00","breadcrumb":{"@id":"https:\/\/www.smpengineeredsolutions.com\/es\/productos\/interruptores\/interruptores-de-encendido\/interruptor-de-encendido-de-4-posiciones\/#breadcrumb"},"inLanguage":"es","potentialAction":[{"@type":"ReadAction","target":["https:\/\/www.smpengineeredsolutions.com\/es\/productos\/interruptores\/interruptores-de-encendido\/interruptor-de-encendido-de-4-posiciones\/"]}]},{"@type":"BreadcrumbList","@id":"https:\/\/www.smpengineeredsolutions.com\/es\/productos\/interruptores\/interruptores-de-encendido\/interruptor-de-encendido-de-4-posiciones\/#breadcrumb","itemListElement":[{"@type":"ListItem","position":1,"name":"Home","item":"https:\/\/www.smpengineeredsolutions.com\/es\/"},{"@type":"ListItem","position":2,"name":"Productos","item":"https:\/\/www.smpengineeredsolutions.com\/es\/productos\/"},{"@type":"ListItem","position":3,"name":"Interruptores","item":"https:\/\/www.smpengineeredsolutions.com\/es\/productos\/interruptores\/"},{"@type":"ListItem","position":4,"name":"Interruptores de encendido","item":"https:\/\/www.smpengineeredsolutions.com\/es\/productos\/interruptores\/interruptores-de-encendido\/"},{"@type":"ListItem","position":5,"name":"Interruptor de encendido de 4 posiciones"}]},{"@type":"WebSite","@id":"https:\/\/www.smpengineeredsolutions.com\/es\/#website","url":"https:\/\/www.smpengineeredsolutions.com\/es\/","name":"Standard Motor Products, Inc.","description":"","publisher":{"@id":"https:\/\/www.smpengineeredsolutions.com\/es\/#organization"},"potentialAction":[{"@type":"SearchAction","target":{"@type":"EntryPoint","urlTemplate":"https:\/\/www.smpengineeredsolutions.com\/es\/?s={search_term_string}"},"query-input":{"@type":"PropertyValueSpecification","valueRequired":true,"valueName":"search_term_string"}}],"inLanguage":"es"},{"@type":"Organization","@id":"https:\/\/www.smpengineeredsolutions.com\/es\/#organization","name":"SMP\u00ae Engineered Solutions","url":"https:\/\/www.smpengineeredsolutions.com\/es\/","logo":{"@type":"ImageObject","inLanguage":"es","@id":"https:\/\/www.smpengineeredsolutions.com\/es\/#\/schema\/logo\/image\/","url":"https:\/\/www.a.smpengineeredsolutions.com\/wp-content\/uploads\/smp-logo.png","contentUrl":"https:\/\/www.a.smpengineeredsolutions.com\/wp-content\/uploads\/smp-logo.png","width":264,"height":117,"caption":"SMP\u00ae Engineered Solutions"},"image":{"@id":"https:\/\/www.smpengineeredsolutions.com\/es\/#\/schema\/logo\/image\/"},"sameAs":["https:\/\/www.youtube.com\/@StandardMotorProductsInc","https:\/\/www.linkedin.com\/company\/standard-motor-products"]}]}},"_links":{"self":[{"href":"https:\/\/www.smpengineeredsolutions.com\/es\/wp-json\/wp\/v2\/pages\/5377","targetHints":{"allow":["GET"]}}],"collection":[{"href":"https:\/\/www.smpengineeredsolutions.com\/es\/wp-json\/wp\/v2\/pages"}],"about":[{"href":"https:\/\/www.smpengineeredsolutions.com\/es\/wp-json\/wp\/v2\/types\/page"}],"author":[{"embeddable":true,"href":"https:\/\/www.smpengineeredsolutions.com\/es\/wp-json\/wp\/v2\/users\/27"}],"replies":[{"embeddable":true,"href":"https:\/\/www.smpengineeredsolutions.com\/es\/wp-json\/wp\/v2\/comments?post=5377"}],"version-history":[{"count":0,"href":"https:\/\/www.smpengineeredsolutions.com\/es\/wp-json\/wp\/v2\/pages\/5377\/revisions"}],"up":[{"embeddable":true,"href":"https:\/\/www.smpengineeredsolutions.com\/es\/wp-json\/wp\/v2\/pages\/5374"}],"wp:attachment":[{"href":"https:\/\/www.smpengineeredsolutions.com\/es\/wp-json\/wp\/v2\/media?parent=5377"}],"curies":[{"name":"wp","href":"https:\/\/api.w.org\/{rel}","templated":true}]}}