{"id":5376,"date":"2023-01-27T08:59:44","date_gmt":"2023-01-27T13:59:44","guid":{"rendered":"https:\/\/smpengineeredsolutions.com\/?page_id=5376"},"modified":"2023-10-19T08:58:49","modified_gmt":"2023-10-19T08:58:49","slug":"interruptor-de-encendido-de-3-posiciones","status":"publish","type":"page","link":"https:\/\/www.smpengineeredsolutions.com\/es\/productos\/interruptores\/interruptores-de-encendido\/interruptor-de-encendido-de-3-posiciones\/","title":{"rendered":"Interruptor de encendido de 3 posiciones"},"content":{"rendered":"<p>Los interruptores de 3 posiciones se utilizan en m\u00e1quinas con bot\u00f3n de arranque y no tienen un poste de arranque en la parte trasera del interruptor para un cable de arranque. Se trata \u00fanicamente de interruptores de encendido-apagado (Off-On) y no disponen de un retorno a resorte para funcionar.<\/p>\n<div class=\"text-center\"><a class=\"lightbox\" href=\"\/wp-content\/uploads\/3-position-starter-switch.png\"><img decoding=\"async\" title=\"Position Ignition Switch\" src=\"\/wp-content\/uploads\/3-position-starter-switch.png\" alt=\"Position Ignition Switch\" width=\"600\" \/><\/a><\/div>\n<ul>\n<li>Sin resorte de retorno para la carrera<\/li>\n<li>Carcasa de fundici\u00f3n de alta resistencia<\/li>\n<li>Base de terminales de baquelita moldeada<\/li>\n<li>Base de caja de fundici\u00f3n bobinada para sellado<\/li>\n<li>Contratuerca y tuerca de montaje incluidas<\/li>\n<li>C\u00f3digos de llave mixtos o iguales seg\u00fan disponibilidad<\/li>\n<\/ul>\n","protected":false},"excerpt":{"rendered":"<p>Los interruptores de 3 posiciones se utilizan en m\u00e1quinas con bot\u00f3n de arranque y no tienen un poste de arranque en la parte trasera del interruptor para un cable de arranque. Se trata \u00fanicamente de interruptores de encendido-apagado (Off-On) y no disponen de un retorno a resorte para funcionar. Sin resorte de retorno para la&#8230; [&#8230;]<\/p>\n<p><a class=\"btn btn-secondary understrap-read-more-link\" href=\"https:\/\/www.smpengineeredsolutions.com\/es\/productos\/interruptores\/interruptores-de-encendido\/interruptor-de-encendido-de-3-posiciones\/\">Leer m\u00e1s&#8230;<\/a><\/p>\n","protected":false},"author":27,"featured_media":0,"parent":5374,"menu_order":0,"comment_status":"closed","ping_status":"closed","template":"page-templates\/destination-content.php","meta":{"_acf_changed":false,"inline_featured_image":false,"footnotes":""},"class_list":["post-5376","page","type-page","status-publish","hentry"],"featured_image_src":null,"acf":[],"yoast_head":"<!-- This site is optimized with the Yoast SEO Premium plugin v27.5 (Yoast SEO v27.5) - https:\/\/yoast.com\/product\/yoast-seo-premium-wordpress\/ -->\n<title>Interruptor de encendido de 3 posiciones - Standard Motor Products, Inc.<\/title>\n<meta name=\"robots\" content=\"index, follow, max-snippet:-1, max-image-preview:large, max-video-preview:-1\" \/>\n<link rel=\"canonical\" href=\"https:\/\/www.smpengineeredsolutions.com\/es\/productos\/interruptores\/interruptores-de-encendido\/interruptor-de-encendido-de-3-posiciones\/\" \/>\n<meta property=\"og:locale\" content=\"es_ES\" \/>\n<meta property=\"og:type\" content=\"article\" \/>\n<meta property=\"og:title\" content=\"Interruptor de encendido de 3 posiciones\" \/>\n<meta property=\"og:description\" content=\"Los interruptores de 3 posiciones se utilizan en m\u00e1quinas con bot\u00f3n de arranque y no tienen un poste de arranque en la parte trasera del interruptor para un cable de arranque. Se trata \u00fanicamente de interruptores de encendido-apagado (Off-On) y no disponen de un retorno a resorte para funcionar. Sin resorte de retorno para la... [...]Leer m\u00e1s...\" \/>\n<meta property=\"og:url\" content=\"https:\/\/www.smpengineeredsolutions.com\/es\/productos\/interruptores\/interruptores-de-encendido\/interruptor-de-encendido-de-3-posiciones\/\" \/>\n<meta property=\"og:site_name\" content=\"Standard Motor Products, Inc.\" \/>\n<meta property=\"article:modified_time\" content=\"2023-10-19T08:58:49+00:00\" \/>\n<meta name=\"twitter:label1\" content=\"Tiempo de lectura\" \/>\n\t<meta name=\"twitter:data1\" content=\"1 minuto\" \/>\n<script type=\"application\/ld+json\" class=\"yoast-schema-graph\">{\"@context\":\"https:\\\/\\\/schema.org\",\"@graph\":[{\"@type\":\"WebPage\",\"@id\":\"https:\\\/\\\/www.smpengineeredsolutions.com\\\/es\\\/productos\\\/interruptores\\\/interruptores-de-encendido\\\/interruptor-de-encendido-de-3-posiciones\\\/\",\"url\":\"https:\\\/\\\/www.smpengineeredsolutions.com\\\/es\\\/productos\\\/interruptores\\\/interruptores-de-encendido\\\/interruptor-de-encendido-de-3-posiciones\\\/\",\"name\":\"Interruptor de encendido de 3 posiciones - Standard Motor Products, Inc.\",\"isPartOf\":{\"@id\":\"https:\\\/\\\/www.smpengineeredsolutions.com\\\/es\\\/#website\"},\"datePublished\":\"2023-01-27T13:59:44+00:00\",\"dateModified\":\"2023-10-19T08:58:49+00:00\",\"breadcrumb\":{\"@id\":\"https:\\\/\\\/www.smpengineeredsolutions.com\\\/es\\\/productos\\\/interruptores\\\/interruptores-de-encendido\\\/interruptor-de-encendido-de-3-posiciones\\\/#breadcrumb\"},\"inLanguage\":\"es\",\"potentialAction\":[{\"@type\":\"ReadAction\",\"target\":[\"https:\\\/\\\/www.smpengineeredsolutions.com\\\/es\\\/productos\\\/interruptores\\\/interruptores-de-encendido\\\/interruptor-de-encendido-de-3-posiciones\\\/\"]}]},{\"@type\":\"BreadcrumbList\",\"@id\":\"https:\\\/\\\/www.smpengineeredsolutions.com\\\/es\\\/productos\\\/interruptores\\\/interruptores-de-encendido\\\/interruptor-de-encendido-de-3-posiciones\\\/#breadcrumb\",\"itemListElement\":[{\"@type\":\"ListItem\",\"position\":1,\"name\":\"Home\",\"item\":\"https:\\\/\\\/www.tcp.smpengineeredsolutions.com\\\/es\\\/\"},{\"@type\":\"ListItem\",\"position\":2,\"name\":\"Productos\",\"item\":\"https:\\\/\\\/www.tcp.smpengineeredsolutions.com\\\/es\\\/productos\\\/\"},{\"@type\":\"ListItem\",\"position\":3,\"name\":\"Interruptores\",\"item\":\"https:\\\/\\\/www._msft-gc-ssl._tcp.smpengineeredsolutions.com\\\/es\\\/productos\\\/interruptores\\\/\"},{\"@type\":\"ListItem\",\"position\":4,\"name\":\"Interruptores de encendido\",\"item\":\"https:\\\/\\\/www.sitemaps.smpengineeredsolutions.com\\\/es\\\/productos\\\/interruptores\\\/interruptores-de-encendido\\\/\"},{\"@type\":\"ListItem\",\"position\":5,\"name\":\"Interruptor de encendido de 3 posiciones\"}]},{\"@type\":\"WebSite\",\"@id\":\"https:\\\/\\\/www.smpengineeredsolutions.com\\\/es\\\/#website\",\"url\":\"https:\\\/\\\/www.smpengineeredsolutions.com\\\/es\\\/\",\"name\":\"Standard Motor Products, Inc.\",\"description\":\"\",\"publisher\":{\"@id\":\"https:\\\/\\\/www.smpengineeredsolutions.com\\\/es\\\/#organization\"},\"potentialAction\":[{\"@type\":\"SearchAction\",\"target\":{\"@type\":\"EntryPoint\",\"urlTemplate\":\"https:\\\/\\\/www.smpengineeredsolutions.com\\\/es\\\/?s={search_term_string}\"},\"query-input\":{\"@type\":\"PropertyValueSpecification\",\"valueRequired\":true,\"valueName\":\"search_term_string\"}}],\"inLanguage\":\"es\"},{\"@type\":\"Organization\",\"@id\":\"https:\\\/\\\/www.smpengineeredsolutions.com\\\/es\\\/#organization\",\"name\":\"SMP\u00ae Engineered Solutions\",\"url\":\"https:\\\/\\\/www.smpengineeredsolutions.com\\\/es\\\/\",\"logo\":{\"@type\":\"ImageObject\",\"inLanguage\":\"es\",\"@id\":\"https:\\\/\\\/www.smpengineeredsolutions.com\\\/es\\\/#\\\/schema\\\/logo\\\/image\\\/\",\"url\":\"https:\\\/\\\/www.a.smpengineeredsolutions.com\\\/wp-content\\\/uploads\\\/smp-logo.png\",\"contentUrl\":\"https:\\\/\\\/www.a.smpengineeredsolutions.com\\\/wp-content\\\/uploads\\\/smp-logo.png\",\"width\":264,\"height\":117,\"caption\":\"SMP\u00ae Engineered Solutions\"},\"image\":{\"@id\":\"https:\\\/\\\/www.smpengineeredsolutions.com\\\/es\\\/#\\\/schema\\\/logo\\\/image\\\/\"},\"sameAs\":[\"https:\\\/\\\/www.youtube.com\\\/@StandardMotorProductsInc\",\"https:\\\/\\\/www.linkedin.com\\\/company\\\/standard-motor-products\"]}]}<\/script>\n<!-- \/ Yoast SEO Premium plugin. -->","yoast_head_json":{"title":"Interruptor de encendido de 3 posiciones - Standard Motor Products, Inc.","robots":{"index":"index","follow":"follow","max-snippet":"max-snippet:-1","max-image-preview":"max-image-preview:large","max-video-preview":"max-video-preview:-1"},"canonical":"https:\/\/www.smpengineeredsolutions.com\/es\/productos\/interruptores\/interruptores-de-encendido\/interruptor-de-encendido-de-3-posiciones\/","og_locale":"es_ES","og_type":"article","og_title":"Interruptor de encendido de 3 posiciones","og_description":"Los interruptores de 3 posiciones se utilizan en m\u00e1quinas con bot\u00f3n de arranque y no tienen un poste de arranque en la parte trasera del interruptor para un cable de arranque. Se trata \u00fanicamente de interruptores de encendido-apagado (Off-On) y no disponen de un retorno a resorte para funcionar. Sin resorte de retorno para la... [...]Leer m\u00e1s...","og_url":"https:\/\/www.smpengineeredsolutions.com\/es\/productos\/interruptores\/interruptores-de-encendido\/interruptor-de-encendido-de-3-posiciones\/","og_site_name":"Standard Motor Products, Inc.","article_modified_time":"2023-10-19T08:58:49+00:00","twitter_misc":{"Tiempo de lectura":"1 minuto"},"schema":{"@context":"https:\/\/schema.org","@graph":[{"@type":"WebPage","@id":"https:\/\/www.smpengineeredsolutions.com\/es\/productos\/interruptores\/interruptores-de-encendido\/interruptor-de-encendido-de-3-posiciones\/","url":"https:\/\/www.smpengineeredsolutions.com\/es\/productos\/interruptores\/interruptores-de-encendido\/interruptor-de-encendido-de-3-posiciones\/","name":"Interruptor de encendido de 3 posiciones - Standard Motor Products, Inc.","isPartOf":{"@id":"https:\/\/www.smpengineeredsolutions.com\/es\/#website"},"datePublished":"2023-01-27T13:59:44+00:00","dateModified":"2023-10-19T08:58:49+00:00","breadcrumb":{"@id":"https:\/\/www.smpengineeredsolutions.com\/es\/productos\/interruptores\/interruptores-de-encendido\/interruptor-de-encendido-de-3-posiciones\/#breadcrumb"},"inLanguage":"es","potentialAction":[{"@type":"ReadAction","target":["https:\/\/www.smpengineeredsolutions.com\/es\/productos\/interruptores\/interruptores-de-encendido\/interruptor-de-encendido-de-3-posiciones\/"]}]},{"@type":"BreadcrumbList","@id":"https:\/\/www.smpengineeredsolutions.com\/es\/productos\/interruptores\/interruptores-de-encendido\/interruptor-de-encendido-de-3-posiciones\/#breadcrumb","itemListElement":[{"@type":"ListItem","position":1,"name":"Home","item":"https:\/\/www.tcp.smpengineeredsolutions.com\/es\/"},{"@type":"ListItem","position":2,"name":"Productos","item":"https:\/\/www.tcp.smpengineeredsolutions.com\/es\/productos\/"},{"@type":"ListItem","position":3,"name":"Interruptores","item":"https:\/\/www._msft-gc-ssl._tcp.smpengineeredsolutions.com\/es\/productos\/interruptores\/"},{"@type":"ListItem","position":4,"name":"Interruptores de encendido","item":"https:\/\/www.sitemaps.smpengineeredsolutions.com\/es\/productos\/interruptores\/interruptores-de-encendido\/"},{"@type":"ListItem","position":5,"name":"Interruptor de encendido de 3 posiciones"}]},{"@type":"WebSite","@id":"https:\/\/www.smpengineeredsolutions.com\/es\/#website","url":"https:\/\/www.smpengineeredsolutions.com\/es\/","name":"Standard Motor Products, Inc.","description":"","publisher":{"@id":"https:\/\/www.smpengineeredsolutions.com\/es\/#organization"},"potentialAction":[{"@type":"SearchAction","target":{"@type":"EntryPoint","urlTemplate":"https:\/\/www.smpengineeredsolutions.com\/es\/?s={search_term_string}"},"query-input":{"@type":"PropertyValueSpecification","valueRequired":true,"valueName":"search_term_string"}}],"inLanguage":"es"},{"@type":"Organization","@id":"https:\/\/www.smpengineeredsolutions.com\/es\/#organization","name":"SMP\u00ae Engineered Solutions","url":"https:\/\/www.smpengineeredsolutions.com\/es\/","logo":{"@type":"ImageObject","inLanguage":"es","@id":"https:\/\/www.smpengineeredsolutions.com\/es\/#\/schema\/logo\/image\/","url":"https:\/\/www.a.smpengineeredsolutions.com\/wp-content\/uploads\/smp-logo.png","contentUrl":"https:\/\/www.a.smpengineeredsolutions.com\/wp-content\/uploads\/smp-logo.png","width":264,"height":117,"caption":"SMP\u00ae Engineered Solutions"},"image":{"@id":"https:\/\/www.smpengineeredsolutions.com\/es\/#\/schema\/logo\/image\/"},"sameAs":["https:\/\/www.youtube.com\/@StandardMotorProductsInc","https:\/\/www.linkedin.com\/company\/standard-motor-products"]}]}},"_links":{"self":[{"href":"https:\/\/www.smpengineeredsolutions.com\/es\/wp-json\/wp\/v2\/pages\/5376","targetHints":{"allow":["GET"]}}],"collection":[{"href":"https:\/\/www.smpengineeredsolutions.com\/es\/wp-json\/wp\/v2\/pages"}],"about":[{"href":"https:\/\/www.smpengineeredsolutions.com\/es\/wp-json\/wp\/v2\/types\/page"}],"author":[{"embeddable":true,"href":"https:\/\/www.smpengineeredsolutions.com\/es\/wp-json\/wp\/v2\/users\/27"}],"replies":[{"embeddable":true,"href":"https:\/\/www.smpengineeredsolutions.com\/es\/wp-json\/wp\/v2\/comments?post=5376"}],"version-history":[{"count":0,"href":"https:\/\/www.smpengineeredsolutions.com\/es\/wp-json\/wp\/v2\/pages\/5376\/revisions"}],"up":[{"embeddable":true,"href":"https:\/\/www.smpengineeredsolutions.com\/es\/wp-json\/wp\/v2\/pages\/5374"}],"wp:attachment":[{"href":"https:\/\/www.smpengineeredsolutions.com\/es\/wp-json\/wp\/v2\/media?parent=5376"}],"curies":[{"name":"wp","href":"https:\/\/api.w.org\/{rel}","templated":true}]}}