{"id":5368,"date":"2023-01-09T13:34:06","date_gmt":"2023-01-09T18:34:06","guid":{"rendered":"https:\/\/smpengineeredsolutions.com\/?page_id=5368"},"modified":"2024-08-14T09:15:07","modified_gmt":"2024-08-14T13:15:07","slug":"sensores-de-temperatura","status":"publish","type":"page","link":"https:\/\/www.smpengineeredsolutions.com\/es\/productos\/sensores\/sensores-de-temperatura\/","title":{"rendered":"Sensores de temperatura"},"content":{"rendered":"<div class=\"text-center\"><a class=\"lightbox\" href=\"\/wp-content\/uploads\/3-temp-sensors-SP.jpg\"><img decoding=\"async\" title=\"Sensores de temperatura\" src=\"\/wp-content\/uploads\/3-temp-sensors-SP.jpg\" alt=\"Sensores de temperatura\" \/><\/a><\/div>\n<p>Los sensores de temperatura son dispositivos de medici\u00f3n que controlan la temperatura de gases o l\u00edquidos para:<\/p>\n<ul>\n<li>Mejorar el confort de los usuarios<\/li>\n<li>Optimizar el funcionamiento mediante la calibraci\u00f3n<\/li>\n<li>Proteger los distintos sistemas del recalentamiento<\/li>\n<\/ul>\n<p>Nuestros sensores de temperatura utilizan diversas tecnolog\u00edas:<\/p>\n<ul>\n<li>Sensores integrados basados en silicio<\/li>\n<li>Dispositivo de temperatura resistivo de platino (RTD)<\/li>\n<li>Termistor<\/li>\n<li>Termocupla<\/li>\n<\/ul>\n","protected":false},"excerpt":{"rendered":"<p>Los sensores de temperatura son dispositivos de medici\u00f3n que controlan la temperatura de gases o l\u00edquidos para: Mejorar el confort de los usuarios Optimizar el funcionamiento mediante la calibraci\u00f3n Proteger los distintos sistemas del recalentamiento Nuestros sensores de temperatura utilizan diversas tecnolog\u00edas: Sensores integrados basados en silicio Dispositivo de temperatura resistivo de platino (RTD) Termistor&#8230; [&#8230;]<\/p>\n<p><a class=\"btn btn-secondary understrap-read-more-link\" href=\"https:\/\/www.smpengineeredsolutions.com\/es\/productos\/sensores\/sensores-de-temperatura\/\">Leer m\u00e1s&#8230;<\/a><\/p>\n","protected":false},"author":27,"featured_media":0,"parent":5358,"menu_order":0,"comment_status":"closed","ping_status":"closed","template":"page-templates\/destination-content.php","meta":{"_acf_changed":false,"inline_featured_image":false,"footnotes":""},"class_list":["post-5368","page","type-page","status-publish","hentry"],"featured_image_src":null,"acf":[],"yoast_head":"<!-- This site is optimized with the Yoast SEO Premium plugin v27.4 (Yoast SEO v27.4) - https:\/\/yoast.com\/product\/yoast-seo-premium-wordpress\/ -->\n<title>Sensores de temperatura - Standard Motor Products, Inc.<\/title>\n<meta name=\"description\" content=\"Vea nuestros sensores de temperatura. Los sensores de temperatura son dispositivos de medici\u00f3n que controlan la temperatura de gases o fluidos. M\u00e1s informaci\u00f3n\" \/>\n<meta name=\"robots\" content=\"index, follow, max-snippet:-1, max-image-preview:large, max-video-preview:-1\" \/>\n<link rel=\"canonical\" href=\"https:\/\/www.smpengineeredsolutions.com\/es\/productos\/sensores\/sensores-de-temperatura\/\" \/>\n<meta property=\"og:locale\" content=\"es_ES\" \/>\n<meta property=\"og:type\" content=\"article\" \/>\n<meta property=\"og:title\" content=\"Sensores de temperatura\" \/>\n<meta property=\"og:description\" content=\"Vea nuestros sensores de temperatura. Los sensores de temperatura son dispositivos de medici\u00f3n que controlan la temperatura de gases o fluidos. M\u00e1s informaci\u00f3n\" \/>\n<meta property=\"og:url\" content=\"https:\/\/www.smpengineeredsolutions.com\/es\/productos\/sensores\/sensores-de-temperatura\/\" \/>\n<meta property=\"og:site_name\" content=\"Standard Motor Products, Inc.\" \/>\n<meta property=\"article:modified_time\" content=\"2024-08-14T13:15:07+00:00\" \/>\n<meta name=\"twitter:label1\" content=\"Tiempo de lectura\" \/>\n\t<meta name=\"twitter:data1\" content=\"1 minuto\" \/>\n<script type=\"application\/ld+json\" class=\"yoast-schema-graph\">{\"@context\":\"https:\\\/\\\/schema.org\",\"@graph\":[{\"@type\":\"WebPage\",\"@id\":\"https:\\\/\\\/www.smpengineeredsolutions.com\\\/es\\\/productos\\\/sensores\\\/sensores-de-temperatura\\\/\",\"url\":\"https:\\\/\\\/www.smpengineeredsolutions.com\\\/es\\\/productos\\\/sensores\\\/sensores-de-temperatura\\\/\",\"name\":\"Sensores de temperatura - Standard Motor Products, Inc.\",\"isPartOf\":{\"@id\":\"https:\\\/\\\/www._tcp.smpengineeredsolutions.com\\\/#website\"},\"datePublished\":\"2023-01-09T18:34:06+00:00\",\"dateModified\":\"2024-08-14T13:15:07+00:00\",\"description\":\"Vea nuestros sensores de temperatura. Los sensores de temperatura son dispositivos de medici\u00f3n que controlan la temperatura de gases o fluidos. M\u00e1s informaci\u00f3n\",\"breadcrumb\":{\"@id\":\"https:\\\/\\\/www.smpengineeredsolutions.com\\\/es\\\/productos\\\/sensores\\\/sensores-de-temperatura\\\/#breadcrumb\"},\"inLanguage\":\"es\",\"potentialAction\":[{\"@type\":\"ReadAction\",\"target\":[\"https:\\\/\\\/www.smpengineeredsolutions.com\\\/es\\\/productos\\\/sensores\\\/sensores-de-temperatura\\\/\"]}]},{\"@type\":\"BreadcrumbList\",\"@id\":\"https:\\\/\\\/www.smpengineeredsolutions.com\\\/es\\\/productos\\\/sensores\\\/sensores-de-temperatura\\\/#breadcrumb\",\"itemListElement\":[{\"@type\":\"ListItem\",\"position\":1,\"name\":\"Home\",\"item\":\"https:\\\/\\\/www.smpengineeredsolutions.com\\\/es\\\/\"},{\"@type\":\"ListItem\",\"position\":2,\"name\":\"Productos\",\"item\":\"https:\\\/\\\/www.smpengineeredsolutions.com\\\/es\\\/productos\\\/\"},{\"@type\":\"ListItem\",\"position\":3,\"name\":\"Sensores\",\"item\":\"https:\\\/\\\/www.96ce9a62-fe5f-4a67-a933-f08256570101.a.smpengineeredsolutions.com\\\/es\\\/productos\\\/sensores\\\/\"},{\"@type\":\"ListItem\",\"position\":4,\"name\":\"Sensores de temperatura\"}]},{\"@type\":\"WebSite\",\"@id\":\"https:\\\/\\\/www._tcp.smpengineeredsolutions.com\\\/#website\",\"url\":\"https:\\\/\\\/www._tcp.smpengineeredsolutions.com\\\/\",\"name\":\"Standard Motor Products, Inc.\",\"description\":\"\",\"publisher\":{\"@id\":\"https:\\\/\\\/www._tcp.smpengineeredsolutions.com\\\/#organization\"},\"potentialAction\":[{\"@type\":\"SearchAction\",\"target\":{\"@type\":\"EntryPoint\",\"urlTemplate\":\"https:\\\/\\\/www._tcp.smpengineeredsolutions.com\\\/?s={search_term_string}\"},\"query-input\":{\"@type\":\"PropertyValueSpecification\",\"valueRequired\":true,\"valueName\":\"search_term_string\"}}],\"inLanguage\":\"es\"},{\"@type\":\"Organization\",\"@id\":\"https:\\\/\\\/www._tcp.smpengineeredsolutions.com\\\/#organization\",\"name\":\"SMP\u00ae Engineered Solutions\",\"url\":\"https:\\\/\\\/www._tcp.smpengineeredsolutions.com\\\/\",\"logo\":{\"@type\":\"ImageObject\",\"inLanguage\":\"es\",\"@id\":\"https:\\\/\\\/www._tcp.smpengineeredsolutions.com\\\/#\\\/schema\\\/logo\\\/image\\\/\",\"url\":\"https:\\\/\\\/www.a.smpengineeredsolutions.com\\\/wp-content\\\/uploads\\\/smp-logo.png\",\"contentUrl\":\"https:\\\/\\\/www.a.smpengineeredsolutions.com\\\/wp-content\\\/uploads\\\/smp-logo.png\",\"width\":264,\"height\":117,\"caption\":\"SMP\u00ae Engineered Solutions\"},\"image\":{\"@id\":\"https:\\\/\\\/www._tcp.smpengineeredsolutions.com\\\/#\\\/schema\\\/logo\\\/image\\\/\"},\"sameAs\":[\"https:\\\/\\\/www.youtube.com\\\/@StandardMotorProductsInc\",\"https:\\\/\\\/www.linkedin.com\\\/company\\\/standard-motor-products\"]}]}<\/script>\n<!-- \/ Yoast SEO Premium plugin. -->","yoast_head_json":{"title":"Sensores de temperatura - Standard Motor Products, Inc.","description":"Vea nuestros sensores de temperatura. Los sensores de temperatura son dispositivos de medici\u00f3n que controlan la temperatura de gases o fluidos. M\u00e1s informaci\u00f3n","robots":{"index":"index","follow":"follow","max-snippet":"max-snippet:-1","max-image-preview":"max-image-preview:large","max-video-preview":"max-video-preview:-1"},"canonical":"https:\/\/www.smpengineeredsolutions.com\/es\/productos\/sensores\/sensores-de-temperatura\/","og_locale":"es_ES","og_type":"article","og_title":"Sensores de temperatura","og_description":"Vea nuestros sensores de temperatura. Los sensores de temperatura son dispositivos de medici\u00f3n que controlan la temperatura de gases o fluidos. M\u00e1s informaci\u00f3n","og_url":"https:\/\/www.smpengineeredsolutions.com\/es\/productos\/sensores\/sensores-de-temperatura\/","og_site_name":"Standard Motor Products, Inc.","article_modified_time":"2024-08-14T13:15:07+00:00","twitter_misc":{"Tiempo de lectura":"1 minuto"},"schema":{"@context":"https:\/\/schema.org","@graph":[{"@type":"WebPage","@id":"https:\/\/www.smpengineeredsolutions.com\/es\/productos\/sensores\/sensores-de-temperatura\/","url":"https:\/\/www.smpengineeredsolutions.com\/es\/productos\/sensores\/sensores-de-temperatura\/","name":"Sensores de temperatura - Standard Motor Products, Inc.","isPartOf":{"@id":"https:\/\/www._tcp.smpengineeredsolutions.com\/#website"},"datePublished":"2023-01-09T18:34:06+00:00","dateModified":"2024-08-14T13:15:07+00:00","description":"Vea nuestros sensores de temperatura. Los sensores de temperatura son dispositivos de medici\u00f3n que controlan la temperatura de gases o fluidos. M\u00e1s informaci\u00f3n","breadcrumb":{"@id":"https:\/\/www.smpengineeredsolutions.com\/es\/productos\/sensores\/sensores-de-temperatura\/#breadcrumb"},"inLanguage":"es","potentialAction":[{"@type":"ReadAction","target":["https:\/\/www.smpengineeredsolutions.com\/es\/productos\/sensores\/sensores-de-temperatura\/"]}]},{"@type":"BreadcrumbList","@id":"https:\/\/www.smpengineeredsolutions.com\/es\/productos\/sensores\/sensores-de-temperatura\/#breadcrumb","itemListElement":[{"@type":"ListItem","position":1,"name":"Home","item":"https:\/\/www.smpengineeredsolutions.com\/es\/"},{"@type":"ListItem","position":2,"name":"Productos","item":"https:\/\/www.smpengineeredsolutions.com\/es\/productos\/"},{"@type":"ListItem","position":3,"name":"Sensores","item":"https:\/\/www.96ce9a62-fe5f-4a67-a933-f08256570101.a.smpengineeredsolutions.com\/es\/productos\/sensores\/"},{"@type":"ListItem","position":4,"name":"Sensores de temperatura"}]},{"@type":"WebSite","@id":"https:\/\/www._tcp.smpengineeredsolutions.com\/#website","url":"https:\/\/www._tcp.smpengineeredsolutions.com\/","name":"Standard Motor Products, Inc.","description":"","publisher":{"@id":"https:\/\/www._tcp.smpengineeredsolutions.com\/#organization"},"potentialAction":[{"@type":"SearchAction","target":{"@type":"EntryPoint","urlTemplate":"https:\/\/www._tcp.smpengineeredsolutions.com\/?s={search_term_string}"},"query-input":{"@type":"PropertyValueSpecification","valueRequired":true,"valueName":"search_term_string"}}],"inLanguage":"es"},{"@type":"Organization","@id":"https:\/\/www._tcp.smpengineeredsolutions.com\/#organization","name":"SMP\u00ae Engineered Solutions","url":"https:\/\/www._tcp.smpengineeredsolutions.com\/","logo":{"@type":"ImageObject","inLanguage":"es","@id":"https:\/\/www._tcp.smpengineeredsolutions.com\/#\/schema\/logo\/image\/","url":"https:\/\/www.a.smpengineeredsolutions.com\/wp-content\/uploads\/smp-logo.png","contentUrl":"https:\/\/www.a.smpengineeredsolutions.com\/wp-content\/uploads\/smp-logo.png","width":264,"height":117,"caption":"SMP\u00ae Engineered Solutions"},"image":{"@id":"https:\/\/www._tcp.smpengineeredsolutions.com\/#\/schema\/logo\/image\/"},"sameAs":["https:\/\/www.youtube.com\/@StandardMotorProductsInc","https:\/\/www.linkedin.com\/company\/standard-motor-products"]}]}},"_links":{"self":[{"href":"https:\/\/www.smpengineeredsolutions.com\/es\/wp-json\/wp\/v2\/pages\/5368","targetHints":{"allow":["GET"]}}],"collection":[{"href":"https:\/\/www.smpengineeredsolutions.com\/es\/wp-json\/wp\/v2\/pages"}],"about":[{"href":"https:\/\/www.smpengineeredsolutions.com\/es\/wp-json\/wp\/v2\/types\/page"}],"author":[{"embeddable":true,"href":"https:\/\/www.smpengineeredsolutions.com\/es\/wp-json\/wp\/v2\/users\/27"}],"replies":[{"embeddable":true,"href":"https:\/\/www.smpengineeredsolutions.com\/es\/wp-json\/wp\/v2\/comments?post=5368"}],"version-history":[{"count":1,"href":"https:\/\/www.smpengineeredsolutions.com\/es\/wp-json\/wp\/v2\/pages\/5368\/revisions"}],"predecessor-version":[{"id":7091,"href":"https:\/\/www.smpengineeredsolutions.com\/es\/wp-json\/wp\/v2\/pages\/5368\/revisions\/7091"}],"up":[{"embeddable":true,"href":"https:\/\/www.smpengineeredsolutions.com\/es\/wp-json\/wp\/v2\/pages\/5358"}],"wp:attachment":[{"href":"https:\/\/www.smpengineeredsolutions.com\/es\/wp-json\/wp\/v2\/media?parent=5368"}],"curies":[{"name":"wp","href":"https:\/\/api.w.org\/{rel}","templated":true}]}}