{"id":5365,"date":"2023-02-15T17:45:19","date_gmt":"2023-02-15T22:45:19","guid":{"rendered":"https:\/\/smpengineeredsolutions.com\/?page_id=5365"},"modified":"2024-08-15T13:50:10","modified_gmt":"2024-08-15T17:50:10","slug":"sensores-de-posicion-giratorios","status":"publish","type":"page","link":"https:\/\/www.smpengineeredsolutions.com\/es\/productos\/sensores\/sensores-de-posicion-giratorios\/","title":{"rendered":"Sensores de posici\u00f3n giratorios"},"content":{"rendered":"<p><a class=\"lightbox\" href=\"\/wp-content\/uploads\/Rotary-Position-Sensors-header-1.png\"><img decoding=\"async\" class=\"aligncenter wp-image-3082\" title=\"Sensores de posici\u00f3n giratorios\" src=\"\/wp-content\/uploads\/Rotary-Position-Sensors-header-1.png\" alt=\"Sensores de posici\u00f3n giratorios\" width=\"1298\" srcset=\"https:\/\/www.smpengineeredsolutions.com\/wp-content\/uploads\/Rotary-Position-Sensors-header-1.png 1211w, https:\/\/www.smpengineeredsolutions.com\/wp-content\/uploads\/Rotary-Position-Sensors-header-1-500x97.png 500w, https:\/\/www.smpengineeredsolutions.com\/wp-content\/uploads\/Rotary-Position-Sensors-header-1-1024x200.png 1024w, https:\/\/www.smpengineeredsolutions.com\/wp-content\/uploads\/Rotary-Position-Sensors-header-1-768x150.png 768w\" sizes=\"(max-width: 1211px) 100vw, 1211px\" \/><\/a><\/p>\n<p>En SMP\u00ae Engineered Solutions, estamos especializados en una gama de productos de control para veh\u00edculos de carretera y todoterreno. Desde aplicaciones en veh\u00edculos ligeros y comerciales hasta equipos de construcci\u00f3n y agr\u00edcolas, dise\u00f1amos, fabricamos y probamos piezas personalizadas para garantizar un alto rendimiento y una durabilidad duradera. Entre nuestra amplia oferta de productos, ofrecemos sensores de posici\u00f3n rotativos de varios tipos para mejorar el rendimiento y la vida \u00fatil de numerosas m\u00e1quinas y sistemas. Obtenga m\u00e1s informaci\u00f3n sobre estos sensores, los distintos tipos disponibles y sus aplicaciones.<\/p>\n<h2>Explicaci\u00f3n de los sensores de posici\u00f3n rotativos<\/h2>\n<p>Los sensores de posici\u00f3n rotativos emiten una se\u00f1al el\u00e9ctrica ratiom\u00e9trica para indicar el \u00e1ngulo de rotaci\u00f3n de un objeto a medida que se mueve en sentido horario o antihorario alrededor de un eje mec\u00e1nico. La finalidad de estos dispositivos programables es supervisar y posicionar con precisi\u00f3n componentes de maquinaria, autom\u00f3viles, sistemas de ventilaci\u00f3n o control de procesos, etc., bas\u00e1ndose en mediciones de movimiento rotativo y desplazamiento angular. Son ideales para su uso con componentes que requieren frecuentes modificaciones de posici\u00f3n.<\/p>\n<p>Los sensores de posici\u00f3n rotativos obtienen sus mediciones de distintas formas en funci\u00f3n del tipo que elija. Estos sensores pueden utilizar tecnolog\u00eda sin contacto o con contacto, lo que influye en su vida \u00fatil en funci\u00f3n del desgaste mec\u00e1nico que experimentan.<\/p>\n<h2>Diferentes tipos de sensores de posici\u00f3n rotativos<\/h2>\n<p>Estos sensores est\u00e1n disponibles en m\u00faltiples variedades, cada una con su propio m\u00e9todo distinto de medir el desplazamiento angular de un elemento giratorio. Entre los distintos tipos de sensores de posici\u00f3n rotativa se incluyen los siguientes:<\/p>\n<ul>\n<li><strong>Potenci\u00f3metros.<\/strong> Los potenci\u00f3metros de contacto, el tipo de sensor de posici\u00f3n giratorio m\u00e1s com\u00fan, utilizan un elemento resistivo fijado a un objeto m\u00f3vil para medir el desplazamiento angular. A medida que cambia la posici\u00f3n del objeto, tambi\u00e9n lo hace la resistencia del elemento, lo que permite al potenci\u00f3metro determinar el desplazamiento del objeto alrededor de un eje.<\/li>\n<li><strong>Sensores Resolver.<\/strong> Estos sensores de posici\u00f3n giratoria se basan en dos bobinas perpendiculares para medir el desplazamiento. Las bobinas producen ondas sinusoidales y cosenoidales cuando un objeto gira, lo que permite al sensor identificar la posici\u00f3n angular del objeto alrededor de un eje.<\/li>\n<li><strong>Codificadores \u00f3pticos.<\/strong> Estos sensores de posici\u00f3n rotativa de alta precisi\u00f3n utilizan un disco giratorio con segmentos opacos y transparentes. A medida que el disco gira y la luz atraviesa sus secciones a intensidades variables, los codificadores \u00f3pticos miden el desplazamiento angular en correlaci\u00f3n con los haces de luz.<\/li>\n<li><strong>Sensores de efecto Hall.<\/strong> Los sensores de posici\u00f3n giratoria de efecto Hall definen la ubicaci\u00f3n angular de un objeto midiendo las diferencias en la tensi\u00f3n de los campos magn\u00e9ticos. Estos sensores sin contacto controlan los cambios en el campo magn\u00e9tico y los cambios de tensi\u00f3n de salida resultantes para determinar el desplazamiento angular en el elemento Hall, un im\u00e1n y un eje de giro. De este modo, los sensores identifican la posici\u00f3n angular de equipos o sistemas.<\/li>\n<\/ul>\n<h2>Aplicaciones de los sensores de posici\u00f3n rotativos<\/h2>\n<p>Diversas aplicaciones de la industria del autom\u00f3vil dependen de los sensores de posici\u00f3n rotativos. En los veh\u00edculos de carretera, estos sensores permiten controlar la posici\u00f3n de los pedales del acelerador, los ventiladores de refrigeraci\u00f3n del motor, las v\u00e1lvulas de mariposa y otros componentes relacionados. Tambi\u00e9n pueden supervisar el movimiento giratorio en maquinaria agr\u00edcola y de construcci\u00f3n pesada y robusta en aplicaciones fuera de carretera. Ofrecen mediciones precisas para columnas de direcci\u00f3n, aceleradores de motor, v\u00e1lvulas de control hidr\u00e1ulico, etc. Tanto en veh\u00edculos de carretera como todoterreno, los sensores no s\u00f3lo mejoran la eficacia y el rendimiento de los equipos, sino que tambi\u00e9n aumentan la seguridad, permiten un posicionamiento preciso y ayudan a garantizar la exactitud en el funcionamiento de un veh\u00edculo.<\/p>\n<h2>Elija SMP Engineered Solutions para sensores de posici\u00f3n rotativos<\/h2>\n<p>Los sensores de posici\u00f3n rotativos de alto rendimiento son importantes para medir con precisi\u00f3n el movimiento angular. En SMP llevamos desde 1919 desarrollando soluciones personalizables y de alta calidad para la gesti\u00f3n t\u00e9rmica y el control de veh\u00edculos. En ese tiempo, hemos construido una red mundial de recursos para ofrecer soluciones para veh\u00edculos y equipos en una amplia gama de industrias. Operamos desde ubicaciones estrat\u00e9gicas tanto a nivel nacional como mundial, todas ellas con las certificaciones ISO 14001, ISO 9001 e IATF 16949 m\u00e1s recientes para ofrecer soluciones sostenibles y de calidad en todos los \u00e1mbitos, desde la adquisici\u00f3n de materias primas hasta las inspecciones de final de l\u00ednea.<\/p>\n<p>SMP ofrece una amplia gama de marcas y productos, incluidos sensores, interruptores, pinzas, bobinas de encendido, dispositivos de electrificaci\u00f3n y suministro de combustible, y mucho m\u00e1s. P\u00f3ngase en contacto con nosotros hoy mismo para hablar con un especialista sobre el sensor de posici\u00f3n rotativa o el componente de control de veh\u00edculos relacionado adecuado para su aplicaci\u00f3n.<\/p>\n","protected":false},"excerpt":{"rendered":"<p>En SMP\u00ae Engineered Solutions, estamos especializados en una gama de productos de control para veh\u00edculos de carretera y todoterreno. Desde aplicaciones en veh\u00edculos ligeros y comerciales hasta equipos de construcci\u00f3n y agr\u00edcolas, dise\u00f1amos, fabricamos y probamos piezas personalizadas para garantizar un alto rendimiento y una durabilidad duradera. Entre nuestra amplia oferta de productos, ofrecemos sensores&#8230; [&#8230;]<\/p>\n<p><a class=\"btn btn-secondary understrap-read-more-link\" href=\"https:\/\/www.smpengineeredsolutions.com\/es\/productos\/sensores\/sensores-de-posicion-giratorios\/\">Leer m\u00e1s&#8230;<\/a><\/p>\n","protected":false},"author":27,"featured_media":0,"parent":5358,"menu_order":0,"comment_status":"closed","ping_status":"closed","template":"","meta":{"_acf_changed":false,"inline_featured_image":false,"footnotes":""},"class_list":["post-5365","page","type-page","status-publish","hentry"],"featured_image_src":null,"acf":[],"yoast_head":"<!-- This site is optimized with the Yoast SEO Premium plugin v27.4 (Yoast SEO v27.4) - https:\/\/yoast.com\/product\/yoast-seo-premium-wordpress\/ -->\n<title>sensores-de-posicion-giratorios | sensores | Standard Motor Products, Inc<\/title>\n<meta name=\"description\" content=\"Descubra una amplia selecci\u00f3n de productos de control de veh\u00edculos. Descubra c\u00f3mo los sensores de posici\u00f3n rotativos garantizan el posicionamiento preciso de los equipos.\" \/>\n<meta name=\"robots\" content=\"index, follow, max-snippet:-1, max-image-preview:large, max-video-preview:-1\" \/>\n<link rel=\"canonical\" href=\"https:\/\/www.smpengineeredsolutions.com\/es\/productos\/sensores\/sensores-de-posicion-giratorios\/\" \/>\n<meta property=\"og:locale\" content=\"es_ES\" \/>\n<meta property=\"og:type\" content=\"article\" \/>\n<meta property=\"og:title\" content=\"Sensores de posici\u00f3n giratorios\" \/>\n<meta property=\"og:description\" content=\"Descubra una amplia selecci\u00f3n de productos de control de veh\u00edculos. Descubra c\u00f3mo los sensores de posici\u00f3n rotativos garantizan el posicionamiento preciso de los equipos.\" \/>\n<meta property=\"og:url\" content=\"https:\/\/www.smpengineeredsolutions.com\/es\/productos\/sensores\/sensores-de-posicion-giratorios\/\" \/>\n<meta property=\"og:site_name\" content=\"Standard Motor Products, Inc.\" \/>\n<meta property=\"article:modified_time\" content=\"2024-08-15T17:50:10+00:00\" \/>\n<meta name=\"twitter:label1\" content=\"Tiempo de lectura\" \/>\n\t<meta name=\"twitter:data1\" content=\"4 minutos\" \/>\n<script type=\"application\/ld+json\" class=\"yoast-schema-graph\">{\"@context\":\"https:\\\/\\\/schema.org\",\"@graph\":[{\"@type\":\"WebPage\",\"@id\":\"https:\\\/\\\/www.smpengineeredsolutions.com\\\/es\\\/productos\\\/sensores\\\/sensores-de-posicion-giratorios\\\/\",\"url\":\"https:\\\/\\\/www.smpengineeredsolutions.com\\\/es\\\/productos\\\/sensores\\\/sensores-de-posicion-giratorios\\\/\",\"name\":\"sensores-de-posicion-giratorios | sensores | Standard Motor Products, Inc\",\"isPartOf\":{\"@id\":\"https:\\\/\\\/www._tcp.smpengineeredsolutions.com\\\/#website\"},\"datePublished\":\"2023-02-15T22:45:19+00:00\",\"dateModified\":\"2024-08-15T17:50:10+00:00\",\"description\":\"Descubra una amplia selecci\u00f3n de productos de control de veh\u00edculos. Descubra c\u00f3mo los sensores de posici\u00f3n rotativos garantizan el posicionamiento preciso de los equipos.\",\"breadcrumb\":{\"@id\":\"https:\\\/\\\/www.smpengineeredsolutions.com\\\/es\\\/productos\\\/sensores\\\/sensores-de-posicion-giratorios\\\/#breadcrumb\"},\"inLanguage\":\"es\",\"potentialAction\":[{\"@type\":\"ReadAction\",\"target\":[\"https:\\\/\\\/www.smpengineeredsolutions.com\\\/es\\\/productos\\\/sensores\\\/sensores-de-posicion-giratorios\\\/\"]}]},{\"@type\":\"BreadcrumbList\",\"@id\":\"https:\\\/\\\/www.smpengineeredsolutions.com\\\/es\\\/productos\\\/sensores\\\/sensores-de-posicion-giratorios\\\/#breadcrumb\",\"itemListElement\":[{\"@type\":\"ListItem\",\"position\":1,\"name\":\"Home\",\"item\":\"https:\\\/\\\/www.smpengineeredsolutions.com\\\/es\\\/\"},{\"@type\":\"ListItem\",\"position\":2,\"name\":\"Productos\",\"item\":\"https:\\\/\\\/www.smpengineeredsolutions.com\\\/es\\\/productos\\\/\"},{\"@type\":\"ListItem\",\"position\":3,\"name\":\"Sensores\",\"item\":\"https:\\\/\\\/www.96ce9a62-fe5f-4a67-a933-f08256570101.a.smpengineeredsolutions.com\\\/es\\\/productos\\\/sensores\\\/\"},{\"@type\":\"ListItem\",\"position\":4,\"name\":\"Sensores de posici\u00f3n giratorios\"}]},{\"@type\":\"WebSite\",\"@id\":\"https:\\\/\\\/www._tcp.smpengineeredsolutions.com\\\/#website\",\"url\":\"https:\\\/\\\/www._tcp.smpengineeredsolutions.com\\\/\",\"name\":\"Standard Motor Products, Inc.\",\"description\":\"\",\"publisher\":{\"@id\":\"https:\\\/\\\/www._tcp.smpengineeredsolutions.com\\\/#organization\"},\"potentialAction\":[{\"@type\":\"SearchAction\",\"target\":{\"@type\":\"EntryPoint\",\"urlTemplate\":\"https:\\\/\\\/www._tcp.smpengineeredsolutions.com\\\/?s={search_term_string}\"},\"query-input\":{\"@type\":\"PropertyValueSpecification\",\"valueRequired\":true,\"valueName\":\"search_term_string\"}}],\"inLanguage\":\"es\"},{\"@type\":\"Organization\",\"@id\":\"https:\\\/\\\/www._tcp.smpengineeredsolutions.com\\\/#organization\",\"name\":\"SMP\u00ae Engineered Solutions\",\"url\":\"https:\\\/\\\/www._tcp.smpengineeredsolutions.com\\\/\",\"logo\":{\"@type\":\"ImageObject\",\"inLanguage\":\"es\",\"@id\":\"https:\\\/\\\/www._tcp.smpengineeredsolutions.com\\\/#\\\/schema\\\/logo\\\/image\\\/\",\"url\":\"https:\\\/\\\/www.a.smpengineeredsolutions.com\\\/wp-content\\\/uploads\\\/smp-logo.png\",\"contentUrl\":\"https:\\\/\\\/www.a.smpengineeredsolutions.com\\\/wp-content\\\/uploads\\\/smp-logo.png\",\"width\":264,\"height\":117,\"caption\":\"SMP\u00ae Engineered Solutions\"},\"image\":{\"@id\":\"https:\\\/\\\/www._tcp.smpengineeredsolutions.com\\\/#\\\/schema\\\/logo\\\/image\\\/\"},\"sameAs\":[\"https:\\\/\\\/www.youtube.com\\\/@StandardMotorProductsInc\",\"https:\\\/\\\/www.linkedin.com\\\/company\\\/standard-motor-products\"]}]}<\/script>\n<!-- \/ Yoast SEO Premium plugin. -->","yoast_head_json":{"title":"sensores-de-posicion-giratorios | sensores | Standard Motor Products, Inc","description":"Descubra una amplia selecci\u00f3n de productos de control de veh\u00edculos. Descubra c\u00f3mo los sensores de posici\u00f3n rotativos garantizan el posicionamiento preciso de los equipos.","robots":{"index":"index","follow":"follow","max-snippet":"max-snippet:-1","max-image-preview":"max-image-preview:large","max-video-preview":"max-video-preview:-1"},"canonical":"https:\/\/www.smpengineeredsolutions.com\/es\/productos\/sensores\/sensores-de-posicion-giratorios\/","og_locale":"es_ES","og_type":"article","og_title":"Sensores de posici\u00f3n giratorios","og_description":"Descubra una amplia selecci\u00f3n de productos de control de veh\u00edculos. Descubra c\u00f3mo los sensores de posici\u00f3n rotativos garantizan el posicionamiento preciso de los equipos.","og_url":"https:\/\/www.smpengineeredsolutions.com\/es\/productos\/sensores\/sensores-de-posicion-giratorios\/","og_site_name":"Standard Motor Products, Inc.","article_modified_time":"2024-08-15T17:50:10+00:00","twitter_misc":{"Tiempo de lectura":"4 minutos"},"schema":{"@context":"https:\/\/schema.org","@graph":[{"@type":"WebPage","@id":"https:\/\/www.smpengineeredsolutions.com\/es\/productos\/sensores\/sensores-de-posicion-giratorios\/","url":"https:\/\/www.smpengineeredsolutions.com\/es\/productos\/sensores\/sensores-de-posicion-giratorios\/","name":"sensores-de-posicion-giratorios | sensores | Standard Motor Products, Inc","isPartOf":{"@id":"https:\/\/www._tcp.smpengineeredsolutions.com\/#website"},"datePublished":"2023-02-15T22:45:19+00:00","dateModified":"2024-08-15T17:50:10+00:00","description":"Descubra una amplia selecci\u00f3n de productos de control de veh\u00edculos. Descubra c\u00f3mo los sensores de posici\u00f3n rotativos garantizan el posicionamiento preciso de los equipos.","breadcrumb":{"@id":"https:\/\/www.smpengineeredsolutions.com\/es\/productos\/sensores\/sensores-de-posicion-giratorios\/#breadcrumb"},"inLanguage":"es","potentialAction":[{"@type":"ReadAction","target":["https:\/\/www.smpengineeredsolutions.com\/es\/productos\/sensores\/sensores-de-posicion-giratorios\/"]}]},{"@type":"BreadcrumbList","@id":"https:\/\/www.smpengineeredsolutions.com\/es\/productos\/sensores\/sensores-de-posicion-giratorios\/#breadcrumb","itemListElement":[{"@type":"ListItem","position":1,"name":"Home","item":"https:\/\/www.smpengineeredsolutions.com\/es\/"},{"@type":"ListItem","position":2,"name":"Productos","item":"https:\/\/www.smpengineeredsolutions.com\/es\/productos\/"},{"@type":"ListItem","position":3,"name":"Sensores","item":"https:\/\/www.96ce9a62-fe5f-4a67-a933-f08256570101.a.smpengineeredsolutions.com\/es\/productos\/sensores\/"},{"@type":"ListItem","position":4,"name":"Sensores de posici\u00f3n giratorios"}]},{"@type":"WebSite","@id":"https:\/\/www._tcp.smpengineeredsolutions.com\/#website","url":"https:\/\/www._tcp.smpengineeredsolutions.com\/","name":"Standard Motor Products, Inc.","description":"","publisher":{"@id":"https:\/\/www._tcp.smpengineeredsolutions.com\/#organization"},"potentialAction":[{"@type":"SearchAction","target":{"@type":"EntryPoint","urlTemplate":"https:\/\/www._tcp.smpengineeredsolutions.com\/?s={search_term_string}"},"query-input":{"@type":"PropertyValueSpecification","valueRequired":true,"valueName":"search_term_string"}}],"inLanguage":"es"},{"@type":"Organization","@id":"https:\/\/www._tcp.smpengineeredsolutions.com\/#organization","name":"SMP\u00ae Engineered Solutions","url":"https:\/\/www._tcp.smpengineeredsolutions.com\/","logo":{"@type":"ImageObject","inLanguage":"es","@id":"https:\/\/www._tcp.smpengineeredsolutions.com\/#\/schema\/logo\/image\/","url":"https:\/\/www.a.smpengineeredsolutions.com\/wp-content\/uploads\/smp-logo.png","contentUrl":"https:\/\/www.a.smpengineeredsolutions.com\/wp-content\/uploads\/smp-logo.png","width":264,"height":117,"caption":"SMP\u00ae Engineered Solutions"},"image":{"@id":"https:\/\/www._tcp.smpengineeredsolutions.com\/#\/schema\/logo\/image\/"},"sameAs":["https:\/\/www.youtube.com\/@StandardMotorProductsInc","https:\/\/www.linkedin.com\/company\/standard-motor-products"]}]}},"_links":{"self":[{"href":"https:\/\/www.smpengineeredsolutions.com\/es\/wp-json\/wp\/v2\/pages\/5365","targetHints":{"allow":["GET"]}}],"collection":[{"href":"https:\/\/www.smpengineeredsolutions.com\/es\/wp-json\/wp\/v2\/pages"}],"about":[{"href":"https:\/\/www.smpengineeredsolutions.com\/es\/wp-json\/wp\/v2\/types\/page"}],"author":[{"embeddable":true,"href":"https:\/\/www.smpengineeredsolutions.com\/es\/wp-json\/wp\/v2\/users\/27"}],"replies":[{"embeddable":true,"href":"https:\/\/www.smpengineeredsolutions.com\/es\/wp-json\/wp\/v2\/comments?post=5365"}],"version-history":[{"count":2,"href":"https:\/\/www.smpengineeredsolutions.com\/es\/wp-json\/wp\/v2\/pages\/5365\/revisions"}],"predecessor-version":[{"id":7157,"href":"https:\/\/www.smpengineeredsolutions.com\/es\/wp-json\/wp\/v2\/pages\/5365\/revisions\/7157"}],"up":[{"embeddable":true,"href":"https:\/\/www.smpengineeredsolutions.com\/es\/wp-json\/wp\/v2\/pages\/5358"}],"wp:attachment":[{"href":"https:\/\/www.smpengineeredsolutions.com\/es\/wp-json\/wp\/v2\/media?parent=5365"}],"curies":[{"name":"wp","href":"https:\/\/api.w.org\/{rel}","templated":true}]}}