{"id":5362,"date":"2023-01-09T13:43:41","date_gmt":"2023-01-09T18:43:41","guid":{"rendered":"https:\/\/smpengineeredsolutions.com\/?page_id=5362"},"modified":"2024-08-27T10:02:39","modified_gmt":"2024-08-27T14:02:39","slug":"sensores-de-posicion-velocidad-de-rotacion","status":"publish","type":"page","link":"https:\/\/www.smpengineeredsolutions.com\/es\/productos\/sensores\/sensores-de-posicion-velocidad-de-rotacion\/","title":{"rendered":"Sensores de posici\u00f3n \/ velocidad de rotaci\u00f3n"},"content":{"rendered":"<p>Utilizando imanes y elementos sensores magn\u00e9ticos, como interruptores Reed o sensores Hall, tenemos la posibilidad de detectar la posici\u00f3n y el movimiento de partes m\u00f3viles de un veh\u00edculo. Un uso habitual son los interruptores de proximidad magn\u00e9ticos, que tambi\u00e9n pueden utilizarse como interruptores para finales de carrera. Las caracter\u00edsticas f\u00edsicas como los puntos de sensor y la hist\u00e9resis se pueden ajustar individualmente. En este campo, STABIL ELEKTROTECHNIK GmbH puede llevar a cabo investigaciones y optimizar el sistema global utilizando c\u00e1lculos de simulaci\u00f3n y herramientas de visualizaci\u00f3n en una fase muy temprana &#8211; antes de la creaci\u00f3n de muestras A.<\/p>\n","protected":false},"excerpt":{"rendered":"<p>Utilizando imanes y elementos sensores magn\u00e9ticos, como interruptores Reed o sensores Hall, tenemos la posibilidad de detectar la posici\u00f3n y el movimiento de partes m\u00f3viles de un veh\u00edculo. Un uso habitual son los interruptores de proximidad magn\u00e9ticos, que tambi\u00e9n pueden utilizarse como interruptores para finales de carrera. Las caracter\u00edsticas f\u00edsicas como los puntos de sensor&#8230; [&#8230;]<\/p>\n<p><a class=\"btn btn-secondary understrap-read-more-link\" href=\"https:\/\/www.smpengineeredsolutions.com\/es\/productos\/sensores\/sensores-de-posicion-velocidad-de-rotacion\/\">Leer m\u00e1s&#8230;<\/a><\/p>\n","protected":false},"author":27,"featured_media":0,"parent":5358,"menu_order":0,"comment_status":"closed","ping_status":"closed","template":"page-templates\/destination-content.php","meta":{"_acf_changed":false,"inline_featured_image":false,"footnotes":""},"class_list":["post-5362","page","type-page","status-publish","hentry"],"featured_image_src":null,"acf":[],"yoast_head":"<!-- This site is optimized with the Yoast SEO Premium plugin v27.4 (Yoast SEO v27.4) - https:\/\/yoast.com\/product\/yoast-seo-premium-wordpress\/ -->\n<title>Posici\u00f3n Rotaci\u00f3n Velocidad Sensores | STABIL ELEKTROTECHNIK<\/title>\n<meta name=\"description\" content=\"Explore los sensores de posici\u00f3n angular de Standard Motors Product, Inc. - Sensores de posici\u00f3n angular de alta calidad para sus aplicaciones e industria.\" \/>\n<meta name=\"robots\" content=\"index, follow, max-snippet:-1, max-image-preview:large, max-video-preview:-1\" \/>\n<link rel=\"canonical\" href=\"https:\/\/www.smpengineeredsolutions.com\/es\/productos\/sensores\/sensores-de-posicion-velocidad-de-rotacion\/\" \/>\n<meta property=\"og:locale\" content=\"es_ES\" \/>\n<meta property=\"og:type\" content=\"article\" \/>\n<meta property=\"og:title\" content=\"Sensores de posici\u00f3n \/ velocidad de rotaci\u00f3n\" \/>\n<meta property=\"og:description\" content=\"Explore los sensores de posici\u00f3n angular de Standard Motors Product, Inc. - Sensores de posici\u00f3n angular de alta calidad para sus aplicaciones e industria.\" \/>\n<meta property=\"og:url\" content=\"https:\/\/www.smpengineeredsolutions.com\/es\/productos\/sensores\/sensores-de-posicion-velocidad-de-rotacion\/\" \/>\n<meta property=\"og:site_name\" content=\"Standard Motor Products, Inc.\" \/>\n<meta property=\"article:modified_time\" content=\"2024-08-27T14:02:39+00:00\" \/>\n<meta name=\"twitter:label1\" content=\"Tiempo de lectura\" \/>\n\t<meta name=\"twitter:data1\" content=\"1 minuto\" \/>\n<script type=\"application\/ld+json\" class=\"yoast-schema-graph\">{\"@context\":\"https:\\\/\\\/schema.org\",\"@graph\":[{\"@type\":\"WebPage\",\"@id\":\"https:\\\/\\\/www.smpengineeredsolutions.com\\\/es\\\/productos\\\/sensores\\\/sensores-de-posicion-velocidad-de-rotacion\\\/\",\"url\":\"https:\\\/\\\/www.smpengineeredsolutions.com\\\/es\\\/productos\\\/sensores\\\/sensores-de-posicion-velocidad-de-rotacion\\\/\",\"name\":\"Posici\u00f3n Rotaci\u00f3n Velocidad Sensores | STABIL ELEKTROTECHNIK\",\"isPartOf\":{\"@id\":\"https:\\\/\\\/www._tcp.smpengineeredsolutions.com\\\/#website\"},\"datePublished\":\"2023-01-09T18:43:41+00:00\",\"dateModified\":\"2024-08-27T14:02:39+00:00\",\"description\":\"Explore los sensores de posici\u00f3n angular de Standard Motors Product, Inc. - Sensores de posici\u00f3n angular de alta calidad para sus aplicaciones e industria.\",\"breadcrumb\":{\"@id\":\"https:\\\/\\\/www.smpengineeredsolutions.com\\\/es\\\/productos\\\/sensores\\\/sensores-de-posicion-velocidad-de-rotacion\\\/#breadcrumb\"},\"inLanguage\":\"es\",\"potentialAction\":[{\"@type\":\"ReadAction\",\"target\":[\"https:\\\/\\\/www.smpengineeredsolutions.com\\\/es\\\/productos\\\/sensores\\\/sensores-de-posicion-velocidad-de-rotacion\\\/\"]}]},{\"@type\":\"BreadcrumbList\",\"@id\":\"https:\\\/\\\/www.smpengineeredsolutions.com\\\/es\\\/productos\\\/sensores\\\/sensores-de-posicion-velocidad-de-rotacion\\\/#breadcrumb\",\"itemListElement\":[{\"@type\":\"ListItem\",\"position\":1,\"name\":\"Home\",\"item\":\"https:\\\/\\\/www.smpengineeredsolutions.com\\\/es\\\/\"},{\"@type\":\"ListItem\",\"position\":2,\"name\":\"Productos\",\"item\":\"https:\\\/\\\/www.smpengineeredsolutions.com\\\/es\\\/productos\\\/\"},{\"@type\":\"ListItem\",\"position\":3,\"name\":\"Sensores\",\"item\":\"https:\\\/\\\/www.96ce9a62-fe5f-4a67-a933-f08256570101.a.smpengineeredsolutions.com\\\/es\\\/productos\\\/sensores\\\/\"},{\"@type\":\"ListItem\",\"position\":4,\"name\":\"Sensores de posici\u00f3n \\\/ velocidad de rotaci\u00f3n\"}]},{\"@type\":\"WebSite\",\"@id\":\"https:\\\/\\\/www._tcp.smpengineeredsolutions.com\\\/#website\",\"url\":\"https:\\\/\\\/www._tcp.smpengineeredsolutions.com\\\/\",\"name\":\"Standard Motor Products, Inc.\",\"description\":\"\",\"publisher\":{\"@id\":\"https:\\\/\\\/www._tcp.smpengineeredsolutions.com\\\/#organization\"},\"potentialAction\":[{\"@type\":\"SearchAction\",\"target\":{\"@type\":\"EntryPoint\",\"urlTemplate\":\"https:\\\/\\\/www._tcp.smpengineeredsolutions.com\\\/?s={search_term_string}\"},\"query-input\":{\"@type\":\"PropertyValueSpecification\",\"valueRequired\":true,\"valueName\":\"search_term_string\"}}],\"inLanguage\":\"es\"},{\"@type\":\"Organization\",\"@id\":\"https:\\\/\\\/www._tcp.smpengineeredsolutions.com\\\/#organization\",\"name\":\"SMP\u00ae Engineered Solutions\",\"url\":\"https:\\\/\\\/www._tcp.smpengineeredsolutions.com\\\/\",\"logo\":{\"@type\":\"ImageObject\",\"inLanguage\":\"es\",\"@id\":\"https:\\\/\\\/www._tcp.smpengineeredsolutions.com\\\/#\\\/schema\\\/logo\\\/image\\\/\",\"url\":\"https:\\\/\\\/www.a.smpengineeredsolutions.com\\\/wp-content\\\/uploads\\\/smp-logo.png\",\"contentUrl\":\"https:\\\/\\\/www.a.smpengineeredsolutions.com\\\/wp-content\\\/uploads\\\/smp-logo.png\",\"width\":264,\"height\":117,\"caption\":\"SMP\u00ae Engineered Solutions\"},\"image\":{\"@id\":\"https:\\\/\\\/www._tcp.smpengineeredsolutions.com\\\/#\\\/schema\\\/logo\\\/image\\\/\"},\"sameAs\":[\"https:\\\/\\\/www.youtube.com\\\/@StandardMotorProductsInc\",\"https:\\\/\\\/www.linkedin.com\\\/company\\\/standard-motor-products\"]}]}<\/script>\n<!-- \/ Yoast SEO Premium plugin. -->","yoast_head_json":{"title":"Posici\u00f3n Rotaci\u00f3n Velocidad Sensores | STABIL ELEKTROTECHNIK","description":"Explore los sensores de posici\u00f3n angular de Standard Motors Product, Inc. - Sensores de posici\u00f3n angular de alta calidad para sus aplicaciones e industria.","robots":{"index":"index","follow":"follow","max-snippet":"max-snippet:-1","max-image-preview":"max-image-preview:large","max-video-preview":"max-video-preview:-1"},"canonical":"https:\/\/www.smpengineeredsolutions.com\/es\/productos\/sensores\/sensores-de-posicion-velocidad-de-rotacion\/","og_locale":"es_ES","og_type":"article","og_title":"Sensores de posici\u00f3n \/ velocidad de rotaci\u00f3n","og_description":"Explore los sensores de posici\u00f3n angular de Standard Motors Product, Inc. - Sensores de posici\u00f3n angular de alta calidad para sus aplicaciones e industria.","og_url":"https:\/\/www.smpengineeredsolutions.com\/es\/productos\/sensores\/sensores-de-posicion-velocidad-de-rotacion\/","og_site_name":"Standard Motor Products, Inc.","article_modified_time":"2024-08-27T14:02:39+00:00","twitter_misc":{"Tiempo de lectura":"1 minuto"},"schema":{"@context":"https:\/\/schema.org","@graph":[{"@type":"WebPage","@id":"https:\/\/www.smpengineeredsolutions.com\/es\/productos\/sensores\/sensores-de-posicion-velocidad-de-rotacion\/","url":"https:\/\/www.smpengineeredsolutions.com\/es\/productos\/sensores\/sensores-de-posicion-velocidad-de-rotacion\/","name":"Posici\u00f3n Rotaci\u00f3n Velocidad Sensores | STABIL ELEKTROTECHNIK","isPartOf":{"@id":"https:\/\/www._tcp.smpengineeredsolutions.com\/#website"},"datePublished":"2023-01-09T18:43:41+00:00","dateModified":"2024-08-27T14:02:39+00:00","description":"Explore los sensores de posici\u00f3n angular de Standard Motors Product, Inc. - Sensores de posici\u00f3n angular de alta calidad para sus aplicaciones e industria.","breadcrumb":{"@id":"https:\/\/www.smpengineeredsolutions.com\/es\/productos\/sensores\/sensores-de-posicion-velocidad-de-rotacion\/#breadcrumb"},"inLanguage":"es","potentialAction":[{"@type":"ReadAction","target":["https:\/\/www.smpengineeredsolutions.com\/es\/productos\/sensores\/sensores-de-posicion-velocidad-de-rotacion\/"]}]},{"@type":"BreadcrumbList","@id":"https:\/\/www.smpengineeredsolutions.com\/es\/productos\/sensores\/sensores-de-posicion-velocidad-de-rotacion\/#breadcrumb","itemListElement":[{"@type":"ListItem","position":1,"name":"Home","item":"https:\/\/www.smpengineeredsolutions.com\/es\/"},{"@type":"ListItem","position":2,"name":"Productos","item":"https:\/\/www.smpengineeredsolutions.com\/es\/productos\/"},{"@type":"ListItem","position":3,"name":"Sensores","item":"https:\/\/www.96ce9a62-fe5f-4a67-a933-f08256570101.a.smpengineeredsolutions.com\/es\/productos\/sensores\/"},{"@type":"ListItem","position":4,"name":"Sensores de posici\u00f3n \/ velocidad de rotaci\u00f3n"}]},{"@type":"WebSite","@id":"https:\/\/www._tcp.smpengineeredsolutions.com\/#website","url":"https:\/\/www._tcp.smpengineeredsolutions.com\/","name":"Standard Motor Products, Inc.","description":"","publisher":{"@id":"https:\/\/www._tcp.smpengineeredsolutions.com\/#organization"},"potentialAction":[{"@type":"SearchAction","target":{"@type":"EntryPoint","urlTemplate":"https:\/\/www._tcp.smpengineeredsolutions.com\/?s={search_term_string}"},"query-input":{"@type":"PropertyValueSpecification","valueRequired":true,"valueName":"search_term_string"}}],"inLanguage":"es"},{"@type":"Organization","@id":"https:\/\/www._tcp.smpengineeredsolutions.com\/#organization","name":"SMP\u00ae Engineered Solutions","url":"https:\/\/www._tcp.smpengineeredsolutions.com\/","logo":{"@type":"ImageObject","inLanguage":"es","@id":"https:\/\/www._tcp.smpengineeredsolutions.com\/#\/schema\/logo\/image\/","url":"https:\/\/www.a.smpengineeredsolutions.com\/wp-content\/uploads\/smp-logo.png","contentUrl":"https:\/\/www.a.smpengineeredsolutions.com\/wp-content\/uploads\/smp-logo.png","width":264,"height":117,"caption":"SMP\u00ae Engineered Solutions"},"image":{"@id":"https:\/\/www._tcp.smpengineeredsolutions.com\/#\/schema\/logo\/image\/"},"sameAs":["https:\/\/www.youtube.com\/@StandardMotorProductsInc","https:\/\/www.linkedin.com\/company\/standard-motor-products"]}]}},"_links":{"self":[{"href":"https:\/\/www.smpengineeredsolutions.com\/es\/wp-json\/wp\/v2\/pages\/5362","targetHints":{"allow":["GET"]}}],"collection":[{"href":"https:\/\/www.smpengineeredsolutions.com\/es\/wp-json\/wp\/v2\/pages"}],"about":[{"href":"https:\/\/www.smpengineeredsolutions.com\/es\/wp-json\/wp\/v2\/types\/page"}],"author":[{"embeddable":true,"href":"https:\/\/www.smpengineeredsolutions.com\/es\/wp-json\/wp\/v2\/users\/27"}],"replies":[{"embeddable":true,"href":"https:\/\/www.smpengineeredsolutions.com\/es\/wp-json\/wp\/v2\/comments?post=5362"}],"version-history":[{"count":1,"href":"https:\/\/www.smpengineeredsolutions.com\/es\/wp-json\/wp\/v2\/pages\/5362\/revisions"}],"predecessor-version":[{"id":7200,"href":"https:\/\/www.smpengineeredsolutions.com\/es\/wp-json\/wp\/v2\/pages\/5362\/revisions\/7200"}],"up":[{"embeddable":true,"href":"https:\/\/www.smpengineeredsolutions.com\/es\/wp-json\/wp\/v2\/pages\/5358"}],"wp:attachment":[{"href":"https:\/\/www.smpengineeredsolutions.com\/es\/wp-json\/wp\/v2\/media?parent=5362"}],"curies":[{"name":"wp","href":"https:\/\/api.w.org\/{rel}","templated":true}]}}