{"id":5359,"date":"2023-01-09T13:26:44","date_gmt":"2023-01-09T18:26:44","guid":{"rendered":"https:\/\/smpengineeredsolutions.com\/?page_id=5359"},"modified":"2024-07-03T12:37:56","modified_gmt":"2024-07-03T16:37:56","slug":"sensores-de-temperatura-de-los-gases-de-escape","status":"publish","type":"page","link":"https:\/\/www.smpengineeredsolutions.com\/es\/productos\/sensores\/sensores-de-temperatura-de-los-gases-de-escape\/","title":{"rendered":"Sensores de temperatura de los gases de escape"},"content":{"rendered":"<div class=\"text-center\"><a class=\"lightbox\" href=\"\/wp-content\/uploads\/egt-egrt_sensors-SP.jpg\"><img decoding=\"async\" title=\"Sensores de temperatura de los gases de escape\" src=\"\/wp-content\/uploads\/egt-egrt_sensors-SP.jpg\" alt=\"Sensores de temperatura de los gases de escape\" \/><\/a><\/div>\n<p><span style=\"font-weight: 400;\">Los sensores de temperatura de los gases de escape (EGT) supervisan la temperatura de los gases de escape para el control de las emisiones, el control del consumo de combustible y la optimizaci\u00f3n de la relaci\u00f3n combustible\/aire. Los sensores EGT tambi\u00e9n ayudan a comprobar el funcionamiento de determinados componentes postratamiento, como:<\/span><\/p>\n<ul>\n<li>Catalizador de oxidaci\u00f3n di\u00e9sel (DOC)<\/li>\n<li>Reducci\u00f3n catal\u00edtica selectiva (SCR)<\/li>\n<li>Filtros de part\u00edculas de gasolina (GPF)<\/li>\n<li>Filtros de part\u00edculas di\u00e9sel (DPF)<\/li>\n<\/ul>\n<p>Fabricados con detectores de temperatura resistivo (RTD) o termocuplas, los sensores EGT miden la temperatura de la corriente de escape para evitar que el motor supere su temperatura de funcionamiento, lo que podr\u00eda causar da\u00f1os permanentes a los componentes del motor. Se pueden utilizar uno o varios sensores EGT en funci\u00f3n de la complejidad de la supervisi\u00f3n requerida.<\/p>\n<p>En SMP Engineered Solutions, nuestros sensores de temperatura se basan en varias tecnolog\u00edas, incluidos termistores, dispositivos de temperatura resistivos de platino y termocuplas. Obtenga m\u00e1s informaci\u00f3n sobre los sensores de temperatura de los gases de escape, los distintos tipos disponibles y c\u00f3mo detectar un sensor EGT defectuoso.<\/p>\n<h2><span style=\"font-weight: 400;\">\u00bfC\u00f3mo funcionan los sensores de temperatura de los gases de escape?<\/span><\/h2>\n<p>Un sensor EGT mide la temperatura de los gases de escape y transmite los datos a la unidad de control del motor (ECU) para protegerlo del recalentamiento. Los motores compactos corren el riesgo de sufrir altas temperaturas que pueden da\u00f1ar los componentes. El sensor EGT detecta los aumentos de temperatura y env\u00eda una se\u00f1al a la ECU para que reduzca la temperatura del motor por medios como el aumento del combustible inyectado para el catalizador o la reducci\u00f3n de la presi\u00f3n de sobrealimentaci\u00f3n en un motor turboalimentado.<\/p>\n<h2><span style=\"font-weight: 400;\">\u00bfCu\u00e1les son los distintos tipos de sensores de temperatura de gases?<\/span><\/h2>\n<p>Existen tres tipos principales de sensores EGT: de coeficiente de temperatura negativo (NTC), de coeficiente de temperatura positivo (PTC) y sensores activos. La diferencia entre los dos primeros es la forma en que miden la temperatura. Por ejemplo, un elemento sensor NTC tiene una resistencia baja cuando la temperatura de los gases de escape es alta, y una resistencia alta cuando la temperatura es baja. Los elementos sensores PTC son m\u00e1s populares y tienen una resistencia que aumenta y disminuye en funci\u00f3n de la temperatura.<\/p>\n<p>Los sensores EGT activos son sensores inteligentes con salida digital (por ejemplo, CAN o SENT). Se basan en la tecnolog\u00eda de la termocupla (tipo N). Constan de un m\u00f3dulo electr\u00f3nico y una o varias sondas de medici\u00f3n. Ofrecen una gran precisi\u00f3n, resistencia a altas temperaturas (&gt;1000\u00b0C) y un tiempo de respuesta r\u00e1pido. Son la soluci\u00f3n recomendada para las aplicaciones m\u00e1s exigentes y pesadas.<\/p>\n<h2><span style=\"font-weight: 400;\">\u00bfCu\u00e1les son los s\u00edntomas de un sensor de temperatura de gases de escape defectuoso?<\/span><\/h2>\n<p>Los sensores EGT defectuosos afectan negativamente al sistema de postratamiento de un veh\u00edculo. Un veh\u00edculo con un sensor EGT defectuoso puede presentar los siguientes s\u00edntomas:<\/p>\n<ul>\n<li><strong>Aumento del consumo de combustible:<\/strong> Un sensor EGT que transmite tensiones incorrectas a la ECU ralentizar\u00e1 la velocidad del proceso de regeneraci\u00f3n del DPF, provocando un aumento del consumo de combustible y una baja eficiencia del mismo.<\/li>\n<li><strong>Luz de control del motor<\/strong>: Un sensor EGT defectuoso har\u00e1 que la ECU active la luz de revisi\u00f3n del motor en el panel de instrumentos.<\/li>\n<li><strong>Fallos en las pruebas de emisiones<\/strong>: Los sensores EGT defectuosos no siempre activan la luz de control del motor, pero pueden hacer que el sistema de recirculaci\u00f3n de gases de escape (EGR) funcione mal. Esto puede provocar un fallo en la prueba de emisiones.<\/li>\n<li><strong>Regeneraci\u00f3n innecesaria del DPF<\/strong>: Un sensor EGT defectuoso puede provocar una regeneraci\u00f3n innecesaria del DPF, reduciendo la eficacia del DPF y causando molestias al operador.<\/li>\n<li><strong>Fallo de componentes<\/strong>: Un EGT defectuoso puede no proteger adecuadamente el motor de las altas temperaturas, dando lugar a da\u00f1os y fallos prematuros de los componentes internos del motor y del escape.<\/li>\n<\/ul>\n<h2><span style=\"font-weight: 400;\">Sensores de temperatura de gases de escape de SMP Engineered Solutions<\/span><\/h2>\n<p>Los sensores EGT son esenciales para proteger el motor del veh\u00edculo de condiciones de recalentamiento. Miden la temperatura de los gases de escape y transmiten los datos a la ECU, que puede evitar el recalentamiento. Es fundamental sustituir los sensores EGT defectuosos para evitar el aumento del consumo de combustible, el fallo de los componentes y las malas condiciones de funcionamiento.<\/p>\n<p>SMP Engineered Solutions ofrece una amplia selecci\u00f3n de sensores EGT para satisfacer sus especificaciones. Contamos con las certificaciones ISO 9001, ISO 14001 e IATF 16949 para ofrecer soluciones de alta calidad a diversas industrias. P\u00f3ngase en <a href=\"\/es\/contactenos\/\">contacto<\/a> con nosotros para conversar sobre la soluci\u00f3n ideal para su aplicaci\u00f3n.<\/p>\n","protected":false},"excerpt":{"rendered":"<p>Los sensores de temperatura de los gases de escape (EGT) supervisan la temperatura de los gases de escape para el control de las emisiones, el control del consumo de combustible y la optimizaci\u00f3n de la relaci\u00f3n combustible\/aire. Los sensores EGT tambi\u00e9n ayudan a comprobar el funcionamiento de determinados componentes postratamiento, como: Catalizador de oxidaci\u00f3n di\u00e9sel&#8230; [&#8230;]<\/p>\n<p><a class=\"btn btn-secondary understrap-read-more-link\" href=\"https:\/\/www.smpengineeredsolutions.com\/es\/productos\/sensores\/sensores-de-temperatura-de-los-gases-de-escape\/\">Leer m\u00e1s&#8230;<\/a><\/p>\n","protected":false},"author":27,"featured_media":0,"parent":5358,"menu_order":0,"comment_status":"closed","ping_status":"closed","template":"page-templates\/destination-content.php","meta":{"_acf_changed":false,"inline_featured_image":false,"footnotes":""},"class_list":["post-5359","page","type-page","status-publish","hentry"],"featured_image_src":null,"acf":[],"yoast_head":"<!-- This site is optimized with the Yoast SEO Premium plugin v27.5 (Yoast SEO v27.5) - https:\/\/yoast.com\/product\/yoast-seo-premium-wordpress\/ -->\n<title>Sensores de temperatura de los gases de escape - Standard Motor Products, Inc.<\/title>\n<meta name=\"description\" content=\"Obtenga m\u00e1s informaci\u00f3n sobre los sensores de temperatura de los gases de escape, los diferentes tipos disponibles y c\u00f3mo detectar un sensor EGT defectuoso.\" \/>\n<meta name=\"robots\" content=\"index, follow, max-snippet:-1, max-image-preview:large, max-video-preview:-1\" \/>\n<link rel=\"canonical\" href=\"https:\/\/www.smpengineeredsolutions.com\/es\/productos\/sensores\/sensores-de-temperatura-de-los-gases-de-escape\/\" \/>\n<meta property=\"og:locale\" content=\"es_ES\" \/>\n<meta property=\"og:type\" content=\"article\" \/>\n<meta property=\"og:title\" content=\"Sensores de temperatura de los gases de escape\" \/>\n<meta property=\"og:description\" content=\"Obtenga m\u00e1s informaci\u00f3n sobre los sensores de temperatura de los gases de escape, los diferentes tipos disponibles y c\u00f3mo detectar un sensor EGT defectuoso.\" \/>\n<meta property=\"og:url\" content=\"https:\/\/www.smpengineeredsolutions.com\/es\/productos\/sensores\/sensores-de-temperatura-de-los-gases-de-escape\/\" \/>\n<meta property=\"og:site_name\" content=\"Standard Motor Products, Inc.\" \/>\n<meta property=\"article:modified_time\" content=\"2024-07-03T16:37:56+00:00\" \/>\n<meta name=\"twitter:label1\" content=\"Tiempo de lectura\" \/>\n\t<meta name=\"twitter:data1\" content=\"4 minutos\" \/>\n<script type=\"application\/ld+json\" class=\"yoast-schema-graph\">{\"@context\":\"https:\\\/\\\/schema.org\",\"@graph\":[{\"@type\":\"WebPage\",\"@id\":\"https:\\\/\\\/www.smpengineeredsolutions.com\\\/es\\\/productos\\\/sensores\\\/sensores-de-temperatura-de-los-gases-de-escape\\\/\",\"url\":\"https:\\\/\\\/www.smpengineeredsolutions.com\\\/es\\\/productos\\\/sensores\\\/sensores-de-temperatura-de-los-gases-de-escape\\\/\",\"name\":\"Sensores de temperatura de los gases de escape - Standard Motor Products, Inc.\",\"isPartOf\":{\"@id\":\"https:\\\/\\\/www.tcp.smpengineeredsolutions.com\\\/#website\"},\"datePublished\":\"2023-01-09T18:26:44+00:00\",\"dateModified\":\"2024-07-03T16:37:56+00:00\",\"description\":\"Obtenga m\u00e1s informaci\u00f3n sobre los sensores de temperatura de los gases de escape, los diferentes tipos disponibles y c\u00f3mo detectar un sensor EGT defectuoso.\",\"breadcrumb\":{\"@id\":\"https:\\\/\\\/www.smpengineeredsolutions.com\\\/es\\\/productos\\\/sensores\\\/sensores-de-temperatura-de-los-gases-de-escape\\\/#breadcrumb\"},\"inLanguage\":\"es\",\"potentialAction\":[{\"@type\":\"ReadAction\",\"target\":[\"https:\\\/\\\/www.smpengineeredsolutions.com\\\/es\\\/productos\\\/sensores\\\/sensores-de-temperatura-de-los-gases-de-escape\\\/\"]}]},{\"@type\":\"BreadcrumbList\",\"@id\":\"https:\\\/\\\/www.smpengineeredsolutions.com\\\/es\\\/productos\\\/sensores\\\/sensores-de-temperatura-de-los-gases-de-escape\\\/#breadcrumb\",\"itemListElement\":[{\"@type\":\"ListItem\",\"position\":1,\"name\":\"Home\",\"item\":\"https:\\\/\\\/www.af63878a-61a4-44d4-a3f9-8118d911569f.smpengineeredsolutions.com\\\/es\\\/\"},{\"@type\":\"ListItem\",\"position\":2,\"name\":\"Productos\",\"item\":\"https:\\\/\\\/www.3ec3a7a1-1e28-4a7f-941d-947624eef59a.smpengineeredsolutions.com\\\/es\\\/productos\\\/\"},{\"@type\":\"ListItem\",\"position\":3,\"name\":\"Sensores\",\"item\":\"https:\\\/\\\/www._msft-gc-ssl._tcp.smpengineeredsolutions.com\\\/es\\\/productos\\\/sensores\\\/\"},{\"@type\":\"ListItem\",\"position\":4,\"name\":\"Sensores de temperatura de los gases de escape\"}]},{\"@type\":\"WebSite\",\"@id\":\"https:\\\/\\\/www.tcp.smpengineeredsolutions.com\\\/#website\",\"url\":\"https:\\\/\\\/www.tcp.smpengineeredsolutions.com\\\/\",\"name\":\"Standard Motor Products, Inc.\",\"description\":\"\",\"publisher\":{\"@id\":\"https:\\\/\\\/www.tcp.smpengineeredsolutions.com\\\/#organization\"},\"potentialAction\":[{\"@type\":\"SearchAction\",\"target\":{\"@type\":\"EntryPoint\",\"urlTemplate\":\"https:\\\/\\\/www.tcp.smpengineeredsolutions.com\\\/?s={search_term_string}\"},\"query-input\":{\"@type\":\"PropertyValueSpecification\",\"valueRequired\":true,\"valueName\":\"search_term_string\"}}],\"inLanguage\":\"es\"},{\"@type\":\"Organization\",\"@id\":\"https:\\\/\\\/www.tcp.smpengineeredsolutions.com\\\/#organization\",\"name\":\"SMP\u00ae Engineered Solutions\",\"url\":\"https:\\\/\\\/www.tcp.smpengineeredsolutions.com\\\/\",\"logo\":{\"@type\":\"ImageObject\",\"inLanguage\":\"es\",\"@id\":\"https:\\\/\\\/www.tcp.smpengineeredsolutions.com\\\/#\\\/schema\\\/logo\\\/image\\\/\",\"url\":\"https:\\\/\\\/www.a.smpengineeredsolutions.com\\\/wp-content\\\/uploads\\\/smp-logo.png\",\"contentUrl\":\"https:\\\/\\\/www.a.smpengineeredsolutions.com\\\/wp-content\\\/uploads\\\/smp-logo.png\",\"width\":264,\"height\":117,\"caption\":\"SMP\u00ae Engineered Solutions\"},\"image\":{\"@id\":\"https:\\\/\\\/www.tcp.smpengineeredsolutions.com\\\/#\\\/schema\\\/logo\\\/image\\\/\"},\"sameAs\":[\"https:\\\/\\\/www.youtube.com\\\/@StandardMotorProductsInc\",\"https:\\\/\\\/www.linkedin.com\\\/company\\\/standard-motor-products\"]}]}<\/script>\n<!-- \/ Yoast SEO Premium plugin. -->","yoast_head_json":{"title":"Sensores de temperatura de los gases de escape - Standard Motor Products, Inc.","description":"Obtenga m\u00e1s informaci\u00f3n sobre los sensores de temperatura de los gases de escape, los diferentes tipos disponibles y c\u00f3mo detectar un sensor EGT defectuoso.","robots":{"index":"index","follow":"follow","max-snippet":"max-snippet:-1","max-image-preview":"max-image-preview:large","max-video-preview":"max-video-preview:-1"},"canonical":"https:\/\/www.smpengineeredsolutions.com\/es\/productos\/sensores\/sensores-de-temperatura-de-los-gases-de-escape\/","og_locale":"es_ES","og_type":"article","og_title":"Sensores de temperatura de los gases de escape","og_description":"Obtenga m\u00e1s informaci\u00f3n sobre los sensores de temperatura de los gases de escape, los diferentes tipos disponibles y c\u00f3mo detectar un sensor EGT defectuoso.","og_url":"https:\/\/www.smpengineeredsolutions.com\/es\/productos\/sensores\/sensores-de-temperatura-de-los-gases-de-escape\/","og_site_name":"Standard Motor Products, Inc.","article_modified_time":"2024-07-03T16:37:56+00:00","twitter_misc":{"Tiempo de lectura":"4 minutos"},"schema":{"@context":"https:\/\/schema.org","@graph":[{"@type":"WebPage","@id":"https:\/\/www.smpengineeredsolutions.com\/es\/productos\/sensores\/sensores-de-temperatura-de-los-gases-de-escape\/","url":"https:\/\/www.smpengineeredsolutions.com\/es\/productos\/sensores\/sensores-de-temperatura-de-los-gases-de-escape\/","name":"Sensores de temperatura de los gases de escape - Standard Motor Products, Inc.","isPartOf":{"@id":"https:\/\/www.tcp.smpengineeredsolutions.com\/#website"},"datePublished":"2023-01-09T18:26:44+00:00","dateModified":"2024-07-03T16:37:56+00:00","description":"Obtenga m\u00e1s informaci\u00f3n sobre los sensores de temperatura de los gases de escape, los diferentes tipos disponibles y c\u00f3mo detectar un sensor EGT defectuoso.","breadcrumb":{"@id":"https:\/\/www.smpengineeredsolutions.com\/es\/productos\/sensores\/sensores-de-temperatura-de-los-gases-de-escape\/#breadcrumb"},"inLanguage":"es","potentialAction":[{"@type":"ReadAction","target":["https:\/\/www.smpengineeredsolutions.com\/es\/productos\/sensores\/sensores-de-temperatura-de-los-gases-de-escape\/"]}]},{"@type":"BreadcrumbList","@id":"https:\/\/www.smpengineeredsolutions.com\/es\/productos\/sensores\/sensores-de-temperatura-de-los-gases-de-escape\/#breadcrumb","itemListElement":[{"@type":"ListItem","position":1,"name":"Home","item":"https:\/\/www.af63878a-61a4-44d4-a3f9-8118d911569f.smpengineeredsolutions.com\/es\/"},{"@type":"ListItem","position":2,"name":"Productos","item":"https:\/\/www.3ec3a7a1-1e28-4a7f-941d-947624eef59a.smpengineeredsolutions.com\/es\/productos\/"},{"@type":"ListItem","position":3,"name":"Sensores","item":"https:\/\/www._msft-gc-ssl._tcp.smpengineeredsolutions.com\/es\/productos\/sensores\/"},{"@type":"ListItem","position":4,"name":"Sensores de temperatura de los gases de escape"}]},{"@type":"WebSite","@id":"https:\/\/www.tcp.smpengineeredsolutions.com\/#website","url":"https:\/\/www.tcp.smpengineeredsolutions.com\/","name":"Standard Motor Products, Inc.","description":"","publisher":{"@id":"https:\/\/www.tcp.smpengineeredsolutions.com\/#organization"},"potentialAction":[{"@type":"SearchAction","target":{"@type":"EntryPoint","urlTemplate":"https:\/\/www.tcp.smpengineeredsolutions.com\/?s={search_term_string}"},"query-input":{"@type":"PropertyValueSpecification","valueRequired":true,"valueName":"search_term_string"}}],"inLanguage":"es"},{"@type":"Organization","@id":"https:\/\/www.tcp.smpengineeredsolutions.com\/#organization","name":"SMP\u00ae Engineered Solutions","url":"https:\/\/www.tcp.smpengineeredsolutions.com\/","logo":{"@type":"ImageObject","inLanguage":"es","@id":"https:\/\/www.tcp.smpengineeredsolutions.com\/#\/schema\/logo\/image\/","url":"https:\/\/www.a.smpengineeredsolutions.com\/wp-content\/uploads\/smp-logo.png","contentUrl":"https:\/\/www.a.smpengineeredsolutions.com\/wp-content\/uploads\/smp-logo.png","width":264,"height":117,"caption":"SMP\u00ae Engineered Solutions"},"image":{"@id":"https:\/\/www.tcp.smpengineeredsolutions.com\/#\/schema\/logo\/image\/"},"sameAs":["https:\/\/www.youtube.com\/@StandardMotorProductsInc","https:\/\/www.linkedin.com\/company\/standard-motor-products"]}]}},"_links":{"self":[{"href":"https:\/\/www.smpengineeredsolutions.com\/es\/wp-json\/wp\/v2\/pages\/5359","targetHints":{"allow":["GET"]}}],"collection":[{"href":"https:\/\/www.smpengineeredsolutions.com\/es\/wp-json\/wp\/v2\/pages"}],"about":[{"href":"https:\/\/www.smpengineeredsolutions.com\/es\/wp-json\/wp\/v2\/types\/page"}],"author":[{"embeddable":true,"href":"https:\/\/www.smpengineeredsolutions.com\/es\/wp-json\/wp\/v2\/users\/27"}],"replies":[{"embeddable":true,"href":"https:\/\/www.smpengineeredsolutions.com\/es\/wp-json\/wp\/v2\/comments?post=5359"}],"version-history":[{"count":2,"href":"https:\/\/www.smpengineeredsolutions.com\/es\/wp-json\/wp\/v2\/pages\/5359\/revisions"}],"predecessor-version":[{"id":7424,"href":"https:\/\/www.smpengineeredsolutions.com\/es\/wp-json\/wp\/v2\/pages\/5359\/revisions\/7424"}],"up":[{"embeddable":true,"href":"https:\/\/www.smpengineeredsolutions.com\/es\/wp-json\/wp\/v2\/pages\/5358"}],"wp:attachment":[{"href":"https:\/\/www.smpengineeredsolutions.com\/es\/wp-json\/wp\/v2\/media?parent=5359"}],"curies":[{"name":"wp","href":"https:\/\/api.w.org\/{rel}","templated":true}]}}