{"id":5357,"date":"2023-01-09T14:31:16","date_gmt":"2023-01-09T19:31:16","guid":{"rendered":"https:\/\/smpengineeredsolutions.com\/?page_id=5357"},"modified":"2024-07-08T11:03:46","modified_gmt":"2024-07-08T15:03:46","slug":"serie-de-contactores-de-polaridad-inversa","status":"publish","type":"page","link":"https:\/\/www.smpengineeredsolutions.com\/es\/productos\/serie-de-contactores-de-polaridad-inversa\/","title":{"rendered":"Serie de contactores de polaridad inversa"},"content":{"rendered":"<div class=\"feature-img-right\"><a class=\"lightbox\" href=\"\/wp-content\/uploads\/reversepolarity-1.png\"><img decoding=\"async\" title=\"Polaridad inversa\" src=\"\/wp-content\/uploads\/reversepolarity-1.png\" alt=\"Polaridad inversa\" width=\"300\" \/><\/a><\/div>\n<h2><img loading=\"lazy\" decoding=\"async\" class=\"size-medium wp-image-3074\" title=\"SMP Trombetta Logo\" src=\"https:\/\/www.smpengineeredsolutions.com\/wp-content\/uploads\/SMP-Trombetta-4C-500x75.png\" alt=\"SMP Trombetta Logo\" width=\"500\" height=\"75\" srcset=\"https:\/\/www.smpengineeredsolutions.com\/wp-content\/uploads\/SMP-Trombetta-4C-500x75.png 500w, https:\/\/www.smpengineeredsolutions.com\/wp-content\/uploads\/SMP-Trombetta-4C-1024x154.png 1024w, https:\/\/www.smpengineeredsolutions.com\/wp-content\/uploads\/SMP-Trombetta-4C-768x116.png 768w, https:\/\/www.smpengineeredsolutions.com\/wp-content\/uploads\/SMP-Trombetta-4C-1536x231.png 1536w, https:\/\/www.smpengineeredsolutions.com\/wp-content\/uploads\/SMP-Trombetta-4C-2048x309.png 2048w\" sizes=\"auto, (max-width: 500px) 100vw, 500px\" \/><\/h2>\n<p>Los contactores de CC de polaridad inversa ofrecen una soluci\u00f3n costo-efectiva y sencilla para invertir la polaridad de los motores de CC de imanes permanentes. Al integrar dos contactores de CC en una \u00fanica carcasa, SMP Trombetta ha eliminado muchos materiales costosos y ha simplificado el montaje final del producto y la conexi\u00f3n de los cables. El resultado es menor tiempo de montaje, menor posibilidad de problemas y un desempe\u00f1o m\u00e1s confiable.<\/p>\n<h2>Resultados completos, limpios y eficiente<\/h2>\n<p>El contactor de polaridad inversa puede adaptarse a motores y requisitos de carga espec\u00edficos. El contactor de polaridad inversa (RP) es perfecto para cualquier aplicaci\u00f3n que requiera movimiento inverso:<\/p>\n<ul>\n<li>Malacates para camiones<\/li>\n<li>Sistemas de lonas<\/li>\n<li>Elevadores de embarcaciones<\/li>\n<li>Deslizadores para veh\u00edculos recreativos<\/li>\n<li>Sistemas de nivelaci\u00f3n para veh\u00edculos recreativos<\/li>\n<\/ul>\n","protected":false},"excerpt":{"rendered":"<p>Los contactores de CC de polaridad inversa ofrecen una soluci\u00f3n costo-efectiva y sencilla para invertir la polaridad de los motores de CC de imanes permanentes. Al integrar dos contactores de CC en una \u00fanica carcasa, SMP Trombetta ha eliminado muchos materiales costosos y ha simplificado el montaje final del producto y la conexi\u00f3n de los&#8230; [&#8230;]<\/p>\n<p><a class=\"btn btn-secondary understrap-read-more-link\" href=\"https:\/\/www.smpengineeredsolutions.com\/es\/productos\/serie-de-contactores-de-polaridad-inversa\/\">Leer m\u00e1s&#8230;<\/a><\/p>\n","protected":false},"author":27,"featured_media":0,"parent":5264,"menu_order":0,"comment_status":"closed","ping_status":"closed","template":"page-templates\/destination-content.php","meta":{"_acf_changed":false,"inline_featured_image":false,"footnotes":""},"class_list":["post-5357","page","type-page","status-publish","hentry"],"featured_image_src":null,"acf":[],"yoast_head":"<!-- This site is optimized with the Yoast SEO Premium plugin v27.5 (Yoast SEO v27.5) - https:\/\/yoast.com\/product\/yoast-seo-premium-wordpress\/ -->\n<title>Serie de contactores de polaridad inversa - Standard Motor Products, Inc.<\/title>\n<meta name=\"description\" content=\"Vea nuestros productos de la familia de polaridad inversa. Los contactores de CC de polaridad inversa ofrecen una soluci\u00f3n para invertir la polaridad de los motores de CC de imanes permanentes.\" \/>\n<meta name=\"robots\" content=\"index, follow, max-snippet:-1, max-image-preview:large, max-video-preview:-1\" \/>\n<link rel=\"canonical\" href=\"https:\/\/www.smpengineeredsolutions.com\/es\/productos\/serie-de-contactores-de-polaridad-inversa\/\" \/>\n<meta property=\"og:locale\" content=\"es_ES\" \/>\n<meta property=\"og:type\" content=\"article\" \/>\n<meta property=\"og:title\" content=\"Serie de contactores de polaridad inversa\" \/>\n<meta property=\"og:description\" content=\"Vea nuestros productos de la familia de polaridad inversa. Los contactores de CC de polaridad inversa ofrecen una soluci\u00f3n para invertir la polaridad de los motores de CC de imanes permanentes.\" \/>\n<meta property=\"og:url\" content=\"https:\/\/www.smpengineeredsolutions.com\/es\/productos\/serie-de-contactores-de-polaridad-inversa\/\" \/>\n<meta property=\"og:site_name\" content=\"Standard Motor Products, Inc.\" \/>\n<meta property=\"article:modified_time\" content=\"2024-07-08T15:03:46+00:00\" \/>\n<meta property=\"og:image\" content=\"https:\/\/www.smpengineeredsolutions.com\/wp-content\/uploads\/SMP-Trombetta-4C-500x75.png\" \/>\n<meta name=\"twitter:label1\" content=\"Tiempo de lectura\" \/>\n\t<meta name=\"twitter:data1\" content=\"1 minuto\" \/>\n<script type=\"application\/ld+json\" class=\"yoast-schema-graph\">{\"@context\":\"https:\\\/\\\/schema.org\",\"@graph\":[{\"@type\":\"WebPage\",\"@id\":\"https:\\\/\\\/www.smpengineeredsolutions.com\\\/es\\\/productos\\\/serie-de-contactores-de-polaridad-inversa\\\/\",\"url\":\"https:\\\/\\\/www.smpengineeredsolutions.com\\\/es\\\/productos\\\/serie-de-contactores-de-polaridad-inversa\\\/\",\"name\":\"Serie de contactores de polaridad inversa - Standard Motor Products, Inc.\",\"isPartOf\":{\"@id\":\"https:\\\/\\\/www.smpengineeredsolutions.com\\\/es\\\/#website\"},\"primaryImageOfPage\":{\"@id\":\"https:\\\/\\\/www.smpengineeredsolutions.com\\\/es\\\/productos\\\/serie-de-contactores-de-polaridad-inversa\\\/#primaryimage\"},\"image\":{\"@id\":\"https:\\\/\\\/www.smpengineeredsolutions.com\\\/es\\\/productos\\\/serie-de-contactores-de-polaridad-inversa\\\/#primaryimage\"},\"thumbnailUrl\":\"https:\\\/\\\/www.smpengineeredsolutions.com\\\/wp-content\\\/uploads\\\/SMP-Trombetta-4C-500x75.png\",\"datePublished\":\"2023-01-09T19:31:16+00:00\",\"dateModified\":\"2024-07-08T15:03:46+00:00\",\"description\":\"Vea nuestros productos de la familia de polaridad inversa. Los contactores de CC de polaridad inversa ofrecen una soluci\u00f3n para invertir la polaridad de los motores de CC de imanes permanentes.\",\"breadcrumb\":{\"@id\":\"https:\\\/\\\/www.smpengineeredsolutions.com\\\/es\\\/productos\\\/serie-de-contactores-de-polaridad-inversa\\\/#breadcrumb\"},\"inLanguage\":\"es\",\"potentialAction\":[{\"@type\":\"ReadAction\",\"target\":[\"https:\\\/\\\/www.smpengineeredsolutions.com\\\/es\\\/productos\\\/serie-de-contactores-de-polaridad-inversa\\\/\"]}]},{\"@type\":\"ImageObject\",\"inLanguage\":\"es\",\"@id\":\"https:\\\/\\\/www.smpengineeredsolutions.com\\\/es\\\/productos\\\/serie-de-contactores-de-polaridad-inversa\\\/#primaryimage\",\"url\":\"https:\\\/\\\/www.smpengineeredsolutions.com\\\/wp-content\\\/uploads\\\/SMP-Trombetta-4C-500x75.png\",\"contentUrl\":\"https:\\\/\\\/www.smpengineeredsolutions.com\\\/wp-content\\\/uploads\\\/SMP-Trombetta-4C-500x75.png\"},{\"@type\":\"BreadcrumbList\",\"@id\":\"https:\\\/\\\/www.smpengineeredsolutions.com\\\/es\\\/productos\\\/serie-de-contactores-de-polaridad-inversa\\\/#breadcrumb\",\"itemListElement\":[{\"@type\":\"ListItem\",\"position\":1,\"name\":\"Home\",\"item\":\"https:\\\/\\\/www.tcp.smpengineeredsolutions.com\\\/es\\\/\"},{\"@type\":\"ListItem\",\"position\":2,\"name\":\"Productos\",\"item\":\"https:\\\/\\\/www.tcp.smpengineeredsolutions.com\\\/es\\\/productos\\\/\"},{\"@type\":\"ListItem\",\"position\":3,\"name\":\"Serie de contactores de polaridad inversa\"}]},{\"@type\":\"WebSite\",\"@id\":\"https:\\\/\\\/www.smpengineeredsolutions.com\\\/es\\\/#website\",\"url\":\"https:\\\/\\\/www.smpengineeredsolutions.com\\\/es\\\/\",\"name\":\"Standard Motor Products, Inc.\",\"description\":\"\",\"publisher\":{\"@id\":\"https:\\\/\\\/www.smpengineeredsolutions.com\\\/es\\\/#organization\"},\"potentialAction\":[{\"@type\":\"SearchAction\",\"target\":{\"@type\":\"EntryPoint\",\"urlTemplate\":\"https:\\\/\\\/www.smpengineeredsolutions.com\\\/es\\\/?s={search_term_string}\"},\"query-input\":{\"@type\":\"PropertyValueSpecification\",\"valueRequired\":true,\"valueName\":\"search_term_string\"}}],\"inLanguage\":\"es\"},{\"@type\":\"Organization\",\"@id\":\"https:\\\/\\\/www.smpengineeredsolutions.com\\\/es\\\/#organization\",\"name\":\"SMP\u00ae Engineered Solutions\",\"url\":\"https:\\\/\\\/www.smpengineeredsolutions.com\\\/es\\\/\",\"logo\":{\"@type\":\"ImageObject\",\"inLanguage\":\"es\",\"@id\":\"https:\\\/\\\/www.smpengineeredsolutions.com\\\/es\\\/#\\\/schema\\\/logo\\\/image\\\/\",\"url\":\"https:\\\/\\\/www.a.smpengineeredsolutions.com\\\/wp-content\\\/uploads\\\/smp-logo.png\",\"contentUrl\":\"https:\\\/\\\/www.a.smpengineeredsolutions.com\\\/wp-content\\\/uploads\\\/smp-logo.png\",\"width\":264,\"height\":117,\"caption\":\"SMP\u00ae Engineered Solutions\"},\"image\":{\"@id\":\"https:\\\/\\\/www.smpengineeredsolutions.com\\\/es\\\/#\\\/schema\\\/logo\\\/image\\\/\"},\"sameAs\":[\"https:\\\/\\\/www.youtube.com\\\/@StandardMotorProductsInc\",\"https:\\\/\\\/www.linkedin.com\\\/company\\\/standard-motor-products\"]}]}<\/script>\n<!-- \/ Yoast SEO Premium plugin. -->","yoast_head_json":{"title":"Serie de contactores de polaridad inversa - Standard Motor Products, Inc.","description":"Vea nuestros productos de la familia de polaridad inversa. Los contactores de CC de polaridad inversa ofrecen una soluci\u00f3n para invertir la polaridad de los motores de CC de imanes permanentes.","robots":{"index":"index","follow":"follow","max-snippet":"max-snippet:-1","max-image-preview":"max-image-preview:large","max-video-preview":"max-video-preview:-1"},"canonical":"https:\/\/www.smpengineeredsolutions.com\/es\/productos\/serie-de-contactores-de-polaridad-inversa\/","og_locale":"es_ES","og_type":"article","og_title":"Serie de contactores de polaridad inversa","og_description":"Vea nuestros productos de la familia de polaridad inversa. Los contactores de CC de polaridad inversa ofrecen una soluci\u00f3n para invertir la polaridad de los motores de CC de imanes permanentes.","og_url":"https:\/\/www.smpengineeredsolutions.com\/es\/productos\/serie-de-contactores-de-polaridad-inversa\/","og_site_name":"Standard Motor Products, Inc.","article_modified_time":"2024-07-08T15:03:46+00:00","og_image":[{"url":"https:\/\/www.smpengineeredsolutions.com\/wp-content\/uploads\/SMP-Trombetta-4C-500x75.png","type":"","width":"","height":""}],"twitter_misc":{"Tiempo de lectura":"1 minuto"},"schema":{"@context":"https:\/\/schema.org","@graph":[{"@type":"WebPage","@id":"https:\/\/www.smpengineeredsolutions.com\/es\/productos\/serie-de-contactores-de-polaridad-inversa\/","url":"https:\/\/www.smpengineeredsolutions.com\/es\/productos\/serie-de-contactores-de-polaridad-inversa\/","name":"Serie de contactores de polaridad inversa - Standard Motor Products, Inc.","isPartOf":{"@id":"https:\/\/www.smpengineeredsolutions.com\/es\/#website"},"primaryImageOfPage":{"@id":"https:\/\/www.smpengineeredsolutions.com\/es\/productos\/serie-de-contactores-de-polaridad-inversa\/#primaryimage"},"image":{"@id":"https:\/\/www.smpengineeredsolutions.com\/es\/productos\/serie-de-contactores-de-polaridad-inversa\/#primaryimage"},"thumbnailUrl":"https:\/\/www.smpengineeredsolutions.com\/wp-content\/uploads\/SMP-Trombetta-4C-500x75.png","datePublished":"2023-01-09T19:31:16+00:00","dateModified":"2024-07-08T15:03:46+00:00","description":"Vea nuestros productos de la familia de polaridad inversa. Los contactores de CC de polaridad inversa ofrecen una soluci\u00f3n para invertir la polaridad de los motores de CC de imanes permanentes.","breadcrumb":{"@id":"https:\/\/www.smpengineeredsolutions.com\/es\/productos\/serie-de-contactores-de-polaridad-inversa\/#breadcrumb"},"inLanguage":"es","potentialAction":[{"@type":"ReadAction","target":["https:\/\/www.smpengineeredsolutions.com\/es\/productos\/serie-de-contactores-de-polaridad-inversa\/"]}]},{"@type":"ImageObject","inLanguage":"es","@id":"https:\/\/www.smpengineeredsolutions.com\/es\/productos\/serie-de-contactores-de-polaridad-inversa\/#primaryimage","url":"https:\/\/www.smpengineeredsolutions.com\/wp-content\/uploads\/SMP-Trombetta-4C-500x75.png","contentUrl":"https:\/\/www.smpengineeredsolutions.com\/wp-content\/uploads\/SMP-Trombetta-4C-500x75.png"},{"@type":"BreadcrumbList","@id":"https:\/\/www.smpengineeredsolutions.com\/es\/productos\/serie-de-contactores-de-polaridad-inversa\/#breadcrumb","itemListElement":[{"@type":"ListItem","position":1,"name":"Home","item":"https:\/\/www.tcp.smpengineeredsolutions.com\/es\/"},{"@type":"ListItem","position":2,"name":"Productos","item":"https:\/\/www.tcp.smpengineeredsolutions.com\/es\/productos\/"},{"@type":"ListItem","position":3,"name":"Serie de contactores de polaridad inversa"}]},{"@type":"WebSite","@id":"https:\/\/www.smpengineeredsolutions.com\/es\/#website","url":"https:\/\/www.smpengineeredsolutions.com\/es\/","name":"Standard Motor Products, Inc.","description":"","publisher":{"@id":"https:\/\/www.smpengineeredsolutions.com\/es\/#organization"},"potentialAction":[{"@type":"SearchAction","target":{"@type":"EntryPoint","urlTemplate":"https:\/\/www.smpengineeredsolutions.com\/es\/?s={search_term_string}"},"query-input":{"@type":"PropertyValueSpecification","valueRequired":true,"valueName":"search_term_string"}}],"inLanguage":"es"},{"@type":"Organization","@id":"https:\/\/www.smpengineeredsolutions.com\/es\/#organization","name":"SMP\u00ae Engineered Solutions","url":"https:\/\/www.smpengineeredsolutions.com\/es\/","logo":{"@type":"ImageObject","inLanguage":"es","@id":"https:\/\/www.smpengineeredsolutions.com\/es\/#\/schema\/logo\/image\/","url":"https:\/\/www.a.smpengineeredsolutions.com\/wp-content\/uploads\/smp-logo.png","contentUrl":"https:\/\/www.a.smpengineeredsolutions.com\/wp-content\/uploads\/smp-logo.png","width":264,"height":117,"caption":"SMP\u00ae Engineered Solutions"},"image":{"@id":"https:\/\/www.smpengineeredsolutions.com\/es\/#\/schema\/logo\/image\/"},"sameAs":["https:\/\/www.youtube.com\/@StandardMotorProductsInc","https:\/\/www.linkedin.com\/company\/standard-motor-products"]}]}},"_links":{"self":[{"href":"https:\/\/www.smpengineeredsolutions.com\/es\/wp-json\/wp\/v2\/pages\/5357","targetHints":{"allow":["GET"]}}],"collection":[{"href":"https:\/\/www.smpengineeredsolutions.com\/es\/wp-json\/wp\/v2\/pages"}],"about":[{"href":"https:\/\/www.smpengineeredsolutions.com\/es\/wp-json\/wp\/v2\/types\/page"}],"author":[{"embeddable":true,"href":"https:\/\/www.smpengineeredsolutions.com\/es\/wp-json\/wp\/v2\/users\/27"}],"replies":[{"embeddable":true,"href":"https:\/\/www.smpengineeredsolutions.com\/es\/wp-json\/wp\/v2\/comments?post=5357"}],"version-history":[{"count":1,"href":"https:\/\/www.smpengineeredsolutions.com\/es\/wp-json\/wp\/v2\/pages\/5357\/revisions"}],"predecessor-version":[{"id":6939,"href":"https:\/\/www.smpengineeredsolutions.com\/es\/wp-json\/wp\/v2\/pages\/5357\/revisions\/6939"}],"up":[{"embeddable":true,"href":"https:\/\/www.smpengineeredsolutions.com\/es\/wp-json\/wp\/v2\/pages\/5264"}],"wp:attachment":[{"href":"https:\/\/www.smpengineeredsolutions.com\/es\/wp-json\/wp\/v2\/media?parent=5357"}],"curies":[{"name":"wp","href":"https:\/\/api.w.org\/{rel}","templated":true}]}}