{"id":5356,"date":"2023-01-10T11:56:33","date_gmt":"2023-01-10T16:56:33","guid":{"rendered":"https:\/\/smpengineeredsolutions.com\/?page_id=5356"},"modified":"2025-03-13T13:34:36","modified_gmt":"2025-03-13T17:34:36","slug":"distribucion-de-energia","status":"publish","type":"page","link":"https:\/\/www.smpengineeredsolutions.com\/es\/productos\/distribucion-de-energia\/","title":{"rendered":"Distribuci\u00f3n de energ\u00eda"},"content":{"rendered":"<h2>Distribuci\u00f3n industrial de energ\u00eda<\/h2>\n<p>Los productos de distribuci\u00f3n de energ\u00eda son un componente cr\u00edtico en los sistemas industriales y de automoci\u00f3n que garantizan un arranque y un funcionamiento del flujo de energ\u00eda fiables. SMP\u00ae Engineered Solutions ofrece una amplia gama de productos de distribuci\u00f3n de energ\u00eda altamente adaptables y l\u00edderes del sector. En concreto, suministramos contactores de CC, solenoides industriales y reguladores de tensi\u00f3n para una amplia gama de mercados e industrias. Estos componentes cr\u00edticos est\u00e1n dise\u00f1ados para funcionar en las condiciones m\u00e1s duras y para durar toda la vida.<\/p>\n<h3>Caracter\u00edsticas Principales<\/h3>\n<p><img loading=\"lazy\" decoding=\"async\" class=\"alignnone  wp-image-7827\" src=\"https:\/\/www.smpengineeredsolutions.com\/wp-content\/uploads\/Power-Distribution-Feature-Spanish-500x111.png\" alt=\"Caracter\u00edstica principal de la distribuci\u00f3n de energ\u00eda de SMP Engineered Solutions.\" width=\"1293\" height=\"287\" srcset=\"https:\/\/www.smpengineeredsolutions.com\/wp-content\/uploads\/Power-Distribution-Feature-Spanish-500x111.png 500w, https:\/\/www.smpengineeredsolutions.com\/wp-content\/uploads\/Power-Distribution-Feature-Spanish-1024x228.png 1024w, https:\/\/www.smpengineeredsolutions.com\/wp-content\/uploads\/Power-Distribution-Feature-Spanish-768x171.png 768w, https:\/\/www.smpengineeredsolutions.com\/wp-content\/uploads\/Power-Distribution-Feature-Spanish-1536x342.png 1536w, https:\/\/www.smpengineeredsolutions.com\/wp-content\/uploads\/Power-Distribution-Feature-Spanish-2048x456.png 2048w\" sizes=\"auto, (max-width: 1293px) 100vw, 1293px\" \/><\/p>\n<h3>Aplicaci\u00f3n m\u00e1s com\u00fan<\/h3>\n<ul>\n<li>Agricultura<\/li>\n<li>Construcci\u00f3n<\/li>\n<li>Camiones pesados<\/li>\n<li>Veh\u00edculos de carretera y todoterreno<\/li>\n<li>C\u00e9sped y jard\u00edn<\/li>\n<li>Equipos m\u00f3viles y fijos<\/li>\n<\/ul>\n<p>Preguntas frecuentes<\/p>\n<p><strong>\u00bfCu\u00e1les son los componentes clave de un sistema de distribuci\u00f3n de energ\u00eda?<\/strong><\/p>\n<p>Algunos componentes clave de nuestro sistema de distribuci\u00f3n de energ\u00eda son los contactores de CC, los rel\u00e9s de estado s\u00f3lido y los m\u00f3dulos de distribuci\u00f3n de energ\u00eda.<\/p>\n<p><strong>\u00bfQu\u00e9 factores hay que tener en cuenta al elegir una soluci\u00f3n de distribuci\u00f3n de energ\u00eda?<\/strong><\/p>\n<p>Corriente de irrupci\u00f3n, corriente nominal, fusibles<\/p>\n<p><strong>\u00bfC\u00f3mo se dise\u00f1an los sistemas de distribuci\u00f3n de energ\u00eda para resistir entornos dif\u00edciles?<\/strong><\/p>\n<p>Toda la distribuci\u00f3n de energ\u00eda de SMP Engineered Solution se prueba a temperaturas extremas, se sella para proteger los componentes importantes y s\u00f3lo se utilizan componentes de la m\u00e1s alta calidad.<\/p>\n<p><strong>\u00bfC\u00f3mo mejoran la seguridad el\u00e9ctrica y el rendimiento los m\u00f3dulos de distribuci\u00f3n de energ\u00eda?<\/strong><\/p>\n<p>Hay control de corriente para limitar la potencia.<\/p>\n<p>P\u00f3ngase en <a href=\"https:\/\/www.smpengineeredsolutions.com\/es\/contactenos\/\">contacto<\/a> con nosotros para obtener m\u00e1s informaci\u00f3n.<\/p>\n<p>&nbsp;<\/p>\n","protected":false},"excerpt":{"rendered":"<p>Distribuci\u00f3n industrial de energ\u00eda Los productos de distribuci\u00f3n de energ\u00eda son un componente cr\u00edtico en los sistemas industriales y de automoci\u00f3n que garantizan un arranque y un funcionamiento del flujo de energ\u00eda fiables. SMP\u00ae Engineered Solutions ofrece una amplia gama de productos de distribuci\u00f3n de energ\u00eda altamente adaptables y l\u00edderes del sector. En concreto, suministramos&#8230; [&#8230;]<\/p>\n<p><a class=\"btn btn-secondary understrap-read-more-link\" href=\"https:\/\/www.smpengineeredsolutions.com\/es\/productos\/distribucion-de-energia\/\">Leer m\u00e1s&#8230;<\/a><\/p>\n","protected":false},"author":27,"featured_media":0,"parent":5264,"menu_order":0,"comment_status":"closed","ping_status":"closed","template":"page-templates\/power-distribution-bucket.php","meta":{"_acf_changed":false,"inline_featured_image":false,"footnotes":""},"class_list":["post-5356","page","type-page","status-publish","hentry"],"featured_image_src":null,"acf":[],"yoast_head":"<!-- This site is optimized with the Yoast SEO Premium plugin v27.5 (Yoast SEO v27.5) - https:\/\/yoast.com\/product\/yoast-seo-premium-wordpress\/ -->\n<title>Soluciones de distribuci\u00f3n de energ\u00eda | Standard Motor Products<\/title>\n<meta name=\"description\" content=\"Descubra las soluciones de distribuci\u00f3n de energ\u00eda de SMP Engineering para aplicaciones industriales y de automoci\u00f3n, dise\u00f1adas para una gesti\u00f3n el\u00e9ctrica eficaz y fiable.\" \/>\n<meta name=\"robots\" content=\"index, follow, max-snippet:-1, max-image-preview:large, max-video-preview:-1\" \/>\n<link rel=\"canonical\" href=\"https:\/\/www.smpengineeredsolutions.com\/es\/productos\/distribucion-de-energia\/\" \/>\n<meta property=\"og:locale\" content=\"es_ES\" \/>\n<meta property=\"og:type\" content=\"article\" \/>\n<meta property=\"og:title\" content=\"Distribuci\u00f3n de energ\u00eda\" \/>\n<meta property=\"og:description\" content=\"Descubra las soluciones de distribuci\u00f3n de energ\u00eda de SMP Engineering para aplicaciones industriales y de automoci\u00f3n, dise\u00f1adas para una gesti\u00f3n el\u00e9ctrica eficaz y fiable.\" \/>\n<meta property=\"og:url\" content=\"https:\/\/www.smpengineeredsolutions.com\/es\/productos\/distribucion-de-energia\/\" \/>\n<meta property=\"og:site_name\" content=\"Standard Motor Products, Inc.\" \/>\n<meta property=\"article:modified_time\" content=\"2025-03-13T17:34:36+00:00\" \/>\n<meta property=\"og:image\" content=\"https:\/\/www.smpengineeredsolutions.com\/wp-content\/uploads\/Power-Distribution-Feature-Spanish-500x111.png\" \/>\n<meta name=\"twitter:label1\" content=\"Tiempo de lectura\" \/>\n\t<meta name=\"twitter:data1\" content=\"2 minutos\" \/>\n<script type=\"application\/ld+json\" class=\"yoast-schema-graph\">{\"@context\":\"https:\\\/\\\/schema.org\",\"@graph\":[{\"@type\":\"WebPage\",\"@id\":\"https:\\\/\\\/www.smpengineeredsolutions.com\\\/es\\\/productos\\\/distribucion-de-energia\\\/\",\"url\":\"https:\\\/\\\/www.smpengineeredsolutions.com\\\/es\\\/productos\\\/distribucion-de-energia\\\/\",\"name\":\"Soluciones de distribuci\u00f3n de energ\u00eda | Standard Motor Products\",\"isPartOf\":{\"@id\":\"https:\\\/\\\/www.smpengineeredsolutions.com\\\/es\\\/#website\"},\"primaryImageOfPage\":{\"@id\":\"https:\\\/\\\/www.smpengineeredsolutions.com\\\/es\\\/productos\\\/distribucion-de-energia\\\/#primaryimage\"},\"image\":{\"@id\":\"https:\\\/\\\/www.smpengineeredsolutions.com\\\/es\\\/productos\\\/distribucion-de-energia\\\/#primaryimage\"},\"thumbnailUrl\":\"https:\\\/\\\/www.smpengineeredsolutions.com\\\/wp-content\\\/uploads\\\/Power-Distribution-Feature-Spanish-500x111.png\",\"datePublished\":\"2023-01-10T16:56:33+00:00\",\"dateModified\":\"2025-03-13T17:34:36+00:00\",\"description\":\"Descubra las soluciones de distribuci\u00f3n de energ\u00eda de SMP Engineering para aplicaciones industriales y de automoci\u00f3n, dise\u00f1adas para una gesti\u00f3n el\u00e9ctrica eficaz y fiable.\",\"breadcrumb\":{\"@id\":\"https:\\\/\\\/www.smpengineeredsolutions.com\\\/es\\\/productos\\\/distribucion-de-energia\\\/#breadcrumb\"},\"inLanguage\":\"es\",\"potentialAction\":[{\"@type\":\"ReadAction\",\"target\":[\"https:\\\/\\\/www.smpengineeredsolutions.com\\\/es\\\/productos\\\/distribucion-de-energia\\\/\"]}]},{\"@type\":\"ImageObject\",\"inLanguage\":\"es\",\"@id\":\"https:\\\/\\\/www.smpengineeredsolutions.com\\\/es\\\/productos\\\/distribucion-de-energia\\\/#primaryimage\",\"url\":\"https:\\\/\\\/www.smpengineeredsolutions.com\\\/wp-content\\\/uploads\\\/Power-Distribution-Feature-Spanish-500x111.png\",\"contentUrl\":\"https:\\\/\\\/www.smpengineeredsolutions.com\\\/wp-content\\\/uploads\\\/Power-Distribution-Feature-Spanish-500x111.png\"},{\"@type\":\"BreadcrumbList\",\"@id\":\"https:\\\/\\\/www.smpengineeredsolutions.com\\\/es\\\/productos\\\/distribucion-de-energia\\\/#breadcrumb\",\"itemListElement\":[{\"@type\":\"ListItem\",\"position\":1,\"name\":\"Home\",\"item\":\"https:\\\/\\\/www.gmail.smpengineeredsolutions.com\\\/es\\\/\"},{\"@type\":\"ListItem\",\"position\":2,\"name\":\"Productos\",\"item\":\"https:\\\/\\\/www.a.smpengineeredsolutions.com\\\/es\\\/productos\\\/\"},{\"@type\":\"ListItem\",\"position\":3,\"name\":\"Distribuci\u00f3n de energ\u00eda\"}]},{\"@type\":\"WebSite\",\"@id\":\"https:\\\/\\\/www.smpengineeredsolutions.com\\\/es\\\/#website\",\"url\":\"https:\\\/\\\/www.smpengineeredsolutions.com\\\/es\\\/\",\"name\":\"Standard Motor Products, Inc.\",\"description\":\"\",\"publisher\":{\"@id\":\"https:\\\/\\\/www.smpengineeredsolutions.com\\\/es\\\/#organization\"},\"potentialAction\":[{\"@type\":\"SearchAction\",\"target\":{\"@type\":\"EntryPoint\",\"urlTemplate\":\"https:\\\/\\\/www.smpengineeredsolutions.com\\\/es\\\/?s={search_term_string}\"},\"query-input\":{\"@type\":\"PropertyValueSpecification\",\"valueRequired\":true,\"valueName\":\"search_term_string\"}}],\"inLanguage\":\"es\"},{\"@type\":\"Organization\",\"@id\":\"https:\\\/\\\/www.smpengineeredsolutions.com\\\/es\\\/#organization\",\"name\":\"SMP\u00ae Engineered Solutions\",\"url\":\"https:\\\/\\\/www.smpengineeredsolutions.com\\\/es\\\/\",\"logo\":{\"@type\":\"ImageObject\",\"inLanguage\":\"es\",\"@id\":\"https:\\\/\\\/www.smpengineeredsolutions.com\\\/es\\\/#\\\/schema\\\/logo\\\/image\\\/\",\"url\":\"https:\\\/\\\/www.a.smpengineeredsolutions.com\\\/wp-content\\\/uploads\\\/smp-logo.png\",\"contentUrl\":\"https:\\\/\\\/www.a.smpengineeredsolutions.com\\\/wp-content\\\/uploads\\\/smp-logo.png\",\"width\":264,\"height\":117,\"caption\":\"SMP\u00ae Engineered Solutions\"},\"image\":{\"@id\":\"https:\\\/\\\/www.smpengineeredsolutions.com\\\/es\\\/#\\\/schema\\\/logo\\\/image\\\/\"},\"sameAs\":[\"https:\\\/\\\/www.youtube.com\\\/@StandardMotorProductsInc\",\"https:\\\/\\\/www.linkedin.com\\\/company\\\/standard-motor-products\"]}]}<\/script>\n<!-- \/ Yoast SEO Premium plugin. -->","yoast_head_json":{"title":"Soluciones de distribuci\u00f3n de energ\u00eda | Standard Motor Products","description":"Descubra las soluciones de distribuci\u00f3n de energ\u00eda de SMP Engineering para aplicaciones industriales y de automoci\u00f3n, dise\u00f1adas para una gesti\u00f3n el\u00e9ctrica eficaz y fiable.","robots":{"index":"index","follow":"follow","max-snippet":"max-snippet:-1","max-image-preview":"max-image-preview:large","max-video-preview":"max-video-preview:-1"},"canonical":"https:\/\/www.smpengineeredsolutions.com\/es\/productos\/distribucion-de-energia\/","og_locale":"es_ES","og_type":"article","og_title":"Distribuci\u00f3n de energ\u00eda","og_description":"Descubra las soluciones de distribuci\u00f3n de energ\u00eda de SMP Engineering para aplicaciones industriales y de automoci\u00f3n, dise\u00f1adas para una gesti\u00f3n el\u00e9ctrica eficaz y fiable.","og_url":"https:\/\/www.smpengineeredsolutions.com\/es\/productos\/distribucion-de-energia\/","og_site_name":"Standard Motor Products, Inc.","article_modified_time":"2025-03-13T17:34:36+00:00","og_image":[{"url":"https:\/\/www.smpengineeredsolutions.com\/wp-content\/uploads\/Power-Distribution-Feature-Spanish-500x111.png","type":"","width":"","height":""}],"twitter_misc":{"Tiempo de lectura":"2 minutos"},"schema":{"@context":"https:\/\/schema.org","@graph":[{"@type":"WebPage","@id":"https:\/\/www.smpengineeredsolutions.com\/es\/productos\/distribucion-de-energia\/","url":"https:\/\/www.smpengineeredsolutions.com\/es\/productos\/distribucion-de-energia\/","name":"Soluciones de distribuci\u00f3n de energ\u00eda | Standard Motor Products","isPartOf":{"@id":"https:\/\/www.smpengineeredsolutions.com\/es\/#website"},"primaryImageOfPage":{"@id":"https:\/\/www.smpengineeredsolutions.com\/es\/productos\/distribucion-de-energia\/#primaryimage"},"image":{"@id":"https:\/\/www.smpengineeredsolutions.com\/es\/productos\/distribucion-de-energia\/#primaryimage"},"thumbnailUrl":"https:\/\/www.smpengineeredsolutions.com\/wp-content\/uploads\/Power-Distribution-Feature-Spanish-500x111.png","datePublished":"2023-01-10T16:56:33+00:00","dateModified":"2025-03-13T17:34:36+00:00","description":"Descubra las soluciones de distribuci\u00f3n de energ\u00eda de SMP Engineering para aplicaciones industriales y de automoci\u00f3n, dise\u00f1adas para una gesti\u00f3n el\u00e9ctrica eficaz y fiable.","breadcrumb":{"@id":"https:\/\/www.smpengineeredsolutions.com\/es\/productos\/distribucion-de-energia\/#breadcrumb"},"inLanguage":"es","potentialAction":[{"@type":"ReadAction","target":["https:\/\/www.smpengineeredsolutions.com\/es\/productos\/distribucion-de-energia\/"]}]},{"@type":"ImageObject","inLanguage":"es","@id":"https:\/\/www.smpengineeredsolutions.com\/es\/productos\/distribucion-de-energia\/#primaryimage","url":"https:\/\/www.smpengineeredsolutions.com\/wp-content\/uploads\/Power-Distribution-Feature-Spanish-500x111.png","contentUrl":"https:\/\/www.smpengineeredsolutions.com\/wp-content\/uploads\/Power-Distribution-Feature-Spanish-500x111.png"},{"@type":"BreadcrumbList","@id":"https:\/\/www.smpengineeredsolutions.com\/es\/productos\/distribucion-de-energia\/#breadcrumb","itemListElement":[{"@type":"ListItem","position":1,"name":"Home","item":"https:\/\/www.gmail.smpengineeredsolutions.com\/es\/"},{"@type":"ListItem","position":2,"name":"Productos","item":"https:\/\/www.a.smpengineeredsolutions.com\/es\/productos\/"},{"@type":"ListItem","position":3,"name":"Distribuci\u00f3n de energ\u00eda"}]},{"@type":"WebSite","@id":"https:\/\/www.smpengineeredsolutions.com\/es\/#website","url":"https:\/\/www.smpengineeredsolutions.com\/es\/","name":"Standard Motor Products, Inc.","description":"","publisher":{"@id":"https:\/\/www.smpengineeredsolutions.com\/es\/#organization"},"potentialAction":[{"@type":"SearchAction","target":{"@type":"EntryPoint","urlTemplate":"https:\/\/www.smpengineeredsolutions.com\/es\/?s={search_term_string}"},"query-input":{"@type":"PropertyValueSpecification","valueRequired":true,"valueName":"search_term_string"}}],"inLanguage":"es"},{"@type":"Organization","@id":"https:\/\/www.smpengineeredsolutions.com\/es\/#organization","name":"SMP\u00ae Engineered Solutions","url":"https:\/\/www.smpengineeredsolutions.com\/es\/","logo":{"@type":"ImageObject","inLanguage":"es","@id":"https:\/\/www.smpengineeredsolutions.com\/es\/#\/schema\/logo\/image\/","url":"https:\/\/www.a.smpengineeredsolutions.com\/wp-content\/uploads\/smp-logo.png","contentUrl":"https:\/\/www.a.smpengineeredsolutions.com\/wp-content\/uploads\/smp-logo.png","width":264,"height":117,"caption":"SMP\u00ae Engineered Solutions"},"image":{"@id":"https:\/\/www.smpengineeredsolutions.com\/es\/#\/schema\/logo\/image\/"},"sameAs":["https:\/\/www.youtube.com\/@StandardMotorProductsInc","https:\/\/www.linkedin.com\/company\/standard-motor-products"]}]}},"_links":{"self":[{"href":"https:\/\/www.smpengineeredsolutions.com\/es\/wp-json\/wp\/v2\/pages\/5356","targetHints":{"allow":["GET"]}}],"collection":[{"href":"https:\/\/www.smpengineeredsolutions.com\/es\/wp-json\/wp\/v2\/pages"}],"about":[{"href":"https:\/\/www.smpengineeredsolutions.com\/es\/wp-json\/wp\/v2\/types\/page"}],"author":[{"embeddable":true,"href":"https:\/\/www.smpengineeredsolutions.com\/es\/wp-json\/wp\/v2\/users\/27"}],"replies":[{"embeddable":true,"href":"https:\/\/www.smpengineeredsolutions.com\/es\/wp-json\/wp\/v2\/comments?post=5356"}],"version-history":[{"count":3,"href":"https:\/\/www.smpengineeredsolutions.com\/es\/wp-json\/wp\/v2\/pages\/5356\/revisions"}],"predecessor-version":[{"id":7830,"href":"https:\/\/www.smpengineeredsolutions.com\/es\/wp-json\/wp\/v2\/pages\/5356\/revisions\/7830"}],"up":[{"embeddable":true,"href":"https:\/\/www.smpengineeredsolutions.com\/es\/wp-json\/wp\/v2\/pages\/5264"}],"wp:attachment":[{"href":"https:\/\/www.smpengineeredsolutions.com\/es\/wp-json\/wp\/v2\/media?parent=5356"}],"curies":[{"name":"wp","href":"https:\/\/api.w.org\/{rel}","templated":true}]}}