{"id":5353,"date":"2023-01-10T06:59:23","date_gmt":"2023-01-10T11:59:23","guid":{"rendered":"https:\/\/smpengineeredsolutions.com\/?page_id=5353"},"modified":"2024-08-26T13:11:46","modified_gmt":"2024-08-26T17:11:46","slug":"inyectores-de-combustible","status":"publish","type":"page","link":"https:\/\/www.smpengineeredsolutions.com\/es\/productos\/inyeccion-y-suministro-de-combustible\/inyectores-de-combustible\/","title":{"rendered":"Inyectores de combustible"},"content":{"rendered":"<div class=\"text-center\"><a class=\"lightbox\" href=\"https:\/\/www.smpengineeredsolutions.com\/wp-content\/uploads\/Fuel-Injectors-header.png\"><img loading=\"lazy\" decoding=\"async\" class=\"aligncenter wp-image-3070\" title=\"Inyectores de combustible\" src=\"https:\/\/www.smpengineeredsolutions.com\/wp-content\/uploads\/Fuel-Injectors-header-500x97.png\" alt=\"Inyectores de combustible\" width=\"1098\" height=\"213\" srcset=\"https:\/\/www.smpengineeredsolutions.com\/wp-content\/uploads\/Fuel-Injectors-header-500x97.png 500w, https:\/\/www.smpengineeredsolutions.com\/wp-content\/uploads\/Fuel-Injectors-header-1024x200.png 1024w, https:\/\/www.smpengineeredsolutions.com\/wp-content\/uploads\/Fuel-Injectors-header-768x150.png 768w, https:\/\/www.smpengineeredsolutions.com\/wp-content\/uploads\/Fuel-Injectors-header.png 1211w\" sizes=\"auto, (max-width: 1098px) 100vw, 1098px\" \/><\/a><\/div>\n<p>Todos los tipos de motores de combusti\u00f3n interna necesitan sistemas de alimentaci\u00f3n de combustible para mantenerlos en funcionamiento. Uno de los m\u00e9todos m\u00e1s eficaces para suministrar combustible a estos motores es la inyecci\u00f3n de combustible. Los inyectores de combustible ofrecen ciertas ventajas que otros tipos de soluciones de suministro de combustible no ofrecen, lo que los hace adecuados para su uso en muchas aplicaciones.<\/p>\n<p>Como proveedor l\u00edder de soluciones de suministro de combustible personalizables, SMP\u00ae Engineered Solutions ofrece inyectores de combustible en varias configuraciones para satisfacer las necesidades de nuestros clientes.<\/p>\n<h2>Inyectores de combustible<\/h2>\n<p>\u00bfQu\u00e9 es exactamente un inyector de combustible? Los inyectores de combustible son partes del equipo que se utilizan para atomizar e inyectar combustible directamente en distintos tipos de motores de combusti\u00f3n interna. En un momento espec\u00edfico del ciclo de combusti\u00f3n, el inyector de combustible atomiza e inyecta el combustible en la c\u00e1mara de combusti\u00f3n del motor. Los nuevos modelos de inyectores tambi\u00e9n pueden recibir instrucciones del m\u00f3dulo de control electr\u00f3nico (ECM) para dosificar con precisi\u00f3n la cantidad de combustible. Los inyectores de combustible sustituyen a los carburadores, que normalmente utilizan el vac\u00edo para aspirar una mezcla de combustible y aire generada por la carrera descendente del pist\u00f3n.<\/p>\n<p>Adem\u00e1s de proporcionar cantidades dosificadas con precisi\u00f3n de gas o l\u00edquido de acuerdo con los requisitos del sistema de control del motor, los inyectores de combustible pueden resistir en entornos con altas vibraciones y temperaturas extremas. Tambi\u00e9n ofrecen una larga vida \u00f3ptima, una buena capacidad de sellado y una excelente repetibilidad.<\/p>\n<h2>Ventajas de los inyectores de combustible<\/h2>\n<p>Los inyectores de combustible ofrecen muchas ventajas clave, entre ellas:<\/p>\n<ul>\n<li>Mayor respuesta del acelerador que proporciona la potencia necesaria a todas las revoluciones por minuto (RPM).<\/li>\n<li>Mayor vida \u00fatil del motor<\/li>\n<li>Mayor eficiencia del combustible<\/li>\n<li>Reducci\u00f3n al m\u00ednimo de los problemas de arranque en fr\u00edo<\/li>\n<li>Configuraci\u00f3n sencilla<\/li>\n<li>Capacidad de quemar combustible de forma m\u00e1s eficiente para un medio ambiente m\u00e1s limpio<\/li>\n<li>Se elimina la necesidad de realizar puestas a punto peri\u00f3dicas<\/li>\n<li>Menor consumo de combustible<\/li>\n<li>Facilidad de arranque, especialmente a bajas temperaturas<\/li>\n<li>Detecci\u00f3n de cambios en la posici\u00f3n del acelerador, la altitud y las condiciones meteorol\u00f3gicas mediante sensores para calibrar la cantidad adecuada de combustible que se debe inyectar.<\/li>\n<li>Suministro de combustible exacto, preciso y continuo para el motor<\/li>\n<li>Combusti\u00f3n eficiente del combustible gracias al proceso de atomizaci\u00f3n<\/li>\n<li>Mejora del funcionamiento del veh\u00edculo<\/li>\n<li>Mayores relaciones de compresi\u00f3n<\/li>\n<li>No es necesario realizar ajustes para adaptarse a las necesidades de una situaci\u00f3n determinada<\/li>\n<\/ul>\n<h2>\u00bfPor qu\u00e9 elegirnos para sus necesidades de inyectores de combustible?<\/h2>\n<p><a class=\"lightbox alignright\" style=\"display: inline !important;\" href=\"https:\/\/www.smpengineeredsolutions.com\/wp-content\/uploads\/01D190WGS7_1_FJ-e1676412037691-438x700.png\"><img loading=\"lazy\" decoding=\"async\" class=\" wp-image-3069\" title=\"Switch\" src=\"https:\/\/www.smpengineeredsolutions.com\/wp-content\/uploads\/01D190WGS7_1_FJ-e1676412037691-438x700.png\" alt=\"Switch\" width=\"233\" height=\"373\" srcset=\"https:\/\/www.smpengineeredsolutions.com\/wp-content\/uploads\/01D190WGS7_1_FJ-e1676412037691-438x700.png 438w, https:\/\/www.smpengineeredsolutions.com\/wp-content\/uploads\/01D190WGS7_1_FJ-e1676412037691.png 500w\" sizes=\"auto, (max-width: 233px) 100vw, 233px\" \/><\/a><span style=\"font-weight: 400;\">SMP<sup>\u00ae<\/sup> Engineered Solutions tiene acceso a una red internacional de recursos, lo que nos mantiene en una posici\u00f3n estrat\u00e9gica para ofrecer a nuestros clientes las soluciones exclusivas que necesitan para casi cualquier aplicaci\u00f3n. Nuestra base de clientes se encuentra principalmente en los mercados de veh\u00edculos comerciales y veh\u00edculos ligeros especializados del sector de la carretera. Adem\u00e1s, brindamos soporte a los canales de veh\u00edculos para la construcci\u00f3n, agr\u00edcolas, todo terreno, recreativos, de deportes de motor, para uso industrial e hidr\u00e1ulico, y equipos para suministro de energ\u00eda en exteriores.<\/span><\/p>\n<h3><span style=\"font-weight: 400;\">Aplicaciones del producto<\/span><\/h3>\n<p>En SMP<sup>\u00ae<\/sup> Engineered Solutions, fabricamos inyectores de combustible de la m\u00e1xima calidad en la mayor\u00eda de los tipos de factores de forma de uso com\u00fan. Nuestros inyectores de combustible est\u00e1n disponibles con muchos patrones de pulverizaci\u00f3n, caudales, opciones el\u00e9ctricas y opciones de sellado. Personalizamos cada inyector de combustible en funci\u00f3n de los requisitos exclusivos de su aplicaci\u00f3n.<\/p>\n<h2>Productos para inyectores de combustible de SMP Engineered Solutions<\/h2>\n<p>Si necesita inyectores de combustible confiables y otros <a href=\"\/es\/productos\/inyeccion-y-suministro-de-combustible\/\">productos de suministro de combustible<\/a>, en SMP<sup>\u00ae<\/sup> Engineered Solutions encontrar\u00e1 muchas opciones. Nuestros productos cubren una amplia gama de aplicaciones en el sector del transporte, esto incluye el combustible di\u00e9sel y el gas junto con combustibles alternativos, como GNL, GNC, GLP e hidr\u00f3geno. Adem\u00e1s de inyectores de combustible, ofrecemos una selecci\u00f3n de reguladores de presi\u00f3n de combustible y conjuntos de conductos de combustible para satisfacer sus necesidades.<\/p>\n<p>\u00bfNecesita ayuda para encontrar el inyector de combustible personalizado que se ajuste a su aplicaci\u00f3n? P\u00f3ngase en <a href=\"\/es\/contactenos\/\">contacto con nosotros hoy<\/a> mismo para encontrar el producto ideal as\u00ed podremos satisfacer sus requisitos espec\u00edficos y obtener m\u00e1s informaci\u00f3n sobre las capacidades de nuestras soluciones de suministro de combustible<\/p>\n","protected":false},"excerpt":{"rendered":"<p>Todos los tipos de motores de combusti\u00f3n interna necesitan sistemas de alimentaci\u00f3n de combustible para mantenerlos en funcionamiento. Uno de los m\u00e9todos m\u00e1s eficaces para suministrar combustible a estos motores es la inyecci\u00f3n de combustible. Los inyectores de combustible ofrecen ciertas ventajas que otros tipos de soluciones de suministro de combustible no ofrecen, lo que&#8230; [&#8230;]<\/p>\n<p><a class=\"btn btn-secondary understrap-read-more-link\" href=\"https:\/\/www.smpengineeredsolutions.com\/es\/productos\/inyeccion-y-suministro-de-combustible\/inyectores-de-combustible\/\">Leer m\u00e1s&#8230;<\/a><\/p>\n","protected":false},"author":27,"featured_media":0,"parent":5352,"menu_order":0,"comment_status":"closed","ping_status":"closed","template":"page-templates\/destination-bucket.php","meta":{"_acf_changed":false,"inline_featured_image":false,"footnotes":""},"class_list":["post-5353","page","type-page","status-publish","hentry"],"featured_image_src":null,"acf":[],"yoast_head":"<!-- This site is optimized with the Yoast SEO Premium plugin v27.4 (Yoast SEO v27.4) - https:\/\/yoast.com\/product\/yoast-seo-premium-wordpress\/ -->\n<title>Inyectores y suministro de combustible | Standard Motor products<\/title>\n<meta name=\"description\" content=\"SMP\u00ae Engineered Solutions ofrece inyectores de combustible en varias configuraciones para satisfacer las necesidades del cliente. Obtenga m\u00e1s informaci\u00f3n sobre los inyectores de combustible y sus ventajas aqu\u00ed.\" \/>\n<meta name=\"robots\" content=\"index, follow, max-snippet:-1, max-image-preview:large, max-video-preview:-1\" \/>\n<link rel=\"canonical\" href=\"https:\/\/www.smpengineeredsolutions.com\/es\/productos\/inyeccion-y-suministro-de-combustible\/inyectores-de-combustible\/\" \/>\n<meta property=\"og:locale\" content=\"es_ES\" \/>\n<meta property=\"og:type\" content=\"article\" \/>\n<meta property=\"og:title\" content=\"Inyectores de combustible\" \/>\n<meta property=\"og:description\" content=\"SMP\u00ae Engineered Solutions ofrece inyectores de combustible en varias configuraciones para satisfacer las necesidades del cliente. Obtenga m\u00e1s informaci\u00f3n sobre los inyectores de combustible y sus ventajas aqu\u00ed.\" \/>\n<meta property=\"og:url\" content=\"https:\/\/www.smpengineeredsolutions.com\/es\/productos\/inyeccion-y-suministro-de-combustible\/inyectores-de-combustible\/\" \/>\n<meta property=\"og:site_name\" content=\"Standard Motor Products, Inc.\" \/>\n<meta property=\"article:modified_time\" content=\"2024-08-26T17:11:46+00:00\" \/>\n<meta property=\"og:image\" content=\"https:\/\/www.smpengineeredsolutions.com\/wp-content\/uploads\/Fuel-Injectors-header-500x97.png\" \/>\n<meta name=\"twitter:label1\" content=\"Tiempo de lectura\" \/>\n\t<meta name=\"twitter:data1\" content=\"4 minutos\" \/>\n<script type=\"application\/ld+json\" class=\"yoast-schema-graph\">{\"@context\":\"https:\\\/\\\/schema.org\",\"@graph\":[{\"@type\":\"WebPage\",\"@id\":\"https:\\\/\\\/www.smpengineeredsolutions.com\\\/es\\\/productos\\\/inyeccion-y-suministro-de-combustible\\\/inyectores-de-combustible\\\/\",\"url\":\"https:\\\/\\\/www.smpengineeredsolutions.com\\\/es\\\/productos\\\/inyeccion-y-suministro-de-combustible\\\/inyectores-de-combustible\\\/\",\"name\":\"Inyectores y suministro de combustible | Standard Motor products\",\"isPartOf\":{\"@id\":\"https:\\\/\\\/www._tcp.smpengineeredsolutions.com\\\/#website\"},\"primaryImageOfPage\":{\"@id\":\"https:\\\/\\\/www.smpengineeredsolutions.com\\\/es\\\/productos\\\/inyeccion-y-suministro-de-combustible\\\/inyectores-de-combustible\\\/#primaryimage\"},\"image\":{\"@id\":\"https:\\\/\\\/www.smpengineeredsolutions.com\\\/es\\\/productos\\\/inyeccion-y-suministro-de-combustible\\\/inyectores-de-combustible\\\/#primaryimage\"},\"thumbnailUrl\":\"https:\\\/\\\/www.smpengineeredsolutions.com\\\/wp-content\\\/uploads\\\/Fuel-Injectors-header-500x97.png\",\"datePublished\":\"2023-01-10T11:59:23+00:00\",\"dateModified\":\"2024-08-26T17:11:46+00:00\",\"description\":\"SMP\u00ae Engineered Solutions ofrece inyectores de combustible en varias configuraciones para satisfacer las necesidades del cliente. Obtenga m\u00e1s informaci\u00f3n sobre los inyectores de combustible y sus ventajas aqu\u00ed.\",\"breadcrumb\":{\"@id\":\"https:\\\/\\\/www.smpengineeredsolutions.com\\\/es\\\/productos\\\/inyeccion-y-suministro-de-combustible\\\/inyectores-de-combustible\\\/#breadcrumb\"},\"inLanguage\":\"es\",\"potentialAction\":[{\"@type\":\"ReadAction\",\"target\":[\"https:\\\/\\\/www.smpengineeredsolutions.com\\\/es\\\/productos\\\/inyeccion-y-suministro-de-combustible\\\/inyectores-de-combustible\\\/\"]}]},{\"@type\":\"ImageObject\",\"inLanguage\":\"es\",\"@id\":\"https:\\\/\\\/www.smpengineeredsolutions.com\\\/es\\\/productos\\\/inyeccion-y-suministro-de-combustible\\\/inyectores-de-combustible\\\/#primaryimage\",\"url\":\"https:\\\/\\\/www.smpengineeredsolutions.com\\\/wp-content\\\/uploads\\\/Fuel-Injectors-header-500x97.png\",\"contentUrl\":\"https:\\\/\\\/www.smpengineeredsolutions.com\\\/wp-content\\\/uploads\\\/Fuel-Injectors-header-500x97.png\"},{\"@type\":\"BreadcrumbList\",\"@id\":\"https:\\\/\\\/www.smpengineeredsolutions.com\\\/es\\\/productos\\\/inyeccion-y-suministro-de-combustible\\\/inyectores-de-combustible\\\/#breadcrumb\",\"itemListElement\":[{\"@type\":\"ListItem\",\"position\":1,\"name\":\"Home\",\"item\":\"https:\\\/\\\/www.smpengineeredsolutions.com\\\/es\\\/\"},{\"@type\":\"ListItem\",\"position\":2,\"name\":\"Productos\",\"item\":\"https:\\\/\\\/www.smpengineeredsolutions.com\\\/es\\\/productos\\\/\"},{\"@type\":\"ListItem\",\"position\":3,\"name\":\"Inyecci\u00f3n y suministro de combustible\",\"item\":\"https:\\\/\\\/www.smpengineeredsolutions.com\\\/es\\\/productos\\\/inyeccion-y-suministro-de-combustible\\\/\"},{\"@type\":\"ListItem\",\"position\":4,\"name\":\"Inyectores de combustible\"}]},{\"@type\":\"WebSite\",\"@id\":\"https:\\\/\\\/www._tcp.smpengineeredsolutions.com\\\/#website\",\"url\":\"https:\\\/\\\/www._tcp.smpengineeredsolutions.com\\\/\",\"name\":\"Standard Motor Products, Inc.\",\"description\":\"\",\"publisher\":{\"@id\":\"https:\\\/\\\/www._tcp.smpengineeredsolutions.com\\\/#organization\"},\"potentialAction\":[{\"@type\":\"SearchAction\",\"target\":{\"@type\":\"EntryPoint\",\"urlTemplate\":\"https:\\\/\\\/www._tcp.smpengineeredsolutions.com\\\/?s={search_term_string}\"},\"query-input\":{\"@type\":\"PropertyValueSpecification\",\"valueRequired\":true,\"valueName\":\"search_term_string\"}}],\"inLanguage\":\"es\"},{\"@type\":\"Organization\",\"@id\":\"https:\\\/\\\/www._tcp.smpengineeredsolutions.com\\\/#organization\",\"name\":\"SMP\u00ae Engineered Solutions\",\"url\":\"https:\\\/\\\/www._tcp.smpengineeredsolutions.com\\\/\",\"logo\":{\"@type\":\"ImageObject\",\"inLanguage\":\"es\",\"@id\":\"https:\\\/\\\/www._tcp.smpengineeredsolutions.com\\\/#\\\/schema\\\/logo\\\/image\\\/\",\"url\":\"https:\\\/\\\/www.a.smpengineeredsolutions.com\\\/wp-content\\\/uploads\\\/smp-logo.png\",\"contentUrl\":\"https:\\\/\\\/www.a.smpengineeredsolutions.com\\\/wp-content\\\/uploads\\\/smp-logo.png\",\"width\":264,\"height\":117,\"caption\":\"SMP\u00ae Engineered Solutions\"},\"image\":{\"@id\":\"https:\\\/\\\/www._tcp.smpengineeredsolutions.com\\\/#\\\/schema\\\/logo\\\/image\\\/\"},\"sameAs\":[\"https:\\\/\\\/www.youtube.com\\\/@StandardMotorProductsInc\",\"https:\\\/\\\/www.linkedin.com\\\/company\\\/standard-motor-products\"]}]}<\/script>\n<!-- \/ Yoast SEO Premium plugin. -->","yoast_head_json":{"title":"Inyectores y suministro de combustible | Standard Motor products","description":"SMP\u00ae Engineered Solutions ofrece inyectores de combustible en varias configuraciones para satisfacer las necesidades del cliente. Obtenga m\u00e1s informaci\u00f3n sobre los inyectores de combustible y sus ventajas aqu\u00ed.","robots":{"index":"index","follow":"follow","max-snippet":"max-snippet:-1","max-image-preview":"max-image-preview:large","max-video-preview":"max-video-preview:-1"},"canonical":"https:\/\/www.smpengineeredsolutions.com\/es\/productos\/inyeccion-y-suministro-de-combustible\/inyectores-de-combustible\/","og_locale":"es_ES","og_type":"article","og_title":"Inyectores de combustible","og_description":"SMP\u00ae Engineered Solutions ofrece inyectores de combustible en varias configuraciones para satisfacer las necesidades del cliente. Obtenga m\u00e1s informaci\u00f3n sobre los inyectores de combustible y sus ventajas aqu\u00ed.","og_url":"https:\/\/www.smpengineeredsolutions.com\/es\/productos\/inyeccion-y-suministro-de-combustible\/inyectores-de-combustible\/","og_site_name":"Standard Motor Products, Inc.","article_modified_time":"2024-08-26T17:11:46+00:00","og_image":[{"url":"https:\/\/www.smpengineeredsolutions.com\/wp-content\/uploads\/Fuel-Injectors-header-500x97.png","type":"","width":"","height":""}],"twitter_misc":{"Tiempo de lectura":"4 minutos"},"schema":{"@context":"https:\/\/schema.org","@graph":[{"@type":"WebPage","@id":"https:\/\/www.smpengineeredsolutions.com\/es\/productos\/inyeccion-y-suministro-de-combustible\/inyectores-de-combustible\/","url":"https:\/\/www.smpengineeredsolutions.com\/es\/productos\/inyeccion-y-suministro-de-combustible\/inyectores-de-combustible\/","name":"Inyectores y suministro de combustible | Standard Motor products","isPartOf":{"@id":"https:\/\/www._tcp.smpengineeredsolutions.com\/#website"},"primaryImageOfPage":{"@id":"https:\/\/www.smpengineeredsolutions.com\/es\/productos\/inyeccion-y-suministro-de-combustible\/inyectores-de-combustible\/#primaryimage"},"image":{"@id":"https:\/\/www.smpengineeredsolutions.com\/es\/productos\/inyeccion-y-suministro-de-combustible\/inyectores-de-combustible\/#primaryimage"},"thumbnailUrl":"https:\/\/www.smpengineeredsolutions.com\/wp-content\/uploads\/Fuel-Injectors-header-500x97.png","datePublished":"2023-01-10T11:59:23+00:00","dateModified":"2024-08-26T17:11:46+00:00","description":"SMP\u00ae Engineered Solutions ofrece inyectores de combustible en varias configuraciones para satisfacer las necesidades del cliente. Obtenga m\u00e1s informaci\u00f3n sobre los inyectores de combustible y sus ventajas aqu\u00ed.","breadcrumb":{"@id":"https:\/\/www.smpengineeredsolutions.com\/es\/productos\/inyeccion-y-suministro-de-combustible\/inyectores-de-combustible\/#breadcrumb"},"inLanguage":"es","potentialAction":[{"@type":"ReadAction","target":["https:\/\/www.smpengineeredsolutions.com\/es\/productos\/inyeccion-y-suministro-de-combustible\/inyectores-de-combustible\/"]}]},{"@type":"ImageObject","inLanguage":"es","@id":"https:\/\/www.smpengineeredsolutions.com\/es\/productos\/inyeccion-y-suministro-de-combustible\/inyectores-de-combustible\/#primaryimage","url":"https:\/\/www.smpengineeredsolutions.com\/wp-content\/uploads\/Fuel-Injectors-header-500x97.png","contentUrl":"https:\/\/www.smpengineeredsolutions.com\/wp-content\/uploads\/Fuel-Injectors-header-500x97.png"},{"@type":"BreadcrumbList","@id":"https:\/\/www.smpengineeredsolutions.com\/es\/productos\/inyeccion-y-suministro-de-combustible\/inyectores-de-combustible\/#breadcrumb","itemListElement":[{"@type":"ListItem","position":1,"name":"Home","item":"https:\/\/www.smpengineeredsolutions.com\/es\/"},{"@type":"ListItem","position":2,"name":"Productos","item":"https:\/\/www.smpengineeredsolutions.com\/es\/productos\/"},{"@type":"ListItem","position":3,"name":"Inyecci\u00f3n y suministro de combustible","item":"https:\/\/www.smpengineeredsolutions.com\/es\/productos\/inyeccion-y-suministro-de-combustible\/"},{"@type":"ListItem","position":4,"name":"Inyectores de combustible"}]},{"@type":"WebSite","@id":"https:\/\/www._tcp.smpengineeredsolutions.com\/#website","url":"https:\/\/www._tcp.smpengineeredsolutions.com\/","name":"Standard Motor Products, Inc.","description":"","publisher":{"@id":"https:\/\/www._tcp.smpengineeredsolutions.com\/#organization"},"potentialAction":[{"@type":"SearchAction","target":{"@type":"EntryPoint","urlTemplate":"https:\/\/www._tcp.smpengineeredsolutions.com\/?s={search_term_string}"},"query-input":{"@type":"PropertyValueSpecification","valueRequired":true,"valueName":"search_term_string"}}],"inLanguage":"es"},{"@type":"Organization","@id":"https:\/\/www._tcp.smpengineeredsolutions.com\/#organization","name":"SMP\u00ae Engineered Solutions","url":"https:\/\/www._tcp.smpengineeredsolutions.com\/","logo":{"@type":"ImageObject","inLanguage":"es","@id":"https:\/\/www._tcp.smpengineeredsolutions.com\/#\/schema\/logo\/image\/","url":"https:\/\/www.a.smpengineeredsolutions.com\/wp-content\/uploads\/smp-logo.png","contentUrl":"https:\/\/www.a.smpengineeredsolutions.com\/wp-content\/uploads\/smp-logo.png","width":264,"height":117,"caption":"SMP\u00ae Engineered Solutions"},"image":{"@id":"https:\/\/www._tcp.smpengineeredsolutions.com\/#\/schema\/logo\/image\/"},"sameAs":["https:\/\/www.youtube.com\/@StandardMotorProductsInc","https:\/\/www.linkedin.com\/company\/standard-motor-products"]}]}},"_links":{"self":[{"href":"https:\/\/www.smpengineeredsolutions.com\/es\/wp-json\/wp\/v2\/pages\/5353","targetHints":{"allow":["GET"]}}],"collection":[{"href":"https:\/\/www.smpengineeredsolutions.com\/es\/wp-json\/wp\/v2\/pages"}],"about":[{"href":"https:\/\/www.smpengineeredsolutions.com\/es\/wp-json\/wp\/v2\/types\/page"}],"author":[{"embeddable":true,"href":"https:\/\/www.smpengineeredsolutions.com\/es\/wp-json\/wp\/v2\/users\/27"}],"replies":[{"embeddable":true,"href":"https:\/\/www.smpengineeredsolutions.com\/es\/wp-json\/wp\/v2\/comments?post=5353"}],"version-history":[{"count":2,"href":"https:\/\/www.smpengineeredsolutions.com\/es\/wp-json\/wp\/v2\/pages\/5353\/revisions"}],"predecessor-version":[{"id":7894,"href":"https:\/\/www.smpengineeredsolutions.com\/es\/wp-json\/wp\/v2\/pages\/5353\/revisions\/7894"}],"up":[{"embeddable":true,"href":"https:\/\/www.smpengineeredsolutions.com\/es\/wp-json\/wp\/v2\/pages\/5352"}],"wp:attachment":[{"href":"https:\/\/www.smpengineeredsolutions.com\/es\/wp-json\/wp\/v2\/media?parent=5353"}],"curies":[{"name":"wp","href":"https:\/\/api.w.org\/{rel}","templated":true}]}}