{"id":5351,"date":"2023-01-09T14:43:24","date_gmt":"2023-01-09T19:43:24","guid":{"rendered":"https:\/\/smpengineeredsolutions.com\/?page_id=5351"},"modified":"2024-08-28T12:53:08","modified_gmt":"2024-08-28T16:53:08","slug":"series-de-solenoides-de-traccion-p600-y-de-empuje-q600","status":"publish","type":"page","link":"https:\/\/www.smpengineeredsolutions.com\/es\/productos\/solenoides-industriales\/series-de-solenoides-de-traccion-p600-y-de-empuje-q600\/","title":{"rendered":"Series de solenoides de tracci\u00f3n P600 y de empuje Q600"},"content":{"rendered":"<div class=\"feature-img-right\"><a class=\"lightbox\" href=\"\/wp-content\/uploads\/tr-p-q600-1.png\"><img loading=\"lazy\" decoding=\"async\" class=\"\" title=\"Solenoides de tracci\u00f3n P600 y de empuje Q600\" src=\"\/wp-content\/uploads\/tr-p-q600-1.png\" alt=\"Solenoides de tracci\u00f3n P600 y de empuje Q600\" width=\"268\" height=\"297\" \/><\/a><\/div>\n<p>Las ofertas de P600 y Q600 tienen las mismas caracter\u00edsticas y flexibilidad; las diferencias son sus capacidades de empuje\/tracci\u00f3n. Las aplicaciones para estos 2 solenoides de trabajo incluyen motores di\u00e9sel (corte de combustible y control del acelerador) y aplicaciones de bloqueo y enclavamiento.<\/p>\n<p><img loading=\"lazy\" decoding=\"async\" class=\"alignleft wp-image-3074\" title=\"SMP Trombetta Logo\" src=\"https:\/\/www.smpengineeredsolutions.com\/wp-content\/uploads\/SMP-Trombetta-4C-500x75.png\" alt=\"SMP Trombetta Logo\" width=\"400\" height=\"60\" srcset=\"https:\/\/www.smpengineeredsolutions.com\/wp-content\/uploads\/SMP-Trombetta-4C-500x75.png 500w, https:\/\/www.smpengineeredsolutions.com\/wp-content\/uploads\/SMP-Trombetta-4C-1024x154.png 1024w, https:\/\/www.smpengineeredsolutions.com\/wp-content\/uploads\/SMP-Trombetta-4C-768x116.png 768w, https:\/\/www.smpengineeredsolutions.com\/wp-content\/uploads\/SMP-Trombetta-4C-1536x231.png 1536w, https:\/\/www.smpengineeredsolutions.com\/wp-content\/uploads\/SMP-Trombetta-4C-2048x309.png 2048w\" sizes=\"auto, (max-width: 400px) 100vw, 400px\" \/><\/p>\n<p>&nbsp;<\/p>\n<p>&nbsp;<\/p>\n<h2>Solenoides de tracci\u00f3n P600<\/h2>\n<ul>\n<li>Requisito de carga: Carrera de 1 a 1,5 pulgadas y fuerza de 15 a 23 libras (carrera de 25,4 a 38,1 mm y fuerza de 66,6 a 102,12 N).<\/li>\n<li>Disponible en configuraciones de 12 o 24 voltios.<\/li>\n<\/ul>\n<p>El solenoide de tracci\u00f3n P600 est\u00e1 dise\u00f1ado para soportar altas temperaturas y vibraciones. Las bobinas que se encuentran en esta agrupaci\u00f3n de productos est\u00e1n encapsuladas o selladas, lo que da como resultado solenoides de trabajo industrial lo suficientemente resistentes como para soportar condiciones severas. Originalmente desarrollado para aplicaciones de motores y di\u00e9sel, el P600 ha demostrado su flexibilidad en equipos m\u00f3viles y fijos, compresores y aplicaciones de equipos para jardiner\u00eda.<\/p>\n<h2>Solenoides de empuje Q600<\/h2>\n<ul>\n<li>Requisito de carga: Carrera de 1 a 1,5 pulgadas y fuerza de 15 a 23 libras (carrera de 25,4 a 38,1 mm y fuerza de 66,6 a 102,12 N).<\/li>\n<li>Disponible en configuraciones de 12 o 24 voltios.<\/li>\n<\/ul>\n<p>El solenoide de empuje Q600 es muy duradero. Al igual que el P600, las aplicaciones del solenoide de empuje Q600 incluyen motores di\u00e9sel: corte de combustible, control de aceleraci\u00f3n y liberaci\u00f3n de compresi\u00f3n, as\u00ed como generadores y camiones.<\/p>\n","protected":false},"excerpt":{"rendered":"<p>Las ofertas de P600 y Q600 tienen las mismas caracter\u00edsticas y flexibilidad; las diferencias son sus capacidades de empuje\/tracci\u00f3n. Las aplicaciones para estos 2 solenoides de trabajo incluyen motores di\u00e9sel (corte de combustible y control del acelerador) y aplicaciones de bloqueo y enclavamiento. &nbsp; &nbsp; Solenoides de tracci\u00f3n P600 Requisito de carga: Carrera de 1&#8230; [&#8230;]<\/p>\n<p><a class=\"btn btn-secondary understrap-read-more-link\" href=\"https:\/\/www.smpengineeredsolutions.com\/es\/productos\/solenoides-industriales\/series-de-solenoides-de-traccion-p600-y-de-empuje-q600\/\">Leer m\u00e1s&#8230;<\/a><\/p>\n","protected":false},"author":27,"featured_media":0,"parent":5346,"menu_order":0,"comment_status":"closed","ping_status":"closed","template":"page-templates\/destination-content.php","meta":{"_acf_changed":false,"inline_featured_image":false,"footnotes":""},"class_list":["post-5351","page","type-page","status-publish","hentry"],"featured_image_src":null,"acf":[],"yoast_head":"<!-- This site is optimized with the Yoast SEO Premium plugin v27.4 (Yoast SEO v27.4) - https:\/\/yoast.com\/product\/yoast-seo-premium-wordpress\/ -->\n<title>P600 Zug- und Q600 Druckmagnete | Industriemagnete | Trombetta<\/title>\n<meta name=\"description\" content=\"Der bew\u00e4hrte D600-Zugmagnet beseitigt die Herausforderungen der Umwelt, einschlie\u00dflich Vibrationen. Sehen Sie sich unsere D600-Zug- und Druckmagnete an. Erfahren Sie mehr!\" \/>\n<meta name=\"robots\" content=\"index, follow, max-snippet:-1, max-image-preview:large, max-video-preview:-1\" \/>\n<link rel=\"canonical\" href=\"https:\/\/www.smpengineeredsolutions.com\/es\/productos\/solenoides-industriales\/series-de-solenoides-de-traccion-p600-y-de-empuje-q600\/\" \/>\n<meta property=\"og:locale\" content=\"es_ES\" \/>\n<meta property=\"og:type\" content=\"article\" \/>\n<meta property=\"og:title\" content=\"Series de solenoides de tracci\u00f3n P600 y de empuje Q600\" \/>\n<meta property=\"og:description\" content=\"Der bew\u00e4hrte D600-Zugmagnet beseitigt die Herausforderungen der Umwelt, einschlie\u00dflich Vibrationen. Sehen Sie sich unsere D600-Zug- und Druckmagnete an. Erfahren Sie mehr!\" \/>\n<meta property=\"og:url\" content=\"https:\/\/www.smpengineeredsolutions.com\/es\/productos\/solenoides-industriales\/series-de-solenoides-de-traccion-p600-y-de-empuje-q600\/\" \/>\n<meta property=\"og:site_name\" content=\"Standard Motor Products, Inc.\" \/>\n<meta property=\"article:modified_time\" content=\"2024-08-28T16:53:08+00:00\" \/>\n<meta property=\"og:image\" content=\"https:\/\/www.smpengineeredsolutions.com\/wp-content\/uploads\/SMP-Trombetta-4C-500x75.png\" \/>\n<meta name=\"twitter:label1\" content=\"Tiempo de lectura\" \/>\n\t<meta name=\"twitter:data1\" content=\"2 minutos\" \/>\n<script type=\"application\/ld+json\" class=\"yoast-schema-graph\">{\"@context\":\"https:\\\/\\\/schema.org\",\"@graph\":[{\"@type\":\"WebPage\",\"@id\":\"https:\\\/\\\/www.smpengineeredsolutions.com\\\/es\\\/productos\\\/solenoides-industriales\\\/series-de-solenoides-de-traccion-p600-y-de-empuje-q600\\\/\",\"url\":\"https:\\\/\\\/www.smpengineeredsolutions.com\\\/es\\\/productos\\\/solenoides-industriales\\\/series-de-solenoides-de-traccion-p600-y-de-empuje-q600\\\/\",\"name\":\"P600 Zug- und Q600 Druckmagnete | Industriemagnete | Trombetta\",\"isPartOf\":{\"@id\":\"https:\\\/\\\/www._tcp.smpengineeredsolutions.com\\\/#website\"},\"primaryImageOfPage\":{\"@id\":\"https:\\\/\\\/www.smpengineeredsolutions.com\\\/es\\\/productos\\\/solenoides-industriales\\\/series-de-solenoides-de-traccion-p600-y-de-empuje-q600\\\/#primaryimage\"},\"image\":{\"@id\":\"https:\\\/\\\/www.smpengineeredsolutions.com\\\/es\\\/productos\\\/solenoides-industriales\\\/series-de-solenoides-de-traccion-p600-y-de-empuje-q600\\\/#primaryimage\"},\"thumbnailUrl\":\"https:\\\/\\\/www.smpengineeredsolutions.com\\\/wp-content\\\/uploads\\\/SMP-Trombetta-4C-500x75.png\",\"datePublished\":\"2023-01-09T19:43:24+00:00\",\"dateModified\":\"2024-08-28T16:53:08+00:00\",\"description\":\"Der bew\u00e4hrte D600-Zugmagnet beseitigt die Herausforderungen der Umwelt, einschlie\u00dflich Vibrationen. Sehen Sie sich unsere D600-Zug- und Druckmagnete an. Erfahren Sie mehr!\",\"breadcrumb\":{\"@id\":\"https:\\\/\\\/www.smpengineeredsolutions.com\\\/es\\\/productos\\\/solenoides-industriales\\\/series-de-solenoides-de-traccion-p600-y-de-empuje-q600\\\/#breadcrumb\"},\"inLanguage\":\"es\",\"potentialAction\":[{\"@type\":\"ReadAction\",\"target\":[\"https:\\\/\\\/www.smpengineeredsolutions.com\\\/es\\\/productos\\\/solenoides-industriales\\\/series-de-solenoides-de-traccion-p600-y-de-empuje-q600\\\/\"]}]},{\"@type\":\"ImageObject\",\"inLanguage\":\"es\",\"@id\":\"https:\\\/\\\/www.smpengineeredsolutions.com\\\/es\\\/productos\\\/solenoides-industriales\\\/series-de-solenoides-de-traccion-p600-y-de-empuje-q600\\\/#primaryimage\",\"url\":\"https:\\\/\\\/www.smpengineeredsolutions.com\\\/wp-content\\\/uploads\\\/SMP-Trombetta-4C-500x75.png\",\"contentUrl\":\"https:\\\/\\\/www.smpengineeredsolutions.com\\\/wp-content\\\/uploads\\\/SMP-Trombetta-4C-500x75.png\"},{\"@type\":\"BreadcrumbList\",\"@id\":\"https:\\\/\\\/www.smpengineeredsolutions.com\\\/es\\\/productos\\\/solenoides-industriales\\\/series-de-solenoides-de-traccion-p600-y-de-empuje-q600\\\/#breadcrumb\",\"itemListElement\":[{\"@type\":\"ListItem\",\"position\":1,\"name\":\"Home\",\"item\":\"https:\\\/\\\/www.smpengineeredsolutions.com\\\/es\\\/\"},{\"@type\":\"ListItem\",\"position\":2,\"name\":\"Productos\",\"item\":\"https:\\\/\\\/www.smpengineeredsolutions.com\\\/es\\\/productos\\\/\"},{\"@type\":\"ListItem\",\"position\":3,\"name\":\"Solenoides industriales\",\"item\":\"https:\\\/\\\/www._whoispp._tcp.smpengineeredsolutions.com\\\/es\\\/productos\\\/solenoides-industriales\\\/\"},{\"@type\":\"ListItem\",\"position\":4,\"name\":\"Series de solenoides de tracci\u00f3n P600 y de empuje Q600\"}]},{\"@type\":\"WebSite\",\"@id\":\"https:\\\/\\\/www._tcp.smpengineeredsolutions.com\\\/#website\",\"url\":\"https:\\\/\\\/www._tcp.smpengineeredsolutions.com\\\/\",\"name\":\"Standard Motor Products, Inc.\",\"description\":\"\",\"publisher\":{\"@id\":\"https:\\\/\\\/www._tcp.smpengineeredsolutions.com\\\/#organization\"},\"potentialAction\":[{\"@type\":\"SearchAction\",\"target\":{\"@type\":\"EntryPoint\",\"urlTemplate\":\"https:\\\/\\\/www._tcp.smpengineeredsolutions.com\\\/?s={search_term_string}\"},\"query-input\":{\"@type\":\"PropertyValueSpecification\",\"valueRequired\":true,\"valueName\":\"search_term_string\"}}],\"inLanguage\":\"es\"},{\"@type\":\"Organization\",\"@id\":\"https:\\\/\\\/www._tcp.smpengineeredsolutions.com\\\/#organization\",\"name\":\"SMP\u00ae Engineered Solutions\",\"url\":\"https:\\\/\\\/www._tcp.smpengineeredsolutions.com\\\/\",\"logo\":{\"@type\":\"ImageObject\",\"inLanguage\":\"es\",\"@id\":\"https:\\\/\\\/www._tcp.smpengineeredsolutions.com\\\/#\\\/schema\\\/logo\\\/image\\\/\",\"url\":\"https:\\\/\\\/www.a.smpengineeredsolutions.com\\\/wp-content\\\/uploads\\\/smp-logo.png\",\"contentUrl\":\"https:\\\/\\\/www.a.smpengineeredsolutions.com\\\/wp-content\\\/uploads\\\/smp-logo.png\",\"width\":264,\"height\":117,\"caption\":\"SMP\u00ae Engineered Solutions\"},\"image\":{\"@id\":\"https:\\\/\\\/www._tcp.smpengineeredsolutions.com\\\/#\\\/schema\\\/logo\\\/image\\\/\"},\"sameAs\":[\"https:\\\/\\\/www.youtube.com\\\/@StandardMotorProductsInc\",\"https:\\\/\\\/www.linkedin.com\\\/company\\\/standard-motor-products\"]}]}<\/script>\n<!-- \/ Yoast SEO Premium plugin. -->","yoast_head_json":{"title":"P600 Zug- und Q600 Druckmagnete | Industriemagnete | Trombetta","description":"Der bew\u00e4hrte D600-Zugmagnet beseitigt die Herausforderungen der Umwelt, einschlie\u00dflich Vibrationen. Sehen Sie sich unsere D600-Zug- und Druckmagnete an. Erfahren Sie mehr!","robots":{"index":"index","follow":"follow","max-snippet":"max-snippet:-1","max-image-preview":"max-image-preview:large","max-video-preview":"max-video-preview:-1"},"canonical":"https:\/\/www.smpengineeredsolutions.com\/es\/productos\/solenoides-industriales\/series-de-solenoides-de-traccion-p600-y-de-empuje-q600\/","og_locale":"es_ES","og_type":"article","og_title":"Series de solenoides de tracci\u00f3n P600 y de empuje Q600","og_description":"Der bew\u00e4hrte D600-Zugmagnet beseitigt die Herausforderungen der Umwelt, einschlie\u00dflich Vibrationen. Sehen Sie sich unsere D600-Zug- und Druckmagnete an. Erfahren Sie mehr!","og_url":"https:\/\/www.smpengineeredsolutions.com\/es\/productos\/solenoides-industriales\/series-de-solenoides-de-traccion-p600-y-de-empuje-q600\/","og_site_name":"Standard Motor Products, Inc.","article_modified_time":"2024-08-28T16:53:08+00:00","og_image":[{"url":"https:\/\/www.smpengineeredsolutions.com\/wp-content\/uploads\/SMP-Trombetta-4C-500x75.png","type":"","width":"","height":""}],"twitter_misc":{"Tiempo de lectura":"2 minutos"},"schema":{"@context":"https:\/\/schema.org","@graph":[{"@type":"WebPage","@id":"https:\/\/www.smpengineeredsolutions.com\/es\/productos\/solenoides-industriales\/series-de-solenoides-de-traccion-p600-y-de-empuje-q600\/","url":"https:\/\/www.smpengineeredsolutions.com\/es\/productos\/solenoides-industriales\/series-de-solenoides-de-traccion-p600-y-de-empuje-q600\/","name":"P600 Zug- und Q600 Druckmagnete | Industriemagnete | Trombetta","isPartOf":{"@id":"https:\/\/www._tcp.smpengineeredsolutions.com\/#website"},"primaryImageOfPage":{"@id":"https:\/\/www.smpengineeredsolutions.com\/es\/productos\/solenoides-industriales\/series-de-solenoides-de-traccion-p600-y-de-empuje-q600\/#primaryimage"},"image":{"@id":"https:\/\/www.smpengineeredsolutions.com\/es\/productos\/solenoides-industriales\/series-de-solenoides-de-traccion-p600-y-de-empuje-q600\/#primaryimage"},"thumbnailUrl":"https:\/\/www.smpengineeredsolutions.com\/wp-content\/uploads\/SMP-Trombetta-4C-500x75.png","datePublished":"2023-01-09T19:43:24+00:00","dateModified":"2024-08-28T16:53:08+00:00","description":"Der bew\u00e4hrte D600-Zugmagnet beseitigt die Herausforderungen der Umwelt, einschlie\u00dflich Vibrationen. Sehen Sie sich unsere D600-Zug- und Druckmagnete an. Erfahren Sie mehr!","breadcrumb":{"@id":"https:\/\/www.smpengineeredsolutions.com\/es\/productos\/solenoides-industriales\/series-de-solenoides-de-traccion-p600-y-de-empuje-q600\/#breadcrumb"},"inLanguage":"es","potentialAction":[{"@type":"ReadAction","target":["https:\/\/www.smpengineeredsolutions.com\/es\/productos\/solenoides-industriales\/series-de-solenoides-de-traccion-p600-y-de-empuje-q600\/"]}]},{"@type":"ImageObject","inLanguage":"es","@id":"https:\/\/www.smpengineeredsolutions.com\/es\/productos\/solenoides-industriales\/series-de-solenoides-de-traccion-p600-y-de-empuje-q600\/#primaryimage","url":"https:\/\/www.smpengineeredsolutions.com\/wp-content\/uploads\/SMP-Trombetta-4C-500x75.png","contentUrl":"https:\/\/www.smpengineeredsolutions.com\/wp-content\/uploads\/SMP-Trombetta-4C-500x75.png"},{"@type":"BreadcrumbList","@id":"https:\/\/www.smpengineeredsolutions.com\/es\/productos\/solenoides-industriales\/series-de-solenoides-de-traccion-p600-y-de-empuje-q600\/#breadcrumb","itemListElement":[{"@type":"ListItem","position":1,"name":"Home","item":"https:\/\/www.smpengineeredsolutions.com\/es\/"},{"@type":"ListItem","position":2,"name":"Productos","item":"https:\/\/www.smpengineeredsolutions.com\/es\/productos\/"},{"@type":"ListItem","position":3,"name":"Solenoides industriales","item":"https:\/\/www._whoispp._tcp.smpengineeredsolutions.com\/es\/productos\/solenoides-industriales\/"},{"@type":"ListItem","position":4,"name":"Series de solenoides de tracci\u00f3n P600 y de empuje Q600"}]},{"@type":"WebSite","@id":"https:\/\/www._tcp.smpengineeredsolutions.com\/#website","url":"https:\/\/www._tcp.smpengineeredsolutions.com\/","name":"Standard Motor Products, Inc.","description":"","publisher":{"@id":"https:\/\/www._tcp.smpengineeredsolutions.com\/#organization"},"potentialAction":[{"@type":"SearchAction","target":{"@type":"EntryPoint","urlTemplate":"https:\/\/www._tcp.smpengineeredsolutions.com\/?s={search_term_string}"},"query-input":{"@type":"PropertyValueSpecification","valueRequired":true,"valueName":"search_term_string"}}],"inLanguage":"es"},{"@type":"Organization","@id":"https:\/\/www._tcp.smpengineeredsolutions.com\/#organization","name":"SMP\u00ae Engineered Solutions","url":"https:\/\/www._tcp.smpengineeredsolutions.com\/","logo":{"@type":"ImageObject","inLanguage":"es","@id":"https:\/\/www._tcp.smpengineeredsolutions.com\/#\/schema\/logo\/image\/","url":"https:\/\/www.a.smpengineeredsolutions.com\/wp-content\/uploads\/smp-logo.png","contentUrl":"https:\/\/www.a.smpengineeredsolutions.com\/wp-content\/uploads\/smp-logo.png","width":264,"height":117,"caption":"SMP\u00ae Engineered Solutions"},"image":{"@id":"https:\/\/www._tcp.smpengineeredsolutions.com\/#\/schema\/logo\/image\/"},"sameAs":["https:\/\/www.youtube.com\/@StandardMotorProductsInc","https:\/\/www.linkedin.com\/company\/standard-motor-products"]}]}},"_links":{"self":[{"href":"https:\/\/www.smpengineeredsolutions.com\/es\/wp-json\/wp\/v2\/pages\/5351","targetHints":{"allow":["GET"]}}],"collection":[{"href":"https:\/\/www.smpengineeredsolutions.com\/es\/wp-json\/wp\/v2\/pages"}],"about":[{"href":"https:\/\/www.smpengineeredsolutions.com\/es\/wp-json\/wp\/v2\/types\/page"}],"author":[{"embeddable":true,"href":"https:\/\/www.smpengineeredsolutions.com\/es\/wp-json\/wp\/v2\/users\/27"}],"replies":[{"embeddable":true,"href":"https:\/\/www.smpengineeredsolutions.com\/es\/wp-json\/wp\/v2\/comments?post=5351"}],"version-history":[{"count":1,"href":"https:\/\/www.smpengineeredsolutions.com\/es\/wp-json\/wp\/v2\/pages\/5351\/revisions"}],"predecessor-version":[{"id":7254,"href":"https:\/\/www.smpengineeredsolutions.com\/es\/wp-json\/wp\/v2\/pages\/5351\/revisions\/7254"}],"up":[{"embeddable":true,"href":"https:\/\/www.smpengineeredsolutions.com\/es\/wp-json\/wp\/v2\/pages\/5346"}],"wp:attachment":[{"href":"https:\/\/www.smpengineeredsolutions.com\/es\/wp-json\/wp\/v2\/media?parent=5351"}],"curies":[{"name":"wp","href":"https:\/\/api.w.org\/{rel}","templated":true}]}}