{"id":5350,"date":"2023-01-09T14:41:03","date_gmt":"2023-01-09T19:41:03","guid":{"rendered":"https:\/\/smpengineeredsolutions.com\/?page_id=5350"},"modified":"2024-07-03T10:30:22","modified_gmt":"2024-07-03T14:30:22","slug":"solenoides-de-traccion-p500-y-de-empuje-q500","status":"publish","type":"page","link":"https:\/\/www.smpengineeredsolutions.com\/es\/productos\/solenoides-industriales\/solenoides-de-traccion-p500-y-de-empuje-q500\/","title":{"rendered":"Solenoides de tracci\u00f3n P500 y de empuje Q500"},"content":{"rendered":"<div class=\"feature-img-right\"><a class=\"lightbox\" href=\"\/wp-content\/uploads\/P517A17-1.png\"><img decoding=\"async\" title=\"Solenoides de tracci\u00f3n P500 y de empuje Q500\" src=\"\/wp-content\/uploads\/P517A17-1.png\" alt=\"P500\" width=\"300\" \/><\/a><\/div>\n<p>La serie de solenoides P500 y Q500 goza de una excelente reputaci\u00f3n por su gran capacidad de trabajo, fuerza y carrera. Las aplicaciones adecuadas para los P500 y Q500 incluyen caja de interruptores, accionamiento de v\u00e1lvulas, bloqueo y enclavamiento.<\/p>\n<p>Los planos t\u00e9cnicos se publican para ilustrar las capacidades de fabricaci\u00f3n de solenoides de SMP Trombetta. Estos solenoides no est\u00e1ndar est\u00e1n disponibles de forma limitada. P\u00f3ngase en contacto con SMP Trombetta con los requisitos de su aplicaci\u00f3n.<\/p>\n<p><img loading=\"lazy\" decoding=\"async\" class=\"alignleft wp-image-3074 \" title=\"SMP Trombetta Logo\" src=\"https:\/\/www.smpengineeredsolutions.com\/wp-content\/uploads\/SMP-Trombetta-4C-500x75.png\" alt=\"SMP Trombetta Logo\" width=\"427\" height=\"64\" srcset=\"https:\/\/www.smpengineeredsolutions.com\/wp-content\/uploads\/SMP-Trombetta-4C-500x75.png 500w, https:\/\/www.smpengineeredsolutions.com\/wp-content\/uploads\/SMP-Trombetta-4C-1024x154.png 1024w, https:\/\/www.smpengineeredsolutions.com\/wp-content\/uploads\/SMP-Trombetta-4C-768x116.png 768w, https:\/\/www.smpengineeredsolutions.com\/wp-content\/uploads\/SMP-Trombetta-4C-1536x231.png 1536w, https:\/\/www.smpengineeredsolutions.com\/wp-content\/uploads\/SMP-Trombetta-4C-2048x309.png 2048w\" sizes=\"auto, (max-width: 427px) 100vw, 427px\" \/><\/p>\n<p>&nbsp;<\/p>\n<p>&nbsp;<\/p>\n<p>&nbsp;<\/p>\n<h2>Solenoides de tracci\u00f3n P500<\/h2>\n<ul>\n<li>Requisito de carga: Carrera de 1,5 a 3 pulgadas y fuerza de 50 a 195 libras (carrera de 38,1 a 76,2 mm y fuerza de 222 a 865,8 N).<\/li>\n<li>Disponible en configuraciones de 12, 24, 108 y 216 voltios.<\/li>\n<\/ul>\n<p>&nbsp;<\/p>\n<h2>Solenoides de empuje Q500<\/h2>\n<ul>\n<li>Requisito de carga: Carrera de 1,5 a 3 pulgadas y fuerza de 50 a 195 libras (carrera de 38,1 a 76,2 mm y fuerza de 222 a 865,8 N).<\/li>\n<li>Disponibles en configuraciones de 12, 24, 108 y 216 voltios.<\/li>\n<\/ul>\n","protected":false},"excerpt":{"rendered":"<p>La serie de solenoides P500 y Q500 goza de una excelente reputaci\u00f3n por su gran capacidad de trabajo, fuerza y carrera. Las aplicaciones adecuadas para los P500 y Q500 incluyen caja de interruptores, accionamiento de v\u00e1lvulas, bloqueo y enclavamiento. Los planos t\u00e9cnicos se publican para ilustrar las capacidades de fabricaci\u00f3n de solenoides de SMP Trombetta&#8230;. [&#8230;]<\/p>\n<p><a class=\"btn btn-secondary understrap-read-more-link\" href=\"https:\/\/www.smpengineeredsolutions.com\/es\/productos\/solenoides-industriales\/solenoides-de-traccion-p500-y-de-empuje-q500\/\">Leer m\u00e1s&#8230;<\/a><\/p>\n","protected":false},"author":27,"featured_media":0,"parent":5346,"menu_order":0,"comment_status":"closed","ping_status":"closed","template":"page-templates\/destination-content.php","meta":{"_acf_changed":false,"inline_featured_image":false,"footnotes":""},"class_list":["post-5350","page","type-page","status-publish","hentry"],"featured_image_src":null,"acf":[],"yoast_head":"<!-- This site is optimized with the Yoast SEO Premium plugin v27.4 (Yoast SEO v27.4) - https:\/\/yoast.com\/product\/yoast-seo-premium-wordpress\/ -->\n<title>Solenoides de tracci\u00f3n P500 y de empuje Q500 - Standard Motor Products, Inc.<\/title>\n<meta name=\"description\" content=\"Eche un vistazo a nuestros solenoides de tracci\u00f3n y empuje D500. Este solenoide de alta resistencia ofrece un interruptor de corte integral para bobinas de doble devanado. Ver ahora.\" \/>\n<meta name=\"robots\" content=\"index, follow, max-snippet:-1, max-image-preview:large, max-video-preview:-1\" \/>\n<link rel=\"canonical\" href=\"https:\/\/www.smpengineeredsolutions.com\/es\/productos\/solenoides-industriales\/solenoides-de-traccion-p500-y-de-empuje-q500\/\" \/>\n<meta property=\"og:locale\" content=\"es_ES\" \/>\n<meta property=\"og:type\" content=\"article\" \/>\n<meta property=\"og:title\" content=\"Solenoides de tracci\u00f3n P500 y de empuje Q500\" \/>\n<meta property=\"og:description\" content=\"Eche un vistazo a nuestros solenoides de tracci\u00f3n y empuje D500. Este solenoide de alta resistencia ofrece un interruptor de corte integral para bobinas de doble devanado. Ver ahora.\" \/>\n<meta property=\"og:url\" content=\"https:\/\/www.smpengineeredsolutions.com\/es\/productos\/solenoides-industriales\/solenoides-de-traccion-p500-y-de-empuje-q500\/\" \/>\n<meta property=\"og:site_name\" content=\"Standard Motor Products, Inc.\" \/>\n<meta property=\"article:modified_time\" content=\"2024-07-03T14:30:22+00:00\" \/>\n<meta property=\"og:image\" content=\"https:\/\/www.smpengineeredsolutions.com\/wp-content\/uploads\/SMP-Trombetta-4C-500x75.png\" \/>\n<meta name=\"twitter:label1\" content=\"Tiempo de lectura\" \/>\n\t<meta name=\"twitter:data1\" content=\"2 minutos\" \/>\n<script type=\"application\/ld+json\" class=\"yoast-schema-graph\">{\"@context\":\"https:\\\/\\\/schema.org\",\"@graph\":[{\"@type\":\"WebPage\",\"@id\":\"https:\\\/\\\/www.smpengineeredsolutions.com\\\/es\\\/productos\\\/solenoides-industriales\\\/solenoides-de-traccion-p500-y-de-empuje-q500\\\/\",\"url\":\"https:\\\/\\\/www.smpengineeredsolutions.com\\\/es\\\/productos\\\/solenoides-industriales\\\/solenoides-de-traccion-p500-y-de-empuje-q500\\\/\",\"name\":\"Solenoides de tracci\u00f3n P500 y de empuje Q500 - Standard Motor Products, Inc.\",\"isPartOf\":{\"@id\":\"https:\\\/\\\/www._tcp.smpengineeredsolutions.com\\\/#website\"},\"primaryImageOfPage\":{\"@id\":\"https:\\\/\\\/www.smpengineeredsolutions.com\\\/es\\\/productos\\\/solenoides-industriales\\\/solenoides-de-traccion-p500-y-de-empuje-q500\\\/#primaryimage\"},\"image\":{\"@id\":\"https:\\\/\\\/www.smpengineeredsolutions.com\\\/es\\\/productos\\\/solenoides-industriales\\\/solenoides-de-traccion-p500-y-de-empuje-q500\\\/#primaryimage\"},\"thumbnailUrl\":\"https:\\\/\\\/www.smpengineeredsolutions.com\\\/wp-content\\\/uploads\\\/SMP-Trombetta-4C-500x75.png\",\"datePublished\":\"2023-01-09T19:41:03+00:00\",\"dateModified\":\"2024-07-03T14:30:22+00:00\",\"description\":\"Eche un vistazo a nuestros solenoides de tracci\u00f3n y empuje D500. Este solenoide de alta resistencia ofrece un interruptor de corte integral para bobinas de doble devanado. Ver ahora.\",\"breadcrumb\":{\"@id\":\"https:\\\/\\\/www.smpengineeredsolutions.com\\\/es\\\/productos\\\/solenoides-industriales\\\/solenoides-de-traccion-p500-y-de-empuje-q500\\\/#breadcrumb\"},\"inLanguage\":\"es\",\"potentialAction\":[{\"@type\":\"ReadAction\",\"target\":[\"https:\\\/\\\/www.smpengineeredsolutions.com\\\/es\\\/productos\\\/solenoides-industriales\\\/solenoides-de-traccion-p500-y-de-empuje-q500\\\/\"]}]},{\"@type\":\"ImageObject\",\"inLanguage\":\"es\",\"@id\":\"https:\\\/\\\/www.smpengineeredsolutions.com\\\/es\\\/productos\\\/solenoides-industriales\\\/solenoides-de-traccion-p500-y-de-empuje-q500\\\/#primaryimage\",\"url\":\"https:\\\/\\\/www.smpengineeredsolutions.com\\\/wp-content\\\/uploads\\\/SMP-Trombetta-4C-500x75.png\",\"contentUrl\":\"https:\\\/\\\/www.smpengineeredsolutions.com\\\/wp-content\\\/uploads\\\/SMP-Trombetta-4C-500x75.png\"},{\"@type\":\"BreadcrumbList\",\"@id\":\"https:\\\/\\\/www.smpengineeredsolutions.com\\\/es\\\/productos\\\/solenoides-industriales\\\/solenoides-de-traccion-p500-y-de-empuje-q500\\\/#breadcrumb\",\"itemListElement\":[{\"@type\":\"ListItem\",\"position\":1,\"name\":\"Home\",\"item\":\"https:\\\/\\\/www.smpengineeredsolutions.com\\\/es\\\/\"},{\"@type\":\"ListItem\",\"position\":2,\"name\":\"Productos\",\"item\":\"https:\\\/\\\/www.smpengineeredsolutions.com\\\/es\\\/productos\\\/\"},{\"@type\":\"ListItem\",\"position\":3,\"name\":\"Solenoides industriales\",\"item\":\"https:\\\/\\\/www._whoispp._tcp.smpengineeredsolutions.com\\\/es\\\/productos\\\/solenoides-industriales\\\/\"},{\"@type\":\"ListItem\",\"position\":4,\"name\":\"Solenoides de tracci\u00f3n P500 y de empuje Q500\"}]},{\"@type\":\"WebSite\",\"@id\":\"https:\\\/\\\/www._tcp.smpengineeredsolutions.com\\\/#website\",\"url\":\"https:\\\/\\\/www._tcp.smpengineeredsolutions.com\\\/\",\"name\":\"Standard Motor Products, Inc.\",\"description\":\"\",\"publisher\":{\"@id\":\"https:\\\/\\\/www._tcp.smpengineeredsolutions.com\\\/#organization\"},\"potentialAction\":[{\"@type\":\"SearchAction\",\"target\":{\"@type\":\"EntryPoint\",\"urlTemplate\":\"https:\\\/\\\/www._tcp.smpengineeredsolutions.com\\\/?s={search_term_string}\"},\"query-input\":{\"@type\":\"PropertyValueSpecification\",\"valueRequired\":true,\"valueName\":\"search_term_string\"}}],\"inLanguage\":\"es\"},{\"@type\":\"Organization\",\"@id\":\"https:\\\/\\\/www._tcp.smpengineeredsolutions.com\\\/#organization\",\"name\":\"SMP\u00ae Engineered Solutions\",\"url\":\"https:\\\/\\\/www._tcp.smpengineeredsolutions.com\\\/\",\"logo\":{\"@type\":\"ImageObject\",\"inLanguage\":\"es\",\"@id\":\"https:\\\/\\\/www._tcp.smpengineeredsolutions.com\\\/#\\\/schema\\\/logo\\\/image\\\/\",\"url\":\"https:\\\/\\\/www.a.smpengineeredsolutions.com\\\/wp-content\\\/uploads\\\/smp-logo.png\",\"contentUrl\":\"https:\\\/\\\/www.a.smpengineeredsolutions.com\\\/wp-content\\\/uploads\\\/smp-logo.png\",\"width\":264,\"height\":117,\"caption\":\"SMP\u00ae Engineered Solutions\"},\"image\":{\"@id\":\"https:\\\/\\\/www._tcp.smpengineeredsolutions.com\\\/#\\\/schema\\\/logo\\\/image\\\/\"},\"sameAs\":[\"https:\\\/\\\/www.youtube.com\\\/@StandardMotorProductsInc\",\"https:\\\/\\\/www.linkedin.com\\\/company\\\/standard-motor-products\"]}]}<\/script>\n<!-- \/ Yoast SEO Premium plugin. -->","yoast_head_json":{"title":"Solenoides de tracci\u00f3n P500 y de empuje Q500 - Standard Motor Products, Inc.","description":"Eche un vistazo a nuestros solenoides de tracci\u00f3n y empuje D500. Este solenoide de alta resistencia ofrece un interruptor de corte integral para bobinas de doble devanado. Ver ahora.","robots":{"index":"index","follow":"follow","max-snippet":"max-snippet:-1","max-image-preview":"max-image-preview:large","max-video-preview":"max-video-preview:-1"},"canonical":"https:\/\/www.smpengineeredsolutions.com\/es\/productos\/solenoides-industriales\/solenoides-de-traccion-p500-y-de-empuje-q500\/","og_locale":"es_ES","og_type":"article","og_title":"Solenoides de tracci\u00f3n P500 y de empuje Q500","og_description":"Eche un vistazo a nuestros solenoides de tracci\u00f3n y empuje D500. Este solenoide de alta resistencia ofrece un interruptor de corte integral para bobinas de doble devanado. Ver ahora.","og_url":"https:\/\/www.smpengineeredsolutions.com\/es\/productos\/solenoides-industriales\/solenoides-de-traccion-p500-y-de-empuje-q500\/","og_site_name":"Standard Motor Products, Inc.","article_modified_time":"2024-07-03T14:30:22+00:00","og_image":[{"url":"https:\/\/www.smpengineeredsolutions.com\/wp-content\/uploads\/SMP-Trombetta-4C-500x75.png","type":"","width":"","height":""}],"twitter_misc":{"Tiempo de lectura":"2 minutos"},"schema":{"@context":"https:\/\/schema.org","@graph":[{"@type":"WebPage","@id":"https:\/\/www.smpengineeredsolutions.com\/es\/productos\/solenoides-industriales\/solenoides-de-traccion-p500-y-de-empuje-q500\/","url":"https:\/\/www.smpengineeredsolutions.com\/es\/productos\/solenoides-industriales\/solenoides-de-traccion-p500-y-de-empuje-q500\/","name":"Solenoides de tracci\u00f3n P500 y de empuje Q500 - Standard Motor Products, Inc.","isPartOf":{"@id":"https:\/\/www._tcp.smpengineeredsolutions.com\/#website"},"primaryImageOfPage":{"@id":"https:\/\/www.smpengineeredsolutions.com\/es\/productos\/solenoides-industriales\/solenoides-de-traccion-p500-y-de-empuje-q500\/#primaryimage"},"image":{"@id":"https:\/\/www.smpengineeredsolutions.com\/es\/productos\/solenoides-industriales\/solenoides-de-traccion-p500-y-de-empuje-q500\/#primaryimage"},"thumbnailUrl":"https:\/\/www.smpengineeredsolutions.com\/wp-content\/uploads\/SMP-Trombetta-4C-500x75.png","datePublished":"2023-01-09T19:41:03+00:00","dateModified":"2024-07-03T14:30:22+00:00","description":"Eche un vistazo a nuestros solenoides de tracci\u00f3n y empuje D500. Este solenoide de alta resistencia ofrece un interruptor de corte integral para bobinas de doble devanado. Ver ahora.","breadcrumb":{"@id":"https:\/\/www.smpengineeredsolutions.com\/es\/productos\/solenoides-industriales\/solenoides-de-traccion-p500-y-de-empuje-q500\/#breadcrumb"},"inLanguage":"es","potentialAction":[{"@type":"ReadAction","target":["https:\/\/www.smpengineeredsolutions.com\/es\/productos\/solenoides-industriales\/solenoides-de-traccion-p500-y-de-empuje-q500\/"]}]},{"@type":"ImageObject","inLanguage":"es","@id":"https:\/\/www.smpengineeredsolutions.com\/es\/productos\/solenoides-industriales\/solenoides-de-traccion-p500-y-de-empuje-q500\/#primaryimage","url":"https:\/\/www.smpengineeredsolutions.com\/wp-content\/uploads\/SMP-Trombetta-4C-500x75.png","contentUrl":"https:\/\/www.smpengineeredsolutions.com\/wp-content\/uploads\/SMP-Trombetta-4C-500x75.png"},{"@type":"BreadcrumbList","@id":"https:\/\/www.smpengineeredsolutions.com\/es\/productos\/solenoides-industriales\/solenoides-de-traccion-p500-y-de-empuje-q500\/#breadcrumb","itemListElement":[{"@type":"ListItem","position":1,"name":"Home","item":"https:\/\/www.smpengineeredsolutions.com\/es\/"},{"@type":"ListItem","position":2,"name":"Productos","item":"https:\/\/www.smpengineeredsolutions.com\/es\/productos\/"},{"@type":"ListItem","position":3,"name":"Solenoides industriales","item":"https:\/\/www._whoispp._tcp.smpengineeredsolutions.com\/es\/productos\/solenoides-industriales\/"},{"@type":"ListItem","position":4,"name":"Solenoides de tracci\u00f3n P500 y de empuje Q500"}]},{"@type":"WebSite","@id":"https:\/\/www._tcp.smpengineeredsolutions.com\/#website","url":"https:\/\/www._tcp.smpengineeredsolutions.com\/","name":"Standard Motor Products, Inc.","description":"","publisher":{"@id":"https:\/\/www._tcp.smpengineeredsolutions.com\/#organization"},"potentialAction":[{"@type":"SearchAction","target":{"@type":"EntryPoint","urlTemplate":"https:\/\/www._tcp.smpengineeredsolutions.com\/?s={search_term_string}"},"query-input":{"@type":"PropertyValueSpecification","valueRequired":true,"valueName":"search_term_string"}}],"inLanguage":"es"},{"@type":"Organization","@id":"https:\/\/www._tcp.smpengineeredsolutions.com\/#organization","name":"SMP\u00ae Engineered Solutions","url":"https:\/\/www._tcp.smpengineeredsolutions.com\/","logo":{"@type":"ImageObject","inLanguage":"es","@id":"https:\/\/www._tcp.smpengineeredsolutions.com\/#\/schema\/logo\/image\/","url":"https:\/\/www.a.smpengineeredsolutions.com\/wp-content\/uploads\/smp-logo.png","contentUrl":"https:\/\/www.a.smpengineeredsolutions.com\/wp-content\/uploads\/smp-logo.png","width":264,"height":117,"caption":"SMP\u00ae Engineered Solutions"},"image":{"@id":"https:\/\/www._tcp.smpengineeredsolutions.com\/#\/schema\/logo\/image\/"},"sameAs":["https:\/\/www.youtube.com\/@StandardMotorProductsInc","https:\/\/www.linkedin.com\/company\/standard-motor-products"]}]}},"_links":{"self":[{"href":"https:\/\/www.smpengineeredsolutions.com\/es\/wp-json\/wp\/v2\/pages\/5350","targetHints":{"allow":["GET"]}}],"collection":[{"href":"https:\/\/www.smpengineeredsolutions.com\/es\/wp-json\/wp\/v2\/pages"}],"about":[{"href":"https:\/\/www.smpengineeredsolutions.com\/es\/wp-json\/wp\/v2\/types\/page"}],"author":[{"embeddable":true,"href":"https:\/\/www.smpengineeredsolutions.com\/es\/wp-json\/wp\/v2\/users\/27"}],"replies":[{"embeddable":true,"href":"https:\/\/www.smpengineeredsolutions.com\/es\/wp-json\/wp\/v2\/comments?post=5350"}],"version-history":[{"count":1,"href":"https:\/\/www.smpengineeredsolutions.com\/es\/wp-json\/wp\/v2\/pages\/5350\/revisions"}],"predecessor-version":[{"id":6919,"href":"https:\/\/www.smpengineeredsolutions.com\/es\/wp-json\/wp\/v2\/pages\/5350\/revisions\/6919"}],"up":[{"embeddable":true,"href":"https:\/\/www.smpengineeredsolutions.com\/es\/wp-json\/wp\/v2\/pages\/5346"}],"wp:attachment":[{"href":"https:\/\/www.smpengineeredsolutions.com\/es\/wp-json\/wp\/v2\/media?parent=5350"}],"curies":[{"name":"wp","href":"https:\/\/api.w.org\/{rel}","templated":true}]}}