{"id":5349,"date":"2023-01-09T14:37:51","date_gmt":"2023-01-09T19:37:51","guid":{"rendered":"https:\/\/smpengineeredsolutions.com\/?page_id=5349"},"modified":"2024-08-27T11:31:33","modified_gmt":"2024-08-27T15:31:33","slug":"serie-de-solenoides-equalizer-ise-600","status":"publish","type":"page","link":"https:\/\/www.smpengineeredsolutions.com\/es\/productos\/solenoides-industriales\/serie-de-solenoides-equalizer-ise-600\/","title":{"rendered":"Serie de solenoides Equalizer\/ISE 600"},"content":{"rendered":"<div class=\"feature-img-right\"><a class=\"lightbox\" href=\"\/wp-content\/uploads\/tr-equalizer-1.png\"><img decoding=\"async\" title=\"Serie de solenoides Equalizer\/ISE 600\" src=\"\/wp-content\/uploads\/tr-equalizer-1.png\" alt=\"Serie de solenoides Equalizer\/ISE 600\" width=\"300\" \/><\/a><\/div>\n<p>El Equalizer proporciona un gran desempe\u00f1o en un paquete compacto e integrado. Este solenoide de trabajo proporciona una actuaci\u00f3n multifuncional en una unidad con controles electr\u00f3nicos completamente integrados.<\/p>\n<p>El Equalizer decididamente no tiene comparaci\u00f3n: supera el desempe\u00f1o de solenoides similares y de mayor tama\u00f1o. Proporciona una mayor capacidad operativa sin aumentar el tama\u00f1o del solenoide y no requiere un m\u00f3dulo de control independiente ni cableado de interconexi\u00f3n. El resultado es un desempe\u00f1o constante a pesar de las altas temperaturas y la baja tensi\u00f3n de la bobina.<\/p>\n<p>Requisito de carga del Equalizer\/ISE 600: Carrera de \u00bc a 1 pulgada y fuerza de 1 a 15 libras (carrera de 6,35 a 25,4 mm y fuerza de 4,4 a 66,6 N). Tensi\u00f3n de funcionamiento de 6 a 15 voltios.<\/p>\n<h2><img loading=\"lazy\" decoding=\"async\" class=\"alignleft wp-image-3074\" title=\"SMP Trombetta Logo\" src=\"https:\/\/www.smpengineeredsolutions.com\/wp-content\/uploads\/SMP-Trombetta-4C-500x75.png\" alt=\"SMP Trombetta Logo\" width=\"353\" height=\"53\" srcset=\"https:\/\/www.smpengineeredsolutions.com\/wp-content\/uploads\/SMP-Trombetta-4C-500x75.png 500w, https:\/\/www.smpengineeredsolutions.com\/wp-content\/uploads\/SMP-Trombetta-4C-1024x154.png 1024w, https:\/\/www.smpengineeredsolutions.com\/wp-content\/uploads\/SMP-Trombetta-4C-768x116.png 768w, https:\/\/www.smpengineeredsolutions.com\/wp-content\/uploads\/SMP-Trombetta-4C-1536x231.png 1536w, https:\/\/www.smpengineeredsolutions.com\/wp-content\/uploads\/SMP-Trombetta-4C-2048x309.png 2048w\" sizes=\"auto, (max-width: 353px) 100vw, 353px\" \/><\/h2>\n<p>&nbsp;<\/p>\n<p>&nbsp;<\/p>\n","protected":false},"excerpt":{"rendered":"<p>El Equalizer proporciona un gran desempe\u00f1o en un paquete compacto e integrado. Este solenoide de trabajo proporciona una actuaci\u00f3n multifuncional en una unidad con controles electr\u00f3nicos completamente integrados. El Equalizer decididamente no tiene comparaci\u00f3n: supera el desempe\u00f1o de solenoides similares y de mayor tama\u00f1o. Proporciona una mayor capacidad operativa sin aumentar el tama\u00f1o del solenoide&#8230; [&#8230;]<\/p>\n<p><a class=\"btn btn-secondary understrap-read-more-link\" href=\"https:\/\/www.smpengineeredsolutions.com\/es\/productos\/solenoides-industriales\/serie-de-solenoides-equalizer-ise-600\/\">Leer m\u00e1s&#8230;<\/a><\/p>\n","protected":false},"author":27,"featured_media":0,"parent":5346,"menu_order":0,"comment_status":"closed","ping_status":"closed","template":"page-templates\/destination-content.php","meta":{"_acf_changed":false,"inline_featured_image":false,"footnotes":""},"class_list":["post-5349","page","type-page","status-publish","hentry"],"featured_image_src":null,"acf":[],"yoast_head":"<!-- This site is optimized with the Yoast SEO Premium plugin v27.5 (Yoast SEO v27.5) - https:\/\/yoast.com\/product\/yoast-seo-premium-wordpress\/ -->\n<title>Familia de solenoides Equalizer\/ISE 600 | Solenoide industrial | Standard Motor Products, Inc.<\/title>\n<meta name=\"description\" content=\"Conozca nuestra familia de solenoides Equalizer\/ISE 600. El Equalizer proporciona un alto rendimiento en un paquete integrado compacto. M\u00e1s informaci\u00f3n\" \/>\n<meta name=\"robots\" content=\"index, follow, max-snippet:-1, max-image-preview:large, max-video-preview:-1\" \/>\n<link rel=\"canonical\" href=\"https:\/\/www.smpengineeredsolutions.com\/es\/productos\/solenoides-industriales\/serie-de-solenoides-equalizer-ise-600\/\" \/>\n<meta property=\"og:locale\" content=\"es_ES\" \/>\n<meta property=\"og:type\" content=\"article\" \/>\n<meta property=\"og:title\" content=\"Serie de solenoides Equalizer\/ISE 600\" \/>\n<meta property=\"og:description\" content=\"Conozca nuestra familia de solenoides Equalizer\/ISE 600. El Equalizer proporciona un alto rendimiento en un paquete integrado compacto. M\u00e1s informaci\u00f3n\" \/>\n<meta property=\"og:url\" content=\"https:\/\/www.smpengineeredsolutions.com\/es\/productos\/solenoides-industriales\/serie-de-solenoides-equalizer-ise-600\/\" \/>\n<meta property=\"og:site_name\" content=\"Standard Motor Products, Inc.\" \/>\n<meta property=\"article:modified_time\" content=\"2024-08-27T15:31:33+00:00\" \/>\n<meta property=\"og:image\" content=\"https:\/\/www.smpengineeredsolutions.com\/wp-content\/uploads\/SMP-Trombetta-4C-500x75.png\" \/>\n<meta name=\"twitter:label1\" content=\"Tiempo de lectura\" \/>\n\t<meta name=\"twitter:data1\" content=\"1 minuto\" \/>\n<script type=\"application\/ld+json\" class=\"yoast-schema-graph\">{\"@context\":\"https:\\\/\\\/schema.org\",\"@graph\":[{\"@type\":\"WebPage\",\"@id\":\"https:\\\/\\\/www.smpengineeredsolutions.com\\\/es\\\/productos\\\/solenoides-industriales\\\/serie-de-solenoides-equalizer-ise-600\\\/\",\"url\":\"https:\\\/\\\/www.smpengineeredsolutions.com\\\/es\\\/productos\\\/solenoides-industriales\\\/serie-de-solenoides-equalizer-ise-600\\\/\",\"name\":\"Familia de solenoides Equalizer\\\/ISE 600 | Solenoide industrial | Standard Motor Products, Inc.\",\"isPartOf\":{\"@id\":\"https:\\\/\\\/www.smpengineeredsolutions.com\\\/es\\\/#website\"},\"primaryImageOfPage\":{\"@id\":\"https:\\\/\\\/www.smpengineeredsolutions.com\\\/es\\\/productos\\\/solenoides-industriales\\\/serie-de-solenoides-equalizer-ise-600\\\/#primaryimage\"},\"image\":{\"@id\":\"https:\\\/\\\/www.smpengineeredsolutions.com\\\/es\\\/productos\\\/solenoides-industriales\\\/serie-de-solenoides-equalizer-ise-600\\\/#primaryimage\"},\"thumbnailUrl\":\"https:\\\/\\\/www.smpengineeredsolutions.com\\\/wp-content\\\/uploads\\\/SMP-Trombetta-4C-500x75.png\",\"datePublished\":\"2023-01-09T19:37:51+00:00\",\"dateModified\":\"2024-08-27T15:31:33+00:00\",\"description\":\"Conozca nuestra familia de solenoides Equalizer\\\/ISE 600. El Equalizer proporciona un alto rendimiento en un paquete integrado compacto. M\u00e1s informaci\u00f3n\",\"breadcrumb\":{\"@id\":\"https:\\\/\\\/www.smpengineeredsolutions.com\\\/es\\\/productos\\\/solenoides-industriales\\\/serie-de-solenoides-equalizer-ise-600\\\/#breadcrumb\"},\"inLanguage\":\"es\",\"potentialAction\":[{\"@type\":\"ReadAction\",\"target\":[\"https:\\\/\\\/www.smpengineeredsolutions.com\\\/es\\\/productos\\\/solenoides-industriales\\\/serie-de-solenoides-equalizer-ise-600\\\/\"]}]},{\"@type\":\"ImageObject\",\"inLanguage\":\"es\",\"@id\":\"https:\\\/\\\/www.smpengineeredsolutions.com\\\/es\\\/productos\\\/solenoides-industriales\\\/serie-de-solenoides-equalizer-ise-600\\\/#primaryimage\",\"url\":\"https:\\\/\\\/www.smpengineeredsolutions.com\\\/wp-content\\\/uploads\\\/SMP-Trombetta-4C-500x75.png\",\"contentUrl\":\"https:\\\/\\\/www.smpengineeredsolutions.com\\\/wp-content\\\/uploads\\\/SMP-Trombetta-4C-500x75.png\"},{\"@type\":\"BreadcrumbList\",\"@id\":\"https:\\\/\\\/www.smpengineeredsolutions.com\\\/es\\\/productos\\\/solenoides-industriales\\\/serie-de-solenoides-equalizer-ise-600\\\/#breadcrumb\",\"itemListElement\":[{\"@type\":\"ListItem\",\"position\":1,\"name\":\"Home\",\"item\":\"https:\\\/\\\/www.tcp.smpengineeredsolutions.com\\\/es\\\/\"},{\"@type\":\"ListItem\",\"position\":2,\"name\":\"Productos\",\"item\":\"https:\\\/\\\/www.tcp.smpengineeredsolutions.com\\\/es\\\/productos\\\/\"},{\"@type\":\"ListItem\",\"position\":3,\"name\":\"Solenoides industriales\",\"item\":\"https:\\\/\\\/www.sitemap.smpengineeredsolutions.com\\\/es\\\/productos\\\/solenoides-industriales\\\/\"},{\"@type\":\"ListItem\",\"position\":4,\"name\":\"Serie de solenoides Equalizer\\\/ISE 600\"}]},{\"@type\":\"WebSite\",\"@id\":\"https:\\\/\\\/www.smpengineeredsolutions.com\\\/es\\\/#website\",\"url\":\"https:\\\/\\\/www.smpengineeredsolutions.com\\\/es\\\/\",\"name\":\"Standard Motor Products, Inc.\",\"description\":\"\",\"publisher\":{\"@id\":\"https:\\\/\\\/www.smpengineeredsolutions.com\\\/es\\\/#organization\"},\"potentialAction\":[{\"@type\":\"SearchAction\",\"target\":{\"@type\":\"EntryPoint\",\"urlTemplate\":\"https:\\\/\\\/www.smpengineeredsolutions.com\\\/es\\\/?s={search_term_string}\"},\"query-input\":{\"@type\":\"PropertyValueSpecification\",\"valueRequired\":true,\"valueName\":\"search_term_string\"}}],\"inLanguage\":\"es\"},{\"@type\":\"Organization\",\"@id\":\"https:\\\/\\\/www.smpengineeredsolutions.com\\\/es\\\/#organization\",\"name\":\"SMP\u00ae Engineered Solutions\",\"url\":\"https:\\\/\\\/www.smpengineeredsolutions.com\\\/es\\\/\",\"logo\":{\"@type\":\"ImageObject\",\"inLanguage\":\"es\",\"@id\":\"https:\\\/\\\/www.smpengineeredsolutions.com\\\/es\\\/#\\\/schema\\\/logo\\\/image\\\/\",\"url\":\"https:\\\/\\\/www.a.smpengineeredsolutions.com\\\/wp-content\\\/uploads\\\/smp-logo.png\",\"contentUrl\":\"https:\\\/\\\/www.a.smpengineeredsolutions.com\\\/wp-content\\\/uploads\\\/smp-logo.png\",\"width\":264,\"height\":117,\"caption\":\"SMP\u00ae Engineered Solutions\"},\"image\":{\"@id\":\"https:\\\/\\\/www.smpengineeredsolutions.com\\\/es\\\/#\\\/schema\\\/logo\\\/image\\\/\"},\"sameAs\":[\"https:\\\/\\\/www.youtube.com\\\/@StandardMotorProductsInc\",\"https:\\\/\\\/www.linkedin.com\\\/company\\\/standard-motor-products\"]}]}<\/script>\n<!-- \/ Yoast SEO Premium plugin. -->","yoast_head_json":{"title":"Familia de solenoides Equalizer\/ISE 600 | Solenoide industrial | Standard Motor Products, Inc.","description":"Conozca nuestra familia de solenoides Equalizer\/ISE 600. El Equalizer proporciona un alto rendimiento en un paquete integrado compacto. M\u00e1s informaci\u00f3n","robots":{"index":"index","follow":"follow","max-snippet":"max-snippet:-1","max-image-preview":"max-image-preview:large","max-video-preview":"max-video-preview:-1"},"canonical":"https:\/\/www.smpengineeredsolutions.com\/es\/productos\/solenoides-industriales\/serie-de-solenoides-equalizer-ise-600\/","og_locale":"es_ES","og_type":"article","og_title":"Serie de solenoides Equalizer\/ISE 600","og_description":"Conozca nuestra familia de solenoides Equalizer\/ISE 600. El Equalizer proporciona un alto rendimiento en un paquete integrado compacto. M\u00e1s informaci\u00f3n","og_url":"https:\/\/www.smpengineeredsolutions.com\/es\/productos\/solenoides-industriales\/serie-de-solenoides-equalizer-ise-600\/","og_site_name":"Standard Motor Products, Inc.","article_modified_time":"2024-08-27T15:31:33+00:00","og_image":[{"url":"https:\/\/www.smpengineeredsolutions.com\/wp-content\/uploads\/SMP-Trombetta-4C-500x75.png","type":"","width":"","height":""}],"twitter_misc":{"Tiempo de lectura":"1 minuto"},"schema":{"@context":"https:\/\/schema.org","@graph":[{"@type":"WebPage","@id":"https:\/\/www.smpengineeredsolutions.com\/es\/productos\/solenoides-industriales\/serie-de-solenoides-equalizer-ise-600\/","url":"https:\/\/www.smpengineeredsolutions.com\/es\/productos\/solenoides-industriales\/serie-de-solenoides-equalizer-ise-600\/","name":"Familia de solenoides Equalizer\/ISE 600 | Solenoide industrial | Standard Motor Products, Inc.","isPartOf":{"@id":"https:\/\/www.smpengineeredsolutions.com\/es\/#website"},"primaryImageOfPage":{"@id":"https:\/\/www.smpengineeredsolutions.com\/es\/productos\/solenoides-industriales\/serie-de-solenoides-equalizer-ise-600\/#primaryimage"},"image":{"@id":"https:\/\/www.smpengineeredsolutions.com\/es\/productos\/solenoides-industriales\/serie-de-solenoides-equalizer-ise-600\/#primaryimage"},"thumbnailUrl":"https:\/\/www.smpengineeredsolutions.com\/wp-content\/uploads\/SMP-Trombetta-4C-500x75.png","datePublished":"2023-01-09T19:37:51+00:00","dateModified":"2024-08-27T15:31:33+00:00","description":"Conozca nuestra familia de solenoides Equalizer\/ISE 600. El Equalizer proporciona un alto rendimiento en un paquete integrado compacto. M\u00e1s informaci\u00f3n","breadcrumb":{"@id":"https:\/\/www.smpengineeredsolutions.com\/es\/productos\/solenoides-industriales\/serie-de-solenoides-equalizer-ise-600\/#breadcrumb"},"inLanguage":"es","potentialAction":[{"@type":"ReadAction","target":["https:\/\/www.smpengineeredsolutions.com\/es\/productos\/solenoides-industriales\/serie-de-solenoides-equalizer-ise-600\/"]}]},{"@type":"ImageObject","inLanguage":"es","@id":"https:\/\/www.smpengineeredsolutions.com\/es\/productos\/solenoides-industriales\/serie-de-solenoides-equalizer-ise-600\/#primaryimage","url":"https:\/\/www.smpengineeredsolutions.com\/wp-content\/uploads\/SMP-Trombetta-4C-500x75.png","contentUrl":"https:\/\/www.smpengineeredsolutions.com\/wp-content\/uploads\/SMP-Trombetta-4C-500x75.png"},{"@type":"BreadcrumbList","@id":"https:\/\/www.smpengineeredsolutions.com\/es\/productos\/solenoides-industriales\/serie-de-solenoides-equalizer-ise-600\/#breadcrumb","itemListElement":[{"@type":"ListItem","position":1,"name":"Home","item":"https:\/\/www.tcp.smpengineeredsolutions.com\/es\/"},{"@type":"ListItem","position":2,"name":"Productos","item":"https:\/\/www.tcp.smpengineeredsolutions.com\/es\/productos\/"},{"@type":"ListItem","position":3,"name":"Solenoides industriales","item":"https:\/\/www.sitemap.smpengineeredsolutions.com\/es\/productos\/solenoides-industriales\/"},{"@type":"ListItem","position":4,"name":"Serie de solenoides Equalizer\/ISE 600"}]},{"@type":"WebSite","@id":"https:\/\/www.smpengineeredsolutions.com\/es\/#website","url":"https:\/\/www.smpengineeredsolutions.com\/es\/","name":"Standard Motor Products, Inc.","description":"","publisher":{"@id":"https:\/\/www.smpengineeredsolutions.com\/es\/#organization"},"potentialAction":[{"@type":"SearchAction","target":{"@type":"EntryPoint","urlTemplate":"https:\/\/www.smpengineeredsolutions.com\/es\/?s={search_term_string}"},"query-input":{"@type":"PropertyValueSpecification","valueRequired":true,"valueName":"search_term_string"}}],"inLanguage":"es"},{"@type":"Organization","@id":"https:\/\/www.smpengineeredsolutions.com\/es\/#organization","name":"SMP\u00ae Engineered Solutions","url":"https:\/\/www.smpengineeredsolutions.com\/es\/","logo":{"@type":"ImageObject","inLanguage":"es","@id":"https:\/\/www.smpengineeredsolutions.com\/es\/#\/schema\/logo\/image\/","url":"https:\/\/www.a.smpengineeredsolutions.com\/wp-content\/uploads\/smp-logo.png","contentUrl":"https:\/\/www.a.smpengineeredsolutions.com\/wp-content\/uploads\/smp-logo.png","width":264,"height":117,"caption":"SMP\u00ae Engineered Solutions"},"image":{"@id":"https:\/\/www.smpengineeredsolutions.com\/es\/#\/schema\/logo\/image\/"},"sameAs":["https:\/\/www.youtube.com\/@StandardMotorProductsInc","https:\/\/www.linkedin.com\/company\/standard-motor-products"]}]}},"_links":{"self":[{"href":"https:\/\/www.smpengineeredsolutions.com\/es\/wp-json\/wp\/v2\/pages\/5349","targetHints":{"allow":["GET"]}}],"collection":[{"href":"https:\/\/www.smpengineeredsolutions.com\/es\/wp-json\/wp\/v2\/pages"}],"about":[{"href":"https:\/\/www.smpengineeredsolutions.com\/es\/wp-json\/wp\/v2\/types\/page"}],"author":[{"embeddable":true,"href":"https:\/\/www.smpengineeredsolutions.com\/es\/wp-json\/wp\/v2\/users\/27"}],"replies":[{"embeddable":true,"href":"https:\/\/www.smpengineeredsolutions.com\/es\/wp-json\/wp\/v2\/comments?post=5349"}],"version-history":[{"count":1,"href":"https:\/\/www.smpengineeredsolutions.com\/es\/wp-json\/wp\/v2\/pages\/5349\/revisions"}],"predecessor-version":[{"id":7208,"href":"https:\/\/www.smpengineeredsolutions.com\/es\/wp-json\/wp\/v2\/pages\/5349\/revisions\/7208"}],"up":[{"embeddable":true,"href":"https:\/\/www.smpengineeredsolutions.com\/es\/wp-json\/wp\/v2\/pages\/5346"}],"wp:attachment":[{"href":"https:\/\/www.smpengineeredsolutions.com\/es\/wp-json\/wp\/v2\/media?parent=5349"}],"curies":[{"name":"wp","href":"https:\/\/api.w.org\/{rel}","templated":true}]}}