{"id":5347,"date":"2023-01-09T14:35:01","date_gmt":"2023-01-09T19:35:01","guid":{"rendered":"https:\/\/smpengineeredsolutions.com\/?page_id=5347"},"modified":"2023-09-07T04:05:50","modified_gmt":"2023-09-07T04:05:50","slug":"solenoides-de-traccion-d500-y-d600","status":"publish","type":"page","link":"https:\/\/www.smpengineeredsolutions.com\/es\/productos\/solenoides-industriales\/solenoides-de-traccion-d500-y-d600\/","title":{"rendered":"Solenoides de tracci\u00f3n D500 y D600"},"content":{"rendered":"<div class=\"feature-img-right\"><a class=\"lightbox\" href=\"\/wp-content\/uploads\/tr-d513-1.png\"><img decoding=\"async\" title=\"Solenoides de tracci\u00f3n D500 y D600\" src=\"\/wp-content\/uploads\/tr-d513-1.png\" alt=\"Solenoides de tracci\u00f3n D500 y D600\" width=\"300\" \/><\/a><\/div>\n<p>Los solenoides D500 y D600 son similares en el sentido de que ambos ofrecen un interruptor de desconexi\u00f3n integral para bobinas de doble devanado que permiten un mantenimiento de servicio continuo. Entre las aplicaciones habituales de estos solenoides se incluyen el control del acelerador de dos velocidades, motores di\u00e9sel, elevadores de tijera y elevadores de pluma.<\/p>\n<h2><img loading=\"lazy\" decoding=\"async\" class=\"alignleft wp-image-3074\" title=\"SMP Trombetta Logo\" src=\"https:\/\/www.smpengineeredsolutions.com\/wp-content\/uploads\/SMP-Trombetta-4C-500x75.png\" alt=\"SMP Trombetta Logo\" width=\"433\" height=\"65\" srcset=\"https:\/\/www.smpengineeredsolutions.com\/wp-content\/uploads\/SMP-Trombetta-4C-500x75.png 500w, https:\/\/www.smpengineeredsolutions.com\/wp-content\/uploads\/SMP-Trombetta-4C-1024x154.png 1024w, https:\/\/www.smpengineeredsolutions.com\/wp-content\/uploads\/SMP-Trombetta-4C-768x116.png 768w, https:\/\/www.smpengineeredsolutions.com\/wp-content\/uploads\/SMP-Trombetta-4C-1536x231.png 1536w, https:\/\/www.smpengineeredsolutions.com\/wp-content\/uploads\/SMP-Trombetta-4C-2048x309.png 2048w\" sizes=\"auto, (max-width: 433px) 100vw, 433px\" \/><\/h2>\n<p>&nbsp;<\/p>\n<p>&nbsp;<\/p>\n<p>&nbsp;<\/p>\n<h2>Solenoides de tracci\u00f3n D500<\/h2>\n<ul>\n<li>Requisito de carga: Carrera de 1 a 1,5 pulgadas y fuerza de 14 a 20 libras (carrera de 25,4 a 38,1 mm y fuerza de 62,16 a 88,8 N)<\/li>\n<li>Disponible en configuraciones de 12 y 24 voltios.<\/li>\n<\/ul>\n<p>Este solenoide de alta resistencia ofrece un interruptor de desconexi\u00f3n integral para bobinas de doble devanado que proporciona la ventaja de un rendimiento de arrastre de alta energ\u00eda combinado con un funcionamiento de mantenimiento continuo bajo y fr\u00edo sin necesidad de accesorios.<\/p>\n<h2>Solenoides de tracci\u00f3n D600<\/h2>\n<ul>\n<li>Requisito de carga: Carrera de 1 pulgada y fuerza de 15 libras (carrera de 25,4 mm y fuerza de 66,6 N)<\/li>\n<li>Disponible s\u00f3lo en configuraciones de 12 voltios.<\/li>\n<\/ul>\n<p>El probado solenoide de tracci\u00f3n D600 elimina los desaf\u00edos ambientales, incluidas las vibraciones. Al igual que la serie D500, la D600 ofrece un interruptor de desconexi\u00f3n integral para bobinas de doble devanado que permite una retenci\u00f3n de servicio continuo. Las aplicaciones incluyen frenos industriales, bloqueo, controles de posicionamiento y controles de motores de gran tama\u00f1o y de veh\u00edculos.<\/p>\n","protected":false},"excerpt":{"rendered":"<p>Los solenoides D500 y D600 son similares en el sentido de que ambos ofrecen un interruptor de desconexi\u00f3n integral para bobinas de doble devanado que permiten un mantenimiento de servicio continuo. Entre las aplicaciones habituales de estos solenoides se incluyen el control del acelerador de dos velocidades, motores di\u00e9sel, elevadores de tijera y elevadores de&#8230; [&#8230;]<\/p>\n<p><a class=\"btn btn-secondary understrap-read-more-link\" href=\"https:\/\/www.smpengineeredsolutions.com\/es\/productos\/solenoides-industriales\/solenoides-de-traccion-d500-y-d600\/\">Leer m\u00e1s&#8230;<\/a><\/p>\n","protected":false},"author":27,"featured_media":0,"parent":5346,"menu_order":0,"comment_status":"closed","ping_status":"closed","template":"page-templates\/destination-content.php","meta":{"_acf_changed":false,"inline_featured_image":false,"footnotes":""},"class_list":["post-5347","page","type-page","status-publish","hentry"],"featured_image_src":null,"acf":[],"yoast_head":"<!-- This site is optimized with the Yoast SEO Premium plugin v27.4 (Yoast SEO v27.4) - https:\/\/yoast.com\/product\/yoast-seo-premium-wordpress\/ -->\n<title>Solenoides de tracci\u00f3n D500 y D600 - Standard Motor Products, Inc.<\/title>\n<meta name=\"robots\" content=\"index, follow, max-snippet:-1, max-image-preview:large, max-video-preview:-1\" \/>\n<link rel=\"canonical\" href=\"https:\/\/www.smpengineeredsolutions.com\/es\/productos\/solenoides-industriales\/solenoides-de-traccion-d500-y-d600\/\" \/>\n<meta property=\"og:locale\" content=\"es_ES\" \/>\n<meta property=\"og:type\" content=\"article\" \/>\n<meta property=\"og:title\" content=\"Solenoides de tracci\u00f3n D500 y D600\" \/>\n<meta property=\"og:description\" content=\"Los solenoides D500 y D600 son similares en el sentido de que ambos ofrecen un interruptor de desconexi\u00f3n integral para bobinas de doble devanado que permiten un mantenimiento de servicio continuo. Entre las aplicaciones habituales de estos solenoides se incluyen el control del acelerador de dos velocidades, motores di\u00e9sel, elevadores de tijera y elevadores de... [...]Leer m\u00e1s...\" \/>\n<meta property=\"og:url\" content=\"https:\/\/www.smpengineeredsolutions.com\/es\/productos\/solenoides-industriales\/solenoides-de-traccion-d500-y-d600\/\" \/>\n<meta property=\"og:site_name\" content=\"Standard Motor Products, Inc.\" \/>\n<meta property=\"article:modified_time\" content=\"2023-09-07T04:05:50+00:00\" \/>\n<meta property=\"og:image\" content=\"https:\/\/www.smpengineeredsolutions.com\/wp-content\/uploads\/SMP-Trombetta-4C-500x75.png\" \/>\n<meta name=\"twitter:label1\" content=\"Tiempo de lectura\" \/>\n\t<meta name=\"twitter:data1\" content=\"2 minutos\" \/>\n<script type=\"application\/ld+json\" class=\"yoast-schema-graph\">{\"@context\":\"https:\\\/\\\/schema.org\",\"@graph\":[{\"@type\":\"WebPage\",\"@id\":\"https:\\\/\\\/www.smpengineeredsolutions.com\\\/es\\\/productos\\\/solenoides-industriales\\\/solenoides-de-traccion-d500-y-d600\\\/\",\"url\":\"https:\\\/\\\/www.smpengineeredsolutions.com\\\/es\\\/productos\\\/solenoides-industriales\\\/solenoides-de-traccion-d500-y-d600\\\/\",\"name\":\"Solenoides de tracci\u00f3n D500 y D600 - Standard Motor Products, Inc.\",\"isPartOf\":{\"@id\":\"https:\\\/\\\/www._tcp.smpengineeredsolutions.com\\\/#website\"},\"primaryImageOfPage\":{\"@id\":\"https:\\\/\\\/www.smpengineeredsolutions.com\\\/es\\\/productos\\\/solenoides-industriales\\\/solenoides-de-traccion-d500-y-d600\\\/#primaryimage\"},\"image\":{\"@id\":\"https:\\\/\\\/www.smpengineeredsolutions.com\\\/es\\\/productos\\\/solenoides-industriales\\\/solenoides-de-traccion-d500-y-d600\\\/#primaryimage\"},\"thumbnailUrl\":\"https:\\\/\\\/www.smpengineeredsolutions.com\\\/wp-content\\\/uploads\\\/SMP-Trombetta-4C-500x75.png\",\"datePublished\":\"2023-01-09T19:35:01+00:00\",\"dateModified\":\"2023-09-07T04:05:50+00:00\",\"breadcrumb\":{\"@id\":\"https:\\\/\\\/www.smpengineeredsolutions.com\\\/es\\\/productos\\\/solenoides-industriales\\\/solenoides-de-traccion-d500-y-d600\\\/#breadcrumb\"},\"inLanguage\":\"es\",\"potentialAction\":[{\"@type\":\"ReadAction\",\"target\":[\"https:\\\/\\\/www.smpengineeredsolutions.com\\\/es\\\/productos\\\/solenoides-industriales\\\/solenoides-de-traccion-d500-y-d600\\\/\"]}]},{\"@type\":\"ImageObject\",\"inLanguage\":\"es\",\"@id\":\"https:\\\/\\\/www.smpengineeredsolutions.com\\\/es\\\/productos\\\/solenoides-industriales\\\/solenoides-de-traccion-d500-y-d600\\\/#primaryimage\",\"url\":\"https:\\\/\\\/www.smpengineeredsolutions.com\\\/wp-content\\\/uploads\\\/SMP-Trombetta-4C-500x75.png\",\"contentUrl\":\"https:\\\/\\\/www.smpengineeredsolutions.com\\\/wp-content\\\/uploads\\\/SMP-Trombetta-4C-500x75.png\"},{\"@type\":\"BreadcrumbList\",\"@id\":\"https:\\\/\\\/www.smpengineeredsolutions.com\\\/es\\\/productos\\\/solenoides-industriales\\\/solenoides-de-traccion-d500-y-d600\\\/#breadcrumb\",\"itemListElement\":[{\"@type\":\"ListItem\",\"position\":1,\"name\":\"Home\",\"item\":\"https:\\\/\\\/www.smpengineeredsolutions.com\\\/es\\\/\"},{\"@type\":\"ListItem\",\"position\":2,\"name\":\"Productos\",\"item\":\"https:\\\/\\\/www.smpengineeredsolutions.com\\\/es\\\/productos\\\/\"},{\"@type\":\"ListItem\",\"position\":3,\"name\":\"Solenoides industriales\",\"item\":\"https:\\\/\\\/www._whoispp._tcp.smpengineeredsolutions.com\\\/es\\\/productos\\\/solenoides-industriales\\\/\"},{\"@type\":\"ListItem\",\"position\":4,\"name\":\"Solenoides de tracci\u00f3n D500 y D600\"}]},{\"@type\":\"WebSite\",\"@id\":\"https:\\\/\\\/www._tcp.smpengineeredsolutions.com\\\/#website\",\"url\":\"https:\\\/\\\/www._tcp.smpengineeredsolutions.com\\\/\",\"name\":\"Standard Motor Products, Inc.\",\"description\":\"\",\"publisher\":{\"@id\":\"https:\\\/\\\/www._tcp.smpengineeredsolutions.com\\\/#organization\"},\"potentialAction\":[{\"@type\":\"SearchAction\",\"target\":{\"@type\":\"EntryPoint\",\"urlTemplate\":\"https:\\\/\\\/www._tcp.smpengineeredsolutions.com\\\/?s={search_term_string}\"},\"query-input\":{\"@type\":\"PropertyValueSpecification\",\"valueRequired\":true,\"valueName\":\"search_term_string\"}}],\"inLanguage\":\"es\"},{\"@type\":\"Organization\",\"@id\":\"https:\\\/\\\/www._tcp.smpengineeredsolutions.com\\\/#organization\",\"name\":\"SMP\u00ae Engineered Solutions\",\"url\":\"https:\\\/\\\/www._tcp.smpengineeredsolutions.com\\\/\",\"logo\":{\"@type\":\"ImageObject\",\"inLanguage\":\"es\",\"@id\":\"https:\\\/\\\/www._tcp.smpengineeredsolutions.com\\\/#\\\/schema\\\/logo\\\/image\\\/\",\"url\":\"https:\\\/\\\/www.a.smpengineeredsolutions.com\\\/wp-content\\\/uploads\\\/smp-logo.png\",\"contentUrl\":\"https:\\\/\\\/www.a.smpengineeredsolutions.com\\\/wp-content\\\/uploads\\\/smp-logo.png\",\"width\":264,\"height\":117,\"caption\":\"SMP\u00ae Engineered Solutions\"},\"image\":{\"@id\":\"https:\\\/\\\/www._tcp.smpengineeredsolutions.com\\\/#\\\/schema\\\/logo\\\/image\\\/\"},\"sameAs\":[\"https:\\\/\\\/www.youtube.com\\\/@StandardMotorProductsInc\",\"https:\\\/\\\/www.linkedin.com\\\/company\\\/standard-motor-products\"]}]}<\/script>\n<!-- \/ Yoast SEO Premium plugin. -->","yoast_head_json":{"title":"Solenoides de tracci\u00f3n D500 y D600 - Standard Motor Products, Inc.","robots":{"index":"index","follow":"follow","max-snippet":"max-snippet:-1","max-image-preview":"max-image-preview:large","max-video-preview":"max-video-preview:-1"},"canonical":"https:\/\/www.smpengineeredsolutions.com\/es\/productos\/solenoides-industriales\/solenoides-de-traccion-d500-y-d600\/","og_locale":"es_ES","og_type":"article","og_title":"Solenoides de tracci\u00f3n D500 y D600","og_description":"Los solenoides D500 y D600 son similares en el sentido de que ambos ofrecen un interruptor de desconexi\u00f3n integral para bobinas de doble devanado que permiten un mantenimiento de servicio continuo. Entre las aplicaciones habituales de estos solenoides se incluyen el control del acelerador de dos velocidades, motores di\u00e9sel, elevadores de tijera y elevadores de... [...]Leer m\u00e1s...","og_url":"https:\/\/www.smpengineeredsolutions.com\/es\/productos\/solenoides-industriales\/solenoides-de-traccion-d500-y-d600\/","og_site_name":"Standard Motor Products, Inc.","article_modified_time":"2023-09-07T04:05:50+00:00","og_image":[{"url":"https:\/\/www.smpengineeredsolutions.com\/wp-content\/uploads\/SMP-Trombetta-4C-500x75.png","type":"","width":"","height":""}],"twitter_misc":{"Tiempo de lectura":"2 minutos"},"schema":{"@context":"https:\/\/schema.org","@graph":[{"@type":"WebPage","@id":"https:\/\/www.smpengineeredsolutions.com\/es\/productos\/solenoides-industriales\/solenoides-de-traccion-d500-y-d600\/","url":"https:\/\/www.smpengineeredsolutions.com\/es\/productos\/solenoides-industriales\/solenoides-de-traccion-d500-y-d600\/","name":"Solenoides de tracci\u00f3n D500 y D600 - Standard Motor Products, Inc.","isPartOf":{"@id":"https:\/\/www._tcp.smpengineeredsolutions.com\/#website"},"primaryImageOfPage":{"@id":"https:\/\/www.smpengineeredsolutions.com\/es\/productos\/solenoides-industriales\/solenoides-de-traccion-d500-y-d600\/#primaryimage"},"image":{"@id":"https:\/\/www.smpengineeredsolutions.com\/es\/productos\/solenoides-industriales\/solenoides-de-traccion-d500-y-d600\/#primaryimage"},"thumbnailUrl":"https:\/\/www.smpengineeredsolutions.com\/wp-content\/uploads\/SMP-Trombetta-4C-500x75.png","datePublished":"2023-01-09T19:35:01+00:00","dateModified":"2023-09-07T04:05:50+00:00","breadcrumb":{"@id":"https:\/\/www.smpengineeredsolutions.com\/es\/productos\/solenoides-industriales\/solenoides-de-traccion-d500-y-d600\/#breadcrumb"},"inLanguage":"es","potentialAction":[{"@type":"ReadAction","target":["https:\/\/www.smpengineeredsolutions.com\/es\/productos\/solenoides-industriales\/solenoides-de-traccion-d500-y-d600\/"]}]},{"@type":"ImageObject","inLanguage":"es","@id":"https:\/\/www.smpengineeredsolutions.com\/es\/productos\/solenoides-industriales\/solenoides-de-traccion-d500-y-d600\/#primaryimage","url":"https:\/\/www.smpengineeredsolutions.com\/wp-content\/uploads\/SMP-Trombetta-4C-500x75.png","contentUrl":"https:\/\/www.smpengineeredsolutions.com\/wp-content\/uploads\/SMP-Trombetta-4C-500x75.png"},{"@type":"BreadcrumbList","@id":"https:\/\/www.smpengineeredsolutions.com\/es\/productos\/solenoides-industriales\/solenoides-de-traccion-d500-y-d600\/#breadcrumb","itemListElement":[{"@type":"ListItem","position":1,"name":"Home","item":"https:\/\/www.smpengineeredsolutions.com\/es\/"},{"@type":"ListItem","position":2,"name":"Productos","item":"https:\/\/www.smpengineeredsolutions.com\/es\/productos\/"},{"@type":"ListItem","position":3,"name":"Solenoides industriales","item":"https:\/\/www._whoispp._tcp.smpengineeredsolutions.com\/es\/productos\/solenoides-industriales\/"},{"@type":"ListItem","position":4,"name":"Solenoides de tracci\u00f3n D500 y D600"}]},{"@type":"WebSite","@id":"https:\/\/www._tcp.smpengineeredsolutions.com\/#website","url":"https:\/\/www._tcp.smpengineeredsolutions.com\/","name":"Standard Motor Products, Inc.","description":"","publisher":{"@id":"https:\/\/www._tcp.smpengineeredsolutions.com\/#organization"},"potentialAction":[{"@type":"SearchAction","target":{"@type":"EntryPoint","urlTemplate":"https:\/\/www._tcp.smpengineeredsolutions.com\/?s={search_term_string}"},"query-input":{"@type":"PropertyValueSpecification","valueRequired":true,"valueName":"search_term_string"}}],"inLanguage":"es"},{"@type":"Organization","@id":"https:\/\/www._tcp.smpengineeredsolutions.com\/#organization","name":"SMP\u00ae Engineered Solutions","url":"https:\/\/www._tcp.smpengineeredsolutions.com\/","logo":{"@type":"ImageObject","inLanguage":"es","@id":"https:\/\/www._tcp.smpengineeredsolutions.com\/#\/schema\/logo\/image\/","url":"https:\/\/www.a.smpengineeredsolutions.com\/wp-content\/uploads\/smp-logo.png","contentUrl":"https:\/\/www.a.smpengineeredsolutions.com\/wp-content\/uploads\/smp-logo.png","width":264,"height":117,"caption":"SMP\u00ae Engineered Solutions"},"image":{"@id":"https:\/\/www._tcp.smpengineeredsolutions.com\/#\/schema\/logo\/image\/"},"sameAs":["https:\/\/www.youtube.com\/@StandardMotorProductsInc","https:\/\/www.linkedin.com\/company\/standard-motor-products"]}]}},"_links":{"self":[{"href":"https:\/\/www.smpengineeredsolutions.com\/es\/wp-json\/wp\/v2\/pages\/5347","targetHints":{"allow":["GET"]}}],"collection":[{"href":"https:\/\/www.smpengineeredsolutions.com\/es\/wp-json\/wp\/v2\/pages"}],"about":[{"href":"https:\/\/www.smpengineeredsolutions.com\/es\/wp-json\/wp\/v2\/types\/page"}],"author":[{"embeddable":true,"href":"https:\/\/www.smpengineeredsolutions.com\/es\/wp-json\/wp\/v2\/users\/27"}],"replies":[{"embeddable":true,"href":"https:\/\/www.smpengineeredsolutions.com\/es\/wp-json\/wp\/v2\/comments?post=5347"}],"version-history":[{"count":0,"href":"https:\/\/www.smpengineeredsolutions.com\/es\/wp-json\/wp\/v2\/pages\/5347\/revisions"}],"up":[{"embeddable":true,"href":"https:\/\/www.smpengineeredsolutions.com\/es\/wp-json\/wp\/v2\/pages\/5346"}],"wp:attachment":[{"href":"https:\/\/www.smpengineeredsolutions.com\/es\/wp-json\/wp\/v2\/media?parent=5347"}],"curies":[{"name":"wp","href":"https:\/\/api.w.org\/{rel}","templated":true}]}}