{"id":5346,"date":"2023-01-09T14:33:16","date_gmt":"2023-01-09T19:33:16","guid":{"rendered":"https:\/\/smpengineeredsolutions.com\/?page_id=5346"},"modified":"2024-08-13T13:53:34","modified_gmt":"2024-08-13T17:53:34","slug":"solenoides-industriales","status":"publish","type":"page","link":"https:\/\/www.smpengineeredsolutions.com\/es\/productos\/solenoides-industriales\/","title":{"rendered":"Solenoides industriales"},"content":{"rendered":"<div class=\"feature-img-right\"><a class=\"lightbox\" href=\"\/wp-content\/uploads\/tr-p-q600-1-1.png\"><img decoding=\"async\" title=\"Industrial Solenoids\" src=\"\/wp-content\/uploads\/tr-p-q600-1-1.png\" alt=\"Solenoides industriales\" width=\"300\" \/><\/a><\/div>\n<h2><img loading=\"lazy\" decoding=\"async\" class=\"alignleft size-medium wp-image-3074\" title=\"SMP Trombetta Logo\" src=\"https:\/\/www.smpengineeredsolutions.com\/wp-content\/uploads\/SMP-Trombetta-4C-500x75.png\" alt=\"SMP Trombetta Logo\" width=\"500\" height=\"75\" srcset=\"https:\/\/www.smpengineeredsolutions.com\/wp-content\/uploads\/SMP-Trombetta-4C-500x75.png 500w, https:\/\/www.smpengineeredsolutions.com\/wp-content\/uploads\/SMP-Trombetta-4C-1024x154.png 1024w, https:\/\/www.smpengineeredsolutions.com\/wp-content\/uploads\/SMP-Trombetta-4C-768x116.png 768w, https:\/\/www.smpengineeredsolutions.com\/wp-content\/uploads\/SMP-Trombetta-4C-1536x231.png 1536w, https:\/\/www.smpengineeredsolutions.com\/wp-content\/uploads\/SMP-Trombetta-4C-2048x309.png 2048w\" sizes=\"auto, (max-width: 500px) 100vw, 500px\" \/><\/h2>\n<p>&nbsp;<\/p>\n<p>&nbsp;<\/p>\n<p>&nbsp;<\/p>\n<h2>Acerca de nuestros solenoides industriales<\/h2>\n<p>Los solenoides industriales son dispositivos que se distinguen por un movimiento de empuje o tracci\u00f3n desde un punto A a un punto B y a menudo se utilizan en aplicaciones generales de bloqueo y enclavamiento. Ofrecemos una gran variedad de m\u00f3dulos de control de solenoides industriales, como el solenoide D500 y D600, el solenoide de tracci\u00f3n P500 y de empuje Q500, el solenoide de tracci\u00f3n P600 y de empuje Q600 y el solenoide de kit de cable.<\/p>\n<p><img loading=\"lazy\" decoding=\"async\" class=\"alignnone  wp-image-7083\" src=\"https:\/\/www.smpengineeredsolutions.com\/wp-content\/uploads\/Industrial-Solenoid-Feature-infograph-Spanish-500x217.png\" alt=\"\" width=\"1143\" height=\"496\" srcset=\"https:\/\/www.smpengineeredsolutions.com\/wp-content\/uploads\/Industrial-Solenoid-Feature-infograph-Spanish-500x217.png 500w, https:\/\/www.smpengineeredsolutions.com\/wp-content\/uploads\/Industrial-Solenoid-Feature-infograph-Spanish-1024x445.png 1024w, https:\/\/www.smpengineeredsolutions.com\/wp-content\/uploads\/Industrial-Solenoid-Feature-infograph-Spanish-768x334.png 768w, https:\/\/www.smpengineeredsolutions.com\/wp-content\/uploads\/Industrial-Solenoid-Feature-infograph-Spanish-1536x668.png 1536w, https:\/\/www.smpengineeredsolutions.com\/wp-content\/uploads\/Industrial-Solenoid-Feature-infograph-Spanish-2048x890.png 2048w\" sizes=\"auto, (max-width: 1143px) 100vw, 1143px\" \/><\/p>\n<h3><strong>Principales aplicaciones<\/strong><\/h3>\n<table style=\"height: 162px;\" width=\"676\">\n<tbody>\n<tr>\n<td>\n<ul>\n<li style=\"font-weight: 400;\" aria-level=\"1\">Equipos m\u00f3viles y fijos<\/li>\n<li style=\"font-weight: 400;\" aria-level=\"1\">Compresores<\/li>\n<li style=\"font-weight: 400;\" aria-level=\"1\">Generadores<\/li>\n<li style=\"font-weight: 400;\" aria-level=\"1\">Equipamiento de c\u00e9sped y jard\u00edn<\/li>\n<\/ul>\n<\/td>\n<td>\n<ul>\n<li style=\"font-weight: 400;\" aria-level=\"1\">Motores diesel<\/li>\n<li style=\"font-weight: 400;\" aria-level=\"1\">Elevadores de tijera \/ elevadores de pluma<\/li>\n<li style=\"font-weight: 400;\" aria-level=\"1\">Motor grande<\/li>\n<li style=\"font-weight: 400;\" aria-level=\"1\">Controles del veh\u00edculo<\/li>\n<\/ul>\n<\/td>\n<\/tr>\n<\/tbody>\n<\/table>\n<ul>\n<li style=\"list-style-type: none;\">\n<ul>Los m\u00f3dulos de control de solenoides de SMP est\u00e1n dise\u00f1ados para entornos de trabajo pesado y fabricados para funcionar exclusivamente con solenoides SMP-Trombetta.<\/ul>\n<\/li>\n<li style=\"list-style-type: none;\">\n<h3>Consulte nuestros m\u00f3dulos de control de solenoides industriales a continuaci\u00f3n o p\u00f3ngase en contacto con nosotros para obtener m\u00e1s informaci\u00f3n.<\/h3>\n<\/li>\n<\/ul>\n<ul class=\"ul-list-group\">\n<li><a href=\"\/wp-content\/uploads\/TR-16229-S500-A5_r2.pdf\" target=\"_blank\" rel=\"noopener\">S500-A5<\/a><\/li>\n<li><a href=\"\/wp-content\/uploads\/TR-16228-S500-A6_r2.pdf\" target=\"_blank\" rel=\"noopener\">S500-A6<\/a><\/li>\n<li><a href=\"\/wp-content\/uploads\/TR-16230-S500-A7_r2.pdf\" target=\"_blank\" rel=\"noopener\">S500-A7<\/a><\/li>\n<li><a href=\"\/wp-content\/uploads\/TR-16232-S500-A50_r2.pdf\" target=\"_blank\" rel=\"noopener\">S500-A50<\/a><\/li>\n<li><a href=\"\/wp-content\/uploads\/TR-16231-S500-A60_r2.pdf\" target=\"_blank\" rel=\"noopener\">S500-A60<\/a><\/li>\n<li><a href=\"\/wp-content\/uploads\/TR-16233-S500-A70_r2.pdf\" target=\"_blank\" rel=\"noopener\">S500-A70<\/a><\/li>\n<li><a href=\"\/wp-content\/uploads\/TR-16234-S500-A300_r2.pdf\" target=\"_blank\" rel=\"noopener\">S500-A300<\/a><\/li>\n<li><a href=\"\/wp-content\/uploads\/TR-16227-S500-A325_r2.pdf\" target=\"_blank\" rel=\"noopener\">S500-A325<br \/>\n<\/a><\/li>\n<\/ul>\n","protected":false},"excerpt":{"rendered":"<p>&nbsp; &nbsp; &nbsp; Acerca de nuestros solenoides industriales Los solenoides industriales son dispositivos que se distinguen por un movimiento de empuje o tracci\u00f3n desde un punto A a un punto B y a menudo se utilizan en aplicaciones generales de bloqueo y enclavamiento. Ofrecemos una gran variedad de m\u00f3dulos de control de solenoides industriales, como&#8230; [&#8230;]<\/p>\n<p><a class=\"btn btn-secondary understrap-read-more-link\" href=\"https:\/\/www.smpengineeredsolutions.com\/es\/productos\/solenoides-industriales\/\">Leer m\u00e1s&#8230;<\/a><\/p>\n","protected":false},"author":27,"featured_media":0,"parent":5264,"menu_order":0,"comment_status":"closed","ping_status":"closed","template":"page-templates\/destination-content.php","meta":{"_acf_changed":false,"inline_featured_image":false,"footnotes":""},"class_list":["post-5346","page","type-page","status-publish","hentry"],"featured_image_src":null,"acf":[],"yoast_head":"<!-- This site is optimized with the Yoast SEO Premium plugin v27.4 (Yoast SEO v27.4) - https:\/\/yoast.com\/product\/yoast-seo-premium-wordpress\/ -->\n<title>Solenoides industriales - Standard Motor Products, Inc.<\/title>\n<meta name=\"description\" content=\"Descubra nuestro solenoide industrial de alto rendimiento. Mejore hoy mismo su sistema de automatizaci\u00f3n con soluciones fiables y eficientes.\" \/>\n<meta name=\"robots\" content=\"index, follow, max-snippet:-1, max-image-preview:large, max-video-preview:-1\" \/>\n<link rel=\"canonical\" href=\"https:\/\/www.smpengineeredsolutions.com\/es\/productos\/solenoides-industriales\/\" \/>\n<meta property=\"og:locale\" content=\"es_ES\" \/>\n<meta property=\"og:type\" content=\"article\" \/>\n<meta property=\"og:title\" content=\"Solenoides industriales\" \/>\n<meta property=\"og:description\" content=\"Descubra nuestro solenoide industrial de alto rendimiento. Mejore hoy mismo su sistema de automatizaci\u00f3n con soluciones fiables y eficientes.\" \/>\n<meta property=\"og:url\" content=\"https:\/\/www.smpengineeredsolutions.com\/es\/productos\/solenoides-industriales\/\" \/>\n<meta property=\"og:site_name\" content=\"Standard Motor Products, Inc.\" \/>\n<meta property=\"article:modified_time\" content=\"2024-08-13T17:53:34+00:00\" \/>\n<meta property=\"og:image\" content=\"https:\/\/www.smpengineeredsolutions.com\/wp-content\/uploads\/SMP-Trombetta-4C-500x75.png\" \/>\n<meta name=\"twitter:label1\" content=\"Tiempo de lectura\" \/>\n\t<meta name=\"twitter:data1\" content=\"2 minutos\" \/>\n<script type=\"application\/ld+json\" class=\"yoast-schema-graph\">{\"@context\":\"https:\\\/\\\/schema.org\",\"@graph\":[{\"@type\":\"WebPage\",\"@id\":\"https:\\\/\\\/www.smpengineeredsolutions.com\\\/es\\\/productos\\\/solenoides-industriales\\\/\",\"url\":\"https:\\\/\\\/www.smpengineeredsolutions.com\\\/es\\\/productos\\\/solenoides-industriales\\\/\",\"name\":\"Solenoides industriales - Standard Motor Products, Inc.\",\"isPartOf\":{\"@id\":\"https:\\\/\\\/www._tcp.smpengineeredsolutions.com\\\/#website\"},\"primaryImageOfPage\":{\"@id\":\"https:\\\/\\\/www.smpengineeredsolutions.com\\\/es\\\/productos\\\/solenoides-industriales\\\/#primaryimage\"},\"image\":{\"@id\":\"https:\\\/\\\/www.smpengineeredsolutions.com\\\/es\\\/productos\\\/solenoides-industriales\\\/#primaryimage\"},\"thumbnailUrl\":\"https:\\\/\\\/www.smpengineeredsolutions.com\\\/wp-content\\\/uploads\\\/SMP-Trombetta-4C-500x75.png\",\"datePublished\":\"2023-01-09T19:33:16+00:00\",\"dateModified\":\"2024-08-13T17:53:34+00:00\",\"description\":\"Descubra nuestro solenoide industrial de alto rendimiento. Mejore hoy mismo su sistema de automatizaci\u00f3n con soluciones fiables y eficientes.\",\"breadcrumb\":{\"@id\":\"https:\\\/\\\/www.smpengineeredsolutions.com\\\/es\\\/productos\\\/solenoides-industriales\\\/#breadcrumb\"},\"inLanguage\":\"es\",\"potentialAction\":[{\"@type\":\"ReadAction\",\"target\":[\"https:\\\/\\\/www.smpengineeredsolutions.com\\\/es\\\/productos\\\/solenoides-industriales\\\/\"]}]},{\"@type\":\"ImageObject\",\"inLanguage\":\"es\",\"@id\":\"https:\\\/\\\/www.smpengineeredsolutions.com\\\/es\\\/productos\\\/solenoides-industriales\\\/#primaryimage\",\"url\":\"https:\\\/\\\/www.smpengineeredsolutions.com\\\/wp-content\\\/uploads\\\/SMP-Trombetta-4C-500x75.png\",\"contentUrl\":\"https:\\\/\\\/www.smpengineeredsolutions.com\\\/wp-content\\\/uploads\\\/SMP-Trombetta-4C-500x75.png\"},{\"@type\":\"BreadcrumbList\",\"@id\":\"https:\\\/\\\/www.smpengineeredsolutions.com\\\/es\\\/productos\\\/solenoides-industriales\\\/#breadcrumb\",\"itemListElement\":[{\"@type\":\"ListItem\",\"position\":1,\"name\":\"Home\",\"item\":\"https:\\\/\\\/www.smpengineeredsolutions.com\\\/es\\\/\"},{\"@type\":\"ListItem\",\"position\":2,\"name\":\"Productos\",\"item\":\"https:\\\/\\\/www.smpengineeredsolutions.com\\\/es\\\/productos\\\/\"},{\"@type\":\"ListItem\",\"position\":3,\"name\":\"Solenoides industriales\"}]},{\"@type\":\"WebSite\",\"@id\":\"https:\\\/\\\/www._tcp.smpengineeredsolutions.com\\\/#website\",\"url\":\"https:\\\/\\\/www._tcp.smpengineeredsolutions.com\\\/\",\"name\":\"Standard Motor Products, Inc.\",\"description\":\"\",\"publisher\":{\"@id\":\"https:\\\/\\\/www._tcp.smpengineeredsolutions.com\\\/#organization\"},\"potentialAction\":[{\"@type\":\"SearchAction\",\"target\":{\"@type\":\"EntryPoint\",\"urlTemplate\":\"https:\\\/\\\/www._tcp.smpengineeredsolutions.com\\\/?s={search_term_string}\"},\"query-input\":{\"@type\":\"PropertyValueSpecification\",\"valueRequired\":true,\"valueName\":\"search_term_string\"}}],\"inLanguage\":\"es\"},{\"@type\":\"Organization\",\"@id\":\"https:\\\/\\\/www._tcp.smpengineeredsolutions.com\\\/#organization\",\"name\":\"SMP\u00ae Engineered Solutions\",\"url\":\"https:\\\/\\\/www._tcp.smpengineeredsolutions.com\\\/\",\"logo\":{\"@type\":\"ImageObject\",\"inLanguage\":\"es\",\"@id\":\"https:\\\/\\\/www._tcp.smpengineeredsolutions.com\\\/#\\\/schema\\\/logo\\\/image\\\/\",\"url\":\"https:\\\/\\\/www.a.smpengineeredsolutions.com\\\/wp-content\\\/uploads\\\/smp-logo.png\",\"contentUrl\":\"https:\\\/\\\/www.a.smpengineeredsolutions.com\\\/wp-content\\\/uploads\\\/smp-logo.png\",\"width\":264,\"height\":117,\"caption\":\"SMP\u00ae Engineered Solutions\"},\"image\":{\"@id\":\"https:\\\/\\\/www._tcp.smpengineeredsolutions.com\\\/#\\\/schema\\\/logo\\\/image\\\/\"},\"sameAs\":[\"https:\\\/\\\/www.youtube.com\\\/@StandardMotorProductsInc\",\"https:\\\/\\\/www.linkedin.com\\\/company\\\/standard-motor-products\"]}]}<\/script>\n<!-- \/ Yoast SEO Premium plugin. -->","yoast_head_json":{"title":"Solenoides industriales - Standard Motor Products, Inc.","description":"Descubra nuestro solenoide industrial de alto rendimiento. Mejore hoy mismo su sistema de automatizaci\u00f3n con soluciones fiables y eficientes.","robots":{"index":"index","follow":"follow","max-snippet":"max-snippet:-1","max-image-preview":"max-image-preview:large","max-video-preview":"max-video-preview:-1"},"canonical":"https:\/\/www.smpengineeredsolutions.com\/es\/productos\/solenoides-industriales\/","og_locale":"es_ES","og_type":"article","og_title":"Solenoides industriales","og_description":"Descubra nuestro solenoide industrial de alto rendimiento. Mejore hoy mismo su sistema de automatizaci\u00f3n con soluciones fiables y eficientes.","og_url":"https:\/\/www.smpengineeredsolutions.com\/es\/productos\/solenoides-industriales\/","og_site_name":"Standard Motor Products, Inc.","article_modified_time":"2024-08-13T17:53:34+00:00","og_image":[{"url":"https:\/\/www.smpengineeredsolutions.com\/wp-content\/uploads\/SMP-Trombetta-4C-500x75.png","type":"","width":"","height":""}],"twitter_misc":{"Tiempo de lectura":"2 minutos"},"schema":{"@context":"https:\/\/schema.org","@graph":[{"@type":"WebPage","@id":"https:\/\/www.smpengineeredsolutions.com\/es\/productos\/solenoides-industriales\/","url":"https:\/\/www.smpengineeredsolutions.com\/es\/productos\/solenoides-industriales\/","name":"Solenoides industriales - Standard Motor Products, Inc.","isPartOf":{"@id":"https:\/\/www._tcp.smpengineeredsolutions.com\/#website"},"primaryImageOfPage":{"@id":"https:\/\/www.smpengineeredsolutions.com\/es\/productos\/solenoides-industriales\/#primaryimage"},"image":{"@id":"https:\/\/www.smpengineeredsolutions.com\/es\/productos\/solenoides-industriales\/#primaryimage"},"thumbnailUrl":"https:\/\/www.smpengineeredsolutions.com\/wp-content\/uploads\/SMP-Trombetta-4C-500x75.png","datePublished":"2023-01-09T19:33:16+00:00","dateModified":"2024-08-13T17:53:34+00:00","description":"Descubra nuestro solenoide industrial de alto rendimiento. Mejore hoy mismo su sistema de automatizaci\u00f3n con soluciones fiables y eficientes.","breadcrumb":{"@id":"https:\/\/www.smpengineeredsolutions.com\/es\/productos\/solenoides-industriales\/#breadcrumb"},"inLanguage":"es","potentialAction":[{"@type":"ReadAction","target":["https:\/\/www.smpengineeredsolutions.com\/es\/productos\/solenoides-industriales\/"]}]},{"@type":"ImageObject","inLanguage":"es","@id":"https:\/\/www.smpengineeredsolutions.com\/es\/productos\/solenoides-industriales\/#primaryimage","url":"https:\/\/www.smpengineeredsolutions.com\/wp-content\/uploads\/SMP-Trombetta-4C-500x75.png","contentUrl":"https:\/\/www.smpengineeredsolutions.com\/wp-content\/uploads\/SMP-Trombetta-4C-500x75.png"},{"@type":"BreadcrumbList","@id":"https:\/\/www.smpengineeredsolutions.com\/es\/productos\/solenoides-industriales\/#breadcrumb","itemListElement":[{"@type":"ListItem","position":1,"name":"Home","item":"https:\/\/www.smpengineeredsolutions.com\/es\/"},{"@type":"ListItem","position":2,"name":"Productos","item":"https:\/\/www.smpengineeredsolutions.com\/es\/productos\/"},{"@type":"ListItem","position":3,"name":"Solenoides industriales"}]},{"@type":"WebSite","@id":"https:\/\/www._tcp.smpengineeredsolutions.com\/#website","url":"https:\/\/www._tcp.smpengineeredsolutions.com\/","name":"Standard Motor Products, Inc.","description":"","publisher":{"@id":"https:\/\/www._tcp.smpengineeredsolutions.com\/#organization"},"potentialAction":[{"@type":"SearchAction","target":{"@type":"EntryPoint","urlTemplate":"https:\/\/www._tcp.smpengineeredsolutions.com\/?s={search_term_string}"},"query-input":{"@type":"PropertyValueSpecification","valueRequired":true,"valueName":"search_term_string"}}],"inLanguage":"es"},{"@type":"Organization","@id":"https:\/\/www._tcp.smpengineeredsolutions.com\/#organization","name":"SMP\u00ae Engineered Solutions","url":"https:\/\/www._tcp.smpengineeredsolutions.com\/","logo":{"@type":"ImageObject","inLanguage":"es","@id":"https:\/\/www._tcp.smpengineeredsolutions.com\/#\/schema\/logo\/image\/","url":"https:\/\/www.a.smpengineeredsolutions.com\/wp-content\/uploads\/smp-logo.png","contentUrl":"https:\/\/www.a.smpengineeredsolutions.com\/wp-content\/uploads\/smp-logo.png","width":264,"height":117,"caption":"SMP\u00ae Engineered Solutions"},"image":{"@id":"https:\/\/www._tcp.smpengineeredsolutions.com\/#\/schema\/logo\/image\/"},"sameAs":["https:\/\/www.youtube.com\/@StandardMotorProductsInc","https:\/\/www.linkedin.com\/company\/standard-motor-products"]}]}},"_links":{"self":[{"href":"https:\/\/www.smpengineeredsolutions.com\/es\/wp-json\/wp\/v2\/pages\/5346","targetHints":{"allow":["GET"]}}],"collection":[{"href":"https:\/\/www.smpengineeredsolutions.com\/es\/wp-json\/wp\/v2\/pages"}],"about":[{"href":"https:\/\/www.smpengineeredsolutions.com\/es\/wp-json\/wp\/v2\/types\/page"}],"author":[{"embeddable":true,"href":"https:\/\/www.smpengineeredsolutions.com\/es\/wp-json\/wp\/v2\/users\/27"}],"replies":[{"embeddable":true,"href":"https:\/\/www.smpengineeredsolutions.com\/es\/wp-json\/wp\/v2\/comments?post=5346"}],"version-history":[{"count":2,"href":"https:\/\/www.smpengineeredsolutions.com\/es\/wp-json\/wp\/v2\/pages\/5346\/revisions"}],"predecessor-version":[{"id":7082,"href":"https:\/\/www.smpengineeredsolutions.com\/es\/wp-json\/wp\/v2\/pages\/5346\/revisions\/7082"}],"up":[{"embeddable":true,"href":"https:\/\/www.smpengineeredsolutions.com\/es\/wp-json\/wp\/v2\/pages\/5264"}],"wp:attachment":[{"href":"https:\/\/www.smpengineeredsolutions.com\/es\/wp-json\/wp\/v2\/media?parent=5346"}],"curies":[{"name":"wp","href":"https:\/\/api.w.org\/{rel}","templated":true}]}}