{"id":5338,"date":"2023-01-10T06:53:44","date_gmt":"2023-01-10T11:53:44","guid":{"rendered":"https:\/\/smpengineeredsolutions.com\/?page_id=5338"},"modified":"2023-09-07T11:04:46","modified_gmt":"2023-09-07T11:04:46","slug":"componentes-electronicos","status":"publish","type":"page","link":"https:\/\/www.smpengineeredsolutions.com\/es\/productos\/componentes-electronicos\/","title":{"rendered":"Componentes electr\u00f3nicos"},"content":{"rendered":"<p>Los controles electr\u00f3nicos de STABIL ELEKTROTECHNIK GmbH incluyen las \u00e1reas descentralizadas, controles electr\u00f3nicos y transmisores. La gama de productos incluye controles de velocidad de rotaci\u00f3n, controles de buj\u00edas incandescentes, controles hidr\u00e1ulicos, as\u00ed como controles para se\u00f1ales de giro, limpiaparabrisas y lavaparabrisas, supervisi\u00f3n electr\u00f3nica y controles para equipos de ensayo y tecnolog\u00eda LED. Los divisores de tensi\u00f3n y los convertidores PWM tambi\u00e9n forman parte de la cartera de productos de STABIL ELEKTROTECHNIK GmbH.<\/p>\n","protected":false},"excerpt":{"rendered":"<p>Los controles electr\u00f3nicos de STABIL ELEKTROTECHNIK GmbH incluyen las \u00e1reas descentralizadas, controles electr\u00f3nicos y transmisores. La gama de productos incluye controles de velocidad de rotaci\u00f3n, controles de buj\u00edas incandescentes, controles hidr\u00e1ulicos, as\u00ed como controles para se\u00f1ales de giro, limpiaparabrisas y lavaparabrisas, supervisi\u00f3n electr\u00f3nica y controles para equipos de ensayo y tecnolog\u00eda LED. Los divisores de&#8230; [&#8230;]<\/p>\n<p><a class=\"btn btn-secondary understrap-read-more-link\" href=\"https:\/\/www.smpengineeredsolutions.com\/es\/productos\/componentes-electronicos\/\">Leer m\u00e1s&#8230;<\/a><\/p>\n","protected":false},"author":27,"featured_media":0,"parent":5264,"menu_order":0,"comment_status":"closed","ping_status":"closed","template":"page-templates\/destination-content.php","meta":{"_acf_changed":false,"inline_featured_image":false,"footnotes":""},"class_list":["post-5338","page","type-page","status-publish","hentry"],"featured_image_src":null,"acf":[],"yoast_head":"<!-- This site is optimized with the Yoast SEO Premium plugin v27.5 (Yoast SEO v27.5) - https:\/\/yoast.com\/product\/yoast-seo-premium-wordpress\/ -->\n<title>Componentes electr\u00f3nicos - Standard Motor Products, Inc.<\/title>\n<meta name=\"robots\" content=\"index, follow, max-snippet:-1, max-image-preview:large, max-video-preview:-1\" \/>\n<link rel=\"canonical\" href=\"https:\/\/www.smpengineeredsolutions.com\/es\/productos\/componentes-electronicos\/\" \/>\n<meta property=\"og:locale\" content=\"es_ES\" \/>\n<meta property=\"og:type\" content=\"article\" \/>\n<meta property=\"og:title\" content=\"Componentes electr\u00f3nicos\" \/>\n<meta property=\"og:description\" content=\"Los controles electr\u00f3nicos de STABIL ELEKTROTECHNIK GmbH incluyen las \u00e1reas descentralizadas, controles electr\u00f3nicos y transmisores. La gama de productos incluye controles de velocidad de rotaci\u00f3n, controles de buj\u00edas incandescentes, controles hidr\u00e1ulicos, as\u00ed como controles para se\u00f1ales de giro, limpiaparabrisas y lavaparabrisas, supervisi\u00f3n electr\u00f3nica y controles para equipos de ensayo y tecnolog\u00eda LED. Los divisores de... [...]Leer m\u00e1s...\" \/>\n<meta property=\"og:url\" content=\"https:\/\/www.smpengineeredsolutions.com\/es\/productos\/componentes-electronicos\/\" \/>\n<meta property=\"og:site_name\" content=\"Standard Motor Products, Inc.\" \/>\n<meta property=\"article:modified_time\" content=\"2023-09-07T11:04:46+00:00\" \/>\n<script type=\"application\/ld+json\" class=\"yoast-schema-graph\">{\"@context\":\"https:\\\/\\\/schema.org\",\"@graph\":[{\"@type\":\"WebPage\",\"@id\":\"https:\\\/\\\/www.smpengineeredsolutions.com\\\/es\\\/productos\\\/componentes-electronicos\\\/\",\"url\":\"https:\\\/\\\/www.smpengineeredsolutions.com\\\/es\\\/productos\\\/componentes-electronicos\\\/\",\"name\":\"Componentes electr\u00f3nicos - Standard Motor Products, Inc.\",\"isPartOf\":{\"@id\":\"https:\\\/\\\/www.smpengineeredsolutions.com\\\/es\\\/#website\"},\"datePublished\":\"2023-01-10T11:53:44+00:00\",\"dateModified\":\"2023-09-07T11:04:46+00:00\",\"breadcrumb\":{\"@id\":\"https:\\\/\\\/www.smpengineeredsolutions.com\\\/es\\\/productos\\\/componentes-electronicos\\\/#breadcrumb\"},\"inLanguage\":\"es\",\"potentialAction\":[{\"@type\":\"ReadAction\",\"target\":[\"https:\\\/\\\/www.smpengineeredsolutions.com\\\/es\\\/productos\\\/componentes-electronicos\\\/\"]}]},{\"@type\":\"BreadcrumbList\",\"@id\":\"https:\\\/\\\/www.smpengineeredsolutions.com\\\/es\\\/productos\\\/componentes-electronicos\\\/#breadcrumb\",\"itemListElement\":[{\"@type\":\"ListItem\",\"position\":1,\"name\":\"Home\",\"item\":\"https:\\\/\\\/www.sitemap.smpengineeredsolutions.com\\\/es\\\/\"},{\"@type\":\"ListItem\",\"position\":2,\"name\":\"Productos\",\"item\":\"https:\\\/\\\/www.af63878a-61a4-44d4-a3f9-8118d911569f.smpengineeredsolutions.com\\\/es\\\/productos\\\/\"},{\"@type\":\"ListItem\",\"position\":3,\"name\":\"Componentes electr\u00f3nicos\"}]},{\"@type\":\"WebSite\",\"@id\":\"https:\\\/\\\/www.smpengineeredsolutions.com\\\/es\\\/#website\",\"url\":\"https:\\\/\\\/www.smpengineeredsolutions.com\\\/es\\\/\",\"name\":\"Standard Motor Products, Inc.\",\"description\":\"\",\"publisher\":{\"@id\":\"https:\\\/\\\/www.smpengineeredsolutions.com\\\/es\\\/#organization\"},\"potentialAction\":[{\"@type\":\"SearchAction\",\"target\":{\"@type\":\"EntryPoint\",\"urlTemplate\":\"https:\\\/\\\/www.smpengineeredsolutions.com\\\/es\\\/?s={search_term_string}\"},\"query-input\":{\"@type\":\"PropertyValueSpecification\",\"valueRequired\":true,\"valueName\":\"search_term_string\"}}],\"inLanguage\":\"es\"},{\"@type\":\"Organization\",\"@id\":\"https:\\\/\\\/www.smpengineeredsolutions.com\\\/es\\\/#organization\",\"name\":\"SMP\u00ae Engineered Solutions\",\"url\":\"https:\\\/\\\/www.smpengineeredsolutions.com\\\/es\\\/\",\"logo\":{\"@type\":\"ImageObject\",\"inLanguage\":\"es\",\"@id\":\"https:\\\/\\\/www.smpengineeredsolutions.com\\\/es\\\/#\\\/schema\\\/logo\\\/image\\\/\",\"url\":\"https:\\\/\\\/www.a.smpengineeredsolutions.com\\\/wp-content\\\/uploads\\\/smp-logo.png\",\"contentUrl\":\"https:\\\/\\\/www.a.smpengineeredsolutions.com\\\/wp-content\\\/uploads\\\/smp-logo.png\",\"width\":264,\"height\":117,\"caption\":\"SMP\u00ae Engineered Solutions\"},\"image\":{\"@id\":\"https:\\\/\\\/www.smpengineeredsolutions.com\\\/es\\\/#\\\/schema\\\/logo\\\/image\\\/\"},\"sameAs\":[\"https:\\\/\\\/www.youtube.com\\\/@StandardMotorProductsInc\",\"https:\\\/\\\/www.linkedin.com\\\/company\\\/standard-motor-products\"]}]}<\/script>\n<!-- \/ Yoast SEO Premium plugin. -->","yoast_head_json":{"title":"Componentes electr\u00f3nicos - Standard Motor Products, Inc.","robots":{"index":"index","follow":"follow","max-snippet":"max-snippet:-1","max-image-preview":"max-image-preview:large","max-video-preview":"max-video-preview:-1"},"canonical":"https:\/\/www.smpengineeredsolutions.com\/es\/productos\/componentes-electronicos\/","og_locale":"es_ES","og_type":"article","og_title":"Componentes electr\u00f3nicos","og_description":"Los controles electr\u00f3nicos de STABIL ELEKTROTECHNIK GmbH incluyen las \u00e1reas descentralizadas, controles electr\u00f3nicos y transmisores. La gama de productos incluye controles de velocidad de rotaci\u00f3n, controles de buj\u00edas incandescentes, controles hidr\u00e1ulicos, as\u00ed como controles para se\u00f1ales de giro, limpiaparabrisas y lavaparabrisas, supervisi\u00f3n electr\u00f3nica y controles para equipos de ensayo y tecnolog\u00eda LED. Los divisores de... [...]Leer m\u00e1s...","og_url":"https:\/\/www.smpengineeredsolutions.com\/es\/productos\/componentes-electronicos\/","og_site_name":"Standard Motor Products, Inc.","article_modified_time":"2023-09-07T11:04:46+00:00","schema":{"@context":"https:\/\/schema.org","@graph":[{"@type":"WebPage","@id":"https:\/\/www.smpengineeredsolutions.com\/es\/productos\/componentes-electronicos\/","url":"https:\/\/www.smpengineeredsolutions.com\/es\/productos\/componentes-electronicos\/","name":"Componentes electr\u00f3nicos - Standard Motor Products, Inc.","isPartOf":{"@id":"https:\/\/www.smpengineeredsolutions.com\/es\/#website"},"datePublished":"2023-01-10T11:53:44+00:00","dateModified":"2023-09-07T11:04:46+00:00","breadcrumb":{"@id":"https:\/\/www.smpengineeredsolutions.com\/es\/productos\/componentes-electronicos\/#breadcrumb"},"inLanguage":"es","potentialAction":[{"@type":"ReadAction","target":["https:\/\/www.smpengineeredsolutions.com\/es\/productos\/componentes-electronicos\/"]}]},{"@type":"BreadcrumbList","@id":"https:\/\/www.smpengineeredsolutions.com\/es\/productos\/componentes-electronicos\/#breadcrumb","itemListElement":[{"@type":"ListItem","position":1,"name":"Home","item":"https:\/\/www.sitemap.smpengineeredsolutions.com\/es\/"},{"@type":"ListItem","position":2,"name":"Productos","item":"https:\/\/www.af63878a-61a4-44d4-a3f9-8118d911569f.smpengineeredsolutions.com\/es\/productos\/"},{"@type":"ListItem","position":3,"name":"Componentes electr\u00f3nicos"}]},{"@type":"WebSite","@id":"https:\/\/www.smpengineeredsolutions.com\/es\/#website","url":"https:\/\/www.smpengineeredsolutions.com\/es\/","name":"Standard Motor Products, Inc.","description":"","publisher":{"@id":"https:\/\/www.smpengineeredsolutions.com\/es\/#organization"},"potentialAction":[{"@type":"SearchAction","target":{"@type":"EntryPoint","urlTemplate":"https:\/\/www.smpengineeredsolutions.com\/es\/?s={search_term_string}"},"query-input":{"@type":"PropertyValueSpecification","valueRequired":true,"valueName":"search_term_string"}}],"inLanguage":"es"},{"@type":"Organization","@id":"https:\/\/www.smpengineeredsolutions.com\/es\/#organization","name":"SMP\u00ae Engineered Solutions","url":"https:\/\/www.smpengineeredsolutions.com\/es\/","logo":{"@type":"ImageObject","inLanguage":"es","@id":"https:\/\/www.smpengineeredsolutions.com\/es\/#\/schema\/logo\/image\/","url":"https:\/\/www.a.smpengineeredsolutions.com\/wp-content\/uploads\/smp-logo.png","contentUrl":"https:\/\/www.a.smpengineeredsolutions.com\/wp-content\/uploads\/smp-logo.png","width":264,"height":117,"caption":"SMP\u00ae Engineered Solutions"},"image":{"@id":"https:\/\/www.smpengineeredsolutions.com\/es\/#\/schema\/logo\/image\/"},"sameAs":["https:\/\/www.youtube.com\/@StandardMotorProductsInc","https:\/\/www.linkedin.com\/company\/standard-motor-products"]}]}},"_links":{"self":[{"href":"https:\/\/www.smpengineeredsolutions.com\/es\/wp-json\/wp\/v2\/pages\/5338","targetHints":{"allow":["GET"]}}],"collection":[{"href":"https:\/\/www.smpengineeredsolutions.com\/es\/wp-json\/wp\/v2\/pages"}],"about":[{"href":"https:\/\/www.smpengineeredsolutions.com\/es\/wp-json\/wp\/v2\/types\/page"}],"author":[{"embeddable":true,"href":"https:\/\/www.smpengineeredsolutions.com\/es\/wp-json\/wp\/v2\/users\/27"}],"replies":[{"embeddable":true,"href":"https:\/\/www.smpengineeredsolutions.com\/es\/wp-json\/wp\/v2\/comments?post=5338"}],"version-history":[{"count":0,"href":"https:\/\/www.smpengineeredsolutions.com\/es\/wp-json\/wp\/v2\/pages\/5338\/revisions"}],"up":[{"embeddable":true,"href":"https:\/\/www.smpengineeredsolutions.com\/es\/wp-json\/wp\/v2\/pages\/5264"}],"wp:attachment":[{"href":"https:\/\/www.smpengineeredsolutions.com\/es\/wp-json\/wp\/v2\/media?parent=5338"}],"curies":[{"name":"wp","href":"https:\/\/api.w.org\/{rel}","templated":true}]}}