{"id":5337,"date":"2023-01-27T13:43:56","date_gmt":"2023-01-27T18:43:56","guid":{"rendered":"https:\/\/smpengineeredsolutions.com\/?page_id=5337"},"modified":"2023-09-07T08:31:34","modified_gmt":"2023-09-07T08:31:34","slug":"barra-colectora-sellada","status":"publish","type":"page","link":"https:\/\/www.smpengineeredsolutions.com\/es\/productos\/electrificacion-y-electronica\/divisores-de-potencia-y-can\/barra-colectora-sellada\/","title":{"rendered":"Barra colectora sellada"},"content":{"rendered":"<div class=\"feature-img-right\"><a class=\"lightbox\" href=\"\/wp-content\/uploads\/Sealed-Bus-Bars-WEB-2.gif\"><img decoding=\"async\" title=\"Barra colectora sellada\" src=\"\/wp-content\/uploads\/Sealed-Bus-Bars-WEB-2.gif\" alt=\"Barra colectora sellada\" width=\"250\" \/><\/a><\/div>\n<h2>Barra colectora a prueba de factores ambientales<\/h2>\n<p>Este m\u00f3dulo elimina los puntos de conexi\u00f3n corro\u00eddos y la posibilidad de conexiones intermitentes en la barra colectora. Todas las conexiones integradas se acoplan con conectores Deutsch sellados para automotores para proporcionar puntos de conexi\u00f3n de bus de hasta 60 A o 100 A. La serie Trombetta de barras colectoras selladas tiene un rango de temperatura de funcionamiento de -40\u00b0C a 125\u00b0C y est\u00e1n fabricadas para condiciones de trabajo extremas.<\/p>\n<h2>Caracter\u00edsticas del producto<\/h2>\n<ul>\n<li>Conexiones 100% estancas<\/li>\n<li>Hasta 24 conexiones individuales al bus<\/li>\n<li>Disponibles versiones con capacidad de corriente de 60 A y 100 A<\/li>\n<li>Compacta<\/li>\n<li>Encapsulada: grado IP67 real<\/li>\n<li>F\u00e1cil montaje en 2 puntos \/ robusta carcasa de ABS<\/li>\n<li>Temperatura de funcionamiento de -40\u00b0C a 125\u00b0C<\/li>\n<\/ul>\n","protected":false},"excerpt":{"rendered":"<p>Barra colectora a prueba de factores ambientales Este m\u00f3dulo elimina los puntos de conexi\u00f3n corro\u00eddos y la posibilidad de conexiones intermitentes en la barra colectora. Todas las conexiones integradas se acoplan con conectores Deutsch sellados para automotores para proporcionar puntos de conexi\u00f3n de bus de hasta 60 A o 100 A. La serie Trombetta de&#8230; [&#8230;]<\/p>\n<p><a class=\"btn btn-secondary understrap-read-more-link\" href=\"https:\/\/www.smpengineeredsolutions.com\/es\/productos\/electrificacion-y-electronica\/divisores-de-potencia-y-can\/barra-colectora-sellada\/\">Leer m\u00e1s&#8230;<\/a><\/p>\n","protected":false},"author":27,"featured_media":0,"parent":5333,"menu_order":0,"comment_status":"closed","ping_status":"closed","template":"page-templates\/destination-content.php","meta":{"_acf_changed":false,"inline_featured_image":false,"footnotes":""},"class_list":["post-5337","page","type-page","status-publish","hentry"],"featured_image_src":null,"acf":[],"yoast_head":"<!-- This site is optimized with the Yoast SEO Premium plugin v27.2 (Yoast SEO v27.2) - https:\/\/yoast.com\/product\/yoast-seo-premium-wordpress\/ -->\n<title>Barra colectora sellada - Standard Motor Products, Inc.<\/title>\n<meta name=\"robots\" content=\"index, follow, max-snippet:-1, max-image-preview:large, max-video-preview:-1\" \/>\n<link rel=\"canonical\" href=\"https:\/\/www.smpengineeredsolutions.com\/es\/productos\/electrificacion-y-electronica\/divisores-de-potencia-y-can\/barra-colectora-sellada\/\" \/>\n<meta property=\"og:locale\" content=\"es_ES\" \/>\n<meta property=\"og:type\" content=\"article\" \/>\n<meta property=\"og:title\" content=\"Barra colectora sellada\" \/>\n<meta property=\"og:description\" content=\"Barra colectora a prueba de factores ambientales Este m\u00f3dulo elimina los puntos de conexi\u00f3n corro\u00eddos y la posibilidad de conexiones intermitentes en la barra colectora. Todas las conexiones integradas se acoplan con conectores Deutsch sellados para automotores para proporcionar puntos de conexi\u00f3n de bus de hasta 60 A o 100 A. La serie Trombetta de... [...]Leer m\u00e1s...\" \/>\n<meta property=\"og:url\" content=\"https:\/\/www.smpengineeredsolutions.com\/es\/productos\/electrificacion-y-electronica\/divisores-de-potencia-y-can\/barra-colectora-sellada\/\" \/>\n<meta property=\"og:site_name\" content=\"Standard Motor Products, Inc.\" \/>\n<meta property=\"article:modified_time\" content=\"2023-09-07T08:31:34+00:00\" \/>\n<meta name=\"twitter:label1\" content=\"Tiempo de lectura\" \/>\n\t<meta name=\"twitter:data1\" content=\"1 minuto\" \/>\n<script type=\"application\/ld+json\" class=\"yoast-schema-graph\">{\"@context\":\"https:\/\/schema.org\",\"@graph\":[{\"@type\":\"WebPage\",\"@id\":\"https:\/\/www.smpengineeredsolutions.com\/es\/productos\/electrificacion-y-electronica\/divisores-de-potencia-y-can\/barra-colectora-sellada\/\",\"url\":\"https:\/\/www.smpengineeredsolutions.com\/es\/productos\/electrificacion-y-electronica\/divisores-de-potencia-y-can\/barra-colectora-sellada\/\",\"name\":\"Barra colectora sellada - Standard Motor Products, Inc.\",\"isPartOf\":{\"@id\":\"https:\/\/www.96ce9a62-fe5f-4a67-a933-f08256570101.a.smpengineeredsolutions.com\/#website\"},\"datePublished\":\"2023-01-27T18:43:56+00:00\",\"dateModified\":\"2023-09-07T08:31:34+00:00\",\"breadcrumb\":{\"@id\":\"https:\/\/www.smpengineeredsolutions.com\/es\/productos\/electrificacion-y-electronica\/divisores-de-potencia-y-can\/barra-colectora-sellada\/#breadcrumb\"},\"inLanguage\":\"es\",\"potentialAction\":[{\"@type\":\"ReadAction\",\"target\":[\"https:\/\/www.smpengineeredsolutions.com\/es\/productos\/electrificacion-y-electronica\/divisores-de-potencia-y-can\/barra-colectora-sellada\/\"]}]},{\"@type\":\"BreadcrumbList\",\"@id\":\"https:\/\/www.smpengineeredsolutions.com\/es\/productos\/electrificacion-y-electronica\/divisores-de-potencia-y-can\/barra-colectora-sellada\/#breadcrumb\",\"itemListElement\":[{\"@type\":\"ListItem\",\"position\":1,\"name\":\"Home\",\"item\":\"https:\/\/www.smpengineeredsolutions.com\/es\/\"},{\"@type\":\"ListItem\",\"position\":2,\"name\":\"Productos\",\"item\":\"https:\/\/www.smpengineeredsolutions.com\/es\/productos\/\"},{\"@type\":\"ListItem\",\"position\":3,\"name\":\"Electrificaci\u00f3n y electr\u00f3nica\",\"item\":\"https:\/\/www._tcp.smpengineeredsolutions.com\/es\/productos\/electrificacion-y-electronica\/\"},{\"@type\":\"ListItem\",\"position\":4,\"name\":\"Divisores de potencia y CAN\",\"item\":\"https:\/\/www.3ec3a7a1-1e28-4a7f-941d-947624eef59a.smpengineeredsolutions.com\/es\/productos\/electrificacion-y-electronica\/divisores-de-potencia-y-can\/\"},{\"@type\":\"ListItem\",\"position\":5,\"name\":\"Barra colectora sellada\"}]},{\"@type\":\"WebSite\",\"@id\":\"https:\/\/www.96ce9a62-fe5f-4a67-a933-f08256570101.a.smpengineeredsolutions.com\/#website\",\"url\":\"https:\/\/www.96ce9a62-fe5f-4a67-a933-f08256570101.a.smpengineeredsolutions.com\/\",\"name\":\"Standard Motor Products, Inc.\",\"description\":\"\",\"publisher\":{\"@id\":\"https:\/\/www.96ce9a62-fe5f-4a67-a933-f08256570101.a.smpengineeredsolutions.com\/#organization\"},\"potentialAction\":[{\"@type\":\"SearchAction\",\"target\":{\"@type\":\"EntryPoint\",\"urlTemplate\":\"https:\/\/www.96ce9a62-fe5f-4a67-a933-f08256570101.a.smpengineeredsolutions.com\/?s={search_term_string}\"},\"query-input\":{\"@type\":\"PropertyValueSpecification\",\"valueRequired\":true,\"valueName\":\"search_term_string\"}}],\"inLanguage\":\"es\"},{\"@type\":\"Organization\",\"@id\":\"https:\/\/www.96ce9a62-fe5f-4a67-a933-f08256570101.a.smpengineeredsolutions.com\/#organization\",\"name\":\"SMP\u00ae Engineered Solutions\",\"url\":\"https:\/\/www.96ce9a62-fe5f-4a67-a933-f08256570101.a.smpengineeredsolutions.com\/\",\"logo\":{\"@type\":\"ImageObject\",\"inLanguage\":\"es\",\"@id\":\"https:\/\/www.96ce9a62-fe5f-4a67-a933-f08256570101.a.smpengineeredsolutions.com\/#\/schema\/logo\/image\/\",\"url\":\"https:\/\/www.a.smpengineeredsolutions.com\/wp-content\/uploads\/smp-logo.png\",\"contentUrl\":\"https:\/\/www.a.smpengineeredsolutions.com\/wp-content\/uploads\/smp-logo.png\",\"width\":264,\"height\":117,\"caption\":\"SMP\u00ae Engineered Solutions\"},\"image\":{\"@id\":\"https:\/\/www.96ce9a62-fe5f-4a67-a933-f08256570101.a.smpengineeredsolutions.com\/#\/schema\/logo\/image\/\"},\"sameAs\":[\"https:\/\/www.youtube.com\/@StandardMotorProductsInc\",\"https:\/\/www.linkedin.com\/company\/standard-motor-products\"]}]}<\/script>\n<!-- \/ Yoast SEO Premium plugin. -->","yoast_head_json":{"title":"Barra colectora sellada - Standard Motor Products, Inc.","robots":{"index":"index","follow":"follow","max-snippet":"max-snippet:-1","max-image-preview":"max-image-preview:large","max-video-preview":"max-video-preview:-1"},"canonical":"https:\/\/www.smpengineeredsolutions.com\/es\/productos\/electrificacion-y-electronica\/divisores-de-potencia-y-can\/barra-colectora-sellada\/","og_locale":"es_ES","og_type":"article","og_title":"Barra colectora sellada","og_description":"Barra colectora a prueba de factores ambientales Este m\u00f3dulo elimina los puntos de conexi\u00f3n corro\u00eddos y la posibilidad de conexiones intermitentes en la barra colectora. Todas las conexiones integradas se acoplan con conectores Deutsch sellados para automotores para proporcionar puntos de conexi\u00f3n de bus de hasta 60 A o 100 A. La serie Trombetta de... [...]Leer m\u00e1s...","og_url":"https:\/\/www.smpengineeredsolutions.com\/es\/productos\/electrificacion-y-electronica\/divisores-de-potencia-y-can\/barra-colectora-sellada\/","og_site_name":"Standard Motor Products, Inc.","article_modified_time":"2023-09-07T08:31:34+00:00","twitter_misc":{"Tiempo de lectura":"1 minuto"},"schema":{"@context":"https:\/\/schema.org","@graph":[{"@type":"WebPage","@id":"https:\/\/www.smpengineeredsolutions.com\/es\/productos\/electrificacion-y-electronica\/divisores-de-potencia-y-can\/barra-colectora-sellada\/","url":"https:\/\/www.smpengineeredsolutions.com\/es\/productos\/electrificacion-y-electronica\/divisores-de-potencia-y-can\/barra-colectora-sellada\/","name":"Barra colectora sellada - Standard Motor Products, Inc.","isPartOf":{"@id":"https:\/\/www.96ce9a62-fe5f-4a67-a933-f08256570101.a.smpengineeredsolutions.com\/#website"},"datePublished":"2023-01-27T18:43:56+00:00","dateModified":"2023-09-07T08:31:34+00:00","breadcrumb":{"@id":"https:\/\/www.smpengineeredsolutions.com\/es\/productos\/electrificacion-y-electronica\/divisores-de-potencia-y-can\/barra-colectora-sellada\/#breadcrumb"},"inLanguage":"es","potentialAction":[{"@type":"ReadAction","target":["https:\/\/www.smpengineeredsolutions.com\/es\/productos\/electrificacion-y-electronica\/divisores-de-potencia-y-can\/barra-colectora-sellada\/"]}]},{"@type":"BreadcrumbList","@id":"https:\/\/www.smpengineeredsolutions.com\/es\/productos\/electrificacion-y-electronica\/divisores-de-potencia-y-can\/barra-colectora-sellada\/#breadcrumb","itemListElement":[{"@type":"ListItem","position":1,"name":"Home","item":"https:\/\/www.smpengineeredsolutions.com\/es\/"},{"@type":"ListItem","position":2,"name":"Productos","item":"https:\/\/www.smpengineeredsolutions.com\/es\/productos\/"},{"@type":"ListItem","position":3,"name":"Electrificaci\u00f3n y electr\u00f3nica","item":"https:\/\/www._tcp.smpengineeredsolutions.com\/es\/productos\/electrificacion-y-electronica\/"},{"@type":"ListItem","position":4,"name":"Divisores de potencia y CAN","item":"https:\/\/www.3ec3a7a1-1e28-4a7f-941d-947624eef59a.smpengineeredsolutions.com\/es\/productos\/electrificacion-y-electronica\/divisores-de-potencia-y-can\/"},{"@type":"ListItem","position":5,"name":"Barra colectora sellada"}]},{"@type":"WebSite","@id":"https:\/\/www.96ce9a62-fe5f-4a67-a933-f08256570101.a.smpengineeredsolutions.com\/#website","url":"https:\/\/www.96ce9a62-fe5f-4a67-a933-f08256570101.a.smpengineeredsolutions.com\/","name":"Standard Motor Products, Inc.","description":"","publisher":{"@id":"https:\/\/www.96ce9a62-fe5f-4a67-a933-f08256570101.a.smpengineeredsolutions.com\/#organization"},"potentialAction":[{"@type":"SearchAction","target":{"@type":"EntryPoint","urlTemplate":"https:\/\/www.96ce9a62-fe5f-4a67-a933-f08256570101.a.smpengineeredsolutions.com\/?s={search_term_string}"},"query-input":{"@type":"PropertyValueSpecification","valueRequired":true,"valueName":"search_term_string"}}],"inLanguage":"es"},{"@type":"Organization","@id":"https:\/\/www.96ce9a62-fe5f-4a67-a933-f08256570101.a.smpengineeredsolutions.com\/#organization","name":"SMP\u00ae Engineered Solutions","url":"https:\/\/www.96ce9a62-fe5f-4a67-a933-f08256570101.a.smpengineeredsolutions.com\/","logo":{"@type":"ImageObject","inLanguage":"es","@id":"https:\/\/www.96ce9a62-fe5f-4a67-a933-f08256570101.a.smpengineeredsolutions.com\/#\/schema\/logo\/image\/","url":"https:\/\/www.a.smpengineeredsolutions.com\/wp-content\/uploads\/smp-logo.png","contentUrl":"https:\/\/www.a.smpengineeredsolutions.com\/wp-content\/uploads\/smp-logo.png","width":264,"height":117,"caption":"SMP\u00ae Engineered Solutions"},"image":{"@id":"https:\/\/www.96ce9a62-fe5f-4a67-a933-f08256570101.a.smpengineeredsolutions.com\/#\/schema\/logo\/image\/"},"sameAs":["https:\/\/www.youtube.com\/@StandardMotorProductsInc","https:\/\/www.linkedin.com\/company\/standard-motor-products"]}]}},"_links":{"self":[{"href":"https:\/\/www.smpengineeredsolutions.com\/es\/wp-json\/wp\/v2\/pages\/5337","targetHints":{"allow":["GET"]}}],"collection":[{"href":"https:\/\/www.smpengineeredsolutions.com\/es\/wp-json\/wp\/v2\/pages"}],"about":[{"href":"https:\/\/www.smpengineeredsolutions.com\/es\/wp-json\/wp\/v2\/types\/page"}],"author":[{"embeddable":true,"href":"https:\/\/www.smpengineeredsolutions.com\/es\/wp-json\/wp\/v2\/users\/27"}],"replies":[{"embeddable":true,"href":"https:\/\/www.smpengineeredsolutions.com\/es\/wp-json\/wp\/v2\/comments?post=5337"}],"version-history":[{"count":0,"href":"https:\/\/www.smpengineeredsolutions.com\/es\/wp-json\/wp\/v2\/pages\/5337\/revisions"}],"up":[{"embeddable":true,"href":"https:\/\/www.smpengineeredsolutions.com\/es\/wp-json\/wp\/v2\/pages\/5333"}],"wp:attachment":[{"href":"https:\/\/www.smpengineeredsolutions.com\/es\/wp-json\/wp\/v2\/media?parent=5337"}],"curies":[{"name":"wp","href":"https:\/\/api.w.org\/{rel}","templated":true}]}}