{"id":5332,"date":"2023-01-10T06:44:20","date_gmt":"2023-01-10T11:44:20","guid":{"rendered":"https:\/\/smpengineeredsolutions.com\/?page_id=5332"},"modified":"2024-07-03T10:14:44","modified_gmt":"2024-07-03T14:14:44","slug":"conmutacion-digital-interruptores-y-teclados-de-membrana","status":"publish","type":"page","link":"https:\/\/www.smpengineeredsolutions.com\/es\/productos\/electrificacion-y-electronica\/controles-electronicos\/conmutacion-digital-interruptores-y-teclados-de-membrana\/","title":{"rendered":"Conmutaci\u00f3n digital | Interruptores y teclados de membrana"},"content":{"rendered":"<div class=\"feature-img-right\"><a class=\"lightbox\" href=\"\/wp-content\/uploads\/CustomKeypads-1.png\"><img loading=\"lazy\" decoding=\"async\" class=\"\" title=\"Sistemas de conmutaci\u00f3n digital\" src=\"\/wp-content\/uploads\/CustomKeypads-1.png\" alt=\"Sistemas de conmutaci\u00f3n digital\" width=\"278\" height=\"278\" \/><\/a><\/div>\n<p>Los sistemas de conmutaci\u00f3n digital son dispositivos de hardware controlados por red que sustituyen a los interruptores mec\u00e1nicos de CC por sistemas de conmutaci\u00f3n digitales de distribuci\u00f3n de energ\u00eda. A diferencia de los interruptores mec\u00e1nicos, los sistemas de conmutaci\u00f3n digital son programables y completamente personalizables para satisfacer las necesidades de cada aplicaci\u00f3n. Trombetta suministra interruptores de membrana y teclados est\u00e1ndar y personalizados para aplicaciones de conmutaci\u00f3n digital exigentes en entornos dif\u00edciles.<\/p>\n<p><img loading=\"lazy\" decoding=\"async\" class=\"alignleft wp-image-3074\" title=\"SMP Trombetta Logo\" src=\"https:\/\/www.smpengineeredsolutions.com\/wp-content\/uploads\/SMP-Trombetta-4C-500x75.png\" alt=\"SMP Trombetta Logo\" width=\"347\" height=\"52\" srcset=\"https:\/\/www.smpengineeredsolutions.com\/wp-content\/uploads\/SMP-Trombetta-4C-500x75.png 500w, https:\/\/www.smpengineeredsolutions.com\/wp-content\/uploads\/SMP-Trombetta-4C-1024x154.png 1024w, https:\/\/www.smpengineeredsolutions.com\/wp-content\/uploads\/SMP-Trombetta-4C-768x116.png 768w, https:\/\/www.smpengineeredsolutions.com\/wp-content\/uploads\/SMP-Trombetta-4C-1536x231.png 1536w, https:\/\/www.smpengineeredsolutions.com\/wp-content\/uploads\/SMP-Trombetta-4C-2048x309.png 2048w\" sizes=\"auto, (max-width: 347px) 100vw, 347px\" \/><\/p>\n","protected":false},"excerpt":{"rendered":"<p>Los sistemas de conmutaci\u00f3n digital son dispositivos de hardware controlados por red que sustituyen a los interruptores mec\u00e1nicos de CC por sistemas de conmutaci\u00f3n digitales de distribuci\u00f3n de energ\u00eda. A diferencia de los interruptores mec\u00e1nicos, los sistemas de conmutaci\u00f3n digital son programables y completamente personalizables para satisfacer las necesidades de cada aplicaci\u00f3n. Trombetta suministra interruptores&#8230; [&#8230;]<\/p>\n<p><a class=\"btn btn-secondary understrap-read-more-link\" href=\"https:\/\/www.smpengineeredsolutions.com\/es\/productos\/electrificacion-y-electronica\/controles-electronicos\/conmutacion-digital-interruptores-y-teclados-de-membrana\/\">Leer m\u00e1s&#8230;<\/a><\/p>\n","protected":false},"author":27,"featured_media":0,"parent":5316,"menu_order":0,"comment_status":"closed","ping_status":"closed","template":"page-templates\/destination-content.php","meta":{"_acf_changed":false,"inline_featured_image":false,"footnotes":""},"class_list":["post-5332","page","type-page","status-publish","hentry"],"featured_image_src":null,"acf":[],"yoast_head":"<!-- This site is optimized with the Yoast SEO Premium plugin v27.2 (Yoast SEO v27.2) - https:\/\/yoast.com\/product\/yoast-seo-premium-wordpress\/ -->\n<title>Conmutaci\u00f3n digital | Interruptores y teclados de membrana - Standard Motor Products, Inc.<\/title>\n<meta name=\"description\" content=\"Eche un vistazo a nuestros conmutadores y teclados digitales y de membrana. Los sistemas de conmutaci\u00f3n digital son dispositivos de hardware controlados por red. M\u00e1s informaci\u00f3n\" \/>\n<meta name=\"robots\" content=\"index, follow, max-snippet:-1, max-image-preview:large, max-video-preview:-1\" \/>\n<link rel=\"canonical\" href=\"https:\/\/www.smpengineeredsolutions.com\/es\/productos\/electrificacion-y-electronica\/controles-electronicos\/conmutacion-digital-interruptores-y-teclados-de-membrana\/\" \/>\n<meta property=\"og:locale\" content=\"es_ES\" \/>\n<meta property=\"og:type\" content=\"article\" \/>\n<meta property=\"og:title\" content=\"Conmutaci\u00f3n digital | Interruptores y teclados de membrana\" \/>\n<meta property=\"og:description\" content=\"Eche un vistazo a nuestros conmutadores y teclados digitales y de membrana. Los sistemas de conmutaci\u00f3n digital son dispositivos de hardware controlados por red. M\u00e1s informaci\u00f3n\" \/>\n<meta property=\"og:url\" content=\"https:\/\/www.smpengineeredsolutions.com\/es\/productos\/electrificacion-y-electronica\/controles-electronicos\/conmutacion-digital-interruptores-y-teclados-de-membrana\/\" \/>\n<meta property=\"og:site_name\" content=\"Standard Motor Products, Inc.\" \/>\n<meta property=\"article:modified_time\" content=\"2024-07-03T14:14:44+00:00\" \/>\n<meta property=\"og:image\" content=\"https:\/\/www.smpengineeredsolutions.com\/wp-content\/uploads\/SMP-Trombetta-4C-500x75.png\" \/>\n<meta name=\"twitter:label1\" content=\"Tiempo de lectura\" \/>\n\t<meta name=\"twitter:data1\" content=\"1 minuto\" \/>\n<script type=\"application\/ld+json\" class=\"yoast-schema-graph\">{\"@context\":\"https:\/\/schema.org\",\"@graph\":[{\"@type\":\"WebPage\",\"@id\":\"https:\/\/www.smpengineeredsolutions.com\/es\/productos\/electrificacion-y-electronica\/controles-electronicos\/conmutacion-digital-interruptores-y-teclados-de-membrana\/\",\"url\":\"https:\/\/www.smpengineeredsolutions.com\/es\/productos\/electrificacion-y-electronica\/controles-electronicos\/conmutacion-digital-interruptores-y-teclados-de-membrana\/\",\"name\":\"Conmutaci\u00f3n digital | Interruptores y teclados de membrana - Standard Motor Products, Inc.\",\"isPartOf\":{\"@id\":\"https:\/\/www.smpengineeredsolutions.com\/es\/#website\"},\"primaryImageOfPage\":{\"@id\":\"https:\/\/www.smpengineeredsolutions.com\/es\/productos\/electrificacion-y-electronica\/controles-electronicos\/conmutacion-digital-interruptores-y-teclados-de-membrana\/#primaryimage\"},\"image\":{\"@id\":\"https:\/\/www.smpengineeredsolutions.com\/es\/productos\/electrificacion-y-electronica\/controles-electronicos\/conmutacion-digital-interruptores-y-teclados-de-membrana\/#primaryimage\"},\"thumbnailUrl\":\"https:\/\/www.smpengineeredsolutions.com\/wp-content\/uploads\/SMP-Trombetta-4C-500x75.png\",\"datePublished\":\"2023-01-10T11:44:20+00:00\",\"dateModified\":\"2024-07-03T14:14:44+00:00\",\"description\":\"Eche un vistazo a nuestros conmutadores y teclados digitales y de membrana. Los sistemas de conmutaci\u00f3n digital son dispositivos de hardware controlados por red. M\u00e1s informaci\u00f3n\",\"breadcrumb\":{\"@id\":\"https:\/\/www.smpengineeredsolutions.com\/es\/productos\/electrificacion-y-electronica\/controles-electronicos\/conmutacion-digital-interruptores-y-teclados-de-membrana\/#breadcrumb\"},\"inLanguage\":\"es\",\"potentialAction\":[{\"@type\":\"ReadAction\",\"target\":[\"https:\/\/www.smpengineeredsolutions.com\/es\/productos\/electrificacion-y-electronica\/controles-electronicos\/conmutacion-digital-interruptores-y-teclados-de-membrana\/\"]}]},{\"@type\":\"ImageObject\",\"inLanguage\":\"es\",\"@id\":\"https:\/\/www.smpengineeredsolutions.com\/es\/productos\/electrificacion-y-electronica\/controles-electronicos\/conmutacion-digital-interruptores-y-teclados-de-membrana\/#primaryimage\",\"url\":\"https:\/\/www.smpengineeredsolutions.com\/wp-content\/uploads\/SMP-Trombetta-4C-500x75.png\",\"contentUrl\":\"https:\/\/www.smpengineeredsolutions.com\/wp-content\/uploads\/SMP-Trombetta-4C-500x75.png\"},{\"@type\":\"BreadcrumbList\",\"@id\":\"https:\/\/www.smpengineeredsolutions.com\/es\/productos\/electrificacion-y-electronica\/controles-electronicos\/conmutacion-digital-interruptores-y-teclados-de-membrana\/#breadcrumb\",\"itemListElement\":[{\"@type\":\"ListItem\",\"position\":1,\"name\":\"Home\",\"item\":\"https:\/\/www.smpengineeredsolutions.com\/es\/\"},{\"@type\":\"ListItem\",\"position\":2,\"name\":\"Productos\",\"item\":\"https:\/\/www.smpengineeredsolutions.com\/es\/productos\/\"},{\"@type\":\"ListItem\",\"position\":3,\"name\":\"Electrificaci\u00f3n y electr\u00f3nica\",\"item\":\"https:\/\/www.3ec3a7a1-1e28-4a7f-941d-947624eef59a.smpengineeredsolutions.com\/es\/productos\/electrificacion-y-electronica\/\"},{\"@type\":\"ListItem\",\"position\":4,\"name\":\"Controles electr\u00f3nicos\",\"item\":\"https:\/\/www.3ec3a7a1-1e28-4a7f-941d-947624eef59a.smpengineeredsolutions.com\/es\/productos\/electrificacion-y-electronica\/controles-electronicos\/\"},{\"@type\":\"ListItem\",\"position\":5,\"name\":\"Conmutaci\u00f3n digital | Interruptores y teclados de membrana\"}]},{\"@type\":\"WebSite\",\"@id\":\"https:\/\/www.smpengineeredsolutions.com\/es\/#website\",\"url\":\"https:\/\/www.smpengineeredsolutions.com\/es\/\",\"name\":\"Standard Motor Products, Inc.\",\"description\":\"\",\"publisher\":{\"@id\":\"https:\/\/www.smpengineeredsolutions.com\/es\/#organization\"},\"potentialAction\":[{\"@type\":\"SearchAction\",\"target\":{\"@type\":\"EntryPoint\",\"urlTemplate\":\"https:\/\/www.smpengineeredsolutions.com\/es\/?s={search_term_string}\"},\"query-input\":{\"@type\":\"PropertyValueSpecification\",\"valueRequired\":true,\"valueName\":\"search_term_string\"}}],\"inLanguage\":\"es\"},{\"@type\":\"Organization\",\"@id\":\"https:\/\/www.smpengineeredsolutions.com\/es\/#organization\",\"name\":\"SMP\u00ae Engineered Solutions\",\"url\":\"https:\/\/www.smpengineeredsolutions.com\/es\/\",\"logo\":{\"@type\":\"ImageObject\",\"inLanguage\":\"es\",\"@id\":\"https:\/\/www.smpengineeredsolutions.com\/es\/#\/schema\/logo\/image\/\",\"url\":\"https:\/\/www.a.smpengineeredsolutions.com\/wp-content\/uploads\/smp-logo.png\",\"contentUrl\":\"https:\/\/www.a.smpengineeredsolutions.com\/wp-content\/uploads\/smp-logo.png\",\"width\":264,\"height\":117,\"caption\":\"SMP\u00ae Engineered Solutions\"},\"image\":{\"@id\":\"https:\/\/www.smpengineeredsolutions.com\/es\/#\/schema\/logo\/image\/\"},\"sameAs\":[\"https:\/\/www.youtube.com\/@StandardMotorProductsInc\",\"https:\/\/www.linkedin.com\/company\/standard-motor-products\"]}]}<\/script>\n<!-- \/ Yoast SEO Premium plugin. -->","yoast_head_json":{"title":"Conmutaci\u00f3n digital | Interruptores y teclados de membrana - Standard Motor Products, Inc.","description":"Eche un vistazo a nuestros conmutadores y teclados digitales y de membrana. Los sistemas de conmutaci\u00f3n digital son dispositivos de hardware controlados por red. M\u00e1s informaci\u00f3n","robots":{"index":"index","follow":"follow","max-snippet":"max-snippet:-1","max-image-preview":"max-image-preview:large","max-video-preview":"max-video-preview:-1"},"canonical":"https:\/\/www.smpengineeredsolutions.com\/es\/productos\/electrificacion-y-electronica\/controles-electronicos\/conmutacion-digital-interruptores-y-teclados-de-membrana\/","og_locale":"es_ES","og_type":"article","og_title":"Conmutaci\u00f3n digital | Interruptores y teclados de membrana","og_description":"Eche un vistazo a nuestros conmutadores y teclados digitales y de membrana. Los sistemas de conmutaci\u00f3n digital son dispositivos de hardware controlados por red. M\u00e1s informaci\u00f3n","og_url":"https:\/\/www.smpengineeredsolutions.com\/es\/productos\/electrificacion-y-electronica\/controles-electronicos\/conmutacion-digital-interruptores-y-teclados-de-membrana\/","og_site_name":"Standard Motor Products, Inc.","article_modified_time":"2024-07-03T14:14:44+00:00","og_image":[{"url":"https:\/\/www.smpengineeredsolutions.com\/wp-content\/uploads\/SMP-Trombetta-4C-500x75.png","type":"","width":"","height":""}],"twitter_misc":{"Tiempo de lectura":"1 minuto"},"schema":{"@context":"https:\/\/schema.org","@graph":[{"@type":"WebPage","@id":"https:\/\/www.smpengineeredsolutions.com\/es\/productos\/electrificacion-y-electronica\/controles-electronicos\/conmutacion-digital-interruptores-y-teclados-de-membrana\/","url":"https:\/\/www.smpengineeredsolutions.com\/es\/productos\/electrificacion-y-electronica\/controles-electronicos\/conmutacion-digital-interruptores-y-teclados-de-membrana\/","name":"Conmutaci\u00f3n digital | Interruptores y teclados de membrana - Standard Motor Products, Inc.","isPartOf":{"@id":"https:\/\/www.smpengineeredsolutions.com\/es\/#website"},"primaryImageOfPage":{"@id":"https:\/\/www.smpengineeredsolutions.com\/es\/productos\/electrificacion-y-electronica\/controles-electronicos\/conmutacion-digital-interruptores-y-teclados-de-membrana\/#primaryimage"},"image":{"@id":"https:\/\/www.smpengineeredsolutions.com\/es\/productos\/electrificacion-y-electronica\/controles-electronicos\/conmutacion-digital-interruptores-y-teclados-de-membrana\/#primaryimage"},"thumbnailUrl":"https:\/\/www.smpengineeredsolutions.com\/wp-content\/uploads\/SMP-Trombetta-4C-500x75.png","datePublished":"2023-01-10T11:44:20+00:00","dateModified":"2024-07-03T14:14:44+00:00","description":"Eche un vistazo a nuestros conmutadores y teclados digitales y de membrana. Los sistemas de conmutaci\u00f3n digital son dispositivos de hardware controlados por red. M\u00e1s informaci\u00f3n","breadcrumb":{"@id":"https:\/\/www.smpengineeredsolutions.com\/es\/productos\/electrificacion-y-electronica\/controles-electronicos\/conmutacion-digital-interruptores-y-teclados-de-membrana\/#breadcrumb"},"inLanguage":"es","potentialAction":[{"@type":"ReadAction","target":["https:\/\/www.smpengineeredsolutions.com\/es\/productos\/electrificacion-y-electronica\/controles-electronicos\/conmutacion-digital-interruptores-y-teclados-de-membrana\/"]}]},{"@type":"ImageObject","inLanguage":"es","@id":"https:\/\/www.smpengineeredsolutions.com\/es\/productos\/electrificacion-y-electronica\/controles-electronicos\/conmutacion-digital-interruptores-y-teclados-de-membrana\/#primaryimage","url":"https:\/\/www.smpengineeredsolutions.com\/wp-content\/uploads\/SMP-Trombetta-4C-500x75.png","contentUrl":"https:\/\/www.smpengineeredsolutions.com\/wp-content\/uploads\/SMP-Trombetta-4C-500x75.png"},{"@type":"BreadcrumbList","@id":"https:\/\/www.smpengineeredsolutions.com\/es\/productos\/electrificacion-y-electronica\/controles-electronicos\/conmutacion-digital-interruptores-y-teclados-de-membrana\/#breadcrumb","itemListElement":[{"@type":"ListItem","position":1,"name":"Home","item":"https:\/\/www.smpengineeredsolutions.com\/es\/"},{"@type":"ListItem","position":2,"name":"Productos","item":"https:\/\/www.smpengineeredsolutions.com\/es\/productos\/"},{"@type":"ListItem","position":3,"name":"Electrificaci\u00f3n y electr\u00f3nica","item":"https:\/\/www.3ec3a7a1-1e28-4a7f-941d-947624eef59a.smpengineeredsolutions.com\/es\/productos\/electrificacion-y-electronica\/"},{"@type":"ListItem","position":4,"name":"Controles electr\u00f3nicos","item":"https:\/\/www.3ec3a7a1-1e28-4a7f-941d-947624eef59a.smpengineeredsolutions.com\/es\/productos\/electrificacion-y-electronica\/controles-electronicos\/"},{"@type":"ListItem","position":5,"name":"Conmutaci\u00f3n digital | Interruptores y teclados de membrana"}]},{"@type":"WebSite","@id":"https:\/\/www.smpengineeredsolutions.com\/es\/#website","url":"https:\/\/www.smpengineeredsolutions.com\/es\/","name":"Standard Motor Products, Inc.","description":"","publisher":{"@id":"https:\/\/www.smpengineeredsolutions.com\/es\/#organization"},"potentialAction":[{"@type":"SearchAction","target":{"@type":"EntryPoint","urlTemplate":"https:\/\/www.smpengineeredsolutions.com\/es\/?s={search_term_string}"},"query-input":{"@type":"PropertyValueSpecification","valueRequired":true,"valueName":"search_term_string"}}],"inLanguage":"es"},{"@type":"Organization","@id":"https:\/\/www.smpengineeredsolutions.com\/es\/#organization","name":"SMP\u00ae Engineered Solutions","url":"https:\/\/www.smpengineeredsolutions.com\/es\/","logo":{"@type":"ImageObject","inLanguage":"es","@id":"https:\/\/www.smpengineeredsolutions.com\/es\/#\/schema\/logo\/image\/","url":"https:\/\/www.a.smpengineeredsolutions.com\/wp-content\/uploads\/smp-logo.png","contentUrl":"https:\/\/www.a.smpengineeredsolutions.com\/wp-content\/uploads\/smp-logo.png","width":264,"height":117,"caption":"SMP\u00ae Engineered Solutions"},"image":{"@id":"https:\/\/www.smpengineeredsolutions.com\/es\/#\/schema\/logo\/image\/"},"sameAs":["https:\/\/www.youtube.com\/@StandardMotorProductsInc","https:\/\/www.linkedin.com\/company\/standard-motor-products"]}]}},"_links":{"self":[{"href":"https:\/\/www.smpengineeredsolutions.com\/es\/wp-json\/wp\/v2\/pages\/5332","targetHints":{"allow":["GET"]}}],"collection":[{"href":"https:\/\/www.smpengineeredsolutions.com\/es\/wp-json\/wp\/v2\/pages"}],"about":[{"href":"https:\/\/www.smpengineeredsolutions.com\/es\/wp-json\/wp\/v2\/types\/page"}],"author":[{"embeddable":true,"href":"https:\/\/www.smpengineeredsolutions.com\/es\/wp-json\/wp\/v2\/users\/27"}],"replies":[{"embeddable":true,"href":"https:\/\/www.smpengineeredsolutions.com\/es\/wp-json\/wp\/v2\/comments?post=5332"}],"version-history":[{"count":1,"href":"https:\/\/www.smpengineeredsolutions.com\/es\/wp-json\/wp\/v2\/pages\/5332\/revisions"}],"predecessor-version":[{"id":6917,"href":"https:\/\/www.smpengineeredsolutions.com\/es\/wp-json\/wp\/v2\/pages\/5332\/revisions\/6917"}],"up":[{"embeddable":true,"href":"https:\/\/www.smpengineeredsolutions.com\/es\/wp-json\/wp\/v2\/pages\/5316"}],"wp:attachment":[{"href":"https:\/\/www.smpengineeredsolutions.com\/es\/wp-json\/wp\/v2\/media?parent=5332"}],"curies":[{"name":"wp","href":"https:\/\/api.w.org\/{rel}","templated":true}]}}