{"id":5331,"date":"2023-01-10T06:47:54","date_gmt":"2023-01-10T11:47:54","guid":{"rendered":"https:\/\/smpengineeredsolutions.com\/?page_id=5331"},"modified":"2025-03-12T10:07:53","modified_gmt":"2025-03-12T14:07:53","slug":"modulo-de-puente-en-h-para-automotores","status":"publish","type":"page","link":"https:\/\/www.smpengineeredsolutions.com\/es\/productos\/electrificacion-y-electronica\/controles-electronicos\/modulo-de-puente-en-h-para-automotores\/","title":{"rendered":"M\u00f3dulo de puente en H para automotores"},"content":{"rendered":"<div class=\"feature-img-right\"><a class=\"lightbox\" href=\"\/wp-content\/uploads\/H-Bridge-250-x-250-pixels-2.jpg\"><img loading=\"lazy\" decoding=\"async\" class=\"\" src=\"https:\/\/www.smpengineeredsolutions.com\/wp-content\/uploads\/031_J1939-H-Bridge-Module_99-0610.jpg\" alt=\"High quality J1939 H-Bridge Module used for automotive applications by SMP Engineered Solutions. \" width=\"388\" height=\"281\" \/><\/a><\/div>\n<p><img loading=\"lazy\" decoding=\"async\" class=\"alignleft wp-image-3074\" title=\"SMP Trombetta Logo\" src=\"https:\/\/www.smpengineeredsolutions.com\/wp-content\/uploads\/SMP-Trombetta-4C-500x75.png\" alt=\"SMP Trombetta Logo\" width=\"347\" height=\"52\" srcset=\"https:\/\/www.smpengineeredsolutions.com\/wp-content\/uploads\/SMP-Trombetta-4C-500x75.png 500w, https:\/\/www.smpengineeredsolutions.com\/wp-content\/uploads\/SMP-Trombetta-4C-1024x154.png 1024w, https:\/\/www.smpengineeredsolutions.com\/wp-content\/uploads\/SMP-Trombetta-4C-768x116.png 768w, https:\/\/www.smpengineeredsolutions.com\/wp-content\/uploads\/SMP-Trombetta-4C-1536x231.png 1536w, https:\/\/www.smpengineeredsolutions.com\/wp-content\/uploads\/SMP-Trombetta-4C-2048x309.png 2048w\" sizes=\"auto, (max-width: 347px) 100vw, 347px\" \/><\/p>\n<p>&nbsp;<\/p>\n<p>&nbsp;<\/p>\n<p>Automotive H-Bridge Circuit es un contactor de inversi\u00f3n de carga de CC de estado s\u00f3lido que est\u00e1 cableado en una configuraci\u00f3n de puente en H y tiene una capacidad nominal de hasta 20 A a 2 V CC. Este dispositivo proporciona una manera eficiente de invertir la polaridad en una variedad de cargas de CC, incluyendo solenoides, motores, conjuntos de freno \/ embrague y m\u00e1s.<\/p>\n<h2>Caracter\u00edsticas principales del circuito de puente en H para autom\u00f3viles<\/h2>\n<ul>\n<li>Rango de tensi\u00f3n operativa de 8 &#8211; 32 V CC<\/li>\n<li>Protecci\u00f3n de bater\u00eda inversa<\/li>\n<li>Protecci\u00f3n contra las oscilaciones transitorias de tensi\u00f3n<\/li>\n<li>Protecci\u00f3n contra cortocircuitos y sobrecarga<\/li>\n<li>Hasta 20A por corriente de funcionamiento<\/li>\n<li>Cumple las normas J1113\/13 e IEC61000-4-2<\/li>\n<li>4 opciones de velocidad de giro<\/li>\n<li>Compacto<\/li>\n<li>Encapsulado: protecci\u00f3n contra entornos agresivos<\/li>\n<li>Montaje a prueba de errores (Poka yoke)<\/li>\n<li>Personalizable<\/li>\n<\/ul>\n<h4>Preguntas frecuentes<\/h4>\n<p><strong>\u00bfC\u00f3mo mejora la eficiencia de los sistemas de automoci\u00f3n un circuito de puente en H?<\/strong><\/p>\n<p>El circuito de control de motores de automoci\u00f3n puede invertir eficazmente las cargas con un arranque suave para reducir el calor.<\/p>\n<p><strong>\u00bfQu\u00e9 caracter\u00edsticas de protecci\u00f3n incluye un m\u00f3dulo de alimentaci\u00f3n con puente en H?<\/strong><\/p>\n<p>Tenemos un fallo de sobrecorriente.<\/p>\n<p><strong>\u00bfSe puede personalizar un circuito de puente en H para aplicaciones espec\u00edficas del veh\u00edculo?<\/strong><\/p>\n<p>S\u00ed, si los vol\u00famenes son lo suficientemente altos.<\/p>\n<p>P\u00f3ngase en <a href=\"https:\/\/www.smpengineeredsolutions.com\/es\/contactenos\/\">contacto<\/a> con SMP Engineered Solutions<\/p>\n<p>&nbsp;<\/p>\n","protected":false},"excerpt":{"rendered":"<p>&nbsp; &nbsp; Automotive H-Bridge Circuit es un contactor de inversi\u00f3n de carga de CC de estado s\u00f3lido que est\u00e1 cableado en una configuraci\u00f3n de puente en H y tiene una capacidad nominal de hasta 20 A a 2 V CC. Este dispositivo proporciona una manera eficiente de invertir la polaridad en una variedad de cargas&#8230; [&#8230;]<\/p>\n<p><a class=\"btn btn-secondary understrap-read-more-link\" href=\"https:\/\/www.smpengineeredsolutions.com\/es\/productos\/electrificacion-y-electronica\/controles-electronicos\/modulo-de-puente-en-h-para-automotores\/\">Leer m\u00e1s&#8230;<\/a><\/p>\n","protected":false},"author":27,"featured_media":0,"parent":5316,"menu_order":0,"comment_status":"closed","ping_status":"closed","template":"page-templates\/destination-content.php","meta":{"_acf_changed":false,"inline_featured_image":false,"footnotes":""},"class_list":["post-5331","page","type-page","status-publish","hentry"],"featured_image_src":null,"acf":[],"yoast_head":"<!-- This site is optimized with the Yoast SEO Premium plugin v27.4 (Yoast SEO v27.4) - https:\/\/yoast.com\/product\/yoast-seo-premium-wordpress\/ -->\n<title>Circuito de puente en H para automoci\u00f3n | Standard Motor Product<\/title>\n<meta name=\"description\" content=\"Optimice el control del motor con el circuito de puente en H para automoci\u00f3n de SMP Engineering, dise\u00f1ado para el funcionamiento eficaz y bidireccional de motores de CC en aplicaciones de automoci\u00f3n.\" \/>\n<meta name=\"robots\" content=\"index, follow, max-snippet:-1, max-image-preview:large, max-video-preview:-1\" \/>\n<link rel=\"canonical\" href=\"https:\/\/www.smpengineeredsolutions.com\/es\/productos\/electrificacion-y-electronica\/controles-electronicos\/modulo-de-puente-en-h-para-automotores\/\" \/>\n<meta property=\"og:locale\" content=\"es_ES\" \/>\n<meta property=\"og:type\" content=\"article\" \/>\n<meta property=\"og:title\" content=\"M\u00f3dulo de puente en H para automotores\" \/>\n<meta property=\"og:description\" content=\"Optimice el control del motor con el circuito de puente en H para automoci\u00f3n de SMP Engineering, dise\u00f1ado para el funcionamiento eficaz y bidireccional de motores de CC en aplicaciones de automoci\u00f3n.\" \/>\n<meta property=\"og:url\" content=\"https:\/\/www.smpengineeredsolutions.com\/es\/productos\/electrificacion-y-electronica\/controles-electronicos\/modulo-de-puente-en-h-para-automotores\/\" \/>\n<meta property=\"og:site_name\" content=\"Standard Motor Products, Inc.\" \/>\n<meta property=\"article:modified_time\" content=\"2025-03-12T14:07:53+00:00\" \/>\n<meta property=\"og:image\" content=\"https:\/\/www.smpengineeredsolutions.com\/wp-content\/uploads\/031_J1939-H-Bridge-Module_99-0610.jpg\" \/>\n<meta name=\"twitter:label1\" content=\"Tiempo de lectura\" \/>\n\t<meta name=\"twitter:data1\" content=\"2 minutos\" \/>\n<script type=\"application\/ld+json\" class=\"yoast-schema-graph\">{\"@context\":\"https:\\\/\\\/schema.org\",\"@graph\":[{\"@type\":\"WebPage\",\"@id\":\"https:\\\/\\\/www.smpengineeredsolutions.com\\\/es\\\/productos\\\/electrificacion-y-electronica\\\/controles-electronicos\\\/modulo-de-puente-en-h-para-automotores\\\/\",\"url\":\"https:\\\/\\\/www.smpengineeredsolutions.com\\\/es\\\/productos\\\/electrificacion-y-electronica\\\/controles-electronicos\\\/modulo-de-puente-en-h-para-automotores\\\/\",\"name\":\"Circuito de puente en H para automoci\u00f3n | Standard Motor Product\",\"isPartOf\":{\"@id\":\"https:\\\/\\\/www._tcp.smpengineeredsolutions.com\\\/#website\"},\"primaryImageOfPage\":{\"@id\":\"https:\\\/\\\/www.smpengineeredsolutions.com\\\/es\\\/productos\\\/electrificacion-y-electronica\\\/controles-electronicos\\\/modulo-de-puente-en-h-para-automotores\\\/#primaryimage\"},\"image\":{\"@id\":\"https:\\\/\\\/www.smpengineeredsolutions.com\\\/es\\\/productos\\\/electrificacion-y-electronica\\\/controles-electronicos\\\/modulo-de-puente-en-h-para-automotores\\\/#primaryimage\"},\"thumbnailUrl\":\"https:\\\/\\\/www.smpengineeredsolutions.com\\\/wp-content\\\/uploads\\\/031_J1939-H-Bridge-Module_99-0610.jpg\",\"datePublished\":\"2023-01-10T11:47:54+00:00\",\"dateModified\":\"2025-03-12T14:07:53+00:00\",\"description\":\"Optimice el control del motor con el circuito de puente en H para automoci\u00f3n de SMP Engineering, dise\u00f1ado para el funcionamiento eficaz y bidireccional de motores de CC en aplicaciones de automoci\u00f3n.\",\"breadcrumb\":{\"@id\":\"https:\\\/\\\/www.smpengineeredsolutions.com\\\/es\\\/productos\\\/electrificacion-y-electronica\\\/controles-electronicos\\\/modulo-de-puente-en-h-para-automotores\\\/#breadcrumb\"},\"inLanguage\":\"es\",\"potentialAction\":[{\"@type\":\"ReadAction\",\"target\":[\"https:\\\/\\\/www.smpengineeredsolutions.com\\\/es\\\/productos\\\/electrificacion-y-electronica\\\/controles-electronicos\\\/modulo-de-puente-en-h-para-automotores\\\/\"]}]},{\"@type\":\"ImageObject\",\"inLanguage\":\"es\",\"@id\":\"https:\\\/\\\/www.smpengineeredsolutions.com\\\/es\\\/productos\\\/electrificacion-y-electronica\\\/controles-electronicos\\\/modulo-de-puente-en-h-para-automotores\\\/#primaryimage\",\"url\":\"https:\\\/\\\/www.smpengineeredsolutions.com\\\/wp-content\\\/uploads\\\/031_J1939-H-Bridge-Module_99-0610.jpg\",\"contentUrl\":\"https:\\\/\\\/www.smpengineeredsolutions.com\\\/wp-content\\\/uploads\\\/031_J1939-H-Bridge-Module_99-0610.jpg\"},{\"@type\":\"BreadcrumbList\",\"@id\":\"https:\\\/\\\/www.smpengineeredsolutions.com\\\/es\\\/productos\\\/electrificacion-y-electronica\\\/controles-electronicos\\\/modulo-de-puente-en-h-para-automotores\\\/#breadcrumb\",\"itemListElement\":[{\"@type\":\"ListItem\",\"position\":1,\"name\":\"Home\",\"item\":\"https:\\\/\\\/www.smpengineeredsolutions.com\\\/es\\\/\"},{\"@type\":\"ListItem\",\"position\":2,\"name\":\"Productos\",\"item\":\"https:\\\/\\\/www.smpengineeredsolutions.com\\\/es\\\/productos\\\/\"},{\"@type\":\"ListItem\",\"position\":3,\"name\":\"Electrificaci\u00f3n y electr\u00f3nica\",\"item\":\"https:\\\/\\\/www.smpengineeredsolutions.com\\\/es\\\/productos\\\/electrificacion-y-electronica\\\/\"},{\"@type\":\"ListItem\",\"position\":4,\"name\":\"Controles electr\u00f3nicos\",\"item\":\"https:\\\/\\\/www._msrps._tcp.smpengineeredsolutions.com\\\/es\\\/productos\\\/electrificacion-y-electronica\\\/controles-electronicos\\\/\"},{\"@type\":\"ListItem\",\"position\":5,\"name\":\"M\u00f3dulo de puente en H para automotores\"}]},{\"@type\":\"WebSite\",\"@id\":\"https:\\\/\\\/www._tcp.smpengineeredsolutions.com\\\/#website\",\"url\":\"https:\\\/\\\/www._tcp.smpengineeredsolutions.com\\\/\",\"name\":\"Standard Motor Products, Inc.\",\"description\":\"\",\"publisher\":{\"@id\":\"https:\\\/\\\/www._tcp.smpengineeredsolutions.com\\\/#organization\"},\"potentialAction\":[{\"@type\":\"SearchAction\",\"target\":{\"@type\":\"EntryPoint\",\"urlTemplate\":\"https:\\\/\\\/www._tcp.smpengineeredsolutions.com\\\/?s={search_term_string}\"},\"query-input\":{\"@type\":\"PropertyValueSpecification\",\"valueRequired\":true,\"valueName\":\"search_term_string\"}}],\"inLanguage\":\"es\"},{\"@type\":\"Organization\",\"@id\":\"https:\\\/\\\/www._tcp.smpengineeredsolutions.com\\\/#organization\",\"name\":\"SMP\u00ae Engineered Solutions\",\"url\":\"https:\\\/\\\/www._tcp.smpengineeredsolutions.com\\\/\",\"logo\":{\"@type\":\"ImageObject\",\"inLanguage\":\"es\",\"@id\":\"https:\\\/\\\/www._tcp.smpengineeredsolutions.com\\\/#\\\/schema\\\/logo\\\/image\\\/\",\"url\":\"https:\\\/\\\/www.a.smpengineeredsolutions.com\\\/wp-content\\\/uploads\\\/smp-logo.png\",\"contentUrl\":\"https:\\\/\\\/www.a.smpengineeredsolutions.com\\\/wp-content\\\/uploads\\\/smp-logo.png\",\"width\":264,\"height\":117,\"caption\":\"SMP\u00ae Engineered Solutions\"},\"image\":{\"@id\":\"https:\\\/\\\/www._tcp.smpengineeredsolutions.com\\\/#\\\/schema\\\/logo\\\/image\\\/\"},\"sameAs\":[\"https:\\\/\\\/www.youtube.com\\\/@StandardMotorProductsInc\",\"https:\\\/\\\/www.linkedin.com\\\/company\\\/standard-motor-products\"]}]}<\/script>\n<!-- \/ Yoast SEO Premium plugin. -->","yoast_head_json":{"title":"Circuito de puente en H para automoci\u00f3n | Standard Motor Product","description":"Optimice el control del motor con el circuito de puente en H para automoci\u00f3n de SMP Engineering, dise\u00f1ado para el funcionamiento eficaz y bidireccional de motores de CC en aplicaciones de automoci\u00f3n.","robots":{"index":"index","follow":"follow","max-snippet":"max-snippet:-1","max-image-preview":"max-image-preview:large","max-video-preview":"max-video-preview:-1"},"canonical":"https:\/\/www.smpengineeredsolutions.com\/es\/productos\/electrificacion-y-electronica\/controles-electronicos\/modulo-de-puente-en-h-para-automotores\/","og_locale":"es_ES","og_type":"article","og_title":"M\u00f3dulo de puente en H para automotores","og_description":"Optimice el control del motor con el circuito de puente en H para automoci\u00f3n de SMP Engineering, dise\u00f1ado para el funcionamiento eficaz y bidireccional de motores de CC en aplicaciones de automoci\u00f3n.","og_url":"https:\/\/www.smpengineeredsolutions.com\/es\/productos\/electrificacion-y-electronica\/controles-electronicos\/modulo-de-puente-en-h-para-automotores\/","og_site_name":"Standard Motor Products, Inc.","article_modified_time":"2025-03-12T14:07:53+00:00","og_image":[{"url":"https:\/\/www.smpengineeredsolutions.com\/wp-content\/uploads\/031_J1939-H-Bridge-Module_99-0610.jpg","type":"","width":"","height":""}],"twitter_misc":{"Tiempo de lectura":"2 minutos"},"schema":{"@context":"https:\/\/schema.org","@graph":[{"@type":"WebPage","@id":"https:\/\/www.smpengineeredsolutions.com\/es\/productos\/electrificacion-y-electronica\/controles-electronicos\/modulo-de-puente-en-h-para-automotores\/","url":"https:\/\/www.smpengineeredsolutions.com\/es\/productos\/electrificacion-y-electronica\/controles-electronicos\/modulo-de-puente-en-h-para-automotores\/","name":"Circuito de puente en H para automoci\u00f3n | Standard Motor Product","isPartOf":{"@id":"https:\/\/www._tcp.smpengineeredsolutions.com\/#website"},"primaryImageOfPage":{"@id":"https:\/\/www.smpengineeredsolutions.com\/es\/productos\/electrificacion-y-electronica\/controles-electronicos\/modulo-de-puente-en-h-para-automotores\/#primaryimage"},"image":{"@id":"https:\/\/www.smpengineeredsolutions.com\/es\/productos\/electrificacion-y-electronica\/controles-electronicos\/modulo-de-puente-en-h-para-automotores\/#primaryimage"},"thumbnailUrl":"https:\/\/www.smpengineeredsolutions.com\/wp-content\/uploads\/031_J1939-H-Bridge-Module_99-0610.jpg","datePublished":"2023-01-10T11:47:54+00:00","dateModified":"2025-03-12T14:07:53+00:00","description":"Optimice el control del motor con el circuito de puente en H para automoci\u00f3n de SMP Engineering, dise\u00f1ado para el funcionamiento eficaz y bidireccional de motores de CC en aplicaciones de automoci\u00f3n.","breadcrumb":{"@id":"https:\/\/www.smpengineeredsolutions.com\/es\/productos\/electrificacion-y-electronica\/controles-electronicos\/modulo-de-puente-en-h-para-automotores\/#breadcrumb"},"inLanguage":"es","potentialAction":[{"@type":"ReadAction","target":["https:\/\/www.smpengineeredsolutions.com\/es\/productos\/electrificacion-y-electronica\/controles-electronicos\/modulo-de-puente-en-h-para-automotores\/"]}]},{"@type":"ImageObject","inLanguage":"es","@id":"https:\/\/www.smpengineeredsolutions.com\/es\/productos\/electrificacion-y-electronica\/controles-electronicos\/modulo-de-puente-en-h-para-automotores\/#primaryimage","url":"https:\/\/www.smpengineeredsolutions.com\/wp-content\/uploads\/031_J1939-H-Bridge-Module_99-0610.jpg","contentUrl":"https:\/\/www.smpengineeredsolutions.com\/wp-content\/uploads\/031_J1939-H-Bridge-Module_99-0610.jpg"},{"@type":"BreadcrumbList","@id":"https:\/\/www.smpengineeredsolutions.com\/es\/productos\/electrificacion-y-electronica\/controles-electronicos\/modulo-de-puente-en-h-para-automotores\/#breadcrumb","itemListElement":[{"@type":"ListItem","position":1,"name":"Home","item":"https:\/\/www.smpengineeredsolutions.com\/es\/"},{"@type":"ListItem","position":2,"name":"Productos","item":"https:\/\/www.smpengineeredsolutions.com\/es\/productos\/"},{"@type":"ListItem","position":3,"name":"Electrificaci\u00f3n y electr\u00f3nica","item":"https:\/\/www.smpengineeredsolutions.com\/es\/productos\/electrificacion-y-electronica\/"},{"@type":"ListItem","position":4,"name":"Controles electr\u00f3nicos","item":"https:\/\/www._msrps._tcp.smpengineeredsolutions.com\/es\/productos\/electrificacion-y-electronica\/controles-electronicos\/"},{"@type":"ListItem","position":5,"name":"M\u00f3dulo de puente en H para automotores"}]},{"@type":"WebSite","@id":"https:\/\/www._tcp.smpengineeredsolutions.com\/#website","url":"https:\/\/www._tcp.smpengineeredsolutions.com\/","name":"Standard Motor Products, Inc.","description":"","publisher":{"@id":"https:\/\/www._tcp.smpengineeredsolutions.com\/#organization"},"potentialAction":[{"@type":"SearchAction","target":{"@type":"EntryPoint","urlTemplate":"https:\/\/www._tcp.smpengineeredsolutions.com\/?s={search_term_string}"},"query-input":{"@type":"PropertyValueSpecification","valueRequired":true,"valueName":"search_term_string"}}],"inLanguage":"es"},{"@type":"Organization","@id":"https:\/\/www._tcp.smpengineeredsolutions.com\/#organization","name":"SMP\u00ae Engineered Solutions","url":"https:\/\/www._tcp.smpengineeredsolutions.com\/","logo":{"@type":"ImageObject","inLanguage":"es","@id":"https:\/\/www._tcp.smpengineeredsolutions.com\/#\/schema\/logo\/image\/","url":"https:\/\/www.a.smpengineeredsolutions.com\/wp-content\/uploads\/smp-logo.png","contentUrl":"https:\/\/www.a.smpengineeredsolutions.com\/wp-content\/uploads\/smp-logo.png","width":264,"height":117,"caption":"SMP\u00ae Engineered Solutions"},"image":{"@id":"https:\/\/www._tcp.smpengineeredsolutions.com\/#\/schema\/logo\/image\/"},"sameAs":["https:\/\/www.youtube.com\/@StandardMotorProductsInc","https:\/\/www.linkedin.com\/company\/standard-motor-products"]}]}},"_links":{"self":[{"href":"https:\/\/www.smpengineeredsolutions.com\/es\/wp-json\/wp\/v2\/pages\/5331","targetHints":{"allow":["GET"]}}],"collection":[{"href":"https:\/\/www.smpengineeredsolutions.com\/es\/wp-json\/wp\/v2\/pages"}],"about":[{"href":"https:\/\/www.smpengineeredsolutions.com\/es\/wp-json\/wp\/v2\/types\/page"}],"author":[{"embeddable":true,"href":"https:\/\/www.smpengineeredsolutions.com\/es\/wp-json\/wp\/v2\/users\/27"}],"replies":[{"embeddable":true,"href":"https:\/\/www.smpengineeredsolutions.com\/es\/wp-json\/wp\/v2\/comments?post=5331"}],"version-history":[{"count":5,"href":"https:\/\/www.smpengineeredsolutions.com\/es\/wp-json\/wp\/v2\/pages\/5331\/revisions"}],"predecessor-version":[{"id":7817,"href":"https:\/\/www.smpengineeredsolutions.com\/es\/wp-json\/wp\/v2\/pages\/5331\/revisions\/7817"}],"up":[{"embeddable":true,"href":"https:\/\/www.smpengineeredsolutions.com\/es\/wp-json\/wp\/v2\/pages\/5316"}],"wp:attachment":[{"href":"https:\/\/www.smpengineeredsolutions.com\/es\/wp-json\/wp\/v2\/media?parent=5331"}],"curies":[{"name":"wp","href":"https:\/\/api.w.org\/{rel}","templated":true}]}}