{"id":5325,"date":"2023-01-27T13:56:13","date_gmt":"2023-01-27T18:56:13","guid":{"rendered":"https:\/\/smpengineeredsolutions.com\/?page_id=5325"},"modified":"2025-02-19T09:59:57","modified_gmt":"2025-02-19T14:59:57","slug":"control-inteligente-del-motor","status":"publish","type":"page","link":"https:\/\/www.smpengineeredsolutions.com\/es\/productos\/electrificacion-y-electronica\/controles-electronicos\/controles-electronicos-adicionales\/control-inteligente-del-motor\/","title":{"rendered":"Control inteligente del motor"},"content":{"rendered":"<div class=\"feature-img-right\"><a class=\"lightbox\" href=\"\/wp-content\/uploads\/tr-motorcontroller.png\"><img loading=\"lazy\" decoding=\"async\" class=\"alignnone\" title=\"Control inteligente del motor\" src=\"\/wp-content\/uploads\/tr-motorcontroller.png\" alt=\"Control inteligente del motor\" width=\"400\" height=\"382\" \/><\/a><\/div>\n<p>El controlador inteligente de motores de Trombetta utiliza m\u00e9todos de embalaje y componentes est\u00e1ndar que nos permiten ofrecer controladores de motores dise\u00f1ados espec\u00edficamente para las aplicaciones de nuestros clientes. Trombetta ofrece soluciones de bajo costo mediante el uso de nuestras capacidades internas, incluyendo el dise\u00f1o, desarrollo de software y fabricaci\u00f3n.<\/p>\n","protected":false},"excerpt":{"rendered":"<p>El controlador inteligente de motores de Trombetta utiliza m\u00e9todos de embalaje y componentes est\u00e1ndar que nos permiten ofrecer controladores de motores dise\u00f1ados espec\u00edficamente para las aplicaciones de nuestros clientes. Trombetta ofrece soluciones de bajo costo mediante el uso de nuestras capacidades internas, incluyendo el dise\u00f1o, desarrollo de software y fabricaci\u00f3n. [&#8230;]<\/p>\n<p><a class=\"btn btn-secondary understrap-read-more-link\" href=\"https:\/\/www.smpengineeredsolutions.com\/es\/productos\/electrificacion-y-electronica\/controles-electronicos\/controles-electronicos-adicionales\/control-inteligente-del-motor\/\">Leer m\u00e1s&#8230;<\/a><\/p>\n","protected":false},"author":27,"featured_media":0,"parent":5317,"menu_order":0,"comment_status":"closed","ping_status":"closed","template":"page-templates\/destination-content.php","meta":{"_acf_changed":false,"inline_featured_image":false,"footnotes":""},"class_list":["post-5325","page","type-page","status-publish","hentry"],"featured_image_src":null,"acf":[],"yoast_head":"<!-- This site is optimized with the Yoast SEO Premium plugin v27.5 (Yoast SEO v27.5) - https:\/\/yoast.com\/product\/yoast-seo-premium-wordpress\/ -->\n<title>Control inteligente de motores | Standard Motor Products, Inc.<\/title>\n<meta name=\"description\" content=\"Vea nuestros productos de control inteligente de motores. Ofrecemos soluciones de bajo coste gracias a nuestras capacidades internas de dise\u00f1o y fabricaci\u00f3n.\" \/>\n<meta name=\"robots\" content=\"index, follow, max-snippet:-1, max-image-preview:large, max-video-preview:-1\" \/>\n<link rel=\"canonical\" href=\"https:\/\/www.smpengineeredsolutions.com\/es\/productos\/electrificacion-y-electronica\/controles-electronicos\/controles-electronicos-adicionales\/control-inteligente-del-motor\/\" \/>\n<meta property=\"og:locale\" content=\"es_ES\" \/>\n<meta property=\"og:type\" content=\"article\" \/>\n<meta property=\"og:title\" content=\"Control inteligente del motor\" \/>\n<meta property=\"og:description\" content=\"Vea nuestros productos de control inteligente de motores. Ofrecemos soluciones de bajo coste gracias a nuestras capacidades internas de dise\u00f1o y fabricaci\u00f3n.\" \/>\n<meta property=\"og:url\" content=\"https:\/\/www.smpengineeredsolutions.com\/es\/productos\/electrificacion-y-electronica\/controles-electronicos\/controles-electronicos-adicionales\/control-inteligente-del-motor\/\" \/>\n<meta property=\"og:site_name\" content=\"Standard Motor Products, Inc.\" \/>\n<meta property=\"article:modified_time\" content=\"2025-02-19T14:59:57+00:00\" \/>\n<meta name=\"twitter:label1\" content=\"Tiempo de lectura\" \/>\n\t<meta name=\"twitter:data1\" content=\"1 minuto\" \/>\n<script type=\"application\/ld+json\" class=\"yoast-schema-graph\">{\"@context\":\"https:\\\/\\\/schema.org\",\"@graph\":[{\"@type\":\"WebPage\",\"@id\":\"https:\\\/\\\/www.smpengineeredsolutions.com\\\/es\\\/productos\\\/electrificacion-y-electronica\\\/controles-electronicos\\\/controles-electronicos-adicionales\\\/control-inteligente-del-motor\\\/\",\"url\":\"https:\\\/\\\/www.smpengineeredsolutions.com\\\/es\\\/productos\\\/electrificacion-y-electronica\\\/controles-electronicos\\\/controles-electronicos-adicionales\\\/control-inteligente-del-motor\\\/\",\"name\":\"Control inteligente de motores | Standard Motor Products, Inc.\",\"isPartOf\":{\"@id\":\"https:\\\/\\\/www.tcp.smpengineeredsolutions.com\\\/#website\"},\"datePublished\":\"2023-01-27T18:56:13+00:00\",\"dateModified\":\"2025-02-19T14:59:57+00:00\",\"description\":\"Vea nuestros productos de control inteligente de motores. Ofrecemos soluciones de bajo coste gracias a nuestras capacidades internas de dise\u00f1o y fabricaci\u00f3n.\",\"breadcrumb\":{\"@id\":\"https:\\\/\\\/www.smpengineeredsolutions.com\\\/es\\\/productos\\\/electrificacion-y-electronica\\\/controles-electronicos\\\/controles-electronicos-adicionales\\\/control-inteligente-del-motor\\\/#breadcrumb\"},\"inLanguage\":\"es\",\"potentialAction\":[{\"@type\":\"ReadAction\",\"target\":[\"https:\\\/\\\/www.smpengineeredsolutions.com\\\/es\\\/productos\\\/electrificacion-y-electronica\\\/controles-electronicos\\\/controles-electronicos-adicionales\\\/control-inteligente-del-motor\\\/\"]}]},{\"@type\":\"BreadcrumbList\",\"@id\":\"https:\\\/\\\/www.smpengineeredsolutions.com\\\/es\\\/productos\\\/electrificacion-y-electronica\\\/controles-electronicos\\\/controles-electronicos-adicionales\\\/control-inteligente-del-motor\\\/#breadcrumb\",\"itemListElement\":[{\"@type\":\"ListItem\",\"position\":1,\"name\":\"Home\",\"item\":\"https:\\\/\\\/www.af63878a-61a4-44d4-a3f9-8118d911569f.smpengineeredsolutions.com\\\/es\\\/\"},{\"@type\":\"ListItem\",\"position\":2,\"name\":\"Productos\",\"item\":\"https:\\\/\\\/www.3ec3a7a1-1e28-4a7f-941d-947624eef59a.smpengineeredsolutions.com\\\/es\\\/productos\\\/\"},{\"@type\":\"ListItem\",\"position\":3,\"name\":\"Electrificaci\u00f3n y electr\u00f3nica\",\"item\":\"https:\\\/\\\/www.3ec3a7a1-1e28-4a7f-941d-947624eef59a.smpengineeredsolutions.com\\\/es\\\/productos\\\/electrificacion-y-electronica\\\/\"},{\"@type\":\"ListItem\",\"position\":4,\"name\":\"Controles electr\u00f3nicos\",\"item\":\"https:\\\/\\\/www.3ec3a7a1-1e28-4a7f-941d-947624eef59a.smpengineeredsolutions.com\\\/es\\\/productos\\\/electrificacion-y-electronica\\\/controles-electronicos\\\/\"},{\"@type\":\"ListItem\",\"position\":5,\"name\":\"Controles electr\u00f3nicos adicionales\",\"item\":\"https:\\\/\\\/www.3ec3a7a1-1e28-4a7f-941d-947624eef59a.smpengineeredsolutions.com\\\/es\\\/productos\\\/electrificacion-y-electronica\\\/controles-electronicos\\\/controles-electronicos-adicionales\\\/\"},{\"@type\":\"ListItem\",\"position\":6,\"name\":\"Control inteligente del motor\"}]},{\"@type\":\"WebSite\",\"@id\":\"https:\\\/\\\/www.tcp.smpengineeredsolutions.com\\\/#website\",\"url\":\"https:\\\/\\\/www.tcp.smpengineeredsolutions.com\\\/\",\"name\":\"Standard Motor Products, Inc.\",\"description\":\"\",\"publisher\":{\"@id\":\"https:\\\/\\\/www.tcp.smpengineeredsolutions.com\\\/#organization\"},\"potentialAction\":[{\"@type\":\"SearchAction\",\"target\":{\"@type\":\"EntryPoint\",\"urlTemplate\":\"https:\\\/\\\/www.tcp.smpengineeredsolutions.com\\\/?s={search_term_string}\"},\"query-input\":{\"@type\":\"PropertyValueSpecification\",\"valueRequired\":true,\"valueName\":\"search_term_string\"}}],\"inLanguage\":\"es\"},{\"@type\":\"Organization\",\"@id\":\"https:\\\/\\\/www.tcp.smpengineeredsolutions.com\\\/#organization\",\"name\":\"SMP\u00ae Engineered Solutions\",\"url\":\"https:\\\/\\\/www.tcp.smpengineeredsolutions.com\\\/\",\"logo\":{\"@type\":\"ImageObject\",\"inLanguage\":\"es\",\"@id\":\"https:\\\/\\\/www.tcp.smpengineeredsolutions.com\\\/#\\\/schema\\\/logo\\\/image\\\/\",\"url\":\"https:\\\/\\\/www.a.smpengineeredsolutions.com\\\/wp-content\\\/uploads\\\/smp-logo.png\",\"contentUrl\":\"https:\\\/\\\/www.a.smpengineeredsolutions.com\\\/wp-content\\\/uploads\\\/smp-logo.png\",\"width\":264,\"height\":117,\"caption\":\"SMP\u00ae Engineered Solutions\"},\"image\":{\"@id\":\"https:\\\/\\\/www.tcp.smpengineeredsolutions.com\\\/#\\\/schema\\\/logo\\\/image\\\/\"},\"sameAs\":[\"https:\\\/\\\/www.youtube.com\\\/@StandardMotorProductsInc\",\"https:\\\/\\\/www.linkedin.com\\\/company\\\/standard-motor-products\"]}]}<\/script>\n<!-- \/ Yoast SEO Premium plugin. -->","yoast_head_json":{"title":"Control inteligente de motores | Standard Motor Products, Inc.","description":"Vea nuestros productos de control inteligente de motores. Ofrecemos soluciones de bajo coste gracias a nuestras capacidades internas de dise\u00f1o y fabricaci\u00f3n.","robots":{"index":"index","follow":"follow","max-snippet":"max-snippet:-1","max-image-preview":"max-image-preview:large","max-video-preview":"max-video-preview:-1"},"canonical":"https:\/\/www.smpengineeredsolutions.com\/es\/productos\/electrificacion-y-electronica\/controles-electronicos\/controles-electronicos-adicionales\/control-inteligente-del-motor\/","og_locale":"es_ES","og_type":"article","og_title":"Control inteligente del motor","og_description":"Vea nuestros productos de control inteligente de motores. Ofrecemos soluciones de bajo coste gracias a nuestras capacidades internas de dise\u00f1o y fabricaci\u00f3n.","og_url":"https:\/\/www.smpengineeredsolutions.com\/es\/productos\/electrificacion-y-electronica\/controles-electronicos\/controles-electronicos-adicionales\/control-inteligente-del-motor\/","og_site_name":"Standard Motor Products, Inc.","article_modified_time":"2025-02-19T14:59:57+00:00","twitter_misc":{"Tiempo de lectura":"1 minuto"},"schema":{"@context":"https:\/\/schema.org","@graph":[{"@type":"WebPage","@id":"https:\/\/www.smpengineeredsolutions.com\/es\/productos\/electrificacion-y-electronica\/controles-electronicos\/controles-electronicos-adicionales\/control-inteligente-del-motor\/","url":"https:\/\/www.smpengineeredsolutions.com\/es\/productos\/electrificacion-y-electronica\/controles-electronicos\/controles-electronicos-adicionales\/control-inteligente-del-motor\/","name":"Control inteligente de motores | Standard Motor Products, Inc.","isPartOf":{"@id":"https:\/\/www.tcp.smpengineeredsolutions.com\/#website"},"datePublished":"2023-01-27T18:56:13+00:00","dateModified":"2025-02-19T14:59:57+00:00","description":"Vea nuestros productos de control inteligente de motores. Ofrecemos soluciones de bajo coste gracias a nuestras capacidades internas de dise\u00f1o y fabricaci\u00f3n.","breadcrumb":{"@id":"https:\/\/www.smpengineeredsolutions.com\/es\/productos\/electrificacion-y-electronica\/controles-electronicos\/controles-electronicos-adicionales\/control-inteligente-del-motor\/#breadcrumb"},"inLanguage":"es","potentialAction":[{"@type":"ReadAction","target":["https:\/\/www.smpengineeredsolutions.com\/es\/productos\/electrificacion-y-electronica\/controles-electronicos\/controles-electronicos-adicionales\/control-inteligente-del-motor\/"]}]},{"@type":"BreadcrumbList","@id":"https:\/\/www.smpengineeredsolutions.com\/es\/productos\/electrificacion-y-electronica\/controles-electronicos\/controles-electronicos-adicionales\/control-inteligente-del-motor\/#breadcrumb","itemListElement":[{"@type":"ListItem","position":1,"name":"Home","item":"https:\/\/www.af63878a-61a4-44d4-a3f9-8118d911569f.smpengineeredsolutions.com\/es\/"},{"@type":"ListItem","position":2,"name":"Productos","item":"https:\/\/www.3ec3a7a1-1e28-4a7f-941d-947624eef59a.smpengineeredsolutions.com\/es\/productos\/"},{"@type":"ListItem","position":3,"name":"Electrificaci\u00f3n y electr\u00f3nica","item":"https:\/\/www.3ec3a7a1-1e28-4a7f-941d-947624eef59a.smpengineeredsolutions.com\/es\/productos\/electrificacion-y-electronica\/"},{"@type":"ListItem","position":4,"name":"Controles electr\u00f3nicos","item":"https:\/\/www.3ec3a7a1-1e28-4a7f-941d-947624eef59a.smpengineeredsolutions.com\/es\/productos\/electrificacion-y-electronica\/controles-electronicos\/"},{"@type":"ListItem","position":5,"name":"Controles electr\u00f3nicos adicionales","item":"https:\/\/www.3ec3a7a1-1e28-4a7f-941d-947624eef59a.smpengineeredsolutions.com\/es\/productos\/electrificacion-y-electronica\/controles-electronicos\/controles-electronicos-adicionales\/"},{"@type":"ListItem","position":6,"name":"Control inteligente del motor"}]},{"@type":"WebSite","@id":"https:\/\/www.tcp.smpengineeredsolutions.com\/#website","url":"https:\/\/www.tcp.smpengineeredsolutions.com\/","name":"Standard Motor Products, Inc.","description":"","publisher":{"@id":"https:\/\/www.tcp.smpengineeredsolutions.com\/#organization"},"potentialAction":[{"@type":"SearchAction","target":{"@type":"EntryPoint","urlTemplate":"https:\/\/www.tcp.smpengineeredsolutions.com\/?s={search_term_string}"},"query-input":{"@type":"PropertyValueSpecification","valueRequired":true,"valueName":"search_term_string"}}],"inLanguage":"es"},{"@type":"Organization","@id":"https:\/\/www.tcp.smpengineeredsolutions.com\/#organization","name":"SMP\u00ae Engineered Solutions","url":"https:\/\/www.tcp.smpengineeredsolutions.com\/","logo":{"@type":"ImageObject","inLanguage":"es","@id":"https:\/\/www.tcp.smpengineeredsolutions.com\/#\/schema\/logo\/image\/","url":"https:\/\/www.a.smpengineeredsolutions.com\/wp-content\/uploads\/smp-logo.png","contentUrl":"https:\/\/www.a.smpengineeredsolutions.com\/wp-content\/uploads\/smp-logo.png","width":264,"height":117,"caption":"SMP\u00ae Engineered Solutions"},"image":{"@id":"https:\/\/www.tcp.smpengineeredsolutions.com\/#\/schema\/logo\/image\/"},"sameAs":["https:\/\/www.youtube.com\/@StandardMotorProductsInc","https:\/\/www.linkedin.com\/company\/standard-motor-products"]}]}},"_links":{"self":[{"href":"https:\/\/www.smpengineeredsolutions.com\/es\/wp-json\/wp\/v2\/pages\/5325","targetHints":{"allow":["GET"]}}],"collection":[{"href":"https:\/\/www.smpengineeredsolutions.com\/es\/wp-json\/wp\/v2\/pages"}],"about":[{"href":"https:\/\/www.smpengineeredsolutions.com\/es\/wp-json\/wp\/v2\/types\/page"}],"author":[{"embeddable":true,"href":"https:\/\/www.smpengineeredsolutions.com\/es\/wp-json\/wp\/v2\/users\/27"}],"replies":[{"embeddable":true,"href":"https:\/\/www.smpengineeredsolutions.com\/es\/wp-json\/wp\/v2\/comments?post=5325"}],"version-history":[{"count":1,"href":"https:\/\/www.smpengineeredsolutions.com\/es\/wp-json\/wp\/v2\/pages\/5325\/revisions"}],"predecessor-version":[{"id":7737,"href":"https:\/\/www.smpengineeredsolutions.com\/es\/wp-json\/wp\/v2\/pages\/5325\/revisions\/7737"}],"up":[{"embeddable":true,"href":"https:\/\/www.smpengineeredsolutions.com\/es\/wp-json\/wp\/v2\/pages\/5317"}],"wp:attachment":[{"href":"https:\/\/www.smpengineeredsolutions.com\/es\/wp-json\/wp\/v2\/media?parent=5325"}],"curies":[{"name":"wp","href":"https:\/\/api.w.org\/{rel}","templated":true}]}}