{"id":5322,"date":"2023-01-27T13:50:55","date_gmt":"2023-01-27T18:50:55","guid":{"rendered":"https:\/\/smpengineeredsolutions.com\/?page_id=5322"},"modified":"2023-09-07T10:54:45","modified_gmt":"2023-09-07T10:54:45","slug":"conversor-de-cc-a-cc","status":"publish","type":"page","link":"https:\/\/www.smpengineeredsolutions.com\/es\/productos\/electrificacion-y-electronica\/controles-electronicos\/controles-electronicos-adicionales\/conversor-de-cc-a-cc\/","title":{"rendered":"Conversor de CC a CC"},"content":{"rendered":"<div class=\"feature-img-right\"><a class=\"lightbox\" href=\"\/wp-content\/uploads\/DC2DC.png\"><img decoding=\"async\" title=\"Conversor de CC a CC\" src=\"\/wp-content\/uploads\/DC2DC.png\" alt=\"Conversor de CC a CC\" width=\"400\" \/><\/a><\/div>\n<h2>Conversor de 24 V a 12 V de CC &#8211; CC<\/h2>\n<p>Este conversor est\u00e1 dise\u00f1ado para proporcionar 24V a 12V de conversi\u00f3n de potencia para veh\u00edculos pesados. Este conversor de energ\u00eda proporciona una salida fija para cargas de 12V DC cuando una bater\u00eda de 12V no est\u00e1 disponible. Tambi\u00e9n hay una salida conmutada disponible que es controlada por la se\u00f1al de entrada de encendido. Este m\u00f3dulo proporciona una capacidad m\u00e1xima de salida del dispositivo de 25A.<\/p>\n<h2>Caracter\u00edsticas del producto<\/h2>\n<ul>\n<li>Protecci\u00f3n contra baja tensi\u00f3n<\/li>\n<li>Protecci\u00f3n contra oscilaciones transitorias de tensi\u00f3n<\/li>\n<li>Protecci\u00f3n contra cortocircuitos y sobrecarga<\/li>\n<li>Protecci\u00f3n contra tensi\u00f3n inversa de entrada<\/li>\n<li>Protecci\u00f3n t\u00e9rmica contra sobrecarga<\/li>\n<li>Encapsulado: Protecci\u00f3n contra entornos agresivos<\/li>\n<li>Conectores sellados para automotores (Deutsch)<\/li>\n<li>F\u00e1cil montaje en 4 puntos<\/li>\n<\/ul>\n","protected":false},"excerpt":{"rendered":"<p>Conversor de 24 V a 12 V de CC &#8211; CC Este conversor est\u00e1 dise\u00f1ado para proporcionar 24V a 12V de conversi\u00f3n de potencia para veh\u00edculos pesados. Este conversor de energ\u00eda proporciona una salida fija para cargas de 12V DC cuando una bater\u00eda de 12V no est\u00e1 disponible. Tambi\u00e9n hay una salida conmutada disponible que&#8230; [&#8230;]<\/p>\n<p><a class=\"btn btn-secondary understrap-read-more-link\" href=\"https:\/\/www.smpengineeredsolutions.com\/es\/productos\/electrificacion-y-electronica\/controles-electronicos\/controles-electronicos-adicionales\/conversor-de-cc-a-cc\/\">Leer m\u00e1s&#8230;<\/a><\/p>\n","protected":false},"author":27,"featured_media":0,"parent":5317,"menu_order":0,"comment_status":"closed","ping_status":"closed","template":"page-templates\/destination-content.php","meta":{"_acf_changed":false,"inline_featured_image":false,"footnotes":""},"class_list":["post-5322","page","type-page","status-publish","hentry"],"featured_image_src":null,"acf":[],"yoast_head":"<!-- This site is optimized with the Yoast SEO Premium plugin v27.5 (Yoast SEO v27.5) - https:\/\/yoast.com\/product\/yoast-seo-premium-wordpress\/ -->\n<title>Conversor de CC a CC - Standard Motor Products, Inc.<\/title>\n<meta name=\"robots\" content=\"index, follow, max-snippet:-1, max-image-preview:large, max-video-preview:-1\" \/>\n<link rel=\"canonical\" href=\"https:\/\/www.smpengineeredsolutions.com\/es\/productos\/electrificacion-y-electronica\/controles-electronicos\/controles-electronicos-adicionales\/conversor-de-cc-a-cc\/\" \/>\n<meta property=\"og:locale\" content=\"es_ES\" \/>\n<meta property=\"og:type\" content=\"article\" \/>\n<meta property=\"og:title\" content=\"Conversor de CC a CC\" \/>\n<meta property=\"og:description\" content=\"Conversor de 24 V a 12 V de CC &#8211; CC Este conversor est\u00e1 dise\u00f1ado para proporcionar 24V a 12V de conversi\u00f3n de potencia para veh\u00edculos pesados. Este conversor de energ\u00eda proporciona una salida fija para cargas de 12V DC cuando una bater\u00eda de 12V no est\u00e1 disponible. Tambi\u00e9n hay una salida conmutada disponible que... [...]Leer m\u00e1s...\" \/>\n<meta property=\"og:url\" content=\"https:\/\/www.smpengineeredsolutions.com\/es\/productos\/electrificacion-y-electronica\/controles-electronicos\/controles-electronicos-adicionales\/conversor-de-cc-a-cc\/\" \/>\n<meta property=\"og:site_name\" content=\"Standard Motor Products, Inc.\" \/>\n<meta property=\"article:modified_time\" content=\"2023-09-07T10:54:45+00:00\" \/>\n<meta name=\"twitter:label1\" content=\"Tiempo de lectura\" \/>\n\t<meta name=\"twitter:data1\" content=\"1 minuto\" \/>\n<script type=\"application\/ld+json\" class=\"yoast-schema-graph\">{\"@context\":\"https:\\\/\\\/schema.org\",\"@graph\":[{\"@type\":\"WebPage\",\"@id\":\"https:\\\/\\\/www.smpengineeredsolutions.com\\\/es\\\/productos\\\/electrificacion-y-electronica\\\/controles-electronicos\\\/controles-electronicos-adicionales\\\/conversor-de-cc-a-cc\\\/\",\"url\":\"https:\\\/\\\/www.smpengineeredsolutions.com\\\/es\\\/productos\\\/electrificacion-y-electronica\\\/controles-electronicos\\\/controles-electronicos-adicionales\\\/conversor-de-cc-a-cc\\\/\",\"name\":\"Conversor de CC a CC - Standard Motor Products, Inc.\",\"isPartOf\":{\"@id\":\"https:\\\/\\\/www.tcp.smpengineeredsolutions.com\\\/#website\"},\"datePublished\":\"2023-01-27T18:50:55+00:00\",\"dateModified\":\"2023-09-07T10:54:45+00:00\",\"breadcrumb\":{\"@id\":\"https:\\\/\\\/www.smpengineeredsolutions.com\\\/es\\\/productos\\\/electrificacion-y-electronica\\\/controles-electronicos\\\/controles-electronicos-adicionales\\\/conversor-de-cc-a-cc\\\/#breadcrumb\"},\"inLanguage\":\"es\",\"potentialAction\":[{\"@type\":\"ReadAction\",\"target\":[\"https:\\\/\\\/www.smpengineeredsolutions.com\\\/es\\\/productos\\\/electrificacion-y-electronica\\\/controles-electronicos\\\/controles-electronicos-adicionales\\\/conversor-de-cc-a-cc\\\/\"]}]},{\"@type\":\"BreadcrumbList\",\"@id\":\"https:\\\/\\\/www.smpengineeredsolutions.com\\\/es\\\/productos\\\/electrificacion-y-electronica\\\/controles-electronicos\\\/controles-electronicos-adicionales\\\/conversor-de-cc-a-cc\\\/#breadcrumb\",\"itemListElement\":[{\"@type\":\"ListItem\",\"position\":1,\"name\":\"Home\",\"item\":\"https:\\\/\\\/www.af63878a-61a4-44d4-a3f9-8118d911569f.smpengineeredsolutions.com\\\/es\\\/\"},{\"@type\":\"ListItem\",\"position\":2,\"name\":\"Productos\",\"item\":\"https:\\\/\\\/www.3ec3a7a1-1e28-4a7f-941d-947624eef59a.smpengineeredsolutions.com\\\/es\\\/productos\\\/\"},{\"@type\":\"ListItem\",\"position\":3,\"name\":\"Electrificaci\u00f3n y electr\u00f3nica\",\"item\":\"https:\\\/\\\/www.3ec3a7a1-1e28-4a7f-941d-947624eef59a.smpengineeredsolutions.com\\\/es\\\/productos\\\/electrificacion-y-electronica\\\/\"},{\"@type\":\"ListItem\",\"position\":4,\"name\":\"Controles electr\u00f3nicos\",\"item\":\"https:\\\/\\\/www.3ec3a7a1-1e28-4a7f-941d-947624eef59a.smpengineeredsolutions.com\\\/es\\\/productos\\\/electrificacion-y-electronica\\\/controles-electronicos\\\/\"},{\"@type\":\"ListItem\",\"position\":5,\"name\":\"Controles electr\u00f3nicos adicionales\",\"item\":\"https:\\\/\\\/www.3ec3a7a1-1e28-4a7f-941d-947624eef59a.smpengineeredsolutions.com\\\/es\\\/productos\\\/electrificacion-y-electronica\\\/controles-electronicos\\\/controles-electronicos-adicionales\\\/\"},{\"@type\":\"ListItem\",\"position\":6,\"name\":\"Conversor de CC a CC\"}]},{\"@type\":\"WebSite\",\"@id\":\"https:\\\/\\\/www.tcp.smpengineeredsolutions.com\\\/#website\",\"url\":\"https:\\\/\\\/www.tcp.smpengineeredsolutions.com\\\/\",\"name\":\"Standard Motor Products, Inc.\",\"description\":\"\",\"publisher\":{\"@id\":\"https:\\\/\\\/www.tcp.smpengineeredsolutions.com\\\/#organization\"},\"potentialAction\":[{\"@type\":\"SearchAction\",\"target\":{\"@type\":\"EntryPoint\",\"urlTemplate\":\"https:\\\/\\\/www.tcp.smpengineeredsolutions.com\\\/?s={search_term_string}\"},\"query-input\":{\"@type\":\"PropertyValueSpecification\",\"valueRequired\":true,\"valueName\":\"search_term_string\"}}],\"inLanguage\":\"es\"},{\"@type\":\"Organization\",\"@id\":\"https:\\\/\\\/www.tcp.smpengineeredsolutions.com\\\/#organization\",\"name\":\"SMP\u00ae Engineered Solutions\",\"url\":\"https:\\\/\\\/www.tcp.smpengineeredsolutions.com\\\/\",\"logo\":{\"@type\":\"ImageObject\",\"inLanguage\":\"es\",\"@id\":\"https:\\\/\\\/www.tcp.smpengineeredsolutions.com\\\/#\\\/schema\\\/logo\\\/image\\\/\",\"url\":\"https:\\\/\\\/www.a.smpengineeredsolutions.com\\\/wp-content\\\/uploads\\\/smp-logo.png\",\"contentUrl\":\"https:\\\/\\\/www.a.smpengineeredsolutions.com\\\/wp-content\\\/uploads\\\/smp-logo.png\",\"width\":264,\"height\":117,\"caption\":\"SMP\u00ae Engineered Solutions\"},\"image\":{\"@id\":\"https:\\\/\\\/www.tcp.smpengineeredsolutions.com\\\/#\\\/schema\\\/logo\\\/image\\\/\"},\"sameAs\":[\"https:\\\/\\\/www.youtube.com\\\/@StandardMotorProductsInc\",\"https:\\\/\\\/www.linkedin.com\\\/company\\\/standard-motor-products\"]}]}<\/script>\n<!-- \/ Yoast SEO Premium plugin. -->","yoast_head_json":{"title":"Conversor de CC a CC - Standard Motor Products, Inc.","robots":{"index":"index","follow":"follow","max-snippet":"max-snippet:-1","max-image-preview":"max-image-preview:large","max-video-preview":"max-video-preview:-1"},"canonical":"https:\/\/www.smpengineeredsolutions.com\/es\/productos\/electrificacion-y-electronica\/controles-electronicos\/controles-electronicos-adicionales\/conversor-de-cc-a-cc\/","og_locale":"es_ES","og_type":"article","og_title":"Conversor de CC a CC","og_description":"Conversor de 24 V a 12 V de CC &#8211; CC Este conversor est\u00e1 dise\u00f1ado para proporcionar 24V a 12V de conversi\u00f3n de potencia para veh\u00edculos pesados. Este conversor de energ\u00eda proporciona una salida fija para cargas de 12V DC cuando una bater\u00eda de 12V no est\u00e1 disponible. Tambi\u00e9n hay una salida conmutada disponible que... [...]Leer m\u00e1s...","og_url":"https:\/\/www.smpengineeredsolutions.com\/es\/productos\/electrificacion-y-electronica\/controles-electronicos\/controles-electronicos-adicionales\/conversor-de-cc-a-cc\/","og_site_name":"Standard Motor Products, Inc.","article_modified_time":"2023-09-07T10:54:45+00:00","twitter_misc":{"Tiempo de lectura":"1 minuto"},"schema":{"@context":"https:\/\/schema.org","@graph":[{"@type":"WebPage","@id":"https:\/\/www.smpengineeredsolutions.com\/es\/productos\/electrificacion-y-electronica\/controles-electronicos\/controles-electronicos-adicionales\/conversor-de-cc-a-cc\/","url":"https:\/\/www.smpengineeredsolutions.com\/es\/productos\/electrificacion-y-electronica\/controles-electronicos\/controles-electronicos-adicionales\/conversor-de-cc-a-cc\/","name":"Conversor de CC a CC - Standard Motor Products, Inc.","isPartOf":{"@id":"https:\/\/www.tcp.smpengineeredsolutions.com\/#website"},"datePublished":"2023-01-27T18:50:55+00:00","dateModified":"2023-09-07T10:54:45+00:00","breadcrumb":{"@id":"https:\/\/www.smpengineeredsolutions.com\/es\/productos\/electrificacion-y-electronica\/controles-electronicos\/controles-electronicos-adicionales\/conversor-de-cc-a-cc\/#breadcrumb"},"inLanguage":"es","potentialAction":[{"@type":"ReadAction","target":["https:\/\/www.smpengineeredsolutions.com\/es\/productos\/electrificacion-y-electronica\/controles-electronicos\/controles-electronicos-adicionales\/conversor-de-cc-a-cc\/"]}]},{"@type":"BreadcrumbList","@id":"https:\/\/www.smpengineeredsolutions.com\/es\/productos\/electrificacion-y-electronica\/controles-electronicos\/controles-electronicos-adicionales\/conversor-de-cc-a-cc\/#breadcrumb","itemListElement":[{"@type":"ListItem","position":1,"name":"Home","item":"https:\/\/www.af63878a-61a4-44d4-a3f9-8118d911569f.smpengineeredsolutions.com\/es\/"},{"@type":"ListItem","position":2,"name":"Productos","item":"https:\/\/www.3ec3a7a1-1e28-4a7f-941d-947624eef59a.smpengineeredsolutions.com\/es\/productos\/"},{"@type":"ListItem","position":3,"name":"Electrificaci\u00f3n y electr\u00f3nica","item":"https:\/\/www.3ec3a7a1-1e28-4a7f-941d-947624eef59a.smpengineeredsolutions.com\/es\/productos\/electrificacion-y-electronica\/"},{"@type":"ListItem","position":4,"name":"Controles electr\u00f3nicos","item":"https:\/\/www.3ec3a7a1-1e28-4a7f-941d-947624eef59a.smpengineeredsolutions.com\/es\/productos\/electrificacion-y-electronica\/controles-electronicos\/"},{"@type":"ListItem","position":5,"name":"Controles electr\u00f3nicos adicionales","item":"https:\/\/www.3ec3a7a1-1e28-4a7f-941d-947624eef59a.smpengineeredsolutions.com\/es\/productos\/electrificacion-y-electronica\/controles-electronicos\/controles-electronicos-adicionales\/"},{"@type":"ListItem","position":6,"name":"Conversor de CC a CC"}]},{"@type":"WebSite","@id":"https:\/\/www.tcp.smpengineeredsolutions.com\/#website","url":"https:\/\/www.tcp.smpengineeredsolutions.com\/","name":"Standard Motor Products, Inc.","description":"","publisher":{"@id":"https:\/\/www.tcp.smpengineeredsolutions.com\/#organization"},"potentialAction":[{"@type":"SearchAction","target":{"@type":"EntryPoint","urlTemplate":"https:\/\/www.tcp.smpengineeredsolutions.com\/?s={search_term_string}"},"query-input":{"@type":"PropertyValueSpecification","valueRequired":true,"valueName":"search_term_string"}}],"inLanguage":"es"},{"@type":"Organization","@id":"https:\/\/www.tcp.smpengineeredsolutions.com\/#organization","name":"SMP\u00ae Engineered Solutions","url":"https:\/\/www.tcp.smpengineeredsolutions.com\/","logo":{"@type":"ImageObject","inLanguage":"es","@id":"https:\/\/www.tcp.smpengineeredsolutions.com\/#\/schema\/logo\/image\/","url":"https:\/\/www.a.smpengineeredsolutions.com\/wp-content\/uploads\/smp-logo.png","contentUrl":"https:\/\/www.a.smpengineeredsolutions.com\/wp-content\/uploads\/smp-logo.png","width":264,"height":117,"caption":"SMP\u00ae Engineered Solutions"},"image":{"@id":"https:\/\/www.tcp.smpengineeredsolutions.com\/#\/schema\/logo\/image\/"},"sameAs":["https:\/\/www.youtube.com\/@StandardMotorProductsInc","https:\/\/www.linkedin.com\/company\/standard-motor-products"]}]}},"_links":{"self":[{"href":"https:\/\/www.smpengineeredsolutions.com\/es\/wp-json\/wp\/v2\/pages\/5322","targetHints":{"allow":["GET"]}}],"collection":[{"href":"https:\/\/www.smpengineeredsolutions.com\/es\/wp-json\/wp\/v2\/pages"}],"about":[{"href":"https:\/\/www.smpengineeredsolutions.com\/es\/wp-json\/wp\/v2\/types\/page"}],"author":[{"embeddable":true,"href":"https:\/\/www.smpengineeredsolutions.com\/es\/wp-json\/wp\/v2\/users\/27"}],"replies":[{"embeddable":true,"href":"https:\/\/www.smpengineeredsolutions.com\/es\/wp-json\/wp\/v2\/comments?post=5322"}],"version-history":[{"count":0,"href":"https:\/\/www.smpengineeredsolutions.com\/es\/wp-json\/wp\/v2\/pages\/5322\/revisions"}],"up":[{"embeddable":true,"href":"https:\/\/www.smpengineeredsolutions.com\/es\/wp-json\/wp\/v2\/pages\/5317"}],"wp:attachment":[{"href":"https:\/\/www.smpengineeredsolutions.com\/es\/wp-json\/wp\/v2\/media?parent=5322"}],"curies":[{"name":"wp","href":"https:\/\/api.w.org\/{rel}","templated":true}]}}