{"id":5320,"date":"2023-01-27T13:58:02","date_gmt":"2023-01-27T18:58:02","guid":{"rendered":"https:\/\/smpengineeredsolutions.com\/?page_id=5320"},"modified":"2023-09-07T10:21:41","modified_gmt":"2023-09-07T10:21:41","slug":"separador-de-bateria","status":"publish","type":"page","link":"https:\/\/www.smpengineeredsolutions.com\/es\/productos\/electrificacion-y-electronica\/controles-electronicos\/controles-electronicos-adicionales\/separador-de-bateria\/","title":{"rendered":"Separador de bater\u00eda"},"content":{"rendered":"<div class=\"feature-img-right\">\n<a class=\"lightbox\" href=\"\/wp-content\/uploads\/Battery-Separator-2.gif\" title=\"Battery Separator\"><img decoding=\"async\" alt=\"Separador de bater\u00eda\" src=\"\/wp-content\/uploads\/Battery-Separator-2.gif\"\/><\/a>\n<\/div>\n<p>Este dispositivo controla las tensiones en ambos terminales M8 cada segundo. Abrir\u00e1 o cerrar\u00e1 los contactos tras periodos de retardo especificados s\u00f3lo si las tensiones est\u00e1n dentro de los par\u00e1metros especificados. Esto elimina la reacci\u00f3n a oscilaciones transitorias y fluctuaciones de tensi\u00f3n a corto plazo. Excepto por un breve pulso de 8 amperios cuando se inicia la carga, el dispositivo consume menos de 1 mA cuando est\u00e1 abierto y no m\u00e1s de 10 mA cuando est\u00e1 cerrado.<\/p>\n","protected":false},"excerpt":{"rendered":"<p>Este dispositivo controla las tensiones en ambos terminales M8 cada segundo. Abrir\u00e1 o cerrar\u00e1 los contactos tras periodos de retardo especificados s\u00f3lo si las tensiones est\u00e1n dentro de los par\u00e1metros especificados. Esto elimina la reacci\u00f3n a oscilaciones transitorias y fluctuaciones de tensi\u00f3n a corto plazo. Excepto por un breve pulso de 8 amperios cuando se&#8230; [&#8230;]<\/p>\n<p><a class=\"btn btn-secondary understrap-read-more-link\" href=\"https:\/\/www.smpengineeredsolutions.com\/es\/productos\/electrificacion-y-electronica\/controles-electronicos\/controles-electronicos-adicionales\/separador-de-bateria\/\">Leer m\u00e1s&#8230;<\/a><\/p>\n","protected":false},"author":27,"featured_media":0,"parent":5317,"menu_order":0,"comment_status":"closed","ping_status":"closed","template":"page-templates\/destination-content.php","meta":{"_acf_changed":false,"inline_featured_image":false,"footnotes":""},"class_list":["post-5320","page","type-page","status-publish","hentry"],"featured_image_src":null,"acf":[],"yoast_head":"<!-- This site is optimized with the Yoast SEO Premium plugin v27.5 (Yoast SEO v27.5) - https:\/\/yoast.com\/product\/yoast-seo-premium-wordpress\/ -->\n<title>Separador de bater\u00eda - Standard Motor Products, Inc.<\/title>\n<meta name=\"robots\" content=\"index, follow, max-snippet:-1, max-image-preview:large, max-video-preview:-1\" \/>\n<link rel=\"canonical\" href=\"https:\/\/www.smpengineeredsolutions.com\/es\/productos\/electrificacion-y-electronica\/controles-electronicos\/controles-electronicos-adicionales\/separador-de-bateria\/\" \/>\n<meta property=\"og:locale\" content=\"es_ES\" \/>\n<meta property=\"og:type\" content=\"article\" \/>\n<meta property=\"og:title\" content=\"Separador de bater\u00eda\" \/>\n<meta property=\"og:description\" content=\"Este dispositivo controla las tensiones en ambos terminales M8 cada segundo. Abrir\u00e1 o cerrar\u00e1 los contactos tras periodos de retardo especificados s\u00f3lo si las tensiones est\u00e1n dentro de los par\u00e1metros especificados. Esto elimina la reacci\u00f3n a oscilaciones transitorias y fluctuaciones de tensi\u00f3n a corto plazo. Excepto por un breve pulso de 8 amperios cuando se... [...]Leer m\u00e1s...\" \/>\n<meta property=\"og:url\" content=\"https:\/\/www.smpengineeredsolutions.com\/es\/productos\/electrificacion-y-electronica\/controles-electronicos\/controles-electronicos-adicionales\/separador-de-bateria\/\" \/>\n<meta property=\"og:site_name\" content=\"Standard Motor Products, Inc.\" \/>\n<meta property=\"article:modified_time\" content=\"2023-09-07T10:21:41+00:00\" \/>\n<script type=\"application\/ld+json\" class=\"yoast-schema-graph\">{\"@context\":\"https:\\\/\\\/schema.org\",\"@graph\":[{\"@type\":\"WebPage\",\"@id\":\"https:\\\/\\\/www.smpengineeredsolutions.com\\\/es\\\/productos\\\/electrificacion-y-electronica\\\/controles-electronicos\\\/controles-electronicos-adicionales\\\/separador-de-bateria\\\/\",\"url\":\"https:\\\/\\\/www.smpengineeredsolutions.com\\\/es\\\/productos\\\/electrificacion-y-electronica\\\/controles-electronicos\\\/controles-electronicos-adicionales\\\/separador-de-bateria\\\/\",\"name\":\"Separador de bater\u00eda - Standard Motor Products, Inc.\",\"isPartOf\":{\"@id\":\"https:\\\/\\\/www.tcp.smpengineeredsolutions.com\\\/#website\"},\"datePublished\":\"2023-01-27T18:58:02+00:00\",\"dateModified\":\"2023-09-07T10:21:41+00:00\",\"breadcrumb\":{\"@id\":\"https:\\\/\\\/www.smpengineeredsolutions.com\\\/es\\\/productos\\\/electrificacion-y-electronica\\\/controles-electronicos\\\/controles-electronicos-adicionales\\\/separador-de-bateria\\\/#breadcrumb\"},\"inLanguage\":\"es\",\"potentialAction\":[{\"@type\":\"ReadAction\",\"target\":[\"https:\\\/\\\/www.smpengineeredsolutions.com\\\/es\\\/productos\\\/electrificacion-y-electronica\\\/controles-electronicos\\\/controles-electronicos-adicionales\\\/separador-de-bateria\\\/\"]}]},{\"@type\":\"BreadcrumbList\",\"@id\":\"https:\\\/\\\/www.smpengineeredsolutions.com\\\/es\\\/productos\\\/electrificacion-y-electronica\\\/controles-electronicos\\\/controles-electronicos-adicionales\\\/separador-de-bateria\\\/#breadcrumb\",\"itemListElement\":[{\"@type\":\"ListItem\",\"position\":1,\"name\":\"Home\",\"item\":\"https:\\\/\\\/www.af63878a-61a4-44d4-a3f9-8118d911569f.smpengineeredsolutions.com\\\/es\\\/\"},{\"@type\":\"ListItem\",\"position\":2,\"name\":\"Productos\",\"item\":\"https:\\\/\\\/www.3ec3a7a1-1e28-4a7f-941d-947624eef59a.smpengineeredsolutions.com\\\/es\\\/productos\\\/\"},{\"@type\":\"ListItem\",\"position\":3,\"name\":\"Electrificaci\u00f3n y electr\u00f3nica\",\"item\":\"https:\\\/\\\/www.3ec3a7a1-1e28-4a7f-941d-947624eef59a.smpengineeredsolutions.com\\\/es\\\/productos\\\/electrificacion-y-electronica\\\/\"},{\"@type\":\"ListItem\",\"position\":4,\"name\":\"Controles electr\u00f3nicos\",\"item\":\"https:\\\/\\\/www.3ec3a7a1-1e28-4a7f-941d-947624eef59a.smpengineeredsolutions.com\\\/es\\\/productos\\\/electrificacion-y-electronica\\\/controles-electronicos\\\/\"},{\"@type\":\"ListItem\",\"position\":5,\"name\":\"Controles electr\u00f3nicos adicionales\",\"item\":\"https:\\\/\\\/www.3ec3a7a1-1e28-4a7f-941d-947624eef59a.smpengineeredsolutions.com\\\/es\\\/productos\\\/electrificacion-y-electronica\\\/controles-electronicos\\\/controles-electronicos-adicionales\\\/\"},{\"@type\":\"ListItem\",\"position\":6,\"name\":\"Separador de bater\u00eda\"}]},{\"@type\":\"WebSite\",\"@id\":\"https:\\\/\\\/www.tcp.smpengineeredsolutions.com\\\/#website\",\"url\":\"https:\\\/\\\/www.tcp.smpengineeredsolutions.com\\\/\",\"name\":\"Standard Motor Products, Inc.\",\"description\":\"\",\"publisher\":{\"@id\":\"https:\\\/\\\/www.tcp.smpengineeredsolutions.com\\\/#organization\"},\"potentialAction\":[{\"@type\":\"SearchAction\",\"target\":{\"@type\":\"EntryPoint\",\"urlTemplate\":\"https:\\\/\\\/www.tcp.smpengineeredsolutions.com\\\/?s={search_term_string}\"},\"query-input\":{\"@type\":\"PropertyValueSpecification\",\"valueRequired\":true,\"valueName\":\"search_term_string\"}}],\"inLanguage\":\"es\"},{\"@type\":\"Organization\",\"@id\":\"https:\\\/\\\/www.tcp.smpengineeredsolutions.com\\\/#organization\",\"name\":\"SMP\u00ae Engineered Solutions\",\"url\":\"https:\\\/\\\/www.tcp.smpengineeredsolutions.com\\\/\",\"logo\":{\"@type\":\"ImageObject\",\"inLanguage\":\"es\",\"@id\":\"https:\\\/\\\/www.tcp.smpengineeredsolutions.com\\\/#\\\/schema\\\/logo\\\/image\\\/\",\"url\":\"https:\\\/\\\/www.a.smpengineeredsolutions.com\\\/wp-content\\\/uploads\\\/smp-logo.png\",\"contentUrl\":\"https:\\\/\\\/www.a.smpengineeredsolutions.com\\\/wp-content\\\/uploads\\\/smp-logo.png\",\"width\":264,\"height\":117,\"caption\":\"SMP\u00ae Engineered Solutions\"},\"image\":{\"@id\":\"https:\\\/\\\/www.tcp.smpengineeredsolutions.com\\\/#\\\/schema\\\/logo\\\/image\\\/\"},\"sameAs\":[\"https:\\\/\\\/www.youtube.com\\\/@StandardMotorProductsInc\",\"https:\\\/\\\/www.linkedin.com\\\/company\\\/standard-motor-products\"]}]}<\/script>\n<!-- \/ Yoast SEO Premium plugin. -->","yoast_head_json":{"title":"Separador de bater\u00eda - Standard Motor Products, Inc.","robots":{"index":"index","follow":"follow","max-snippet":"max-snippet:-1","max-image-preview":"max-image-preview:large","max-video-preview":"max-video-preview:-1"},"canonical":"https:\/\/www.smpengineeredsolutions.com\/es\/productos\/electrificacion-y-electronica\/controles-electronicos\/controles-electronicos-adicionales\/separador-de-bateria\/","og_locale":"es_ES","og_type":"article","og_title":"Separador de bater\u00eda","og_description":"Este dispositivo controla las tensiones en ambos terminales M8 cada segundo. Abrir\u00e1 o cerrar\u00e1 los contactos tras periodos de retardo especificados s\u00f3lo si las tensiones est\u00e1n dentro de los par\u00e1metros especificados. Esto elimina la reacci\u00f3n a oscilaciones transitorias y fluctuaciones de tensi\u00f3n a corto plazo. Excepto por un breve pulso de 8 amperios cuando se... [...]Leer m\u00e1s...","og_url":"https:\/\/www.smpengineeredsolutions.com\/es\/productos\/electrificacion-y-electronica\/controles-electronicos\/controles-electronicos-adicionales\/separador-de-bateria\/","og_site_name":"Standard Motor Products, Inc.","article_modified_time":"2023-09-07T10:21:41+00:00","schema":{"@context":"https:\/\/schema.org","@graph":[{"@type":"WebPage","@id":"https:\/\/www.smpengineeredsolutions.com\/es\/productos\/electrificacion-y-electronica\/controles-electronicos\/controles-electronicos-adicionales\/separador-de-bateria\/","url":"https:\/\/www.smpengineeredsolutions.com\/es\/productos\/electrificacion-y-electronica\/controles-electronicos\/controles-electronicos-adicionales\/separador-de-bateria\/","name":"Separador de bater\u00eda - Standard Motor Products, Inc.","isPartOf":{"@id":"https:\/\/www.tcp.smpengineeredsolutions.com\/#website"},"datePublished":"2023-01-27T18:58:02+00:00","dateModified":"2023-09-07T10:21:41+00:00","breadcrumb":{"@id":"https:\/\/www.smpengineeredsolutions.com\/es\/productos\/electrificacion-y-electronica\/controles-electronicos\/controles-electronicos-adicionales\/separador-de-bateria\/#breadcrumb"},"inLanguage":"es","potentialAction":[{"@type":"ReadAction","target":["https:\/\/www.smpengineeredsolutions.com\/es\/productos\/electrificacion-y-electronica\/controles-electronicos\/controles-electronicos-adicionales\/separador-de-bateria\/"]}]},{"@type":"BreadcrumbList","@id":"https:\/\/www.smpengineeredsolutions.com\/es\/productos\/electrificacion-y-electronica\/controles-electronicos\/controles-electronicos-adicionales\/separador-de-bateria\/#breadcrumb","itemListElement":[{"@type":"ListItem","position":1,"name":"Home","item":"https:\/\/www.af63878a-61a4-44d4-a3f9-8118d911569f.smpengineeredsolutions.com\/es\/"},{"@type":"ListItem","position":2,"name":"Productos","item":"https:\/\/www.3ec3a7a1-1e28-4a7f-941d-947624eef59a.smpengineeredsolutions.com\/es\/productos\/"},{"@type":"ListItem","position":3,"name":"Electrificaci\u00f3n y electr\u00f3nica","item":"https:\/\/www.3ec3a7a1-1e28-4a7f-941d-947624eef59a.smpengineeredsolutions.com\/es\/productos\/electrificacion-y-electronica\/"},{"@type":"ListItem","position":4,"name":"Controles electr\u00f3nicos","item":"https:\/\/www.3ec3a7a1-1e28-4a7f-941d-947624eef59a.smpengineeredsolutions.com\/es\/productos\/electrificacion-y-electronica\/controles-electronicos\/"},{"@type":"ListItem","position":5,"name":"Controles electr\u00f3nicos adicionales","item":"https:\/\/www.3ec3a7a1-1e28-4a7f-941d-947624eef59a.smpengineeredsolutions.com\/es\/productos\/electrificacion-y-electronica\/controles-electronicos\/controles-electronicos-adicionales\/"},{"@type":"ListItem","position":6,"name":"Separador de bater\u00eda"}]},{"@type":"WebSite","@id":"https:\/\/www.tcp.smpengineeredsolutions.com\/#website","url":"https:\/\/www.tcp.smpengineeredsolutions.com\/","name":"Standard Motor Products, Inc.","description":"","publisher":{"@id":"https:\/\/www.tcp.smpengineeredsolutions.com\/#organization"},"potentialAction":[{"@type":"SearchAction","target":{"@type":"EntryPoint","urlTemplate":"https:\/\/www.tcp.smpengineeredsolutions.com\/?s={search_term_string}"},"query-input":{"@type":"PropertyValueSpecification","valueRequired":true,"valueName":"search_term_string"}}],"inLanguage":"es"},{"@type":"Organization","@id":"https:\/\/www.tcp.smpengineeredsolutions.com\/#organization","name":"SMP\u00ae Engineered Solutions","url":"https:\/\/www.tcp.smpengineeredsolutions.com\/","logo":{"@type":"ImageObject","inLanguage":"es","@id":"https:\/\/www.tcp.smpengineeredsolutions.com\/#\/schema\/logo\/image\/","url":"https:\/\/www.a.smpengineeredsolutions.com\/wp-content\/uploads\/smp-logo.png","contentUrl":"https:\/\/www.a.smpengineeredsolutions.com\/wp-content\/uploads\/smp-logo.png","width":264,"height":117,"caption":"SMP\u00ae Engineered Solutions"},"image":{"@id":"https:\/\/www.tcp.smpengineeredsolutions.com\/#\/schema\/logo\/image\/"},"sameAs":["https:\/\/www.youtube.com\/@StandardMotorProductsInc","https:\/\/www.linkedin.com\/company\/standard-motor-products"]}]}},"_links":{"self":[{"href":"https:\/\/www.smpengineeredsolutions.com\/es\/wp-json\/wp\/v2\/pages\/5320","targetHints":{"allow":["GET"]}}],"collection":[{"href":"https:\/\/www.smpengineeredsolutions.com\/es\/wp-json\/wp\/v2\/pages"}],"about":[{"href":"https:\/\/www.smpengineeredsolutions.com\/es\/wp-json\/wp\/v2\/types\/page"}],"author":[{"embeddable":true,"href":"https:\/\/www.smpengineeredsolutions.com\/es\/wp-json\/wp\/v2\/users\/27"}],"replies":[{"embeddable":true,"href":"https:\/\/www.smpengineeredsolutions.com\/es\/wp-json\/wp\/v2\/comments?post=5320"}],"version-history":[{"count":0,"href":"https:\/\/www.smpengineeredsolutions.com\/es\/wp-json\/wp\/v2\/pages\/5320\/revisions"}],"up":[{"embeddable":true,"href":"https:\/\/www.smpengineeredsolutions.com\/es\/wp-json\/wp\/v2\/pages\/5317"}],"wp:attachment":[{"href":"https:\/\/www.smpengineeredsolutions.com\/es\/wp-json\/wp\/v2\/media?parent=5320"}],"curies":[{"name":"wp","href":"https:\/\/api.w.org\/{rel}","templated":true}]}}