{"id":5319,"date":"2023-01-27T13:47:44","date_gmt":"2023-01-27T18:47:44","guid":{"rendered":"https:\/\/smpengineeredsolutions.com\/?page_id=5319"},"modified":"2023-09-07T10:49:33","modified_gmt":"2023-09-07T10:49:33","slug":"modulo-de-intermitencia-de-faros-en-automotores","status":"publish","type":"page","link":"https:\/\/www.smpengineeredsolutions.com\/es\/productos\/electrificacion-y-electronica\/controles-electronicos\/controles-electronicos-adicionales\/modulo-de-intermitencia-de-faros-en-automotores\/","title":{"rendered":"M\u00f3dulo de intermitencia de faros en automotores"},"content":{"rendered":"<div class=\"feature-img-right\"><a class=\"lightbox\" href=\"\/wp-content\/uploads\/Auto_Headlight_Flasher.png\"><img decoding=\"async\" title=\"M\u00f3dulo de intermitencia de faros en automotores\" src=\"\/wp-content\/uploads\/Auto_Headlight_Flasher.png\" alt=\"M\u00f3dulo de intermitencia de faros en automotores\" width=\"400\" \/><\/a><\/div>\n<p>Este dispositivo de 2 salidas har\u00e1 funcionar un sistema de 2 o 4 faros y har\u00e1 parpadear cada salida a una frecuencia de 115 veces por minuto. En condiciones de poca luz, las luces bajas permanecen \u00abENCENDIDAS\u00bb y las luces altas parpadean para llamar la atenci\u00f3n sobre el veh\u00edculo. Cuando se activan las luces altas, la secuencia de parpadeo se apaga y permanece apagada hasta que se desactivan las luces de carretera.<\/p>\n<h2>Caracter\u00edsticas del producto<\/h2>\n<ul>\n<li>Rango de tensi\u00f3n operativa de 8 &#8211; 32 V CC<\/li>\n<li>Protecci\u00f3n de bater\u00eda inversa<\/li>\n<li>Protecci\u00f3n contra las oscilaciones transitorias de tensi\u00f3n<\/li>\n<li>Protecci\u00f3n contra cortocircuitos y sobrecarga<\/li>\n<li>Hasta 10,0 A por salida<\/li>\n<li>Compacto<\/li>\n<li>Encapsulado: protecci\u00f3n contra entornos agresivos<\/li>\n<li>F\u00e1cil montaje en 2 puntos \/ robusta carcasa de ABS<\/li>\n<li>Personalizable<\/li>\n<\/ul>\n","protected":false},"excerpt":{"rendered":"<p>Este dispositivo de 2 salidas har\u00e1 funcionar un sistema de 2 o 4 faros y har\u00e1 parpadear cada salida a una frecuencia de 115 veces por minuto. En condiciones de poca luz, las luces bajas permanecen \u00abENCENDIDAS\u00bb y las luces altas parpadean para llamar la atenci\u00f3n sobre el veh\u00edculo. Cuando se activan las luces altas,&#8230; [&#8230;]<\/p>\n<p><a class=\"btn btn-secondary understrap-read-more-link\" href=\"https:\/\/www.smpengineeredsolutions.com\/es\/productos\/electrificacion-y-electronica\/controles-electronicos\/controles-electronicos-adicionales\/modulo-de-intermitencia-de-faros-en-automotores\/\">Leer m\u00e1s&#8230;<\/a><\/p>\n","protected":false},"author":27,"featured_media":0,"parent":5317,"menu_order":0,"comment_status":"closed","ping_status":"closed","template":"page-templates\/destination-content.php","meta":{"_acf_changed":false,"inline_featured_image":false,"footnotes":""},"class_list":["post-5319","page","type-page","status-publish","hentry"],"featured_image_src":null,"acf":[],"yoast_head":"<!-- This site is optimized with the Yoast SEO Premium plugin v27.5 (Yoast SEO v27.5) - https:\/\/yoast.com\/product\/yoast-seo-premium-wordpress\/ -->\n<title>M\u00f3dulo de intermitencia de faros en automotores - Standard Motor Products, Inc.<\/title>\n<meta name=\"robots\" content=\"index, follow, max-snippet:-1, max-image-preview:large, max-video-preview:-1\" \/>\n<link rel=\"canonical\" href=\"https:\/\/www.smpengineeredsolutions.com\/es\/productos\/electrificacion-y-electronica\/controles-electronicos\/controles-electronicos-adicionales\/modulo-de-intermitencia-de-faros-en-automotores\/\" \/>\n<meta property=\"og:locale\" content=\"es_ES\" \/>\n<meta property=\"og:type\" content=\"article\" \/>\n<meta property=\"og:title\" content=\"M\u00f3dulo de intermitencia de faros en automotores\" \/>\n<meta property=\"og:description\" content=\"Este dispositivo de 2 salidas har\u00e1 funcionar un sistema de 2 o 4 faros y har\u00e1 parpadear cada salida a una frecuencia de 115 veces por minuto. En condiciones de poca luz, las luces bajas permanecen \u00abENCENDIDAS\u00bb y las luces altas parpadean para llamar la atenci\u00f3n sobre el veh\u00edculo. Cuando se activan las luces altas,... [...]Leer m\u00e1s...\" \/>\n<meta property=\"og:url\" content=\"https:\/\/www.smpengineeredsolutions.com\/es\/productos\/electrificacion-y-electronica\/controles-electronicos\/controles-electronicos-adicionales\/modulo-de-intermitencia-de-faros-en-automotores\/\" \/>\n<meta property=\"og:site_name\" content=\"Standard Motor Products, Inc.\" \/>\n<meta property=\"article:modified_time\" content=\"2023-09-07T10:49:33+00:00\" \/>\n<meta name=\"twitter:label1\" content=\"Tiempo de lectura\" \/>\n\t<meta name=\"twitter:data1\" content=\"1 minuto\" \/>\n<script type=\"application\/ld+json\" class=\"yoast-schema-graph\">{\"@context\":\"https:\\\/\\\/schema.org\",\"@graph\":[{\"@type\":\"WebPage\",\"@id\":\"https:\\\/\\\/www.smpengineeredsolutions.com\\\/es\\\/productos\\\/electrificacion-y-electronica\\\/controles-electronicos\\\/controles-electronicos-adicionales\\\/modulo-de-intermitencia-de-faros-en-automotores\\\/\",\"url\":\"https:\\\/\\\/www.smpengineeredsolutions.com\\\/es\\\/productos\\\/electrificacion-y-electronica\\\/controles-electronicos\\\/controles-electronicos-adicionales\\\/modulo-de-intermitencia-de-faros-en-automotores\\\/\",\"name\":\"M\u00f3dulo de intermitencia de faros en automotores - Standard Motor Products, Inc.\",\"isPartOf\":{\"@id\":\"https:\\\/\\\/www.smpengineeredsolutions.com\\\/es\\\/#website\"},\"datePublished\":\"2023-01-27T18:47:44+00:00\",\"dateModified\":\"2023-09-07T10:49:33+00:00\",\"breadcrumb\":{\"@id\":\"https:\\\/\\\/www.smpengineeredsolutions.com\\\/es\\\/productos\\\/electrificacion-y-electronica\\\/controles-electronicos\\\/controles-electronicos-adicionales\\\/modulo-de-intermitencia-de-faros-en-automotores\\\/#breadcrumb\"},\"inLanguage\":\"es\",\"potentialAction\":[{\"@type\":\"ReadAction\",\"target\":[\"https:\\\/\\\/www.smpengineeredsolutions.com\\\/es\\\/productos\\\/electrificacion-y-electronica\\\/controles-electronicos\\\/controles-electronicos-adicionales\\\/modulo-de-intermitencia-de-faros-en-automotores\\\/\"]}]},{\"@type\":\"BreadcrumbList\",\"@id\":\"https:\\\/\\\/www.smpengineeredsolutions.com\\\/es\\\/productos\\\/electrificacion-y-electronica\\\/controles-electronicos\\\/controles-electronicos-adicionales\\\/modulo-de-intermitencia-de-faros-en-automotores\\\/#breadcrumb\",\"itemListElement\":[{\"@type\":\"ListItem\",\"position\":1,\"name\":\"Home\",\"item\":\"https:\\\/\\\/www.tcp.smpengineeredsolutions.com\\\/es\\\/\"},{\"@type\":\"ListItem\",\"position\":2,\"name\":\"Productos\",\"item\":\"https:\\\/\\\/www.tcp.smpengineeredsolutions.com\\\/es\\\/productos\\\/\"},{\"@type\":\"ListItem\",\"position\":3,\"name\":\"Electrificaci\u00f3n y electr\u00f3nica\",\"item\":\"https:\\\/\\\/www.af63878a-61a4-44d4-a3f9-8118d911569f.smpengineeredsolutions.com\\\/es\\\/productos\\\/electrificacion-y-electronica\\\/\"},{\"@type\":\"ListItem\",\"position\":4,\"name\":\"Controles electr\u00f3nicos\",\"item\":\"https:\\\/\\\/www.af63878a-61a4-44d4-a3f9-8118d911569f.smpengineeredsolutions.com\\\/es\\\/productos\\\/electrificacion-y-electronica\\\/controles-electronicos\\\/\"},{\"@type\":\"ListItem\",\"position\":5,\"name\":\"Controles electr\u00f3nicos adicionales\",\"item\":\"https:\\\/\\\/www.af63878a-61a4-44d4-a3f9-8118d911569f.smpengineeredsolutions.com\\\/es\\\/productos\\\/electrificacion-y-electronica\\\/controles-electronicos\\\/controles-electronicos-adicionales\\\/\"},{\"@type\":\"ListItem\",\"position\":6,\"name\":\"M\u00f3dulo de intermitencia de faros en automotores\"}]},{\"@type\":\"WebSite\",\"@id\":\"https:\\\/\\\/www.smpengineeredsolutions.com\\\/es\\\/#website\",\"url\":\"https:\\\/\\\/www.smpengineeredsolutions.com\\\/es\\\/\",\"name\":\"Standard Motor Products, Inc.\",\"description\":\"\",\"publisher\":{\"@id\":\"https:\\\/\\\/www.smpengineeredsolutions.com\\\/es\\\/#organization\"},\"potentialAction\":[{\"@type\":\"SearchAction\",\"target\":{\"@type\":\"EntryPoint\",\"urlTemplate\":\"https:\\\/\\\/www.smpengineeredsolutions.com\\\/es\\\/?s={search_term_string}\"},\"query-input\":{\"@type\":\"PropertyValueSpecification\",\"valueRequired\":true,\"valueName\":\"search_term_string\"}}],\"inLanguage\":\"es\"},{\"@type\":\"Organization\",\"@id\":\"https:\\\/\\\/www.smpengineeredsolutions.com\\\/es\\\/#organization\",\"name\":\"SMP\u00ae Engineered Solutions\",\"url\":\"https:\\\/\\\/www.smpengineeredsolutions.com\\\/es\\\/\",\"logo\":{\"@type\":\"ImageObject\",\"inLanguage\":\"es\",\"@id\":\"https:\\\/\\\/www.smpengineeredsolutions.com\\\/es\\\/#\\\/schema\\\/logo\\\/image\\\/\",\"url\":\"https:\\\/\\\/www.a.smpengineeredsolutions.com\\\/wp-content\\\/uploads\\\/smp-logo.png\",\"contentUrl\":\"https:\\\/\\\/www.a.smpengineeredsolutions.com\\\/wp-content\\\/uploads\\\/smp-logo.png\",\"width\":264,\"height\":117,\"caption\":\"SMP\u00ae Engineered Solutions\"},\"image\":{\"@id\":\"https:\\\/\\\/www.smpengineeredsolutions.com\\\/es\\\/#\\\/schema\\\/logo\\\/image\\\/\"},\"sameAs\":[\"https:\\\/\\\/www.youtube.com\\\/@StandardMotorProductsInc\",\"https:\\\/\\\/www.linkedin.com\\\/company\\\/standard-motor-products\"]}]}<\/script>\n<!-- \/ Yoast SEO Premium plugin. -->","yoast_head_json":{"title":"M\u00f3dulo de intermitencia de faros en automotores - Standard Motor Products, Inc.","robots":{"index":"index","follow":"follow","max-snippet":"max-snippet:-1","max-image-preview":"max-image-preview:large","max-video-preview":"max-video-preview:-1"},"canonical":"https:\/\/www.smpengineeredsolutions.com\/es\/productos\/electrificacion-y-electronica\/controles-electronicos\/controles-electronicos-adicionales\/modulo-de-intermitencia-de-faros-en-automotores\/","og_locale":"es_ES","og_type":"article","og_title":"M\u00f3dulo de intermitencia de faros en automotores","og_description":"Este dispositivo de 2 salidas har\u00e1 funcionar un sistema de 2 o 4 faros y har\u00e1 parpadear cada salida a una frecuencia de 115 veces por minuto. En condiciones de poca luz, las luces bajas permanecen \u00abENCENDIDAS\u00bb y las luces altas parpadean para llamar la atenci\u00f3n sobre el veh\u00edculo. Cuando se activan las luces altas,... [...]Leer m\u00e1s...","og_url":"https:\/\/www.smpengineeredsolutions.com\/es\/productos\/electrificacion-y-electronica\/controles-electronicos\/controles-electronicos-adicionales\/modulo-de-intermitencia-de-faros-en-automotores\/","og_site_name":"Standard Motor Products, Inc.","article_modified_time":"2023-09-07T10:49:33+00:00","twitter_misc":{"Tiempo de lectura":"1 minuto"},"schema":{"@context":"https:\/\/schema.org","@graph":[{"@type":"WebPage","@id":"https:\/\/www.smpengineeredsolutions.com\/es\/productos\/electrificacion-y-electronica\/controles-electronicos\/controles-electronicos-adicionales\/modulo-de-intermitencia-de-faros-en-automotores\/","url":"https:\/\/www.smpengineeredsolutions.com\/es\/productos\/electrificacion-y-electronica\/controles-electronicos\/controles-electronicos-adicionales\/modulo-de-intermitencia-de-faros-en-automotores\/","name":"M\u00f3dulo de intermitencia de faros en automotores - Standard Motor Products, Inc.","isPartOf":{"@id":"https:\/\/www.smpengineeredsolutions.com\/es\/#website"},"datePublished":"2023-01-27T18:47:44+00:00","dateModified":"2023-09-07T10:49:33+00:00","breadcrumb":{"@id":"https:\/\/www.smpengineeredsolutions.com\/es\/productos\/electrificacion-y-electronica\/controles-electronicos\/controles-electronicos-adicionales\/modulo-de-intermitencia-de-faros-en-automotores\/#breadcrumb"},"inLanguage":"es","potentialAction":[{"@type":"ReadAction","target":["https:\/\/www.smpengineeredsolutions.com\/es\/productos\/electrificacion-y-electronica\/controles-electronicos\/controles-electronicos-adicionales\/modulo-de-intermitencia-de-faros-en-automotores\/"]}]},{"@type":"BreadcrumbList","@id":"https:\/\/www.smpengineeredsolutions.com\/es\/productos\/electrificacion-y-electronica\/controles-electronicos\/controles-electronicos-adicionales\/modulo-de-intermitencia-de-faros-en-automotores\/#breadcrumb","itemListElement":[{"@type":"ListItem","position":1,"name":"Home","item":"https:\/\/www.tcp.smpengineeredsolutions.com\/es\/"},{"@type":"ListItem","position":2,"name":"Productos","item":"https:\/\/www.tcp.smpengineeredsolutions.com\/es\/productos\/"},{"@type":"ListItem","position":3,"name":"Electrificaci\u00f3n y electr\u00f3nica","item":"https:\/\/www.af63878a-61a4-44d4-a3f9-8118d911569f.smpengineeredsolutions.com\/es\/productos\/electrificacion-y-electronica\/"},{"@type":"ListItem","position":4,"name":"Controles electr\u00f3nicos","item":"https:\/\/www.af63878a-61a4-44d4-a3f9-8118d911569f.smpengineeredsolutions.com\/es\/productos\/electrificacion-y-electronica\/controles-electronicos\/"},{"@type":"ListItem","position":5,"name":"Controles electr\u00f3nicos adicionales","item":"https:\/\/www.af63878a-61a4-44d4-a3f9-8118d911569f.smpengineeredsolutions.com\/es\/productos\/electrificacion-y-electronica\/controles-electronicos\/controles-electronicos-adicionales\/"},{"@type":"ListItem","position":6,"name":"M\u00f3dulo de intermitencia de faros en automotores"}]},{"@type":"WebSite","@id":"https:\/\/www.smpengineeredsolutions.com\/es\/#website","url":"https:\/\/www.smpengineeredsolutions.com\/es\/","name":"Standard Motor Products, Inc.","description":"","publisher":{"@id":"https:\/\/www.smpengineeredsolutions.com\/es\/#organization"},"potentialAction":[{"@type":"SearchAction","target":{"@type":"EntryPoint","urlTemplate":"https:\/\/www.smpengineeredsolutions.com\/es\/?s={search_term_string}"},"query-input":{"@type":"PropertyValueSpecification","valueRequired":true,"valueName":"search_term_string"}}],"inLanguage":"es"},{"@type":"Organization","@id":"https:\/\/www.smpengineeredsolutions.com\/es\/#organization","name":"SMP\u00ae Engineered Solutions","url":"https:\/\/www.smpengineeredsolutions.com\/es\/","logo":{"@type":"ImageObject","inLanguage":"es","@id":"https:\/\/www.smpengineeredsolutions.com\/es\/#\/schema\/logo\/image\/","url":"https:\/\/www.a.smpengineeredsolutions.com\/wp-content\/uploads\/smp-logo.png","contentUrl":"https:\/\/www.a.smpengineeredsolutions.com\/wp-content\/uploads\/smp-logo.png","width":264,"height":117,"caption":"SMP\u00ae Engineered Solutions"},"image":{"@id":"https:\/\/www.smpengineeredsolutions.com\/es\/#\/schema\/logo\/image\/"},"sameAs":["https:\/\/www.youtube.com\/@StandardMotorProductsInc","https:\/\/www.linkedin.com\/company\/standard-motor-products"]}]}},"_links":{"self":[{"href":"https:\/\/www.smpengineeredsolutions.com\/es\/wp-json\/wp\/v2\/pages\/5319","targetHints":{"allow":["GET"]}}],"collection":[{"href":"https:\/\/www.smpengineeredsolutions.com\/es\/wp-json\/wp\/v2\/pages"}],"about":[{"href":"https:\/\/www.smpengineeredsolutions.com\/es\/wp-json\/wp\/v2\/types\/page"}],"author":[{"embeddable":true,"href":"https:\/\/www.smpengineeredsolutions.com\/es\/wp-json\/wp\/v2\/users\/27"}],"replies":[{"embeddable":true,"href":"https:\/\/www.smpengineeredsolutions.com\/es\/wp-json\/wp\/v2\/comments?post=5319"}],"version-history":[{"count":0,"href":"https:\/\/www.smpengineeredsolutions.com\/es\/wp-json\/wp\/v2\/pages\/5319\/revisions"}],"up":[{"embeddable":true,"href":"https:\/\/www.smpengineeredsolutions.com\/es\/wp-json\/wp\/v2\/pages\/5317"}],"wp:attachment":[{"href":"https:\/\/www.smpengineeredsolutions.com\/es\/wp-json\/wp\/v2\/media?parent=5319"}],"curies":[{"name":"wp","href":"https:\/\/api.w.org\/{rel}","templated":true}]}}