{"id":5316,"date":"2023-01-09T15:18:41","date_gmt":"2023-01-09T20:18:41","guid":{"rendered":"https:\/\/smpengineeredsolutions.com\/?page_id=5316"},"modified":"2024-09-25T11:05:33","modified_gmt":"2024-09-25T15:05:33","slug":"controles-electronicos","status":"publish","type":"page","link":"https:\/\/www.smpengineeredsolutions.com\/es\/productos\/electrificacion-y-electronica\/controles-electronicos\/","title":{"rendered":"Controles electr\u00f3nicos"},"content":{"rendered":"<div class=\"feature-img-right\"><a class=\"lightbox\" href=\"\/wp-content\/uploads\/IO-Module-2.png\"><img loading=\"lazy\" decoding=\"async\" class=\"\" title=\"Controles electr\u00f3nicos \" src=\"\/wp-content\/uploads\/IO-Module-2.png\" alt=\"Controles electr\u00f3nicos\" width=\"206\" height=\"206\" \/><\/a><\/div>\n<h2>Sistemas de control electr\u00f3nico<\/h2>\n<p>Los sistemas de control electr\u00f3nico son dispositivos que supervisan y controlan una funci\u00f3n de automatizaci\u00f3n espec\u00edfica regulando el flujo de corriente el\u00e9ctrica para realizar las operaciones adecuadas. Todos nuestros sistemas de control est\u00e1n dise\u00f1ados para una transmisi\u00f3n de se\u00f1ales m\u00e1s r\u00e1pida, son resistentes y robustos, tienen una excelente capacidad de detecci\u00f3n de errores, son fiables y est\u00e1n fabricados para soportar cualquier condici\u00f3n ambiental.<\/p>\n<p><strong>Representaci\u00f3n del \u00abdiagrama de bloques\u00bb de un sistema electr\u00f3nico<\/strong><\/p>\n<p><img loading=\"lazy\" decoding=\"async\" class=\"alignnone wp-image-7361\" src=\"https:\/\/www.smpengineeredsolutions.com\/wp-content\/uploads\/Electrical-Control-System-arrow-graph-Spanish-500x125.png\" alt=\"\" width=\"680\" height=\"170\" srcset=\"https:\/\/www.smpengineeredsolutions.com\/wp-content\/uploads\/Electrical-Control-System-arrow-graph-Spanish-500x125.png 500w, https:\/\/www.smpengineeredsolutions.com\/wp-content\/uploads\/Electrical-Control-System-arrow-graph-Spanish-1024x256.png 1024w, https:\/\/www.smpengineeredsolutions.com\/wp-content\/uploads\/Electrical-Control-System-arrow-graph-Spanish-768x192.png 768w, https:\/\/www.smpengineeredsolutions.com\/wp-content\/uploads\/Electrical-Control-System-arrow-graph-Spanish-1536x384.png 1536w, https:\/\/www.smpengineeredsolutions.com\/wp-content\/uploads\/Electrical-Control-System-arrow-graph-Spanish-2048x512.png 2048w\" sizes=\"auto, (max-width: 680px) 100vw, 680px\" \/><\/p>\n<p>Un sistema electr\u00f3nico es un proceso que transforma una se\u00f1al en otra recogiendo informaci\u00f3n y proces\u00e1ndola en una respuesta directa. En este caso, la entrada es la \u00abcausa\u00bb, que se procesa en un sistema de control que produce el \u00abefecto\u00bb deseado.<\/p>\n<p>En SMP, presentamos una variedad de Control Electr\u00f3nico para su soluci\u00f3n. Para destacar algunos, ofrecemos<\/p>\n<ul>\n<li><strong>Los sistemas de conmutaci\u00f3n digital<\/strong> son dispositivos de hardware controlados por red que sustituyen los interruptores mec\u00e1nicos de CC por sistemas digitales de conmutaci\u00f3n de distribuci\u00f3n de energ\u00eda.<\/li>\n<li><strong>El m\u00f3dulo de puente en H para automoci\u00f3n<\/strong> es un dispositivo que proporciona una forma eficaz de invertir la polaridad en una variedad de cargas de corriente continua.<\/li>\n<li><strong>La barra colectora<\/strong> sellada est\u00e1 fabricada para eliminar los puntos de conexi\u00f3n corro\u00eddos y la posibilidad de conexiones intermitentes en la barra colectora.<\/li>\n<li><strong>El separador de bater\u00edas<\/strong> es un dispositivo que supervisa las tensiones en ambos terminales M8 cada segundo. Abrir\u00e1 o cerrar\u00e1 los contactos tras periodos de retardo especificados solo si las tensiones est\u00e1n dentro de los par\u00e1metros especificados.<\/li>\n<\/ul>\n<h3>\u00bfPor qu\u00e9 elegir nuestro producto?<\/h3>\n<p><img loading=\"lazy\" decoding=\"async\" class=\"alignnone wp-image-7367\" src=\"https:\/\/www.smpengineeredsolutions.com\/wp-content\/uploads\/Electronic-Control-System-infograph-Spanish-500x152.png\" alt=\"\" width=\"980\" height=\"298\" srcset=\"https:\/\/www.smpengineeredsolutions.com\/wp-content\/uploads\/Electronic-Control-System-infograph-Spanish-500x152.png 500w, https:\/\/www.smpengineeredsolutions.com\/wp-content\/uploads\/Electronic-Control-System-infograph-Spanish-1024x312.png 1024w, https:\/\/www.smpengineeredsolutions.com\/wp-content\/uploads\/Electronic-Control-System-infograph-Spanish-768x234.png 768w, https:\/\/www.smpengineeredsolutions.com\/wp-content\/uploads\/Electronic-Control-System-infograph-Spanish-1536x467.png 1536w, https:\/\/www.smpengineeredsolutions.com\/wp-content\/uploads\/Electronic-Control-System-infograph-Spanish-2048x623.png 2048w\" sizes=\"auto, (max-width: 980px) 100vw, 980px\" \/><\/p>\n<h3>Nuestros sistemas de control son esenciales en industrias como<\/h3>\n<ul>\n<li>Marina<\/li>\n<li>Industrial (maquinaria agr\u00edcola y de construcci\u00f3n)<\/li>\n<li>C\u00e9sped y jard\u00edn<\/li>\n<li>Veh\u00edculo deportivo<\/li>\n<\/ul>\n<p>P\u00f3ngase en contacto con Trombetta para su pr\u00f3ximo requisito de control personalizado.<\/p>\n<p><strong>Preguntas frecuentes<\/strong><\/p>\n<table style=\"height: 159px;\" width=\"1140\">\n<tbody>\n<tr>\n<td><strong>\u00bfCu\u00e1l es la vida \u00fatil de un sistema de control electr\u00f3nico? <\/strong><\/td>\n<td>Nuestros productos son resistentes, robustos y est\u00e1n sellados para soportar condiciones clim\u00e1ticas extremas, por lo que son duraderos.<\/td>\n<\/tr>\n<tr>\n<td><strong>\u00bfEn qu\u00e9 aplicaciones se utilizan los sistemas de control electr\u00f3nico? <\/strong><\/td>\n<td>Los sistemas de control electr\u00f3nico pueden utilizarse en la agricultura industrial y la construcci\u00f3n, el c\u00e9sped y el jard\u00edn, la marina y los deportes de motor.<\/td>\n<\/tr>\n<tr>\n<td><strong>\u00bfSe pueden personalizar los sistemas de control electr\u00f3nico? <\/strong><\/td>\n<td>S\u00ed, nuestros sistemas electr\u00f3nicos pueden adaptarse a las necesidades de su aplicaci\u00f3n.<\/td>\n<\/tr>\n<\/tbody>\n<\/table>\n<p><a href=\"https:\/\/www.smpengineeredsolutions.com\/es\/contactenos\/\">P\u00f3ngase en contacto<\/a> con Trombetta para su pr\u00f3ximo requisito de control personalizado.<\/p>\n<p>&nbsp;<\/p>\n<p><img loading=\"lazy\" decoding=\"async\" class=\"alignleft wp-image-3074\" title=\"SMP Trombetta Logo\" src=\"https:\/\/www.smpengineeredsolutions.com\/wp-content\/uploads\/SMP-Trombetta-4C-500x75.png\" alt=\"SMP Trombetta Logo\" width=\"347\" height=\"52\" srcset=\"https:\/\/www.smpengineeredsolutions.com\/wp-content\/uploads\/SMP-Trombetta-4C-500x75.png 500w, https:\/\/www.smpengineeredsolutions.com\/wp-content\/uploads\/SMP-Trombetta-4C-1024x154.png 1024w, https:\/\/www.smpengineeredsolutions.com\/wp-content\/uploads\/SMP-Trombetta-4C-768x116.png 768w, https:\/\/www.smpengineeredsolutions.com\/wp-content\/uploads\/SMP-Trombetta-4C-1536x231.png 1536w, https:\/\/www.smpengineeredsolutions.com\/wp-content\/uploads\/SMP-Trombetta-4C-2048x309.png 2048w\" sizes=\"auto, (max-width: 347px) 100vw, 347px\" \/><\/p>\n","protected":false},"excerpt":{"rendered":"<p>Sistemas de control electr\u00f3nico Los sistemas de control electr\u00f3nico son dispositivos que supervisan y controlan una funci\u00f3n de automatizaci\u00f3n espec\u00edfica regulando el flujo de corriente el\u00e9ctrica para realizar las operaciones adecuadas. Todos nuestros sistemas de control est\u00e1n dise\u00f1ados para una transmisi\u00f3n de se\u00f1ales m\u00e1s r\u00e1pida, son resistentes y robustos, tienen una excelente capacidad de detecci\u00f3n&#8230; [&#8230;]<\/p>\n<p><a class=\"btn btn-secondary understrap-read-more-link\" href=\"https:\/\/www.smpengineeredsolutions.com\/es\/productos\/electrificacion-y-electronica\/controles-electronicos\/\">Leer m\u00e1s&#8230;<\/a><\/p>\n","protected":false},"author":27,"featured_media":0,"parent":5302,"menu_order":0,"comment_status":"closed","ping_status":"closed","template":"page-templates\/destination-content.php","meta":{"_acf_changed":false,"inline_featured_image":false,"footnotes":""},"class_list":["post-5316","page","type-page","status-publish","hentry"],"featured_image_src":null,"acf":[],"yoast_head":"<!-- This site is optimized with the Yoast SEO Premium plugin v27.4 (Yoast SEO v27.4) - https:\/\/yoast.com\/product\/yoast-seo-premium-wordpress\/ -->\n<title>Sistemas de control electr\u00f3nico | Standard Motor Control, Inc.<\/title>\n<meta name=\"description\" content=\"Descubra los avanzados sistemas de control electr\u00f3nico de SMP Engineered Solutions, dise\u00f1ados para ofrecer un rendimiento y una fiabilidad \u00f3ptimos en automatizaci\u00f3n y electr\u00f3nica.\" \/>\n<meta name=\"robots\" content=\"index, follow, max-snippet:-1, max-image-preview:large, max-video-preview:-1\" \/>\n<link rel=\"canonical\" href=\"https:\/\/www.smpengineeredsolutions.com\/es\/productos\/electrificacion-y-electronica\/controles-electronicos\/\" \/>\n<meta property=\"og:locale\" content=\"es_ES\" \/>\n<meta property=\"og:type\" content=\"article\" \/>\n<meta property=\"og:title\" content=\"Controles electr\u00f3nicos\" \/>\n<meta property=\"og:description\" content=\"Descubra los avanzados sistemas de control electr\u00f3nico de SMP Engineered Solutions, dise\u00f1ados para ofrecer un rendimiento y una fiabilidad \u00f3ptimos en automatizaci\u00f3n y electr\u00f3nica.\" \/>\n<meta property=\"og:url\" content=\"https:\/\/www.smpengineeredsolutions.com\/es\/productos\/electrificacion-y-electronica\/controles-electronicos\/\" \/>\n<meta property=\"og:site_name\" content=\"Standard Motor Products, Inc.\" \/>\n<meta property=\"article:modified_time\" content=\"2024-09-25T15:05:33+00:00\" \/>\n<meta property=\"og:image\" content=\"https:\/\/www.smpengineeredsolutions.com\/wp-content\/uploads\/Electrical-Control-System-arrow-graph-Spanish-500x125.png\" \/>\n<meta name=\"twitter:label1\" content=\"Tiempo de lectura\" \/>\n\t<meta name=\"twitter:data1\" content=\"3 minutos\" \/>\n<script type=\"application\/ld+json\" class=\"yoast-schema-graph\">{\"@context\":\"https:\\\/\\\/schema.org\",\"@graph\":[{\"@type\":\"WebPage\",\"@id\":\"https:\\\/\\\/www.smpengineeredsolutions.com\\\/es\\\/productos\\\/electrificacion-y-electronica\\\/controles-electronicos\\\/\",\"url\":\"https:\\\/\\\/www.smpengineeredsolutions.com\\\/es\\\/productos\\\/electrificacion-y-electronica\\\/controles-electronicos\\\/\",\"name\":\"Sistemas de control electr\u00f3nico | Standard Motor Control, Inc.\",\"isPartOf\":{\"@id\":\"https:\\\/\\\/www._tcp.smpengineeredsolutions.com\\\/#website\"},\"primaryImageOfPage\":{\"@id\":\"https:\\\/\\\/www.smpengineeredsolutions.com\\\/es\\\/productos\\\/electrificacion-y-electronica\\\/controles-electronicos\\\/#primaryimage\"},\"image\":{\"@id\":\"https:\\\/\\\/www.smpengineeredsolutions.com\\\/es\\\/productos\\\/electrificacion-y-electronica\\\/controles-electronicos\\\/#primaryimage\"},\"thumbnailUrl\":\"https:\\\/\\\/www.smpengineeredsolutions.com\\\/wp-content\\\/uploads\\\/Electrical-Control-System-arrow-graph-Spanish-500x125.png\",\"datePublished\":\"2023-01-09T20:18:41+00:00\",\"dateModified\":\"2024-09-25T15:05:33+00:00\",\"description\":\"Descubra los avanzados sistemas de control electr\u00f3nico de SMP Engineered Solutions, dise\u00f1ados para ofrecer un rendimiento y una fiabilidad \u00f3ptimos en automatizaci\u00f3n y electr\u00f3nica.\",\"breadcrumb\":{\"@id\":\"https:\\\/\\\/www.smpengineeredsolutions.com\\\/es\\\/productos\\\/electrificacion-y-electronica\\\/controles-electronicos\\\/#breadcrumb\"},\"inLanguage\":\"es\",\"potentialAction\":[{\"@type\":\"ReadAction\",\"target\":[\"https:\\\/\\\/www.smpengineeredsolutions.com\\\/es\\\/productos\\\/electrificacion-y-electronica\\\/controles-electronicos\\\/\"]}]},{\"@type\":\"ImageObject\",\"inLanguage\":\"es\",\"@id\":\"https:\\\/\\\/www.smpengineeredsolutions.com\\\/es\\\/productos\\\/electrificacion-y-electronica\\\/controles-electronicos\\\/#primaryimage\",\"url\":\"https:\\\/\\\/www.smpengineeredsolutions.com\\\/wp-content\\\/uploads\\\/Electrical-Control-System-arrow-graph-Spanish-500x125.png\",\"contentUrl\":\"https:\\\/\\\/www.smpengineeredsolutions.com\\\/wp-content\\\/uploads\\\/Electrical-Control-System-arrow-graph-Spanish-500x125.png\"},{\"@type\":\"BreadcrumbList\",\"@id\":\"https:\\\/\\\/www.smpengineeredsolutions.com\\\/es\\\/productos\\\/electrificacion-y-electronica\\\/controles-electronicos\\\/#breadcrumb\",\"itemListElement\":[{\"@type\":\"ListItem\",\"position\":1,\"name\":\"Home\",\"item\":\"https:\\\/\\\/www.smpengineeredsolutions.com\\\/es\\\/\"},{\"@type\":\"ListItem\",\"position\":2,\"name\":\"Productos\",\"item\":\"https:\\\/\\\/www.smpengineeredsolutions.com\\\/es\\\/productos\\\/\"},{\"@type\":\"ListItem\",\"position\":3,\"name\":\"Electrificaci\u00f3n y electr\u00f3nica\",\"item\":\"https:\\\/\\\/www.smpengineeredsolutions.com\\\/es\\\/productos\\\/electrificacion-y-electronica\\\/\"},{\"@type\":\"ListItem\",\"position\":4,\"name\":\"Controles electr\u00f3nicos\"}]},{\"@type\":\"WebSite\",\"@id\":\"https:\\\/\\\/www._tcp.smpengineeredsolutions.com\\\/#website\",\"url\":\"https:\\\/\\\/www._tcp.smpengineeredsolutions.com\\\/\",\"name\":\"Standard Motor Products, Inc.\",\"description\":\"\",\"publisher\":{\"@id\":\"https:\\\/\\\/www._tcp.smpengineeredsolutions.com\\\/#organization\"},\"potentialAction\":[{\"@type\":\"SearchAction\",\"target\":{\"@type\":\"EntryPoint\",\"urlTemplate\":\"https:\\\/\\\/www._tcp.smpengineeredsolutions.com\\\/?s={search_term_string}\"},\"query-input\":{\"@type\":\"PropertyValueSpecification\",\"valueRequired\":true,\"valueName\":\"search_term_string\"}}],\"inLanguage\":\"es\"},{\"@type\":\"Organization\",\"@id\":\"https:\\\/\\\/www._tcp.smpengineeredsolutions.com\\\/#organization\",\"name\":\"SMP\u00ae Engineered Solutions\",\"url\":\"https:\\\/\\\/www._tcp.smpengineeredsolutions.com\\\/\",\"logo\":{\"@type\":\"ImageObject\",\"inLanguage\":\"es\",\"@id\":\"https:\\\/\\\/www._tcp.smpengineeredsolutions.com\\\/#\\\/schema\\\/logo\\\/image\\\/\",\"url\":\"https:\\\/\\\/www.a.smpengineeredsolutions.com\\\/wp-content\\\/uploads\\\/smp-logo.png\",\"contentUrl\":\"https:\\\/\\\/www.a.smpengineeredsolutions.com\\\/wp-content\\\/uploads\\\/smp-logo.png\",\"width\":264,\"height\":117,\"caption\":\"SMP\u00ae Engineered Solutions\"},\"image\":{\"@id\":\"https:\\\/\\\/www._tcp.smpengineeredsolutions.com\\\/#\\\/schema\\\/logo\\\/image\\\/\"},\"sameAs\":[\"https:\\\/\\\/www.youtube.com\\\/@StandardMotorProductsInc\",\"https:\\\/\\\/www.linkedin.com\\\/company\\\/standard-motor-products\"]}]}<\/script>\n<!-- \/ Yoast SEO Premium plugin. -->","yoast_head_json":{"title":"Sistemas de control electr\u00f3nico | Standard Motor Control, Inc.","description":"Descubra los avanzados sistemas de control electr\u00f3nico de SMP Engineered Solutions, dise\u00f1ados para ofrecer un rendimiento y una fiabilidad \u00f3ptimos en automatizaci\u00f3n y electr\u00f3nica.","robots":{"index":"index","follow":"follow","max-snippet":"max-snippet:-1","max-image-preview":"max-image-preview:large","max-video-preview":"max-video-preview:-1"},"canonical":"https:\/\/www.smpengineeredsolutions.com\/es\/productos\/electrificacion-y-electronica\/controles-electronicos\/","og_locale":"es_ES","og_type":"article","og_title":"Controles electr\u00f3nicos","og_description":"Descubra los avanzados sistemas de control electr\u00f3nico de SMP Engineered Solutions, dise\u00f1ados para ofrecer un rendimiento y una fiabilidad \u00f3ptimos en automatizaci\u00f3n y electr\u00f3nica.","og_url":"https:\/\/www.smpengineeredsolutions.com\/es\/productos\/electrificacion-y-electronica\/controles-electronicos\/","og_site_name":"Standard Motor Products, Inc.","article_modified_time":"2024-09-25T15:05:33+00:00","og_image":[{"url":"https:\/\/www.smpengineeredsolutions.com\/wp-content\/uploads\/Electrical-Control-System-arrow-graph-Spanish-500x125.png","type":"","width":"","height":""}],"twitter_misc":{"Tiempo de lectura":"3 minutos"},"schema":{"@context":"https:\/\/schema.org","@graph":[{"@type":"WebPage","@id":"https:\/\/www.smpengineeredsolutions.com\/es\/productos\/electrificacion-y-electronica\/controles-electronicos\/","url":"https:\/\/www.smpengineeredsolutions.com\/es\/productos\/electrificacion-y-electronica\/controles-electronicos\/","name":"Sistemas de control electr\u00f3nico | Standard Motor Control, Inc.","isPartOf":{"@id":"https:\/\/www._tcp.smpengineeredsolutions.com\/#website"},"primaryImageOfPage":{"@id":"https:\/\/www.smpengineeredsolutions.com\/es\/productos\/electrificacion-y-electronica\/controles-electronicos\/#primaryimage"},"image":{"@id":"https:\/\/www.smpengineeredsolutions.com\/es\/productos\/electrificacion-y-electronica\/controles-electronicos\/#primaryimage"},"thumbnailUrl":"https:\/\/www.smpengineeredsolutions.com\/wp-content\/uploads\/Electrical-Control-System-arrow-graph-Spanish-500x125.png","datePublished":"2023-01-09T20:18:41+00:00","dateModified":"2024-09-25T15:05:33+00:00","description":"Descubra los avanzados sistemas de control electr\u00f3nico de SMP Engineered Solutions, dise\u00f1ados para ofrecer un rendimiento y una fiabilidad \u00f3ptimos en automatizaci\u00f3n y electr\u00f3nica.","breadcrumb":{"@id":"https:\/\/www.smpengineeredsolutions.com\/es\/productos\/electrificacion-y-electronica\/controles-electronicos\/#breadcrumb"},"inLanguage":"es","potentialAction":[{"@type":"ReadAction","target":["https:\/\/www.smpengineeredsolutions.com\/es\/productos\/electrificacion-y-electronica\/controles-electronicos\/"]}]},{"@type":"ImageObject","inLanguage":"es","@id":"https:\/\/www.smpengineeredsolutions.com\/es\/productos\/electrificacion-y-electronica\/controles-electronicos\/#primaryimage","url":"https:\/\/www.smpengineeredsolutions.com\/wp-content\/uploads\/Electrical-Control-System-arrow-graph-Spanish-500x125.png","contentUrl":"https:\/\/www.smpengineeredsolutions.com\/wp-content\/uploads\/Electrical-Control-System-arrow-graph-Spanish-500x125.png"},{"@type":"BreadcrumbList","@id":"https:\/\/www.smpengineeredsolutions.com\/es\/productos\/electrificacion-y-electronica\/controles-electronicos\/#breadcrumb","itemListElement":[{"@type":"ListItem","position":1,"name":"Home","item":"https:\/\/www.smpengineeredsolutions.com\/es\/"},{"@type":"ListItem","position":2,"name":"Productos","item":"https:\/\/www.smpengineeredsolutions.com\/es\/productos\/"},{"@type":"ListItem","position":3,"name":"Electrificaci\u00f3n y electr\u00f3nica","item":"https:\/\/www.smpengineeredsolutions.com\/es\/productos\/electrificacion-y-electronica\/"},{"@type":"ListItem","position":4,"name":"Controles electr\u00f3nicos"}]},{"@type":"WebSite","@id":"https:\/\/www._tcp.smpengineeredsolutions.com\/#website","url":"https:\/\/www._tcp.smpengineeredsolutions.com\/","name":"Standard Motor Products, Inc.","description":"","publisher":{"@id":"https:\/\/www._tcp.smpengineeredsolutions.com\/#organization"},"potentialAction":[{"@type":"SearchAction","target":{"@type":"EntryPoint","urlTemplate":"https:\/\/www._tcp.smpengineeredsolutions.com\/?s={search_term_string}"},"query-input":{"@type":"PropertyValueSpecification","valueRequired":true,"valueName":"search_term_string"}}],"inLanguage":"es"},{"@type":"Organization","@id":"https:\/\/www._tcp.smpengineeredsolutions.com\/#organization","name":"SMP\u00ae Engineered Solutions","url":"https:\/\/www._tcp.smpengineeredsolutions.com\/","logo":{"@type":"ImageObject","inLanguage":"es","@id":"https:\/\/www._tcp.smpengineeredsolutions.com\/#\/schema\/logo\/image\/","url":"https:\/\/www.a.smpengineeredsolutions.com\/wp-content\/uploads\/smp-logo.png","contentUrl":"https:\/\/www.a.smpengineeredsolutions.com\/wp-content\/uploads\/smp-logo.png","width":264,"height":117,"caption":"SMP\u00ae Engineered Solutions"},"image":{"@id":"https:\/\/www._tcp.smpengineeredsolutions.com\/#\/schema\/logo\/image\/"},"sameAs":["https:\/\/www.youtube.com\/@StandardMotorProductsInc","https:\/\/www.linkedin.com\/company\/standard-motor-products"]}]}},"_links":{"self":[{"href":"https:\/\/www.smpengineeredsolutions.com\/es\/wp-json\/wp\/v2\/pages\/5316","targetHints":{"allow":["GET"]}}],"collection":[{"href":"https:\/\/www.smpengineeredsolutions.com\/es\/wp-json\/wp\/v2\/pages"}],"about":[{"href":"https:\/\/www.smpengineeredsolutions.com\/es\/wp-json\/wp\/v2\/types\/page"}],"author":[{"embeddable":true,"href":"https:\/\/www.smpengineeredsolutions.com\/es\/wp-json\/wp\/v2\/users\/27"}],"replies":[{"embeddable":true,"href":"https:\/\/www.smpengineeredsolutions.com\/es\/wp-json\/wp\/v2\/comments?post=5316"}],"version-history":[{"count":2,"href":"https:\/\/www.smpengineeredsolutions.com\/es\/wp-json\/wp\/v2\/pages\/5316\/revisions"}],"predecessor-version":[{"id":7368,"href":"https:\/\/www.smpengineeredsolutions.com\/es\/wp-json\/wp\/v2\/pages\/5316\/revisions\/7368"}],"up":[{"embeddable":true,"href":"https:\/\/www.smpengineeredsolutions.com\/es\/wp-json\/wp\/v2\/pages\/5302"}],"wp:attachment":[{"href":"https:\/\/www.smpengineeredsolutions.com\/es\/wp-json\/wp\/v2\/media?parent=5316"}],"curies":[{"name":"wp","href":"https:\/\/api.w.org\/{rel}","templated":true}]}}