{"id":5314,"date":"2023-01-09T15:03:19","date_gmt":"2023-01-09T20:03:19","guid":{"rendered":"https:\/\/smpengineeredsolutions.com\/?page_id=5314"},"modified":"2024-09-30T11:59:25","modified_gmt":"2024-09-30T15:59:25","slug":"modulo-de-puente-h-j1939","status":"publish","type":"page","link":"https:\/\/www.smpengineeredsolutions.com\/es\/productos\/electrificacion-y-electronica\/dispositivos-can\/modulo-de-puente-h-j1939\/","title":{"rendered":"Circuito de puente H J1939"},"content":{"rendered":"<div class=\"feature-img-right\"><a class=\"lightbox\" href=\"\/wp-content\/uploads\/H-Bridge-250-x-250-pixels-2.jpg\"><img decoding=\"async\" title=\"M\u00f3dulo de puente H J1939\" src=\"\/wp-content\/uploads\/H-Bridge-250-x-250-pixels-2.jpg\" alt=\"M\u00f3dulo de puente H J1939\" width=\"300\" \/><\/a><\/div>\n<div><img loading=\"lazy\" decoding=\"async\" class=\"alignnone  wp-image-4564\" src=\"https:\/\/www.smpengineeredsolutions.com\/wp-content\/uploads\/SMP-Trombetta-4C-500x75.png\" alt=\"\" width=\"407\" height=\"61\" srcset=\"https:\/\/www.smpengineeredsolutions.com\/wp-content\/uploads\/SMP-Trombetta-4C-500x75.png 500w, https:\/\/www.smpengineeredsolutions.com\/wp-content\/uploads\/SMP-Trombetta-4C-1024x154.png 1024w, https:\/\/www.smpengineeredsolutions.com\/wp-content\/uploads\/SMP-Trombetta-4C-768x116.png 768w, https:\/\/www.smpengineeredsolutions.com\/wp-content\/uploads\/SMP-Trombetta-4C-1536x231.png 1536w, https:\/\/www.smpengineeredsolutions.com\/wp-content\/uploads\/SMP-Trombetta-4C-2048x309.png 2048w\" sizes=\"auto, (max-width: 407px) 100vw, 407px\" \/><\/div>\n<div>\n<p>Un circuito de puente en H J1939 es un circuito para invertir cargas de CC en equipos el\u00e9ctricos como motores en cilindros de CC o actuadores lineales. La forma m\u00e1s sencilla de motor de CC es una configuraci\u00f3n de dos hilos, que es el tipo m\u00e1s rentable para los fabricantes de equipos originales. Un circuito de puente en H permite controlar el motor mediante un circuito sencillo con cuatro interruptores, ya sean transistores o transistores semiconductores de \u00f3xido met\u00e1lico de efecto campo (MOSFET). Los interruptores del puente en H est\u00e1n dispuestos estrat\u00e9gicamente para controlar la direcci\u00f3n del flujo de corriente a trav\u00e9s de la carga.<\/p>\n<p>El m\u00f3dulo de puente en H J1939 de SMP Trombetta es ideal para funcionar en condiciones adversas. Contamos con m\u00e1s de un siglo de experiencia en el suministro de soluciones de control de motores y gesti\u00f3n t\u00e9rmica para veh\u00edculos de diversos sectores. Aqu\u00ed exploraremos las caracter\u00edsticas del m\u00f3dulo de puente en H J1939 y las aplicaciones y ventajas de utilizar un m\u00f3dulo de puente en H para el control de motores de CC.<\/p>\n<h2>Caracter\u00edsticas del circuito de puente H J1939<\/h2>\n<p>El Circuito de Puente en H J1939 ofrece varias caracter\u00edsticas que lo convierten en un circuito de control ideal para motores de CC. El circuito de puente en H para motores de CC permite controlar la direcci\u00f3n de salida, la frecuencia, el ciclo de trabajo y la corriente de pico a trav\u00e9s de CAN. Dispone de tensiones de funcionamiento de 12V a 24V con una corriente de salida m\u00e1xima de 20A. Incorpora protecci\u00f3n contra cortocircuitos y sobrecargas, as\u00ed como protecci\u00f3n contra inversi\u00f3n de bater\u00eda y transitorios de tensi\u00f3n. Otras especificaciones son:<\/p>\n<\/div>\n<ul>\n<li>Rango PWM entre 5Hz y 5000Hz<\/li>\n<li>Temperaturas de funcionamiento entre -40 \u00b0C y 105 \u00b0C<\/li>\n<li>Incrementos del ciclo de trabajo del 0,1%.<\/li>\n<li>Grado de impermeabilidad IP67<\/li>\n<li>Detecci\u00f3n autom\u00e1tica de la velocidad en baudios entre 125 Kbps y 1 Mbps<\/li>\n<li>Estado de la polaridad de salida del LED<\/li>\n<li>\u00abPoka-yoke\u00bb o montaje a prueba de fallos<\/li>\n<\/ul>\n<h2>Aplicaciones principales del circuito de puente en H<\/h2>\n<p>El Circuito de Puente H J1939 ofrece control interno en varias aplicaciones. Las aplicaciones m\u00e1s comunes que dependen de un m\u00f3dulo de puente H incluyen:<\/p>\n<ul>\n<li><strong>Control de motores de CC:<\/strong> Un m\u00e9todo preferido para controlar la direcci\u00f3n y la velocidad de los motores de CC. Los puentes en H se utilizan en todo tipo de aplicaciones, desde veh\u00edculos el\u00e9ctricos y maquinaria industrial hasta electrodom\u00e9sticos y juguetes.<\/li>\n<li><strong>Control de motores paso a paso:<\/strong> La maquinaria de precisi\u00f3n, como las m\u00e1quinas CNC y las impresoras 3D, se basa en motores paso a paso. Un puente en H proporciona un control preciso de la direcci\u00f3n y la velocidad de estos motores.<\/li>\n<li><strong>Inversores:<\/strong> Utilizados en inversores, los puentes en H pueden convertir la corriente continua en alterna. Muchas aplicaciones utilizan inversores para este fin, como veh\u00edculos el\u00e9ctricos, sistemas de energ\u00eda solar y sistemas de alimentaci\u00f3n ininterrumpida (SAI).<\/li>\n<\/ul>\n<h2>Ventajas del circuito de puente en H<\/h2>\n<p>Los circuitos de puente en H J1939 ofrecen varias ventajas. Entre las ventajas de un circuito de puente en H se incluyen:<\/p>\n<ul>\n<li><strong>Control de direcci\u00f3n:<\/strong> Proporcionan control bidireccional, permitiendo que el motor de CC se mueva hacia delante y hacia atr\u00e1s para aplicaciones como la rob\u00f3tica.<\/li>\n<li><strong>Control de velocidad:<\/strong> Pueden controlar la velocidad del motor en funci\u00f3n de la tensi\u00f3n de entrada.<\/li>\n<li><strong>Eficacia:<\/strong> El uso de MOSFET en los puentes en H proporciona alta eficiencia y fiabilidad. El dise\u00f1o de estado s\u00f3lido tambi\u00e9n significa que no hay piezas que se desgasten, lo que minimiza las necesidades de mantenimiento.<\/li>\n<li><strong>Precisi\u00f3n:<\/strong> Los puentes en H permiten movimientos precisos para aplicaciones de alta precisi\u00f3n, como el mecanizado CNC y la impresi\u00f3n 3D.<\/li>\n<\/ul>\n<h2>Circuitos de SMP Trombetta<\/h2>\n<p>Un circuito de puente en H para motores de CC es vital para controlar los motores el\u00e9ctricos de CC, ya que ofrece un control eficiente y preciso de la velocidad y la direcci\u00f3n. El circuito de puente en H J1939 de SMP Trombetta es ideal para el control de motores de CC, soporta temperaturas de funcionamiento bajas y altas y ofrece impermeabilidad IP67. Es f\u00e1cil de montar y se puede utilizar para el control de motores de CC, motores paso a paso e inversores.<\/p>\n<p>Los m\u00f3dulos SMP Trombetta est\u00e1n hechos para funcionar en entornos dif\u00edciles. Nuestros m\u00f3dulos tienen una interfaz de conector de automoci\u00f3n integrada para proporcionar una protecci\u00f3n superior contra la entrada y satisfacer las necesidades del mercado de equipos m\u00f3viles. Estamos especializados en soluciones para la gesti\u00f3n t\u00e9rmica y el control de veh\u00edculos de carretera y todoterreno. Mantenemos las certificaciones IATF 16949, ISO 14001 e ISO 9001 para ofrecer productos sostenibles y de alta calidad. P\u00f3ngase en contacto con nosotros para hablar de sus necesidades de circuitos de puente en H.<\/p>\n","protected":false},"excerpt":{"rendered":"<p>Un circuito de puente en H J1939 es un circuito para invertir cargas de CC en equipos el\u00e9ctricos como motores en cilindros de CC o actuadores lineales. La forma m\u00e1s sencilla de motor de CC es una configuraci\u00f3n de dos hilos, que es el tipo m\u00e1s rentable para los fabricantes de equipos originales. Un circuito&#8230; [&#8230;]<\/p>\n<p><a class=\"btn btn-secondary understrap-read-more-link\" href=\"https:\/\/www.smpengineeredsolutions.com\/es\/productos\/electrificacion-y-electronica\/dispositivos-can\/modulo-de-puente-h-j1939\/\">Leer m\u00e1s&#8230;<\/a><\/p>\n","protected":false},"author":27,"featured_media":0,"parent":5303,"menu_order":0,"comment_status":"closed","ping_status":"closed","template":"page-templates\/destination-content.php","meta":{"_acf_changed":false,"inline_featured_image":false,"footnotes":""},"class_list":["post-5314","page","type-page","status-publish","hentry"],"featured_image_src":null,"acf":[],"yoast_head":"<!-- This site is optimized with the Yoast SEO Premium plugin v27.4 (Yoast SEO v27.4) - https:\/\/yoast.com\/product\/yoast-seo-premium-wordpress\/ -->\n<title>Circuito de puente H J1939 | Circuito de puente H del motor CAN<\/title>\n<meta name=\"description\" content=\"Descubra el circuito de puente en H J1939 de SMP, dise\u00f1ado para el control eficiente de motores de CC en aplicaciones industriales. Fabricado para ofrecer durabilidad, fiabilidad y una integraci\u00f3n perfecta.\" \/>\n<meta name=\"robots\" content=\"index, follow, max-snippet:-1, max-image-preview:large, max-video-preview:-1\" \/>\n<link rel=\"canonical\" href=\"https:\/\/www.smpengineeredsolutions.com\/es\/productos\/electrificacion-y-electronica\/dispositivos-can\/modulo-de-puente-h-j1939\/\" \/>\n<meta property=\"og:locale\" content=\"es_ES\" \/>\n<meta property=\"og:type\" content=\"article\" \/>\n<meta property=\"og:title\" content=\"Circuito de puente H J1939\" \/>\n<meta property=\"og:description\" content=\"Descubra el circuito de puente en H J1939 de SMP, dise\u00f1ado para el control eficiente de motores de CC en aplicaciones industriales. Fabricado para ofrecer durabilidad, fiabilidad y una integraci\u00f3n perfecta.\" \/>\n<meta property=\"og:url\" content=\"https:\/\/www.smpengineeredsolutions.com\/es\/productos\/electrificacion-y-electronica\/dispositivos-can\/modulo-de-puente-h-j1939\/\" \/>\n<meta property=\"og:site_name\" content=\"Standard Motor Products, Inc.\" \/>\n<meta property=\"article:modified_time\" content=\"2024-09-30T15:59:25+00:00\" \/>\n<meta property=\"og:image\" content=\"https:\/\/www.smpengineeredsolutions.com\/wp-content\/uploads\/SMP-Trombetta-4C-500x75.png\" \/>\n<meta name=\"twitter:label1\" content=\"Tiempo de lectura\" \/>\n\t<meta name=\"twitter:data1\" content=\"4 minutos\" \/>\n<script type=\"application\/ld+json\" class=\"yoast-schema-graph\">{\"@context\":\"https:\\\/\\\/schema.org\",\"@graph\":[{\"@type\":\"WebPage\",\"@id\":\"https:\\\/\\\/www.smpengineeredsolutions.com\\\/es\\\/productos\\\/electrificacion-y-electronica\\\/dispositivos-can\\\/modulo-de-puente-h-j1939\\\/\",\"url\":\"https:\\\/\\\/www.smpengineeredsolutions.com\\\/es\\\/productos\\\/electrificacion-y-electronica\\\/dispositivos-can\\\/modulo-de-puente-h-j1939\\\/\",\"name\":\"Circuito de puente H J1939 | Circuito de puente H del motor CAN\",\"isPartOf\":{\"@id\":\"https:\\\/\\\/www._tcp.smpengineeredsolutions.com\\\/#website\"},\"primaryImageOfPage\":{\"@id\":\"https:\\\/\\\/www.smpengineeredsolutions.com\\\/es\\\/productos\\\/electrificacion-y-electronica\\\/dispositivos-can\\\/modulo-de-puente-h-j1939\\\/#primaryimage\"},\"image\":{\"@id\":\"https:\\\/\\\/www.smpengineeredsolutions.com\\\/es\\\/productos\\\/electrificacion-y-electronica\\\/dispositivos-can\\\/modulo-de-puente-h-j1939\\\/#primaryimage\"},\"thumbnailUrl\":\"https:\\\/\\\/www.smpengineeredsolutions.com\\\/wp-content\\\/uploads\\\/SMP-Trombetta-4C-500x75.png\",\"datePublished\":\"2023-01-09T20:03:19+00:00\",\"dateModified\":\"2024-09-30T15:59:25+00:00\",\"description\":\"Descubra el circuito de puente en H J1939 de SMP, dise\u00f1ado para el control eficiente de motores de CC en aplicaciones industriales. Fabricado para ofrecer durabilidad, fiabilidad y una integraci\u00f3n perfecta.\",\"breadcrumb\":{\"@id\":\"https:\\\/\\\/www.smpengineeredsolutions.com\\\/es\\\/productos\\\/electrificacion-y-electronica\\\/dispositivos-can\\\/modulo-de-puente-h-j1939\\\/#breadcrumb\"},\"inLanguage\":\"es\",\"potentialAction\":[{\"@type\":\"ReadAction\",\"target\":[\"https:\\\/\\\/www.smpengineeredsolutions.com\\\/es\\\/productos\\\/electrificacion-y-electronica\\\/dispositivos-can\\\/modulo-de-puente-h-j1939\\\/\"]}]},{\"@type\":\"ImageObject\",\"inLanguage\":\"es\",\"@id\":\"https:\\\/\\\/www.smpengineeredsolutions.com\\\/es\\\/productos\\\/electrificacion-y-electronica\\\/dispositivos-can\\\/modulo-de-puente-h-j1939\\\/#primaryimage\",\"url\":\"https:\\\/\\\/www.smpengineeredsolutions.com\\\/wp-content\\\/uploads\\\/SMP-Trombetta-4C-500x75.png\",\"contentUrl\":\"https:\\\/\\\/www.smpengineeredsolutions.com\\\/wp-content\\\/uploads\\\/SMP-Trombetta-4C-500x75.png\"},{\"@type\":\"BreadcrumbList\",\"@id\":\"https:\\\/\\\/www.smpengineeredsolutions.com\\\/es\\\/productos\\\/electrificacion-y-electronica\\\/dispositivos-can\\\/modulo-de-puente-h-j1939\\\/#breadcrumb\",\"itemListElement\":[{\"@type\":\"ListItem\",\"position\":1,\"name\":\"Home\",\"item\":\"https:\\\/\\\/www.smpengineeredsolutions.com\\\/es\\\/\"},{\"@type\":\"ListItem\",\"position\":2,\"name\":\"Productos\",\"item\":\"https:\\\/\\\/www.smpengineeredsolutions.com\\\/es\\\/productos\\\/\"},{\"@type\":\"ListItem\",\"position\":3,\"name\":\"Electrificaci\u00f3n y electr\u00f3nica\",\"item\":\"https:\\\/\\\/www.smpengineeredsolutions.com\\\/es\\\/productos\\\/electrificacion-y-electronica\\\/\"},{\"@type\":\"ListItem\",\"position\":4,\"name\":\"Dispositivos CAN\",\"item\":\"https:\\\/\\\/www.smpengineeredsolutions.com\\\/es\\\/productos\\\/electrificacion-y-electronica\\\/dispositivos-can\\\/\"},{\"@type\":\"ListItem\",\"position\":5,\"name\":\"Circuito de puente H J1939\"}]},{\"@type\":\"WebSite\",\"@id\":\"https:\\\/\\\/www._tcp.smpengineeredsolutions.com\\\/#website\",\"url\":\"https:\\\/\\\/www._tcp.smpengineeredsolutions.com\\\/\",\"name\":\"Standard Motor Products, Inc.\",\"description\":\"\",\"publisher\":{\"@id\":\"https:\\\/\\\/www._tcp.smpengineeredsolutions.com\\\/#organization\"},\"potentialAction\":[{\"@type\":\"SearchAction\",\"target\":{\"@type\":\"EntryPoint\",\"urlTemplate\":\"https:\\\/\\\/www._tcp.smpengineeredsolutions.com\\\/?s={search_term_string}\"},\"query-input\":{\"@type\":\"PropertyValueSpecification\",\"valueRequired\":true,\"valueName\":\"search_term_string\"}}],\"inLanguage\":\"es\"},{\"@type\":\"Organization\",\"@id\":\"https:\\\/\\\/www._tcp.smpengineeredsolutions.com\\\/#organization\",\"name\":\"SMP\u00ae Engineered Solutions\",\"url\":\"https:\\\/\\\/www._tcp.smpengineeredsolutions.com\\\/\",\"logo\":{\"@type\":\"ImageObject\",\"inLanguage\":\"es\",\"@id\":\"https:\\\/\\\/www._tcp.smpengineeredsolutions.com\\\/#\\\/schema\\\/logo\\\/image\\\/\",\"url\":\"https:\\\/\\\/www.a.smpengineeredsolutions.com\\\/wp-content\\\/uploads\\\/smp-logo.png\",\"contentUrl\":\"https:\\\/\\\/www.a.smpengineeredsolutions.com\\\/wp-content\\\/uploads\\\/smp-logo.png\",\"width\":264,\"height\":117,\"caption\":\"SMP\u00ae Engineered Solutions\"},\"image\":{\"@id\":\"https:\\\/\\\/www._tcp.smpengineeredsolutions.com\\\/#\\\/schema\\\/logo\\\/image\\\/\"},\"sameAs\":[\"https:\\\/\\\/www.youtube.com\\\/@StandardMotorProductsInc\",\"https:\\\/\\\/www.linkedin.com\\\/company\\\/standard-motor-products\"]}]}<\/script>\n<!-- \/ Yoast SEO Premium plugin. -->","yoast_head_json":{"title":"Circuito de puente H J1939 | Circuito de puente H del motor CAN","description":"Descubra el circuito de puente en H J1939 de SMP, dise\u00f1ado para el control eficiente de motores de CC en aplicaciones industriales. Fabricado para ofrecer durabilidad, fiabilidad y una integraci\u00f3n perfecta.","robots":{"index":"index","follow":"follow","max-snippet":"max-snippet:-1","max-image-preview":"max-image-preview:large","max-video-preview":"max-video-preview:-1"},"canonical":"https:\/\/www.smpengineeredsolutions.com\/es\/productos\/electrificacion-y-electronica\/dispositivos-can\/modulo-de-puente-h-j1939\/","og_locale":"es_ES","og_type":"article","og_title":"Circuito de puente H J1939","og_description":"Descubra el circuito de puente en H J1939 de SMP, dise\u00f1ado para el control eficiente de motores de CC en aplicaciones industriales. Fabricado para ofrecer durabilidad, fiabilidad y una integraci\u00f3n perfecta.","og_url":"https:\/\/www.smpengineeredsolutions.com\/es\/productos\/electrificacion-y-electronica\/dispositivos-can\/modulo-de-puente-h-j1939\/","og_site_name":"Standard Motor Products, Inc.","article_modified_time":"2024-09-30T15:59:25+00:00","og_image":[{"url":"https:\/\/www.smpengineeredsolutions.com\/wp-content\/uploads\/SMP-Trombetta-4C-500x75.png","type":"","width":"","height":""}],"twitter_misc":{"Tiempo de lectura":"4 minutos"},"schema":{"@context":"https:\/\/schema.org","@graph":[{"@type":"WebPage","@id":"https:\/\/www.smpengineeredsolutions.com\/es\/productos\/electrificacion-y-electronica\/dispositivos-can\/modulo-de-puente-h-j1939\/","url":"https:\/\/www.smpengineeredsolutions.com\/es\/productos\/electrificacion-y-electronica\/dispositivos-can\/modulo-de-puente-h-j1939\/","name":"Circuito de puente H J1939 | Circuito de puente H del motor CAN","isPartOf":{"@id":"https:\/\/www._tcp.smpengineeredsolutions.com\/#website"},"primaryImageOfPage":{"@id":"https:\/\/www.smpengineeredsolutions.com\/es\/productos\/electrificacion-y-electronica\/dispositivos-can\/modulo-de-puente-h-j1939\/#primaryimage"},"image":{"@id":"https:\/\/www.smpengineeredsolutions.com\/es\/productos\/electrificacion-y-electronica\/dispositivos-can\/modulo-de-puente-h-j1939\/#primaryimage"},"thumbnailUrl":"https:\/\/www.smpengineeredsolutions.com\/wp-content\/uploads\/SMP-Trombetta-4C-500x75.png","datePublished":"2023-01-09T20:03:19+00:00","dateModified":"2024-09-30T15:59:25+00:00","description":"Descubra el circuito de puente en H J1939 de SMP, dise\u00f1ado para el control eficiente de motores de CC en aplicaciones industriales. Fabricado para ofrecer durabilidad, fiabilidad y una integraci\u00f3n perfecta.","breadcrumb":{"@id":"https:\/\/www.smpengineeredsolutions.com\/es\/productos\/electrificacion-y-electronica\/dispositivos-can\/modulo-de-puente-h-j1939\/#breadcrumb"},"inLanguage":"es","potentialAction":[{"@type":"ReadAction","target":["https:\/\/www.smpengineeredsolutions.com\/es\/productos\/electrificacion-y-electronica\/dispositivos-can\/modulo-de-puente-h-j1939\/"]}]},{"@type":"ImageObject","inLanguage":"es","@id":"https:\/\/www.smpengineeredsolutions.com\/es\/productos\/electrificacion-y-electronica\/dispositivos-can\/modulo-de-puente-h-j1939\/#primaryimage","url":"https:\/\/www.smpengineeredsolutions.com\/wp-content\/uploads\/SMP-Trombetta-4C-500x75.png","contentUrl":"https:\/\/www.smpengineeredsolutions.com\/wp-content\/uploads\/SMP-Trombetta-4C-500x75.png"},{"@type":"BreadcrumbList","@id":"https:\/\/www.smpengineeredsolutions.com\/es\/productos\/electrificacion-y-electronica\/dispositivos-can\/modulo-de-puente-h-j1939\/#breadcrumb","itemListElement":[{"@type":"ListItem","position":1,"name":"Home","item":"https:\/\/www.smpengineeredsolutions.com\/es\/"},{"@type":"ListItem","position":2,"name":"Productos","item":"https:\/\/www.smpengineeredsolutions.com\/es\/productos\/"},{"@type":"ListItem","position":3,"name":"Electrificaci\u00f3n y electr\u00f3nica","item":"https:\/\/www.smpengineeredsolutions.com\/es\/productos\/electrificacion-y-electronica\/"},{"@type":"ListItem","position":4,"name":"Dispositivos CAN","item":"https:\/\/www.smpengineeredsolutions.com\/es\/productos\/electrificacion-y-electronica\/dispositivos-can\/"},{"@type":"ListItem","position":5,"name":"Circuito de puente H J1939"}]},{"@type":"WebSite","@id":"https:\/\/www._tcp.smpengineeredsolutions.com\/#website","url":"https:\/\/www._tcp.smpengineeredsolutions.com\/","name":"Standard Motor Products, Inc.","description":"","publisher":{"@id":"https:\/\/www._tcp.smpengineeredsolutions.com\/#organization"},"potentialAction":[{"@type":"SearchAction","target":{"@type":"EntryPoint","urlTemplate":"https:\/\/www._tcp.smpengineeredsolutions.com\/?s={search_term_string}"},"query-input":{"@type":"PropertyValueSpecification","valueRequired":true,"valueName":"search_term_string"}}],"inLanguage":"es"},{"@type":"Organization","@id":"https:\/\/www._tcp.smpengineeredsolutions.com\/#organization","name":"SMP\u00ae Engineered Solutions","url":"https:\/\/www._tcp.smpengineeredsolutions.com\/","logo":{"@type":"ImageObject","inLanguage":"es","@id":"https:\/\/www._tcp.smpengineeredsolutions.com\/#\/schema\/logo\/image\/","url":"https:\/\/www.a.smpengineeredsolutions.com\/wp-content\/uploads\/smp-logo.png","contentUrl":"https:\/\/www.a.smpengineeredsolutions.com\/wp-content\/uploads\/smp-logo.png","width":264,"height":117,"caption":"SMP\u00ae Engineered Solutions"},"image":{"@id":"https:\/\/www._tcp.smpengineeredsolutions.com\/#\/schema\/logo\/image\/"},"sameAs":["https:\/\/www.youtube.com\/@StandardMotorProductsInc","https:\/\/www.linkedin.com\/company\/standard-motor-products"]}]}},"_links":{"self":[{"href":"https:\/\/www.smpengineeredsolutions.com\/es\/wp-json\/wp\/v2\/pages\/5314","targetHints":{"allow":["GET"]}}],"collection":[{"href":"https:\/\/www.smpengineeredsolutions.com\/es\/wp-json\/wp\/v2\/pages"}],"about":[{"href":"https:\/\/www.smpengineeredsolutions.com\/es\/wp-json\/wp\/v2\/types\/page"}],"author":[{"embeddable":true,"href":"https:\/\/www.smpengineeredsolutions.com\/es\/wp-json\/wp\/v2\/users\/27"}],"replies":[{"embeddable":true,"href":"https:\/\/www.smpengineeredsolutions.com\/es\/wp-json\/wp\/v2\/comments?post=5314"}],"version-history":[{"count":2,"href":"https:\/\/www.smpengineeredsolutions.com\/es\/wp-json\/wp\/v2\/pages\/5314\/revisions"}],"predecessor-version":[{"id":7390,"href":"https:\/\/www.smpengineeredsolutions.com\/es\/wp-json\/wp\/v2\/pages\/5314\/revisions\/7390"}],"up":[{"embeddable":true,"href":"https:\/\/www.smpengineeredsolutions.com\/es\/wp-json\/wp\/v2\/pages\/5303"}],"wp:attachment":[{"href":"https:\/\/www.smpengineeredsolutions.com\/es\/wp-json\/wp\/v2\/media?parent=5314"}],"curies":[{"name":"wp","href":"https:\/\/api.w.org\/{rel}","templated":true}]}}