{"id":5313,"date":"2023-01-09T15:04:33","date_gmt":"2023-01-09T20:04:33","guid":{"rendered":"https:\/\/smpengineeredsolutions.com\/?page_id=5313"},"modified":"2024-09-26T12:22:44","modified_gmt":"2024-09-26T16:22:44","slug":"inclinometro-giroscopico-j1939","status":"publish","type":"page","link":"https:\/\/www.smpengineeredsolutions.com\/es\/productos\/electrificacion-y-electronica\/dispositivos-can\/inclinometro-giroscopico-j1939\/","title":{"rendered":"Inclin\u00f3metro girosc\u00f3pico J1939"},"content":{"rendered":"<div class=\"feature-img-right\"><a class=\"lightbox\" href=\"\/wp-content\/uploads\/Gyro-Inclinometer-Web-Normal-Size-1.png\"><img decoding=\"async\" title=\"Inclin\u00f3metro girosc\u00f3pico J1939\" src=\"\/wp-content\/uploads\/Gyro-Inclinometer-Web-Normal-Size-1.png\" alt=\"Inclin\u00f3metro girosc\u00f3pico J1939\" width=\"300\" \/><\/a><\/div>\n<p><img loading=\"lazy\" decoding=\"async\" class=\"alignleft wp-image-3074\" title=\"SMP Trombetta Logo\" src=\"https:\/\/www.smpengineeredsolutions.com\/wp-content\/uploads\/SMP-Trombetta-4C-500x75.png\" alt=\"SMP Trombetta Logo\" width=\"407\" height=\"61\" srcset=\"https:\/\/www.smpengineeredsolutions.com\/wp-content\/uploads\/SMP-Trombetta-4C-500x75.png 500w, https:\/\/www.smpengineeredsolutions.com\/wp-content\/uploads\/SMP-Trombetta-4C-1024x154.png 1024w, https:\/\/www.smpengineeredsolutions.com\/wp-content\/uploads\/SMP-Trombetta-4C-768x116.png 768w, https:\/\/www.smpengineeredsolutions.com\/wp-content\/uploads\/SMP-Trombetta-4C-1536x231.png 1536w, https:\/\/www.smpengineeredsolutions.com\/wp-content\/uploads\/SMP-Trombetta-4C-2048x309.png 2048w\" sizes=\"auto, (max-width: 407px) 100vw, 407px\" \/><\/p>\n<p>&nbsp;<\/p>\n<p>&nbsp;<\/p>\n<p>El inclin\u00f3metro girosc\u00f3pico J1939 de SMP Trombetta es un dispositivo capaz de proporcionar datos angulares precisos en condiciones extremas de vibraci\u00f3n y golpes. Se basa en la tecnolog\u00eda MEMS para lecturas precisas y estables de sensores y giroscopios al bus J1939. El inclin\u00f3metro es una soluci\u00f3n vers\u00e1til y configurable para todo tipo de aplicaciones, desde la industria aeroespacial hasta la construcci\u00f3n. A continuaci\u00f3n, exploraremos las caracter\u00edsticas clave del inclin\u00f3metro girosc\u00f3pico J1939, las aplicaciones que dependen de \u00e9l y las ventajas que puede proporcionar.<\/p>\n<h2>Caracter\u00edsticas principales<\/h2>\n<p>El inclin\u00f3metro J1939 de SMP Trombetta es un dispositivo que utiliza tecnolog\u00eda MEMS de estado s\u00f3lido para enviar datos angulares precisos al<a href=\"https:\/\/www.smpengineeredsolutions.com\/es\/productos\/electrificacion-y-electronica\/dispositivos-can\/\"> bus CAN J1939<\/a>. Las principales caracter\u00edsticas del inclin\u00f3metro J1939 incluyen:<\/p>\n<p><img loading=\"lazy\" decoding=\"async\" class=\"alignnone wp-image-7379\" src=\"https:\/\/www.smpengineeredsolutions.com\/wp-content\/uploads\/Gyro-Inclinometer-Feature-graph-spanish-500x76.png\" alt=\"\" width=\"980\" height=\"149\" srcset=\"https:\/\/www.smpengineeredsolutions.com\/wp-content\/uploads\/Gyro-Inclinometer-Feature-graph-spanish-500x76.png 500w, https:\/\/www.smpengineeredsolutions.com\/wp-content\/uploads\/Gyro-Inclinometer-Feature-graph-spanish-1024x156.png 1024w, https:\/\/www.smpengineeredsolutions.com\/wp-content\/uploads\/Gyro-Inclinometer-Feature-graph-spanish-768x117.png 768w, https:\/\/www.smpengineeredsolutions.com\/wp-content\/uploads\/Gyro-Inclinometer-Feature-graph-spanish-1536x234.png 1536w, https:\/\/www.smpengineeredsolutions.com\/wp-content\/uploads\/Gyro-Inclinometer-Feature-graph-spanish-2048x312.png 2048w\" sizes=\"auto, (max-width: 980px) 100vw, 980px\" \/><\/p>\n<p>El inclin\u00f3metro J1939 es ideal para aplicaciones en las que se necesitan datos angulares precisos, incluidas aplicaciones industriales, aeroespaciales y de automoci\u00f3n. Ofrece un rango angular y una precisi\u00f3n impresionantes con una resistencia mejorada a golpes y vibraciones. El J1939 puede configurarse en varias posiciones de montaje y tiene un dise\u00f1o compacto que ocupa poco espacio para facilitar su uso.<\/p>\n<h2>Aplicaciones<\/h2>\n<p>Diversas aplicaciones conf\u00edan en el inclin\u00f3metro girosc\u00f3pico J1939 para realizar mediciones angulares precisas en entornos propensos a golpes y vibraciones. Algunas de las aplicaciones incluyen:<\/p>\n<ul>\n<li><strong>Automoci\u00f3n:<\/strong> El J1939 puede ofrecer funciones precisas de medici\u00f3n de inclinaci\u00f3n, detecci\u00f3n de inclinaci\u00f3n y control de estabilidad.<\/li>\n<li><strong>Industria aeroespacial:<\/strong> Los sistemas de navegaci\u00f3n, la estabilizaci\u00f3n de plataformas y los sistemas de control de vuelo utilizan el inclin\u00f3metro para obtener una precisi\u00f3n cr\u00edtica en la industria aeroespacial.<\/li>\n<li><strong>Maquinaria industrial:<\/strong> El inclin\u00f3metro puede ayudar a controlar la inclinaci\u00f3n o la inclinaci\u00f3n de la maquinaria industrial para garantizar la seguridad operativa.<\/li>\n<li><strong>Equipos de construcci\u00f3n:<\/strong> Excavadoras, gr\u00faas y otros equipos de construcci\u00f3n conf\u00edan en el J1939 para controlar el \u00e1ngulo de la pluma y los componentes m\u00f3viles para reducir el riesgo de vuelco.<\/li>\n<li><strong>Maquinaria agr\u00edcola:<\/strong> cosechadoras, tractores y otros equipos agr\u00edcolas utilizan el J1939 para garantizar que la inclinaci\u00f3n de la m\u00e1quina es adecuada en terrenos irregulares.<\/li>\n<li><strong>Marina:<\/strong> El inclin\u00f3metro puede ayudar a estabilizar embarcaciones marinas y ayudar en la navegaci\u00f3n.<\/li>\n<\/ul>\n<h2>Beneficios<\/h2>\n<p>El inclin\u00f3metro girosc\u00f3pico J1939 proporciona varias ventajas. Las ventajas incluyen:<\/p>\n<ul>\n<li><strong>Medici\u00f3n angular precisa:<\/strong> La tecnolog\u00eda MEMS del dispositivo garantiza una salida precisa de los datos angulares al bus J1939.<\/li>\n<li><strong>Estabilidad:<\/strong> Gracias a sus m\u00faltiples giroscopios y sensores, el inclin\u00f3metro proporciona lecturas angulares estables incluso en entornos con altas vibraciones y golpes.<\/li>\n<li><strong>Configurabilidad:<\/strong> El J1939 puede configurarse con varias opciones de c\u00e1lculo y tecnolog\u00eda de desplazamiento de punto cero.<\/li>\n<li><strong>Rentabilidad:<\/strong> La durabilidad del dispositivo, su larga vida \u00fatil y su alto rendimiento en aplicaciones expuestas a golpes y vibraciones lo convierten en una opci\u00f3n rentable para sus necesidades de medici\u00f3n de datos angulares.<\/li>\n<\/ul>\n<h2><strong>Inclin\u00f3metro girosc\u00f3pico J1939 de SMP Engineered Solutions<\/strong><\/h2>\n<p>El giroinclin\u00f3metro J1939 de SMP Trombetta es una soluci\u00f3n ideal para obtener datos angulares precisos. Sus innovadores sensores MEMS y giroscopios ofrecen lecturas precisas cuando est\u00e1n sometidos a vibraciones y golpes. Su formato compacto y su versatilidad garantizan un ajuste preciso en cualquier aplicaci\u00f3n. Diversas industrias conf\u00edan en el J1939, incluidas las aplicaciones de automoci\u00f3n, aeroespaciales e industriales. SMP Engineered Solutions ofrece una amplia gama de soluciones de ingenier\u00eda para veh\u00edculos de carretera y todoterreno. P\u00f3ngase en contacto con nosotros para hablar con un especialista sobre el inclin\u00f3metro girosc\u00f3pico J1939 y c\u00f3mo puede servir para su aplicaci\u00f3n.<\/p>\n<h3>Fichas t\u00e9cnicas<\/h3>\n<ul>\n<li><a href=\"https:\/\/www.smpengineeredsolutions.com\/wp-content\/uploads\/J1939-Gryo-Inclinometer-SMP.pdf\" target=\"_blank\" rel=\"noopener\">J1939 Gryo Inclinometer Spec Sheet<\/a><\/li>\n<\/ul>\n<h3>Preguntas frecuentes<\/h3>\n<p><strong>\u00bfQu\u00e9 es la tecnolog\u00eda MEMS y en qu\u00e9 beneficia al Inclin\u00f3metro Girosc\u00f3pico?<\/strong><\/p>\n<p>MEMS son las siglas de sistemas microelectromec\u00e1nicos. Los sensores MEMS proporcionan un aceler\u00f3metro y un giroscopio en un solo paquete. El inclin\u00f3metro girosc\u00f3pico utiliza sensores MEMS para calcular y transmitir mediciones angulares. Nuestro dispositivo ofrece ventajas sobre los inclin\u00f3metros MEMS est\u00e1ndar al filtrar las fuentes de imprecisi\u00f3n, como la vibraci\u00f3n y los golpes de un veh\u00edculo en funcionamiento.<\/p>\n<p><strong>\u00bfCu\u00e1les son los requisitos de tensi\u00f3n del Inclin\u00f3metro girosc\u00f3pico?<\/strong><\/p>\n<p>El rango de tensi\u00f3n de la bater\u00eda funcional del inclin\u00f3metro girosc\u00f3pico es de 8,5V &#8211; 32V.<\/p>\n<p><strong>\u00bfEs compatible el Inclin\u00f3metro Girosc\u00f3pico con las redes CAN J1939?<\/strong><\/p>\n<p>S\u00ed, el inclin\u00f3metro girosc\u00f3pico es compatible con las redes CAN J1939.<\/p>\n<p><strong>\u00bfCu\u00e1l es el rango de temperatura de funcionamiento del Inclin\u00f3metro girosc\u00f3pico?<\/strong><\/p>\n<p>El rango de temperatura de funcionamiento del inclin\u00f3metro girosc\u00f3pico es de -40\u00b0C &#8211; 85\u00b0C.<\/p>\n","protected":false},"excerpt":{"rendered":"<p>&nbsp; &nbsp; El inclin\u00f3metro girosc\u00f3pico J1939 de SMP Trombetta es un dispositivo capaz de proporcionar datos angulares precisos en condiciones extremas de vibraci\u00f3n y golpes. Se basa en la tecnolog\u00eda MEMS para lecturas precisas y estables de sensores y giroscopios al bus J1939. El inclin\u00f3metro es una soluci\u00f3n vers\u00e1til y configurable para todo tipo de&#8230; [&#8230;]<\/p>\n<p><a class=\"btn btn-secondary understrap-read-more-link\" href=\"https:\/\/www.smpengineeredsolutions.com\/es\/productos\/electrificacion-y-electronica\/dispositivos-can\/inclinometro-giroscopico-j1939\/\">Leer m\u00e1s&#8230;<\/a><\/p>\n","protected":false},"author":27,"featured_media":0,"parent":5303,"menu_order":0,"comment_status":"closed","ping_status":"closed","template":"page-templates\/destination-content.php","meta":{"_acf_changed":false,"inline_featured_image":false,"footnotes":""},"class_list":["post-5313","page","type-page","status-publish","hentry"],"featured_image_src":null,"acf":[],"yoast_head":"<!-- This site is optimized with the Yoast SEO Premium plugin v27.5 (Yoast SEO v27.5) - https:\/\/yoast.com\/product\/yoast-seo-premium-wordpress\/ -->\n<title>Inclin\u00f3metro girosc\u00f3pico J1939 | Standard Motor Products, Inc.<\/title>\n<meta name=\"description\" content=\"Descubra el rentable giroinclin\u00f3metro J1939 de SMP Trombetta. Mejore sus sistemas industriales, marinos y de construcci\u00f3n hoy mismo.\" \/>\n<meta name=\"robots\" content=\"index, follow, max-snippet:-1, max-image-preview:large, max-video-preview:-1\" \/>\n<link rel=\"canonical\" href=\"https:\/\/www.smpengineeredsolutions.com\/es\/productos\/electrificacion-y-electronica\/dispositivos-can\/inclinometro-giroscopico-j1939\/\" \/>\n<meta property=\"og:locale\" content=\"es_ES\" \/>\n<meta property=\"og:type\" content=\"article\" \/>\n<meta property=\"og:title\" content=\"Inclin\u00f3metro girosc\u00f3pico J1939\" \/>\n<meta property=\"og:description\" content=\"Descubra el rentable giroinclin\u00f3metro J1939 de SMP Trombetta. Mejore sus sistemas industriales, marinos y de construcci\u00f3n hoy mismo.\" \/>\n<meta property=\"og:url\" content=\"https:\/\/www.smpengineeredsolutions.com\/es\/productos\/electrificacion-y-electronica\/dispositivos-can\/inclinometro-giroscopico-j1939\/\" \/>\n<meta property=\"og:site_name\" content=\"Standard Motor Products, Inc.\" \/>\n<meta property=\"article:modified_time\" content=\"2024-09-26T16:22:44+00:00\" \/>\n<meta property=\"og:image\" content=\"https:\/\/www.smpengineeredsolutions.com\/wp-content\/uploads\/SMP-Trombetta-4C-500x75.png\" \/>\n<meta name=\"twitter:label1\" content=\"Tiempo de lectura\" \/>\n\t<meta name=\"twitter:data1\" content=\"4 minutos\" \/>\n<script type=\"application\/ld+json\" class=\"yoast-schema-graph\">{\"@context\":\"https:\\\/\\\/schema.org\",\"@graph\":[{\"@type\":\"WebPage\",\"@id\":\"https:\\\/\\\/www.smpengineeredsolutions.com\\\/es\\\/productos\\\/electrificacion-y-electronica\\\/dispositivos-can\\\/inclinometro-giroscopico-j1939\\\/\",\"url\":\"https:\\\/\\\/www.smpengineeredsolutions.com\\\/es\\\/productos\\\/electrificacion-y-electronica\\\/dispositivos-can\\\/inclinometro-giroscopico-j1939\\\/\",\"name\":\"Inclin\u00f3metro girosc\u00f3pico J1939 | Standard Motor Products, Inc.\",\"isPartOf\":{\"@id\":\"https:\\\/\\\/www.smpengineeredsolutions.com\\\/es\\\/#website\"},\"primaryImageOfPage\":{\"@id\":\"https:\\\/\\\/www.smpengineeredsolutions.com\\\/es\\\/productos\\\/electrificacion-y-electronica\\\/dispositivos-can\\\/inclinometro-giroscopico-j1939\\\/#primaryimage\"},\"image\":{\"@id\":\"https:\\\/\\\/www.smpengineeredsolutions.com\\\/es\\\/productos\\\/electrificacion-y-electronica\\\/dispositivos-can\\\/inclinometro-giroscopico-j1939\\\/#primaryimage\"},\"thumbnailUrl\":\"https:\\\/\\\/www.smpengineeredsolutions.com\\\/wp-content\\\/uploads\\\/SMP-Trombetta-4C-500x75.png\",\"datePublished\":\"2023-01-09T20:04:33+00:00\",\"dateModified\":\"2024-09-26T16:22:44+00:00\",\"description\":\"Descubra el rentable giroinclin\u00f3metro J1939 de SMP Trombetta. Mejore sus sistemas industriales, marinos y de construcci\u00f3n hoy mismo.\",\"breadcrumb\":{\"@id\":\"https:\\\/\\\/www.smpengineeredsolutions.com\\\/es\\\/productos\\\/electrificacion-y-electronica\\\/dispositivos-can\\\/inclinometro-giroscopico-j1939\\\/#breadcrumb\"},\"inLanguage\":\"es\",\"potentialAction\":[{\"@type\":\"ReadAction\",\"target\":[\"https:\\\/\\\/www.smpengineeredsolutions.com\\\/es\\\/productos\\\/electrificacion-y-electronica\\\/dispositivos-can\\\/inclinometro-giroscopico-j1939\\\/\"]}]},{\"@type\":\"ImageObject\",\"inLanguage\":\"es\",\"@id\":\"https:\\\/\\\/www.smpengineeredsolutions.com\\\/es\\\/productos\\\/electrificacion-y-electronica\\\/dispositivos-can\\\/inclinometro-giroscopico-j1939\\\/#primaryimage\",\"url\":\"https:\\\/\\\/www.smpengineeredsolutions.com\\\/wp-content\\\/uploads\\\/SMP-Trombetta-4C-500x75.png\",\"contentUrl\":\"https:\\\/\\\/www.smpengineeredsolutions.com\\\/wp-content\\\/uploads\\\/SMP-Trombetta-4C-500x75.png\"},{\"@type\":\"BreadcrumbList\",\"@id\":\"https:\\\/\\\/www.smpengineeredsolutions.com\\\/es\\\/productos\\\/electrificacion-y-electronica\\\/dispositivos-can\\\/inclinometro-giroscopico-j1939\\\/#breadcrumb\",\"itemListElement\":[{\"@type\":\"ListItem\",\"position\":1,\"name\":\"Home\",\"item\":\"https:\\\/\\\/www.tcp.smpengineeredsolutions.com\\\/es\\\/\"},{\"@type\":\"ListItem\",\"position\":2,\"name\":\"Productos\",\"item\":\"https:\\\/\\\/www.tcp.smpengineeredsolutions.com\\\/es\\\/productos\\\/\"},{\"@type\":\"ListItem\",\"position\":3,\"name\":\"Electrificaci\u00f3n y electr\u00f3nica\",\"item\":\"https:\\\/\\\/www.af63878a-61a4-44d4-a3f9-8118d911569f.smpengineeredsolutions.com\\\/es\\\/productos\\\/electrificacion-y-electronica\\\/\"},{\"@type\":\"ListItem\",\"position\":4,\"name\":\"Dispositivos CAN\",\"item\":\"https:\\\/\\\/www.af63878a-61a4-44d4-a3f9-8118d911569f.smpengineeredsolutions.com\\\/es\\\/productos\\\/electrificacion-y-electronica\\\/dispositivos-can\\\/\"},{\"@type\":\"ListItem\",\"position\":5,\"name\":\"Inclin\u00f3metro girosc\u00f3pico J1939\"}]},{\"@type\":\"WebSite\",\"@id\":\"https:\\\/\\\/www.smpengineeredsolutions.com\\\/es\\\/#website\",\"url\":\"https:\\\/\\\/www.smpengineeredsolutions.com\\\/es\\\/\",\"name\":\"Standard Motor Products, Inc.\",\"description\":\"\",\"publisher\":{\"@id\":\"https:\\\/\\\/www.smpengineeredsolutions.com\\\/es\\\/#organization\"},\"potentialAction\":[{\"@type\":\"SearchAction\",\"target\":{\"@type\":\"EntryPoint\",\"urlTemplate\":\"https:\\\/\\\/www.smpengineeredsolutions.com\\\/es\\\/?s={search_term_string}\"},\"query-input\":{\"@type\":\"PropertyValueSpecification\",\"valueRequired\":true,\"valueName\":\"search_term_string\"}}],\"inLanguage\":\"es\"},{\"@type\":\"Organization\",\"@id\":\"https:\\\/\\\/www.smpengineeredsolutions.com\\\/es\\\/#organization\",\"name\":\"SMP\u00ae Engineered Solutions\",\"url\":\"https:\\\/\\\/www.smpengineeredsolutions.com\\\/es\\\/\",\"logo\":{\"@type\":\"ImageObject\",\"inLanguage\":\"es\",\"@id\":\"https:\\\/\\\/www.smpengineeredsolutions.com\\\/es\\\/#\\\/schema\\\/logo\\\/image\\\/\",\"url\":\"https:\\\/\\\/www.a.smpengineeredsolutions.com\\\/wp-content\\\/uploads\\\/smp-logo.png\",\"contentUrl\":\"https:\\\/\\\/www.a.smpengineeredsolutions.com\\\/wp-content\\\/uploads\\\/smp-logo.png\",\"width\":264,\"height\":117,\"caption\":\"SMP\u00ae Engineered Solutions\"},\"image\":{\"@id\":\"https:\\\/\\\/www.smpengineeredsolutions.com\\\/es\\\/#\\\/schema\\\/logo\\\/image\\\/\"},\"sameAs\":[\"https:\\\/\\\/www.youtube.com\\\/@StandardMotorProductsInc\",\"https:\\\/\\\/www.linkedin.com\\\/company\\\/standard-motor-products\"]}]}<\/script>\n<!-- \/ Yoast SEO Premium plugin. -->","yoast_head_json":{"title":"Inclin\u00f3metro girosc\u00f3pico J1939 | Standard Motor Products, Inc.","description":"Descubra el rentable giroinclin\u00f3metro J1939 de SMP Trombetta. Mejore sus sistemas industriales, marinos y de construcci\u00f3n hoy mismo.","robots":{"index":"index","follow":"follow","max-snippet":"max-snippet:-1","max-image-preview":"max-image-preview:large","max-video-preview":"max-video-preview:-1"},"canonical":"https:\/\/www.smpengineeredsolutions.com\/es\/productos\/electrificacion-y-electronica\/dispositivos-can\/inclinometro-giroscopico-j1939\/","og_locale":"es_ES","og_type":"article","og_title":"Inclin\u00f3metro girosc\u00f3pico J1939","og_description":"Descubra el rentable giroinclin\u00f3metro J1939 de SMP Trombetta. Mejore sus sistemas industriales, marinos y de construcci\u00f3n hoy mismo.","og_url":"https:\/\/www.smpengineeredsolutions.com\/es\/productos\/electrificacion-y-electronica\/dispositivos-can\/inclinometro-giroscopico-j1939\/","og_site_name":"Standard Motor Products, Inc.","article_modified_time":"2024-09-26T16:22:44+00:00","og_image":[{"url":"https:\/\/www.smpengineeredsolutions.com\/wp-content\/uploads\/SMP-Trombetta-4C-500x75.png","type":"","width":"","height":""}],"twitter_misc":{"Tiempo de lectura":"4 minutos"},"schema":{"@context":"https:\/\/schema.org","@graph":[{"@type":"WebPage","@id":"https:\/\/www.smpengineeredsolutions.com\/es\/productos\/electrificacion-y-electronica\/dispositivos-can\/inclinometro-giroscopico-j1939\/","url":"https:\/\/www.smpengineeredsolutions.com\/es\/productos\/electrificacion-y-electronica\/dispositivos-can\/inclinometro-giroscopico-j1939\/","name":"Inclin\u00f3metro girosc\u00f3pico J1939 | Standard Motor Products, Inc.","isPartOf":{"@id":"https:\/\/www.smpengineeredsolutions.com\/es\/#website"},"primaryImageOfPage":{"@id":"https:\/\/www.smpengineeredsolutions.com\/es\/productos\/electrificacion-y-electronica\/dispositivos-can\/inclinometro-giroscopico-j1939\/#primaryimage"},"image":{"@id":"https:\/\/www.smpengineeredsolutions.com\/es\/productos\/electrificacion-y-electronica\/dispositivos-can\/inclinometro-giroscopico-j1939\/#primaryimage"},"thumbnailUrl":"https:\/\/www.smpengineeredsolutions.com\/wp-content\/uploads\/SMP-Trombetta-4C-500x75.png","datePublished":"2023-01-09T20:04:33+00:00","dateModified":"2024-09-26T16:22:44+00:00","description":"Descubra el rentable giroinclin\u00f3metro J1939 de SMP Trombetta. Mejore sus sistemas industriales, marinos y de construcci\u00f3n hoy mismo.","breadcrumb":{"@id":"https:\/\/www.smpengineeredsolutions.com\/es\/productos\/electrificacion-y-electronica\/dispositivos-can\/inclinometro-giroscopico-j1939\/#breadcrumb"},"inLanguage":"es","potentialAction":[{"@type":"ReadAction","target":["https:\/\/www.smpengineeredsolutions.com\/es\/productos\/electrificacion-y-electronica\/dispositivos-can\/inclinometro-giroscopico-j1939\/"]}]},{"@type":"ImageObject","inLanguage":"es","@id":"https:\/\/www.smpengineeredsolutions.com\/es\/productos\/electrificacion-y-electronica\/dispositivos-can\/inclinometro-giroscopico-j1939\/#primaryimage","url":"https:\/\/www.smpengineeredsolutions.com\/wp-content\/uploads\/SMP-Trombetta-4C-500x75.png","contentUrl":"https:\/\/www.smpengineeredsolutions.com\/wp-content\/uploads\/SMP-Trombetta-4C-500x75.png"},{"@type":"BreadcrumbList","@id":"https:\/\/www.smpengineeredsolutions.com\/es\/productos\/electrificacion-y-electronica\/dispositivos-can\/inclinometro-giroscopico-j1939\/#breadcrumb","itemListElement":[{"@type":"ListItem","position":1,"name":"Home","item":"https:\/\/www.tcp.smpengineeredsolutions.com\/es\/"},{"@type":"ListItem","position":2,"name":"Productos","item":"https:\/\/www.tcp.smpengineeredsolutions.com\/es\/productos\/"},{"@type":"ListItem","position":3,"name":"Electrificaci\u00f3n y electr\u00f3nica","item":"https:\/\/www.af63878a-61a4-44d4-a3f9-8118d911569f.smpengineeredsolutions.com\/es\/productos\/electrificacion-y-electronica\/"},{"@type":"ListItem","position":4,"name":"Dispositivos CAN","item":"https:\/\/www.af63878a-61a4-44d4-a3f9-8118d911569f.smpengineeredsolutions.com\/es\/productos\/electrificacion-y-electronica\/dispositivos-can\/"},{"@type":"ListItem","position":5,"name":"Inclin\u00f3metro girosc\u00f3pico J1939"}]},{"@type":"WebSite","@id":"https:\/\/www.smpengineeredsolutions.com\/es\/#website","url":"https:\/\/www.smpengineeredsolutions.com\/es\/","name":"Standard Motor Products, Inc.","description":"","publisher":{"@id":"https:\/\/www.smpengineeredsolutions.com\/es\/#organization"},"potentialAction":[{"@type":"SearchAction","target":{"@type":"EntryPoint","urlTemplate":"https:\/\/www.smpengineeredsolutions.com\/es\/?s={search_term_string}"},"query-input":{"@type":"PropertyValueSpecification","valueRequired":true,"valueName":"search_term_string"}}],"inLanguage":"es"},{"@type":"Organization","@id":"https:\/\/www.smpengineeredsolutions.com\/es\/#organization","name":"SMP\u00ae Engineered Solutions","url":"https:\/\/www.smpengineeredsolutions.com\/es\/","logo":{"@type":"ImageObject","inLanguage":"es","@id":"https:\/\/www.smpengineeredsolutions.com\/es\/#\/schema\/logo\/image\/","url":"https:\/\/www.a.smpengineeredsolutions.com\/wp-content\/uploads\/smp-logo.png","contentUrl":"https:\/\/www.a.smpengineeredsolutions.com\/wp-content\/uploads\/smp-logo.png","width":264,"height":117,"caption":"SMP\u00ae Engineered Solutions"},"image":{"@id":"https:\/\/www.smpengineeredsolutions.com\/es\/#\/schema\/logo\/image\/"},"sameAs":["https:\/\/www.youtube.com\/@StandardMotorProductsInc","https:\/\/www.linkedin.com\/company\/standard-motor-products"]}]}},"_links":{"self":[{"href":"https:\/\/www.smpengineeredsolutions.com\/es\/wp-json\/wp\/v2\/pages\/5313","targetHints":{"allow":["GET"]}}],"collection":[{"href":"https:\/\/www.smpengineeredsolutions.com\/es\/wp-json\/wp\/v2\/pages"}],"about":[{"href":"https:\/\/www.smpengineeredsolutions.com\/es\/wp-json\/wp\/v2\/types\/page"}],"author":[{"embeddable":true,"href":"https:\/\/www.smpengineeredsolutions.com\/es\/wp-json\/wp\/v2\/users\/27"}],"replies":[{"embeddable":true,"href":"https:\/\/www.smpengineeredsolutions.com\/es\/wp-json\/wp\/v2\/comments?post=5313"}],"version-history":[{"count":5,"href":"https:\/\/www.smpengineeredsolutions.com\/es\/wp-json\/wp\/v2\/pages\/5313\/revisions"}],"predecessor-version":[{"id":7384,"href":"https:\/\/www.smpengineeredsolutions.com\/es\/wp-json\/wp\/v2\/pages\/5313\/revisions\/7384"}],"up":[{"embeddable":true,"href":"https:\/\/www.smpengineeredsolutions.com\/es\/wp-json\/wp\/v2\/pages\/5303"}],"wp:attachment":[{"href":"https:\/\/www.smpengineeredsolutions.com\/es\/wp-json\/wp\/v2\/media?parent=5313"}],"curies":[{"name":"wp","href":"https:\/\/api.w.org\/{rel}","templated":true}]}}