{"id":5309,"date":"2023-01-27T13:38:55","date_gmt":"2023-01-27T18:38:55","guid":{"rendered":"https:\/\/smpengineeredsolutions.com\/?page_id=5309"},"modified":"2023-09-07T06:51:45","modified_gmt":"2023-09-07T06:51:45","slug":"puerto-de-enlace-can-j1939","status":"publish","type":"page","link":"https:\/\/www.smpengineeredsolutions.com\/es\/productos\/electrificacion-y-electronica\/dispositivos-can\/productos-can-adicionales\/puerto-de-enlace-can-j1939\/","title":{"rendered":"Puerto de enlace CAN J1939"},"content":{"rendered":"<div class=\"feature-img-right\"><a class=\"lightbox\" href=\"\/wp-content\/uploads\/CAN-Gateway-2.png\"><img decoding=\"async\" title=\"Puerto de enlace CAN J1939\" src=\"\/wp-content\/uploads\/CAN-Gateway-2.png\" alt=\"Puerto de enlace CAN J1939\" width=\"400\" \/><\/a><\/div>\n<p><img loading=\"lazy\" decoding=\"async\" class=\"alignleft wp-image-3074\" title=\"SMP Trombetta Logo\" src=\"https:\/\/www.smpengineeredsolutions.com\/wp-content\/uploads\/SMP-Trombetta-4C-500x75.png\" alt=\"SMP Trombetta Logo\" width=\"407\" height=\"61\" srcset=\"https:\/\/www.smpengineeredsolutions.com\/wp-content\/uploads\/SMP-Trombetta-4C-500x75.png 500w, https:\/\/www.smpengineeredsolutions.com\/wp-content\/uploads\/SMP-Trombetta-4C-1024x154.png 1024w, https:\/\/www.smpengineeredsolutions.com\/wp-content\/uploads\/SMP-Trombetta-4C-768x116.png 768w, https:\/\/www.smpengineeredsolutions.com\/wp-content\/uploads\/SMP-Trombetta-4C-1536x231.png 1536w, https:\/\/www.smpengineeredsolutions.com\/wp-content\/uploads\/SMP-Trombetta-4C-2048x309.png 2048w\" sizes=\"auto, (max-width: 407px) 100vw, 407px\" \/><\/p>\n<p>&nbsp;<\/p>\n<p>&nbsp;<\/p>\n<p>J1939, el protocolo de red m\u00e1s utilizado en aplicaciones de veh\u00edculos pesados, se especific\u00f3 originalmente para una comunicaci\u00f3n de 250 kbaudios entre los componentes del veh\u00edculo. M\u00e1s recientemente, se han adoptado requisitos para duplicar la velocidad de la red y pasar de 250 kbps a 500 kbps. Este dispositivo permite enviar y recibir comunicaciones entre el bus de 250 kbps y el de 500 kbps.<\/p>\n<h2>Caracter\u00edsticas del producto<\/h2>\n<ul>\n<li>Tensi\u00f3n de alimentaci\u00f3n: 8-32 VCC<\/li>\n<li>Corriente de alimentaci\u00f3n: 50 mA m\u00e1x. a 24 V CC<\/li>\n<li>Protecci\u00f3n: Polaridad inversa, tensi\u00f3n transitoria<\/li>\n<li>Rango de temperaturas: -40\u00b0 a 85\u00b0 C<\/li>\n<li>Encapsulado &#8211; verdadero grado IP67<\/li>\n<li>Entorno: IP67<\/li>\n<\/ul>\n","protected":false},"excerpt":{"rendered":"<p>&nbsp; &nbsp; J1939, el protocolo de red m\u00e1s utilizado en aplicaciones de veh\u00edculos pesados, se especific\u00f3 originalmente para una comunicaci\u00f3n de 250 kbaudios entre los componentes del veh\u00edculo. M\u00e1s recientemente, se han adoptado requisitos para duplicar la velocidad de la red y pasar de 250 kbps a 500 kbps. Este dispositivo permite enviar y recibir&#8230; [&#8230;]<\/p>\n<p><a class=\"btn btn-secondary understrap-read-more-link\" href=\"https:\/\/www.smpengineeredsolutions.com\/es\/productos\/electrificacion-y-electronica\/dispositivos-can\/productos-can-adicionales\/puerto-de-enlace-can-j1939\/\">Leer m\u00e1s&#8230;<\/a><\/p>\n","protected":false},"author":27,"featured_media":0,"parent":5306,"menu_order":0,"comment_status":"closed","ping_status":"closed","template":"page-templates\/destination-content.php","meta":{"_acf_changed":false,"inline_featured_image":false,"footnotes":""},"class_list":["post-5309","page","type-page","status-publish","hentry"],"featured_image_src":null,"acf":[],"yoast_head":"<!-- This site is optimized with the Yoast SEO Premium plugin v27.5 (Yoast SEO v27.5) - https:\/\/yoast.com\/product\/yoast-seo-premium-wordpress\/ -->\n<title>Puerto de enlace CAN J1939 - Standard Motor Products, Inc.<\/title>\n<meta name=\"robots\" content=\"index, follow, max-snippet:-1, max-image-preview:large, max-video-preview:-1\" \/>\n<link rel=\"canonical\" href=\"https:\/\/www.smpengineeredsolutions.com\/es\/productos\/electrificacion-y-electronica\/dispositivos-can\/productos-can-adicionales\/puerto-de-enlace-can-j1939\/\" \/>\n<meta property=\"og:locale\" content=\"es_ES\" \/>\n<meta property=\"og:type\" content=\"article\" \/>\n<meta property=\"og:title\" content=\"Puerto de enlace CAN J1939\" \/>\n<meta property=\"og:description\" content=\"&nbsp; &nbsp; J1939, el protocolo de red m\u00e1s utilizado en aplicaciones de veh\u00edculos pesados, se especific\u00f3 originalmente para una comunicaci\u00f3n de 250 kbaudios entre los componentes del veh\u00edculo. M\u00e1s recientemente, se han adoptado requisitos para duplicar la velocidad de la red y pasar de 250 kbps a 500 kbps. Este dispositivo permite enviar y recibir... [...]Leer m\u00e1s...\" \/>\n<meta property=\"og:url\" content=\"https:\/\/www.smpengineeredsolutions.com\/es\/productos\/electrificacion-y-electronica\/dispositivos-can\/productos-can-adicionales\/puerto-de-enlace-can-j1939\/\" \/>\n<meta property=\"og:site_name\" content=\"Standard Motor Products, Inc.\" \/>\n<meta property=\"article:modified_time\" content=\"2023-09-07T06:51:45+00:00\" \/>\n<meta property=\"og:image\" content=\"https:\/\/www.smpengineeredsolutions.com\/wp-content\/uploads\/SMP-Trombetta-4C-500x75.png\" \/>\n<meta name=\"twitter:label1\" content=\"Tiempo de lectura\" \/>\n\t<meta name=\"twitter:data1\" content=\"1 minuto\" \/>\n<script type=\"application\/ld+json\" class=\"yoast-schema-graph\">{\"@context\":\"https:\\\/\\\/schema.org\",\"@graph\":[{\"@type\":\"WebPage\",\"@id\":\"https:\\\/\\\/www.smpengineeredsolutions.com\\\/es\\\/productos\\\/electrificacion-y-electronica\\\/dispositivos-can\\\/productos-can-adicionales\\\/puerto-de-enlace-can-j1939\\\/\",\"url\":\"https:\\\/\\\/www.smpengineeredsolutions.com\\\/es\\\/productos\\\/electrificacion-y-electronica\\\/dispositivos-can\\\/productos-can-adicionales\\\/puerto-de-enlace-can-j1939\\\/\",\"name\":\"Puerto de enlace CAN J1939 - Standard Motor Products, Inc.\",\"isPartOf\":{\"@id\":\"https:\\\/\\\/www.2e9348c8-44a6-4dd4-b6bd-291c31dbd014.a.smpengineeredsolutions.com\\\/de\\\/#website\"},\"primaryImageOfPage\":{\"@id\":\"https:\\\/\\\/www.smpengineeredsolutions.com\\\/es\\\/productos\\\/electrificacion-y-electronica\\\/dispositivos-can\\\/productos-can-adicionales\\\/puerto-de-enlace-can-j1939\\\/#primaryimage\"},\"image\":{\"@id\":\"https:\\\/\\\/www.smpengineeredsolutions.com\\\/es\\\/productos\\\/electrificacion-y-electronica\\\/dispositivos-can\\\/productos-can-adicionales\\\/puerto-de-enlace-can-j1939\\\/#primaryimage\"},\"thumbnailUrl\":\"https:\\\/\\\/www.smpengineeredsolutions.com\\\/wp-content\\\/uploads\\\/SMP-Trombetta-4C-500x75.png\",\"datePublished\":\"2023-01-27T18:38:55+00:00\",\"dateModified\":\"2023-09-07T06:51:45+00:00\",\"breadcrumb\":{\"@id\":\"https:\\\/\\\/www.smpengineeredsolutions.com\\\/es\\\/productos\\\/electrificacion-y-electronica\\\/dispositivos-can\\\/productos-can-adicionales\\\/puerto-de-enlace-can-j1939\\\/#breadcrumb\"},\"inLanguage\":\"es\",\"potentialAction\":[{\"@type\":\"ReadAction\",\"target\":[\"https:\\\/\\\/www.smpengineeredsolutions.com\\\/es\\\/productos\\\/electrificacion-y-electronica\\\/dispositivos-can\\\/productos-can-adicionales\\\/puerto-de-enlace-can-j1939\\\/\"]}]},{\"@type\":\"ImageObject\",\"inLanguage\":\"es\",\"@id\":\"https:\\\/\\\/www.smpengineeredsolutions.com\\\/es\\\/productos\\\/electrificacion-y-electronica\\\/dispositivos-can\\\/productos-can-adicionales\\\/puerto-de-enlace-can-j1939\\\/#primaryimage\",\"url\":\"https:\\\/\\\/www.smpengineeredsolutions.com\\\/wp-content\\\/uploads\\\/SMP-Trombetta-4C-500x75.png\",\"contentUrl\":\"https:\\\/\\\/www.smpengineeredsolutions.com\\\/wp-content\\\/uploads\\\/SMP-Trombetta-4C-500x75.png\"},{\"@type\":\"BreadcrumbList\",\"@id\":\"https:\\\/\\\/www.smpengineeredsolutions.com\\\/es\\\/productos\\\/electrificacion-y-electronica\\\/dispositivos-can\\\/productos-can-adicionales\\\/puerto-de-enlace-can-j1939\\\/#breadcrumb\",\"itemListElement\":[{\"@type\":\"ListItem\",\"position\":1,\"name\":\"Home\",\"item\":\"https:\\\/\\\/www.2e9348c8-44a6-4dd4-b6bd-291c31dbd014.a.smpengineeredsolutions.com\\\/es\\\/\"},{\"@type\":\"ListItem\",\"position\":2,\"name\":\"Productos\",\"item\":\"https:\\\/\\\/www.sitemap.smpengineeredsolutions.com\\\/es\\\/productos\\\/\"},{\"@type\":\"ListItem\",\"position\":3,\"name\":\"Electrificaci\u00f3n y electr\u00f3nica\",\"item\":\"https:\\\/\\\/www.smpengineeredsolutions.com\\\/es\\\/productos\\\/electrificacion-y-electronica\\\/\"},{\"@type\":\"ListItem\",\"position\":4,\"name\":\"Dispositivos CAN\",\"item\":\"https:\\\/\\\/www.smpengineeredsolutions.com\\\/es\\\/productos\\\/electrificacion-y-electronica\\\/dispositivos-can\\\/\"},{\"@type\":\"ListItem\",\"position\":5,\"name\":\"Productos CAN adicionales\",\"item\":\"https:\\\/\\\/www.smpengineeredsolutions.com\\\/es\\\/productos\\\/electrificacion-y-electronica\\\/dispositivos-can\\\/productos-can-adicionales\\\/\"},{\"@type\":\"ListItem\",\"position\":6,\"name\":\"Puerto de enlace CAN J1939\"}]},{\"@type\":\"WebSite\",\"@id\":\"https:\\\/\\\/www.2e9348c8-44a6-4dd4-b6bd-291c31dbd014.a.smpengineeredsolutions.com\\\/de\\\/#website\",\"url\":\"https:\\\/\\\/www.2e9348c8-44a6-4dd4-b6bd-291c31dbd014.a.smpengineeredsolutions.com\\\/de\\\/\",\"name\":\"Standard Motor Products, Inc.\",\"description\":\"\",\"publisher\":{\"@id\":\"https:\\\/\\\/www.2e9348c8-44a6-4dd4-b6bd-291c31dbd014.a.smpengineeredsolutions.com\\\/de\\\/#organization\"},\"potentialAction\":[{\"@type\":\"SearchAction\",\"target\":{\"@type\":\"EntryPoint\",\"urlTemplate\":\"https:\\\/\\\/www.2e9348c8-44a6-4dd4-b6bd-291c31dbd014.a.smpengineeredsolutions.com\\\/de\\\/?s={search_term_string}\"},\"query-input\":{\"@type\":\"PropertyValueSpecification\",\"valueRequired\":true,\"valueName\":\"search_term_string\"}}],\"inLanguage\":\"es\"},{\"@type\":\"Organization\",\"@id\":\"https:\\\/\\\/www.2e9348c8-44a6-4dd4-b6bd-291c31dbd014.a.smpengineeredsolutions.com\\\/de\\\/#organization\",\"name\":\"SMP\u00ae Engineered Solutions\",\"url\":\"https:\\\/\\\/www.2e9348c8-44a6-4dd4-b6bd-291c31dbd014.a.smpengineeredsolutions.com\\\/de\\\/\",\"logo\":{\"@type\":\"ImageObject\",\"inLanguage\":\"es\",\"@id\":\"https:\\\/\\\/www.2e9348c8-44a6-4dd4-b6bd-291c31dbd014.a.smpengineeredsolutions.com\\\/de\\\/#\\\/schema\\\/logo\\\/image\\\/\",\"url\":\"https:\\\/\\\/www.a.smpengineeredsolutions.com\\\/wp-content\\\/uploads\\\/smp-logo.png\",\"contentUrl\":\"https:\\\/\\\/www.a.smpengineeredsolutions.com\\\/wp-content\\\/uploads\\\/smp-logo.png\",\"width\":264,\"height\":117,\"caption\":\"SMP\u00ae Engineered Solutions\"},\"image\":{\"@id\":\"https:\\\/\\\/www.2e9348c8-44a6-4dd4-b6bd-291c31dbd014.a.smpengineeredsolutions.com\\\/de\\\/#\\\/schema\\\/logo\\\/image\\\/\"},\"sameAs\":[\"https:\\\/\\\/www.youtube.com\\\/@StandardMotorProductsInc\",\"https:\\\/\\\/www.linkedin.com\\\/company\\\/standard-motor-products\"]}]}<\/script>\n<!-- \/ Yoast SEO Premium plugin. -->","yoast_head_json":{"title":"Puerto de enlace CAN J1939 - Standard Motor Products, Inc.","robots":{"index":"index","follow":"follow","max-snippet":"max-snippet:-1","max-image-preview":"max-image-preview:large","max-video-preview":"max-video-preview:-1"},"canonical":"https:\/\/www.smpengineeredsolutions.com\/es\/productos\/electrificacion-y-electronica\/dispositivos-can\/productos-can-adicionales\/puerto-de-enlace-can-j1939\/","og_locale":"es_ES","og_type":"article","og_title":"Puerto de enlace CAN J1939","og_description":"&nbsp; &nbsp; J1939, el protocolo de red m\u00e1s utilizado en aplicaciones de veh\u00edculos pesados, se especific\u00f3 originalmente para una comunicaci\u00f3n de 250 kbaudios entre los componentes del veh\u00edculo. M\u00e1s recientemente, se han adoptado requisitos para duplicar la velocidad de la red y pasar de 250 kbps a 500 kbps. Este dispositivo permite enviar y recibir... [...]Leer m\u00e1s...","og_url":"https:\/\/www.smpengineeredsolutions.com\/es\/productos\/electrificacion-y-electronica\/dispositivos-can\/productos-can-adicionales\/puerto-de-enlace-can-j1939\/","og_site_name":"Standard Motor Products, Inc.","article_modified_time":"2023-09-07T06:51:45+00:00","og_image":[{"url":"https:\/\/www.smpengineeredsolutions.com\/wp-content\/uploads\/SMP-Trombetta-4C-500x75.png","type":"","width":"","height":""}],"twitter_misc":{"Tiempo de lectura":"1 minuto"},"schema":{"@context":"https:\/\/schema.org","@graph":[{"@type":"WebPage","@id":"https:\/\/www.smpengineeredsolutions.com\/es\/productos\/electrificacion-y-electronica\/dispositivos-can\/productos-can-adicionales\/puerto-de-enlace-can-j1939\/","url":"https:\/\/www.smpengineeredsolutions.com\/es\/productos\/electrificacion-y-electronica\/dispositivos-can\/productos-can-adicionales\/puerto-de-enlace-can-j1939\/","name":"Puerto de enlace CAN J1939 - Standard Motor Products, Inc.","isPartOf":{"@id":"https:\/\/www.2e9348c8-44a6-4dd4-b6bd-291c31dbd014.a.smpengineeredsolutions.com\/de\/#website"},"primaryImageOfPage":{"@id":"https:\/\/www.smpengineeredsolutions.com\/es\/productos\/electrificacion-y-electronica\/dispositivos-can\/productos-can-adicionales\/puerto-de-enlace-can-j1939\/#primaryimage"},"image":{"@id":"https:\/\/www.smpengineeredsolutions.com\/es\/productos\/electrificacion-y-electronica\/dispositivos-can\/productos-can-adicionales\/puerto-de-enlace-can-j1939\/#primaryimage"},"thumbnailUrl":"https:\/\/www.smpengineeredsolutions.com\/wp-content\/uploads\/SMP-Trombetta-4C-500x75.png","datePublished":"2023-01-27T18:38:55+00:00","dateModified":"2023-09-07T06:51:45+00:00","breadcrumb":{"@id":"https:\/\/www.smpengineeredsolutions.com\/es\/productos\/electrificacion-y-electronica\/dispositivos-can\/productos-can-adicionales\/puerto-de-enlace-can-j1939\/#breadcrumb"},"inLanguage":"es","potentialAction":[{"@type":"ReadAction","target":["https:\/\/www.smpengineeredsolutions.com\/es\/productos\/electrificacion-y-electronica\/dispositivos-can\/productos-can-adicionales\/puerto-de-enlace-can-j1939\/"]}]},{"@type":"ImageObject","inLanguage":"es","@id":"https:\/\/www.smpengineeredsolutions.com\/es\/productos\/electrificacion-y-electronica\/dispositivos-can\/productos-can-adicionales\/puerto-de-enlace-can-j1939\/#primaryimage","url":"https:\/\/www.smpengineeredsolutions.com\/wp-content\/uploads\/SMP-Trombetta-4C-500x75.png","contentUrl":"https:\/\/www.smpengineeredsolutions.com\/wp-content\/uploads\/SMP-Trombetta-4C-500x75.png"},{"@type":"BreadcrumbList","@id":"https:\/\/www.smpengineeredsolutions.com\/es\/productos\/electrificacion-y-electronica\/dispositivos-can\/productos-can-adicionales\/puerto-de-enlace-can-j1939\/#breadcrumb","itemListElement":[{"@type":"ListItem","position":1,"name":"Home","item":"https:\/\/www.2e9348c8-44a6-4dd4-b6bd-291c31dbd014.a.smpengineeredsolutions.com\/es\/"},{"@type":"ListItem","position":2,"name":"Productos","item":"https:\/\/www.sitemap.smpengineeredsolutions.com\/es\/productos\/"},{"@type":"ListItem","position":3,"name":"Electrificaci\u00f3n y electr\u00f3nica","item":"https:\/\/www.smpengineeredsolutions.com\/es\/productos\/electrificacion-y-electronica\/"},{"@type":"ListItem","position":4,"name":"Dispositivos CAN","item":"https:\/\/www.smpengineeredsolutions.com\/es\/productos\/electrificacion-y-electronica\/dispositivos-can\/"},{"@type":"ListItem","position":5,"name":"Productos CAN adicionales","item":"https:\/\/www.smpengineeredsolutions.com\/es\/productos\/electrificacion-y-electronica\/dispositivos-can\/productos-can-adicionales\/"},{"@type":"ListItem","position":6,"name":"Puerto de enlace CAN J1939"}]},{"@type":"WebSite","@id":"https:\/\/www.2e9348c8-44a6-4dd4-b6bd-291c31dbd014.a.smpengineeredsolutions.com\/de\/#website","url":"https:\/\/www.2e9348c8-44a6-4dd4-b6bd-291c31dbd014.a.smpengineeredsolutions.com\/de\/","name":"Standard Motor Products, Inc.","description":"","publisher":{"@id":"https:\/\/www.2e9348c8-44a6-4dd4-b6bd-291c31dbd014.a.smpengineeredsolutions.com\/de\/#organization"},"potentialAction":[{"@type":"SearchAction","target":{"@type":"EntryPoint","urlTemplate":"https:\/\/www.2e9348c8-44a6-4dd4-b6bd-291c31dbd014.a.smpengineeredsolutions.com\/de\/?s={search_term_string}"},"query-input":{"@type":"PropertyValueSpecification","valueRequired":true,"valueName":"search_term_string"}}],"inLanguage":"es"},{"@type":"Organization","@id":"https:\/\/www.2e9348c8-44a6-4dd4-b6bd-291c31dbd014.a.smpengineeredsolutions.com\/de\/#organization","name":"SMP\u00ae Engineered Solutions","url":"https:\/\/www.2e9348c8-44a6-4dd4-b6bd-291c31dbd014.a.smpengineeredsolutions.com\/de\/","logo":{"@type":"ImageObject","inLanguage":"es","@id":"https:\/\/www.2e9348c8-44a6-4dd4-b6bd-291c31dbd014.a.smpengineeredsolutions.com\/de\/#\/schema\/logo\/image\/","url":"https:\/\/www.a.smpengineeredsolutions.com\/wp-content\/uploads\/smp-logo.png","contentUrl":"https:\/\/www.a.smpengineeredsolutions.com\/wp-content\/uploads\/smp-logo.png","width":264,"height":117,"caption":"SMP\u00ae Engineered Solutions"},"image":{"@id":"https:\/\/www.2e9348c8-44a6-4dd4-b6bd-291c31dbd014.a.smpengineeredsolutions.com\/de\/#\/schema\/logo\/image\/"},"sameAs":["https:\/\/www.youtube.com\/@StandardMotorProductsInc","https:\/\/www.linkedin.com\/company\/standard-motor-products"]}]}},"_links":{"self":[{"href":"https:\/\/www.smpengineeredsolutions.com\/es\/wp-json\/wp\/v2\/pages\/5309","targetHints":{"allow":["GET"]}}],"collection":[{"href":"https:\/\/www.smpengineeredsolutions.com\/es\/wp-json\/wp\/v2\/pages"}],"about":[{"href":"https:\/\/www.smpengineeredsolutions.com\/es\/wp-json\/wp\/v2\/types\/page"}],"author":[{"embeddable":true,"href":"https:\/\/www.smpengineeredsolutions.com\/es\/wp-json\/wp\/v2\/users\/27"}],"replies":[{"embeddable":true,"href":"https:\/\/www.smpengineeredsolutions.com\/es\/wp-json\/wp\/v2\/comments?post=5309"}],"version-history":[{"count":0,"href":"https:\/\/www.smpengineeredsolutions.com\/es\/wp-json\/wp\/v2\/pages\/5309\/revisions"}],"up":[{"embeddable":true,"href":"https:\/\/www.smpengineeredsolutions.com\/es\/wp-json\/wp\/v2\/pages\/5306"}],"wp:attachment":[{"href":"https:\/\/www.smpengineeredsolutions.com\/es\/wp-json\/wp\/v2\/media?parent=5309"}],"curies":[{"name":"wp","href":"https:\/\/api.w.org\/{rel}","templated":true}]}}