{"id":5302,"date":"2023-01-10T12:01:40","date_gmt":"2023-01-10T17:01:40","guid":{"rendered":"https:\/\/smpengineeredsolutions.com\/?page_id=5302"},"modified":"2025-04-28T16:15:32","modified_gmt":"2025-04-28T20:15:32","slug":"electrificacion-y-electronica","status":"publish","type":"page","link":"https:\/\/www.smpengineeredsolutions.com\/es\/productos\/electrificacion-y-electronica\/","title":{"rendered":"Electrificaci\u00f3n y electr\u00f3nica"},"content":{"rendered":"<p><img loading=\"lazy\" decoding=\"async\" class=\"alignnone  wp-image-4564\" src=\"https:\/\/www.smpengineeredsolutions.com\/wp-content\/uploads\/SMP-Trombetta-4C-500x75.png\" alt=\"\" width=\"327\" height=\"49\" srcset=\"https:\/\/www.smpengineeredsolutions.com\/wp-content\/uploads\/SMP-Trombetta-4C-500x75.png 500w, https:\/\/www.smpengineeredsolutions.com\/wp-content\/uploads\/SMP-Trombetta-4C-1024x154.png 1024w, https:\/\/www.smpengineeredsolutions.com\/wp-content\/uploads\/SMP-Trombetta-4C-768x116.png 768w, https:\/\/www.smpengineeredsolutions.com\/wp-content\/uploads\/SMP-Trombetta-4C-1536x231.png 1536w, https:\/\/www.smpengineeredsolutions.com\/wp-content\/uploads\/SMP-Trombetta-4C-2048x309.png 2048w\" sizes=\"auto, (max-width: 327px) 100vw, 327px\" \/><\/p>\n<h3>Electrificaci\u00f3n &amp; Electr\u00f3nica<\/h3>\n<p>SMP Engineered Solutions proporciona dispositivos personalizables en Soluciones de Electrificaci\u00f3n y Electr\u00f3nica que se utilizan habitualmente en sistemas industriales y de automoci\u00f3n. Los productos de Electrificaci\u00f3n y Electr\u00f3nica son dispositivos que supervisan, controlan y regulan la transmisi\u00f3n de se\u00f1ales en un sistema. Su funci\u00f3n principal es proporcionar un intercambio r\u00e1pido y preciso de informaci\u00f3n para mejorar el rendimiento general de los sistemas en la distribuci\u00f3n de energ\u00eda industrial y la electr\u00f3nica del autom\u00f3vil.<\/p>\n<p>Nuestras soluciones electr\u00f3nicas y de electrificaci\u00f3n est\u00e1n dise\u00f1adas para los entornos m\u00e1s exigentes de los equipos m\u00f3viles. Los productos van desde m\u00f3dulos de E\/S hasta productos CAN avanzados dise\u00f1ados para su uso en J1939, CANopen y NMEA2000.<\/p>\n<h3>Aplicaci\u00f3n com\u00fan<\/h3>\n<ul>\n<li>Automoci\u00f3n<\/li>\n<li>Maquinaria industrial<\/li>\n<li>Equipos de construcci\u00f3n<\/li>\n<li>Maquinaria agr\u00edcola<\/li>\n<li>Deportes de motor<\/li>\n<\/ul>\n<h3>Caracter\u00edsticas principales de la electrificaci\u00f3n y la electr\u00f3nica<\/h3>\n<p><img loading=\"lazy\" decoding=\"async\" class=\"alignnone  wp-image-7633\" src=\"https:\/\/www.smpengineeredsolutions.com\/wp-content\/uploads\/Electrification-and-Electronic-feature-Spanish-500x111.png\" alt=\"Caracter\u00edsticas principales de Electrificaci\u00f3n y Electr\u00f3nica de SMP Engineered Solution.\" width=\"1171\" height=\"260\" srcset=\"https:\/\/www.smpengineeredsolutions.com\/wp-content\/uploads\/Electrification-and-Electronic-feature-Spanish-500x111.png 500w, https:\/\/www.smpengineeredsolutions.com\/wp-content\/uploads\/Electrification-and-Electronic-feature-Spanish-1024x228.png 1024w, https:\/\/www.smpengineeredsolutions.com\/wp-content\/uploads\/Electrification-and-Electronic-feature-Spanish-768x171.png 768w, https:\/\/www.smpengineeredsolutions.com\/wp-content\/uploads\/Electrification-and-Electronic-feature-Spanish-1536x342.png 1536w, https:\/\/www.smpengineeredsolutions.com\/wp-content\/uploads\/Electrification-and-Electronic-feature-Spanish-2048x456.png 2048w\" sizes=\"auto, (max-width: 1171px) 100vw, 1171px\" \/><\/p>\n<p>P\u00f3ngase en<a href=\"https:\/\/www.smpengineeredsolutions.com\/es\/contactenos\/\"> contacto<\/a> con SMP Engineered Solutions si necesita soluciones electr\u00f3nicas y de electrificaci\u00f3n personalizadas.<\/p>\n<h4>Preguntas frecuentes<\/h4>\n<p><strong>\u00bfPara qu\u00e9 sirven los productos de electrificaci\u00f3n y electr\u00f3nica?<\/strong><\/p>\n<p>Los productos de Electrificaci\u00f3n y Electr\u00f3nica se utilizan en sistemas industriales y de automoci\u00f3n que supervisan, controlan y regulan la transmisi\u00f3n de se\u00f1ales en el sistema.<\/p>\n<p><strong>\u00bfSon los productos de electrificaci\u00f3n y electr\u00f3nica de SMP adecuados para entornos dif\u00edciles?<\/strong><\/p>\n<p>Nuestros productos est\u00e1n fabricados y sellados para resistir cualquier entorno adverso.<\/p>\n<p><strong>\u00bfQu\u00e9 tipos de sistemas de control electr\u00f3nico ofrece SMP?<\/strong><\/p>\n<p>Ofrecemos una variedad de distribuci\u00f3n de energ\u00eda industrial y electr\u00f3nica de automoci\u00f3n como, Dispositivos CAN, Divisores de Energ\u00eda y CAN, Controles Electr\u00f3nicos y Componentes Electr\u00f3nicos.<\/p>\n<p>&nbsp;<\/p>\n","protected":false},"excerpt":{"rendered":"<p>Electrificaci\u00f3n &amp; Electr\u00f3nica SMP Engineered Solutions proporciona dispositivos personalizables en Soluciones de Electrificaci\u00f3n y Electr\u00f3nica que se utilizan habitualmente en sistemas industriales y de automoci\u00f3n. Los productos de Electrificaci\u00f3n y Electr\u00f3nica son dispositivos que supervisan, controlan y regulan la transmisi\u00f3n de se\u00f1ales en un sistema. Su funci\u00f3n principal es proporcionar un intercambio r\u00e1pido y preciso&#8230; [&#8230;]<\/p>\n<p><a class=\"btn btn-secondary understrap-read-more-link\" href=\"https:\/\/www.smpengineeredsolutions.com\/es\/productos\/electrificacion-y-electronica\/\">Leer m\u00e1s&#8230;<\/a><\/p>\n","protected":false},"author":27,"featured_media":0,"parent":5264,"menu_order":0,"comment_status":"closed","ping_status":"closed","template":"page-templates\/destination-bucket.php","meta":{"_acf_changed":false,"inline_featured_image":false,"footnotes":""},"class_list":["post-5302","page","type-page","status-publish","hentry"],"featured_image_src":null,"acf":[],"yoast_head":"<!-- This site is optimized with the Yoast SEO Premium plugin v27.5 (Yoast SEO v27.5) - https:\/\/yoast.com\/product\/yoast-seo-premium-wordpress\/ -->\n<title>Electrificaci\u00f3n &amp; soluciones electr\u00f3nicas | Standard Motor Products<\/title>\n<meta name=\"description\" content=\"Descubra los productos de Electrificaci\u00f3n y Electr\u00f3nica de SMP, incluidos dispositivos CAN, divisores de potencia y sistemas de control para soluciones industriales y de automoci\u00f3n fiables.\" \/>\n<meta name=\"robots\" content=\"index, follow, max-snippet:-1, max-image-preview:large, max-video-preview:-1\" \/>\n<link rel=\"canonical\" href=\"https:\/\/www.smpengineeredsolutions.com\/es\/productos\/electrificacion-y-electronica\/\" \/>\n<meta property=\"og:locale\" content=\"es_ES\" \/>\n<meta property=\"og:type\" content=\"article\" \/>\n<meta property=\"og:title\" content=\"Electrificaci\u00f3n y electr\u00f3nica\" \/>\n<meta property=\"og:description\" content=\"Descubra los productos de Electrificaci\u00f3n y Electr\u00f3nica de SMP, incluidos dispositivos CAN, divisores de potencia y sistemas de control para soluciones industriales y de automoci\u00f3n fiables.\" \/>\n<meta property=\"og:url\" content=\"https:\/\/www.smpengineeredsolutions.com\/es\/productos\/electrificacion-y-electronica\/\" \/>\n<meta property=\"og:site_name\" content=\"Standard Motor Products, Inc.\" \/>\n<meta property=\"article:modified_time\" content=\"2025-04-28T20:15:32+00:00\" \/>\n<meta property=\"og:image\" content=\"https:\/\/www.smpengineeredsolutions.com\/wp-content\/uploads\/SMP-Trombetta-4C-500x75.png\" \/>\n<meta name=\"twitter:label1\" content=\"Tiempo de lectura\" \/>\n\t<meta name=\"twitter:data1\" content=\"2 minutos\" \/>\n<script type=\"application\/ld+json\" class=\"yoast-schema-graph\">{\"@context\":\"https:\\\/\\\/schema.org\",\"@graph\":[{\"@type\":\"WebPage\",\"@id\":\"https:\\\/\\\/www.smpengineeredsolutions.com\\\/es\\\/productos\\\/electrificacion-y-electronica\\\/\",\"url\":\"https:\\\/\\\/www.smpengineeredsolutions.com\\\/es\\\/productos\\\/electrificacion-y-electronica\\\/\",\"name\":\"Electrificaci\u00f3n & soluciones electr\u00f3nicas | Standard Motor Products\",\"isPartOf\":{\"@id\":\"https:\\\/\\\/www.smpengineeredsolutions.com\\\/es\\\/#website\"},\"primaryImageOfPage\":{\"@id\":\"https:\\\/\\\/www.smpengineeredsolutions.com\\\/es\\\/productos\\\/electrificacion-y-electronica\\\/#primaryimage\"},\"image\":{\"@id\":\"https:\\\/\\\/www.smpengineeredsolutions.com\\\/es\\\/productos\\\/electrificacion-y-electronica\\\/#primaryimage\"},\"thumbnailUrl\":\"https:\\\/\\\/www.smpengineeredsolutions.com\\\/wp-content\\\/uploads\\\/SMP-Trombetta-4C-500x75.png\",\"datePublished\":\"2023-01-10T17:01:40+00:00\",\"dateModified\":\"2025-04-28T20:15:32+00:00\",\"description\":\"Descubra los productos de Electrificaci\u00f3n y Electr\u00f3nica de SMP, incluidos dispositivos CAN, divisores de potencia y sistemas de control para soluciones industriales y de automoci\u00f3n fiables.\",\"breadcrumb\":{\"@id\":\"https:\\\/\\\/www.smpengineeredsolutions.com\\\/es\\\/productos\\\/electrificacion-y-electronica\\\/#breadcrumb\"},\"inLanguage\":\"es\",\"potentialAction\":[{\"@type\":\"ReadAction\",\"target\":[\"https:\\\/\\\/www.smpengineeredsolutions.com\\\/es\\\/productos\\\/electrificacion-y-electronica\\\/\"]}]},{\"@type\":\"ImageObject\",\"inLanguage\":\"es\",\"@id\":\"https:\\\/\\\/www.smpengineeredsolutions.com\\\/es\\\/productos\\\/electrificacion-y-electronica\\\/#primaryimage\",\"url\":\"https:\\\/\\\/www.smpengineeredsolutions.com\\\/wp-content\\\/uploads\\\/SMP-Trombetta-4C-500x75.png\",\"contentUrl\":\"https:\\\/\\\/www.smpengineeredsolutions.com\\\/wp-content\\\/uploads\\\/SMP-Trombetta-4C-500x75.png\"},{\"@type\":\"BreadcrumbList\",\"@id\":\"https:\\\/\\\/www.smpengineeredsolutions.com\\\/es\\\/productos\\\/electrificacion-y-electronica\\\/#breadcrumb\",\"itemListElement\":[{\"@type\":\"ListItem\",\"position\":1,\"name\":\"Home\",\"item\":\"https:\\\/\\\/www.tcp.smpengineeredsolutions.com\\\/es\\\/\"},{\"@type\":\"ListItem\",\"position\":2,\"name\":\"Productos\",\"item\":\"https:\\\/\\\/www.tcp.smpengineeredsolutions.com\\\/es\\\/productos\\\/\"},{\"@type\":\"ListItem\",\"position\":3,\"name\":\"Electrificaci\u00f3n y electr\u00f3nica\"}]},{\"@type\":\"WebSite\",\"@id\":\"https:\\\/\\\/www.smpengineeredsolutions.com\\\/es\\\/#website\",\"url\":\"https:\\\/\\\/www.smpengineeredsolutions.com\\\/es\\\/\",\"name\":\"Standard Motor Products, Inc.\",\"description\":\"\",\"publisher\":{\"@id\":\"https:\\\/\\\/www.smpengineeredsolutions.com\\\/es\\\/#organization\"},\"potentialAction\":[{\"@type\":\"SearchAction\",\"target\":{\"@type\":\"EntryPoint\",\"urlTemplate\":\"https:\\\/\\\/www.smpengineeredsolutions.com\\\/es\\\/?s={search_term_string}\"},\"query-input\":{\"@type\":\"PropertyValueSpecification\",\"valueRequired\":true,\"valueName\":\"search_term_string\"}}],\"inLanguage\":\"es\"},{\"@type\":\"Organization\",\"@id\":\"https:\\\/\\\/www.smpengineeredsolutions.com\\\/es\\\/#organization\",\"name\":\"SMP\u00ae Engineered Solutions\",\"url\":\"https:\\\/\\\/www.smpengineeredsolutions.com\\\/es\\\/\",\"logo\":{\"@type\":\"ImageObject\",\"inLanguage\":\"es\",\"@id\":\"https:\\\/\\\/www.smpengineeredsolutions.com\\\/es\\\/#\\\/schema\\\/logo\\\/image\\\/\",\"url\":\"https:\\\/\\\/www.a.smpengineeredsolutions.com\\\/wp-content\\\/uploads\\\/smp-logo.png\",\"contentUrl\":\"https:\\\/\\\/www.a.smpengineeredsolutions.com\\\/wp-content\\\/uploads\\\/smp-logo.png\",\"width\":264,\"height\":117,\"caption\":\"SMP\u00ae Engineered Solutions\"},\"image\":{\"@id\":\"https:\\\/\\\/www.smpengineeredsolutions.com\\\/es\\\/#\\\/schema\\\/logo\\\/image\\\/\"},\"sameAs\":[\"https:\\\/\\\/www.youtube.com\\\/@StandardMotorProductsInc\",\"https:\\\/\\\/www.linkedin.com\\\/company\\\/standard-motor-products\"]}]}<\/script>\n<!-- \/ Yoast SEO Premium plugin. -->","yoast_head_json":{"title":"Electrificaci\u00f3n & soluciones electr\u00f3nicas | Standard Motor Products","description":"Descubra los productos de Electrificaci\u00f3n y Electr\u00f3nica de SMP, incluidos dispositivos CAN, divisores de potencia y sistemas de control para soluciones industriales y de automoci\u00f3n fiables.","robots":{"index":"index","follow":"follow","max-snippet":"max-snippet:-1","max-image-preview":"max-image-preview:large","max-video-preview":"max-video-preview:-1"},"canonical":"https:\/\/www.smpengineeredsolutions.com\/es\/productos\/electrificacion-y-electronica\/","og_locale":"es_ES","og_type":"article","og_title":"Electrificaci\u00f3n y electr\u00f3nica","og_description":"Descubra los productos de Electrificaci\u00f3n y Electr\u00f3nica de SMP, incluidos dispositivos CAN, divisores de potencia y sistemas de control para soluciones industriales y de automoci\u00f3n fiables.","og_url":"https:\/\/www.smpengineeredsolutions.com\/es\/productos\/electrificacion-y-electronica\/","og_site_name":"Standard Motor Products, Inc.","article_modified_time":"2025-04-28T20:15:32+00:00","og_image":[{"url":"https:\/\/www.smpengineeredsolutions.com\/wp-content\/uploads\/SMP-Trombetta-4C-500x75.png","type":"","width":"","height":""}],"twitter_misc":{"Tiempo de lectura":"2 minutos"},"schema":{"@context":"https:\/\/schema.org","@graph":[{"@type":"WebPage","@id":"https:\/\/www.smpengineeredsolutions.com\/es\/productos\/electrificacion-y-electronica\/","url":"https:\/\/www.smpengineeredsolutions.com\/es\/productos\/electrificacion-y-electronica\/","name":"Electrificaci\u00f3n & soluciones electr\u00f3nicas | Standard Motor Products","isPartOf":{"@id":"https:\/\/www.smpengineeredsolutions.com\/es\/#website"},"primaryImageOfPage":{"@id":"https:\/\/www.smpengineeredsolutions.com\/es\/productos\/electrificacion-y-electronica\/#primaryimage"},"image":{"@id":"https:\/\/www.smpengineeredsolutions.com\/es\/productos\/electrificacion-y-electronica\/#primaryimage"},"thumbnailUrl":"https:\/\/www.smpengineeredsolutions.com\/wp-content\/uploads\/SMP-Trombetta-4C-500x75.png","datePublished":"2023-01-10T17:01:40+00:00","dateModified":"2025-04-28T20:15:32+00:00","description":"Descubra los productos de Electrificaci\u00f3n y Electr\u00f3nica de SMP, incluidos dispositivos CAN, divisores de potencia y sistemas de control para soluciones industriales y de automoci\u00f3n fiables.","breadcrumb":{"@id":"https:\/\/www.smpengineeredsolutions.com\/es\/productos\/electrificacion-y-electronica\/#breadcrumb"},"inLanguage":"es","potentialAction":[{"@type":"ReadAction","target":["https:\/\/www.smpengineeredsolutions.com\/es\/productos\/electrificacion-y-electronica\/"]}]},{"@type":"ImageObject","inLanguage":"es","@id":"https:\/\/www.smpengineeredsolutions.com\/es\/productos\/electrificacion-y-electronica\/#primaryimage","url":"https:\/\/www.smpengineeredsolutions.com\/wp-content\/uploads\/SMP-Trombetta-4C-500x75.png","contentUrl":"https:\/\/www.smpengineeredsolutions.com\/wp-content\/uploads\/SMP-Trombetta-4C-500x75.png"},{"@type":"BreadcrumbList","@id":"https:\/\/www.smpengineeredsolutions.com\/es\/productos\/electrificacion-y-electronica\/#breadcrumb","itemListElement":[{"@type":"ListItem","position":1,"name":"Home","item":"https:\/\/www.tcp.smpengineeredsolutions.com\/es\/"},{"@type":"ListItem","position":2,"name":"Productos","item":"https:\/\/www.tcp.smpengineeredsolutions.com\/es\/productos\/"},{"@type":"ListItem","position":3,"name":"Electrificaci\u00f3n y electr\u00f3nica"}]},{"@type":"WebSite","@id":"https:\/\/www.smpengineeredsolutions.com\/es\/#website","url":"https:\/\/www.smpengineeredsolutions.com\/es\/","name":"Standard Motor Products, Inc.","description":"","publisher":{"@id":"https:\/\/www.smpengineeredsolutions.com\/es\/#organization"},"potentialAction":[{"@type":"SearchAction","target":{"@type":"EntryPoint","urlTemplate":"https:\/\/www.smpengineeredsolutions.com\/es\/?s={search_term_string}"},"query-input":{"@type":"PropertyValueSpecification","valueRequired":true,"valueName":"search_term_string"}}],"inLanguage":"es"},{"@type":"Organization","@id":"https:\/\/www.smpengineeredsolutions.com\/es\/#organization","name":"SMP\u00ae Engineered Solutions","url":"https:\/\/www.smpengineeredsolutions.com\/es\/","logo":{"@type":"ImageObject","inLanguage":"es","@id":"https:\/\/www.smpengineeredsolutions.com\/es\/#\/schema\/logo\/image\/","url":"https:\/\/www.a.smpengineeredsolutions.com\/wp-content\/uploads\/smp-logo.png","contentUrl":"https:\/\/www.a.smpengineeredsolutions.com\/wp-content\/uploads\/smp-logo.png","width":264,"height":117,"caption":"SMP\u00ae Engineered Solutions"},"image":{"@id":"https:\/\/www.smpengineeredsolutions.com\/es\/#\/schema\/logo\/image\/"},"sameAs":["https:\/\/www.youtube.com\/@StandardMotorProductsInc","https:\/\/www.linkedin.com\/company\/standard-motor-products"]}]}},"_links":{"self":[{"href":"https:\/\/www.smpengineeredsolutions.com\/es\/wp-json\/wp\/v2\/pages\/5302","targetHints":{"allow":["GET"]}}],"collection":[{"href":"https:\/\/www.smpengineeredsolutions.com\/es\/wp-json\/wp\/v2\/pages"}],"about":[{"href":"https:\/\/www.smpengineeredsolutions.com\/es\/wp-json\/wp\/v2\/types\/page"}],"author":[{"embeddable":true,"href":"https:\/\/www.smpengineeredsolutions.com\/es\/wp-json\/wp\/v2\/users\/27"}],"replies":[{"embeddable":true,"href":"https:\/\/www.smpengineeredsolutions.com\/es\/wp-json\/wp\/v2\/comments?post=5302"}],"version-history":[{"count":3,"href":"https:\/\/www.smpengineeredsolutions.com\/es\/wp-json\/wp\/v2\/pages\/5302\/revisions"}],"predecessor-version":[{"id":7636,"href":"https:\/\/www.smpengineeredsolutions.com\/es\/wp-json\/wp\/v2\/pages\/5302\/revisions\/7636"}],"up":[{"embeddable":true,"href":"https:\/\/www.smpengineeredsolutions.com\/es\/wp-json\/wp\/v2\/pages\/5264"}],"wp:attachment":[{"href":"https:\/\/www.smpengineeredsolutions.com\/es\/wp-json\/wp\/v2\/media?parent=5302"}],"curies":[{"name":"wp","href":"https:\/\/api.w.org\/{rel}","templated":true}]}}