{"id":5300,"date":"2023-01-09T14:27:14","date_gmt":"2023-01-09T19:27:14","guid":{"rendered":"https:\/\/smpengineeredsolutions.com\/?page_id=5300"},"modified":"2024-08-30T10:46:18","modified_gmt":"2024-08-30T14:46:18","slug":"contactores-de-la-serie-de-plastico","status":"publish","type":"page","link":"https:\/\/www.smpengineeredsolutions.com\/es\/productos\/contactores-de-cc\/contactores-de-la-serie-de-plastico\/","title":{"rendered":"Contactores de la serie de pl\u00e1stico"},"content":{"rendered":"<div class=\"feature-img-right\"><a class=\"lightbox\" href=\"\/wp-content\/uploads\/surestart.png\"><img decoding=\"async\" title=\"Contactores de la serie de pl\u00e1stico\" src=\"\/wp-content\/uploads\/surestart.png\" alt=\"Contactores de la serie de pl\u00e1stico\" width=\"300\" \/><\/a><\/div>\n<h2><img loading=\"lazy\" decoding=\"async\" class=\"alignleft size-medium wp-image-3074\" title=\"SMP Trombetta Logo\" src=\"https:\/\/www.smpengineeredsolutions.com\/wp-content\/uploads\/SMP-Trombetta-4C-500x75.png\" alt=\"SMP Trombetta Logo\" width=\"500\" height=\"75\" srcset=\"https:\/\/www.smpengineeredsolutions.com\/wp-content\/uploads\/SMP-Trombetta-4C-500x75.png 500w, https:\/\/www.smpengineeredsolutions.com\/wp-content\/uploads\/SMP-Trombetta-4C-1024x154.png 1024w, https:\/\/www.smpengineeredsolutions.com\/wp-content\/uploads\/SMP-Trombetta-4C-768x116.png 768w, https:\/\/www.smpengineeredsolutions.com\/wp-content\/uploads\/SMP-Trombetta-4C-1536x231.png 1536w, https:\/\/www.smpengineeredsolutions.com\/wp-content\/uploads\/SMP-Trombetta-4C-2048x309.png 2048w\" sizes=\"auto, (max-width: 500px) 100vw, 500px\" \/><\/h2>\n<p>&nbsp;<\/p>\n<p>&nbsp;<\/p>\n<p>&nbsp;<\/p>\n<p>La serie de pl\u00e1stico incluye versiones est\u00e1ndar, mejoradas y selladas de este producto. Todos los productos de pl\u00e1stico se construyen utilizando carcasas fuertes y resistentes a altas temperaturas, lo que da como resultado contactores de CC de alta eficiencia. Producidos en una variedad de tama\u00f1os y configuraciones de polos, estos contactores est\u00e1n dise\u00f1ados para adaptarse a aplicaciones que van desde peque\u00f1os tractores de jard\u00edn hasta grandes veh\u00edculos utilitarios (UTV). Todos los contactores de pl\u00e1stico cumplen las normas RoHS, REACH y de abastecimiento de minerales conflictivos.<\/p>\n<h3>Serie Standard<\/h3>\n<p>\u2022 Servicio intermitente: transporta corriente de 200 amperios, corriente de irrupci\u00f3n de 300 a 600 amperios seg\u00fan el modelo espec\u00edfico.<br \/>\n\u2022 Servicio continuo: transporta corriente de 100 amperios, corriente de irrupci\u00f3n de 400 amperios<\/p>\n<p>Disponibles en 12 voltios, los contactores de pl\u00e1stico Standard son ideales para aplicaciones de gran volumen y sensibles a los costos en el sector de la industria de la jardiner\u00eda.<\/p>\n<h3>Mejorados<\/h3>\n<p>El mejor escenario para las peores condiciones. Nuestros contactores de pl\u00e1stico, mejorados, de alto rendimiento, para CC, est\u00e1n dise\u00f1ados y fabricados para soportar las condiciones m\u00e1s duras en aplicaciones pesadas como carros de golf y grandes veh\u00edculos para jardiner\u00eda.<\/p>\n<h3>Sellado con SureStart<\/h3>\n<p>Nuestro contactor de pl\u00e1stico SureStart, para CC, est\u00e1 sellado, es compacto y est\u00e1 dise\u00f1ado para arrancadores utilizados en veh\u00edculos robustos para la industria de los deportes de motor. Presentado en 2014, es el primer contactor de arranque de SMP Trombetta est\u00e1 dirigido a motocicletas, veh\u00edculos utilitarios (UTV), todo terreno (ATV) y motos de nieve.<\/p>\n","protected":false},"excerpt":{"rendered":"<p>&nbsp; &nbsp; &nbsp; La serie de pl\u00e1stico incluye versiones est\u00e1ndar, mejoradas y selladas de este producto. Todos los productos de pl\u00e1stico se construyen utilizando carcasas fuertes y resistentes a altas temperaturas, lo que da como resultado contactores de CC de alta eficiencia. Producidos en una variedad de tama\u00f1os y configuraciones de polos, estos contactores est\u00e1n&#8230; [&#8230;]<\/p>\n<p><a class=\"btn btn-secondary understrap-read-more-link\" href=\"https:\/\/www.smpengineeredsolutions.com\/es\/productos\/contactores-de-cc\/contactores-de-la-serie-de-plastico\/\">Leer m\u00e1s&#8230;<\/a><\/p>\n","protected":false},"author":27,"featured_media":0,"parent":5289,"menu_order":0,"comment_status":"closed","ping_status":"closed","template":"page-templates\/destination-content.php","meta":{"_acf_changed":false,"inline_featured_image":false,"footnotes":""},"class_list":["post-5300","page","type-page","status-publish","hentry"],"featured_image_src":null,"acf":[],"yoast_head":"<!-- This site is optimized with the Yoast SEO Premium plugin v27.4 (Yoast SEO v27.4) - https:\/\/yoast.com\/product\/yoast-seo-premium-wordpress\/ -->\n<title>Contactores de pl\u00e1stico | Contactores CC | Trombetta<\/title>\n<meta name=\"description\" content=\"Explore nuestra familia de contactores de pl\u00e1stico. Dise\u00f1ados y fabricados para soportar las duras condiciones de los veh\u00edculos de automatizaci\u00f3n m\u00e1s pesados.\" \/>\n<meta name=\"robots\" content=\"index, follow, max-snippet:-1, max-image-preview:large, max-video-preview:-1\" \/>\n<link rel=\"canonical\" href=\"https:\/\/www.smpengineeredsolutions.com\/es\/productos\/contactores-de-cc\/contactores-de-la-serie-de-plastico\/\" \/>\n<meta property=\"og:locale\" content=\"es_ES\" \/>\n<meta property=\"og:type\" content=\"article\" \/>\n<meta property=\"og:title\" content=\"Contactores de la serie de pl\u00e1stico\" \/>\n<meta property=\"og:description\" content=\"Explore nuestra familia de contactores de pl\u00e1stico. Dise\u00f1ados y fabricados para soportar las duras condiciones de los veh\u00edculos de automatizaci\u00f3n m\u00e1s pesados.\" \/>\n<meta property=\"og:url\" content=\"https:\/\/www.smpengineeredsolutions.com\/es\/productos\/contactores-de-cc\/contactores-de-la-serie-de-plastico\/\" \/>\n<meta property=\"og:site_name\" content=\"Standard Motor Products, Inc.\" \/>\n<meta property=\"article:modified_time\" content=\"2024-08-30T14:46:18+00:00\" \/>\n<meta property=\"og:image\" content=\"https:\/\/www.smpengineeredsolutions.com\/wp-content\/uploads\/SMP-Trombetta-4C-500x75.png\" \/>\n<meta name=\"twitter:label1\" content=\"Tiempo de lectura\" \/>\n\t<meta name=\"twitter:data1\" content=\"2 minutos\" \/>\n<script type=\"application\/ld+json\" class=\"yoast-schema-graph\">{\"@context\":\"https:\\\/\\\/schema.org\",\"@graph\":[{\"@type\":\"WebPage\",\"@id\":\"https:\\\/\\\/www.smpengineeredsolutions.com\\\/es\\\/productos\\\/contactores-de-cc\\\/contactores-de-la-serie-de-plastico\\\/\",\"url\":\"https:\\\/\\\/www.smpengineeredsolutions.com\\\/es\\\/productos\\\/contactores-de-cc\\\/contactores-de-la-serie-de-plastico\\\/\",\"name\":\"Contactores de pl\u00e1stico | Contactores CC | Trombetta\",\"isPartOf\":{\"@id\":\"https:\\\/\\\/www.a.smpengineeredsolutions.com\\\/#website\"},\"primaryImageOfPage\":{\"@id\":\"https:\\\/\\\/www.smpengineeredsolutions.com\\\/es\\\/productos\\\/contactores-de-cc\\\/contactores-de-la-serie-de-plastico\\\/#primaryimage\"},\"image\":{\"@id\":\"https:\\\/\\\/www.smpengineeredsolutions.com\\\/es\\\/productos\\\/contactores-de-cc\\\/contactores-de-la-serie-de-plastico\\\/#primaryimage\"},\"thumbnailUrl\":\"https:\\\/\\\/www.smpengineeredsolutions.com\\\/wp-content\\\/uploads\\\/SMP-Trombetta-4C-500x75.png\",\"datePublished\":\"2023-01-09T19:27:14+00:00\",\"dateModified\":\"2024-08-30T14:46:18+00:00\",\"description\":\"Explore nuestra familia de contactores de pl\u00e1stico. Dise\u00f1ados y fabricados para soportar las duras condiciones de los veh\u00edculos de automatizaci\u00f3n m\u00e1s pesados.\",\"breadcrumb\":{\"@id\":\"https:\\\/\\\/www.smpengineeredsolutions.com\\\/es\\\/productos\\\/contactores-de-cc\\\/contactores-de-la-serie-de-plastico\\\/#breadcrumb\"},\"inLanguage\":\"es\",\"potentialAction\":[{\"@type\":\"ReadAction\",\"target\":[\"https:\\\/\\\/www.smpengineeredsolutions.com\\\/es\\\/productos\\\/contactores-de-cc\\\/contactores-de-la-serie-de-plastico\\\/\"]}]},{\"@type\":\"ImageObject\",\"inLanguage\":\"es\",\"@id\":\"https:\\\/\\\/www.smpengineeredsolutions.com\\\/es\\\/productos\\\/contactores-de-cc\\\/contactores-de-la-serie-de-plastico\\\/#primaryimage\",\"url\":\"https:\\\/\\\/www.smpengineeredsolutions.com\\\/wp-content\\\/uploads\\\/SMP-Trombetta-4C-500x75.png\",\"contentUrl\":\"https:\\\/\\\/www.smpengineeredsolutions.com\\\/wp-content\\\/uploads\\\/SMP-Trombetta-4C-500x75.png\"},{\"@type\":\"BreadcrumbList\",\"@id\":\"https:\\\/\\\/www.smpengineeredsolutions.com\\\/es\\\/productos\\\/contactores-de-cc\\\/contactores-de-la-serie-de-plastico\\\/#breadcrumb\",\"itemListElement\":[{\"@type\":\"ListItem\",\"position\":1,\"name\":\"Home\",\"item\":\"https:\\\/\\\/www.smpengineeredsolutions.com\\\/es\\\/\"},{\"@type\":\"ListItem\",\"position\":2,\"name\":\"Productos\",\"item\":\"https:\\\/\\\/www.smpengineeredsolutions.com\\\/es\\\/productos\\\/\"},{\"@type\":\"ListItem\",\"position\":3,\"name\":\"Contactores de CC\",\"item\":\"https:\\\/\\\/www.3ec3a7a1-1e28-4a7f-941d-947624eef59a.smpengineeredsolutions.com\\\/es\\\/productos\\\/contactores-de-cc\\\/\"},{\"@type\":\"ListItem\",\"position\":4,\"name\":\"Contactores de la serie de pl\u00e1stico\"}]},{\"@type\":\"WebSite\",\"@id\":\"https:\\\/\\\/www.a.smpengineeredsolutions.com\\\/#website\",\"url\":\"https:\\\/\\\/www.a.smpengineeredsolutions.com\\\/\",\"name\":\"Standard Motor Products, Inc.\",\"description\":\"\",\"publisher\":{\"@id\":\"https:\\\/\\\/www.a.smpengineeredsolutions.com\\\/#organization\"},\"potentialAction\":[{\"@type\":\"SearchAction\",\"target\":{\"@type\":\"EntryPoint\",\"urlTemplate\":\"https:\\\/\\\/www.a.smpengineeredsolutions.com\\\/?s={search_term_string}\"},\"query-input\":{\"@type\":\"PropertyValueSpecification\",\"valueRequired\":true,\"valueName\":\"search_term_string\"}}],\"inLanguage\":\"es\"},{\"@type\":\"Organization\",\"@id\":\"https:\\\/\\\/www.a.smpengineeredsolutions.com\\\/#organization\",\"name\":\"SMP\u00ae Engineered Solutions\",\"url\":\"https:\\\/\\\/www.a.smpengineeredsolutions.com\\\/\",\"logo\":{\"@type\":\"ImageObject\",\"inLanguage\":\"es\",\"@id\":\"https:\\\/\\\/www.a.smpengineeredsolutions.com\\\/#\\\/schema\\\/logo\\\/image\\\/\",\"url\":\"https:\\\/\\\/www.a.smpengineeredsolutions.com\\\/wp-content\\\/uploads\\\/smp-logo.png\",\"contentUrl\":\"https:\\\/\\\/www.a.smpengineeredsolutions.com\\\/wp-content\\\/uploads\\\/smp-logo.png\",\"width\":264,\"height\":117,\"caption\":\"SMP\u00ae Engineered Solutions\"},\"image\":{\"@id\":\"https:\\\/\\\/www.a.smpengineeredsolutions.com\\\/#\\\/schema\\\/logo\\\/image\\\/\"},\"sameAs\":[\"https:\\\/\\\/www.youtube.com\\\/@StandardMotorProductsInc\",\"https:\\\/\\\/www.linkedin.com\\\/company\\\/standard-motor-products\"]}]}<\/script>\n<!-- \/ Yoast SEO Premium plugin. -->","yoast_head_json":{"title":"Contactores de pl\u00e1stico | Contactores CC | Trombetta","description":"Explore nuestra familia de contactores de pl\u00e1stico. Dise\u00f1ados y fabricados para soportar las duras condiciones de los veh\u00edculos de automatizaci\u00f3n m\u00e1s pesados.","robots":{"index":"index","follow":"follow","max-snippet":"max-snippet:-1","max-image-preview":"max-image-preview:large","max-video-preview":"max-video-preview:-1"},"canonical":"https:\/\/www.smpengineeredsolutions.com\/es\/productos\/contactores-de-cc\/contactores-de-la-serie-de-plastico\/","og_locale":"es_ES","og_type":"article","og_title":"Contactores de la serie de pl\u00e1stico","og_description":"Explore nuestra familia de contactores de pl\u00e1stico. Dise\u00f1ados y fabricados para soportar las duras condiciones de los veh\u00edculos de automatizaci\u00f3n m\u00e1s pesados.","og_url":"https:\/\/www.smpengineeredsolutions.com\/es\/productos\/contactores-de-cc\/contactores-de-la-serie-de-plastico\/","og_site_name":"Standard Motor Products, Inc.","article_modified_time":"2024-08-30T14:46:18+00:00","og_image":[{"url":"https:\/\/www.smpengineeredsolutions.com\/wp-content\/uploads\/SMP-Trombetta-4C-500x75.png","type":"","width":"","height":""}],"twitter_misc":{"Tiempo de lectura":"2 minutos"},"schema":{"@context":"https:\/\/schema.org","@graph":[{"@type":"WebPage","@id":"https:\/\/www.smpengineeredsolutions.com\/es\/productos\/contactores-de-cc\/contactores-de-la-serie-de-plastico\/","url":"https:\/\/www.smpengineeredsolutions.com\/es\/productos\/contactores-de-cc\/contactores-de-la-serie-de-plastico\/","name":"Contactores de pl\u00e1stico | Contactores CC | Trombetta","isPartOf":{"@id":"https:\/\/www.a.smpengineeredsolutions.com\/#website"},"primaryImageOfPage":{"@id":"https:\/\/www.smpengineeredsolutions.com\/es\/productos\/contactores-de-cc\/contactores-de-la-serie-de-plastico\/#primaryimage"},"image":{"@id":"https:\/\/www.smpengineeredsolutions.com\/es\/productos\/contactores-de-cc\/contactores-de-la-serie-de-plastico\/#primaryimage"},"thumbnailUrl":"https:\/\/www.smpengineeredsolutions.com\/wp-content\/uploads\/SMP-Trombetta-4C-500x75.png","datePublished":"2023-01-09T19:27:14+00:00","dateModified":"2024-08-30T14:46:18+00:00","description":"Explore nuestra familia de contactores de pl\u00e1stico. Dise\u00f1ados y fabricados para soportar las duras condiciones de los veh\u00edculos de automatizaci\u00f3n m\u00e1s pesados.","breadcrumb":{"@id":"https:\/\/www.smpengineeredsolutions.com\/es\/productos\/contactores-de-cc\/contactores-de-la-serie-de-plastico\/#breadcrumb"},"inLanguage":"es","potentialAction":[{"@type":"ReadAction","target":["https:\/\/www.smpengineeredsolutions.com\/es\/productos\/contactores-de-cc\/contactores-de-la-serie-de-plastico\/"]}]},{"@type":"ImageObject","inLanguage":"es","@id":"https:\/\/www.smpengineeredsolutions.com\/es\/productos\/contactores-de-cc\/contactores-de-la-serie-de-plastico\/#primaryimage","url":"https:\/\/www.smpengineeredsolutions.com\/wp-content\/uploads\/SMP-Trombetta-4C-500x75.png","contentUrl":"https:\/\/www.smpengineeredsolutions.com\/wp-content\/uploads\/SMP-Trombetta-4C-500x75.png"},{"@type":"BreadcrumbList","@id":"https:\/\/www.smpengineeredsolutions.com\/es\/productos\/contactores-de-cc\/contactores-de-la-serie-de-plastico\/#breadcrumb","itemListElement":[{"@type":"ListItem","position":1,"name":"Home","item":"https:\/\/www.smpengineeredsolutions.com\/es\/"},{"@type":"ListItem","position":2,"name":"Productos","item":"https:\/\/www.smpengineeredsolutions.com\/es\/productos\/"},{"@type":"ListItem","position":3,"name":"Contactores de CC","item":"https:\/\/www.3ec3a7a1-1e28-4a7f-941d-947624eef59a.smpengineeredsolutions.com\/es\/productos\/contactores-de-cc\/"},{"@type":"ListItem","position":4,"name":"Contactores de la serie de pl\u00e1stico"}]},{"@type":"WebSite","@id":"https:\/\/www.a.smpengineeredsolutions.com\/#website","url":"https:\/\/www.a.smpengineeredsolutions.com\/","name":"Standard Motor Products, Inc.","description":"","publisher":{"@id":"https:\/\/www.a.smpengineeredsolutions.com\/#organization"},"potentialAction":[{"@type":"SearchAction","target":{"@type":"EntryPoint","urlTemplate":"https:\/\/www.a.smpengineeredsolutions.com\/?s={search_term_string}"},"query-input":{"@type":"PropertyValueSpecification","valueRequired":true,"valueName":"search_term_string"}}],"inLanguage":"es"},{"@type":"Organization","@id":"https:\/\/www.a.smpengineeredsolutions.com\/#organization","name":"SMP\u00ae Engineered Solutions","url":"https:\/\/www.a.smpengineeredsolutions.com\/","logo":{"@type":"ImageObject","inLanguage":"es","@id":"https:\/\/www.a.smpengineeredsolutions.com\/#\/schema\/logo\/image\/","url":"https:\/\/www.a.smpengineeredsolutions.com\/wp-content\/uploads\/smp-logo.png","contentUrl":"https:\/\/www.a.smpengineeredsolutions.com\/wp-content\/uploads\/smp-logo.png","width":264,"height":117,"caption":"SMP\u00ae Engineered Solutions"},"image":{"@id":"https:\/\/www.a.smpengineeredsolutions.com\/#\/schema\/logo\/image\/"},"sameAs":["https:\/\/www.youtube.com\/@StandardMotorProductsInc","https:\/\/www.linkedin.com\/company\/standard-motor-products"]}]}},"_links":{"self":[{"href":"https:\/\/www.smpengineeredsolutions.com\/es\/wp-json\/wp\/v2\/pages\/5300","targetHints":{"allow":["GET"]}}],"collection":[{"href":"https:\/\/www.smpengineeredsolutions.com\/es\/wp-json\/wp\/v2\/pages"}],"about":[{"href":"https:\/\/www.smpengineeredsolutions.com\/es\/wp-json\/wp\/v2\/types\/page"}],"author":[{"embeddable":true,"href":"https:\/\/www.smpengineeredsolutions.com\/es\/wp-json\/wp\/v2\/users\/27"}],"replies":[{"embeddable":true,"href":"https:\/\/www.smpengineeredsolutions.com\/es\/wp-json\/wp\/v2\/comments?post=5300"}],"version-history":[{"count":1,"href":"https:\/\/www.smpengineeredsolutions.com\/es\/wp-json\/wp\/v2\/pages\/5300\/revisions"}],"predecessor-version":[{"id":7281,"href":"https:\/\/www.smpengineeredsolutions.com\/es\/wp-json\/wp\/v2\/pages\/5300\/revisions\/7281"}],"up":[{"embeddable":true,"href":"https:\/\/www.smpengineeredsolutions.com\/es\/wp-json\/wp\/v2\/pages\/5289"}],"wp:attachment":[{"href":"https:\/\/www.smpengineeredsolutions.com\/es\/wp-json\/wp\/v2\/media?parent=5300"}],"curies":[{"name":"wp","href":"https:\/\/api.w.org\/{rel}","templated":true}]}}