{"id":5295,"date":"2023-01-09T14:03:35","date_gmt":"2023-01-09T19:03:35","guid":{"rendered":"https:\/\/smpengineeredsolutions.com\/?page_id=5295"},"modified":"2025-01-09T12:59:46","modified_gmt":"2025-01-09T17:59:46","slug":"contactores-de-la-serie-defender","status":"publish","type":"page","link":"https:\/\/www.smpengineeredsolutions.com\/es\/productos\/contactores-de-cc\/contactores-de-la-serie-defender\/","title":{"rendered":"Contactores de la serie Defender"},"content":{"rendered":"<div class=\"feature-img-right\"><img loading=\"lazy\" decoding=\"async\" class=\"wp-image-4532 alignright\" src=\"https:\/\/www.smpengineeredsolutions.com\/wp-content\/uploads\/Defender-Family.png\" alt=\"Contactores duraderos de la familia Defender para veh\u00edculos pesados de SMP Engineered Solutions.\" width=\"361\" height=\"262\" \/><\/div>\n<h2>Contactores de la serie Defender<\/h2>\n<p>Confiables y resistente, el contactor de la serie Defender es su soluci\u00f3n de rel\u00e9 de potencia principal. Con un solo punto de conmutaci\u00f3n del rel\u00e9, est\u00e1 dise\u00f1ado con supresi\u00f3n de oscilaciones transitorias de la tensi\u00f3n (TVS) integrada y puede manejar corrientes tan bajas como 350 miliamperios y tan altas como 200 amperios (consulte el dibujo). El Defender es perfecto para aplicaciones como equipos agr\u00edcolas y de construcci\u00f3n, y veh\u00edculos de emergencia.<\/p>\n<h3>El contactor familiar Defender est\u00e1 hecho para rendir<\/h3>\n<ul>\n<li>El Defender est\u00e1 herm\u00e9ticamente sellado para garantizar un arranque fiable en las condiciones m\u00e1s duras.<\/li>\n<li>Este dise\u00f1o patentado ha demostrado que proporciona una conmutaci\u00f3n constante de corrientes bajas incluso a temperaturas extremadamente bajas.<\/li>\n<li>Suficientemente duradero para proteger los componentes sensibles de cualquier sistema<\/li>\n<li>Protege la resistencia el\u00e9ctrica<\/li>\n<li>Corriente de transporte de hasta 350 miliamperios<\/li>\n<li>Alta corriente de 200 amperios<\/li>\n<li>Incluye supresi\u00f3n de tensi\u00f3n transitoria (TVS) que protege los componentes sensibles del sistema<\/li>\n<\/ul>\n<h3>Aplicaci\u00f3n com\u00fan<\/h3>\n<p>Nuestro Defender est\u00e1 construido con una dureza extrema aplicable a su sistema el\u00e9ctrico. Es adecuado para equipos todoterreno y de emergencia.<\/p>\n<ul>\n<li>Camiones de bomberos<\/li>\n<li>M\u00e1quina para movimiento de tierras<\/li>\n<li>Agricultura y construcci\u00f3n<\/li>\n<\/ul>\n<h4>Preguntas frecuentes<\/h4>\n<p><strong>\u00bfQu\u00e9 es un Defensor del Contacto Familiar?<\/strong><\/p>\n<p>Un contactor de la familia Defender es un dispositivo de conmutaci\u00f3n el\u00e9ctrica que maneja circuitos el\u00e9ctricos encendi\u00e9ndolos o apag\u00e1ndolos.<\/p>\n<p><strong>\u00bfCu\u00e1l es el rango de temperatura de funcionamiento del contactor de la familia Defender?<\/strong><\/p>\n<p>-40\u00b0 C to 85\u00b0 C<\/p>\n<p><strong>\u00bfQu\u00e9 tipo de funciones de protecci\u00f3n ofrece Defender Family Contactor?<\/strong><\/p>\n<p>El contactor de la familia Defender incorpora supresi\u00f3n de tensi\u00f3n transitoria (TVS) y puede soportar corrientes desde 350 miliamperios hasta 200 amperios.<\/p>\n<p><strong>\u00bfPara qu\u00e9 se utilizan habitualmente los contactores de la familia Defender?<\/strong><\/p>\n<p>Se utilizan para equipos todoterreno y de emergencia que incluyen, agricultura, construcci\u00f3n, camiones de bomberos.<\/p>\n<p><img loading=\"lazy\" decoding=\"async\" class=\"alignnone wp-image-4564\" src=\"https:\/\/www.smpengineeredsolutions.com\/wp-content\/uploads\/SMP-Trombetta-4C-500x75.png\" alt=\"\" width=\"373\" height=\"56\" srcset=\"https:\/\/www.smpengineeredsolutions.com\/wp-content\/uploads\/SMP-Trombetta-4C-500x75.png 500w, https:\/\/www.smpengineeredsolutions.com\/wp-content\/uploads\/SMP-Trombetta-4C-1024x154.png 1024w, https:\/\/www.smpengineeredsolutions.com\/wp-content\/uploads\/SMP-Trombetta-4C-768x116.png 768w, https:\/\/www.smpengineeredsolutions.com\/wp-content\/uploads\/SMP-Trombetta-4C-1536x231.png 1536w, https:\/\/www.smpengineeredsolutions.com\/wp-content\/uploads\/SMP-Trombetta-4C-2048x309.png 2048w\" sizes=\"auto, (max-width: 373px) 100vw, 373px\" \/><\/p>\n","protected":false},"excerpt":{"rendered":"<p>Contactores de la serie Defender Confiables y resistente, el contactor de la serie Defender es su soluci\u00f3n de rel\u00e9 de potencia principal. Con un solo punto de conmutaci\u00f3n del rel\u00e9, est\u00e1 dise\u00f1ado con supresi\u00f3n de oscilaciones transitorias de la tensi\u00f3n (TVS) integrada y puede manejar corrientes tan bajas como 350 miliamperios y tan altas como&#8230; [&#8230;]<\/p>\n<p><a class=\"btn btn-secondary understrap-read-more-link\" href=\"https:\/\/www.smpengineeredsolutions.com\/es\/productos\/contactores-de-cc\/contactores-de-la-serie-defender\/\">Leer m\u00e1s&#8230;<\/a><\/p>\n","protected":false},"author":27,"featured_media":0,"parent":5289,"menu_order":0,"comment_status":"closed","ping_status":"closed","template":"page-templates\/destination-content.php","meta":{"_acf_changed":false,"inline_featured_image":false,"footnotes":""},"class_list":["post-5295","page","type-page","status-publish","hentry"],"featured_image_src":null,"acf":[],"yoast_head":"<!-- This site is optimized with the Yoast SEO Premium plugin v27.5 (Yoast SEO v27.5) - https:\/\/yoast.com\/product\/yoast-seo-premium-wordpress\/ -->\n<title>Contactores de la familia Defender | Contactores CC | Trombetta<\/title>\n<meta name=\"description\" content=\"Explore nuestros contactores de la familia Defender. Fiable y resistente, el contactor de la serie Defender es su soluci\u00f3n de rel\u00e9 de potencia principal. M\u00e1s informaci\u00f3n\" \/>\n<meta name=\"robots\" content=\"index, follow, max-snippet:-1, max-image-preview:large, max-video-preview:-1\" \/>\n<link rel=\"canonical\" href=\"https:\/\/www.smpengineeredsolutions.com\/es\/productos\/contactores-de-cc\/contactores-de-la-serie-defender\/\" \/>\n<meta property=\"og:locale\" content=\"es_ES\" \/>\n<meta property=\"og:type\" content=\"article\" \/>\n<meta property=\"og:title\" content=\"Contactores de la serie Defender\" \/>\n<meta property=\"og:description\" content=\"Explore nuestros contactores de la familia Defender. Fiable y resistente, el contactor de la serie Defender es su soluci\u00f3n de rel\u00e9 de potencia principal. M\u00e1s informaci\u00f3n\" \/>\n<meta property=\"og:url\" content=\"https:\/\/www.smpengineeredsolutions.com\/es\/productos\/contactores-de-cc\/contactores-de-la-serie-defender\/\" \/>\n<meta property=\"og:site_name\" content=\"Standard Motor Products, Inc.\" \/>\n<meta property=\"article:modified_time\" content=\"2025-01-09T17:59:46+00:00\" \/>\n<meta property=\"og:image\" content=\"https:\/\/www.smpengineeredsolutions.com\/wp-content\/uploads\/Defender-Family.png\" \/>\n<meta name=\"twitter:label1\" content=\"Tiempo de lectura\" \/>\n\t<meta name=\"twitter:data1\" content=\"2 minutos\" \/>\n<script type=\"application\/ld+json\" class=\"yoast-schema-graph\">{\"@context\":\"https:\\\/\\\/schema.org\",\"@graph\":[{\"@type\":\"WebPage\",\"@id\":\"https:\\\/\\\/www.smpengineeredsolutions.com\\\/es\\\/productos\\\/contactores-de-cc\\\/contactores-de-la-serie-defender\\\/\",\"url\":\"https:\\\/\\\/www.smpengineeredsolutions.com\\\/es\\\/productos\\\/contactores-de-cc\\\/contactores-de-la-serie-defender\\\/\",\"name\":\"Contactores de la familia Defender | Contactores CC | Trombetta\",\"isPartOf\":{\"@id\":\"https:\\\/\\\/www.smpengineeredsolutions.com\\\/es\\\/#website\"},\"primaryImageOfPage\":{\"@id\":\"https:\\\/\\\/www.smpengineeredsolutions.com\\\/es\\\/productos\\\/contactores-de-cc\\\/contactores-de-la-serie-defender\\\/#primaryimage\"},\"image\":{\"@id\":\"https:\\\/\\\/www.smpengineeredsolutions.com\\\/es\\\/productos\\\/contactores-de-cc\\\/contactores-de-la-serie-defender\\\/#primaryimage\"},\"thumbnailUrl\":\"https:\\\/\\\/www.smpengineeredsolutions.com\\\/wp-content\\\/uploads\\\/Defender-Family.png\",\"datePublished\":\"2023-01-09T19:03:35+00:00\",\"dateModified\":\"2025-01-09T17:59:46+00:00\",\"description\":\"Explore nuestros contactores de la familia Defender. Fiable y resistente, el contactor de la serie Defender es su soluci\u00f3n de rel\u00e9 de potencia principal. M\u00e1s informaci\u00f3n\",\"breadcrumb\":{\"@id\":\"https:\\\/\\\/www.smpengineeredsolutions.com\\\/es\\\/productos\\\/contactores-de-cc\\\/contactores-de-la-serie-defender\\\/#breadcrumb\"},\"inLanguage\":\"es\",\"potentialAction\":[{\"@type\":\"ReadAction\",\"target\":[\"https:\\\/\\\/www.smpengineeredsolutions.com\\\/es\\\/productos\\\/contactores-de-cc\\\/contactores-de-la-serie-defender\\\/\"]}]},{\"@type\":\"ImageObject\",\"inLanguage\":\"es\",\"@id\":\"https:\\\/\\\/www.smpengineeredsolutions.com\\\/es\\\/productos\\\/contactores-de-cc\\\/contactores-de-la-serie-defender\\\/#primaryimage\",\"url\":\"https:\\\/\\\/www.smpengineeredsolutions.com\\\/wp-content\\\/uploads\\\/Defender-Family.png\",\"contentUrl\":\"https:\\\/\\\/www.smpengineeredsolutions.com\\\/wp-content\\\/uploads\\\/Defender-Family.png\"},{\"@type\":\"BreadcrumbList\",\"@id\":\"https:\\\/\\\/www.smpengineeredsolutions.com\\\/es\\\/productos\\\/contactores-de-cc\\\/contactores-de-la-serie-defender\\\/#breadcrumb\",\"itemListElement\":[{\"@type\":\"ListItem\",\"position\":1,\"name\":\"Home\",\"item\":\"https:\\\/\\\/www.tcp.smpengineeredsolutions.com\\\/es\\\/\"},{\"@type\":\"ListItem\",\"position\":2,\"name\":\"Productos\",\"item\":\"https:\\\/\\\/www.tcp.smpengineeredsolutions.com\\\/es\\\/productos\\\/\"},{\"@type\":\"ListItem\",\"position\":3,\"name\":\"Contactores de CC\",\"item\":\"https:\\\/\\\/www.a.smpengineeredsolutions.com\\\/es\\\/productos\\\/contactores-de-cc\\\/\"},{\"@type\":\"ListItem\",\"position\":4,\"name\":\"Contactores de la serie Defender\"}]},{\"@type\":\"WebSite\",\"@id\":\"https:\\\/\\\/www.smpengineeredsolutions.com\\\/es\\\/#website\",\"url\":\"https:\\\/\\\/www.smpengineeredsolutions.com\\\/es\\\/\",\"name\":\"Standard Motor Products, Inc.\",\"description\":\"\",\"publisher\":{\"@id\":\"https:\\\/\\\/www.smpengineeredsolutions.com\\\/es\\\/#organization\"},\"potentialAction\":[{\"@type\":\"SearchAction\",\"target\":{\"@type\":\"EntryPoint\",\"urlTemplate\":\"https:\\\/\\\/www.smpengineeredsolutions.com\\\/es\\\/?s={search_term_string}\"},\"query-input\":{\"@type\":\"PropertyValueSpecification\",\"valueRequired\":true,\"valueName\":\"search_term_string\"}}],\"inLanguage\":\"es\"},{\"@type\":\"Organization\",\"@id\":\"https:\\\/\\\/www.smpengineeredsolutions.com\\\/es\\\/#organization\",\"name\":\"SMP\u00ae Engineered Solutions\",\"url\":\"https:\\\/\\\/www.smpengineeredsolutions.com\\\/es\\\/\",\"logo\":{\"@type\":\"ImageObject\",\"inLanguage\":\"es\",\"@id\":\"https:\\\/\\\/www.smpengineeredsolutions.com\\\/es\\\/#\\\/schema\\\/logo\\\/image\\\/\",\"url\":\"https:\\\/\\\/www.a.smpengineeredsolutions.com\\\/wp-content\\\/uploads\\\/smp-logo.png\",\"contentUrl\":\"https:\\\/\\\/www.a.smpengineeredsolutions.com\\\/wp-content\\\/uploads\\\/smp-logo.png\",\"width\":264,\"height\":117,\"caption\":\"SMP\u00ae Engineered Solutions\"},\"image\":{\"@id\":\"https:\\\/\\\/www.smpengineeredsolutions.com\\\/es\\\/#\\\/schema\\\/logo\\\/image\\\/\"},\"sameAs\":[\"https:\\\/\\\/www.youtube.com\\\/@StandardMotorProductsInc\",\"https:\\\/\\\/www.linkedin.com\\\/company\\\/standard-motor-products\"]}]}<\/script>\n<!-- \/ Yoast SEO Premium plugin. -->","yoast_head_json":{"title":"Contactores de la familia Defender | Contactores CC | Trombetta","description":"Explore nuestros contactores de la familia Defender. Fiable y resistente, el contactor de la serie Defender es su soluci\u00f3n de rel\u00e9 de potencia principal. M\u00e1s informaci\u00f3n","robots":{"index":"index","follow":"follow","max-snippet":"max-snippet:-1","max-image-preview":"max-image-preview:large","max-video-preview":"max-video-preview:-1"},"canonical":"https:\/\/www.smpengineeredsolutions.com\/es\/productos\/contactores-de-cc\/contactores-de-la-serie-defender\/","og_locale":"es_ES","og_type":"article","og_title":"Contactores de la serie Defender","og_description":"Explore nuestros contactores de la familia Defender. Fiable y resistente, el contactor de la serie Defender es su soluci\u00f3n de rel\u00e9 de potencia principal. M\u00e1s informaci\u00f3n","og_url":"https:\/\/www.smpengineeredsolutions.com\/es\/productos\/contactores-de-cc\/contactores-de-la-serie-defender\/","og_site_name":"Standard Motor Products, Inc.","article_modified_time":"2025-01-09T17:59:46+00:00","og_image":[{"url":"https:\/\/www.smpengineeredsolutions.com\/wp-content\/uploads\/Defender-Family.png","type":"","width":"","height":""}],"twitter_misc":{"Tiempo de lectura":"2 minutos"},"schema":{"@context":"https:\/\/schema.org","@graph":[{"@type":"WebPage","@id":"https:\/\/www.smpengineeredsolutions.com\/es\/productos\/contactores-de-cc\/contactores-de-la-serie-defender\/","url":"https:\/\/www.smpengineeredsolutions.com\/es\/productos\/contactores-de-cc\/contactores-de-la-serie-defender\/","name":"Contactores de la familia Defender | Contactores CC | Trombetta","isPartOf":{"@id":"https:\/\/www.smpengineeredsolutions.com\/es\/#website"},"primaryImageOfPage":{"@id":"https:\/\/www.smpengineeredsolutions.com\/es\/productos\/contactores-de-cc\/contactores-de-la-serie-defender\/#primaryimage"},"image":{"@id":"https:\/\/www.smpengineeredsolutions.com\/es\/productos\/contactores-de-cc\/contactores-de-la-serie-defender\/#primaryimage"},"thumbnailUrl":"https:\/\/www.smpengineeredsolutions.com\/wp-content\/uploads\/Defender-Family.png","datePublished":"2023-01-09T19:03:35+00:00","dateModified":"2025-01-09T17:59:46+00:00","description":"Explore nuestros contactores de la familia Defender. Fiable y resistente, el contactor de la serie Defender es su soluci\u00f3n de rel\u00e9 de potencia principal. M\u00e1s informaci\u00f3n","breadcrumb":{"@id":"https:\/\/www.smpengineeredsolutions.com\/es\/productos\/contactores-de-cc\/contactores-de-la-serie-defender\/#breadcrumb"},"inLanguage":"es","potentialAction":[{"@type":"ReadAction","target":["https:\/\/www.smpengineeredsolutions.com\/es\/productos\/contactores-de-cc\/contactores-de-la-serie-defender\/"]}]},{"@type":"ImageObject","inLanguage":"es","@id":"https:\/\/www.smpengineeredsolutions.com\/es\/productos\/contactores-de-cc\/contactores-de-la-serie-defender\/#primaryimage","url":"https:\/\/www.smpengineeredsolutions.com\/wp-content\/uploads\/Defender-Family.png","contentUrl":"https:\/\/www.smpengineeredsolutions.com\/wp-content\/uploads\/Defender-Family.png"},{"@type":"BreadcrumbList","@id":"https:\/\/www.smpengineeredsolutions.com\/es\/productos\/contactores-de-cc\/contactores-de-la-serie-defender\/#breadcrumb","itemListElement":[{"@type":"ListItem","position":1,"name":"Home","item":"https:\/\/www.tcp.smpengineeredsolutions.com\/es\/"},{"@type":"ListItem","position":2,"name":"Productos","item":"https:\/\/www.tcp.smpengineeredsolutions.com\/es\/productos\/"},{"@type":"ListItem","position":3,"name":"Contactores de CC","item":"https:\/\/www.a.smpengineeredsolutions.com\/es\/productos\/contactores-de-cc\/"},{"@type":"ListItem","position":4,"name":"Contactores de la serie Defender"}]},{"@type":"WebSite","@id":"https:\/\/www.smpengineeredsolutions.com\/es\/#website","url":"https:\/\/www.smpengineeredsolutions.com\/es\/","name":"Standard Motor Products, Inc.","description":"","publisher":{"@id":"https:\/\/www.smpengineeredsolutions.com\/es\/#organization"},"potentialAction":[{"@type":"SearchAction","target":{"@type":"EntryPoint","urlTemplate":"https:\/\/www.smpengineeredsolutions.com\/es\/?s={search_term_string}"},"query-input":{"@type":"PropertyValueSpecification","valueRequired":true,"valueName":"search_term_string"}}],"inLanguage":"es"},{"@type":"Organization","@id":"https:\/\/www.smpengineeredsolutions.com\/es\/#organization","name":"SMP\u00ae Engineered Solutions","url":"https:\/\/www.smpengineeredsolutions.com\/es\/","logo":{"@type":"ImageObject","inLanguage":"es","@id":"https:\/\/www.smpengineeredsolutions.com\/es\/#\/schema\/logo\/image\/","url":"https:\/\/www.a.smpengineeredsolutions.com\/wp-content\/uploads\/smp-logo.png","contentUrl":"https:\/\/www.a.smpengineeredsolutions.com\/wp-content\/uploads\/smp-logo.png","width":264,"height":117,"caption":"SMP\u00ae Engineered Solutions"},"image":{"@id":"https:\/\/www.smpengineeredsolutions.com\/es\/#\/schema\/logo\/image\/"},"sameAs":["https:\/\/www.youtube.com\/@StandardMotorProductsInc","https:\/\/www.linkedin.com\/company\/standard-motor-products"]}]}},"_links":{"self":[{"href":"https:\/\/www.smpengineeredsolutions.com\/es\/wp-json\/wp\/v2\/pages\/5295","targetHints":{"allow":["GET"]}}],"collection":[{"href":"https:\/\/www.smpengineeredsolutions.com\/es\/wp-json\/wp\/v2\/pages"}],"about":[{"href":"https:\/\/www.smpengineeredsolutions.com\/es\/wp-json\/wp\/v2\/types\/page"}],"author":[{"embeddable":true,"href":"https:\/\/www.smpengineeredsolutions.com\/es\/wp-json\/wp\/v2\/users\/27"}],"replies":[{"embeddable":true,"href":"https:\/\/www.smpengineeredsolutions.com\/es\/wp-json\/wp\/v2\/comments?post=5295"}],"version-history":[{"count":3,"href":"https:\/\/www.smpengineeredsolutions.com\/es\/wp-json\/wp\/v2\/pages\/5295\/revisions"}],"predecessor-version":[{"id":7652,"href":"https:\/\/www.smpengineeredsolutions.com\/es\/wp-json\/wp\/v2\/pages\/5295\/revisions\/7652"}],"up":[{"embeddable":true,"href":"https:\/\/www.smpengineeredsolutions.com\/es\/wp-json\/wp\/v2\/pages\/5289"}],"wp:attachment":[{"href":"https:\/\/www.smpengineeredsolutions.com\/es\/wp-json\/wp\/v2\/media?parent=5295"}],"curies":[{"name":"wp","href":"https:\/\/api.w.org\/{rel}","templated":true}]}}