{"id":5292,"date":"2023-01-27T13:59:43","date_gmt":"2023-01-27T18:59:43","guid":{"rendered":"https:\/\/smpengineeredsolutions.com\/?page_id=5292"},"modified":"2025-02-25T10:19:11","modified_gmt":"2025-02-25T15:19:11","slug":"separador-de-baterias-con-enclavamiento-de-200-a","status":"publish","type":"page","link":"https:\/\/www.smpengineeredsolutions.com\/es\/productos\/contactores-de-cc\/otros-productos-de-contactores-de-cc\/separador-de-baterias-con-enclavamiento-de-200-a\/","title":{"rendered":"Separador de bater\u00edas con enclavamiento de 200 A"},"content":{"rendered":"<div class=\"feature-img-right\"><a class=\"lightbox\" href=\"\/wp-content\/uploads\/Battery-Separator-1.jpg\"><img loading=\"lazy\" decoding=\"async\" class=\"\" title=\"Separador de bater\u00edas\" src=\"\/wp-content\/uploads\/Battery-Separator-1.jpg\" alt=\"Separador de bater\u00edas\" width=\"315\" height=\"292\" \/><\/a><\/div>\n<h2>Separador de bater\u00edas con enclavamiento de 200 A<\/h2>\n<p>Este dispositivo controla las tensiones en ambos terminales M8 cada segundo. Abrir\u00e1 o cerrar\u00e1 los contactos tras periodos de retardo especificados s\u00f3lo si las tensiones est\u00e1n dentro de los par\u00e1metros especificados. Esto elimina la reacci\u00f3n a oscilaciones transitorias y fluctuaciones de tensi\u00f3n a corto plazo. Excepto por un breve pulso de 8 amperios cuando se inicia la carga, el dispositivo consume menos de 1 mA cuando est\u00e1 abierto y no m\u00e1s de 10 mA cuando est\u00e1 cerrado.<\/p>\n","protected":false},"excerpt":{"rendered":"<p>Separador de bater\u00edas con enclavamiento de 200 A Este dispositivo controla las tensiones en ambos terminales M8 cada segundo. Abrir\u00e1 o cerrar\u00e1 los contactos tras periodos de retardo especificados s\u00f3lo si las tensiones est\u00e1n dentro de los par\u00e1metros especificados. Esto elimina la reacci\u00f3n a oscilaciones transitorias y fluctuaciones de tensi\u00f3n a corto plazo. Excepto por&#8230; [&#8230;]<\/p>\n<p><a class=\"btn btn-secondary understrap-read-more-link\" href=\"https:\/\/www.smpengineeredsolutions.com\/es\/productos\/contactores-de-cc\/otros-productos-de-contactores-de-cc\/separador-de-baterias-con-enclavamiento-de-200-a\/\">Leer m\u00e1s&#8230;<\/a><\/p>\n","protected":false},"author":27,"featured_media":0,"parent":5290,"menu_order":0,"comment_status":"closed","ping_status":"closed","template":"page-templates\/destination-content.php","meta":{"_acf_changed":false,"inline_featured_image":false,"footnotes":""},"class_list":["post-5292","page","type-page","status-publish","hentry"],"featured_image_src":null,"acf":[],"yoast_head":"<!-- This site is optimized with the Yoast SEO Premium plugin v27.2 (Yoast SEO v27.2) - https:\/\/yoast.com\/product\/yoast-seo-premium-wordpress\/ -->\n<title>Separador de bater\u00edas con enclavamiento 200A | Contactor CC<\/title>\n<meta name=\"description\" content=\"Explore nuestro separador de bater\u00edas con enclavamiento de 200 A. Este dispositivo supervisa las tensiones en ambos terminales M8 cada segundo. M\u00e1s informaci\u00f3n\" \/>\n<meta name=\"robots\" content=\"index, follow, max-snippet:-1, max-image-preview:large, max-video-preview:-1\" \/>\n<link rel=\"canonical\" href=\"https:\/\/www.smpengineeredsolutions.com\/es\/productos\/contactores-de-cc\/otros-productos-de-contactores-de-cc\/separador-de-baterias-con-enclavamiento-de-200-a\/\" \/>\n<meta property=\"og:locale\" content=\"es_ES\" \/>\n<meta property=\"og:type\" content=\"article\" \/>\n<meta property=\"og:title\" content=\"Separador de bater\u00edas con enclavamiento de 200 A\" \/>\n<meta property=\"og:description\" content=\"Explore nuestro separador de bater\u00edas con enclavamiento de 200 A. Este dispositivo supervisa las tensiones en ambos terminales M8 cada segundo. M\u00e1s informaci\u00f3n\" \/>\n<meta property=\"og:url\" content=\"https:\/\/www.smpengineeredsolutions.com\/es\/productos\/contactores-de-cc\/otros-productos-de-contactores-de-cc\/separador-de-baterias-con-enclavamiento-de-200-a\/\" \/>\n<meta property=\"og:site_name\" content=\"Standard Motor Products, Inc.\" \/>\n<meta property=\"article:modified_time\" content=\"2025-02-25T15:19:11+00:00\" \/>\n<meta name=\"twitter:label1\" content=\"Tiempo de lectura\" \/>\n\t<meta name=\"twitter:data1\" content=\"1 minuto\" \/>\n<script type=\"application\/ld+json\" class=\"yoast-schema-graph\">{\"@context\":\"https:\/\/schema.org\",\"@graph\":[{\"@type\":\"WebPage\",\"@id\":\"https:\/\/www.smpengineeredsolutions.com\/es\/productos\/contactores-de-cc\/otros-productos-de-contactores-de-cc\/separador-de-baterias-con-enclavamiento-de-200-a\/\",\"url\":\"https:\/\/www.smpengineeredsolutions.com\/es\/productos\/contactores-de-cc\/otros-productos-de-contactores-de-cc\/separador-de-baterias-con-enclavamiento-de-200-a\/\",\"name\":\"Separador de bater\u00edas con enclavamiento 200A | Contactor CC\",\"isPartOf\":{\"@id\":\"https:\/\/www.96ce9a62-fe5f-4a67-a933-f08256570101.a.smpengineeredsolutions.com\/#website\"},\"datePublished\":\"2023-01-27T18:59:43+00:00\",\"dateModified\":\"2025-02-25T15:19:11+00:00\",\"description\":\"Explore nuestro separador de bater\u00edas con enclavamiento de 200 A. Este dispositivo supervisa las tensiones en ambos terminales M8 cada segundo. M\u00e1s informaci\u00f3n\",\"breadcrumb\":{\"@id\":\"https:\/\/www.smpengineeredsolutions.com\/es\/productos\/contactores-de-cc\/otros-productos-de-contactores-de-cc\/separador-de-baterias-con-enclavamiento-de-200-a\/#breadcrumb\"},\"inLanguage\":\"es\",\"potentialAction\":[{\"@type\":\"ReadAction\",\"target\":[\"https:\/\/www.smpengineeredsolutions.com\/es\/productos\/contactores-de-cc\/otros-productos-de-contactores-de-cc\/separador-de-baterias-con-enclavamiento-de-200-a\/\"]}]},{\"@type\":\"BreadcrumbList\",\"@id\":\"https:\/\/www.smpengineeredsolutions.com\/es\/productos\/contactores-de-cc\/otros-productos-de-contactores-de-cc\/separador-de-baterias-con-enclavamiento-de-200-a\/#breadcrumb\",\"itemListElement\":[{\"@type\":\"ListItem\",\"position\":1,\"name\":\"Home\",\"item\":\"https:\/\/www.smpengineeredsolutions.com\/es\/\"},{\"@type\":\"ListItem\",\"position\":2,\"name\":\"Productos\",\"item\":\"https:\/\/www.smpengineeredsolutions.com\/es\/productos\/\"},{\"@type\":\"ListItem\",\"position\":3,\"name\":\"Contactores de CC\",\"item\":\"https:\/\/www.gmail.smpengineeredsolutions.com\/es\/productos\/contactores-de-cc\/\"},{\"@type\":\"ListItem\",\"position\":4,\"name\":\"Otros productos de contactores de CC\",\"item\":\"https:\/\/www._whoispp._tcp.smpengineeredsolutions.com\/es\/productos\/contactores-de-cc\/otros-productos-de-contactores-de-cc\/\"},{\"@type\":\"ListItem\",\"position\":5,\"name\":\"Separador de bater\u00edas con enclavamiento de 200 A\"}]},{\"@type\":\"WebSite\",\"@id\":\"https:\/\/www.96ce9a62-fe5f-4a67-a933-f08256570101.a.smpengineeredsolutions.com\/#website\",\"url\":\"https:\/\/www.96ce9a62-fe5f-4a67-a933-f08256570101.a.smpengineeredsolutions.com\/\",\"name\":\"Standard Motor Products, Inc.\",\"description\":\"\",\"publisher\":{\"@id\":\"https:\/\/www.96ce9a62-fe5f-4a67-a933-f08256570101.a.smpengineeredsolutions.com\/#organization\"},\"potentialAction\":[{\"@type\":\"SearchAction\",\"target\":{\"@type\":\"EntryPoint\",\"urlTemplate\":\"https:\/\/www.96ce9a62-fe5f-4a67-a933-f08256570101.a.smpengineeredsolutions.com\/?s={search_term_string}\"},\"query-input\":{\"@type\":\"PropertyValueSpecification\",\"valueRequired\":true,\"valueName\":\"search_term_string\"}}],\"inLanguage\":\"es\"},{\"@type\":\"Organization\",\"@id\":\"https:\/\/www.96ce9a62-fe5f-4a67-a933-f08256570101.a.smpengineeredsolutions.com\/#organization\",\"name\":\"SMP\u00ae Engineered Solutions\",\"url\":\"https:\/\/www.96ce9a62-fe5f-4a67-a933-f08256570101.a.smpengineeredsolutions.com\/\",\"logo\":{\"@type\":\"ImageObject\",\"inLanguage\":\"es\",\"@id\":\"https:\/\/www.96ce9a62-fe5f-4a67-a933-f08256570101.a.smpengineeredsolutions.com\/#\/schema\/logo\/image\/\",\"url\":\"https:\/\/www.a.smpengineeredsolutions.com\/wp-content\/uploads\/smp-logo.png\",\"contentUrl\":\"https:\/\/www.a.smpengineeredsolutions.com\/wp-content\/uploads\/smp-logo.png\",\"width\":264,\"height\":117,\"caption\":\"SMP\u00ae Engineered Solutions\"},\"image\":{\"@id\":\"https:\/\/www.96ce9a62-fe5f-4a67-a933-f08256570101.a.smpengineeredsolutions.com\/#\/schema\/logo\/image\/\"},\"sameAs\":[\"https:\/\/www.youtube.com\/@StandardMotorProductsInc\",\"https:\/\/www.linkedin.com\/company\/standard-motor-products\"]}]}<\/script>\n<!-- \/ Yoast SEO Premium plugin. -->","yoast_head_json":{"title":"Separador de bater\u00edas con enclavamiento 200A | Contactor CC","description":"Explore nuestro separador de bater\u00edas con enclavamiento de 200 A. Este dispositivo supervisa las tensiones en ambos terminales M8 cada segundo. M\u00e1s informaci\u00f3n","robots":{"index":"index","follow":"follow","max-snippet":"max-snippet:-1","max-image-preview":"max-image-preview:large","max-video-preview":"max-video-preview:-1"},"canonical":"https:\/\/www.smpengineeredsolutions.com\/es\/productos\/contactores-de-cc\/otros-productos-de-contactores-de-cc\/separador-de-baterias-con-enclavamiento-de-200-a\/","og_locale":"es_ES","og_type":"article","og_title":"Separador de bater\u00edas con enclavamiento de 200 A","og_description":"Explore nuestro separador de bater\u00edas con enclavamiento de 200 A. Este dispositivo supervisa las tensiones en ambos terminales M8 cada segundo. M\u00e1s informaci\u00f3n","og_url":"https:\/\/www.smpengineeredsolutions.com\/es\/productos\/contactores-de-cc\/otros-productos-de-contactores-de-cc\/separador-de-baterias-con-enclavamiento-de-200-a\/","og_site_name":"Standard Motor Products, Inc.","article_modified_time":"2025-02-25T15:19:11+00:00","twitter_misc":{"Tiempo de lectura":"1 minuto"},"schema":{"@context":"https:\/\/schema.org","@graph":[{"@type":"WebPage","@id":"https:\/\/www.smpengineeredsolutions.com\/es\/productos\/contactores-de-cc\/otros-productos-de-contactores-de-cc\/separador-de-baterias-con-enclavamiento-de-200-a\/","url":"https:\/\/www.smpengineeredsolutions.com\/es\/productos\/contactores-de-cc\/otros-productos-de-contactores-de-cc\/separador-de-baterias-con-enclavamiento-de-200-a\/","name":"Separador de bater\u00edas con enclavamiento 200A | Contactor CC","isPartOf":{"@id":"https:\/\/www.96ce9a62-fe5f-4a67-a933-f08256570101.a.smpengineeredsolutions.com\/#website"},"datePublished":"2023-01-27T18:59:43+00:00","dateModified":"2025-02-25T15:19:11+00:00","description":"Explore nuestro separador de bater\u00edas con enclavamiento de 200 A. Este dispositivo supervisa las tensiones en ambos terminales M8 cada segundo. M\u00e1s informaci\u00f3n","breadcrumb":{"@id":"https:\/\/www.smpengineeredsolutions.com\/es\/productos\/contactores-de-cc\/otros-productos-de-contactores-de-cc\/separador-de-baterias-con-enclavamiento-de-200-a\/#breadcrumb"},"inLanguage":"es","potentialAction":[{"@type":"ReadAction","target":["https:\/\/www.smpengineeredsolutions.com\/es\/productos\/contactores-de-cc\/otros-productos-de-contactores-de-cc\/separador-de-baterias-con-enclavamiento-de-200-a\/"]}]},{"@type":"BreadcrumbList","@id":"https:\/\/www.smpengineeredsolutions.com\/es\/productos\/contactores-de-cc\/otros-productos-de-contactores-de-cc\/separador-de-baterias-con-enclavamiento-de-200-a\/#breadcrumb","itemListElement":[{"@type":"ListItem","position":1,"name":"Home","item":"https:\/\/www.smpengineeredsolutions.com\/es\/"},{"@type":"ListItem","position":2,"name":"Productos","item":"https:\/\/www.smpengineeredsolutions.com\/es\/productos\/"},{"@type":"ListItem","position":3,"name":"Contactores de CC","item":"https:\/\/www.gmail.smpengineeredsolutions.com\/es\/productos\/contactores-de-cc\/"},{"@type":"ListItem","position":4,"name":"Otros productos de contactores de CC","item":"https:\/\/www._whoispp._tcp.smpengineeredsolutions.com\/es\/productos\/contactores-de-cc\/otros-productos-de-contactores-de-cc\/"},{"@type":"ListItem","position":5,"name":"Separador de bater\u00edas con enclavamiento de 200 A"}]},{"@type":"WebSite","@id":"https:\/\/www.96ce9a62-fe5f-4a67-a933-f08256570101.a.smpengineeredsolutions.com\/#website","url":"https:\/\/www.96ce9a62-fe5f-4a67-a933-f08256570101.a.smpengineeredsolutions.com\/","name":"Standard Motor Products, Inc.","description":"","publisher":{"@id":"https:\/\/www.96ce9a62-fe5f-4a67-a933-f08256570101.a.smpengineeredsolutions.com\/#organization"},"potentialAction":[{"@type":"SearchAction","target":{"@type":"EntryPoint","urlTemplate":"https:\/\/www.96ce9a62-fe5f-4a67-a933-f08256570101.a.smpengineeredsolutions.com\/?s={search_term_string}"},"query-input":{"@type":"PropertyValueSpecification","valueRequired":true,"valueName":"search_term_string"}}],"inLanguage":"es"},{"@type":"Organization","@id":"https:\/\/www.96ce9a62-fe5f-4a67-a933-f08256570101.a.smpengineeredsolutions.com\/#organization","name":"SMP\u00ae Engineered Solutions","url":"https:\/\/www.96ce9a62-fe5f-4a67-a933-f08256570101.a.smpengineeredsolutions.com\/","logo":{"@type":"ImageObject","inLanguage":"es","@id":"https:\/\/www.96ce9a62-fe5f-4a67-a933-f08256570101.a.smpengineeredsolutions.com\/#\/schema\/logo\/image\/","url":"https:\/\/www.a.smpengineeredsolutions.com\/wp-content\/uploads\/smp-logo.png","contentUrl":"https:\/\/www.a.smpengineeredsolutions.com\/wp-content\/uploads\/smp-logo.png","width":264,"height":117,"caption":"SMP\u00ae Engineered Solutions"},"image":{"@id":"https:\/\/www.96ce9a62-fe5f-4a67-a933-f08256570101.a.smpengineeredsolutions.com\/#\/schema\/logo\/image\/"},"sameAs":["https:\/\/www.youtube.com\/@StandardMotorProductsInc","https:\/\/www.linkedin.com\/company\/standard-motor-products"]}]}},"_links":{"self":[{"href":"https:\/\/www.smpengineeredsolutions.com\/es\/wp-json\/wp\/v2\/pages\/5292","targetHints":{"allow":["GET"]}}],"collection":[{"href":"https:\/\/www.smpengineeredsolutions.com\/es\/wp-json\/wp\/v2\/pages"}],"about":[{"href":"https:\/\/www.smpengineeredsolutions.com\/es\/wp-json\/wp\/v2\/types\/page"}],"author":[{"embeddable":true,"href":"https:\/\/www.smpengineeredsolutions.com\/es\/wp-json\/wp\/v2\/users\/27"}],"replies":[{"embeddable":true,"href":"https:\/\/www.smpengineeredsolutions.com\/es\/wp-json\/wp\/v2\/comments?post=5292"}],"version-history":[{"count":2,"href":"https:\/\/www.smpengineeredsolutions.com\/es\/wp-json\/wp\/v2\/pages\/5292\/revisions"}],"predecessor-version":[{"id":7764,"href":"https:\/\/www.smpengineeredsolutions.com\/es\/wp-json\/wp\/v2\/pages\/5292\/revisions\/7764"}],"up":[{"embeddable":true,"href":"https:\/\/www.smpengineeredsolutions.com\/es\/wp-json\/wp\/v2\/pages\/5290"}],"wp:attachment":[{"href":"https:\/\/www.smpengineeredsolutions.com\/es\/wp-json\/wp\/v2\/media?parent=5292"}],"curies":[{"name":"wp","href":"https:\/\/api.w.org\/{rel}","templated":true}]}}