{"id":5290,"date":"2023-01-27T05:28:14","date_gmt":"2023-01-27T10:28:14","guid":{"rendered":"https:\/\/smpengineeredsolutions.com\/?page_id=5290"},"modified":"2024-07-03T11:32:24","modified_gmt":"2024-07-03T15:32:24","slug":"otros-productos-de-contactores-de-cc","status":"publish","type":"page","link":"https:\/\/www.smpengineeredsolutions.com\/es\/productos\/contactores-de-cc\/otros-productos-de-contactores-de-cc\/","title":{"rendered":"Otros productos de contactores de CC"},"content":{"rendered":"<p><img loading=\"lazy\" decoding=\"async\" class=\"alignnone wp-image-4564\" src=\"https:\/\/www.smpengineeredsolutions.com\/wp-content\/uploads\/SMP-Trombetta-4C-500x75.png\" alt=\"\" width=\"420\" height=\"63\" srcset=\"https:\/\/www.smpengineeredsolutions.com\/wp-content\/uploads\/SMP-Trombetta-4C-500x75.png 500w, https:\/\/www.smpengineeredsolutions.com\/wp-content\/uploads\/SMP-Trombetta-4C-1024x154.png 1024w, https:\/\/www.smpengineeredsolutions.com\/wp-content\/uploads\/SMP-Trombetta-4C-768x116.png 768w, https:\/\/www.smpengineeredsolutions.com\/wp-content\/uploads\/SMP-Trombetta-4C-1536x231.png 1536w, https:\/\/www.smpengineeredsolutions.com\/wp-content\/uploads\/SMP-Trombetta-4C-2048x309.png 2048w\" sizes=\"auto, (max-width: 420px) 100vw, 420px\" \/><\/p>\n<p>Con mucho m\u00e1s que ofrecer, SMP Engineered Solutions cuenta con una amplia gama de componentes electromec\u00e1nicos y el\u00e9ctricos adecuados para su uso en equipos m\u00f3viles, incluidos contactores de CC robustos y fiables.<\/p>\n<h3>M\u00e1s informaci\u00f3n sobre contactores de CC<\/h3>\n<p>Un contactor de corriente continua es un dispositivo electromec\u00e1nico que conmuta corrientes elevadas en circuitos de corriente continua (CC). Se dise\u00f1a, selecciona e instala cuidadosamente teniendo en cuenta las condiciones ambientales y de funcionamiento. Aunque ofrecemos una amplia selecci\u00f3n de dise\u00f1os de contactores de CC est\u00e1ndar, todos ellos pueden personalizarse para cumplir las especificaciones exactas del cliente, incluido el funcionamiento de la bobina y la configuraci\u00f3n del soporte de montaje. Pueden utilizarse como componentes en sistemas nuevos o como piezas de repuesto OEM en sistemas existentes.<\/p>\n<h3>Aplicaciones de contactores de CC<\/h3>\n<ul>\n<li>Agricultura<\/li>\n<li>Automoci\u00f3n<\/li>\n<li>Construcci\u00f3n<\/li>\n<li>C\u00e9sped y jard\u00edn<\/li>\n<li>Marina<\/li>\n<li>Hidr\u00e1ulica<\/li>\n<li>Camiones<\/li>\n<\/ul>\n","protected":false},"excerpt":{"rendered":"<p>Con mucho m\u00e1s que ofrecer, SMP Engineered Solutions cuenta con una amplia gama de componentes electromec\u00e1nicos y el\u00e9ctricos adecuados para su uso en equipos m\u00f3viles, incluidos contactores de CC robustos y fiables. M\u00e1s informaci\u00f3n sobre contactores de CC Un contactor de corriente continua es un dispositivo electromec\u00e1nico que conmuta corrientes elevadas en circuitos de corriente&#8230; [&#8230;]<\/p>\n<p><a class=\"btn btn-secondary understrap-read-more-link\" href=\"https:\/\/www.smpengineeredsolutions.com\/es\/productos\/contactores-de-cc\/otros-productos-de-contactores-de-cc\/\">Leer m\u00e1s&#8230;<\/a><\/p>\n","protected":false},"author":27,"featured_media":0,"parent":5289,"menu_order":0,"comment_status":"closed","ping_status":"closed","template":"page-templates\/destination-content.php","meta":{"_acf_changed":false,"inline_featured_image":false,"footnotes":""},"class_list":["post-5290","page","type-page","status-publish","hentry"],"featured_image_src":null,"acf":[],"yoast_head":"<!-- This site is optimized with the Yoast SEO Premium plugin v27.4 (Yoast SEO v27.4) - https:\/\/yoast.com\/product\/yoast-seo-premium-wordpress\/ -->\n<title>Otros productos de contactores de CC - Standard Motor Products, Inc.<\/title>\n<meta name=\"description\" content=\"Explore nuestros productos adicionales de contactores de CC - Esto incluye nuestro rel\u00e9 de estado s\u00f3lido, el oso, el separador de bater\u00edas de enclavamiento de 200 A y el rel\u00e9 de estado s\u00f3lido de 13 A.\" \/>\n<meta name=\"robots\" content=\"index, follow, max-snippet:-1, max-image-preview:large, max-video-preview:-1\" \/>\n<link rel=\"canonical\" href=\"https:\/\/www.smpengineeredsolutions.com\/es\/productos\/contactores-de-cc\/otros-productos-de-contactores-de-cc\/\" \/>\n<meta property=\"og:locale\" content=\"es_ES\" \/>\n<meta property=\"og:type\" content=\"article\" \/>\n<meta property=\"og:title\" content=\"Otros productos de contactores de CC\" \/>\n<meta property=\"og:description\" content=\"Explore nuestros productos adicionales de contactores de CC - Esto incluye nuestro rel\u00e9 de estado s\u00f3lido, el oso, el separador de bater\u00edas de enclavamiento de 200 A y el rel\u00e9 de estado s\u00f3lido de 13 A.\" \/>\n<meta property=\"og:url\" content=\"https:\/\/www.smpengineeredsolutions.com\/es\/productos\/contactores-de-cc\/otros-productos-de-contactores-de-cc\/\" \/>\n<meta property=\"og:site_name\" content=\"Standard Motor Products, Inc.\" \/>\n<meta property=\"article:modified_time\" content=\"2024-07-03T15:32:24+00:00\" \/>\n<meta property=\"og:image\" content=\"https:\/\/www.smpengineeredsolutions.com\/wp-content\/uploads\/SMP-Trombetta-4C-500x75.png\" \/>\n<meta name=\"twitter:label1\" content=\"Tiempo de lectura\" \/>\n\t<meta name=\"twitter:data1\" content=\"1 minuto\" \/>\n<script type=\"application\/ld+json\" class=\"yoast-schema-graph\">{\"@context\":\"https:\\\/\\\/schema.org\",\"@graph\":[{\"@type\":\"WebPage\",\"@id\":\"https:\\\/\\\/www.smpengineeredsolutions.com\\\/es\\\/productos\\\/contactores-de-cc\\\/otros-productos-de-contactores-de-cc\\\/\",\"url\":\"https:\\\/\\\/www.smpengineeredsolutions.com\\\/es\\\/productos\\\/contactores-de-cc\\\/otros-productos-de-contactores-de-cc\\\/\",\"name\":\"Otros productos de contactores de CC - Standard Motor Products, Inc.\",\"isPartOf\":{\"@id\":\"https:\\\/\\\/www._tcp.smpengineeredsolutions.com\\\/#website\"},\"primaryImageOfPage\":{\"@id\":\"https:\\\/\\\/www.smpengineeredsolutions.com\\\/es\\\/productos\\\/contactores-de-cc\\\/otros-productos-de-contactores-de-cc\\\/#primaryimage\"},\"image\":{\"@id\":\"https:\\\/\\\/www.smpengineeredsolutions.com\\\/es\\\/productos\\\/contactores-de-cc\\\/otros-productos-de-contactores-de-cc\\\/#primaryimage\"},\"thumbnailUrl\":\"https:\\\/\\\/www.smpengineeredsolutions.com\\\/wp-content\\\/uploads\\\/SMP-Trombetta-4C-500x75.png\",\"datePublished\":\"2023-01-27T10:28:14+00:00\",\"dateModified\":\"2024-07-03T15:32:24+00:00\",\"description\":\"Explore nuestros productos adicionales de contactores de CC - Esto incluye nuestro rel\u00e9 de estado s\u00f3lido, el oso, el separador de bater\u00edas de enclavamiento de 200 A y el rel\u00e9 de estado s\u00f3lido de 13 A.\",\"breadcrumb\":{\"@id\":\"https:\\\/\\\/www.smpengineeredsolutions.com\\\/es\\\/productos\\\/contactores-de-cc\\\/otros-productos-de-contactores-de-cc\\\/#breadcrumb\"},\"inLanguage\":\"es\",\"potentialAction\":[{\"@type\":\"ReadAction\",\"target\":[\"https:\\\/\\\/www.smpengineeredsolutions.com\\\/es\\\/productos\\\/contactores-de-cc\\\/otros-productos-de-contactores-de-cc\\\/\"]}]},{\"@type\":\"ImageObject\",\"inLanguage\":\"es\",\"@id\":\"https:\\\/\\\/www.smpengineeredsolutions.com\\\/es\\\/productos\\\/contactores-de-cc\\\/otros-productos-de-contactores-de-cc\\\/#primaryimage\",\"url\":\"https:\\\/\\\/www.smpengineeredsolutions.com\\\/wp-content\\\/uploads\\\/SMP-Trombetta-4C-500x75.png\",\"contentUrl\":\"https:\\\/\\\/www.smpengineeredsolutions.com\\\/wp-content\\\/uploads\\\/SMP-Trombetta-4C-500x75.png\"},{\"@type\":\"BreadcrumbList\",\"@id\":\"https:\\\/\\\/www.smpengineeredsolutions.com\\\/es\\\/productos\\\/contactores-de-cc\\\/otros-productos-de-contactores-de-cc\\\/#breadcrumb\",\"itemListElement\":[{\"@type\":\"ListItem\",\"position\":1,\"name\":\"Home\",\"item\":\"https:\\\/\\\/www.smpengineeredsolutions.com\\\/es\\\/\"},{\"@type\":\"ListItem\",\"position\":2,\"name\":\"Productos\",\"item\":\"https:\\\/\\\/www.smpengineeredsolutions.com\\\/es\\\/productos\\\/\"},{\"@type\":\"ListItem\",\"position\":3,\"name\":\"Contactores de CC\",\"item\":\"https:\\\/\\\/www.3ec3a7a1-1e28-4a7f-941d-947624eef59a.smpengineeredsolutions.com\\\/es\\\/productos\\\/contactores-de-cc\\\/\"},{\"@type\":\"ListItem\",\"position\":4,\"name\":\"Otros productos de contactores de CC\"}]},{\"@type\":\"WebSite\",\"@id\":\"https:\\\/\\\/www._tcp.smpengineeredsolutions.com\\\/#website\",\"url\":\"https:\\\/\\\/www._tcp.smpengineeredsolutions.com\\\/\",\"name\":\"Standard Motor Products, Inc.\",\"description\":\"\",\"publisher\":{\"@id\":\"https:\\\/\\\/www._tcp.smpengineeredsolutions.com\\\/#organization\"},\"potentialAction\":[{\"@type\":\"SearchAction\",\"target\":{\"@type\":\"EntryPoint\",\"urlTemplate\":\"https:\\\/\\\/www._tcp.smpengineeredsolutions.com\\\/?s={search_term_string}\"},\"query-input\":{\"@type\":\"PropertyValueSpecification\",\"valueRequired\":true,\"valueName\":\"search_term_string\"}}],\"inLanguage\":\"es\"},{\"@type\":\"Organization\",\"@id\":\"https:\\\/\\\/www._tcp.smpengineeredsolutions.com\\\/#organization\",\"name\":\"SMP\u00ae Engineered Solutions\",\"url\":\"https:\\\/\\\/www._tcp.smpengineeredsolutions.com\\\/\",\"logo\":{\"@type\":\"ImageObject\",\"inLanguage\":\"es\",\"@id\":\"https:\\\/\\\/www._tcp.smpengineeredsolutions.com\\\/#\\\/schema\\\/logo\\\/image\\\/\",\"url\":\"https:\\\/\\\/www.a.smpengineeredsolutions.com\\\/wp-content\\\/uploads\\\/smp-logo.png\",\"contentUrl\":\"https:\\\/\\\/www.a.smpengineeredsolutions.com\\\/wp-content\\\/uploads\\\/smp-logo.png\",\"width\":264,\"height\":117,\"caption\":\"SMP\u00ae Engineered Solutions\"},\"image\":{\"@id\":\"https:\\\/\\\/www._tcp.smpengineeredsolutions.com\\\/#\\\/schema\\\/logo\\\/image\\\/\"},\"sameAs\":[\"https:\\\/\\\/www.youtube.com\\\/@StandardMotorProductsInc\",\"https:\\\/\\\/www.linkedin.com\\\/company\\\/standard-motor-products\"]}]}<\/script>\n<!-- \/ Yoast SEO Premium plugin. -->","yoast_head_json":{"title":"Otros productos de contactores de CC - Standard Motor Products, Inc.","description":"Explore nuestros productos adicionales de contactores de CC - Esto incluye nuestro rel\u00e9 de estado s\u00f3lido, el oso, el separador de bater\u00edas de enclavamiento de 200 A y el rel\u00e9 de estado s\u00f3lido de 13 A.","robots":{"index":"index","follow":"follow","max-snippet":"max-snippet:-1","max-image-preview":"max-image-preview:large","max-video-preview":"max-video-preview:-1"},"canonical":"https:\/\/www.smpengineeredsolutions.com\/es\/productos\/contactores-de-cc\/otros-productos-de-contactores-de-cc\/","og_locale":"es_ES","og_type":"article","og_title":"Otros productos de contactores de CC","og_description":"Explore nuestros productos adicionales de contactores de CC - Esto incluye nuestro rel\u00e9 de estado s\u00f3lido, el oso, el separador de bater\u00edas de enclavamiento de 200 A y el rel\u00e9 de estado s\u00f3lido de 13 A.","og_url":"https:\/\/www.smpengineeredsolutions.com\/es\/productos\/contactores-de-cc\/otros-productos-de-contactores-de-cc\/","og_site_name":"Standard Motor Products, Inc.","article_modified_time":"2024-07-03T15:32:24+00:00","og_image":[{"url":"https:\/\/www.smpengineeredsolutions.com\/wp-content\/uploads\/SMP-Trombetta-4C-500x75.png","type":"","width":"","height":""}],"twitter_misc":{"Tiempo de lectura":"1 minuto"},"schema":{"@context":"https:\/\/schema.org","@graph":[{"@type":"WebPage","@id":"https:\/\/www.smpengineeredsolutions.com\/es\/productos\/contactores-de-cc\/otros-productos-de-contactores-de-cc\/","url":"https:\/\/www.smpengineeredsolutions.com\/es\/productos\/contactores-de-cc\/otros-productos-de-contactores-de-cc\/","name":"Otros productos de contactores de CC - Standard Motor Products, Inc.","isPartOf":{"@id":"https:\/\/www._tcp.smpengineeredsolutions.com\/#website"},"primaryImageOfPage":{"@id":"https:\/\/www.smpengineeredsolutions.com\/es\/productos\/contactores-de-cc\/otros-productos-de-contactores-de-cc\/#primaryimage"},"image":{"@id":"https:\/\/www.smpengineeredsolutions.com\/es\/productos\/contactores-de-cc\/otros-productos-de-contactores-de-cc\/#primaryimage"},"thumbnailUrl":"https:\/\/www.smpengineeredsolutions.com\/wp-content\/uploads\/SMP-Trombetta-4C-500x75.png","datePublished":"2023-01-27T10:28:14+00:00","dateModified":"2024-07-03T15:32:24+00:00","description":"Explore nuestros productos adicionales de contactores de CC - Esto incluye nuestro rel\u00e9 de estado s\u00f3lido, el oso, el separador de bater\u00edas de enclavamiento de 200 A y el rel\u00e9 de estado s\u00f3lido de 13 A.","breadcrumb":{"@id":"https:\/\/www.smpengineeredsolutions.com\/es\/productos\/contactores-de-cc\/otros-productos-de-contactores-de-cc\/#breadcrumb"},"inLanguage":"es","potentialAction":[{"@type":"ReadAction","target":["https:\/\/www.smpengineeredsolutions.com\/es\/productos\/contactores-de-cc\/otros-productos-de-contactores-de-cc\/"]}]},{"@type":"ImageObject","inLanguage":"es","@id":"https:\/\/www.smpengineeredsolutions.com\/es\/productos\/contactores-de-cc\/otros-productos-de-contactores-de-cc\/#primaryimage","url":"https:\/\/www.smpengineeredsolutions.com\/wp-content\/uploads\/SMP-Trombetta-4C-500x75.png","contentUrl":"https:\/\/www.smpengineeredsolutions.com\/wp-content\/uploads\/SMP-Trombetta-4C-500x75.png"},{"@type":"BreadcrumbList","@id":"https:\/\/www.smpengineeredsolutions.com\/es\/productos\/contactores-de-cc\/otros-productos-de-contactores-de-cc\/#breadcrumb","itemListElement":[{"@type":"ListItem","position":1,"name":"Home","item":"https:\/\/www.smpengineeredsolutions.com\/es\/"},{"@type":"ListItem","position":2,"name":"Productos","item":"https:\/\/www.smpengineeredsolutions.com\/es\/productos\/"},{"@type":"ListItem","position":3,"name":"Contactores de CC","item":"https:\/\/www.3ec3a7a1-1e28-4a7f-941d-947624eef59a.smpengineeredsolutions.com\/es\/productos\/contactores-de-cc\/"},{"@type":"ListItem","position":4,"name":"Otros productos de contactores de CC"}]},{"@type":"WebSite","@id":"https:\/\/www._tcp.smpengineeredsolutions.com\/#website","url":"https:\/\/www._tcp.smpengineeredsolutions.com\/","name":"Standard Motor Products, Inc.","description":"","publisher":{"@id":"https:\/\/www._tcp.smpengineeredsolutions.com\/#organization"},"potentialAction":[{"@type":"SearchAction","target":{"@type":"EntryPoint","urlTemplate":"https:\/\/www._tcp.smpengineeredsolutions.com\/?s={search_term_string}"},"query-input":{"@type":"PropertyValueSpecification","valueRequired":true,"valueName":"search_term_string"}}],"inLanguage":"es"},{"@type":"Organization","@id":"https:\/\/www._tcp.smpengineeredsolutions.com\/#organization","name":"SMP\u00ae Engineered Solutions","url":"https:\/\/www._tcp.smpengineeredsolutions.com\/","logo":{"@type":"ImageObject","inLanguage":"es","@id":"https:\/\/www._tcp.smpengineeredsolutions.com\/#\/schema\/logo\/image\/","url":"https:\/\/www.a.smpengineeredsolutions.com\/wp-content\/uploads\/smp-logo.png","contentUrl":"https:\/\/www.a.smpengineeredsolutions.com\/wp-content\/uploads\/smp-logo.png","width":264,"height":117,"caption":"SMP\u00ae Engineered Solutions"},"image":{"@id":"https:\/\/www._tcp.smpengineeredsolutions.com\/#\/schema\/logo\/image\/"},"sameAs":["https:\/\/www.youtube.com\/@StandardMotorProductsInc","https:\/\/www.linkedin.com\/company\/standard-motor-products"]}]}},"_links":{"self":[{"href":"https:\/\/www.smpengineeredsolutions.com\/es\/wp-json\/wp\/v2\/pages\/5290","targetHints":{"allow":["GET"]}}],"collection":[{"href":"https:\/\/www.smpengineeredsolutions.com\/es\/wp-json\/wp\/v2\/pages"}],"about":[{"href":"https:\/\/www.smpengineeredsolutions.com\/es\/wp-json\/wp\/v2\/types\/page"}],"author":[{"embeddable":true,"href":"https:\/\/www.smpengineeredsolutions.com\/es\/wp-json\/wp\/v2\/users\/27"}],"replies":[{"embeddable":true,"href":"https:\/\/www.smpengineeredsolutions.com\/es\/wp-json\/wp\/v2\/comments?post=5290"}],"version-history":[{"count":2,"href":"https:\/\/www.smpengineeredsolutions.com\/es\/wp-json\/wp\/v2\/pages\/5290\/revisions"}],"predecessor-version":[{"id":6925,"href":"https:\/\/www.smpengineeredsolutions.com\/es\/wp-json\/wp\/v2\/pages\/5290\/revisions\/6925"}],"up":[{"embeddable":true,"href":"https:\/\/www.smpengineeredsolutions.com\/es\/wp-json\/wp\/v2\/pages\/5289"}],"wp:attachment":[{"href":"https:\/\/www.smpengineeredsolutions.com\/es\/wp-json\/wp\/v2\/media?parent=5290"}],"curies":[{"name":"wp","href":"https:\/\/api.w.org\/{rel}","templated":true}]}}