{"id":5289,"date":"2023-01-09T14:01:42","date_gmt":"2023-01-09T19:01:42","guid":{"rendered":"https:\/\/smpengineeredsolutions.com\/?page_id=5289"},"modified":"2024-07-24T13:49:22","modified_gmt":"2024-07-24T17:49:22","slug":"contactores-de-cc","status":"publish","type":"page","link":"https:\/\/www.smpengineeredsolutions.com\/es\/productos\/contactores-de-cc\/","title":{"rendered":"Contactores de CC"},"content":{"rendered":"<h2><img loading=\"lazy\" decoding=\"async\" class=\"wp-image-6875 alignright\" src=\"https:\/\/www.smpengineeredsolutions.com\/wp-content\/uploads\/DC-Contactor-Products-500x361.jpg\" alt=\"\" width=\"406\" height=\"293\" srcset=\"https:\/\/www.smpengineeredsolutions.com\/wp-content\/uploads\/DC-Contactor-Products-500x361.jpg 500w, https:\/\/www.smpengineeredsolutions.com\/wp-content\/uploads\/DC-Contactor-Products-1024x739.jpg 1024w, https:\/\/www.smpengineeredsolutions.com\/wp-content\/uploads\/DC-Contactor-Products-768x554.jpg 768w, https:\/\/www.smpengineeredsolutions.com\/wp-content\/uploads\/DC-Contactor-Products.jpg 1500w\" sizes=\"auto, (max-width: 406px) 100vw, 406px\" \/>\u00bfQu\u00e9 es un contactor de CC?<\/h2>\n<p>Un contactor de CC es un dispositivo de conmutaci\u00f3n el\u00e9ctrica capaz de manejar altos niveles de corriente. El contactor funciona aplicando una tensi\u00f3n a la bobina, lo que crea un campo magn\u00e9tico que mueve los contactos a la posici\u00f3n cerrada y completa el circuito. Una vez que se retira la tensi\u00f3n de la bobina, los contactos se abren de nuevo y desconectan el circuito. La gran superficie de contacto y la elevada presi\u00f3n de contacto permiten que el contactor gestione las corrientes de arranque m\u00e1s elevadas que suelen darse en los mercados de equipos m\u00f3viles.<\/p>\n<h2>Caracter\u00edsticas principales de los contactores de CC<\/h2>\n<table>\n<thead>\n<tr>\n<th>\n<p style=\"text-align: left;\"><a href=\"https:\/\/www.smpengineeredsolutions.com\/es\/productos\/contactores-de-cc\/contactores-de-la-serie-powerseal\/\"><b>Powerseal plateado completo<\/b><\/a><\/p>\n<ul>\n<li style=\"font-weight: 400; text-align: left;\" aria-level=\"1\">Dise\u00f1o exclusivo para aplicaciones de alto amperaje<\/li>\n<li style=\"font-weight: 400; text-align: left;\" aria-level=\"1\">Capacidad para soportar condiciones ambientales adversas<\/li>\n<\/ul>\n<p style=\"text-align: left;\"><a href=\"https:\/\/www.smpengineeredsolutions.com\/es\/productos\/contactores-de-cc\/contactores-de-la-serie-defender\/\"><b>Defensor<\/b><\/a><\/p>\n<ul>\n<li style=\"font-weight: 400; text-align: left;\" aria-level=\"1\">Sellado herm\u00e9ticamente para garantizar la conmutaci\u00f3n en condiciones adversas<\/li>\n<li style=\"font-weight: 400; text-align: left;\" aria-level=\"1\">Dise\u00f1ado para proporcionar conmutaci\u00f3n de baja corriente en situaciones de baja temperatura<\/li>\n<\/ul>\n<p style=\"text-align: left;\"><a href=\"https:\/\/www.smpengineeredsolutions.com\/es\/productos\/serie-de-contactores-de-polaridad-inversa\/\"><b>Polaridad inversa<\/b><\/a><\/p>\n<ul style=\"text-align: left;\">\n<li style=\"font-weight: 400;\" aria-level=\"1\">Soluci\u00f3n rentable<\/li>\n<li style=\"font-weight: 400;\" aria-level=\"1\">Construido con un enfoque compacto y econ\u00f3mico<\/li>\n<\/ul>\n<p style=\"text-align: left;\"><a href=\"https:\/\/www.smpengineeredsolutions.com\/es\/productos\/contactores-de-cc\/otros-productos-de-contactores-de-cc\/serie-bear\/\"><b>Bear<\/b><\/a><\/p>\n<ul style=\"text-align: left;\">\n<li style=\"font-weight: 400;\" aria-level=\"1\">Gran capacidad de corriente<\/li>\n<li style=\"font-weight: 400;\" aria-level=\"1\">Dise\u00f1o robusto probado<\/li>\n<\/ul>\n<p style=\"text-align: left;\"><b><a href=\"https:\/\/www.smpengineeredsolutions.com\/products\/dc-contactors\/additional-dc-contactor-products\/200a-latching-battery-separator\/\">Separador de bater\u00edas con enclavamiento de 200 A<\/a>\u00a0<\/b><\/p>\n<ul style=\"text-align: left;\">\n<li style=\"font-weight: 400;\" aria-level=\"1\">Capacidad para controlar los niveles de tensi\u00f3n de dos bater\u00edas y conectar ambas al alternador para cargarlas.<\/li>\n<li style=\"font-weight: 400;\" aria-level=\"1\">Fabricado para soportar condiciones duras<\/li>\n<\/ul>\n<\/th>\n<th>\n<p style=\"text-align: left;\"><a href=\"https:\/\/www.smpengineeredsolutions.com\/es\/productos\/contactores-de-cc\/contactores-de-la-serie-de-plastico\/\"><b>Familia de pl\u00e1sticos<\/b><\/a><\/p>\n<ul style=\"text-align: left;\">\n<li style=\"font-weight: 400;\" aria-level=\"1\">Opciones selladas mejoradas<\/li>\n<li style=\"font-weight: 400;\" aria-level=\"1\">Construido con un enfoque compacto y econ\u00f3mico<\/li>\n<\/ul>\n<p style=\"text-align: left;\"><a href=\"https:\/\/www.smpengineeredsolutions.com\/es\/productos\/contactores-de-cc\/contactores-de-la-serie-powerseal\/\"><b>Familia PowerSeal<\/b><\/a><\/p>\n<ul style=\"text-align: left;\">\n<li style=\"font-weight: 400;\" aria-level=\"1\">Optimizado para un alto rendimiento a un precio competitivo<\/li>\n<li style=\"font-weight: 400;\" aria-level=\"1\">Incluye una construcci\u00f3n sellada<\/li>\n<\/ul>\n<p style=\"text-align: left;\"><a href=\"https:\/\/www.smpengineeredsolutions.com\/es\/productos\/contactores-de-cc\/otros-productos-de-contactores-de-cc\/serie-de-reles-de-estado-solido\/\"><b>Rel\u00e9 de estado s\u00f3lido<\/b><\/a><\/p>\n<ul style=\"text-align: left;\">\n<li style=\"font-weight: 400;\" aria-level=\"1\">Larga vida \u00fatil en comparaci\u00f3n con otros contactores de su clase<\/li>\n<li style=\"font-weight: 400;\" aria-level=\"1\">Tolera factores ambientales adversos, como vibraciones, humedad, suciedad y una amplia gama de temperaturas de funcionamiento.<\/li>\n<\/ul>\n<p style=\"text-align: left;\"><a href=\"https:\/\/www.smpengineeredsolutions.com\/es\/productos\/contactores-de-cc\/serie-de-carcasas-de-metal\/\"><b>Familia de metales<\/b><\/a><\/p>\n<ul style=\"text-align: left;\">\n<li style=\"font-weight: 400;\" aria-level=\"1\">Contactor de CC tradicional que se sigue utilizando en diversas aplicaciones<\/li>\n<\/ul>\n<p style=\"text-align: left;\"><a href=\"https:\/\/www.smpengineeredsolutions.com\/products\/dc-contactors\/smart-contactors\/\"><b>Contactor inteligente<\/b><\/a><\/p>\n<ul>\n<li style=\"font-weight: 400; text-align: left;\" aria-level=\"1\">Clasificaci\u00f3n programable<\/li>\n<li style=\"font-weight: 400; text-align: left;\" aria-level=\"1\">Ultraligero<\/li>\n<li style=\"font-weight: 400; text-align: left;\" aria-level=\"1\">Mayor fiabilidad<\/li>\n<li style=\"font-weight: 400; text-align: left;\" aria-level=\"1\">Sellado ecol\u00f3gico<\/li>\n<\/ul>\n<\/th>\n<\/tr>\n<\/thead>\n<\/table>\n<h3>Aplicaci\u00f3n m\u00e1s com\u00fan<\/h3>\n<p>Los contactores de CC son los m\u00e1s adecuados para aplicaciones de alta corriente como:<\/p>\n<ul>\n<li>Calefacci\u00f3n de gran potencia<\/li>\n<li>Motor<\/li>\n<li>Sistemas de almacenamiento de energ\u00eda<\/li>\n<li>Sistemas de bater\u00edas para veh\u00edculos (agricultura, construcci\u00f3n, camiones pesados, jardiner\u00eda y equipos marinos)<\/li>\n<\/ul>\n<p>Los contactores de CC de SMP est\u00e1n dise\u00f1ados y fabricados para ser robustos y rentables. Ofrecemos una amplia selecci\u00f3n de los dise\u00f1os de contactores de CC est\u00e1ndar de mejor rendimiento que pueden personalizarse para satisfacer las especificaciones exactas del cliente, incluido el funcionamiento de la bobina y la configuraci\u00f3n del soporte de montaje. Pueden utilizarse como componentes en sistemas nuevos o como piezas de repuesto OEM en sistemas existentes.<\/p>\n<p><strong>Preguntas frecuentes sobre nuestros contactores de CC<\/strong><\/p>\n<p>\u00bfCu\u00e1les son las principales caracter\u00edsticas de los contactores de CC de SMP Trombetta? Nuestros contactores de CC de larga duraci\u00f3n son duraderos y est\u00e1n dise\u00f1ados para soportar condiciones ambientales adversas.<\/p>\n<p>\u00bfCu\u00e1l es la vida \u00fatil de un contactor de CC? La vida \u00fatil var\u00eda en funci\u00f3n de la familia, pero suele variar en funci\u00f3n de las pruebas.<\/p>\n<p>\u00bfFuncionar\u00e1 DC Contactor en una aplicaci\u00f3n de bater\u00eda de iones de litio? S\u00ed, pero se requiere un circuito de tensi\u00f3n de entrada especial. Consulte nuestro contactor inteligente para obtener m\u00e1s informaci\u00f3n.<\/p>\n<p>Para obtener precios u otros detalles sobre uno de nuestros productos, p\u00f3ngase en <a href=\"https:\/\/www.smpengineeredsolutions.com\/es\/contactenos\/\">contacto<\/a> con nosotros hoy mismo y consulte nuestras <a href=\"https:\/\/www.smpengineeredsolutions.com\/es\/productos\/\">Familias de productos<\/a> m\u00e1s arriba.<\/p>\n","protected":false},"excerpt":{"rendered":"<p>\u00bfQu\u00e9 es un contactor de CC? Un contactor de CC es un dispositivo de conmutaci\u00f3n el\u00e9ctrica capaz de manejar altos niveles de corriente. El contactor funciona aplicando una tensi\u00f3n a la bobina, lo que crea un campo magn\u00e9tico que mueve los contactos a la posici\u00f3n cerrada y completa el circuito. Una vez que se retira&#8230; [&#8230;]<\/p>\n<p><a class=\"btn btn-secondary understrap-read-more-link\" href=\"https:\/\/www.smpengineeredsolutions.com\/es\/productos\/contactores-de-cc\/\">Leer m\u00e1s&#8230;<\/a><\/p>\n","protected":false},"author":27,"featured_media":0,"parent":5264,"menu_order":0,"comment_status":"closed","ping_status":"closed","template":"page-templates\/destination-content.php","meta":{"_acf_changed":false,"inline_featured_image":false,"footnotes":""},"class_list":["post-5289","page","type-page","status-publish","hentry"],"featured_image_src":null,"acf":[],"yoast_head":"<!-- This site is optimized with the Yoast SEO Premium plugin v27.4 (Yoast SEO v27.4) - https:\/\/yoast.com\/product\/yoast-seo-premium-wordpress\/ -->\n<title>Contactores CC | Contactor de corriente continua (CC) | SMP, Inc.<\/title>\n<meta name=\"description\" content=\"Descubra nuestros robustos contactores de corriente continua (CC). Nuestros contactores de CC est\u00e1n dise\u00f1ados para aplicaciones de alta corriente en diversos sectores.\" \/>\n<meta name=\"robots\" content=\"index, follow, max-snippet:-1, max-image-preview:large, max-video-preview:-1\" \/>\n<link rel=\"canonical\" href=\"https:\/\/www.smpengineeredsolutions.com\/es\/productos\/contactores-de-cc\/\" \/>\n<meta property=\"og:locale\" content=\"es_ES\" \/>\n<meta property=\"og:type\" content=\"article\" \/>\n<meta property=\"og:title\" content=\"Contactores de CC\" \/>\n<meta property=\"og:description\" content=\"Descubra nuestros robustos contactores de corriente continua (CC). Nuestros contactores de CC est\u00e1n dise\u00f1ados para aplicaciones de alta corriente en diversos sectores.\" \/>\n<meta property=\"og:url\" content=\"https:\/\/www.smpengineeredsolutions.com\/es\/productos\/contactores-de-cc\/\" \/>\n<meta property=\"og:site_name\" content=\"Standard Motor Products, Inc.\" \/>\n<meta property=\"article:modified_time\" content=\"2024-07-24T17:49:22+00:00\" \/>\n<meta property=\"og:image\" content=\"https:\/\/www.smpengineeredsolutions.com\/wp-content\/uploads\/DC-Contactor-Products-500x361.jpg\" \/>\n<meta name=\"twitter:label1\" content=\"Tiempo de lectura\" \/>\n\t<meta name=\"twitter:data1\" content=\"3 minutos\" \/>\n<script type=\"application\/ld+json\" class=\"yoast-schema-graph\">{\"@context\":\"https:\\\/\\\/schema.org\",\"@graph\":[{\"@type\":\"WebPage\",\"@id\":\"https:\\\/\\\/www.smpengineeredsolutions.com\\\/es\\\/productos\\\/contactores-de-cc\\\/\",\"url\":\"https:\\\/\\\/www.smpengineeredsolutions.com\\\/es\\\/productos\\\/contactores-de-cc\\\/\",\"name\":\"Contactores CC | Contactor de corriente continua (CC) | SMP, Inc.\",\"isPartOf\":{\"@id\":\"https:\\\/\\\/www._tcp.smpengineeredsolutions.com\\\/#website\"},\"primaryImageOfPage\":{\"@id\":\"https:\\\/\\\/www.smpengineeredsolutions.com\\\/es\\\/productos\\\/contactores-de-cc\\\/#primaryimage\"},\"image\":{\"@id\":\"https:\\\/\\\/www.smpengineeredsolutions.com\\\/es\\\/productos\\\/contactores-de-cc\\\/#primaryimage\"},\"thumbnailUrl\":\"https:\\\/\\\/www.smpengineeredsolutions.com\\\/wp-content\\\/uploads\\\/DC-Contactor-Products-500x361.jpg\",\"datePublished\":\"2023-01-09T19:01:42+00:00\",\"dateModified\":\"2024-07-24T17:49:22+00:00\",\"description\":\"Descubra nuestros robustos contactores de corriente continua (CC). Nuestros contactores de CC est\u00e1n dise\u00f1ados para aplicaciones de alta corriente en diversos sectores.\",\"breadcrumb\":{\"@id\":\"https:\\\/\\\/www.smpengineeredsolutions.com\\\/es\\\/productos\\\/contactores-de-cc\\\/#breadcrumb\"},\"inLanguage\":\"es\",\"potentialAction\":[{\"@type\":\"ReadAction\",\"target\":[\"https:\\\/\\\/www.smpengineeredsolutions.com\\\/es\\\/productos\\\/contactores-de-cc\\\/\"]}]},{\"@type\":\"ImageObject\",\"inLanguage\":\"es\",\"@id\":\"https:\\\/\\\/www.smpengineeredsolutions.com\\\/es\\\/productos\\\/contactores-de-cc\\\/#primaryimage\",\"url\":\"https:\\\/\\\/www.smpengineeredsolutions.com\\\/wp-content\\\/uploads\\\/DC-Contactor-Products-500x361.jpg\",\"contentUrl\":\"https:\\\/\\\/www.smpengineeredsolutions.com\\\/wp-content\\\/uploads\\\/DC-Contactor-Products-500x361.jpg\"},{\"@type\":\"BreadcrumbList\",\"@id\":\"https:\\\/\\\/www.smpengineeredsolutions.com\\\/es\\\/productos\\\/contactores-de-cc\\\/#breadcrumb\",\"itemListElement\":[{\"@type\":\"ListItem\",\"position\":1,\"name\":\"Home\",\"item\":\"https:\\\/\\\/www.smpengineeredsolutions.com\\\/es\\\/\"},{\"@type\":\"ListItem\",\"position\":2,\"name\":\"Productos\",\"item\":\"https:\\\/\\\/www.smpengineeredsolutions.com\\\/es\\\/productos\\\/\"},{\"@type\":\"ListItem\",\"position\":3,\"name\":\"Contactores de CC\"}]},{\"@type\":\"WebSite\",\"@id\":\"https:\\\/\\\/www._tcp.smpengineeredsolutions.com\\\/#website\",\"url\":\"https:\\\/\\\/www._tcp.smpengineeredsolutions.com\\\/\",\"name\":\"Standard Motor Products, Inc.\",\"description\":\"\",\"publisher\":{\"@id\":\"https:\\\/\\\/www._tcp.smpengineeredsolutions.com\\\/#organization\"},\"potentialAction\":[{\"@type\":\"SearchAction\",\"target\":{\"@type\":\"EntryPoint\",\"urlTemplate\":\"https:\\\/\\\/www._tcp.smpengineeredsolutions.com\\\/?s={search_term_string}\"},\"query-input\":{\"@type\":\"PropertyValueSpecification\",\"valueRequired\":true,\"valueName\":\"search_term_string\"}}],\"inLanguage\":\"es\"},{\"@type\":\"Organization\",\"@id\":\"https:\\\/\\\/www._tcp.smpengineeredsolutions.com\\\/#organization\",\"name\":\"SMP\u00ae Engineered Solutions\",\"url\":\"https:\\\/\\\/www._tcp.smpengineeredsolutions.com\\\/\",\"logo\":{\"@type\":\"ImageObject\",\"inLanguage\":\"es\",\"@id\":\"https:\\\/\\\/www._tcp.smpengineeredsolutions.com\\\/#\\\/schema\\\/logo\\\/image\\\/\",\"url\":\"https:\\\/\\\/www.a.smpengineeredsolutions.com\\\/wp-content\\\/uploads\\\/smp-logo.png\",\"contentUrl\":\"https:\\\/\\\/www.a.smpengineeredsolutions.com\\\/wp-content\\\/uploads\\\/smp-logo.png\",\"width\":264,\"height\":117,\"caption\":\"SMP\u00ae Engineered Solutions\"},\"image\":{\"@id\":\"https:\\\/\\\/www._tcp.smpengineeredsolutions.com\\\/#\\\/schema\\\/logo\\\/image\\\/\"},\"sameAs\":[\"https:\\\/\\\/www.youtube.com\\\/@StandardMotorProductsInc\",\"https:\\\/\\\/www.linkedin.com\\\/company\\\/standard-motor-products\"]}]}<\/script>\n<!-- \/ Yoast SEO Premium plugin. -->","yoast_head_json":{"title":"Contactores CC | Contactor de corriente continua (CC) | SMP, Inc.","description":"Descubra nuestros robustos contactores de corriente continua (CC). Nuestros contactores de CC est\u00e1n dise\u00f1ados para aplicaciones de alta corriente en diversos sectores.","robots":{"index":"index","follow":"follow","max-snippet":"max-snippet:-1","max-image-preview":"max-image-preview:large","max-video-preview":"max-video-preview:-1"},"canonical":"https:\/\/www.smpengineeredsolutions.com\/es\/productos\/contactores-de-cc\/","og_locale":"es_ES","og_type":"article","og_title":"Contactores de CC","og_description":"Descubra nuestros robustos contactores de corriente continua (CC). Nuestros contactores de CC est\u00e1n dise\u00f1ados para aplicaciones de alta corriente en diversos sectores.","og_url":"https:\/\/www.smpengineeredsolutions.com\/es\/productos\/contactores-de-cc\/","og_site_name":"Standard Motor Products, Inc.","article_modified_time":"2024-07-24T17:49:22+00:00","og_image":[{"url":"https:\/\/www.smpengineeredsolutions.com\/wp-content\/uploads\/DC-Contactor-Products-500x361.jpg","type":"","width":"","height":""}],"twitter_misc":{"Tiempo de lectura":"3 minutos"},"schema":{"@context":"https:\/\/schema.org","@graph":[{"@type":"WebPage","@id":"https:\/\/www.smpengineeredsolutions.com\/es\/productos\/contactores-de-cc\/","url":"https:\/\/www.smpengineeredsolutions.com\/es\/productos\/contactores-de-cc\/","name":"Contactores CC | Contactor de corriente continua (CC) | SMP, Inc.","isPartOf":{"@id":"https:\/\/www._tcp.smpengineeredsolutions.com\/#website"},"primaryImageOfPage":{"@id":"https:\/\/www.smpengineeredsolutions.com\/es\/productos\/contactores-de-cc\/#primaryimage"},"image":{"@id":"https:\/\/www.smpengineeredsolutions.com\/es\/productos\/contactores-de-cc\/#primaryimage"},"thumbnailUrl":"https:\/\/www.smpengineeredsolutions.com\/wp-content\/uploads\/DC-Contactor-Products-500x361.jpg","datePublished":"2023-01-09T19:01:42+00:00","dateModified":"2024-07-24T17:49:22+00:00","description":"Descubra nuestros robustos contactores de corriente continua (CC). Nuestros contactores de CC est\u00e1n dise\u00f1ados para aplicaciones de alta corriente en diversos sectores.","breadcrumb":{"@id":"https:\/\/www.smpengineeredsolutions.com\/es\/productos\/contactores-de-cc\/#breadcrumb"},"inLanguage":"es","potentialAction":[{"@type":"ReadAction","target":["https:\/\/www.smpengineeredsolutions.com\/es\/productos\/contactores-de-cc\/"]}]},{"@type":"ImageObject","inLanguage":"es","@id":"https:\/\/www.smpengineeredsolutions.com\/es\/productos\/contactores-de-cc\/#primaryimage","url":"https:\/\/www.smpengineeredsolutions.com\/wp-content\/uploads\/DC-Contactor-Products-500x361.jpg","contentUrl":"https:\/\/www.smpengineeredsolutions.com\/wp-content\/uploads\/DC-Contactor-Products-500x361.jpg"},{"@type":"BreadcrumbList","@id":"https:\/\/www.smpengineeredsolutions.com\/es\/productos\/contactores-de-cc\/#breadcrumb","itemListElement":[{"@type":"ListItem","position":1,"name":"Home","item":"https:\/\/www.smpengineeredsolutions.com\/es\/"},{"@type":"ListItem","position":2,"name":"Productos","item":"https:\/\/www.smpengineeredsolutions.com\/es\/productos\/"},{"@type":"ListItem","position":3,"name":"Contactores de CC"}]},{"@type":"WebSite","@id":"https:\/\/www._tcp.smpengineeredsolutions.com\/#website","url":"https:\/\/www._tcp.smpengineeredsolutions.com\/","name":"Standard Motor Products, Inc.","description":"","publisher":{"@id":"https:\/\/www._tcp.smpengineeredsolutions.com\/#organization"},"potentialAction":[{"@type":"SearchAction","target":{"@type":"EntryPoint","urlTemplate":"https:\/\/www._tcp.smpengineeredsolutions.com\/?s={search_term_string}"},"query-input":{"@type":"PropertyValueSpecification","valueRequired":true,"valueName":"search_term_string"}}],"inLanguage":"es"},{"@type":"Organization","@id":"https:\/\/www._tcp.smpengineeredsolutions.com\/#organization","name":"SMP\u00ae Engineered Solutions","url":"https:\/\/www._tcp.smpengineeredsolutions.com\/","logo":{"@type":"ImageObject","inLanguage":"es","@id":"https:\/\/www._tcp.smpengineeredsolutions.com\/#\/schema\/logo\/image\/","url":"https:\/\/www.a.smpengineeredsolutions.com\/wp-content\/uploads\/smp-logo.png","contentUrl":"https:\/\/www.a.smpengineeredsolutions.com\/wp-content\/uploads\/smp-logo.png","width":264,"height":117,"caption":"SMP\u00ae Engineered Solutions"},"image":{"@id":"https:\/\/www._tcp.smpengineeredsolutions.com\/#\/schema\/logo\/image\/"},"sameAs":["https:\/\/www.youtube.com\/@StandardMotorProductsInc","https:\/\/www.linkedin.com\/company\/standard-motor-products"]}]}},"_links":{"self":[{"href":"https:\/\/www.smpengineeredsolutions.com\/es\/wp-json\/wp\/v2\/pages\/5289","targetHints":{"allow":["GET"]}}],"collection":[{"href":"https:\/\/www.smpengineeredsolutions.com\/es\/wp-json\/wp\/v2\/pages"}],"about":[{"href":"https:\/\/www.smpengineeredsolutions.com\/es\/wp-json\/wp\/v2\/types\/page"}],"author":[{"embeddable":true,"href":"https:\/\/www.smpengineeredsolutions.com\/es\/wp-json\/wp\/v2\/users\/27"}],"replies":[{"embeddable":true,"href":"https:\/\/www.smpengineeredsolutions.com\/es\/wp-json\/wp\/v2\/comments?post=5289"}],"version-history":[{"count":2,"href":"https:\/\/www.smpengineeredsolutions.com\/es\/wp-json\/wp\/v2\/pages\/5289\/revisions"}],"predecessor-version":[{"id":7005,"href":"https:\/\/www.smpengineeredsolutions.com\/es\/wp-json\/wp\/v2\/pages\/5289\/revisions\/7005"}],"up":[{"embeddable":true,"href":"https:\/\/www.smpengineeredsolutions.com\/es\/wp-json\/wp\/v2\/pages\/5264"}],"wp:attachment":[{"href":"https:\/\/www.smpengineeredsolutions.com\/es\/wp-json\/wp\/v2\/media?parent=5289"}],"curies":[{"name":"wp","href":"https:\/\/api.w.org\/{rel}","templated":true}]}}