{"id":5288,"date":"2023-01-10T07:28:41","date_gmt":"2023-01-10T07:28:41","guid":{"rendered":"https:\/\/smpengineeredsolutions.com\/?page_id=5288"},"modified":"2023-09-08T06:22:13","modified_gmt":"2023-09-08T06:22:13","slug":"abrazaderas-tx","status":"publish","type":"page","link":"https:\/\/www.smpengineeredsolutions.com\/es\/productos\/abrazaderas\/abrazaderas-metalicas-resistentes\/abrazaderas-tx\/","title":{"rendered":"Abrazaderas TX"},"content":{"rendered":"<div class=\"feature-img-right\">\n<a class=\"lightbox\" href=\"\/wp-content\/uploads\/Schneckengewindeschelle_TX-5353-1dc00d69.jpg\"><img decoding=\"async\" title=\"Abrazaderas TX\" src=\"\/wp-content\/uploads\/Schneckengewindeschelle_TX-5353-1dc00d69.jpg\" alt=\"Abrazaderas TX\" width=\"300\"\/><\/a><\/div>\n<p>Las abrazaderas de manguera de tornillo sin fin de la serie <strong>TX<\/strong> cumplen la norma <strong>DIN 3017<\/strong> y la <strong>norma de la empresa MAN M3259<\/strong>.<\/p>\n<p>Est\u00e1n dise\u00f1adas para cumplir los requisitos t\u00e9cnicos m\u00e1s exigentes para conectores de mangueras y se utilizan en \u00e1reas donde se aplican fuerzas de tracci\u00f3n y pares de torsi\u00f3n de fractura extremadamente elevados.<\/p>\n<p>El ancho de la banda es de 12 mm. La carcasa y el tornillo son de acero inoxidable 1.4016 (W3) y la banda de acero inoxidable 1.4301 (W4). El ancho entre planos es de 8 mm (WAF 8). La abrazadera TX tiene una perforaci\u00f3n de banda en relieve con el interior liso.<\/p>\n<p><strong>Ejemplos:<\/strong><br \/>\nConexiones de aire de carga, conexiones de agua de refrigeraci\u00f3n, conexiones de mangueras de cualquier tipo y, en particular, en la industria del autom\u00f3vil.<\/p>\n","protected":false},"excerpt":{"rendered":"<p>Las abrazaderas de manguera de tornillo sin fin de la serie TX cumplen la norma DIN 3017 y la norma de la empresa MAN M3259. Est\u00e1n dise\u00f1adas para cumplir los requisitos t\u00e9cnicos m\u00e1s exigentes para conectores de mangueras y se utilizan en \u00e1reas donde se aplican fuerzas de tracci\u00f3n y pares de torsi\u00f3n de fractura&#8230; [&#8230;]<\/p>\n<p><a class=\"btn btn-secondary understrap-read-more-link\" href=\"https:\/\/www.smpengineeredsolutions.com\/es\/productos\/abrazaderas\/abrazaderas-metalicas-resistentes\/abrazaderas-tx\/\">Leer m\u00e1s&#8230;<\/a><\/p>\n","protected":false},"author":27,"featured_media":0,"parent":5280,"menu_order":0,"comment_status":"closed","ping_status":"closed","template":"page-templates\/destination-content.php","meta":{"_acf_changed":false,"inline_featured_image":false,"footnotes":""},"class_list":["post-5288","page","type-page","status-publish","hentry"],"featured_image_src":null,"acf":[],"yoast_head":"<!-- This site is optimized with the Yoast SEO Premium plugin v27.2 (Yoast SEO v27.2) - https:\/\/yoast.com\/product\/yoast-seo-premium-wordpress\/ -->\n<title>Abrazaderas TX - Standard Motor Products, Inc.<\/title>\n<meta name=\"robots\" content=\"index, follow, max-snippet:-1, max-image-preview:large, max-video-preview:-1\" \/>\n<link rel=\"canonical\" href=\"https:\/\/www.smpengineeredsolutions.com\/es\/productos\/abrazaderas\/abrazaderas-metalicas-resistentes\/abrazaderas-tx\/\" \/>\n<meta property=\"og:locale\" content=\"es_ES\" \/>\n<meta property=\"og:type\" content=\"article\" \/>\n<meta property=\"og:title\" content=\"Abrazaderas TX\" \/>\n<meta property=\"og:description\" content=\"Las abrazaderas de manguera de tornillo sin fin de la serie TX cumplen la norma DIN 3017 y la norma de la empresa MAN M3259. Est\u00e1n dise\u00f1adas para cumplir los requisitos t\u00e9cnicos m\u00e1s exigentes para conectores de mangueras y se utilizan en \u00e1reas donde se aplican fuerzas de tracci\u00f3n y pares de torsi\u00f3n de fractura... [...]Leer m\u00e1s...\" \/>\n<meta property=\"og:url\" content=\"https:\/\/www.smpengineeredsolutions.com\/es\/productos\/abrazaderas\/abrazaderas-metalicas-resistentes\/abrazaderas-tx\/\" \/>\n<meta property=\"og:site_name\" content=\"Standard Motor Products, Inc.\" \/>\n<meta property=\"article:modified_time\" content=\"2023-09-08T06:22:13+00:00\" \/>\n<script type=\"application\/ld+json\" class=\"yoast-schema-graph\">{\"@context\":\"https:\/\/schema.org\",\"@graph\":[{\"@type\":\"WebPage\",\"@id\":\"https:\/\/www.smpengineeredsolutions.com\/es\/productos\/abrazaderas\/abrazaderas-metalicas-resistentes\/abrazaderas-tx\/\",\"url\":\"https:\/\/www.smpengineeredsolutions.com\/es\/productos\/abrazaderas\/abrazaderas-metalicas-resistentes\/abrazaderas-tx\/\",\"name\":\"Abrazaderas TX - Standard Motor Products, Inc.\",\"isPartOf\":{\"@id\":\"https:\/\/www.smpengineeredsolutions.com\/es\/#website\"},\"datePublished\":\"2023-01-10T07:28:41+00:00\",\"dateModified\":\"2023-09-08T06:22:13+00:00\",\"breadcrumb\":{\"@id\":\"https:\/\/www.smpengineeredsolutions.com\/es\/productos\/abrazaderas\/abrazaderas-metalicas-resistentes\/abrazaderas-tx\/#breadcrumb\"},\"inLanguage\":\"es\",\"potentialAction\":[{\"@type\":\"ReadAction\",\"target\":[\"https:\/\/www.smpengineeredsolutions.com\/es\/productos\/abrazaderas\/abrazaderas-metalicas-resistentes\/abrazaderas-tx\/\"]}]},{\"@type\":\"BreadcrumbList\",\"@id\":\"https:\/\/www.smpengineeredsolutions.com\/es\/productos\/abrazaderas\/abrazaderas-metalicas-resistentes\/abrazaderas-tx\/#breadcrumb\",\"itemListElement\":[{\"@type\":\"ListItem\",\"position\":1,\"name\":\"Home\",\"item\":\"https:\/\/www.smpengineeredsolutions.com\/es\/\"},{\"@type\":\"ListItem\",\"position\":2,\"name\":\"Productos\",\"item\":\"https:\/\/www.smpengineeredsolutions.com\/es\/productos\/\"},{\"@type\":\"ListItem\",\"position\":3,\"name\":\"Abrazaderas\",\"item\":\"https:\/\/www.96ce9a62-fe5f-4a67-a933-f08256570101.a.smpengineeredsolutions.com\/es\/productos\/abrazaderas\/\"},{\"@type\":\"ListItem\",\"position\":4,\"name\":\"Abrazaderas met\u00e1licas resistentes\",\"item\":\"https:\/\/www.96ce9a62-fe5f-4a67-a933-f08256570101.a.smpengineeredsolutions.com\/es\/productos\/abrazaderas\/abrazaderas-metalicas-resistentes\/\"},{\"@type\":\"ListItem\",\"position\":5,\"name\":\"Abrazaderas TX\"}]},{\"@type\":\"WebSite\",\"@id\":\"https:\/\/www.smpengineeredsolutions.com\/es\/#website\",\"url\":\"https:\/\/www.smpengineeredsolutions.com\/es\/\",\"name\":\"Standard Motor Products, Inc.\",\"description\":\"\",\"publisher\":{\"@id\":\"https:\/\/www.smpengineeredsolutions.com\/es\/#organization\"},\"potentialAction\":[{\"@type\":\"SearchAction\",\"target\":{\"@type\":\"EntryPoint\",\"urlTemplate\":\"https:\/\/www.smpengineeredsolutions.com\/es\/?s={search_term_string}\"},\"query-input\":{\"@type\":\"PropertyValueSpecification\",\"valueRequired\":true,\"valueName\":\"search_term_string\"}}],\"inLanguage\":\"es\"},{\"@type\":\"Organization\",\"@id\":\"https:\/\/www.smpengineeredsolutions.com\/es\/#organization\",\"name\":\"SMP\u00ae Engineered Solutions\",\"url\":\"https:\/\/www.smpengineeredsolutions.com\/es\/\",\"logo\":{\"@type\":\"ImageObject\",\"inLanguage\":\"es\",\"@id\":\"https:\/\/www.smpengineeredsolutions.com\/es\/#\/schema\/logo\/image\/\",\"url\":\"https:\/\/www.a.smpengineeredsolutions.com\/wp-content\/uploads\/smp-logo.png\",\"contentUrl\":\"https:\/\/www.a.smpengineeredsolutions.com\/wp-content\/uploads\/smp-logo.png\",\"width\":264,\"height\":117,\"caption\":\"SMP\u00ae Engineered Solutions\"},\"image\":{\"@id\":\"https:\/\/www.smpengineeredsolutions.com\/es\/#\/schema\/logo\/image\/\"},\"sameAs\":[\"https:\/\/www.youtube.com\/@StandardMotorProductsInc\",\"https:\/\/www.linkedin.com\/company\/standard-motor-products\"]}]}<\/script>\n<!-- \/ Yoast SEO Premium plugin. -->","yoast_head_json":{"title":"Abrazaderas TX - Standard Motor Products, Inc.","robots":{"index":"index","follow":"follow","max-snippet":"max-snippet:-1","max-image-preview":"max-image-preview:large","max-video-preview":"max-video-preview:-1"},"canonical":"https:\/\/www.smpengineeredsolutions.com\/es\/productos\/abrazaderas\/abrazaderas-metalicas-resistentes\/abrazaderas-tx\/","og_locale":"es_ES","og_type":"article","og_title":"Abrazaderas TX","og_description":"Las abrazaderas de manguera de tornillo sin fin de la serie TX cumplen la norma DIN 3017 y la norma de la empresa MAN M3259. Est\u00e1n dise\u00f1adas para cumplir los requisitos t\u00e9cnicos m\u00e1s exigentes para conectores de mangueras y se utilizan en \u00e1reas donde se aplican fuerzas de tracci\u00f3n y pares de torsi\u00f3n de fractura... [...]Leer m\u00e1s...","og_url":"https:\/\/www.smpengineeredsolutions.com\/es\/productos\/abrazaderas\/abrazaderas-metalicas-resistentes\/abrazaderas-tx\/","og_site_name":"Standard Motor Products, Inc.","article_modified_time":"2023-09-08T06:22:13+00:00","schema":{"@context":"https:\/\/schema.org","@graph":[{"@type":"WebPage","@id":"https:\/\/www.smpengineeredsolutions.com\/es\/productos\/abrazaderas\/abrazaderas-metalicas-resistentes\/abrazaderas-tx\/","url":"https:\/\/www.smpengineeredsolutions.com\/es\/productos\/abrazaderas\/abrazaderas-metalicas-resistentes\/abrazaderas-tx\/","name":"Abrazaderas TX - Standard Motor Products, Inc.","isPartOf":{"@id":"https:\/\/www.smpengineeredsolutions.com\/es\/#website"},"datePublished":"2023-01-10T07:28:41+00:00","dateModified":"2023-09-08T06:22:13+00:00","breadcrumb":{"@id":"https:\/\/www.smpengineeredsolutions.com\/es\/productos\/abrazaderas\/abrazaderas-metalicas-resistentes\/abrazaderas-tx\/#breadcrumb"},"inLanguage":"es","potentialAction":[{"@type":"ReadAction","target":["https:\/\/www.smpengineeredsolutions.com\/es\/productos\/abrazaderas\/abrazaderas-metalicas-resistentes\/abrazaderas-tx\/"]}]},{"@type":"BreadcrumbList","@id":"https:\/\/www.smpengineeredsolutions.com\/es\/productos\/abrazaderas\/abrazaderas-metalicas-resistentes\/abrazaderas-tx\/#breadcrumb","itemListElement":[{"@type":"ListItem","position":1,"name":"Home","item":"https:\/\/www.smpengineeredsolutions.com\/es\/"},{"@type":"ListItem","position":2,"name":"Productos","item":"https:\/\/www.smpengineeredsolutions.com\/es\/productos\/"},{"@type":"ListItem","position":3,"name":"Abrazaderas","item":"https:\/\/www.96ce9a62-fe5f-4a67-a933-f08256570101.a.smpengineeredsolutions.com\/es\/productos\/abrazaderas\/"},{"@type":"ListItem","position":4,"name":"Abrazaderas met\u00e1licas resistentes","item":"https:\/\/www.96ce9a62-fe5f-4a67-a933-f08256570101.a.smpengineeredsolutions.com\/es\/productos\/abrazaderas\/abrazaderas-metalicas-resistentes\/"},{"@type":"ListItem","position":5,"name":"Abrazaderas TX"}]},{"@type":"WebSite","@id":"https:\/\/www.smpengineeredsolutions.com\/es\/#website","url":"https:\/\/www.smpengineeredsolutions.com\/es\/","name":"Standard Motor Products, Inc.","description":"","publisher":{"@id":"https:\/\/www.smpengineeredsolutions.com\/es\/#organization"},"potentialAction":[{"@type":"SearchAction","target":{"@type":"EntryPoint","urlTemplate":"https:\/\/www.smpengineeredsolutions.com\/es\/?s={search_term_string}"},"query-input":{"@type":"PropertyValueSpecification","valueRequired":true,"valueName":"search_term_string"}}],"inLanguage":"es"},{"@type":"Organization","@id":"https:\/\/www.smpengineeredsolutions.com\/es\/#organization","name":"SMP\u00ae Engineered Solutions","url":"https:\/\/www.smpengineeredsolutions.com\/es\/","logo":{"@type":"ImageObject","inLanguage":"es","@id":"https:\/\/www.smpengineeredsolutions.com\/es\/#\/schema\/logo\/image\/","url":"https:\/\/www.a.smpengineeredsolutions.com\/wp-content\/uploads\/smp-logo.png","contentUrl":"https:\/\/www.a.smpengineeredsolutions.com\/wp-content\/uploads\/smp-logo.png","width":264,"height":117,"caption":"SMP\u00ae Engineered Solutions"},"image":{"@id":"https:\/\/www.smpengineeredsolutions.com\/es\/#\/schema\/logo\/image\/"},"sameAs":["https:\/\/www.youtube.com\/@StandardMotorProductsInc","https:\/\/www.linkedin.com\/company\/standard-motor-products"]}]}},"_links":{"self":[{"href":"https:\/\/www.smpengineeredsolutions.com\/es\/wp-json\/wp\/v2\/pages\/5288","targetHints":{"allow":["GET"]}}],"collection":[{"href":"https:\/\/www.smpengineeredsolutions.com\/es\/wp-json\/wp\/v2\/pages"}],"about":[{"href":"https:\/\/www.smpengineeredsolutions.com\/es\/wp-json\/wp\/v2\/types\/page"}],"author":[{"embeddable":true,"href":"https:\/\/www.smpengineeredsolutions.com\/es\/wp-json\/wp\/v2\/users\/27"}],"replies":[{"embeddable":true,"href":"https:\/\/www.smpengineeredsolutions.com\/es\/wp-json\/wp\/v2\/comments?post=5288"}],"version-history":[{"count":0,"href":"https:\/\/www.smpengineeredsolutions.com\/es\/wp-json\/wp\/v2\/pages\/5288\/revisions"}],"up":[{"embeddable":true,"href":"https:\/\/www.smpengineeredsolutions.com\/es\/wp-json\/wp\/v2\/pages\/5280"}],"wp:attachment":[{"href":"https:\/\/www.smpengineeredsolutions.com\/es\/wp-json\/wp\/v2\/media?parent=5288"}],"curies":[{"name":"wp","href":"https:\/\/api.w.org\/{rel}","templated":true}]}}