{"id":5287,"date":"2023-01-10T07:33:41","date_gmt":"2023-01-10T12:33:41","guid":{"rendered":"https:\/\/smpengineeredsolutions.com\/?page_id=5287"},"modified":"2025-02-19T09:34:31","modified_gmt":"2025-02-19T14:34:31","slug":"abrazaderas-de-banda-en-v","status":"publish","type":"page","link":"https:\/\/www.smpengineeredsolutions.com\/es\/productos\/abrazaderas\/abrazaderas-metalicas-resistentes\/abrazaderas-de-banda-en-v\/","title":{"rendered":"Abrazaderas de banda en V"},"content":{"rendered":"<div class=\"feature-img-right\"><a class=\"lightbox\" href=\"\/wp-content\/uploads\/V-Schelle_5364-cc633cc6.jpg\"><img loading=\"lazy\" decoding=\"async\" class=\"alignnone\" title=\"Abrazaderas de banda en V\" src=\"\/wp-content\/uploads\/V-Schelle_5364-cc633cc6.jpg\" alt=\"Abrazaderas met\u00e1licas de banda en V de alta resistencia para aplicaciones de automoci\u00f3n de SMP Engineered Solutions. \" width=\"300\" height=\"167\" \/><\/a><\/div>\n<p>Las abrazaderas de banda en forma de V son elementos de fijaci\u00f3n confiables y f\u00e1ciles de instalar. Formadas por segmentos de banda, cierre r\u00e1pido y perfil, ofrecen un elevado par de torsi\u00f3n y una gran estanqueidad. Se fabrican seg\u00fan los requisitos del cliente y est\u00e1n disponibles con distintos perfiles, anchos de banda y tipos de cierre. Adem\u00e1s de su f\u00e1cil manejo, las abrazaderas en forma de V tambi\u00e9n permiten una r\u00e1pida instalaci\u00f3n. Otra ventaja frente a las abrazaderas convencionales es su menor peso.<\/p>\n<p><strong>Ejemplos:<\/strong><br \/>\nConexiones del turbocompresor, colectores de escape, componentes para el tratamiento de los gases de escape (catalizador, filtro de part\u00edculas), postratamiento de los gases de escape (conexiones de los tubos de escape).<\/p>\n","protected":false},"excerpt":{"rendered":"<p>Las abrazaderas de banda en forma de V son elementos de fijaci\u00f3n confiables y f\u00e1ciles de instalar. Formadas por segmentos de banda, cierre r\u00e1pido y perfil, ofrecen un elevado par de torsi\u00f3n y una gran estanqueidad. Se fabrican seg\u00fan los requisitos del cliente y est\u00e1n disponibles con distintos perfiles, anchos de banda y tipos de&#8230; [&#8230;]<\/p>\n<p><a class=\"btn btn-secondary understrap-read-more-link\" href=\"https:\/\/www.smpengineeredsolutions.com\/es\/productos\/abrazaderas\/abrazaderas-metalicas-resistentes\/abrazaderas-de-banda-en-v\/\">Leer m\u00e1s&#8230;<\/a><\/p>\n","protected":false},"author":27,"featured_media":0,"parent":5280,"menu_order":0,"comment_status":"closed","ping_status":"closed","template":"page-templates\/destination-content.php","meta":{"_acf_changed":false,"inline_featured_image":false,"footnotes":""},"class_list":["post-5287","page","type-page","status-publish","hentry"],"featured_image_src":null,"acf":[],"yoast_head":"<!-- This site is optimized with the Yoast SEO Premium plugin v27.4 (Yoast SEO v27.4) - https:\/\/yoast.com\/product\/yoast-seo-premium-wordpress\/ -->\n<title>Abrazaderas de banda en V | STABIL VERBINDUNGSTECHNIK<\/title>\n<meta name=\"description\" content=\"Consulte nuestras abrazaderas de banda en V. Nuestras abrazaderas de banda en V est\u00e1n fabricadas con materiales de alta calidad y pueden satisfacer las necesidades de su aplicaci\u00f3n. M\u00e1s informaci\u00f3n\" \/>\n<meta name=\"robots\" content=\"index, follow, max-snippet:-1, max-image-preview:large, max-video-preview:-1\" \/>\n<link rel=\"canonical\" href=\"https:\/\/www.smpengineeredsolutions.com\/es\/productos\/abrazaderas\/abrazaderas-metalicas-resistentes\/abrazaderas-de-banda-en-v\/\" \/>\n<meta property=\"og:locale\" content=\"es_ES\" \/>\n<meta property=\"og:type\" content=\"article\" \/>\n<meta property=\"og:title\" content=\"Abrazaderas de banda en V\" \/>\n<meta property=\"og:description\" content=\"Consulte nuestras abrazaderas de banda en V. Nuestras abrazaderas de banda en V est\u00e1n fabricadas con materiales de alta calidad y pueden satisfacer las necesidades de su aplicaci\u00f3n. M\u00e1s informaci\u00f3n\" \/>\n<meta property=\"og:url\" content=\"https:\/\/www.smpengineeredsolutions.com\/es\/productos\/abrazaderas\/abrazaderas-metalicas-resistentes\/abrazaderas-de-banda-en-v\/\" \/>\n<meta property=\"og:site_name\" content=\"Standard Motor Products, Inc.\" \/>\n<meta property=\"article:modified_time\" content=\"2025-02-19T14:34:31+00:00\" \/>\n<meta name=\"twitter:label1\" content=\"Tiempo de lectura\" \/>\n\t<meta name=\"twitter:data1\" content=\"1 minuto\" \/>\n<script type=\"application\/ld+json\" class=\"yoast-schema-graph\">{\"@context\":\"https:\\\/\\\/schema.org\",\"@graph\":[{\"@type\":\"WebPage\",\"@id\":\"https:\\\/\\\/www.smpengineeredsolutions.com\\\/es\\\/productos\\\/abrazaderas\\\/abrazaderas-metalicas-resistentes\\\/abrazaderas-de-banda-en-v\\\/\",\"url\":\"https:\\\/\\\/www.smpengineeredsolutions.com\\\/es\\\/productos\\\/abrazaderas\\\/abrazaderas-metalicas-resistentes\\\/abrazaderas-de-banda-en-v\\\/\",\"name\":\"Abrazaderas de banda en V | STABIL VERBINDUNGSTECHNIK\",\"isPartOf\":{\"@id\":\"https:\\\/\\\/www._tcp.smpengineeredsolutions.com\\\/#website\"},\"datePublished\":\"2023-01-10T12:33:41+00:00\",\"dateModified\":\"2025-02-19T14:34:31+00:00\",\"description\":\"Consulte nuestras abrazaderas de banda en V. Nuestras abrazaderas de banda en V est\u00e1n fabricadas con materiales de alta calidad y pueden satisfacer las necesidades de su aplicaci\u00f3n. M\u00e1s informaci\u00f3n\",\"breadcrumb\":{\"@id\":\"https:\\\/\\\/www.smpengineeredsolutions.com\\\/es\\\/productos\\\/abrazaderas\\\/abrazaderas-metalicas-resistentes\\\/abrazaderas-de-banda-en-v\\\/#breadcrumb\"},\"inLanguage\":\"es\",\"potentialAction\":[{\"@type\":\"ReadAction\",\"target\":[\"https:\\\/\\\/www.smpengineeredsolutions.com\\\/es\\\/productos\\\/abrazaderas\\\/abrazaderas-metalicas-resistentes\\\/abrazaderas-de-banda-en-v\\\/\"]}]},{\"@type\":\"BreadcrumbList\",\"@id\":\"https:\\\/\\\/www.smpengineeredsolutions.com\\\/es\\\/productos\\\/abrazaderas\\\/abrazaderas-metalicas-resistentes\\\/abrazaderas-de-banda-en-v\\\/#breadcrumb\",\"itemListElement\":[{\"@type\":\"ListItem\",\"position\":1,\"name\":\"Home\",\"item\":\"https:\\\/\\\/www.smpengineeredsolutions.com\\\/es\\\/\"},{\"@type\":\"ListItem\",\"position\":2,\"name\":\"Productos\",\"item\":\"https:\\\/\\\/www.smpengineeredsolutions.com\\\/es\\\/productos\\\/\"},{\"@type\":\"ListItem\",\"position\":3,\"name\":\"Abrazaderas\",\"item\":\"https:\\\/\\\/www.smpengineeredsolutions.com\\\/es\\\/productos\\\/abrazaderas\\\/\"},{\"@type\":\"ListItem\",\"position\":4,\"name\":\"Abrazaderas met\u00e1licas resistentes\",\"item\":\"https:\\\/\\\/www.smpengineeredsolutions.com\\\/es\\\/productos\\\/abrazaderas\\\/abrazaderas-metalicas-resistentes\\\/\"},{\"@type\":\"ListItem\",\"position\":5,\"name\":\"Abrazaderas de banda en V\"}]},{\"@type\":\"WebSite\",\"@id\":\"https:\\\/\\\/www._tcp.smpengineeredsolutions.com\\\/#website\",\"url\":\"https:\\\/\\\/www._tcp.smpengineeredsolutions.com\\\/\",\"name\":\"Standard Motor Products, Inc.\",\"description\":\"\",\"publisher\":{\"@id\":\"https:\\\/\\\/www._tcp.smpengineeredsolutions.com\\\/#organization\"},\"potentialAction\":[{\"@type\":\"SearchAction\",\"target\":{\"@type\":\"EntryPoint\",\"urlTemplate\":\"https:\\\/\\\/www._tcp.smpengineeredsolutions.com\\\/?s={search_term_string}\"},\"query-input\":{\"@type\":\"PropertyValueSpecification\",\"valueRequired\":true,\"valueName\":\"search_term_string\"}}],\"inLanguage\":\"es\"},{\"@type\":\"Organization\",\"@id\":\"https:\\\/\\\/www._tcp.smpengineeredsolutions.com\\\/#organization\",\"name\":\"SMP\u00ae Engineered Solutions\",\"url\":\"https:\\\/\\\/www._tcp.smpengineeredsolutions.com\\\/\",\"logo\":{\"@type\":\"ImageObject\",\"inLanguage\":\"es\",\"@id\":\"https:\\\/\\\/www._tcp.smpengineeredsolutions.com\\\/#\\\/schema\\\/logo\\\/image\\\/\",\"url\":\"https:\\\/\\\/www.a.smpengineeredsolutions.com\\\/wp-content\\\/uploads\\\/smp-logo.png\",\"contentUrl\":\"https:\\\/\\\/www.a.smpengineeredsolutions.com\\\/wp-content\\\/uploads\\\/smp-logo.png\",\"width\":264,\"height\":117,\"caption\":\"SMP\u00ae Engineered Solutions\"},\"image\":{\"@id\":\"https:\\\/\\\/www._tcp.smpengineeredsolutions.com\\\/#\\\/schema\\\/logo\\\/image\\\/\"},\"sameAs\":[\"https:\\\/\\\/www.youtube.com\\\/@StandardMotorProductsInc\",\"https:\\\/\\\/www.linkedin.com\\\/company\\\/standard-motor-products\"]}]}<\/script>\n<!-- \/ Yoast SEO Premium plugin. -->","yoast_head_json":{"title":"Abrazaderas de banda en V | STABIL VERBINDUNGSTECHNIK","description":"Consulte nuestras abrazaderas de banda en V. Nuestras abrazaderas de banda en V est\u00e1n fabricadas con materiales de alta calidad y pueden satisfacer las necesidades de su aplicaci\u00f3n. M\u00e1s informaci\u00f3n","robots":{"index":"index","follow":"follow","max-snippet":"max-snippet:-1","max-image-preview":"max-image-preview:large","max-video-preview":"max-video-preview:-1"},"canonical":"https:\/\/www.smpengineeredsolutions.com\/es\/productos\/abrazaderas\/abrazaderas-metalicas-resistentes\/abrazaderas-de-banda-en-v\/","og_locale":"es_ES","og_type":"article","og_title":"Abrazaderas de banda en V","og_description":"Consulte nuestras abrazaderas de banda en V. Nuestras abrazaderas de banda en V est\u00e1n fabricadas con materiales de alta calidad y pueden satisfacer las necesidades de su aplicaci\u00f3n. M\u00e1s informaci\u00f3n","og_url":"https:\/\/www.smpengineeredsolutions.com\/es\/productos\/abrazaderas\/abrazaderas-metalicas-resistentes\/abrazaderas-de-banda-en-v\/","og_site_name":"Standard Motor Products, Inc.","article_modified_time":"2025-02-19T14:34:31+00:00","twitter_misc":{"Tiempo de lectura":"1 minuto"},"schema":{"@context":"https:\/\/schema.org","@graph":[{"@type":"WebPage","@id":"https:\/\/www.smpengineeredsolutions.com\/es\/productos\/abrazaderas\/abrazaderas-metalicas-resistentes\/abrazaderas-de-banda-en-v\/","url":"https:\/\/www.smpengineeredsolutions.com\/es\/productos\/abrazaderas\/abrazaderas-metalicas-resistentes\/abrazaderas-de-banda-en-v\/","name":"Abrazaderas de banda en V | STABIL VERBINDUNGSTECHNIK","isPartOf":{"@id":"https:\/\/www._tcp.smpengineeredsolutions.com\/#website"},"datePublished":"2023-01-10T12:33:41+00:00","dateModified":"2025-02-19T14:34:31+00:00","description":"Consulte nuestras abrazaderas de banda en V. Nuestras abrazaderas de banda en V est\u00e1n fabricadas con materiales de alta calidad y pueden satisfacer las necesidades de su aplicaci\u00f3n. M\u00e1s informaci\u00f3n","breadcrumb":{"@id":"https:\/\/www.smpengineeredsolutions.com\/es\/productos\/abrazaderas\/abrazaderas-metalicas-resistentes\/abrazaderas-de-banda-en-v\/#breadcrumb"},"inLanguage":"es","potentialAction":[{"@type":"ReadAction","target":["https:\/\/www.smpengineeredsolutions.com\/es\/productos\/abrazaderas\/abrazaderas-metalicas-resistentes\/abrazaderas-de-banda-en-v\/"]}]},{"@type":"BreadcrumbList","@id":"https:\/\/www.smpengineeredsolutions.com\/es\/productos\/abrazaderas\/abrazaderas-metalicas-resistentes\/abrazaderas-de-banda-en-v\/#breadcrumb","itemListElement":[{"@type":"ListItem","position":1,"name":"Home","item":"https:\/\/www.smpengineeredsolutions.com\/es\/"},{"@type":"ListItem","position":2,"name":"Productos","item":"https:\/\/www.smpengineeredsolutions.com\/es\/productos\/"},{"@type":"ListItem","position":3,"name":"Abrazaderas","item":"https:\/\/www.smpengineeredsolutions.com\/es\/productos\/abrazaderas\/"},{"@type":"ListItem","position":4,"name":"Abrazaderas met\u00e1licas resistentes","item":"https:\/\/www.smpengineeredsolutions.com\/es\/productos\/abrazaderas\/abrazaderas-metalicas-resistentes\/"},{"@type":"ListItem","position":5,"name":"Abrazaderas de banda en V"}]},{"@type":"WebSite","@id":"https:\/\/www._tcp.smpengineeredsolutions.com\/#website","url":"https:\/\/www._tcp.smpengineeredsolutions.com\/","name":"Standard Motor Products, Inc.","description":"","publisher":{"@id":"https:\/\/www._tcp.smpengineeredsolutions.com\/#organization"},"potentialAction":[{"@type":"SearchAction","target":{"@type":"EntryPoint","urlTemplate":"https:\/\/www._tcp.smpengineeredsolutions.com\/?s={search_term_string}"},"query-input":{"@type":"PropertyValueSpecification","valueRequired":true,"valueName":"search_term_string"}}],"inLanguage":"es"},{"@type":"Organization","@id":"https:\/\/www._tcp.smpengineeredsolutions.com\/#organization","name":"SMP\u00ae Engineered Solutions","url":"https:\/\/www._tcp.smpengineeredsolutions.com\/","logo":{"@type":"ImageObject","inLanguage":"es","@id":"https:\/\/www._tcp.smpengineeredsolutions.com\/#\/schema\/logo\/image\/","url":"https:\/\/www.a.smpengineeredsolutions.com\/wp-content\/uploads\/smp-logo.png","contentUrl":"https:\/\/www.a.smpengineeredsolutions.com\/wp-content\/uploads\/smp-logo.png","width":264,"height":117,"caption":"SMP\u00ae Engineered Solutions"},"image":{"@id":"https:\/\/www._tcp.smpengineeredsolutions.com\/#\/schema\/logo\/image\/"},"sameAs":["https:\/\/www.youtube.com\/@StandardMotorProductsInc","https:\/\/www.linkedin.com\/company\/standard-motor-products"]}]}},"_links":{"self":[{"href":"https:\/\/www.smpengineeredsolutions.com\/es\/wp-json\/wp\/v2\/pages\/5287","targetHints":{"allow":["GET"]}}],"collection":[{"href":"https:\/\/www.smpengineeredsolutions.com\/es\/wp-json\/wp\/v2\/pages"}],"about":[{"href":"https:\/\/www.smpengineeredsolutions.com\/es\/wp-json\/wp\/v2\/types\/page"}],"author":[{"embeddable":true,"href":"https:\/\/www.smpengineeredsolutions.com\/es\/wp-json\/wp\/v2\/users\/27"}],"replies":[{"embeddable":true,"href":"https:\/\/www.smpengineeredsolutions.com\/es\/wp-json\/wp\/v2\/comments?post=5287"}],"version-history":[{"count":2,"href":"https:\/\/www.smpengineeredsolutions.com\/es\/wp-json\/wp\/v2\/pages\/5287\/revisions"}],"predecessor-version":[{"id":7732,"href":"https:\/\/www.smpengineeredsolutions.com\/es\/wp-json\/wp\/v2\/pages\/5287\/revisions\/7732"}],"up":[{"embeddable":true,"href":"https:\/\/www.smpengineeredsolutions.com\/es\/wp-json\/wp\/v2\/pages\/5280"}],"wp:attachment":[{"href":"https:\/\/www.smpengineeredsolutions.com\/es\/wp-json\/wp\/v2\/media?parent=5287"}],"curies":[{"name":"wp","href":"https:\/\/api.w.org\/{rel}","templated":true}]}}