{"id":5284,"date":"2023-01-10T07:25:19","date_gmt":"2023-01-10T12:25:19","guid":{"rendered":"https:\/\/smpengineeredsolutions.com\/?page_id=5284"},"modified":"2024-07-03T11:10:00","modified_gmt":"2024-07-03T15:10:00","slug":"abrazaderas-de-tubos-m6-and-m8","status":"publish","type":"page","link":"https:\/\/www.smpengineeredsolutions.com\/es\/productos\/abrazaderas\/abrazaderas-metalicas-resistentes\/abrazaderas-de-tubos-m6-and-m8\/","title":{"rendered":"Abrazaderas de tubos (M6 And M8)"},"content":{"rendered":"<div class=\"feature-img-right\"><a class=\"lightbox\" href=\"\/wp-content\/uploads\/Rohrschelle_M6_und_M8-5370-def70a64.jpg\"><img decoding=\"async\" title=\"Abrazaderas de tubos \" src=\"\/wp-content\/uploads\/Rohrschelle_M6_und_M8-5370-def70a64.jpg\" alt=\"Abrazaderas de tubos \" width=\"300\" \/><\/a><\/div>\n<p>La serie RS son abrazaderas de tubo con orificios extruidos o tuercas soldadas para conectar de forma segura tubos o conductos anidados en el cuello. Las abrazaderas son adecuadas para altas temperaturas, como puede ocurrir, por ejemplo, en los sistemas de escape. Todos los subcomponentes est\u00e1n fabricados en acero inoxidable al cromo-n\u00edquel 1.4301 (W4).<\/p>\n<p><strong>Ejemplos:<\/strong><br \/>\nConexiones de tuber\u00edas con calentadores y sistemas de control de emisiones<\/p>\n","protected":false},"excerpt":{"rendered":"<p>La serie RS son abrazaderas de tubo con orificios extruidos o tuercas soldadas para conectar de forma segura tubos o conductos anidados en el cuello. Las abrazaderas son adecuadas para altas temperaturas, como puede ocurrir, por ejemplo, en los sistemas de escape. Todos los subcomponentes est\u00e1n fabricados en acero inoxidable al cromo-n\u00edquel 1.4301 (W4). Ejemplos:&#8230; [&#8230;]<\/p>\n<p><a class=\"btn btn-secondary understrap-read-more-link\" href=\"https:\/\/www.smpengineeredsolutions.com\/es\/productos\/abrazaderas\/abrazaderas-metalicas-resistentes\/abrazaderas-de-tubos-m6-and-m8\/\">Leer m\u00e1s&#8230;<\/a><\/p>\n","protected":false},"author":27,"featured_media":0,"parent":5280,"menu_order":0,"comment_status":"closed","ping_status":"closed","template":"page-templates\/destination-content.php","meta":{"_acf_changed":false,"inline_featured_image":false,"footnotes":""},"class_list":["post-5284","page","type-page","status-publish","hentry"],"featured_image_src":null,"acf":[],"yoast_head":"<!-- This site is optimized with the Yoast SEO Premium plugin v27.4 (Yoast SEO v27.4) - https:\/\/yoast.com\/product\/yoast-seo-premium-wordpress\/ -->\n<title>Abrazaderas de tubos (M6 And M8) - Standard Motor Products, Inc.<\/title>\n<meta name=\"description\" content=\"Eche un vistazo a nuestras abrazaderas de tubo. Nuestras abrazaderas de tubo est\u00e1n fabricadas con materiales de alta calidad y pueden satisfacer las necesidades de su aplicaci\u00f3n. M\u00e1s informaci\u00f3n\" \/>\n<meta name=\"robots\" content=\"index, follow, max-snippet:-1, max-image-preview:large, max-video-preview:-1\" \/>\n<link rel=\"canonical\" href=\"https:\/\/www.smpengineeredsolutions.com\/es\/productos\/abrazaderas\/abrazaderas-metalicas-resistentes\/abrazaderas-de-tubos-m6-and-m8\/\" \/>\n<meta property=\"og:locale\" content=\"es_ES\" \/>\n<meta property=\"og:type\" content=\"article\" \/>\n<meta property=\"og:title\" content=\"Abrazaderas de tubos (M6 And M8)\" \/>\n<meta property=\"og:description\" content=\"Eche un vistazo a nuestras abrazaderas de tubo. Nuestras abrazaderas de tubo est\u00e1n fabricadas con materiales de alta calidad y pueden satisfacer las necesidades de su aplicaci\u00f3n. M\u00e1s informaci\u00f3n\" \/>\n<meta property=\"og:url\" content=\"https:\/\/www.smpengineeredsolutions.com\/es\/productos\/abrazaderas\/abrazaderas-metalicas-resistentes\/abrazaderas-de-tubos-m6-and-m8\/\" \/>\n<meta property=\"og:site_name\" content=\"Standard Motor Products, Inc.\" \/>\n<meta property=\"article:modified_time\" content=\"2024-07-03T15:10:00+00:00\" \/>\n<meta name=\"twitter:label1\" content=\"Tiempo de lectura\" \/>\n\t<meta name=\"twitter:data1\" content=\"1 minuto\" \/>\n<script type=\"application\/ld+json\" class=\"yoast-schema-graph\">{\"@context\":\"https:\\\/\\\/schema.org\",\"@graph\":[{\"@type\":\"WebPage\",\"@id\":\"https:\\\/\\\/www.smpengineeredsolutions.com\\\/es\\\/productos\\\/abrazaderas\\\/abrazaderas-metalicas-resistentes\\\/abrazaderas-de-tubos-m6-and-m8\\\/\",\"url\":\"https:\\\/\\\/www.smpengineeredsolutions.com\\\/es\\\/productos\\\/abrazaderas\\\/abrazaderas-metalicas-resistentes\\\/abrazaderas-de-tubos-m6-and-m8\\\/\",\"name\":\"Abrazaderas de tubos (M6 And M8) - Standard Motor Products, Inc.\",\"isPartOf\":{\"@id\":\"https:\\\/\\\/www._tcp.smpengineeredsolutions.com\\\/#website\"},\"datePublished\":\"2023-01-10T12:25:19+00:00\",\"dateModified\":\"2024-07-03T15:10:00+00:00\",\"description\":\"Eche un vistazo a nuestras abrazaderas de tubo. Nuestras abrazaderas de tubo est\u00e1n fabricadas con materiales de alta calidad y pueden satisfacer las necesidades de su aplicaci\u00f3n. M\u00e1s informaci\u00f3n\",\"breadcrumb\":{\"@id\":\"https:\\\/\\\/www.smpengineeredsolutions.com\\\/es\\\/productos\\\/abrazaderas\\\/abrazaderas-metalicas-resistentes\\\/abrazaderas-de-tubos-m6-and-m8\\\/#breadcrumb\"},\"inLanguage\":\"es\",\"potentialAction\":[{\"@type\":\"ReadAction\",\"target\":[\"https:\\\/\\\/www.smpengineeredsolutions.com\\\/es\\\/productos\\\/abrazaderas\\\/abrazaderas-metalicas-resistentes\\\/abrazaderas-de-tubos-m6-and-m8\\\/\"]}]},{\"@type\":\"BreadcrumbList\",\"@id\":\"https:\\\/\\\/www.smpengineeredsolutions.com\\\/es\\\/productos\\\/abrazaderas\\\/abrazaderas-metalicas-resistentes\\\/abrazaderas-de-tubos-m6-and-m8\\\/#breadcrumb\",\"itemListElement\":[{\"@type\":\"ListItem\",\"position\":1,\"name\":\"Home\",\"item\":\"https:\\\/\\\/www.smpengineeredsolutions.com\\\/es\\\/\"},{\"@type\":\"ListItem\",\"position\":2,\"name\":\"Productos\",\"item\":\"https:\\\/\\\/www.smpengineeredsolutions.com\\\/es\\\/productos\\\/\"},{\"@type\":\"ListItem\",\"position\":3,\"name\":\"Abrazaderas\",\"item\":\"https:\\\/\\\/www.smpengineeredsolutions.com\\\/es\\\/productos\\\/abrazaderas\\\/\"},{\"@type\":\"ListItem\",\"position\":4,\"name\":\"Abrazaderas met\u00e1licas resistentes\",\"item\":\"https:\\\/\\\/www.smpengineeredsolutions.com\\\/es\\\/productos\\\/abrazaderas\\\/abrazaderas-metalicas-resistentes\\\/\"},{\"@type\":\"ListItem\",\"position\":5,\"name\":\"Abrazaderas de tubos (M6 And M8)\"}]},{\"@type\":\"WebSite\",\"@id\":\"https:\\\/\\\/www._tcp.smpengineeredsolutions.com\\\/#website\",\"url\":\"https:\\\/\\\/www._tcp.smpengineeredsolutions.com\\\/\",\"name\":\"Standard Motor Products, Inc.\",\"description\":\"\",\"publisher\":{\"@id\":\"https:\\\/\\\/www._tcp.smpengineeredsolutions.com\\\/#organization\"},\"potentialAction\":[{\"@type\":\"SearchAction\",\"target\":{\"@type\":\"EntryPoint\",\"urlTemplate\":\"https:\\\/\\\/www._tcp.smpengineeredsolutions.com\\\/?s={search_term_string}\"},\"query-input\":{\"@type\":\"PropertyValueSpecification\",\"valueRequired\":true,\"valueName\":\"search_term_string\"}}],\"inLanguage\":\"es\"},{\"@type\":\"Organization\",\"@id\":\"https:\\\/\\\/www._tcp.smpengineeredsolutions.com\\\/#organization\",\"name\":\"SMP\u00ae Engineered Solutions\",\"url\":\"https:\\\/\\\/www._tcp.smpengineeredsolutions.com\\\/\",\"logo\":{\"@type\":\"ImageObject\",\"inLanguage\":\"es\",\"@id\":\"https:\\\/\\\/www._tcp.smpengineeredsolutions.com\\\/#\\\/schema\\\/logo\\\/image\\\/\",\"url\":\"https:\\\/\\\/www.a.smpengineeredsolutions.com\\\/wp-content\\\/uploads\\\/smp-logo.png\",\"contentUrl\":\"https:\\\/\\\/www.a.smpengineeredsolutions.com\\\/wp-content\\\/uploads\\\/smp-logo.png\",\"width\":264,\"height\":117,\"caption\":\"SMP\u00ae Engineered Solutions\"},\"image\":{\"@id\":\"https:\\\/\\\/www._tcp.smpengineeredsolutions.com\\\/#\\\/schema\\\/logo\\\/image\\\/\"},\"sameAs\":[\"https:\\\/\\\/www.youtube.com\\\/@StandardMotorProductsInc\",\"https:\\\/\\\/www.linkedin.com\\\/company\\\/standard-motor-products\"]}]}<\/script>\n<!-- \/ Yoast SEO Premium plugin. -->","yoast_head_json":{"title":"Abrazaderas de tubos (M6 And M8) - Standard Motor Products, Inc.","description":"Eche un vistazo a nuestras abrazaderas de tubo. Nuestras abrazaderas de tubo est\u00e1n fabricadas con materiales de alta calidad y pueden satisfacer las necesidades de su aplicaci\u00f3n. M\u00e1s informaci\u00f3n","robots":{"index":"index","follow":"follow","max-snippet":"max-snippet:-1","max-image-preview":"max-image-preview:large","max-video-preview":"max-video-preview:-1"},"canonical":"https:\/\/www.smpengineeredsolutions.com\/es\/productos\/abrazaderas\/abrazaderas-metalicas-resistentes\/abrazaderas-de-tubos-m6-and-m8\/","og_locale":"es_ES","og_type":"article","og_title":"Abrazaderas de tubos (M6 And M8)","og_description":"Eche un vistazo a nuestras abrazaderas de tubo. Nuestras abrazaderas de tubo est\u00e1n fabricadas con materiales de alta calidad y pueden satisfacer las necesidades de su aplicaci\u00f3n. M\u00e1s informaci\u00f3n","og_url":"https:\/\/www.smpengineeredsolutions.com\/es\/productos\/abrazaderas\/abrazaderas-metalicas-resistentes\/abrazaderas-de-tubos-m6-and-m8\/","og_site_name":"Standard Motor Products, Inc.","article_modified_time":"2024-07-03T15:10:00+00:00","twitter_misc":{"Tiempo de lectura":"1 minuto"},"schema":{"@context":"https:\/\/schema.org","@graph":[{"@type":"WebPage","@id":"https:\/\/www.smpengineeredsolutions.com\/es\/productos\/abrazaderas\/abrazaderas-metalicas-resistentes\/abrazaderas-de-tubos-m6-and-m8\/","url":"https:\/\/www.smpengineeredsolutions.com\/es\/productos\/abrazaderas\/abrazaderas-metalicas-resistentes\/abrazaderas-de-tubos-m6-and-m8\/","name":"Abrazaderas de tubos (M6 And M8) - Standard Motor Products, Inc.","isPartOf":{"@id":"https:\/\/www._tcp.smpengineeredsolutions.com\/#website"},"datePublished":"2023-01-10T12:25:19+00:00","dateModified":"2024-07-03T15:10:00+00:00","description":"Eche un vistazo a nuestras abrazaderas de tubo. Nuestras abrazaderas de tubo est\u00e1n fabricadas con materiales de alta calidad y pueden satisfacer las necesidades de su aplicaci\u00f3n. M\u00e1s informaci\u00f3n","breadcrumb":{"@id":"https:\/\/www.smpengineeredsolutions.com\/es\/productos\/abrazaderas\/abrazaderas-metalicas-resistentes\/abrazaderas-de-tubos-m6-and-m8\/#breadcrumb"},"inLanguage":"es","potentialAction":[{"@type":"ReadAction","target":["https:\/\/www.smpengineeredsolutions.com\/es\/productos\/abrazaderas\/abrazaderas-metalicas-resistentes\/abrazaderas-de-tubos-m6-and-m8\/"]}]},{"@type":"BreadcrumbList","@id":"https:\/\/www.smpengineeredsolutions.com\/es\/productos\/abrazaderas\/abrazaderas-metalicas-resistentes\/abrazaderas-de-tubos-m6-and-m8\/#breadcrumb","itemListElement":[{"@type":"ListItem","position":1,"name":"Home","item":"https:\/\/www.smpengineeredsolutions.com\/es\/"},{"@type":"ListItem","position":2,"name":"Productos","item":"https:\/\/www.smpengineeredsolutions.com\/es\/productos\/"},{"@type":"ListItem","position":3,"name":"Abrazaderas","item":"https:\/\/www.smpengineeredsolutions.com\/es\/productos\/abrazaderas\/"},{"@type":"ListItem","position":4,"name":"Abrazaderas met\u00e1licas resistentes","item":"https:\/\/www.smpengineeredsolutions.com\/es\/productos\/abrazaderas\/abrazaderas-metalicas-resistentes\/"},{"@type":"ListItem","position":5,"name":"Abrazaderas de tubos (M6 And M8)"}]},{"@type":"WebSite","@id":"https:\/\/www._tcp.smpengineeredsolutions.com\/#website","url":"https:\/\/www._tcp.smpengineeredsolutions.com\/","name":"Standard Motor Products, Inc.","description":"","publisher":{"@id":"https:\/\/www._tcp.smpengineeredsolutions.com\/#organization"},"potentialAction":[{"@type":"SearchAction","target":{"@type":"EntryPoint","urlTemplate":"https:\/\/www._tcp.smpengineeredsolutions.com\/?s={search_term_string}"},"query-input":{"@type":"PropertyValueSpecification","valueRequired":true,"valueName":"search_term_string"}}],"inLanguage":"es"},{"@type":"Organization","@id":"https:\/\/www._tcp.smpengineeredsolutions.com\/#organization","name":"SMP\u00ae Engineered Solutions","url":"https:\/\/www._tcp.smpengineeredsolutions.com\/","logo":{"@type":"ImageObject","inLanguage":"es","@id":"https:\/\/www._tcp.smpengineeredsolutions.com\/#\/schema\/logo\/image\/","url":"https:\/\/www.a.smpengineeredsolutions.com\/wp-content\/uploads\/smp-logo.png","contentUrl":"https:\/\/www.a.smpengineeredsolutions.com\/wp-content\/uploads\/smp-logo.png","width":264,"height":117,"caption":"SMP\u00ae Engineered Solutions"},"image":{"@id":"https:\/\/www._tcp.smpengineeredsolutions.com\/#\/schema\/logo\/image\/"},"sameAs":["https:\/\/www.youtube.com\/@StandardMotorProductsInc","https:\/\/www.linkedin.com\/company\/standard-motor-products"]}]}},"_links":{"self":[{"href":"https:\/\/www.smpengineeredsolutions.com\/es\/wp-json\/wp\/v2\/pages\/5284","targetHints":{"allow":["GET"]}}],"collection":[{"href":"https:\/\/www.smpengineeredsolutions.com\/es\/wp-json\/wp\/v2\/pages"}],"about":[{"href":"https:\/\/www.smpengineeredsolutions.com\/es\/wp-json\/wp\/v2\/types\/page"}],"author":[{"embeddable":true,"href":"https:\/\/www.smpengineeredsolutions.com\/es\/wp-json\/wp\/v2\/users\/27"}],"replies":[{"embeddable":true,"href":"https:\/\/www.smpengineeredsolutions.com\/es\/wp-json\/wp\/v2\/comments?post=5284"}],"version-history":[{"count":1,"href":"https:\/\/www.smpengineeredsolutions.com\/es\/wp-json\/wp\/v2\/pages\/5284\/revisions"}],"predecessor-version":[{"id":6921,"href":"https:\/\/www.smpengineeredsolutions.com\/es\/wp-json\/wp\/v2\/pages\/5284\/revisions\/6921"}],"up":[{"embeddable":true,"href":"https:\/\/www.smpengineeredsolutions.com\/es\/wp-json\/wp\/v2\/pages\/5280"}],"wp:attachment":[{"href":"https:\/\/www.smpengineeredsolutions.com\/es\/wp-json\/wp\/v2\/media?parent=5284"}],"curies":[{"name":"wp","href":"https:\/\/api.w.org\/{rel}","templated":true}]}}