{"id":5277,"date":"2023-01-09T10:15:31","date_gmt":"2023-01-09T15:15:31","guid":{"rendered":"https:\/\/smpengineeredsolutions.com\/?page_id=5277"},"modified":"2024-08-29T09:06:36","modified_gmt":"2024-08-29T13:06:36","slug":"equipos-electricos-para-exteriores","status":"publish","type":"page","link":"https:\/\/www.smpengineeredsolutions.com\/es\/mercados\/equipos-electricos-para-exteriores\/","title":{"rendered":"Equipos el\u00e9ctricos para exteriores"},"content":{"rendered":"<p>La marca Trombetta de SMP Engineered Solutions cuenta con una larga trayectoria de servicio a los fabricantes de equipos originales m\u00e1s conocidos del sector de equipos el\u00e9ctricos para exteriores, tanto para equipos residenciales como comerciales, incluidos cortac\u00e9spedes, peque\u00f1os tractores para c\u00e9sped, cortac\u00e9spedes de giro cero y sopladoras de nieve. Debido al duro uso de este tipo de equipos, cada producto se somete a rigurosas pruebas internas de verificaci\u00f3n y validaci\u00f3n (vibraci\u00f3n, ciclo t\u00e9rmico, humedad y ciclo de vida) en la fase de dise\u00f1o, y cada pieza de producci\u00f3n que fabricamos se somete a pruebas el\u00e9ctricas antes de salir de nuestras instalaciones. Adem\u00e1s de nuestros contactores de CC y reguladores de tensi\u00f3n de baja corriente, nuestros innovadores dise\u00f1os electr\u00f3nicos y soluciones personalizadas ayudan a dar respuesta a una amplia variedad de necesidades de electrificaci\u00f3n de los clientes.<\/p>\n","protected":false},"excerpt":{"rendered":"<p>La marca Trombetta de SMP Engineered Solutions cuenta con una larga trayectoria de servicio a los fabricantes de equipos originales m\u00e1s conocidos del sector de equipos el\u00e9ctricos para exteriores, tanto para equipos residenciales como comerciales, incluidos cortac\u00e9spedes, peque\u00f1os tractores para c\u00e9sped, cortac\u00e9spedes de giro cero y sopladoras de nieve. Debido al duro uso de este&#8230; [&#8230;]<\/p>\n<p><a class=\"btn btn-secondary understrap-read-more-link\" href=\"https:\/\/www.smpengineeredsolutions.com\/es\/mercados\/equipos-electricos-para-exteriores\/\">Leer m\u00e1s&#8230;<\/a><\/p>\n","protected":false},"author":27,"featured_media":0,"parent":5265,"menu_order":0,"comment_status":"closed","ping_status":"closed","template":"page-templates\/destination-content.php","meta":{"_acf_changed":false,"inline_featured_image":false,"footnotes":""},"class_list":["post-5277","page","type-page","status-publish","hentry"],"featured_image_src":null,"acf":[],"yoast_head":"<!-- This site is optimized with the Yoast SEO Premium plugin v27.4 (Yoast SEO v27.4) - https:\/\/yoast.com\/product\/yoast-seo-premium-wordpress\/ -->\n<title>Equipos de exterior | Reguladores de tensi\u00f3n | Dispositivos J1939 | Trombetta<\/title>\n<meta name=\"description\" content=\"Obtenga m\u00e1s informaci\u00f3n sobre el mercado de equipos el\u00e9ctricos para exteriores al que servimos con soluciones personalizables para productos de control y gesti\u00f3n t\u00e9rmica de veh\u00edculos.\" \/>\n<meta name=\"robots\" content=\"index, follow, max-snippet:-1, max-image-preview:large, max-video-preview:-1\" \/>\n<link rel=\"canonical\" href=\"https:\/\/www.smpengineeredsolutions.com\/es\/mercados\/equipos-electricos-para-exteriores\/\" \/>\n<meta property=\"og:locale\" content=\"es_ES\" \/>\n<meta property=\"og:type\" content=\"article\" \/>\n<meta property=\"og:title\" content=\"Equipos el\u00e9ctricos para exteriores\" \/>\n<meta property=\"og:description\" content=\"Obtenga m\u00e1s informaci\u00f3n sobre el mercado de equipos el\u00e9ctricos para exteriores al que servimos con soluciones personalizables para productos de control y gesti\u00f3n t\u00e9rmica de veh\u00edculos.\" \/>\n<meta property=\"og:url\" content=\"https:\/\/www.smpengineeredsolutions.com\/es\/mercados\/equipos-electricos-para-exteriores\/\" \/>\n<meta property=\"og:site_name\" content=\"Standard Motor Products, Inc.\" \/>\n<meta property=\"article:modified_time\" content=\"2024-08-29T13:06:36+00:00\" \/>\n<meta name=\"twitter:label1\" content=\"Tiempo de lectura\" \/>\n\t<meta name=\"twitter:data1\" content=\"1 minuto\" \/>\n<script type=\"application\/ld+json\" class=\"yoast-schema-graph\">{\"@context\":\"https:\\\/\\\/schema.org\",\"@graph\":[{\"@type\":\"WebPage\",\"@id\":\"https:\\\/\\\/www.smpengineeredsolutions.com\\\/es\\\/mercados\\\/equipos-electricos-para-exteriores\\\/\",\"url\":\"https:\\\/\\\/www.smpengineeredsolutions.com\\\/es\\\/mercados\\\/equipos-electricos-para-exteriores\\\/\",\"name\":\"Equipos de exterior | Reguladores de tensi\u00f3n | Dispositivos J1939 | Trombetta\",\"isPartOf\":{\"@id\":\"https:\\\/\\\/www.a.smpengineeredsolutions.com\\\/#website\"},\"datePublished\":\"2023-01-09T15:15:31+00:00\",\"dateModified\":\"2024-08-29T13:06:36+00:00\",\"description\":\"Obtenga m\u00e1s informaci\u00f3n sobre el mercado de equipos el\u00e9ctricos para exteriores al que servimos con soluciones personalizables para productos de control y gesti\u00f3n t\u00e9rmica de veh\u00edculos.\",\"breadcrumb\":{\"@id\":\"https:\\\/\\\/www.smpengineeredsolutions.com\\\/es\\\/mercados\\\/equipos-electricos-para-exteriores\\\/#breadcrumb\"},\"inLanguage\":\"es\",\"potentialAction\":[{\"@type\":\"ReadAction\",\"target\":[\"https:\\\/\\\/www.smpengineeredsolutions.com\\\/es\\\/mercados\\\/equipos-electricos-para-exteriores\\\/\"]}]},{\"@type\":\"BreadcrumbList\",\"@id\":\"https:\\\/\\\/www.smpengineeredsolutions.com\\\/es\\\/mercados\\\/equipos-electricos-para-exteriores\\\/#breadcrumb\",\"itemListElement\":[{\"@type\":\"ListItem\",\"position\":1,\"name\":\"Home\",\"item\":\"https:\\\/\\\/www.smpengineeredsolutions.com\\\/es\\\/\"},{\"@type\":\"ListItem\",\"position\":2,\"name\":\"Mercados\",\"item\":\"https:\\\/\\\/www._minecraft._tcp.smpengineeredsolutions.com\\\/es\\\/mercados\\\/\"},{\"@type\":\"ListItem\",\"position\":3,\"name\":\"Equipos el\u00e9ctricos para exteriores\"}]},{\"@type\":\"WebSite\",\"@id\":\"https:\\\/\\\/www.a.smpengineeredsolutions.com\\\/#website\",\"url\":\"https:\\\/\\\/www.a.smpengineeredsolutions.com\\\/\",\"name\":\"Standard Motor Products, Inc.\",\"description\":\"\",\"publisher\":{\"@id\":\"https:\\\/\\\/www.a.smpengineeredsolutions.com\\\/#organization\"},\"potentialAction\":[{\"@type\":\"SearchAction\",\"target\":{\"@type\":\"EntryPoint\",\"urlTemplate\":\"https:\\\/\\\/www.a.smpengineeredsolutions.com\\\/?s={search_term_string}\"},\"query-input\":{\"@type\":\"PropertyValueSpecification\",\"valueRequired\":true,\"valueName\":\"search_term_string\"}}],\"inLanguage\":\"es\"},{\"@type\":\"Organization\",\"@id\":\"https:\\\/\\\/www.a.smpengineeredsolutions.com\\\/#organization\",\"name\":\"SMP\u00ae Engineered Solutions\",\"url\":\"https:\\\/\\\/www.a.smpengineeredsolutions.com\\\/\",\"logo\":{\"@type\":\"ImageObject\",\"inLanguage\":\"es\",\"@id\":\"https:\\\/\\\/www.a.smpengineeredsolutions.com\\\/#\\\/schema\\\/logo\\\/image\\\/\",\"url\":\"https:\\\/\\\/www.a.smpengineeredsolutions.com\\\/wp-content\\\/uploads\\\/smp-logo.png\",\"contentUrl\":\"https:\\\/\\\/www.a.smpengineeredsolutions.com\\\/wp-content\\\/uploads\\\/smp-logo.png\",\"width\":264,\"height\":117,\"caption\":\"SMP\u00ae Engineered Solutions\"},\"image\":{\"@id\":\"https:\\\/\\\/www.a.smpengineeredsolutions.com\\\/#\\\/schema\\\/logo\\\/image\\\/\"},\"sameAs\":[\"https:\\\/\\\/www.youtube.com\\\/@StandardMotorProductsInc\",\"https:\\\/\\\/www.linkedin.com\\\/company\\\/standard-motor-products\"]}]}<\/script>\n<!-- \/ Yoast SEO Premium plugin. -->","yoast_head_json":{"title":"Equipos de exterior | Reguladores de tensi\u00f3n | Dispositivos J1939 | Trombetta","description":"Obtenga m\u00e1s informaci\u00f3n sobre el mercado de equipos el\u00e9ctricos para exteriores al que servimos con soluciones personalizables para productos de control y gesti\u00f3n t\u00e9rmica de veh\u00edculos.","robots":{"index":"index","follow":"follow","max-snippet":"max-snippet:-1","max-image-preview":"max-image-preview:large","max-video-preview":"max-video-preview:-1"},"canonical":"https:\/\/www.smpengineeredsolutions.com\/es\/mercados\/equipos-electricos-para-exteriores\/","og_locale":"es_ES","og_type":"article","og_title":"Equipos el\u00e9ctricos para exteriores","og_description":"Obtenga m\u00e1s informaci\u00f3n sobre el mercado de equipos el\u00e9ctricos para exteriores al que servimos con soluciones personalizables para productos de control y gesti\u00f3n t\u00e9rmica de veh\u00edculos.","og_url":"https:\/\/www.smpengineeredsolutions.com\/es\/mercados\/equipos-electricos-para-exteriores\/","og_site_name":"Standard Motor Products, Inc.","article_modified_time":"2024-08-29T13:06:36+00:00","twitter_misc":{"Tiempo de lectura":"1 minuto"},"schema":{"@context":"https:\/\/schema.org","@graph":[{"@type":"WebPage","@id":"https:\/\/www.smpengineeredsolutions.com\/es\/mercados\/equipos-electricos-para-exteriores\/","url":"https:\/\/www.smpengineeredsolutions.com\/es\/mercados\/equipos-electricos-para-exteriores\/","name":"Equipos de exterior | Reguladores de tensi\u00f3n | Dispositivos J1939 | Trombetta","isPartOf":{"@id":"https:\/\/www.a.smpengineeredsolutions.com\/#website"},"datePublished":"2023-01-09T15:15:31+00:00","dateModified":"2024-08-29T13:06:36+00:00","description":"Obtenga m\u00e1s informaci\u00f3n sobre el mercado de equipos el\u00e9ctricos para exteriores al que servimos con soluciones personalizables para productos de control y gesti\u00f3n t\u00e9rmica de veh\u00edculos.","breadcrumb":{"@id":"https:\/\/www.smpengineeredsolutions.com\/es\/mercados\/equipos-electricos-para-exteriores\/#breadcrumb"},"inLanguage":"es","potentialAction":[{"@type":"ReadAction","target":["https:\/\/www.smpengineeredsolutions.com\/es\/mercados\/equipos-electricos-para-exteriores\/"]}]},{"@type":"BreadcrumbList","@id":"https:\/\/www.smpengineeredsolutions.com\/es\/mercados\/equipos-electricos-para-exteriores\/#breadcrumb","itemListElement":[{"@type":"ListItem","position":1,"name":"Home","item":"https:\/\/www.smpengineeredsolutions.com\/es\/"},{"@type":"ListItem","position":2,"name":"Mercados","item":"https:\/\/www._minecraft._tcp.smpengineeredsolutions.com\/es\/mercados\/"},{"@type":"ListItem","position":3,"name":"Equipos el\u00e9ctricos para exteriores"}]},{"@type":"WebSite","@id":"https:\/\/www.a.smpengineeredsolutions.com\/#website","url":"https:\/\/www.a.smpengineeredsolutions.com\/","name":"Standard Motor Products, Inc.","description":"","publisher":{"@id":"https:\/\/www.a.smpengineeredsolutions.com\/#organization"},"potentialAction":[{"@type":"SearchAction","target":{"@type":"EntryPoint","urlTemplate":"https:\/\/www.a.smpengineeredsolutions.com\/?s={search_term_string}"},"query-input":{"@type":"PropertyValueSpecification","valueRequired":true,"valueName":"search_term_string"}}],"inLanguage":"es"},{"@type":"Organization","@id":"https:\/\/www.a.smpengineeredsolutions.com\/#organization","name":"SMP\u00ae Engineered Solutions","url":"https:\/\/www.a.smpengineeredsolutions.com\/","logo":{"@type":"ImageObject","inLanguage":"es","@id":"https:\/\/www.a.smpengineeredsolutions.com\/#\/schema\/logo\/image\/","url":"https:\/\/www.a.smpengineeredsolutions.com\/wp-content\/uploads\/smp-logo.png","contentUrl":"https:\/\/www.a.smpengineeredsolutions.com\/wp-content\/uploads\/smp-logo.png","width":264,"height":117,"caption":"SMP\u00ae Engineered Solutions"},"image":{"@id":"https:\/\/www.a.smpengineeredsolutions.com\/#\/schema\/logo\/image\/"},"sameAs":["https:\/\/www.youtube.com\/@StandardMotorProductsInc","https:\/\/www.linkedin.com\/company\/standard-motor-products"]}]}},"_links":{"self":[{"href":"https:\/\/www.smpengineeredsolutions.com\/es\/wp-json\/wp\/v2\/pages\/5277","targetHints":{"allow":["GET"]}}],"collection":[{"href":"https:\/\/www.smpengineeredsolutions.com\/es\/wp-json\/wp\/v2\/pages"}],"about":[{"href":"https:\/\/www.smpengineeredsolutions.com\/es\/wp-json\/wp\/v2\/types\/page"}],"author":[{"embeddable":true,"href":"https:\/\/www.smpengineeredsolutions.com\/es\/wp-json\/wp\/v2\/users\/27"}],"replies":[{"embeddable":true,"href":"https:\/\/www.smpengineeredsolutions.com\/es\/wp-json\/wp\/v2\/comments?post=5277"}],"version-history":[{"count":1,"href":"https:\/\/www.smpengineeredsolutions.com\/es\/wp-json\/wp\/v2\/pages\/5277\/revisions"}],"predecessor-version":[{"id":7268,"href":"https:\/\/www.smpengineeredsolutions.com\/es\/wp-json\/wp\/v2\/pages\/5277\/revisions\/7268"}],"up":[{"embeddable":true,"href":"https:\/\/www.smpengineeredsolutions.com\/es\/wp-json\/wp\/v2\/pages\/5265"}],"wp:attachment":[{"href":"https:\/\/www.smpengineeredsolutions.com\/es\/wp-json\/wp\/v2\/media?parent=5277"}],"curies":[{"name":"wp","href":"https:\/\/api.w.org\/{rel}","templated":true}]}}