{"id":5275,"date":"2023-01-10T12:23:46","date_gmt":"2023-01-10T17:23:46","guid":{"rendered":"https:\/\/smpengineeredsolutions.com\/?page_id=5275"},"modified":"2024-10-16T12:45:03","modified_gmt":"2024-10-16T16:45:03","slug":"mercados-todoterreno","status":"publish","type":"page","link":"https:\/\/www.smpengineeredsolutions.com\/es\/mercados\/mercados-todoterreno\/","title":{"rendered":"Veh\u00edculos para la construcci\u00f3n, agr\u00edcolas, todo terreno y recreativos"},"content":{"rendered":"<h2>A qui\u00e9n servimos<\/h2>\n<p>SMP Engineered Solutions ofrece una gama cada vez m\u00e1s amplia de aplicaciones en los sectores de la agricultura y la construcci\u00f3n, los deportes de potencia, los equipos de potencia para exteriores y la hidr\u00e1ulica.<\/p>\n<p><strong>Aplicaciones comunes<\/strong><\/p>\n<ul>\n<li>Tractores<\/li>\n<li>ATV\/UTVS<\/li>\n<li>Motos<\/li>\n<li>Quitanieves<\/li>\n<li>Cortac\u00e9spedes peque\u00f1os<\/li>\n<\/ul>\n<p>Explore los numerosos <a href=\"https:\/\/www.smpengineeredsolutions.com\/es\/productos\/\">productos<\/a> que ofrecemos y p\u00f3ngase en contacto con nosotros hoy mismo.<\/p>\n","protected":false},"excerpt":{"rendered":"<p>A qui\u00e9n servimos SMP Engineered Solutions ofrece una gama cada vez m\u00e1s amplia de aplicaciones en los sectores de la agricultura y la construcci\u00f3n, los deportes de potencia, los equipos de potencia para exteriores y la hidr\u00e1ulica. Aplicaciones comunes Tractores ATV\/UTVS Motos Quitanieves Cortac\u00e9spedes peque\u00f1os Explore los numerosos productos que ofrecemos y p\u00f3ngase en contacto&#8230; [&#8230;]<\/p>\n<p><a class=\"btn btn-secondary understrap-read-more-link\" href=\"https:\/\/www.smpengineeredsolutions.com\/es\/mercados\/mercados-todoterreno\/\">Leer m\u00e1s&#8230;<\/a><\/p>\n","protected":false},"author":27,"featured_media":0,"parent":5265,"menu_order":0,"comment_status":"closed","ping_status":"closed","template":"page-templates\/destination-bucket.php","meta":{"_acf_changed":false,"inline_featured_image":false,"footnotes":""},"class_list":["post-5275","page","type-page","status-publish","hentry"],"featured_image_src":null,"acf":[],"yoast_head":"<!-- This site is optimized with the Yoast SEO Premium plugin v27.5 (Yoast SEO v27.5) - https:\/\/yoast.com\/product\/yoast-seo-premium-wordpress\/ -->\n<title>Mercados fuera de carretera a los que servimos<\/title>\n<meta name=\"description\" content=\"Eche un vistazo a los mercados todoterreno a los que servimos. Esto incluye deportes de motor, equipos de potencia para exteriores, agricultura y construcci\u00f3n, hidr\u00e1ulica y mucho m\u00e1s.\" \/>\n<meta name=\"robots\" content=\"index, follow, max-snippet:-1, max-image-preview:large, max-video-preview:-1\" \/>\n<link rel=\"canonical\" href=\"https:\/\/www.smpengineeredsolutions.com\/es\/mercados\/mercados-todoterreno\/\" \/>\n<meta property=\"og:locale\" content=\"es_ES\" \/>\n<meta property=\"og:type\" content=\"article\" \/>\n<meta property=\"og:title\" content=\"Veh\u00edculos para la construcci\u00f3n, agr\u00edcolas, todo terreno y recreativos\" \/>\n<meta property=\"og:description\" content=\"Eche un vistazo a los mercados todoterreno a los que servimos. Esto incluye deportes de motor, equipos de potencia para exteriores, agricultura y construcci\u00f3n, hidr\u00e1ulica y mucho m\u00e1s.\" \/>\n<meta property=\"og:url\" content=\"https:\/\/www.smpengineeredsolutions.com\/es\/mercados\/mercados-todoterreno\/\" \/>\n<meta property=\"og:site_name\" content=\"Standard Motor Products, Inc.\" \/>\n<meta property=\"article:modified_time\" content=\"2024-10-16T16:45:03+00:00\" \/>\n<meta name=\"twitter:label1\" content=\"Tiempo de lectura\" \/>\n\t<meta name=\"twitter:data1\" content=\"1 minuto\" \/>\n<script type=\"application\/ld+json\" class=\"yoast-schema-graph\">{\"@context\":\"https:\\\/\\\/schema.org\",\"@graph\":[{\"@type\":\"WebPage\",\"@id\":\"https:\\\/\\\/www.smpengineeredsolutions.com\\\/es\\\/mercados\\\/mercados-todoterreno\\\/\",\"url\":\"https:\\\/\\\/www.smpengineeredsolutions.com\\\/es\\\/mercados\\\/mercados-todoterreno\\\/\",\"name\":\"Mercados fuera de carretera a los que servimos\",\"isPartOf\":{\"@id\":\"https:\\\/\\\/www.smpengineeredsolutions.com\\\/es\\\/#website\"},\"datePublished\":\"2023-01-10T17:23:46+00:00\",\"dateModified\":\"2024-10-16T16:45:03+00:00\",\"description\":\"Eche un vistazo a los mercados todoterreno a los que servimos. Esto incluye deportes de motor, equipos de potencia para exteriores, agricultura y construcci\u00f3n, hidr\u00e1ulica y mucho m\u00e1s.\",\"breadcrumb\":{\"@id\":\"https:\\\/\\\/www.smpengineeredsolutions.com\\\/es\\\/mercados\\\/mercados-todoterreno\\\/#breadcrumb\"},\"inLanguage\":\"es\",\"potentialAction\":[{\"@type\":\"ReadAction\",\"target\":[\"https:\\\/\\\/www.smpengineeredsolutions.com\\\/es\\\/mercados\\\/mercados-todoterreno\\\/\"]}]},{\"@type\":\"BreadcrumbList\",\"@id\":\"https:\\\/\\\/www.smpengineeredsolutions.com\\\/es\\\/mercados\\\/mercados-todoterreno\\\/#breadcrumb\",\"itemListElement\":[{\"@type\":\"ListItem\",\"position\":1,\"name\":\"Home\",\"item\":\"https:\\\/\\\/www.tcp.smpengineeredsolutions.com\\\/es\\\/\"},{\"@type\":\"ListItem\",\"position\":2,\"name\":\"Mercados\",\"item\":\"https:\\\/\\\/www._msft-gc-ssl._tcp.smpengineeredsolutions.com\\\/es\\\/mercados\\\/\"},{\"@type\":\"ListItem\",\"position\":3,\"name\":\"Veh\u00edculos para la construcci\u00f3n, agr\u00edcolas, todo terreno y recreativos\"}]},{\"@type\":\"WebSite\",\"@id\":\"https:\\\/\\\/www.smpengineeredsolutions.com\\\/es\\\/#website\",\"url\":\"https:\\\/\\\/www.smpengineeredsolutions.com\\\/es\\\/\",\"name\":\"Standard Motor Products, Inc.\",\"description\":\"\",\"publisher\":{\"@id\":\"https:\\\/\\\/www.smpengineeredsolutions.com\\\/es\\\/#organization\"},\"potentialAction\":[{\"@type\":\"SearchAction\",\"target\":{\"@type\":\"EntryPoint\",\"urlTemplate\":\"https:\\\/\\\/www.smpengineeredsolutions.com\\\/es\\\/?s={search_term_string}\"},\"query-input\":{\"@type\":\"PropertyValueSpecification\",\"valueRequired\":true,\"valueName\":\"search_term_string\"}}],\"inLanguage\":\"es\"},{\"@type\":\"Organization\",\"@id\":\"https:\\\/\\\/www.smpengineeredsolutions.com\\\/es\\\/#organization\",\"name\":\"SMP\u00ae Engineered Solutions\",\"url\":\"https:\\\/\\\/www.smpengineeredsolutions.com\\\/es\\\/\",\"logo\":{\"@type\":\"ImageObject\",\"inLanguage\":\"es\",\"@id\":\"https:\\\/\\\/www.smpengineeredsolutions.com\\\/es\\\/#\\\/schema\\\/logo\\\/image\\\/\",\"url\":\"https:\\\/\\\/www.a.smpengineeredsolutions.com\\\/wp-content\\\/uploads\\\/smp-logo.png\",\"contentUrl\":\"https:\\\/\\\/www.a.smpengineeredsolutions.com\\\/wp-content\\\/uploads\\\/smp-logo.png\",\"width\":264,\"height\":117,\"caption\":\"SMP\u00ae Engineered Solutions\"},\"image\":{\"@id\":\"https:\\\/\\\/www.smpengineeredsolutions.com\\\/es\\\/#\\\/schema\\\/logo\\\/image\\\/\"},\"sameAs\":[\"https:\\\/\\\/www.youtube.com\\\/@StandardMotorProductsInc\",\"https:\\\/\\\/www.linkedin.com\\\/company\\\/standard-motor-products\"]}]}<\/script>\n<!-- \/ Yoast SEO Premium plugin. -->","yoast_head_json":{"title":"Mercados fuera de carretera a los que servimos","description":"Eche un vistazo a los mercados todoterreno a los que servimos. Esto incluye deportes de motor, equipos de potencia para exteriores, agricultura y construcci\u00f3n, hidr\u00e1ulica y mucho m\u00e1s.","robots":{"index":"index","follow":"follow","max-snippet":"max-snippet:-1","max-image-preview":"max-image-preview:large","max-video-preview":"max-video-preview:-1"},"canonical":"https:\/\/www.smpengineeredsolutions.com\/es\/mercados\/mercados-todoterreno\/","og_locale":"es_ES","og_type":"article","og_title":"Veh\u00edculos para la construcci\u00f3n, agr\u00edcolas, todo terreno y recreativos","og_description":"Eche un vistazo a los mercados todoterreno a los que servimos. Esto incluye deportes de motor, equipos de potencia para exteriores, agricultura y construcci\u00f3n, hidr\u00e1ulica y mucho m\u00e1s.","og_url":"https:\/\/www.smpengineeredsolutions.com\/es\/mercados\/mercados-todoterreno\/","og_site_name":"Standard Motor Products, Inc.","article_modified_time":"2024-10-16T16:45:03+00:00","twitter_misc":{"Tiempo de lectura":"1 minuto"},"schema":{"@context":"https:\/\/schema.org","@graph":[{"@type":"WebPage","@id":"https:\/\/www.smpengineeredsolutions.com\/es\/mercados\/mercados-todoterreno\/","url":"https:\/\/www.smpengineeredsolutions.com\/es\/mercados\/mercados-todoterreno\/","name":"Mercados fuera de carretera a los que servimos","isPartOf":{"@id":"https:\/\/www.smpengineeredsolutions.com\/es\/#website"},"datePublished":"2023-01-10T17:23:46+00:00","dateModified":"2024-10-16T16:45:03+00:00","description":"Eche un vistazo a los mercados todoterreno a los que servimos. Esto incluye deportes de motor, equipos de potencia para exteriores, agricultura y construcci\u00f3n, hidr\u00e1ulica y mucho m\u00e1s.","breadcrumb":{"@id":"https:\/\/www.smpengineeredsolutions.com\/es\/mercados\/mercados-todoterreno\/#breadcrumb"},"inLanguage":"es","potentialAction":[{"@type":"ReadAction","target":["https:\/\/www.smpengineeredsolutions.com\/es\/mercados\/mercados-todoterreno\/"]}]},{"@type":"BreadcrumbList","@id":"https:\/\/www.smpengineeredsolutions.com\/es\/mercados\/mercados-todoterreno\/#breadcrumb","itemListElement":[{"@type":"ListItem","position":1,"name":"Home","item":"https:\/\/www.tcp.smpengineeredsolutions.com\/es\/"},{"@type":"ListItem","position":2,"name":"Mercados","item":"https:\/\/www._msft-gc-ssl._tcp.smpengineeredsolutions.com\/es\/mercados\/"},{"@type":"ListItem","position":3,"name":"Veh\u00edculos para la construcci\u00f3n, agr\u00edcolas, todo terreno y recreativos"}]},{"@type":"WebSite","@id":"https:\/\/www.smpengineeredsolutions.com\/es\/#website","url":"https:\/\/www.smpengineeredsolutions.com\/es\/","name":"Standard Motor Products, Inc.","description":"","publisher":{"@id":"https:\/\/www.smpengineeredsolutions.com\/es\/#organization"},"potentialAction":[{"@type":"SearchAction","target":{"@type":"EntryPoint","urlTemplate":"https:\/\/www.smpengineeredsolutions.com\/es\/?s={search_term_string}"},"query-input":{"@type":"PropertyValueSpecification","valueRequired":true,"valueName":"search_term_string"}}],"inLanguage":"es"},{"@type":"Organization","@id":"https:\/\/www.smpengineeredsolutions.com\/es\/#organization","name":"SMP\u00ae Engineered Solutions","url":"https:\/\/www.smpengineeredsolutions.com\/es\/","logo":{"@type":"ImageObject","inLanguage":"es","@id":"https:\/\/www.smpengineeredsolutions.com\/es\/#\/schema\/logo\/image\/","url":"https:\/\/www.a.smpengineeredsolutions.com\/wp-content\/uploads\/smp-logo.png","contentUrl":"https:\/\/www.a.smpengineeredsolutions.com\/wp-content\/uploads\/smp-logo.png","width":264,"height":117,"caption":"SMP\u00ae Engineered Solutions"},"image":{"@id":"https:\/\/www.smpengineeredsolutions.com\/es\/#\/schema\/logo\/image\/"},"sameAs":["https:\/\/www.youtube.com\/@StandardMotorProductsInc","https:\/\/www.linkedin.com\/company\/standard-motor-products"]}]}},"_links":{"self":[{"href":"https:\/\/www.smpengineeredsolutions.com\/es\/wp-json\/wp\/v2\/pages\/5275","targetHints":{"allow":["GET"]}}],"collection":[{"href":"https:\/\/www.smpengineeredsolutions.com\/es\/wp-json\/wp\/v2\/pages"}],"about":[{"href":"https:\/\/www.smpengineeredsolutions.com\/es\/wp-json\/wp\/v2\/types\/page"}],"author":[{"embeddable":true,"href":"https:\/\/www.smpengineeredsolutions.com\/es\/wp-json\/wp\/v2\/users\/27"}],"replies":[{"embeddable":true,"href":"https:\/\/www.smpengineeredsolutions.com\/es\/wp-json\/wp\/v2\/comments?post=5275"}],"version-history":[{"count":3,"href":"https:\/\/www.smpengineeredsolutions.com\/es\/wp-json\/wp\/v2\/pages\/5275\/revisions"}],"predecessor-version":[{"id":7430,"href":"https:\/\/www.smpengineeredsolutions.com\/es\/wp-json\/wp\/v2\/pages\/5275\/revisions\/7430"}],"up":[{"embeddable":true,"href":"https:\/\/www.smpengineeredsolutions.com\/es\/wp-json\/wp\/v2\/pages\/5265"}],"wp:attachment":[{"href":"https:\/\/www.smpengineeredsolutions.com\/es\/wp-json\/wp\/v2\/media?parent=5275"}],"curies":[{"name":"wp","href":"https:\/\/api.w.org\/{rel}","templated":true}]}}