{"id":5274,"date":"2023-01-09T10:21:49","date_gmt":"2023-01-09T15:21:49","guid":{"rendered":"https:\/\/smpengineeredsolutions.com\/?page_id=5274"},"modified":"2024-11-11T13:47:30","modified_gmt":"2024-11-11T18:47:30","slug":"hidraulica-movil","status":"publish","type":"page","link":"https:\/\/www.smpengineeredsolutions.com\/es\/mercados\/hidraulica-movil\/","title":{"rendered":"hidr\u00e1ulica m\u00f3vil"},"content":{"rendered":"<p>Durante m\u00e1s de 30 a\u00f1os, Trombetta ha proporcionado a los fabricantes de equipos originales de grupos hidr\u00e1ulicos los contactores de CC con mejor rendimiento del mercado. Nuestra familia PowerSeal es el m\u00fasculo que impulsa los paquetes de energ\u00eda hidr\u00e1ulica en ascensores port\u00f3n trasero, tractores, gatos de paletas el\u00e9ctricas, quitanieves, y otras aplicaciones hidr\u00e1ulicas. Algunas aplicaciones hidr\u00e1ulicas tambi\u00e9n utilizan el hist\u00f3rico contactor de la familia Metal de Trombetta o el contactor de alta potencia de la familia Bear.<\/p>\n","protected":false},"excerpt":{"rendered":"<p>Durante m\u00e1s de 30 a\u00f1os, Trombetta ha proporcionado a los fabricantes de equipos originales de grupos hidr\u00e1ulicos los contactores de CC con mejor rendimiento del mercado. Nuestra familia PowerSeal es el m\u00fasculo que impulsa los paquetes de energ\u00eda hidr\u00e1ulica en ascensores port\u00f3n trasero, tractores, gatos de paletas el\u00e9ctricas, quitanieves, y otras aplicaciones hidr\u00e1ulicas. Algunas aplicaciones&#8230; [&#8230;]<\/p>\n<p><a class=\"btn btn-secondary understrap-read-more-link\" href=\"https:\/\/www.smpengineeredsolutions.com\/es\/mercados\/hidraulica-movil\/\">Leer m\u00e1s&#8230;<\/a><\/p>\n","protected":false},"author":27,"featured_media":0,"parent":5265,"menu_order":0,"comment_status":"closed","ping_status":"closed","template":"page-templates\/destination-content.php","meta":{"_acf_changed":false,"inline_featured_image":false,"footnotes":""},"class_list":["post-5274","page","type-page","status-publish","hentry"],"featured_image_src":null,"acf":[],"yoast_head":"<!-- This site is optimized with the Yoast SEO Premium plugin v27.5 (Yoast SEO v27.5) - https:\/\/yoast.com\/product\/yoast-seo-premium-wordpress\/ -->\n<title>Hidr\u00e1ulica m\u00f3vil | Contactores CC | PowerSeal | Trombetta<\/title>\n<meta name=\"description\" content=\"Conozca el mercado de la hidr\u00e1ulica m\u00f3vil al que servimos con soluciones personalizables para productos de control de veh\u00edculos y gesti\u00f3n t\u00e9rmica.\" \/>\n<meta name=\"robots\" content=\"index, follow, max-snippet:-1, max-image-preview:large, max-video-preview:-1\" \/>\n<link rel=\"canonical\" href=\"https:\/\/www.smpengineeredsolutions.com\/es\/mercados\/hidraulica-movil\/\" \/>\n<meta property=\"og:locale\" content=\"es_ES\" \/>\n<meta property=\"og:type\" content=\"article\" \/>\n<meta property=\"og:title\" content=\"hidr\u00e1ulica m\u00f3vil\" \/>\n<meta property=\"og:description\" content=\"Conozca el mercado de la hidr\u00e1ulica m\u00f3vil al que servimos con soluciones personalizables para productos de control de veh\u00edculos y gesti\u00f3n t\u00e9rmica.\" \/>\n<meta property=\"og:url\" content=\"https:\/\/www.smpengineeredsolutions.com\/es\/mercados\/hidraulica-movil\/\" \/>\n<meta property=\"og:site_name\" content=\"Standard Motor Products, Inc.\" \/>\n<meta property=\"article:modified_time\" content=\"2024-11-11T18:47:30+00:00\" \/>\n<meta name=\"twitter:label1\" content=\"Tiempo de lectura\" \/>\n\t<meta name=\"twitter:data1\" content=\"1 minuto\" \/>\n<script type=\"application\/ld+json\" class=\"yoast-schema-graph\">{\"@context\":\"https:\\\/\\\/schema.org\",\"@graph\":[{\"@type\":\"WebPage\",\"@id\":\"https:\\\/\\\/www.smpengineeredsolutions.com\\\/es\\\/mercados\\\/hidraulica-movil\\\/\",\"url\":\"https:\\\/\\\/www.smpengineeredsolutions.com\\\/es\\\/mercados\\\/hidraulica-movil\\\/\",\"name\":\"Hidr\u00e1ulica m\u00f3vil | Contactores CC | PowerSeal | Trombetta\",\"isPartOf\":{\"@id\":\"https:\\\/\\\/www.smpengineeredsolutions.com\\\/es\\\/#website\"},\"datePublished\":\"2023-01-09T15:21:49+00:00\",\"dateModified\":\"2024-11-11T18:47:30+00:00\",\"description\":\"Conozca el mercado de la hidr\u00e1ulica m\u00f3vil al que servimos con soluciones personalizables para productos de control de veh\u00edculos y gesti\u00f3n t\u00e9rmica.\",\"breadcrumb\":{\"@id\":\"https:\\\/\\\/www.smpengineeredsolutions.com\\\/es\\\/mercados\\\/hidraulica-movil\\\/#breadcrumb\"},\"inLanguage\":\"es\",\"potentialAction\":[{\"@type\":\"ReadAction\",\"target\":[\"https:\\\/\\\/www.smpengineeredsolutions.com\\\/es\\\/mercados\\\/hidraulica-movil\\\/\"]}]},{\"@type\":\"BreadcrumbList\",\"@id\":\"https:\\\/\\\/www.smpengineeredsolutions.com\\\/es\\\/mercados\\\/hidraulica-movil\\\/#breadcrumb\",\"itemListElement\":[{\"@type\":\"ListItem\",\"position\":1,\"name\":\"Home\",\"item\":\"https:\\\/\\\/www.tcp.smpengineeredsolutions.com\\\/es\\\/\"},{\"@type\":\"ListItem\",\"position\":2,\"name\":\"Mercados\",\"item\":\"https:\\\/\\\/www._msft-gc-ssl._tcp.smpengineeredsolutions.com\\\/es\\\/mercados\\\/\"},{\"@type\":\"ListItem\",\"position\":3,\"name\":\"hidr\u00e1ulica m\u00f3vil\"}]},{\"@type\":\"WebSite\",\"@id\":\"https:\\\/\\\/www.smpengineeredsolutions.com\\\/es\\\/#website\",\"url\":\"https:\\\/\\\/www.smpengineeredsolutions.com\\\/es\\\/\",\"name\":\"Standard Motor Products, Inc.\",\"description\":\"\",\"publisher\":{\"@id\":\"https:\\\/\\\/www.smpengineeredsolutions.com\\\/es\\\/#organization\"},\"potentialAction\":[{\"@type\":\"SearchAction\",\"target\":{\"@type\":\"EntryPoint\",\"urlTemplate\":\"https:\\\/\\\/www.smpengineeredsolutions.com\\\/es\\\/?s={search_term_string}\"},\"query-input\":{\"@type\":\"PropertyValueSpecification\",\"valueRequired\":true,\"valueName\":\"search_term_string\"}}],\"inLanguage\":\"es\"},{\"@type\":\"Organization\",\"@id\":\"https:\\\/\\\/www.smpengineeredsolutions.com\\\/es\\\/#organization\",\"name\":\"SMP\u00ae Engineered Solutions\",\"url\":\"https:\\\/\\\/www.smpengineeredsolutions.com\\\/es\\\/\",\"logo\":{\"@type\":\"ImageObject\",\"inLanguage\":\"es\",\"@id\":\"https:\\\/\\\/www.smpengineeredsolutions.com\\\/es\\\/#\\\/schema\\\/logo\\\/image\\\/\",\"url\":\"https:\\\/\\\/www.a.smpengineeredsolutions.com\\\/wp-content\\\/uploads\\\/smp-logo.png\",\"contentUrl\":\"https:\\\/\\\/www.a.smpengineeredsolutions.com\\\/wp-content\\\/uploads\\\/smp-logo.png\",\"width\":264,\"height\":117,\"caption\":\"SMP\u00ae Engineered Solutions\"},\"image\":{\"@id\":\"https:\\\/\\\/www.smpengineeredsolutions.com\\\/es\\\/#\\\/schema\\\/logo\\\/image\\\/\"},\"sameAs\":[\"https:\\\/\\\/www.youtube.com\\\/@StandardMotorProductsInc\",\"https:\\\/\\\/www.linkedin.com\\\/company\\\/standard-motor-products\"]}]}<\/script>\n<!-- \/ Yoast SEO Premium plugin. -->","yoast_head_json":{"title":"Hidr\u00e1ulica m\u00f3vil | Contactores CC | PowerSeal | Trombetta","description":"Conozca el mercado de la hidr\u00e1ulica m\u00f3vil al que servimos con soluciones personalizables para productos de control de veh\u00edculos y gesti\u00f3n t\u00e9rmica.","robots":{"index":"index","follow":"follow","max-snippet":"max-snippet:-1","max-image-preview":"max-image-preview:large","max-video-preview":"max-video-preview:-1"},"canonical":"https:\/\/www.smpengineeredsolutions.com\/es\/mercados\/hidraulica-movil\/","og_locale":"es_ES","og_type":"article","og_title":"hidr\u00e1ulica m\u00f3vil","og_description":"Conozca el mercado de la hidr\u00e1ulica m\u00f3vil al que servimos con soluciones personalizables para productos de control de veh\u00edculos y gesti\u00f3n t\u00e9rmica.","og_url":"https:\/\/www.smpengineeredsolutions.com\/es\/mercados\/hidraulica-movil\/","og_site_name":"Standard Motor Products, Inc.","article_modified_time":"2024-11-11T18:47:30+00:00","twitter_misc":{"Tiempo de lectura":"1 minuto"},"schema":{"@context":"https:\/\/schema.org","@graph":[{"@type":"WebPage","@id":"https:\/\/www.smpengineeredsolutions.com\/es\/mercados\/hidraulica-movil\/","url":"https:\/\/www.smpengineeredsolutions.com\/es\/mercados\/hidraulica-movil\/","name":"Hidr\u00e1ulica m\u00f3vil | Contactores CC | PowerSeal | Trombetta","isPartOf":{"@id":"https:\/\/www.smpengineeredsolutions.com\/es\/#website"},"datePublished":"2023-01-09T15:21:49+00:00","dateModified":"2024-11-11T18:47:30+00:00","description":"Conozca el mercado de la hidr\u00e1ulica m\u00f3vil al que servimos con soluciones personalizables para productos de control de veh\u00edculos y gesti\u00f3n t\u00e9rmica.","breadcrumb":{"@id":"https:\/\/www.smpengineeredsolutions.com\/es\/mercados\/hidraulica-movil\/#breadcrumb"},"inLanguage":"es","potentialAction":[{"@type":"ReadAction","target":["https:\/\/www.smpengineeredsolutions.com\/es\/mercados\/hidraulica-movil\/"]}]},{"@type":"BreadcrumbList","@id":"https:\/\/www.smpengineeredsolutions.com\/es\/mercados\/hidraulica-movil\/#breadcrumb","itemListElement":[{"@type":"ListItem","position":1,"name":"Home","item":"https:\/\/www.tcp.smpengineeredsolutions.com\/es\/"},{"@type":"ListItem","position":2,"name":"Mercados","item":"https:\/\/www._msft-gc-ssl._tcp.smpengineeredsolutions.com\/es\/mercados\/"},{"@type":"ListItem","position":3,"name":"hidr\u00e1ulica m\u00f3vil"}]},{"@type":"WebSite","@id":"https:\/\/www.smpengineeredsolutions.com\/es\/#website","url":"https:\/\/www.smpengineeredsolutions.com\/es\/","name":"Standard Motor Products, Inc.","description":"","publisher":{"@id":"https:\/\/www.smpengineeredsolutions.com\/es\/#organization"},"potentialAction":[{"@type":"SearchAction","target":{"@type":"EntryPoint","urlTemplate":"https:\/\/www.smpengineeredsolutions.com\/es\/?s={search_term_string}"},"query-input":{"@type":"PropertyValueSpecification","valueRequired":true,"valueName":"search_term_string"}}],"inLanguage":"es"},{"@type":"Organization","@id":"https:\/\/www.smpengineeredsolutions.com\/es\/#organization","name":"SMP\u00ae Engineered Solutions","url":"https:\/\/www.smpengineeredsolutions.com\/es\/","logo":{"@type":"ImageObject","inLanguage":"es","@id":"https:\/\/www.smpengineeredsolutions.com\/es\/#\/schema\/logo\/image\/","url":"https:\/\/www.a.smpengineeredsolutions.com\/wp-content\/uploads\/smp-logo.png","contentUrl":"https:\/\/www.a.smpengineeredsolutions.com\/wp-content\/uploads\/smp-logo.png","width":264,"height":117,"caption":"SMP\u00ae Engineered Solutions"},"image":{"@id":"https:\/\/www.smpengineeredsolutions.com\/es\/#\/schema\/logo\/image\/"},"sameAs":["https:\/\/www.youtube.com\/@StandardMotorProductsInc","https:\/\/www.linkedin.com\/company\/standard-motor-products"]}]}},"_links":{"self":[{"href":"https:\/\/www.smpengineeredsolutions.com\/es\/wp-json\/wp\/v2\/pages\/5274","targetHints":{"allow":["GET"]}}],"collection":[{"href":"https:\/\/www.smpengineeredsolutions.com\/es\/wp-json\/wp\/v2\/pages"}],"about":[{"href":"https:\/\/www.smpengineeredsolutions.com\/es\/wp-json\/wp\/v2\/types\/page"}],"author":[{"embeddable":true,"href":"https:\/\/www.smpengineeredsolutions.com\/es\/wp-json\/wp\/v2\/users\/27"}],"replies":[{"embeddable":true,"href":"https:\/\/www.smpengineeredsolutions.com\/es\/wp-json\/wp\/v2\/comments?post=5274"}],"version-history":[{"count":1,"href":"https:\/\/www.smpengineeredsolutions.com\/es\/wp-json\/wp\/v2\/pages\/5274\/revisions"}],"predecessor-version":[{"id":7153,"href":"https:\/\/www.smpengineeredsolutions.com\/es\/wp-json\/wp\/v2\/pages\/5274\/revisions\/7153"}],"up":[{"embeddable":true,"href":"https:\/\/www.smpengineeredsolutions.com\/es\/wp-json\/wp\/v2\/pages\/5265"}],"wp:attachment":[{"href":"https:\/\/www.smpengineeredsolutions.com\/es\/wp-json\/wp\/v2\/media?parent=5274"}],"curies":[{"name":"wp","href":"https:\/\/api.w.org\/{rel}","templated":true}]}}